{"id":1042,"date":"2025-06-19T06:54:27","date_gmt":"2025-06-19T06:54:27","guid":{"rendered":"https:\/\/www.chengjitoy.com\/?post_type=product&#038;p=1042"},"modified":"2025-06-30T00:49:04","modified_gmt":"2025-06-30T00:49:04","slug":"wholesale-toy-makeup-kit-cj4340700","status":"publish","type":"product","link":"https:\/\/www.chengjitoy.com\/ar\/product\/wholesale-toy-makeup-kit-cj4340700\/","title":{"rendered":"\u0644\u0639\u0628\u0629 \u0645\u062c\u0645\u0648\u0639\u0629 \u0623\u062f\u0648\u0627\u062a \u0645\u0643\u064a\u0627\u062c \u0627\u0644\u0623\u062d\u0644\u0627\u0645 \u0644\u0644\u0623\u0637\u0641\u0627\u0644 \u0628\u0627\u0644\u062c\u0645\u0644\u0629 - \u0635\u0646\u062f\u0648\u0642 \u062a\u062c\u0645\u064a\u0644 \u0648\u0627\u0642\u0639\u064a \u0645\u0639 \u0645\u0643\u064a\u0627\u062c \u0648\u0625\u0643\u0633\u0633\u0648\u0627\u0631\u0627\u062a \u0642\u0627\u0628\u0644\u0629 \u0644\u0644\u063a\u0633\u0644"},"content":{"rendered":"<div class=\"wp-block-columns is-layout-flex wp-container-core-columns-is-layout-9d6595d7 wp-block-columns-is-layout-flex\">\n<div class=\"wp-block-column is-layout-flow wp-block-column-is-layout-flow\" style=\"flex-basis:66.66%\">\n<figure class=\"wp-block-image size-full\"><img loading=\"lazy\" decoding=\"async\" width=\"790\" height=\"1229\" sizes=\"auto, (max-width: 790px) 100vw, 790px\" src=\"https:\/\/www.chengjitoy.com\/wp-content\/uploads\/2025\/06\/details-of-kids-makeup-kit\u200b-1.webp\" alt=\"\u062a\u0641\u0627\u0635\u064a\u0644 \u0637\u0642\u0645 \u0645\u0643\u064a\u0627\u062c \u0627\u0644\u0623\u0637\u0641\u0627\u0644 (1)\" class=\"wp-image-1057\" srcset=\"https:\/\/www.chengjitoy.com\/wp-content\/uploads\/2025\/06\/details-of-kids-makeup-kit\u200b-1.webp 790w, https:\/\/www.chengjitoy.com\/wp-content\/uploads\/2025\/06\/details-of-kids-makeup-kit\u200b-1-193x300.webp 193w, https:\/\/www.chengjitoy.com\/wp-content\/uploads\/2025\/06\/details-of-kids-makeup-kit\u200b-1-768x1195.webp 768w, https:\/\/www.chengjitoy.com\/wp-content\/uploads\/2025\/06\/details-of-kids-makeup-kit\u200b-1-600x933.webp 600w\" \/><\/figure>\n\n\n\n<figure class=\"wp-block-image size-full\"><img loading=\"lazy\" decoding=\"async\" width=\"790\" height=\"817\" sizes=\"auto, (max-width: 790px) 100vw, 790px\" src=\"https:\/\/www.chengjitoy.com\/wp-content\/uploads\/2025\/06\/details-of-kids-makeup-kit\u200b-2.webp\" alt=\"\u062a\u0641\u0627\u0635\u064a\u0644 \u0637\u0642\u0645 \u0645\u0643\u064a\u0627\u062c \u0627\u0644\u0623\u0637\u0641\u0627\u0644 (2)\" class=\"wp-image-1058\" srcset=\"https:\/\/www.chengjitoy.com\/wp-content\/uploads\/2025\/06\/details-of-kids-makeup-kit\u200b-2.webp 790w, https:\/\/www.chengjitoy.com\/wp-content\/uploads\/2025\/06\/details-of-kids-makeup-kit\u200b-2-290x300.webp 290w, https:\/\/www.chengjitoy.com\/wp-content\/uploads\/2025\/06\/details-of-kids-makeup-kit\u200b-2-768x794.webp 768w, https:\/\/www.chengjitoy.com\/wp-content\/uploads\/2025\/06\/details-of-kids-makeup-kit\u200b-2-600x621.webp 600w\" \/><\/figure>\n\n\n\n<figure class=\"wp-block-image size-full\"><img loading=\"lazy\" decoding=\"async\" width=\"790\" height=\"1692\" sizes=\"auto, (max-width: 790px) 100vw, 790px\" src=\"https:\/\/www.chengjitoy.com\/wp-content\/uploads\/2025\/06\/details-of-kids-makeup-kit\u200b-3.webp\" alt=\"\u062a\u0641\u0627\u0635\u064a\u0644 \u0637\u0642\u0645 \u0645\u0643\u064a\u0627\u062c \u0627\u0644\u0623\u0637\u0641\u0627\u0644 (3)\" class=\"wp-image-1059\" srcset=\"https:\/\/www.chengjitoy.com\/wp-content\/uploads\/2025\/06\/details-of-kids-makeup-kit\u200b-3.webp 790w, https:\/\/www.chengjitoy.com\/wp-content\/uploads\/2025\/06\/details-of-kids-makeup-kit\u200b-3-140x300.webp 140w, https:\/\/www.chengjitoy.com\/wp-content\/uploads\/2025\/06\/details-of-kids-makeup-kit\u200b-3-768x1645.webp 768w, https:\/\/www.chengjitoy.com\/wp-content\/uploads\/2025\/06\/details-of-kids-makeup-kit\u200b-3-600x1285.webp 600w\" \/><\/figure>\n\n\n\n<figure class=\"wp-block-image size-full\"><img loading=\"lazy\" decoding=\"async\" width=\"790\" height=\"1116\" sizes=\"auto, (max-width: 790px) 100vw, 790px\" src=\"https:\/\/www.chengjitoy.com\/wp-content\/uploads\/2025\/06\/details-of-kids-makeup-kit\u200b-4.webp\" alt=\"\u062a\u0641\u0627\u0635\u064a\u0644 \u0637\u0642\u0645 \u0645\u0643\u064a\u0627\u062c \u0627\u0644\u0623\u0637\u0641\u0627\u0644 (4)\" class=\"wp-image-1060\" srcset=\"https:\/\/www.chengjitoy.com\/wp-content\/uploads\/2025\/06\/details-of-kids-makeup-kit\u200b-4.webp 790w, https:\/\/www.chengjitoy.com\/wp-content\/uploads\/2025\/06\/details-of-kids-makeup-kit\u200b-4-212x300.webp 212w, https:\/\/www.chengjitoy.com\/wp-content\/uploads\/2025\/06\/details-of-kids-makeup-kit\u200b-4-768x1085.webp 768w, https:\/\/www.chengjitoy.com\/wp-content\/uploads\/2025\/06\/details-of-kids-makeup-kit\u200b-4-600x848.webp 600w\" \/><\/figure>\n\n\n\n<figure class=\"wp-block-image size-full\"><img loading=\"lazy\" decoding=\"async\" width=\"790\" height=\"1751\" sizes=\"auto, (max-width: 790px) 100vw, 790px\" src=\"https:\/\/www.chengjitoy.com\/wp-content\/uploads\/2025\/06\/details-of-kids-makeup-kit\u200b-5.webp\" alt=\"\u062a\u0641\u0627\u0635\u064a\u0644 \u0637\u0642\u0645 \u0645\u0643\u064a\u0627\u062c \u0627\u0644\u0623\u0637\u0641\u0627\u0644 (5)\" class=\"wp-image-1061\" srcset=\"https:\/\/www.chengjitoy.com\/wp-content\/uploads\/2025\/06\/details-of-kids-makeup-kit\u200b-5.webp 790w, https:\/\/www.chengjitoy.com\/wp-content\/uploads\/2025\/06\/details-of-kids-makeup-kit\u200b-5-135x300.webp 135w, https:\/\/www.chengjitoy.com\/wp-content\/uploads\/2025\/06\/details-of-kids-makeup-kit\u200b-5-768x1702.webp 768w, https:\/\/www.chengjitoy.com\/wp-content\/uploads\/2025\/06\/details-of-kids-makeup-kit\u200b-5-600x1330.webp 600w\" \/><\/figure>\n\n\n\n<figure class=\"wp-block-image size-full\"><img loading=\"lazy\" decoding=\"async\" width=\"790\" height=\"1233\" sizes=\"auto, (max-width: 790px) 100vw, 790px\" src=\"https:\/\/www.chengjitoy.com\/wp-content\/uploads\/2025\/06\/details-of-kids-makeup-kit\u200b-7.webp\" alt=\"\u062a\u0641\u0627\u0635\u064a\u0644 \u0637\u0642\u0645 \u0645\u0643\u064a\u0627\u062c \u0627\u0644\u0623\u0637\u0641\u0627\u0644 (7)\" class=\"wp-image-1063\" srcset=\"https:\/\/www.chengjitoy.com\/wp-content\/uploads\/2025\/06\/details-of-kids-makeup-kit\u200b-7.webp 790w, https:\/\/www.chengjitoy.com\/wp-content\/uploads\/2025\/06\/details-of-kids-makeup-kit\u200b-7-192x300.webp 192w, https:\/\/www.chengjitoy.com\/wp-content\/uploads\/2025\/06\/details-of-kids-makeup-kit\u200b-7-768x1199.webp 768w, https:\/\/www.chengjitoy.com\/wp-content\/uploads\/2025\/06\/details-of-kids-makeup-kit\u200b-7-600x936.webp 600w\" \/><\/figure>\n\n\n\n<figure class=\"wp-block-image size-full\"><img loading=\"lazy\" decoding=\"async\" width=\"790\" height=\"2198\" sizes=\"auto, (max-width: 790px) 100vw, 790px\" src=\"https:\/\/www.chengjitoy.com\/wp-content\/uploads\/2025\/06\/details-of-kids-makeup-kit\u200b-8.webp\" alt=\"\u062a\u0641\u0627\u0635\u064a\u0644 \u0637\u0642\u0645 \u0645\u0643\u064a\u0627\u062c \u0627\u0644\u0623\u0637\u0641\u0627\u0644 (8)\" class=\"wp-image-1064\" srcset=\"https:\/\/www.chengjitoy.com\/wp-content\/uploads\/2025\/06\/details-of-kids-makeup-kit\u200b-8.webp 790w, https:\/\/www.chengjitoy.com\/wp-content\/uploads\/2025\/06\/details-of-kids-makeup-kit\u200b-8-108x300.webp 108w, https:\/\/www.chengjitoy.com\/wp-content\/uploads\/2025\/06\/details-of-kids-makeup-kit\u200b-8-768x2137.webp 768w, https:\/\/www.chengjitoy.com\/wp-content\/uploads\/2025\/06\/details-of-kids-makeup-kit\u200b-8-600x1669.webp 600w\" \/><\/figure>\n\n\n\n<figure class=\"wp-block-image size-full\"><img loading=\"lazy\" decoding=\"async\" width=\"790\" height=\"867\" sizes=\"auto, (max-width: 790px) 100vw, 790px\" src=\"https:\/\/www.chengjitoy.com\/wp-content\/uploads\/2025\/06\/details-of-kids-makeup-kit\u200b-9.webp\" alt=\"\u062a\u0641\u0627\u0635\u064a\u0644 \u0637\u0642\u0645 \u0645\u0643\u064a\u0627\u062c \u0627\u0644\u0623\u0637\u0641\u0627\u0644 (9)\" class=\"wp-image-1065\" srcset=\"https:\/\/www.chengjitoy.com\/wp-content\/uploads\/2025\/06\/details-of-kids-makeup-kit\u200b-9.webp 790w, https:\/\/www.chengjitoy.com\/wp-content\/uploads\/2025\/06\/details-of-kids-makeup-kit\u200b-9-273x300.webp 273w, https:\/\/www.chengjitoy.com\/wp-content\/uploads\/2025\/06\/details-of-kids-makeup-kit\u200b-9-768x843.webp 768w, https:\/\/www.chengjitoy.com\/wp-content\/uploads\/2025\/06\/details-of-kids-makeup-kit\u200b-9-600x658.webp 600w\" \/><\/figure>\n\n\n\n<figure class=\"wp-block-image size-full\"><img loading=\"lazy\" decoding=\"async\" width=\"790\" height=\"2158\" sizes=\"auto, (max-width: 790px) 100vw, 790px\" src=\"https:\/\/www.chengjitoy.com\/wp-content\/uploads\/2025\/06\/details-of-kids-makeup-kit\u200b-10.webp\" alt=\"\u062a\u0641\u0627\u0635\u064a\u0644 \u0637\u0642\u0645 \u0645\u0643\u064a\u0627\u062c \u0627\u0644\u0623\u0637\u0641\u0627\u0644 (10)\" class=\"wp-image-1066\" srcset=\"https:\/\/www.chengjitoy.com\/wp-content\/uploads\/2025\/06\/details-of-kids-makeup-kit\u200b-10.webp 790w, https:\/\/www.chengjitoy.com\/wp-content\/uploads\/2025\/06\/details-of-kids-makeup-kit\u200b-10-110x300.webp 110w, https:\/\/www.chengjitoy.com\/wp-content\/uploads\/2025\/06\/details-of-kids-makeup-kit\u200b-10-768x2098.webp 768w, https:\/\/www.chengjitoy.com\/wp-content\/uploads\/2025\/06\/details-of-kids-makeup-kit\u200b-10-600x1639.webp 600w\" \/><\/figure>\n<\/div>\n\n\n\n<div class=\"wp-block-column is-layout-flow wp-block-column-is-layout-flow\" style=\"flex-basis:33.33%\"><\/div>\n<\/div>","protected":false},"excerpt":{"rendered":"<p>\u0635\u064f\u0645\u0645\u062a \u0645\u062c\u0645\u0648\u0639\u0629 \u0645\u0643\u064a\u0627\u062c \u0627\u0644\u0623\u0637\u0641\u0627\u0644 \u0627\u0644\u0641\u0627\u062e\u0631\u0629 \u0647\u0630\u0647 \u0639\u0644\u0649 \u063a\u0631\u0627\u0631 \u0639\u0644\u0628\u0629 \u0627\u0644\u0645\u0643\u064a\u0627\u062c \u0627\u0644\u062d\u0642\u064a\u0642\u064a\u0629\u060c \u0648\u062a\u062a\u0645\u064a\u0632 \u0628\u062a\u0635\u0645\u064a\u0645 \u0645\u062a\u0639\u062f\u062f \u0627\u0644\u0637\u0628\u0642\u0627\u062a \u0642\u0627\u0628\u0644 \u0644\u0644\u0637\u064a \u0648\u062a\u062d\u062a\u0648\u064a \u0639\u0644\u0649 \u0623\u0643\u062b\u0631 \u0645\u0646 30 \u0623\u062f\u0627\u0629 \u0645\u0643\u064a\u0627\u062c \u0628\u0645\u0627 \u0641\u064a \u0630\u0644\u0643 \u0638\u0644\u0627\u0644 \u0627\u0644\u0639\u064a\u0648\u0646 \u0648\u0623\u062d\u0645\u0631 \u0627\u0644\u062e\u062f\u0648\u062f \u0648\u0641\u0631\u0634 \u0627\u0644\u0645\u0643\u064a\u0627\u062c \u0648\u0637\u0644\u0627\u0621 \u0627\u0644\u0623\u0638\u0627\u0641\u0631 \u0648\u0627\u0644\u0645\u062c\u0648\u0647\u0631\u0627\u062a \u0648\u063a\u064a\u0631\u0647\u0627. \u0628\u0641\u0636\u0644 \u062a\u0631\u0643\u064a\u0628\u062a\u0647 \u0627\u0644\u0642\u0627\u0628\u0644\u0629 \u0644\u0644\u0630\u0648\u0628\u0627\u0646 \u0641\u064a \u0627\u0644\u0645\u0627\u0621 \u0648\u0627\u0644\u0635\u062f\u064a\u0642\u0629 \u0644\u0644\u0628\u0634\u0631\u0629 \u0648\u062a\u0635\u0645\u064a\u0645\u0647 \u0627\u0644\u0645\u0636\u0627\u062f \u0644\u0644\u0627\u062e\u062a\u0646\u0627\u0642\u060c \u0641\u0647\u0648 \u062e\u064a\u0627\u0631 \u0645\u062b\u0627\u0644\u064a \u0644\u0644\u0628\u064a\u0639 \u0628\u0627\u0644\u062c\u0645\u0644\u0629 \u0644\u062a\u062c\u0627\u0631 \u0627\u0644\u062a\u062c\u0632\u0626\u0629 \u0641\u064a \u0645\u0631\u062d\u0644\u0629 \u0627\u0644\u0637\u0641\u0648\u0644\u0629 \u0627\u0644\u0645\u0628\u0643\u0631\u0629 \u0648\u0645\u0648\u0631\u062f\u064a \u0627\u0644\u0647\u062f\u0627\u064a\u0627. \u0627\u062a\u0635\u0644 \u0628 Chengji \u0644\u0644\u062d\u0635\u0648\u0644 \u0639\u0644\u0649 \u0623\u0641\u0636\u0644 \u0639\u0631\u0636 \u0623\u0633\u0639\u0627\u0631 \u0645\u0646 \u0645\u0648\u0631\u062f \u0623\u0644\u0639\u0627\u0628 \u0645\u0648\u062b\u0648\u0642 \u0628\u0647.<\/p>\n<h2>\u0645\u0648\u0627\u0635\u0641\u0627\u062a \u0644\u0639\u0628\u0629 \u0645\u062c\u0645\u0648\u0639\u0629 \u0623\u062f\u0648\u0627\u062a \u0645\u0643\u064a\u0627\u062c \u0627\u0644\u0623\u062d\u0644\u0627\u0645 \u0644\u0644\u0623\u0637\u0641\u0627\u0644<\/h2>\n<table style=\"border-collapse: collapse; width: 343.52pt;\" border=\"0\" width=\"458\" cellspacing=\"0\" cellpadding=\"0\">\n<tbody>\n<tr style=\"height: 20.25pt;\">\n<td class=\"et3\" style=\"height: 20.25pt; width: 133.75pt;\" width=\"178\" height=\"27\">\u0631\u0642\u0645 \u0627\u0644\u0635\u0646\u0641:<\/td>\n<td class=\"et4\" style=\"width: 210.00pt;\" width=\"280\">CJ-4340700<\/td>\n<\/tr>\n<tr style=\"height: 19.50pt;\">\n<td class=\"et5\" style=\"height: 19.50pt; width: 133.75pt;\" width=\"178\" height=\"26\">\u0627\u0644\u062d\u0632\u0645\u0629:<\/td>\n<td class=\"et6\" style=\"width: 210.00pt;\" width=\"280\">\u0635\u0646\u062f\u0648\u0642 \u0623\u0644\u0648\u0627\u0646<\/td>\n<\/tr>\n<tr style=\"height: 20.25pt;\">\n<td class=\"et5\" style=\"height: 20.25pt; width: 133.75pt;\" width=\"178\" height=\"27\">\u062d\u062c\u0645 \u0627\u0644\u0639\u0628\u0648\u0629:<\/td>\n<td class=\"et6\" style=\"width: 210.00pt;\" width=\"280\">16.7 \u00d7 16.7 \u00d7 14 \u00d7 15.3 \u0633\u0645<\/td>\n<\/tr>\n<tr style=\"height: 19.50pt;\">\n<td class=\"et5\" style=\"height: 19.50pt; width: 133.75pt;\" width=\"178\" height=\"26\">\u062d\u062c\u0645 \u0627\u0644\u0643\u0631\u062a\u0648\u0646 \uff1a \u062d\u062c\u0645 \u0627\u0644\u0643\u0631\u062a\u0648\u0646<\/td>\n<td class=\"et6\" style=\"width: 210.00pt;\" width=\"280\">53\u00d744\u00d732 \u0633\u0645<\/td>\n<\/tr>\n<tr style=\"height: 20.25pt;\">\n<td class=\"et5\" style=\"height: 20.25pt; width: 133.75pt;\" width=\"178\" height=\"27\">\u0627\u0644\u0643\u0645\u064a\u0629\/\u0627\u0644\u0637\u0646<\/td>\n<td class=\"et6\" style=\"width: 210.00pt;\" width=\"280\">18 \u0642\u0637\u0639\u0629<\/td>\n<\/tr>\n<tr style=\"height: 19.50pt;\">\n<td class=\"et5\" style=\"height: 19.50pt; width: 133.75pt;\" width=\"178\" height=\"26\">\u062c.\u0648.\/\u0646.\u0648:<\/td>\n<td class=\"et6\" style=\"width: 210.00pt;\" width=\"280\">13.7 \/ 15 \u0643\u062c\u0645<\/td>\n<\/tr>\n<tr style=\"height: 19.50pt;\">\n<td class=\"et5\" style=\"height: 19.50pt; width: 133.75pt;\" width=\"178\" height=\"26\">\u0627\u0644\u0642\u064a\u0627\u0633:<\/td>\n<td class=\"et6\" style=\"width: 210.00pt;\" width=\"280\">0.07 \u0645\u062a\u0631 \u0645\u0643\u0639\u0628 \/ 2.63 \u0642\u062f\u0645 \u0645\u0643\u0639\u0628<\/td>\n<\/tr>\n<\/tbody>\n<\/table>","protected":false},"featured_media":1043,"comment_status":"closed","ping_status":"closed","template":"","meta":{"_acf_changed":false},"product_brand":[],"product_cat":[26,28,84,23],"product_tag":[],"class_list":{"0":"post-1042","1":"product","2":"type-product","3":"status-publish","4":"has-post-thumbnail","6":"product_cat-wholesale-toys-for-all-ages","7":"product_cat-wholesale-toys-for-ages-8-and-up","8":"product_cat-wholesale-pretend-play-toys-for-girls","9":"product_cat-wholesale-pretend-play-toys","11":"first","12":"instock","13":"shipping-taxable","14":"product-type-simple"},"acf":[],"_links":{"self":[{"href":"https:\/\/www.chengjitoy.com\/ar\/wp-json\/wp\/v2\/product\/1042","targetHints":{"allow":["GET"]}}],"collection":[{"href":"https:\/\/www.chengjitoy.com\/ar\/wp-json\/wp\/v2\/product"}],"about":[{"href":"https:\/\/www.chengjitoy.com\/ar\/wp-json\/wp\/v2\/types\/product"}],"replies":[{"embeddable":true,"href":"https:\/\/www.chengjitoy.com\/ar\/wp-json\/wp\/v2\/comments?post=1042"}],"wp:featuredmedia":[{"embeddable":true,"href":"https:\/\/www.chengjitoy.com\/ar\/wp-json\/wp\/v2\/media\/1043"}],"wp:attachment":[{"href":"https:\/\/www.chengjitoy.com\/ar\/wp-json\/wp\/v2\/media?parent=1042"}],"wp:term":[{"taxonomy":"product_brand","embeddable":true,"href":"https:\/\/www.chengjitoy.com\/ar\/wp-json\/wp\/v2\/product_brand?post=1042"},{"taxonomy":"product_cat","embeddable":true,"href":"https:\/\/www.chengjitoy.com\/ar\/wp-json\/wp\/v2\/product_cat?post=1042"},{"taxonomy":"product_tag","embeddable":true,"href":"https:\/\/www.chengjitoy.com\/ar\/wp-json\/wp\/v2\/product_tag?post=1042"}],"curies":[{"name":"\u062f\u0628\u0644\u064a\u0648 \u0628\u064a","href":"https:\/\/api.w.org\/{rel}","templated":true}]}}