{"id":1128,"date":"2025-06-19T10:30:59","date_gmt":"2025-06-19T10:30:59","guid":{"rendered":"https:\/\/www.chengjitoy.com\/?post_type=product&#038;p=1128"},"modified":"2025-06-30T00:47:57","modified_gmt":"2025-06-30T00:47:57","slug":"wholesale-glow-flying-discs-cj4441011","status":"publish","type":"product","link":"https:\/\/www.chengjitoy.com\/ar\/product\/wholesale-glow-flying-discs-cj4441011\/","title":{"rendered":"\u0623\u0642\u0631\u0627\u0635 \u0637\u0627\u0626\u0631\u0629 \u0645\u062a\u0648\u0647\u062c\u0629 \u0641\u0636\u0627\u0626\u064a\u0629 \u0645\u062a\u0648\u0647\u062c\u0629 \u0628\u0627\u0644\u062c\u0645\u0644\u0629 - \u0645\u062a\u064a\u0646\u0629\u060c \u0645\u0642\u0627\u0648\u0645\u0629 \u0644\u0644\u0645\u0627\u0621\u060c 12 \u0648\u0636\u0639\u064b\u0627 \u0644\u062a\u0639\u062f\u064a\u0644 \u0627\u0644\u0623\u0644\u0648\u0627\u0646"},"content":{"rendered":"<div class=\"wp-block-columns is-layout-flex wp-container-core-columns-is-layout-9d6595d7 wp-block-columns-is-layout-flex\">\n<div class=\"wp-block-column is-layout-flow wp-block-column-is-layout-flow\" style=\"flex-basis:66.66%\">\n<figure class=\"wp-block-image size-full\"><img loading=\"lazy\" decoding=\"async\" width=\"770\" height=\"1228\" sizes=\"auto, (max-width: 770px) 100vw, 770px\" src=\"https:\/\/www.chengjitoy.com\/wp-content\/uploads\/2025\/06\/details-of-flying-discs\u200b-1.webp\" alt=\"\u062a\u0641\u0627\u0635\u064a\u0644 \u0627\u0644\u0623\u0642\u0631\u0627\u0635 \u0627\u0644\u0637\u0627\u0626\u0631\u0629 (1)\" class=\"wp-image-1129\" srcset=\"https:\/\/www.chengjitoy.com\/wp-content\/uploads\/2025\/06\/details-of-flying-discs\u200b-1.webp 770w, https:\/\/www.chengjitoy.com\/wp-content\/uploads\/2025\/06\/details-of-flying-discs\u200b-1-188x300.webp 188w, https:\/\/www.chengjitoy.com\/wp-content\/uploads\/2025\/06\/details-of-flying-discs\u200b-1-768x1225.webp 768w, https:\/\/www.chengjitoy.com\/wp-content\/uploads\/2025\/06\/details-of-flying-discs\u200b-1-600x957.webp 600w\" \/><\/figure>\n\n\n\n<figure class=\"wp-block-image size-full\"><img loading=\"lazy\" decoding=\"async\" width=\"770\" height=\"2229\" sizes=\"auto, (max-width: 770px) 100vw, 770px\" src=\"https:\/\/www.chengjitoy.com\/wp-content\/uploads\/2025\/06\/details-of-flying-discs\u200b-2.webp\" alt=\"\u062a\u0641\u0627\u0635\u064a\u0644 \u0627\u0644\u0623\u0642\u0631\u0627\u0635 \u0627\u0644\u0637\u0627\u0626\u0631\u0629 (2)\" class=\"wp-image-1130\" srcset=\"https:\/\/www.chengjitoy.com\/wp-content\/uploads\/2025\/06\/details-of-flying-discs\u200b-2.webp 770w, https:\/\/www.chengjitoy.com\/wp-content\/uploads\/2025\/06\/details-of-flying-discs\u200b-2-104x300.webp 104w, https:\/\/www.chengjitoy.com\/wp-content\/uploads\/2025\/06\/details-of-flying-discs\u200b-2-768x2223.webp 768w, https:\/\/www.chengjitoy.com\/wp-content\/uploads\/2025\/06\/details-of-flying-discs\u200b-2-600x1737.webp 600w\" \/><\/figure>\n\n\n\n<figure class=\"wp-block-image size-full\"><img loading=\"lazy\" decoding=\"async\" width=\"770\" height=\"2013\" sizes=\"auto, (max-width: 770px) 100vw, 770px\" src=\"https:\/\/www.chengjitoy.com\/wp-content\/uploads\/2025\/06\/details-of-flying-discs\u200b-3.webp\" alt=\"\u062a\u0641\u0627\u0635\u064a\u0644 \u0627\u0644\u0623\u0642\u0631\u0627\u0635 \u0627\u0644\u0637\u0627\u0626\u0631\u0629 (3)\" class=\"wp-image-1131\" srcset=\"https:\/\/www.chengjitoy.com\/wp-content\/uploads\/2025\/06\/details-of-flying-discs\u200b-3.webp 770w, https:\/\/www.chengjitoy.com\/wp-content\/uploads\/2025\/06\/details-of-flying-discs\u200b-3-115x300.webp 115w, https:\/\/www.chengjitoy.com\/wp-content\/uploads\/2025\/06\/details-of-flying-discs\u200b-3-768x2008.webp 768w, https:\/\/www.chengjitoy.com\/wp-content\/uploads\/2025\/06\/details-of-flying-discs\u200b-3-600x1569.webp 600w\" \/><\/figure>\n\n\n\n<figure class=\"wp-block-image size-full\"><img loading=\"lazy\" decoding=\"async\" width=\"770\" height=\"1147\" sizes=\"auto, (max-width: 770px) 100vw, 770px\" src=\"https:\/\/www.chengjitoy.com\/wp-content\/uploads\/2025\/06\/details-of-flying-discs\u200b-4.webp\" alt=\"\u062a\u0641\u0627\u0635\u064a\u0644 \u0627\u0644\u0623\u0642\u0631\u0627\u0635 \u0627\u0644\u0637\u0627\u0626\u0631\u0629 (4)\" class=\"wp-image-1132\" srcset=\"https:\/\/www.chengjitoy.com\/wp-content\/uploads\/2025\/06\/details-of-flying-discs\u200b-4.webp 770w, https:\/\/www.chengjitoy.com\/wp-content\/uploads\/2025\/06\/details-of-flying-discs\u200b-4-201x300.webp 201w, https:\/\/www.chengjitoy.com\/wp-content\/uploads\/2025\/06\/details-of-flying-discs\u200b-4-768x1144.webp 768w, https:\/\/www.chengjitoy.com\/wp-content\/uploads\/2025\/06\/details-of-flying-discs\u200b-4-600x894.webp 600w\" \/><\/figure>\n\n\n\n<figure class=\"wp-block-image size-full\"><img loading=\"lazy\" decoding=\"async\" width=\"770\" height=\"1015\" sizes=\"auto, (max-width: 770px) 100vw, 770px\" src=\"https:\/\/www.chengjitoy.com\/wp-content\/uploads\/2025\/06\/details-of-flying-discs\u200b-5.webp\" alt=\"\u062a\u0641\u0627\u0635\u064a\u0644 \u0627\u0644\u0623\u0642\u0631\u0627\u0635 \u0627\u0644\u0637\u0627\u0626\u0631\u0629 (5)\" class=\"wp-image-1133\" srcset=\"https:\/\/www.chengjitoy.com\/wp-content\/uploads\/2025\/06\/details-of-flying-discs\u200b-5.webp 770w, https:\/\/www.chengjitoy.com\/wp-content\/uploads\/2025\/06\/details-of-flying-discs\u200b-5-228x300.webp 228w, https:\/\/www.chengjitoy.com\/wp-content\/uploads\/2025\/06\/details-of-flying-discs\u200b-5-768x1012.webp 768w, https:\/\/www.chengjitoy.com\/wp-content\/uploads\/2025\/06\/details-of-flying-discs\u200b-5-600x791.webp 600w\" \/><\/figure>\n\n\n\n<figure class=\"wp-block-image size-full\"><img loading=\"lazy\" decoding=\"async\" width=\"770\" height=\"1536\" sizes=\"auto, (max-width: 770px) 100vw, 770px\" src=\"https:\/\/www.chengjitoy.com\/wp-content\/uploads\/2025\/06\/details-of-flying-discs\u200b-6.webp\" alt=\"\u062a\u0641\u0627\u0635\u064a\u0644 \u0627\u0644\u0623\u0642\u0631\u0627\u0635 \u0627\u0644\u0637\u0627\u0626\u0631\u0629 (6)\" class=\"wp-image-1134\" srcset=\"https:\/\/www.chengjitoy.com\/wp-content\/uploads\/2025\/06\/details-of-flying-discs\u200b-6.webp 770w, https:\/\/www.chengjitoy.com\/wp-content\/uploads\/2025\/06\/details-of-flying-discs\u200b-6-150x300.webp 150w, https:\/\/www.chengjitoy.com\/wp-content\/uploads\/2025\/06\/details-of-flying-discs\u200b-6-768x1532.webp 768w, https:\/\/www.chengjitoy.com\/wp-content\/uploads\/2025\/06\/details-of-flying-discs\u200b-6-600x1197.webp 600w\" \/><\/figure>\n<\/div>\n\n\n\n<div class=\"wp-block-column is-layout-flow wp-block-column-is-layout-flow\" style=\"flex-basis:33.33%\"><\/div>\n<\/div>","protected":false},"excerpt":{"rendered":"<p>\u0623\u0642\u0631\u0627\u0635 \u0637\u0627\u0626\u0631\u0629 \u0628\u0627\u0644\u062c\u0645\u0644\u0629. \u0635\u064f\u0645\u0645\u062a \u0644\u0639\u0628\u0629 \u0627\u0644\u0642\u0631\u0635 \u0627\u0644\u0637\u0627\u0626\u0631 Alien Glow LED \u0628\u0639\u0646\u0627\u064a\u0629 \u0644\u062a\u0648\u0641\u0631 \u062a\u062c\u0631\u0628\u0629 \u0637\u064a\u0631\u0627\u0646 \u0644\u0627 \u0645\u062b\u064a\u0644 \u0644\u0647\u0627 \u0644\u0644\u0623\u0637\u0641\u0627\u0644 \u0645\u0646 \u0633\u0646 8 \u0633\u0646\u0648\u0627\u062a \u0641\u0645\u0627 \u0641\u0648\u0642. \u0645\u0632\u0648\u062f \u0628 38 \u0645\u0635\u0628\u0627\u062d LED \u0641\u0627\u0626\u0642 \u0627\u0644\u0633\u0637\u0648\u0639 \u064812 \u0648\u0636\u0639 \u0625\u0636\u0627\u0621\u0629 \u0642\u0627\u0628\u0644 \u0644\u0644\u062a\u062e\u0635\u064a\u0635\u060c \u064a\u062c\u0645\u0639 \u0647\u0630\u0627 \u0627\u0644\u0642\u0631\u0635 \u0628\u064a\u0646 \u0627\u0644\u062a\u0635\u0645\u064a\u0645 \u0639\u0627\u0644\u064a \u0627\u0644\u0623\u062f\u0627\u0621 \u0648\u0627\u0644\u062a\u0623\u062b\u064a\u0631\u0627\u062a \u0627\u0644\u0628\u0635\u0631\u064a\u0629 \u0627\u0644\u0645\u0628\u0647\u0631\u0629 \u0648\u0647\u0648 \u0645\u062b\u0627\u0644\u064a \u0643\u0644\u0639\u0628\u0629 \u0623\u0637\u0641\u0627\u0644. \u0646\u0631\u062d\u0628 \u0628\u062a\u062c\u0627\u0631 \u0627\u0644\u0623\u0644\u0639\u0627\u0628 \u0628\u0627\u0644\u062c\u0645\u0644\u0629 \u0648\u062a\u062c\u0627\u0631 \u0627\u0644\u062a\u062c\u0632\u0626\u0629 \u0644\u0644\u0627\u062a\u0635\u0627\u0644 \u0628\u0646\u0627 \u0644\u0644\u062d\u0635\u0648\u0644 \u0639\u0644\u0649 \u0623\u0641\u0636\u0644 \u0639\u0631\u0636 \u0623\u0633\u0639\u0627\u0631.<\/p>\n<h2>\u0645\u0648\u0627\u0635\u0641\u0627\u062a \u0627\u0644\u0623\u0642\u0631\u0627\u0635 \u0627\u0644\u0637\u0627\u0626\u0631\u0629 \u0627\u0644\u0645\u062a\u0648\u0647\u062c\u0629 \u0627\u0644\u0641\u0636\u0627\u0626\u064a\u0629<\/h2>\n<table style=\"border-collapse: collapse; width: 343.52pt;\" border=\"0\" width=\"458\" cellspacing=\"0\" cellpadding=\"0\">\n<tbody>\n<tr style=\"height: 19.50pt;\">\n<td class=\"et3\" style=\"height: 19.50pt; width: 133.75pt;\" width=\"178\" height=\"26\">\u0631\u0642\u0645 \u0627\u0644\u0635\u0646\u0641:<\/td>\n<td class=\"et4\" style=\"width: 210.00pt;\" width=\"280\">CJ-444101011<\/td>\n<\/tr>\n<tr style=\"height: 20.25pt;\">\n<td class=\"et5\" style=\"height: 20.25pt; width: 133.75pt;\" width=\"178\" height=\"27\">\u0627\u0644\u062d\u0632\u0645\u0629:<\/td>\n<td class=\"et6\" style=\"width: 210.00pt;\" width=\"280\">\u0635\u0646\u062f\u0648\u0642 \u0623\u0644\u0648\u0627\u0646<\/td>\n<\/tr>\n<tr style=\"height: 19.50pt;\">\n<td class=\"et5\" style=\"height: 19.50pt; width: 133.75pt;\" width=\"178\" height=\"26\">\u062d\u062c\u0645 \u0627\u0644\u0639\u0628\u0648\u0629:<\/td>\n<td class=\"et6\" style=\"width: 210.00pt;\" width=\"280\">25\u00d725\u00d73.5 \u0633\u0645<\/td>\n<\/tr>\n<tr style=\"height: 20.25pt;\">\n<td class=\"et5\" style=\"height: 20.25pt; width: 133.75pt;\" width=\"178\" height=\"27\">\u062d\u062c\u0645 \u0627\u0644\u0643\u0631\u062a\u0648\u0646 \uff1a \u062d\u062c\u0645 \u0627\u0644\u0643\u0631\u062a\u0648\u0646<\/td>\n<td class=\"et6\" style=\"width: 210.00pt;\" width=\"280\">52\u00d752\u00d752\u00d746 \u0633\u0645<\/td>\n<\/tr>\n<tr style=\"height: 19.50pt;\">\n<td class=\"et5\" style=\"height: 19.50pt; width: 133.75pt;\" width=\"178\" height=\"26\">\u0627\u0644\u0643\u0645\u064a\u0629\/\u0627\u0644\u0637\u0646<\/td>\n<td class=\"et6\" style=\"width: 210.00pt;\" width=\"280\">48 \u0642\u0637\u0639\u0629<\/td>\n<\/tr>\n<tr style=\"height: 19.50pt;\">\n<td class=\"et5\" style=\"height: 19.50pt; width: 133.75pt;\" width=\"178\" height=\"26\">\u062c.\u0648.\/\u0646.\u0648:<\/td>\n<td class=\"et6\" style=\"width: 210.00pt;\" width=\"280\">14 \/ 12 \u0643\u062c\u0645<\/td>\n<\/tr>\n<tr style=\"height: 20.25pt;\">\n<td class=\"et5\" style=\"height: 20.25pt; width: 133.75pt;\" width=\"178\" height=\"27\">\u0627\u0644\u0642\u064a\u0627\u0633:<\/td>\n<td class=\"et6\" style=\"width: 210.00pt;\" width=\"280\">0.12 \u0645\u062a\u0631 \u0645\u0643\u0639\u0628 \/ 4.39 \u0642\u062f\u0645 \u0645\u0643\u0639\u0628<\/td>\n<\/tr>\n<\/tbody>\n<\/table>","protected":false},"featured_media":1462,"comment_status":"closed","ping_status":"closed","template":"","meta":{"_acf_changed":false},"product_brand":[],"product_cat":[26,28,77,20],"product_tag":[],"class_list":{"0":"post-1128","1":"product","2":"type-product","3":"status-publish","4":"has-post-thumbnail","6":"product_cat-wholesale-toys-for-all-ages","7":"product_cat-wholesale-toys-for-ages-8-and-up","8":"product_cat-wholesale-flying-disc-toys","9":"product_cat-wholesale-sports-toys","11":"first","12":"instock","13":"shipping-taxable","14":"product-type-simple"},"acf":[],"_links":{"self":[{"href":"https:\/\/www.chengjitoy.com\/ar\/wp-json\/wp\/v2\/product\/1128","targetHints":{"allow":["GET"]}}],"collection":[{"href":"https:\/\/www.chengjitoy.com\/ar\/wp-json\/wp\/v2\/product"}],"about":[{"href":"https:\/\/www.chengjitoy.com\/ar\/wp-json\/wp\/v2\/types\/product"}],"replies":[{"embeddable":true,"href":"https:\/\/www.chengjitoy.com\/ar\/wp-json\/wp\/v2\/comments?post=1128"}],"wp:featuredmedia":[{"embeddable":true,"href":"https:\/\/www.chengjitoy.com\/ar\/wp-json\/wp\/v2\/media\/1462"}],"wp:attachment":[{"href":"https:\/\/www.chengjitoy.com\/ar\/wp-json\/wp\/v2\/media?parent=1128"}],"wp:term":[{"taxonomy":"product_brand","embeddable":true,"href":"https:\/\/www.chengjitoy.com\/ar\/wp-json\/wp\/v2\/product_brand?post=1128"},{"taxonomy":"product_cat","embeddable":true,"href":"https:\/\/www.chengjitoy.com\/ar\/wp-json\/wp\/v2\/product_cat?post=1128"},{"taxonomy":"product_tag","embeddable":true,"href":"https:\/\/www.chengjitoy.com\/ar\/wp-json\/wp\/v2\/product_tag?post=1128"}],"curies":[{"name":"\u062f\u0628\u0644\u064a\u0648 \u0628\u064a","href":"https:\/\/api.w.org\/{rel}","templated":true}]}}