{"id":1156,"date":"2025-06-19T13:08:01","date_gmt":"2025-06-19T13:08:01","guid":{"rendered":"https:\/\/www.chengjitoy.com\/?post_type=product&#038;p=1156"},"modified":"2025-06-30T10:34:43","modified_gmt":"2025-06-30T10:34:43","slug":"wholesale-transforming-construction-truck-toy-cj4469627","status":"publish","type":"product","link":"https:\/\/www.chengjitoy.com\/ar\/product\/wholesale-transforming-construction-truck-toy-cj4469627\/","title":{"rendered":"\u0623\u0644\u0639\u0627\u0628 \u0634\u0627\u062d\u0646\u0629 \u0628\u0646\u0627\u0621 \u0642\u0627\u0628\u0644\u0629 \u0644\u0644\u062a\u062d\u0648\u064a\u0644 \u0628\u0627\u0644\u062c\u0645\u0644\u0629\u060c \u0633\u064a\u0627\u0631\u0629 \u0644\u0639\u0628\u0629 \u0627\u062d\u062a\u0643\u0627\u0643 \u0628\u0627\u0644\u062c\u0645\u0644\u0629 \u0645\u0639 \u0627\u0644\u062a\u062d\u0648\u064a\u0644 \u0627\u0644\u062a\u0644\u0642\u0627\u0626\u064a \u0644\u0644\u062a\u0635\u0627\u062f\u0645"},"content":{"rendered":"<div class=\"wp-block-columns is-layout-flex wp-container-core-columns-is-layout-9d6595d7 wp-block-columns-is-layout-flex\">\n<div class=\"wp-block-column is-layout-flow wp-block-column-is-layout-flow\" style=\"flex-basis:66.66%\">\n<figure class=\"wp-block-image size-full\"><img loading=\"lazy\" decoding=\"async\" width=\"770\" height=\"1392\" sizes=\"auto, (max-width: 770px) 100vw, 770px\" src=\"https:\/\/www.chengjitoy.com\/wp-content\/uploads\/2025\/06\/details-of-transforming-construction-truck-toy-1.webp\" alt=\"\u062a\u0641\u0627\u0635\u064a\u0644 \u0644\u0639\u0628\u0629 \u0634\u0627\u062d\u0646\u0629 \u0627\u0644\u0628\u0646\u0627\u0621 \u0627\u0644\u062a\u062d\u0648\u064a\u0644\u064a\u0629 (1)\" class=\"wp-image-1157\" srcset=\"https:\/\/www.chengjitoy.com\/wp-content\/uploads\/2025\/06\/details-of-transforming-construction-truck-toy-1.webp 770w, https:\/\/www.chengjitoy.com\/wp-content\/uploads\/2025\/06\/details-of-transforming-construction-truck-toy-1-166x300.webp 166w, https:\/\/www.chengjitoy.com\/wp-content\/uploads\/2025\/06\/details-of-transforming-construction-truck-toy-1-768x1388.webp 768w, https:\/\/www.chengjitoy.com\/wp-content\/uploads\/2025\/06\/details-of-transforming-construction-truck-toy-1-600x1085.webp 600w\" \/><\/figure>\n\n\n\n<figure class=\"wp-block-image size-full\"><img loading=\"lazy\" decoding=\"async\" width=\"770\" height=\"1051\" sizes=\"auto, (max-width: 770px) 100vw, 770px\" src=\"https:\/\/www.chengjitoy.com\/wp-content\/uploads\/2025\/06\/details-of-transforming-construction-truck-toy-2.webp\" alt=\"\u062a\u0641\u0627\u0635\u064a\u0644 \u0644\u0639\u0628\u0629 \u0634\u0627\u062d\u0646\u0629 \u0627\u0644\u0628\u0646\u0627\u0621 \u0627\u0644\u062a\u062d\u0648\u064a\u0644\u064a\u0629 (2)\" class=\"wp-image-1158\" srcset=\"https:\/\/www.chengjitoy.com\/wp-content\/uploads\/2025\/06\/details-of-transforming-construction-truck-toy-2.webp 770w, https:\/\/www.chengjitoy.com\/wp-content\/uploads\/2025\/06\/details-of-transforming-construction-truck-toy-2-220x300.webp 220w, https:\/\/www.chengjitoy.com\/wp-content\/uploads\/2025\/06\/details-of-transforming-construction-truck-toy-2-768x1048.webp 768w, https:\/\/www.chengjitoy.com\/wp-content\/uploads\/2025\/06\/details-of-transforming-construction-truck-toy-2-600x819.webp 600w\" \/><\/figure>\n\n\n\n<figure class=\"wp-block-image size-full\"><img loading=\"lazy\" decoding=\"async\" width=\"770\" height=\"1094\" sizes=\"auto, (max-width: 770px) 100vw, 770px\" src=\"https:\/\/www.chengjitoy.com\/wp-content\/uploads\/2025\/06\/details-of-transforming-construction-truck-toy-3.webp\" alt=\"\u062a\u0641\u0627\u0635\u064a\u0644 \u0644\u0639\u0628\u0629 \u0634\u0627\u062d\u0646\u0629 \u0627\u0644\u0628\u0646\u0627\u0621 \u0627\u0644\u062a\u062d\u0648\u064a\u0644\u064a\u0629 (3)\" class=\"wp-image-1164\" srcset=\"https:\/\/www.chengjitoy.com\/wp-content\/uploads\/2025\/06\/details-of-transforming-construction-truck-toy-3.webp 770w, https:\/\/www.chengjitoy.com\/wp-content\/uploads\/2025\/06\/details-of-transforming-construction-truck-toy-3-211x300.webp 211w, https:\/\/www.chengjitoy.com\/wp-content\/uploads\/2025\/06\/details-of-transforming-construction-truck-toy-3-768x1091.webp 768w, https:\/\/www.chengjitoy.com\/wp-content\/uploads\/2025\/06\/details-of-transforming-construction-truck-toy-3-600x852.webp 600w\" \/><\/figure>\n\n\n\n<figure class=\"wp-block-image size-full\"><img loading=\"lazy\" decoding=\"async\" width=\"770\" height=\"1234\" sizes=\"auto, (max-width: 770px) 100vw, 770px\" src=\"https:\/\/www.chengjitoy.com\/wp-content\/uploads\/2025\/06\/details-of-transforming-construction-truck-toy-4.webp\" alt=\"\u062a\u0641\u0627\u0635\u064a\u0644 \u0644\u0639\u0628\u0629 \u0634\u0627\u062d\u0646\u0629 \u0627\u0644\u0628\u0646\u0627\u0621 \u0627\u0644\u062a\u062d\u0648\u064a\u0644\u064a\u0629 (4)\" class=\"wp-image-1165\" srcset=\"https:\/\/www.chengjitoy.com\/wp-content\/uploads\/2025\/06\/details-of-transforming-construction-truck-toy-4.webp 770w, https:\/\/www.chengjitoy.com\/wp-content\/uploads\/2025\/06\/details-of-transforming-construction-truck-toy-4-187x300.webp 187w, https:\/\/www.chengjitoy.com\/wp-content\/uploads\/2025\/06\/details-of-transforming-construction-truck-toy-4-768x1231.webp 768w, https:\/\/www.chengjitoy.com\/wp-content\/uploads\/2025\/06\/details-of-transforming-construction-truck-toy-4-600x962.webp 600w\" \/><\/figure>\n\n\n\n<figure class=\"wp-block-image size-full\"><img loading=\"lazy\" decoding=\"async\" width=\"770\" height=\"1223\" sizes=\"auto, (max-width: 770px) 100vw, 770px\" src=\"https:\/\/www.chengjitoy.com\/wp-content\/uploads\/2025\/06\/details-of-transforming-construction-truck-toy-5.webp\" alt=\"\u062a\u0641\u0627\u0635\u064a\u0644 \u0644\u0639\u0628\u0629 \u0634\u0627\u062d\u0646\u0629 \u0627\u0644\u0628\u0646\u0627\u0621 \u0627\u0644\u062a\u062d\u0648\u064a\u0644\u064a\u0629 (5)\" class=\"wp-image-1166\" srcset=\"https:\/\/www.chengjitoy.com\/wp-content\/uploads\/2025\/06\/details-of-transforming-construction-truck-toy-5.webp 770w, https:\/\/www.chengjitoy.com\/wp-content\/uploads\/2025\/06\/details-of-transforming-construction-truck-toy-5-189x300.webp 189w, https:\/\/www.chengjitoy.com\/wp-content\/uploads\/2025\/06\/details-of-transforming-construction-truck-toy-5-768x1220.webp 768w, https:\/\/www.chengjitoy.com\/wp-content\/uploads\/2025\/06\/details-of-transforming-construction-truck-toy-5-600x953.webp 600w\" \/><\/figure>\n\n\n\n<figure class=\"wp-block-image size-full\"><img loading=\"lazy\" decoding=\"async\" width=\"770\" height=\"619\" sizes=\"auto, (max-width: 770px) 100vw, 770px\" src=\"https:\/\/www.chengjitoy.com\/wp-content\/uploads\/2025\/06\/details-of-transforming-construction-truck-toy-6.webp\" alt=\"\u062a\u0641\u0627\u0635\u064a\u0644 \u0644\u0639\u0628\u0629 \u0634\u0627\u062d\u0646\u0629 \u0627\u0644\u0628\u0646\u0627\u0621 \u0627\u0644\u062a\u062d\u0648\u064a\u0644\u064a\u0629 (6)\" class=\"wp-image-1167\" srcset=\"https:\/\/www.chengjitoy.com\/wp-content\/uploads\/2025\/06\/details-of-transforming-construction-truck-toy-6.webp 770w, https:\/\/www.chengjitoy.com\/wp-content\/uploads\/2025\/06\/details-of-transforming-construction-truck-toy-6-300x241.webp 300w, https:\/\/www.chengjitoy.com\/wp-content\/uploads\/2025\/06\/details-of-transforming-construction-truck-toy-6-768x617.webp 768w, https:\/\/www.chengjitoy.com\/wp-content\/uploads\/2025\/06\/details-of-transforming-construction-truck-toy-6-600x482.webp 600w\" \/><\/figure>\n\n\n\n<figure class=\"wp-block-image size-full\"><img loading=\"lazy\" decoding=\"async\" width=\"770\" height=\"909\" sizes=\"auto, (max-width: 770px) 100vw, 770px\" src=\"https:\/\/www.chengjitoy.com\/wp-content\/uploads\/2025\/06\/details-of-transforming-construction-truck-toy-7.webp\" alt=\"\u062a\u0641\u0627\u0635\u064a\u0644 \u0644\u0639\u0628\u0629 \u0634\u0627\u062d\u0646\u0629 \u0627\u0644\u0628\u0646\u0627\u0621 \u0627\u0644\u062a\u062d\u0648\u064a\u0644\u064a\u0629 (7)\" class=\"wp-image-1168\" srcset=\"https:\/\/www.chengjitoy.com\/wp-content\/uploads\/2025\/06\/details-of-transforming-construction-truck-toy-7.webp 770w, https:\/\/www.chengjitoy.com\/wp-content\/uploads\/2025\/06\/details-of-transforming-construction-truck-toy-7-254x300.webp 254w, https:\/\/www.chengjitoy.com\/wp-content\/uploads\/2025\/06\/details-of-transforming-construction-truck-toy-7-768x907.webp 768w, https:\/\/www.chengjitoy.com\/wp-content\/uploads\/2025\/06\/details-of-transforming-construction-truck-toy-7-600x708.webp 600w\" \/><\/figure>\n<\/div>\n\n\n\n<div class=\"wp-block-column is-layout-flow wp-block-column-is-layout-flow\" style=\"flex-basis:33.33%\"><\/div>\n<\/div>","protected":false},"excerpt":{"rendered":"<p>\u0623\u0644\u0639\u0627\u0628 \u0645\u0631\u0643\u0628\u0627\u062a \u0647\u0646\u062f\u0633\u0629 \u0627\u0644\u0645\u062d\u0648\u0644\u0627\u062a \u0627\u0644\u0647\u0646\u062f\u0633\u064a\u0629 \u0628\u0627\u0644\u062c\u0645\u0644\u0629\u060c \u0628\u0645\u0627 \u0641\u064a \u0630\u0644\u0643 6 \u0623\u0646\u0645\u0627\u0637 \u0644\u0644\u0627\u062e\u062a\u064a\u0627\u0631 \u0645\u0646 \u0628\u064a\u0646\u0647\u0627\u060c \u0643\u0644 \u0645\u0646\u0647\u0627 \u0645\u0632\u0648\u062f \u0628\u0648\u0638\u064a\u0641\u0629 \u0627\u0644\u062a\u0634\u0648\u0647 \u0627\u0644\u062a\u0644\u0642\u0627\u0626\u064a \u0627\u0644\u0630\u0643\u064a \u0644\u0644\u062a\u0635\u0627\u062f\u0645 \u0627\u0644\u062a\u064a \u062a\u062a\u062d\u0648\u0644 \u0645\u0646 \u0648\u0636\u0639 \u0627\u0644\u0645\u0631\u0643\u0628\u0629 \u0625\u0644\u0649 \u0648\u0636\u0639 \u0627\u0644\u0631\u0648\u0628\u0648\u062a \u0639\u0646\u062f \u0627\u0644\u062a\u0635\u0627\u062f\u0645. \u0623\u0644\u0639\u0627\u0628 \u0645\u0631\u0643\u0628\u0627\u062a Transformer Engineering \u0645\u0635\u0646\u0648\u0639\u0629 \u0645\u0646 \u0628\u0644\u0627\u0633\u062a\u064a\u0643 ABS \u0627\u0644\u0645\u062a\u064a\u0646 \u0648\u0627\u0644\u0622\u0645\u0646 \u0644\u0644\u0623\u0637\u0641\u0627\u0644 \u0648\u0645\u0632\u0648\u062f\u0629 \u0628\u0646\u0638\u0627\u0645 \u0642\u064a\u0627\u062f\u0629 \u0628\u0627\u0644\u0642\u0635\u0648\u0631 \u0627\u0644\u0630\u0627\u062a\u064a \u0644\u0627 \u064a\u062a\u0637\u0644\u0628 \u0628\u0637\u0627\u0631\u064a\u0627\u062a. \u062f\u0639\u0645 OEM\/ODM\u060c \u0646\u0631\u062d\u0628 \u0628\u0627\u0644\u0634\u0631\u0627\u0621 \u0628\u0643\u0645\u064a\u0627\u062a \u0643\u0628\u064a\u0631\u0629.<\/p>\n<h2>\u0645\u0648\u0627\u0635\u0641\u0627\u062a \u0644\u0639\u0628\u0629 \u0634\u0627\u062d\u0646\u0629 \u0627\u0644\u0628\u0646\u0627\u0621 \u0627\u0644\u0645\u062a\u062d\u0648\u0644\u0629<\/h2>\n<table style=\"border-collapse: collapse; width: 343.52pt;\" border=\"0\" width=\"458\" cellspacing=\"0\" cellpadding=\"0\">\n<tbody>\n<tr style=\"height: 20.25pt;\">\n<td class=\"et3\" style=\"height: 20.25pt; width: 133.75pt;\" width=\"178\" height=\"27\">\u0631\u0642\u0645 \u0627\u0644\u0635\u0646\u0641:<\/td>\n<td class=\"et4\" style=\"width: 210.00pt;\" width=\"280\">CJ-446969627<\/td>\n<\/tr>\n<tr style=\"height: 19.50pt;\">\n<td class=\"et5\" style=\"height: 19.50pt; width: 133.75pt;\" width=\"178\" height=\"26\">\u0627\u0644\u062d\u0632\u0645\u0629:<\/td>\n<td class=\"et6\" style=\"width: 210.00pt;\" width=\"280\">\u0635\u0646\u062f\u0648\u0642 \u0627\u0644\u0646\u0627\u0641\u0630\u0629<\/td>\n<\/tr>\n<tr style=\"height: 20.25pt;\">\n<td class=\"et5\" style=\"height: 20.25pt; width: 133.75pt;\" width=\"178\" height=\"27\">\u062d\u062c\u0645 \u0627\u0644\u0639\u0628\u0648\u0629:<\/td>\n<td class=\"et6\" style=\"width: 210.00pt;\" width=\"280\">17 \u00d7 5.5.5 \u00d7 24.5 \u0633\u0645<\/td>\n<\/tr>\n<tr style=\"height: 19.50pt;\">\n<td class=\"et5\" style=\"height: 19.50pt; width: 133.75pt;\" width=\"178\" height=\"26\">\u062d\u062c\u0645 \u0627\u0644\u0643\u0631\u062a\u0648\u0646 \uff1a \u062d\u062c\u0645 \u0627\u0644\u0643\u0631\u062a\u0648\u0646<\/td>\n<td class=\"et6\" style=\"width: 210.00pt;\" width=\"280\">75.5 \u00d7 29.5 \u00d7 29.5 \u00d7 74 \u0633\u0645<\/td>\n<\/tr>\n<tr style=\"height: 20.25pt;\">\n<td class=\"et5\" style=\"height: 20.25pt; width: 133.75pt;\" width=\"178\" height=\"27\">\u0627\u0644\u0643\u0645\u064a\u0629\/\u0627\u0644\u0637\u0646<\/td>\n<td class=\"et6\" style=\"width: 210.00pt;\" width=\"280\">60 \u0642\u0637\u0639\u0629<\/td>\n<\/tr>\n<tr style=\"height: 19.50pt;\">\n<td class=\"et5\" style=\"height: 19.50pt; width: 133.75pt;\" width=\"178\" height=\"26\">\u062c.\u0648.\/\u0646.\u0648:<\/td>\n<td class=\"et6\" style=\"width: 210.00pt;\" width=\"280\">15.3 \/ 12.3 \u0643\u062c\u0645<\/td>\n<\/tr>\n<tr style=\"height: 20.25pt;\">\n<td class=\"et5\" style=\"height: 20.25pt; width: 133.75pt;\" width=\"178\" height=\"27\">\u0627\u0644\u0642\u064a\u0627\u0633:<\/td>\n<td class=\"et6\" style=\"width: 210.00pt;\" width=\"280\">0.16 \u0645\u062a\u0631 \u0645\u0643\u0639\u0628 \/ 5.82 \u0642\u062f\u0645 \u0645\u0643\u0639\u0628<\/td>\n<\/tr>\n<\/tbody>\n<\/table>","protected":false},"featured_media":1169,"comment_status":"closed","ping_status":"closed","template":"","meta":{"_acf_changed":true},"product_brand":[],"product_cat":[26,31,96,97,98,99],"product_tag":[],"class_list":{"0":"post-1156","1":"product","2":"type-product","3":"status-publish","4":"has-post-thumbnail","6":"product_cat-wholesale-toys-for-all-ages","7":"product_cat-wholesale-toys-for-ages-5-and-up","8":"product_cat-wholesale-friction-toy-cars","9":"product_cat-wholesale-powered-toys","10":"product_cat-wholesale-robot-toys","11":"product_cat-wholesale-transforming-robots","13":"first","14":"instock","15":"shipping-taxable","16":"product-type-simple"},"acf":[],"_links":{"self":[{"href":"https:\/\/www.chengjitoy.com\/ar\/wp-json\/wp\/v2\/product\/1156","targetHints":{"allow":["GET"]}}],"collection":[{"href":"https:\/\/www.chengjitoy.com\/ar\/wp-json\/wp\/v2\/product"}],"about":[{"href":"https:\/\/www.chengjitoy.com\/ar\/wp-json\/wp\/v2\/types\/product"}],"replies":[{"embeddable":true,"href":"https:\/\/www.chengjitoy.com\/ar\/wp-json\/wp\/v2\/comments?post=1156"}],"wp:featuredmedia":[{"embeddable":true,"href":"https:\/\/www.chengjitoy.com\/ar\/wp-json\/wp\/v2\/media\/1169"}],"wp:attachment":[{"href":"https:\/\/www.chengjitoy.com\/ar\/wp-json\/wp\/v2\/media?parent=1156"}],"wp:term":[{"taxonomy":"product_brand","embeddable":true,"href":"https:\/\/www.chengjitoy.com\/ar\/wp-json\/wp\/v2\/product_brand?post=1156"},{"taxonomy":"product_cat","embeddable":true,"href":"https:\/\/www.chengjitoy.com\/ar\/wp-json\/wp\/v2\/product_cat?post=1156"},{"taxonomy":"product_tag","embeddable":true,"href":"https:\/\/www.chengjitoy.com\/ar\/wp-json\/wp\/v2\/product_tag?post=1156"}],"curies":[{"name":"\u062f\u0628\u0644\u064a\u0648 \u0628\u064a","href":"https:\/\/api.w.org\/{rel}","templated":true}]}}