{"id":1338,"date":"2025-06-22T10:07:26","date_gmt":"2025-06-22T10:07:26","guid":{"rendered":"https:\/\/www.chengjitoy.com\/?post_type=product&#038;p=1338"},"modified":"2025-06-30T00:45:10","modified_gmt":"2025-06-30T00:45:10","slug":"wholesale-water-gun-cj4485085","status":"publish","type":"product","link":"https:\/\/www.chengjitoy.com\/ar\/product\/wholesale-water-gun-cj4485085\/","title":{"rendered":"\u0645\u0633\u062f\u0633\u0627\u062a \u0645\u0627\u0626\u064a\u0629 \u0644\u0644\u0628\u064a\u0639 \u0628\u0627\u0644\u062c\u0645\u0644\u0629\u060c \u0623\u0644\u0639\u0627\u0628 \u0645\u0633\u062f\u0633\u0627\u062a \u0645\u0627\u0626\u064a\u0629 \u0644\u0644\u0623\u0637\u0641\u0627\u0644 \u0628\u0627\u0644\u062c\u0645\u0644\u0629\u060c \u0645\u0639 \u0646\u0638\u0627\u0645 \u0625\u0637\u0644\u0627\u0642 \u0646\u0627\u0631 \u0643\u0647\u0631\u0628\u0627\u0626\u064a \u0623\u0648\u062a\u0648\u0645\u0627\u062a\u064a\u0643\u064a \u0645\u0633\u062a\u0645\u0631"},"content":{"rendered":"<div class=\"wp-block-columns is-layout-flex wp-container-core-columns-is-layout-9d6595d7 wp-block-columns-is-layout-flex\">\n<div class=\"wp-block-column is-layout-flow wp-block-column-is-layout-flow\" style=\"flex-basis:66.66%\">\n<figure class=\"wp-block-image size-full\"><img loading=\"lazy\" decoding=\"async\" width=\"770\" height=\"978\" sizes=\"auto, (max-width: 770px) 100vw, 770px\" src=\"https:\/\/www.chengjitoy.com\/wp-content\/uploads\/2025\/06\/details-of-electric-automatic-water-gun-1.webp\" alt=\"details of electric automatic water gun (1)\" class=\"wp-image-1339\" srcset=\"https:\/\/www.chengjitoy.com\/wp-content\/uploads\/2025\/06\/details-of-electric-automatic-water-gun-1.webp 770w, https:\/\/www.chengjitoy.com\/wp-content\/uploads\/2025\/06\/details-of-electric-automatic-water-gun-1-236x300.webp 236w, https:\/\/www.chengjitoy.com\/wp-content\/uploads\/2025\/06\/details-of-electric-automatic-water-gun-1-768x975.webp 768w, https:\/\/www.chengjitoy.com\/wp-content\/uploads\/2025\/06\/details-of-electric-automatic-water-gun-1-600x762.webp 600w\" \/><\/figure>\n\n\n\n<figure class=\"wp-block-image size-full\"><img loading=\"lazy\" decoding=\"async\" width=\"770\" height=\"764\" sizes=\"auto, (max-width: 770px) 100vw, 770px\" src=\"https:\/\/www.chengjitoy.com\/wp-content\/uploads\/2025\/06\/details-of-electric-automatic-water-gun-2.webp\" alt=\"details of electric automatic water gun (2)\" class=\"wp-image-1340\" srcset=\"https:\/\/www.chengjitoy.com\/wp-content\/uploads\/2025\/06\/details-of-electric-automatic-water-gun-2.webp 770w, https:\/\/www.chengjitoy.com\/wp-content\/uploads\/2025\/06\/details-of-electric-automatic-water-gun-2-300x298.webp 300w, https:\/\/www.chengjitoy.com\/wp-content\/uploads\/2025\/06\/details-of-electric-automatic-water-gun-2-150x150.webp 150w, https:\/\/www.chengjitoy.com\/wp-content\/uploads\/2025\/06\/details-of-electric-automatic-water-gun-2-768x762.webp 768w, https:\/\/www.chengjitoy.com\/wp-content\/uploads\/2025\/06\/details-of-electric-automatic-water-gun-2-600x595.webp 600w, https:\/\/www.chengjitoy.com\/wp-content\/uploads\/2025\/06\/details-of-electric-automatic-water-gun-2-100x100.webp 100w\" \/><\/figure>\n\n\n\n<figure class=\"wp-block-image size-full\"><img loading=\"lazy\" decoding=\"async\" width=\"770\" height=\"955\" sizes=\"auto, (max-width: 770px) 100vw, 770px\" src=\"https:\/\/www.chengjitoy.com\/wp-content\/uploads\/2025\/06\/details-of-electric-automatic-water-gun-3.webp\" alt=\"details of electric automatic water gun (3)\" class=\"wp-image-1341\" srcset=\"https:\/\/www.chengjitoy.com\/wp-content\/uploads\/2025\/06\/details-of-electric-automatic-water-gun-3.webp 770w, https:\/\/www.chengjitoy.com\/wp-content\/uploads\/2025\/06\/details-of-electric-automatic-water-gun-3-242x300.webp 242w, https:\/\/www.chengjitoy.com\/wp-content\/uploads\/2025\/06\/details-of-electric-automatic-water-gun-3-768x953.webp 768w, https:\/\/www.chengjitoy.com\/wp-content\/uploads\/2025\/06\/details-of-electric-automatic-water-gun-3-600x744.webp 600w\" \/><\/figure>\n\n\n\n<figure class=\"wp-block-image size-full\"><img loading=\"lazy\" decoding=\"async\" width=\"770\" height=\"1647\" sizes=\"auto, (max-width: 770px) 100vw, 770px\" src=\"https:\/\/www.chengjitoy.com\/wp-content\/uploads\/2025\/06\/details-of-electric-automatic-water-gun-4.webp\" alt=\"details of electric automatic water gun (4)\" class=\"wp-image-1342\" srcset=\"https:\/\/www.chengjitoy.com\/wp-content\/uploads\/2025\/06\/details-of-electric-automatic-water-gun-4.webp 770w, https:\/\/www.chengjitoy.com\/wp-content\/uploads\/2025\/06\/details-of-electric-automatic-water-gun-4-140x300.webp 140w, https:\/\/www.chengjitoy.com\/wp-content\/uploads\/2025\/06\/details-of-electric-automatic-water-gun-4-768x1643.webp 768w, https:\/\/www.chengjitoy.com\/wp-content\/uploads\/2025\/06\/details-of-electric-automatic-water-gun-4-600x1283.webp 600w\" \/><\/figure>\n\n\n\n<figure class=\"wp-block-image size-full\"><img loading=\"lazy\" decoding=\"async\" width=\"770\" height=\"783\" sizes=\"auto, (max-width: 770px) 100vw, 770px\" src=\"https:\/\/www.chengjitoy.com\/wp-content\/uploads\/2025\/06\/details-of-electric-automatic-water-gun-5.webp\" alt=\"details of electric automatic water gun (5)\" class=\"wp-image-1343\" srcset=\"https:\/\/www.chengjitoy.com\/wp-content\/uploads\/2025\/06\/details-of-electric-automatic-water-gun-5.webp 770w, https:\/\/www.chengjitoy.com\/wp-content\/uploads\/2025\/06\/details-of-electric-automatic-water-gun-5-295x300.webp 295w, https:\/\/www.chengjitoy.com\/wp-content\/uploads\/2025\/06\/details-of-electric-automatic-water-gun-5-768x781.webp 768w, https:\/\/www.chengjitoy.com\/wp-content\/uploads\/2025\/06\/details-of-electric-automatic-water-gun-5-600x610.webp 600w\" \/><\/figure>\n\n\n\n<figure class=\"wp-block-image size-full\"><img loading=\"lazy\" decoding=\"async\" width=\"770\" height=\"746\" sizes=\"auto, (max-width: 770px) 100vw, 770px\" src=\"https:\/\/www.chengjitoy.com\/wp-content\/uploads\/2025\/06\/details-of-electric-automatic-water-gun-6.webp\" alt=\"details of electric automatic water gun (6)\" class=\"wp-image-1344\" srcset=\"https:\/\/www.chengjitoy.com\/wp-content\/uploads\/2025\/06\/details-of-electric-automatic-water-gun-6.webp 770w, https:\/\/www.chengjitoy.com\/wp-content\/uploads\/2025\/06\/details-of-electric-automatic-water-gun-6-300x291.webp 300w, https:\/\/www.chengjitoy.com\/wp-content\/uploads\/2025\/06\/details-of-electric-automatic-water-gun-6-768x744.webp 768w, https:\/\/www.chengjitoy.com\/wp-content\/uploads\/2025\/06\/details-of-electric-automatic-water-gun-6-600x581.webp 600w\" \/><\/figure>\n\n\n\n<figure class=\"wp-block-image size-full\"><img loading=\"lazy\" decoding=\"async\" width=\"770\" height=\"1297\" sizes=\"auto, (max-width: 770px) 100vw, 770px\" src=\"https:\/\/www.chengjitoy.com\/wp-content\/uploads\/2025\/06\/details-of-electric-automatic-water-gun-8.webp\" alt=\"details of electric automatic water gun (8)\" class=\"wp-image-1345\" srcset=\"https:\/\/www.chengjitoy.com\/wp-content\/uploads\/2025\/06\/details-of-electric-automatic-water-gun-8.webp 770w, https:\/\/www.chengjitoy.com\/wp-content\/uploads\/2025\/06\/details-of-electric-automatic-water-gun-8-178x300.webp 178w, https:\/\/www.chengjitoy.com\/wp-content\/uploads\/2025\/06\/details-of-electric-automatic-water-gun-8-768x1294.webp 768w, https:\/\/www.chengjitoy.com\/wp-content\/uploads\/2025\/06\/details-of-electric-automatic-water-gun-8-600x1011.webp 600w\" \/><\/figure>\n<\/div>\n\n\n\n<div class=\"wp-block-column is-layout-flow wp-block-column-is-layout-flow\" style=\"flex-basis:33.33%\"><\/div>\n<\/div>","protected":false},"excerpt":{"rendered":"<p>\u0645\u0633\u062f\u0633 \u0645\u064a\u0627\u0647 \u0643\u0647\u0631\u0628\u0627\u0626\u064a \u0628\u0627\u0644\u062c\u0645\u0644\u0629. \u064a\u062c\u0645\u0639 \u0647\u0630\u0627 \u0627\u0644\u0645\u0633\u062f\u0633 \u0627\u0644\u0645\u0627\u0626\u064a \u0627\u0644\u0643\u0647\u0631\u0628\u0627\u0626\u064a \u0627\u0644\u0623\u0648\u062a\u0648\u0645\u0627\u062a\u064a\u0643\u064a \u0627\u0644\u0643\u0647\u0631\u0628\u0627\u0626\u064a \u0628\u064a\u0646 \u0627\u0644\u062a\u0635\u0645\u064a\u0645 \u0627\u0644\u0645\u062a\u0637\u0648\u0631 \u0648\u0642\u0648\u0629 \u0631\u0634 \u0627\u0644\u0645\u064a\u0627\u0647 \u0627\u0644\u0642\u0648\u064a\u0629\u060c \u0648\u0647\u0648 \u0627\u0644\u0623\u0643\u062b\u0631 \u0645\u0628\u064a\u0639\u064b\u0627 \u0644\u062a\u062c\u0627\u0631 \u0627\u0644\u062a\u062c\u0632\u0626\u0629 \u0648\u062a\u062c\u0627\u0631 \u0627\u0644\u062c\u0645\u0644\u0629 \u0641\u064a \u062c\u0645\u064a\u0639 \u0623\u0646\u062d\u0627\u0621 \u0627\u0644\u0639\u0627\u0644\u0645. \u0645\u0632\u0648\u062f \u0628\u0646\u0638\u0627\u0645 \u0625\u0637\u0644\u0627\u0642 \u0646\u0627\u0631 \u0623\u0648\u062a\u0648\u0645\u0627\u062a\u064a\u0643\u064a \u0643\u0647\u0631\u0628\u0627\u0626\u064a\u060c \u0648\u0646\u0637\u0627\u0642 \u0642\u0627\u0628\u0644 \u0644\u0644\u0641\u0635\u0644 \u0648\u0645\u0648\u0636\u0648\u0639 \u0642\u0631\u0634 \u0627\u0644\u062e\u064a\u0627\u0644 \u0627\u0644\u0639\u0644\u0645\u064a \u0627\u0644\u0644\u0627\u0641\u062a \u0644\u0644\u0646\u0638\u0631\u060c \u0647\u0630\u0627 \u0627\u0644\u0645\u0633\u062f\u0633 \u0627\u0644\u0645\u0627\u0626\u064a \u0645\u0646\u0627\u0633\u0628 \u0644\u0644\u0631\u064a\u0627\u0636\u0627\u062a \u0627\u0644\u062e\u0627\u0631\u062c\u064a\u0629. \u064a\u0648\u0641\u0631 Chengji \u062a\u062e\u0635\u064a\u0635 OEM \u0648\u062f\u0639\u0645 \u0627\u0644\u0637\u0644\u0628 \u0628\u0627\u0644\u062c\u0645\u0644\u0629\u060c \u0645\u0631\u062d\u0628\u064b\u0627 \u0628\u0643\u0645 \u0641\u064a \u0627\u0644\u0627\u062a\u0635\u0627\u0644 \u0628\u0646\u0627 \u0644\u0644\u062d\u0635\u0648\u0644 \u0639\u0644\u0649 \u0639\u0631\u0636 \u0623\u0633\u0639\u0627\u0631.<\/p>\n<h2>\u0645\u0648\u0627\u0635\u0641\u0627\u062a \u0645\u0633\u062f\u0633 \u0627\u0644\u0645\u0627\u0621 \u0627\u0644\u0623\u0648\u062a\u0648\u0645\u0627\u062a\u064a\u0643\u064a \u0627\u0644\u0643\u0647\u0631\u0628\u0627\u0626\u064a<\/h2>\n<table style=\"border-collapse: collapse; width: 343.52pt;\" border=\"0\" width=\"458\" cellspacing=\"0\" cellpadding=\"0\">\n<tbody>\n<tr style=\"height: 21.00pt;\">\n<td class=\"et2\" style=\"height: 21.00pt; width: 133.75pt;\" width=\"178\" height=\"28\">\u0631\u0642\u0645 \u0627\u0644\u0635\u0646\u0641:<\/td>\n<td class=\"et3\" style=\"width: 210.00pt;\" width=\"280\">CJ-448505085<\/td>\n<\/tr>\n<tr style=\"height: 21.00pt;\">\n<td class=\"et4\" style=\"height: 21.00pt; width: 133.75pt;\" width=\"178\" height=\"28\">\u0627\u0644\u062d\u0632\u0645\u0629:<\/td>\n<td class=\"et5\" style=\"width: 210.00pt;\" width=\"280\">\u0635\u0646\u062f\u0648\u0642 \u0623\u0644\u0648\u0627\u0646<\/td>\n<\/tr>\n<tr style=\"height: 21.00pt;\">\n<td class=\"et4\" style=\"height: 21.00pt; width: 133.75pt;\" width=\"178\" height=\"28\">\u062d\u062c\u0645 \u0627\u0644\u0639\u0628\u0648\u0629:<\/td>\n<td class=\"et5\" style=\"width: 210.00pt;\" width=\"280\">44.1 \u00d7 10.1 \u00d7 10.1 \u00d7 22.6 \u0633\u0645<\/td>\n<\/tr>\n<tr style=\"height: 21.00pt;\">\n<td class=\"et4\" style=\"height: 21.00pt; width: 133.75pt;\" width=\"178\" height=\"28\">\u062d\u062c\u0645 \u0627\u0644\u0643\u0631\u062a\u0648\u0646 \uff1a \u062d\u062c\u0645 \u0627\u0644\u0643\u0631\u062a\u0648\u0646<\/td>\n<td class=\"et5\" style=\"width: 210.00pt;\" width=\"280\">52\u00d746\u00d747 \u0633\u0645<\/td>\n<\/tr>\n<tr style=\"height: 21.00pt;\">\n<td class=\"et4\" style=\"height: 21.00pt; width: 133.75pt;\" width=\"178\" height=\"28\">\u0627\u0644\u0643\u0645\u064a\u0629\/\u0627\u0644\u0637\u0646<\/td>\n<td class=\"et5\" style=\"width: 210.00pt;\" width=\"280\">10 \u0642\u0637\u0639<\/td>\n<\/tr>\n<tr style=\"height: 21.00pt;\">\n<td class=\"et4\" style=\"height: 21.00pt; width: 133.75pt;\" width=\"178\" height=\"28\">\u062c.\u0648.\/\u0646.\u0648:<\/td>\n<td class=\"et5\" style=\"width: 210.00pt;\" width=\"280\">10.5 \/ 8.5 \u0643\u062c\u0645<\/td>\n<\/tr>\n<tr style=\"height: 21.00pt;\">\n<td class=\"et4\" style=\"height: 21.00pt; width: 133.75pt;\" width=\"178\" height=\"28\">\u0627\u0644\u0642\u064a\u0627\u0633:<\/td>\n<td class=\"et5\" style=\"width: 210.00pt;\" width=\"280\">0.11 \u0645\u062a\u0631 \u0645\u0643\u0639\u0628 \/ 3.97 \u0642\u062f\u0645 \u0645\u0643\u0639\u0628<\/td>\n<\/tr>\n<\/tbody>\n<\/table>","protected":false},"featured_media":1346,"comment_status":"closed","ping_status":"closed","template":"","meta":{"_acf_changed":true},"product_brand":[],"product_cat":[26,31,19,82],"product_tag":[],"class_list":{"0":"post-1338","1":"product","2":"type-product","3":"status-publish","4":"has-post-thumbnail","6":"product_cat-wholesale-toys-for-all-ages","7":"product_cat-wholesale-toys-for-ages-5-and-up","8":"product_cat-wholesale-toy-guns","9":"product_cat-wholesale-water-guns","11":"first","12":"instock","13":"shipping-taxable","14":"product-type-simple"},"acf":[],"_links":{"self":[{"href":"https:\/\/www.chengjitoy.com\/ar\/wp-json\/wp\/v2\/product\/1338","targetHints":{"allow":["GET"]}}],"collection":[{"href":"https:\/\/www.chengjitoy.com\/ar\/wp-json\/wp\/v2\/product"}],"about":[{"href":"https:\/\/www.chengjitoy.com\/ar\/wp-json\/wp\/v2\/types\/product"}],"replies":[{"embeddable":true,"href":"https:\/\/www.chengjitoy.com\/ar\/wp-json\/wp\/v2\/comments?post=1338"}],"wp:featuredmedia":[{"embeddable":true,"href":"https:\/\/www.chengjitoy.com\/ar\/wp-json\/wp\/v2\/media\/1346"}],"wp:attachment":[{"href":"https:\/\/www.chengjitoy.com\/ar\/wp-json\/wp\/v2\/media?parent=1338"}],"wp:term":[{"taxonomy":"product_brand","embeddable":true,"href":"https:\/\/www.chengjitoy.com\/ar\/wp-json\/wp\/v2\/product_brand?post=1338"},{"taxonomy":"product_cat","embeddable":true,"href":"https:\/\/www.chengjitoy.com\/ar\/wp-json\/wp\/v2\/product_cat?post=1338"},{"taxonomy":"product_tag","embeddable":true,"href":"https:\/\/www.chengjitoy.com\/ar\/wp-json\/wp\/v2\/product_tag?post=1338"}],"curies":[{"name":"\u062f\u0628\u0644\u064a\u0648 \u0628\u064a","href":"https:\/\/api.w.org\/{rel}","templated":true}]}}