{"id":1353,"date":"2025-06-22T10:45:44","date_gmt":"2025-06-22T10:45:44","guid":{"rendered":"https:\/\/www.chengjitoy.com\/?post_type=product&#038;p=1353"},"modified":"2025-06-30T00:44:57","modified_gmt":"2025-06-30T00:44:57","slug":"wholesale-construction-vehicle-toy-set-cj4526031","status":"publish","type":"product","link":"https:\/\/www.chengjitoy.com\/ar\/product\/wholesale-construction-vehicle-toy-set-cj4526031\/","title":{"rendered":"\u0637\u0642\u0645 \u0623\u0644\u0639\u0627\u0628 \u0645\u0631\u0643\u0628\u0627\u062a \u0628\u0646\u0627\u0621 \u0628\u0627\u0644\u062c\u0645\u0644\u0629\u060c \u064a\u062a\u0636\u0645\u0646 \u0644\u0639\u0628\u0629 \u0633\u064a\u0627\u0631\u0627\u062a \u0648\u0645\u0643\u0648\u0646\u0627\u062a \u0645\u0633\u0627\u0631 \u0645\u0639\u064a\u0627\u0631\u064a"},"content":{"rendered":"<div class=\"wp-block-columns is-layout-flex wp-container-core-columns-is-layout-9d6595d7 wp-block-columns-is-layout-flex\">\n<div class=\"wp-block-column is-layout-flow wp-block-column-is-layout-flow\" style=\"flex-basis:66.66%\">\n<figure class=\"wp-block-image size-full\"><img loading=\"lazy\" decoding=\"async\" width=\"770\" height=\"1014\" sizes=\"auto, (max-width: 770px) 100vw, 770px\" src=\"https:\/\/www.chengjitoy.com\/wp-content\/uploads\/2025\/06\/details-of-construction-vehicle-toy-set\u200b-1.webp\" alt=\"\u062a\u0641\u0627\u0635\u064a\u0644 \u0645\u062c\u0645\u0648\u0639\u0629 \u0623\u0644\u0639\u0627\u0628 \u0645\u0631\u0643\u0628\u0627\u062a \u0627\u0644\u0628\u0646\u0627\u0621 (1)\" class=\"wp-image-1354\" srcset=\"https:\/\/www.chengjitoy.com\/wp-content\/uploads\/2025\/06\/details-of-construction-vehicle-toy-set\u200b-1.webp 770w, https:\/\/www.chengjitoy.com\/wp-content\/uploads\/2025\/06\/details-of-construction-vehicle-toy-set\u200b-1-228x300.webp 228w, https:\/\/www.chengjitoy.com\/wp-content\/uploads\/2025\/06\/details-of-construction-vehicle-toy-set\u200b-1-768x1011.webp 768w, https:\/\/www.chengjitoy.com\/wp-content\/uploads\/2025\/06\/details-of-construction-vehicle-toy-set\u200b-1-600x790.webp 600w\" \/><\/figure>\n\n\n\n<figure class=\"wp-block-image size-full\"><img loading=\"lazy\" decoding=\"async\" width=\"770\" height=\"1586\" sizes=\"auto, (max-width: 770px) 100vw, 770px\" src=\"https:\/\/www.chengjitoy.com\/wp-content\/uploads\/2025\/06\/details-of-construction-vehicle-toy-set\u200b-2.webp\" alt=\"\u062a\u0641\u0627\u0635\u064a\u0644 \u0645\u062c\u0645\u0648\u0639\u0629 \u0623\u0644\u0639\u0627\u0628 \u0645\u0631\u0643\u0628\u0627\u062a \u0627\u0644\u0628\u0646\u0627\u0621 (2)\" class=\"wp-image-1355\" srcset=\"https:\/\/www.chengjitoy.com\/wp-content\/uploads\/2025\/06\/details-of-construction-vehicle-toy-set\u200b-2.webp 770w, https:\/\/www.chengjitoy.com\/wp-content\/uploads\/2025\/06\/details-of-construction-vehicle-toy-set\u200b-2-146x300.webp 146w, https:\/\/www.chengjitoy.com\/wp-content\/uploads\/2025\/06\/details-of-construction-vehicle-toy-set\u200b-2-768x1582.webp 768w, https:\/\/www.chengjitoy.com\/wp-content\/uploads\/2025\/06\/details-of-construction-vehicle-toy-set\u200b-2-600x1236.webp 600w\" \/><\/figure>\n\n\n\n<figure class=\"wp-block-image size-full\"><img loading=\"lazy\" decoding=\"async\" width=\"770\" height=\"1764\" sizes=\"auto, (max-width: 770px) 100vw, 770px\" src=\"https:\/\/www.chengjitoy.com\/wp-content\/uploads\/2025\/06\/details-of-construction-vehicle-toy-set\u200b-3.webp\" alt=\"\u062a\u0641\u0627\u0635\u064a\u0644 \u0645\u062c\u0645\u0648\u0639\u0629 \u0623\u0644\u0639\u0627\u0628 \u0645\u0631\u0643\u0628\u0627\u062a \u0627\u0644\u0628\u0646\u0627\u0621 (3)\" class=\"wp-image-1356\" srcset=\"https:\/\/www.chengjitoy.com\/wp-content\/uploads\/2025\/06\/details-of-construction-vehicle-toy-set\u200b-3.webp 770w, https:\/\/www.chengjitoy.com\/wp-content\/uploads\/2025\/06\/details-of-construction-vehicle-toy-set\u200b-3-131x300.webp 131w, https:\/\/www.chengjitoy.com\/wp-content\/uploads\/2025\/06\/details-of-construction-vehicle-toy-set\u200b-3-768x1759.webp 768w, https:\/\/www.chengjitoy.com\/wp-content\/uploads\/2025\/06\/details-of-construction-vehicle-toy-set\u200b-3-600x1375.webp 600w\" \/><\/figure>\n\n\n\n<figure class=\"wp-block-image size-full\"><img loading=\"lazy\" decoding=\"async\" width=\"770\" height=\"800\" sizes=\"auto, (max-width: 770px) 100vw, 770px\" src=\"https:\/\/www.chengjitoy.com\/wp-content\/uploads\/2025\/06\/details-of-construction-vehicle-toy-set\u200b-4.webp\" alt=\"\u062a\u0641\u0627\u0635\u064a\u0644 \u0645\u062c\u0645\u0648\u0639\u0629 \u0623\u0644\u0639\u0627\u0628 \u0645\u0631\u0643\u0628\u0627\u062a \u0627\u0644\u0628\u0646\u0627\u0621 (4)\" class=\"wp-image-1357\" srcset=\"https:\/\/www.chengjitoy.com\/wp-content\/uploads\/2025\/06\/details-of-construction-vehicle-toy-set\u200b-4.webp 770w, https:\/\/www.chengjitoy.com\/wp-content\/uploads\/2025\/06\/details-of-construction-vehicle-toy-set\u200b-4-289x300.webp 289w, https:\/\/www.chengjitoy.com\/wp-content\/uploads\/2025\/06\/details-of-construction-vehicle-toy-set\u200b-4-768x798.webp 768w, https:\/\/www.chengjitoy.com\/wp-content\/uploads\/2025\/06\/details-of-construction-vehicle-toy-set\u200b-4-600x623.webp 600w\" \/><\/figure>\n\n\n\n<figure class=\"wp-block-image size-full\"><img loading=\"lazy\" decoding=\"async\" width=\"770\" height=\"2008\" sizes=\"auto, (max-width: 770px) 100vw, 770px\" src=\"https:\/\/www.chengjitoy.com\/wp-content\/uploads\/2025\/06\/details-of-construction-vehicle-toy-set\u200b-5.webp\" alt=\"\u062a\u0641\u0627\u0635\u064a\u0644 \u0645\u062c\u0645\u0648\u0639\u0629 \u0623\u0644\u0639\u0627\u0628 \u0645\u0631\u0643\u0628\u0627\u062a \u0627\u0644\u0628\u0646\u0627\u0621 (5)\" class=\"wp-image-1358\" srcset=\"https:\/\/www.chengjitoy.com\/wp-content\/uploads\/2025\/06\/details-of-construction-vehicle-toy-set\u200b-5.webp 770w, https:\/\/www.chengjitoy.com\/wp-content\/uploads\/2025\/06\/details-of-construction-vehicle-toy-set\u200b-5-115x300.webp 115w, https:\/\/www.chengjitoy.com\/wp-content\/uploads\/2025\/06\/details-of-construction-vehicle-toy-set\u200b-5-768x2003.webp 768w, https:\/\/www.chengjitoy.com\/wp-content\/uploads\/2025\/06\/details-of-construction-vehicle-toy-set\u200b-5-600x1565.webp 600w\" \/><\/figure>\n\n\n\n<figure class=\"wp-block-image size-full\"><img loading=\"lazy\" decoding=\"async\" width=\"770\" height=\"637\" sizes=\"auto, (max-width: 770px) 100vw, 770px\" src=\"https:\/\/www.chengjitoy.com\/wp-content\/uploads\/2025\/06\/details-of-construction-vehicle-toy-set\u200b-6.webp\" alt=\"\u062a\u0641\u0627\u0635\u064a\u0644 \u0645\u062c\u0645\u0648\u0639\u0629 \u0623\u0644\u0639\u0627\u0628 \u0645\u0631\u0643\u0628\u0627\u062a \u0627\u0644\u0628\u0646\u0627\u0621 (6)\" class=\"wp-image-1359\" srcset=\"https:\/\/www.chengjitoy.com\/wp-content\/uploads\/2025\/06\/details-of-construction-vehicle-toy-set\u200b-6.webp 770w, https:\/\/www.chengjitoy.com\/wp-content\/uploads\/2025\/06\/details-of-construction-vehicle-toy-set\u200b-6-300x248.webp 300w, https:\/\/www.chengjitoy.com\/wp-content\/uploads\/2025\/06\/details-of-construction-vehicle-toy-set\u200b-6-768x635.webp 768w, https:\/\/www.chengjitoy.com\/wp-content\/uploads\/2025\/06\/details-of-construction-vehicle-toy-set\u200b-6-600x496.webp 600w\" \/><\/figure>\n\n\n\n<figure class=\"wp-block-image size-full\"><img loading=\"lazy\" decoding=\"async\" width=\"770\" height=\"791\" sizes=\"auto, (max-width: 770px) 100vw, 770px\" src=\"https:\/\/www.chengjitoy.com\/wp-content\/uploads\/2025\/06\/details-of-construction-vehicle-toy-set\u200b-7.webp\" alt=\"\u062a\u0641\u0627\u0635\u064a\u0644 \u0645\u062c\u0645\u0648\u0639\u0629 \u0623\u0644\u0639\u0627\u0628 \u0645\u0631\u0643\u0628\u0627\u062a \u0627\u0644\u0628\u0646\u0627\u0621 (7)\" class=\"wp-image-1360\" srcset=\"https:\/\/www.chengjitoy.com\/wp-content\/uploads\/2025\/06\/details-of-construction-vehicle-toy-set\u200b-7.webp 770w, https:\/\/www.chengjitoy.com\/wp-content\/uploads\/2025\/06\/details-of-construction-vehicle-toy-set\u200b-7-292x300.webp 292w, https:\/\/www.chengjitoy.com\/wp-content\/uploads\/2025\/06\/details-of-construction-vehicle-toy-set\u200b-7-768x789.webp 768w, https:\/\/www.chengjitoy.com\/wp-content\/uploads\/2025\/06\/details-of-construction-vehicle-toy-set\u200b-7-600x616.webp 600w\" \/><\/figure>\n\n\n\n<figure class=\"wp-block-image size-full\"><img loading=\"lazy\" decoding=\"async\" width=\"770\" height=\"995\" sizes=\"auto, (max-width: 770px) 100vw, 770px\" src=\"https:\/\/www.chengjitoy.com\/wp-content\/uploads\/2025\/06\/details-of-construction-vehicle-toy-set\u200b-8.webp\" alt=\"\u062a\u0641\u0627\u0635\u064a\u0644 \u0645\u062c\u0645\u0648\u0639\u0629 \u0623\u0644\u0639\u0627\u0628 \u0645\u0631\u0643\u0628\u0627\u062a \u0627\u0644\u0628\u0646\u0627\u0621 (8)\" class=\"wp-image-1361\" srcset=\"https:\/\/www.chengjitoy.com\/wp-content\/uploads\/2025\/06\/details-of-construction-vehicle-toy-set\u200b-8.webp 770w, https:\/\/www.chengjitoy.com\/wp-content\/uploads\/2025\/06\/details-of-construction-vehicle-toy-set\u200b-8-232x300.webp 232w, https:\/\/www.chengjitoy.com\/wp-content\/uploads\/2025\/06\/details-of-construction-vehicle-toy-set\u200b-8-768x992.webp 768w, https:\/\/www.chengjitoy.com\/wp-content\/uploads\/2025\/06\/details-of-construction-vehicle-toy-set\u200b-8-600x775.webp 600w\" \/><\/figure>\n<\/div>\n\n\n\n<div class=\"wp-block-column is-layout-flow wp-block-column-is-layout-flow\" style=\"flex-basis:33.33%\"><\/div>\n<\/div>","protected":false},"excerpt":{"rendered":"<p>\u0623\u0637\u0642\u0645 \u0623\u0644\u0639\u0627\u0628 \u0645\u0631\u0643\u0628\u0627\u062a \u0627\u0644\u0628\u0646\u0627\u0621 \u0628\u0627\u0644\u062c\u0645\u0644\u0629. \u062a\u062a\u0645\u064a\u0632 \u0645\u062c\u0645\u0648\u0639\u0629 \u0623\u0644\u0639\u0627\u0628 \u0634\u0627\u062d\u0646\u0629 \u0627\u0644\u0628\u0646\u0627\u0621 \u0627\u0644\u0645\u062a\u0643\u0627\u0645\u0644\u0629 \u0627\u0644\u062a\u064a \u0646\u0642\u062f\u0645\u0647\u0627 \u0628\u0634\u0627\u062d\u0646\u0629 \u0628\u0646\u0627\u0621 \u0645\u062a\u0639\u062f\u062f\u0629 \u0627\u0644\u0627\u0633\u062a\u062e\u062f\u0627\u0645\u0627\u062a \u0628\u0637\u0648\u0644 78 \u0633\u0645 \u062a\u062a\u062d\u0648\u0644 \u0625\u0644\u0649 \u0645\u0636\u0645\u0627\u0631 \u0633\u0628\u0627\u0642 \u064a\u0639\u0645\u0644 \u0628\u0643\u0627\u0645\u0644 \u0637\u0627\u0642\u062a\u0647\u060c \u0645\u0639 \u0642\u0627\u0630\u0641\u0627\u062a \u0645\u062d\u0645\u0644\u0629 \u0628\u0646\u0627\u0628\u0636 \u0648\u062d\u062c\u0631\u0629 \u062a\u062e\u0632\u064a\u0646. \u062a\u0642\u062f\u0645 \u0644\u0639\u0628\u0629 \u063a\u0627\u0645\u0631\u0629 4 \u0641\u064a 1: \u0627\u0644\u0644\u0639\u0628 \u0627\u0644\u063a\u0627\u0645\u0631 4 \u0641\u064a 1: \u0627\u0644\u063a\u0648\u0635 \u0648\u0627\u0644\u0646\u0642\u0644 \u0648\u0625\u0637\u0644\u0627\u0642 \u0627\u0644\u0645\u0633\u0627\u0631 \u0648\u0627\u0644\u0628\u0646\u0627\u0621 \u0627\u0644\u0625\u0628\u062f\u0627\u0639\u064a. \u062a\u0644\u0628\u064a \u0627\u0644\u0645\u0646\u062a\u062c\u0627\u062a \u0634\u0647\u0627\u062f\u0627\u062a \u0627\u0644\u0633\u0644\u0627\u0645\u0629 \u0627\u0644\u0639\u0627\u0644\u0645\u064a\u0629 \u0648\u0647\u064a \u0645\u0646\u0627\u0633\u0628\u0629 \u0644\u0645\u0648\u0632\u0639\u064a \u0627\u0644\u0623\u0644\u0639\u0627\u0628 \u0648\u062a\u062c\u0627\u0631 \u0627\u0644\u062a\u062c\u0632\u0626\u0629 \u0639\u0628\u0631 \u0627\u0644\u0625\u0646\u062a\u0631\u0646\u062a \u0648\u0645\u0648\u0631\u062f\u064a \u0627\u0644\u0647\u062f\u0627\u064a\u0627. \u0627\u062a\u0635\u0644 \u0628\u0646\u0627 \u0644\u0644\u062d\u0635\u0648\u0644 \u0639\u0644\u0649 \u0639\u0631\u0636 \u0623\u0633\u0639\u0627\u0631.<\/p>\n<h2>\u0645\u0648\u0627\u0635\u0641\u0627\u062a \u0637\u0642\u0645 \u0623\u0644\u0639\u0627\u0628 \u0645\u0631\u0643\u0628\u0627\u062a \u0627\u0644\u0628\u0646\u0627\u0621<\/h2>\n<table style=\"border-collapse: collapse; width: 343.52pt;\" border=\"0\" width=\"458\" cellspacing=\"0\" cellpadding=\"0\">\n<tbody>\n<tr style=\"height: 19.50pt;\">\n<td class=\"et3\" style=\"height: 19.50pt; width: 133.75pt;\" width=\"178\" height=\"26\">\u0631\u0642\u0645 \u0627\u0644\u0635\u0646\u0641:<\/td>\n<td class=\"et4\" style=\"width: 210.00pt;\" width=\"280\">CJ-4526031<\/td>\n<\/tr>\n<tr style=\"height: 19.50pt;\">\n<td class=\"et5\" style=\"height: 19.50pt; width: 133.75pt;\" width=\"178\" height=\"26\">\u0627\u0644\u062d\u0632\u0645\u0629:<\/td>\n<td class=\"et6\" style=\"width: 210.00pt;\" width=\"280\">\u0635\u0646\u062f\u0648\u0642 \u0623\u0644\u0648\u0627\u0646<\/td>\n<\/tr>\n<tr style=\"height: 20.25pt;\">\n<td class=\"et5\" style=\"height: 20.25pt; width: 133.75pt;\" width=\"178\" height=\"27\">\u062d\u062c\u0645 \u0627\u0644\u0639\u0628\u0648\u0629:<\/td>\n<td class=\"et6\" style=\"width: 210.00pt;\" width=\"280\">32.7\u00d715\u00d718.8 \u0633\u0645<\/td>\n<\/tr>\n<tr style=\"height: 19.50pt;\">\n<td class=\"et5\" style=\"height: 19.50pt; width: 133.75pt;\" width=\"178\" height=\"26\">\u062d\u062c\u0645 \u0627\u0644\u0643\u0631\u062a\u0648\u0646 \uff1a \u062d\u062c\u0645 \u0627\u0644\u0643\u0631\u062a\u0648\u0646<\/td>\n<td class=\"et6\" style=\"width: 210.00pt;\" width=\"280\">98.5 \u00d7 35.5 \u00d7 35.5 \u00d7 97 \u0633\u0645<\/td>\n<\/tr>\n<tr style=\"height: 20.25pt;\">\n<td class=\"et5\" style=\"height: 20.25pt; width: 133.75pt;\" width=\"178\" height=\"27\">\u0627\u0644\u0643\u0645\u064a\u0629\/\u0627\u0644\u0637\u0646<\/td>\n<td class=\"et6\" style=\"width: 210.00pt;\" width=\"280\">30 \u0642\u0637\u0639\u0629<\/td>\n<\/tr>\n<tr style=\"height: 19.50pt;\">\n<td class=\"et5\" style=\"height: 19.50pt; width: 133.75pt;\" width=\"178\" height=\"26\">\u062c.\u0648.\/\u0646.\u0648:<\/td>\n<td class=\"et6\" style=\"width: 210.00pt;\" width=\"280\">30 \/ 26.6 \u0643\u062c\u0645<\/td>\n<\/tr>\n<tr style=\"height: 20.25pt;\">\n<td class=\"et5\" style=\"height: 20.25pt; width: 133.75pt;\" width=\"178\" height=\"27\">\u0627\u0644\u0642\u064a\u0627\u0633:<\/td>\n<td class=\"et6\" style=\"width: 210.00pt;\" width=\"280\">0.34 \u0645\u062a\u0631 \u0645\u0643\u0639\u0628\/ 11.97 \u0642\u062f\u0645 \u0645\u0643\u0639\u0628<\/td>\n<\/tr>\n<\/tbody>\n<\/table>","protected":false},"featured_media":1371,"comment_status":"closed","ping_status":"closed","template":"","meta":{"_acf_changed":false},"product_brand":[],"product_cat":[26,31,94],"product_tag":[],"class_list":{"0":"post-1353","1":"product","2":"type-product","3":"status-publish","4":"has-post-thumbnail","6":"product_cat-wholesale-toys-for-all-ages","7":"product_cat-wholesale-toys-for-ages-5-and-up","8":"product_cat-wholesale-track-toy-set","10":"first","11":"instock","12":"shipping-taxable","13":"product-type-simple"},"acf":[],"_links":{"self":[{"href":"https:\/\/www.chengjitoy.com\/ar\/wp-json\/wp\/v2\/product\/1353","targetHints":{"allow":["GET"]}}],"collection":[{"href":"https:\/\/www.chengjitoy.com\/ar\/wp-json\/wp\/v2\/product"}],"about":[{"href":"https:\/\/www.chengjitoy.com\/ar\/wp-json\/wp\/v2\/types\/product"}],"replies":[{"embeddable":true,"href":"https:\/\/www.chengjitoy.com\/ar\/wp-json\/wp\/v2\/comments?post=1353"}],"wp:featuredmedia":[{"embeddable":true,"href":"https:\/\/www.chengjitoy.com\/ar\/wp-json\/wp\/v2\/media\/1371"}],"wp:attachment":[{"href":"https:\/\/www.chengjitoy.com\/ar\/wp-json\/wp\/v2\/media?parent=1353"}],"wp:term":[{"taxonomy":"product_brand","embeddable":true,"href":"https:\/\/www.chengjitoy.com\/ar\/wp-json\/wp\/v2\/product_brand?post=1353"},{"taxonomy":"product_cat","embeddable":true,"href":"https:\/\/www.chengjitoy.com\/ar\/wp-json\/wp\/v2\/product_cat?post=1353"},{"taxonomy":"product_tag","embeddable":true,"href":"https:\/\/www.chengjitoy.com\/ar\/wp-json\/wp\/v2\/product_tag?post=1353"}],"curies":[{"name":"\u062f\u0628\u0644\u064a\u0648 \u0628\u064a","href":"https:\/\/api.w.org\/{rel}","templated":true}]}}