{"id":1415,"date":"2025-06-23T02:36:02","date_gmt":"2025-06-23T02:36:02","guid":{"rendered":"https:\/\/www.chengjitoy.com\/?post_type=product&#038;p=1415"},"modified":"2025-06-30T00:43:34","modified_gmt":"2025-06-30T00:43:34","slug":"wholesale-picnic-pretend-play-toy-set-cj4533847","status":"publish","type":"product","link":"https:\/\/www.chengjitoy.com\/ar\/product\/wholesale-picnic-pretend-play-toy-set-cj4533847\/","title":{"rendered":"\u0623\u0637\u0642\u0645 \u0623\u0644\u0639\u0627\u0628 \u0627\u0644\u062a\u0638\u0627\u0647\u0631 \u0628\u0627\u0644\u0646\u0632\u0647\u0629 \u0644\u0644\u0623\u0637\u0641\u0627\u0644 \u0628\u0627\u0644\u062c\u0645\u0644\u0629 - \u0633\u0644\u0629 \u0646\u0632\u0647\u0629 \u0645\u0639 \u0623\u0644\u0639\u0627\u0628 \u0637\u0639\u0627\u0645 \u0648\u0627\u0642\u0639\u064a\u0629"},"content":{"rendered":"<div class=\"wp-block-columns is-layout-flex wp-container-core-columns-is-layout-9d6595d7 wp-block-columns-is-layout-flex\">\n<div class=\"wp-block-column is-layout-flow wp-block-column-is-layout-flow\" style=\"flex-basis:66.66%\">\n<figure class=\"wp-block-image size-full\"><img loading=\"lazy\" decoding=\"async\" width=\"770\" height=\"1476\" sizes=\"auto, (max-width: 770px) 100vw, 770px\" src=\"https:\/\/www.chengjitoy.com\/wp-content\/uploads\/2025\/06\/details-of-picnic-pretend-play-toy-set-1.webp\" alt=\"details of picnic pretend play toy set (1)\" class=\"wp-image-1416\" srcset=\"https:\/\/www.chengjitoy.com\/wp-content\/uploads\/2025\/06\/details-of-picnic-pretend-play-toy-set-1.webp 770w, https:\/\/www.chengjitoy.com\/wp-content\/uploads\/2025\/06\/details-of-picnic-pretend-play-toy-set-1-157x300.webp 157w, https:\/\/www.chengjitoy.com\/wp-content\/uploads\/2025\/06\/details-of-picnic-pretend-play-toy-set-1-768x1472.webp 768w, https:\/\/www.chengjitoy.com\/wp-content\/uploads\/2025\/06\/details-of-picnic-pretend-play-toy-set-1-600x1150.webp 600w\" \/><\/figure>\n\n\n\n<figure class=\"wp-block-image size-full\"><img loading=\"lazy\" decoding=\"async\" width=\"770\" height=\"1154\" sizes=\"auto, (max-width: 770px) 100vw, 770px\" src=\"https:\/\/www.chengjitoy.com\/wp-content\/uploads\/2025\/06\/details-of-picnic-pretend-play-toy-set-2.webp\" alt=\"details of picnic pretend play toy set (2)\" class=\"wp-image-1417\" srcset=\"https:\/\/www.chengjitoy.com\/wp-content\/uploads\/2025\/06\/details-of-picnic-pretend-play-toy-set-2.webp 770w, https:\/\/www.chengjitoy.com\/wp-content\/uploads\/2025\/06\/details-of-picnic-pretend-play-toy-set-2-200x300.webp 200w, https:\/\/www.chengjitoy.com\/wp-content\/uploads\/2025\/06\/details-of-picnic-pretend-play-toy-set-2-768x1151.webp 768w, https:\/\/www.chengjitoy.com\/wp-content\/uploads\/2025\/06\/details-of-picnic-pretend-play-toy-set-2-600x899.webp 600w\" \/><\/figure>\n\n\n\n<figure class=\"wp-block-image size-full\"><img loading=\"lazy\" decoding=\"async\" width=\"770\" height=\"1582\" sizes=\"auto, (max-width: 770px) 100vw, 770px\" src=\"https:\/\/www.chengjitoy.com\/wp-content\/uploads\/2025\/06\/details-of-picnic-pretend-play-toy-set-3.webp\" alt=\"details of picnic pretend play toy set (3)\" class=\"wp-image-1418\" srcset=\"https:\/\/www.chengjitoy.com\/wp-content\/uploads\/2025\/06\/details-of-picnic-pretend-play-toy-set-3.webp 770w, https:\/\/www.chengjitoy.com\/wp-content\/uploads\/2025\/06\/details-of-picnic-pretend-play-toy-set-3-146x300.webp 146w, https:\/\/www.chengjitoy.com\/wp-content\/uploads\/2025\/06\/details-of-picnic-pretend-play-toy-set-3-768x1578.webp 768w, https:\/\/www.chengjitoy.com\/wp-content\/uploads\/2025\/06\/details-of-picnic-pretend-play-toy-set-3-600x1233.webp 600w\" \/><\/figure>\n\n\n\n<figure class=\"wp-block-image size-full\"><img loading=\"lazy\" decoding=\"async\" width=\"770\" height=\"1330\" sizes=\"auto, (max-width: 770px) 100vw, 770px\" src=\"https:\/\/www.chengjitoy.com\/wp-content\/uploads\/2025\/06\/details-of-picnic-pretend-play-toy-set-4.webp\" alt=\"details of picnic pretend play toy set (4)\" class=\"wp-image-1422\" srcset=\"https:\/\/www.chengjitoy.com\/wp-content\/uploads\/2025\/06\/details-of-picnic-pretend-play-toy-set-4.webp 770w, https:\/\/www.chengjitoy.com\/wp-content\/uploads\/2025\/06\/details-of-picnic-pretend-play-toy-set-4-174x300.webp 174w, https:\/\/www.chengjitoy.com\/wp-content\/uploads\/2025\/06\/details-of-picnic-pretend-play-toy-set-4-768x1327.webp 768w, https:\/\/www.chengjitoy.com\/wp-content\/uploads\/2025\/06\/details-of-picnic-pretend-play-toy-set-4-600x1036.webp 600w\" \/><\/figure>\n\n\n\n<figure class=\"wp-block-image size-full\"><img loading=\"lazy\" decoding=\"async\" width=\"770\" height=\"1205\" sizes=\"auto, (max-width: 770px) 100vw, 770px\" src=\"https:\/\/www.chengjitoy.com\/wp-content\/uploads\/2025\/06\/details-of-picnic-pretend-play-toy-set-5.webp\" alt=\"details of picnic pretend play toy set (5)\" class=\"wp-image-1423\" srcset=\"https:\/\/www.chengjitoy.com\/wp-content\/uploads\/2025\/06\/details-of-picnic-pretend-play-toy-set-5.webp 770w, https:\/\/www.chengjitoy.com\/wp-content\/uploads\/2025\/06\/details-of-picnic-pretend-play-toy-set-5-192x300.webp 192w, https:\/\/www.chengjitoy.com\/wp-content\/uploads\/2025\/06\/details-of-picnic-pretend-play-toy-set-5-768x1202.webp 768w, https:\/\/www.chengjitoy.com\/wp-content\/uploads\/2025\/06\/details-of-picnic-pretend-play-toy-set-5-600x939.webp 600w\" \/><\/figure>\n\n\n\n<figure class=\"wp-block-image size-full\"><img loading=\"lazy\" decoding=\"async\" width=\"770\" height=\"1577\" sizes=\"auto, (max-width: 770px) 100vw, 770px\" src=\"https:\/\/www.chengjitoy.com\/wp-content\/uploads\/2025\/06\/details-of-picnic-pretend-play-toy-set-6.webp\" alt=\"details of picnic pretend play toy set (6)\" class=\"wp-image-1424\" srcset=\"https:\/\/www.chengjitoy.com\/wp-content\/uploads\/2025\/06\/details-of-picnic-pretend-play-toy-set-6.webp 770w, https:\/\/www.chengjitoy.com\/wp-content\/uploads\/2025\/06\/details-of-picnic-pretend-play-toy-set-6-146x300.webp 146w, https:\/\/www.chengjitoy.com\/wp-content\/uploads\/2025\/06\/details-of-picnic-pretend-play-toy-set-6-768x1573.webp 768w, https:\/\/www.chengjitoy.com\/wp-content\/uploads\/2025\/06\/details-of-picnic-pretend-play-toy-set-6-600x1229.webp 600w\" \/><\/figure>\n<\/div>\n\n\n\n<div class=\"wp-block-column is-layout-flow wp-block-column-is-layout-flow\" style=\"flex-basis:33.33%\"><\/div>\n<\/div>","protected":false},"excerpt":{"rendered":"<p>\u0647\u0630\u0647 \u0645\u062c\u0645\u0648\u0639\u0629 \u0623\u0644\u0639\u0627\u0628 \u0627\u0644\u062a\u0638\u0627\u0647\u0631 \u0628\u0627\u0644\u0646\u0632\u0647\u0629 \u0627\u0644\u0631\u0627\u0642\u064a\u0629 \u0627\u0644\u062a\u064a \u062a\u062a\u0636\u0645\u0646 \u0633\u0644\u0629 \u0645\u0646\u0633\u0648\u062c\u0629 \u0648\u0627\u0642\u0639\u064a\u0629 \u0648\u0623\u0643\u062b\u0631 \u0645\u0646 20 \u0642\u0637\u0639\u0629 \u0637\u0639\u0627\u0645 \u0648\u0627\u0642\u0639\u064a\u0629 (\u0628\u0645\u0627 \u0641\u064a \u0630\u0644\u0643 \u0627\u0644\u0628\u0631\u063a\u0631 \u0648\u0627\u0644\u0628\u0637\u0627\u0637\u0633 \u0627\u0644\u0645\u0642\u0644\u064a\u0629 \u0648\u0627\u0644\u0645\u0634\u0631\u0648\u0628\u0627\u062a) \u0648\u0633\u062c\u0627\u062f\u0629 \u0643\u0644\u0627\u0633\u064a\u0643\u064a\u0629 \u062d\u0645\u0631\u0627\u0621 \u0645\u0631\u0628\u0639\u0629 \u0627\u0644\u0634\u0643\u0644\u060c \u0645\u0645\u0627 \u064a\u0648\u0641\u0631 \u062a\u062c\u0631\u0628\u0629 \u0644\u0639\u0628 \u0623\u062f\u0648\u0627\u0631 \u0627\u0644\u0646\u0632\u0647\u0629. \u0646\u062d\u0646 \u0645\u0648\u0631\u062f \u0645\u062d\u062a\u0631\u0641 \u0644\u0623\u0644\u0639\u0627\u0628 \u0627\u0644\u062a\u0638\u0627\u0647\u0631 \u0628\u0627\u0644\u0644\u0639\u0628\u060c \u0627\u062a\u0635\u0644 \u0628\u0646\u0627 \u0644\u0644\u062d\u0635\u0648\u0644 \u0639\u0644\u0649 \u0639\u0631\u0636 \u0623\u0633\u0639\u0627\u0631.<\/p>\n<h2>\u0645\u0648\u0627\u0635\u0641\u0627\u062a \u0637\u0642\u0645 \u0623\u0644\u0639\u0627\u0628 \u0627\u0644\u062a\u0638\u0627\u0647\u0631 \u0628\u0627\u0644\u0646\u0632\u0647\u0629 \u0644\u0644\u062a\u0638\u0627\u0647\u0631 \u0628\u0627\u0644\u0644\u0639\u0628<\/h2>\n<table style=\"border-collapse: collapse; width: 343.52pt;\" border=\"0\" width=\"458\" cellspacing=\"0\" cellpadding=\"0\">\n<tbody>\n<tr style=\"height: 25.50pt;\">\n<td class=\"et2\" style=\"height: 25.50pt; width: 133.75pt;\" width=\"178\" height=\"34\">\u0631\u0642\u0645 \u0627\u0644\u0635\u0646\u0641:<\/td>\n<td class=\"et3\" style=\"width: 210.00pt;\" width=\"280\">CJ-4533847<\/td>\n<\/tr>\n<tr style=\"height: 25.50pt;\">\n<td class=\"et4\" style=\"height: 25.50pt; width: 133.75pt;\" width=\"178\" height=\"34\">\u0627\u0644\u062d\u0632\u0645\u0629:<\/td>\n<td class=\"et5\" style=\"width: 210.00pt;\" width=\"280\">\u0631\u0628\u0637\u0629 \u0639\u0646\u0642 \u0639\u0644\u0649 \u0627\u0644\u0628\u0637\u0627\u0642\u0629<\/td>\n<\/tr>\n<tr style=\"height: 25.50pt;\">\n<td class=\"et4\" style=\"height: 25.50pt; width: 133.75pt;\" width=\"178\" height=\"34\">\u062d\u062c\u0645 \u0627\u0644\u0639\u0628\u0648\u0629:<\/td>\n<td class=\"et5\" style=\"width: 210.00pt;\" width=\"280\">28 \u00d7 18.3 \u00d7 18.3 \u00d7 11.4 \u0633\u0645<\/td>\n<\/tr>\n<tr style=\"height: 25.50pt;\">\n<td class=\"et4\" style=\"height: 25.50pt; width: 133.75pt;\" width=\"178\" height=\"34\">\u062d\u062c\u0645 \u0627\u0644\u0643\u0631\u062a\u0648\u0646:<\/td>\n<td class=\"et5\" style=\"width: 210.00pt;\" width=\"280\">84 \u00d7 36.5 \u00d7 36.5 \u00d7 57 \u0633\u0645<\/td>\n<\/tr>\n<tr style=\"height: 25.50pt;\">\n<td class=\"et4\" style=\"height: 25.50pt; width: 133.75pt;\" width=\"178\" height=\"34\">\u0627\u0644\u0643\u0645\u064a\u0629\/\u0627\u0644\u0637\u0646<\/td>\n<td class=\"et5\" style=\"width: 210.00pt;\" width=\"280\">30 \u0642\u0637\u0639\u0629<\/td>\n<\/tr>\n<tr style=\"height: 25.50pt;\">\n<td class=\"et4\" style=\"height: 25.50pt; width: 133.75pt;\" width=\"178\" height=\"34\">\u062c.\u0648.\/\u0646.\u0648:<\/td>\n<td class=\"et5\" style=\"width: 210.00pt;\" width=\"280\">16.6 \/ 15.2 \u0643\u062c\u0645<\/td>\n<\/tr>\n<tr style=\"height: 25.50pt;\">\n<td class=\"et4\" style=\"height: 25.50pt; width: 133.75pt;\" width=\"178\" height=\"34\">\u0627\u0644\u0642\u064a\u0627\u0633:<\/td>\n<td class=\"et5\" style=\"width: 210.00pt;\" width=\"280\">0.17 \u0645\u062a\u0631 \u0645\u0643\u0639\u0628 \/ 6.17 \u0642\u062f\u0645 \u0645\u0643\u0639\u0628<\/td>\n<\/tr>\n<\/tbody>\n<\/table>","protected":false},"featured_media":1436,"comment_status":"closed","ping_status":"closed","template":"","meta":{"_acf_changed":false},"product_brand":[],"product_cat":[26,30,86,23],"product_tag":[],"class_list":{"0":"post-1415","1":"product","2":"type-product","3":"status-publish","4":"has-post-thumbnail","6":"product_cat-wholesale-toys-for-all-ages","7":"product_cat-wholesale-toys-for-ages-3-and-up","8":"product_cat-wholesale-toy-kitchen-sets","9":"product_cat-wholesale-pretend-play-toys","11":"first","12":"instock","13":"shipping-taxable","14":"product-type-simple"},"acf":[],"_links":{"self":[{"href":"https:\/\/www.chengjitoy.com\/ar\/wp-json\/wp\/v2\/product\/1415","targetHints":{"allow":["GET"]}}],"collection":[{"href":"https:\/\/www.chengjitoy.com\/ar\/wp-json\/wp\/v2\/product"}],"about":[{"href":"https:\/\/www.chengjitoy.com\/ar\/wp-json\/wp\/v2\/types\/product"}],"replies":[{"embeddable":true,"href":"https:\/\/www.chengjitoy.com\/ar\/wp-json\/wp\/v2\/comments?post=1415"}],"wp:featuredmedia":[{"embeddable":true,"href":"https:\/\/www.chengjitoy.com\/ar\/wp-json\/wp\/v2\/media\/1436"}],"wp:attachment":[{"href":"https:\/\/www.chengjitoy.com\/ar\/wp-json\/wp\/v2\/media?parent=1415"}],"wp:term":[{"taxonomy":"product_brand","embeddable":true,"href":"https:\/\/www.chengjitoy.com\/ar\/wp-json\/wp\/v2\/product_brand?post=1415"},{"taxonomy":"product_cat","embeddable":true,"href":"https:\/\/www.chengjitoy.com\/ar\/wp-json\/wp\/v2\/product_cat?post=1415"},{"taxonomy":"product_tag","embeddable":true,"href":"https:\/\/www.chengjitoy.com\/ar\/wp-json\/wp\/v2\/product_tag?post=1415"}],"curies":[{"name":"\u062f\u0628\u0644\u064a\u0648 \u0628\u064a","href":"https:\/\/api.w.org\/{rel}","templated":true}]}}