{"id":1444,"date":"2025-06-23T22:13:38","date_gmt":"2025-06-23T22:13:38","guid":{"rendered":"https:\/\/www.chengjitoy.com\/?post_type=product&#038;p=1444"},"modified":"2025-06-30T00:43:05","modified_gmt":"2025-06-30T00:43:05","slug":"wholesale-ball-and-track-toy-set-cj4537292","status":"publish","type":"product","link":"https:\/\/www.chengjitoy.com\/ar\/product\/wholesale-ball-and-track-toy-set-cj4537292\/","title":{"rendered":"\u0623\u0644\u0639\u0627\u0628 \u0627\u0644\u0643\u0631\u0629 \u0648\u0627\u0644\u0645\u0636\u0645\u0627\u0631 \u0628\u0627\u0644\u062c\u0645\u0644\u0629\u060c \u0645\u0639 \u0627\u0644\u0645\u0648\u0633\u064a\u0642\u0649 \u0648\u0627\u0644\u0623\u0636\u0648\u0627\u0621 - \u0645\u0648\u0631\u062f \u0623\u0644\u0639\u0627\u0628 \u0645\u0636\u0645\u0627\u0631 \u062a\u0634\u0646\u062c\u064a"},"content":{"rendered":"<div class=\"wp-block-columns is-layout-flex wp-container-core-columns-is-layout-9d6595d7 wp-block-columns-is-layout-flex\">\n<div class=\"wp-block-column is-layout-flow wp-block-column-is-layout-flow\" style=\"flex-basis:66.66%\">\n<figure class=\"wp-block-image size-full\"><img loading=\"lazy\" decoding=\"async\" width=\"790\" height=\"1777\" src=\"https:\/\/www.chengjitoy.com\/wp-content\/uploads\/2025\/06\/details-of-ball-and-track-toy-1.webp\" alt=\"\u062a\u0641\u0627\u0635\u064a\u0644 \u0644\u0639\u0628\u0629 \u0627\u0644\u0643\u0631\u0629 \u0648\u0627\u0644\u0645\u0633\u0627\u0631 (1)\" class=\"wp-image-1445\" srcset=\"https:\/\/www.chengjitoy.com\/wp-content\/uploads\/2025\/06\/details-of-ball-and-track-toy-1.webp 790w, https:\/\/www.chengjitoy.com\/wp-content\/uploads\/2025\/06\/details-of-ball-and-track-toy-1-133x300.webp 133w, https:\/\/www.chengjitoy.com\/wp-content\/uploads\/2025\/06\/details-of-ball-and-track-toy-1-768x1728.webp 768w, https:\/\/www.chengjitoy.com\/wp-content\/uploads\/2025\/06\/details-of-ball-and-track-toy-1-600x1350.webp 600w\" sizes=\"auto, (max-width: 790px) 100vw, 790px\" \/><\/figure>\n\n\n\n<figure class=\"wp-block-image size-full\"><img loading=\"lazy\" decoding=\"async\" width=\"790\" height=\"1368\" src=\"https:\/\/www.chengjitoy.com\/wp-content\/uploads\/2025\/06\/details-of-ball-and-track-toy-2.webp\" alt=\"\u062a\u0641\u0627\u0635\u064a\u0644 \u0644\u0639\u0628\u0629 \u0627\u0644\u0643\u0631\u0629 \u0648\u0627\u0644\u0645\u0633\u0627\u0631 (2)\" class=\"wp-image-1446\" srcset=\"https:\/\/www.chengjitoy.com\/wp-content\/uploads\/2025\/06\/details-of-ball-and-track-toy-2.webp 790w, https:\/\/www.chengjitoy.com\/wp-content\/uploads\/2025\/06\/details-of-ball-and-track-toy-2-173x300.webp 173w, https:\/\/www.chengjitoy.com\/wp-content\/uploads\/2025\/06\/details-of-ball-and-track-toy-2-768x1330.webp 768w, https:\/\/www.chengjitoy.com\/wp-content\/uploads\/2025\/06\/details-of-ball-and-track-toy-2-600x1039.webp 600w\" sizes=\"auto, (max-width: 790px) 100vw, 790px\" \/><\/figure>\n\n\n\n<figure class=\"wp-block-image size-full\"><img loading=\"lazy\" decoding=\"async\" width=\"790\" height=\"1367\" src=\"https:\/\/www.chengjitoy.com\/wp-content\/uploads\/2025\/06\/details-of-ball-and-track-toy-3.webp\" alt=\"\u062a\u0641\u0627\u0635\u064a\u0644 \u0644\u0639\u0628\u0629 \u0627\u0644\u0643\u0631\u0629 \u0648\u0627\u0644\u0645\u0633\u0627\u0631 (3)\" class=\"wp-image-1447\" srcset=\"https:\/\/www.chengjitoy.com\/wp-content\/uploads\/2025\/06\/details-of-ball-and-track-toy-3.webp 790w, https:\/\/www.chengjitoy.com\/wp-content\/uploads\/2025\/06\/details-of-ball-and-track-toy-3-173x300.webp 173w, https:\/\/www.chengjitoy.com\/wp-content\/uploads\/2025\/06\/details-of-ball-and-track-toy-3-768x1329.webp 768w, https:\/\/www.chengjitoy.com\/wp-content\/uploads\/2025\/06\/details-of-ball-and-track-toy-3-600x1038.webp 600w\" sizes=\"auto, (max-width: 790px) 100vw, 790px\" \/><\/figure>\n\n\n\n<figure class=\"wp-block-image size-full\"><img loading=\"lazy\" decoding=\"async\" width=\"790\" height=\"1245\" src=\"https:\/\/www.chengjitoy.com\/wp-content\/uploads\/2025\/06\/details-of-ball-and-track-toy-4.webp\" alt=\"\u062a\u0641\u0627\u0635\u064a\u0644 \u0644\u0639\u0628\u0629 \u0627\u0644\u0643\u0631\u0629 \u0648\u0627\u0644\u0645\u0633\u0627\u0631 (4)\" class=\"wp-image-1448\" srcset=\"https:\/\/www.chengjitoy.com\/wp-content\/uploads\/2025\/06\/details-of-ball-and-track-toy-4.webp 790w, https:\/\/www.chengjitoy.com\/wp-content\/uploads\/2025\/06\/details-of-ball-and-track-toy-4-190x300.webp 190w, https:\/\/www.chengjitoy.com\/wp-content\/uploads\/2025\/06\/details-of-ball-and-track-toy-4-768x1210.webp 768w, https:\/\/www.chengjitoy.com\/wp-content\/uploads\/2025\/06\/details-of-ball-and-track-toy-4-600x946.webp 600w\" sizes=\"auto, (max-width: 790px) 100vw, 790px\" \/><\/figure>\n\n\n\n<figure class=\"wp-block-image size-full\"><img loading=\"lazy\" decoding=\"async\" width=\"790\" height=\"1371\" src=\"https:\/\/www.chengjitoy.com\/wp-content\/uploads\/2025\/06\/details-of-ball-and-track-toy-5.webp\" alt=\"\u062a\u0641\u0627\u0635\u064a\u0644 \u0644\u0639\u0628\u0629 \u0627\u0644\u0643\u0631\u0629 \u0648\u0627\u0644\u0645\u0633\u0627\u0631 (5)\" class=\"wp-image-1449\" srcset=\"https:\/\/www.chengjitoy.com\/wp-content\/uploads\/2025\/06\/details-of-ball-and-track-toy-5.webp 790w, https:\/\/www.chengjitoy.com\/wp-content\/uploads\/2025\/06\/details-of-ball-and-track-toy-5-173x300.webp 173w, https:\/\/www.chengjitoy.com\/wp-content\/uploads\/2025\/06\/details-of-ball-and-track-toy-5-768x1333.webp 768w, https:\/\/www.chengjitoy.com\/wp-content\/uploads\/2025\/06\/details-of-ball-and-track-toy-5-600x1041.webp 600w\" sizes=\"auto, (max-width: 790px) 100vw, 790px\" \/><\/figure>\n\n\n\n<figure class=\"wp-block-image size-full\"><img loading=\"lazy\" decoding=\"async\" width=\"790\" height=\"1224\" src=\"https:\/\/www.chengjitoy.com\/wp-content\/uploads\/2025\/06\/details-of-ball-and-track-toy-6.webp\" alt=\"\u062a\u0641\u0627\u0635\u064a\u0644 \u0644\u0639\u0628\u0629 \u0627\u0644\u0643\u0631\u0629 \u0648\u0627\u0644\u0645\u0633\u0627\u0631 (6)\" class=\"wp-image-1450\" srcset=\"https:\/\/www.chengjitoy.com\/wp-content\/uploads\/2025\/06\/details-of-ball-and-track-toy-6.webp 790w, https:\/\/www.chengjitoy.com\/wp-content\/uploads\/2025\/06\/details-of-ball-and-track-toy-6-194x300.webp 194w, https:\/\/www.chengjitoy.com\/wp-content\/uploads\/2025\/06\/details-of-ball-and-track-toy-6-768x1190.webp 768w, https:\/\/www.chengjitoy.com\/wp-content\/uploads\/2025\/06\/details-of-ball-and-track-toy-6-600x930.webp 600w\" sizes=\"auto, (max-width: 790px) 100vw, 790px\" \/><\/figure>\n\n\n\n<figure class=\"wp-block-image size-full\"><img loading=\"lazy\" decoding=\"async\" width=\"790\" height=\"862\" src=\"https:\/\/www.chengjitoy.com\/wp-content\/uploads\/2025\/06\/details-of-ball-and-track-toy-7.webp\" alt=\"\u062a\u0641\u0627\u0635\u064a\u0644 \u0644\u0639\u0628\u0629 \u0627\u0644\u0643\u0631\u0629 \u0648\u0627\u0644\u0645\u0633\u0627\u0631 (7)\" class=\"wp-image-1451\" srcset=\"https:\/\/www.chengjitoy.com\/wp-content\/uploads\/2025\/06\/details-of-ball-and-track-toy-7.webp 790w, https:\/\/www.chengjitoy.com\/wp-content\/uploads\/2025\/06\/details-of-ball-and-track-toy-7-275x300.webp 275w, https:\/\/www.chengjitoy.com\/wp-content\/uploads\/2025\/06\/details-of-ball-and-track-toy-7-768x838.webp 768w, https:\/\/www.chengjitoy.com\/wp-content\/uploads\/2025\/06\/details-of-ball-and-track-toy-7-600x655.webp 600w\" sizes=\"auto, (max-width: 790px) 100vw, 790px\" \/><\/figure>\n\n\n\n<figure class=\"wp-block-image size-full\"><img loading=\"lazy\" decoding=\"async\" width=\"790\" height=\"927\" src=\"https:\/\/www.chengjitoy.com\/wp-content\/uploads\/2025\/06\/details-of-ball-and-track-toy-8.webp\" alt=\"\u062a\u0641\u0627\u0635\u064a\u0644 \u0644\u0639\u0628\u0629 \u0627\u0644\u0643\u0631\u0629 \u0648\u0627\u0644\u0645\u0633\u0627\u0631 (8)\" class=\"wp-image-1452\" srcset=\"https:\/\/www.chengjitoy.com\/wp-content\/uploads\/2025\/06\/details-of-ball-and-track-toy-8.webp 790w, https:\/\/www.chengjitoy.com\/wp-content\/uploads\/2025\/06\/details-of-ball-and-track-toy-8-256x300.webp 256w, https:\/\/www.chengjitoy.com\/wp-content\/uploads\/2025\/06\/details-of-ball-and-track-toy-8-768x901.webp 768w, https:\/\/www.chengjitoy.com\/wp-content\/uploads\/2025\/06\/details-of-ball-and-track-toy-8-600x704.webp 600w\" sizes=\"auto, (max-width: 790px) 100vw, 790px\" \/><\/figure>\n<\/div>\n\n\n\n<div class=\"wp-block-column is-layout-flow wp-block-column-is-layout-flow\" style=\"flex-basis:33.33%\"><\/div>\n<\/div>","protected":false},"excerpt":{"rendered":"<p>\u0645\u062c\u0645\u0648\u0639\u0629 \u0623\u0644\u0639\u0627\u0628 \u0627\u0644\u0643\u0631\u0629 \u0648\u0627\u0644\u0645\u0636\u0645\u0627\u0631 \u0628\u0627\u0644\u062c\u0645\u0644\u0629\u060c \u0648\u0647\u064a \u0645\u062c\u0645\u0648\u0639\u0629 \u0623\u0644\u0639\u0627\u0628 \u0643\u0631\u0629 \u0627\u0644\u0645\u0636\u0645\u0627\u0631 \u0627\u0644\u0645\u0633\u062a\u0648\u062d\u0627\u0629 \u0645\u0646 \u0648\u062d\u064a\u062f \u0627\u0644\u0642\u0631\u0646 \u0627\u0644\u0623\u0643\u062b\u0631 \u0645\u0628\u064a\u0639\u0627\u064b \u0648\u0627\u0644\u062a\u064a \u062a\u062c\u0630\u0628 \u0627\u0644\u0623\u0637\u0641\u0627\u0644 \u0645\u0646 \u062e\u0644\u0627\u0644 \u0627\u0644\u0636\u0648\u0621 \u0648\u0627\u0644\u0635\u0648\u062a \u0648\u0627\u0644\u062d\u0631\u0643\u0629 \u0648\u0627\u0644\u062a\u0641\u0627\u0639\u0644 \u0628\u0627\u0644\u0644\u0645\u0633. \u062a\u0634\u062a\u0645\u0644 \u0647\u0630\u0647 \u0627\u0644\u0644\u0639\u0628\u0629 \u0639\u0644\u0649 \u0646\u0638\u0627\u0645 \u0627\u0646\u0632\u0644\u0627\u0642 \u062b\u0644\u0627\u062b\u064a \u0627\u0644\u0637\u0628\u0642\u0627\u062a \u0648\u0631\u0630\u0627\u0630 \u0628\u0631\u0643\u0627\u0646 \u0648\u0627\u0642\u0639\u064a\u060c \u0648\u0647\u0648 \u0623\u0645\u0631 \u0645\u0645\u062a\u0639 \u0648\u062a\u0639\u0644\u064a\u0645\u064a \u0641\u064a \u0622\u0646 \u0648\u0627\u062d\u062f. \u0645\u0646\u0627\u0633\u0628\u0629 \u0644\u0631\u064a\u0627\u0636 \u0627\u0644\u0623\u0637\u0641\u0627\u0644 \u0648\u0645\u062a\u0627\u062c\u0631 \u0627\u0644\u0623\u0644\u0639\u0627\u0628 \u0648\u0645\u0631\u0627\u0643\u0632 \u0627\u0644\u062a\u0639\u0644\u064a\u0645 \u0641\u064a \u0645\u0631\u062d\u0644\u0629 \u0627\u0644\u0637\u0641\u0648\u0644\u0629 \u0627\u0644\u0645\u0628\u0643\u0631\u0629 \u0648\u062a\u062c\u0627\u0631 \u0627\u0644\u062a\u062c\u0632\u0626\u0629 \u0644\u0644\u0647\u062f\u0627\u064a\u0627 \u0644\u0644\u0634\u0631\u0627\u0621 \u0628\u0643\u0645\u064a\u0627\u062a \u0643\u0628\u064a\u0631\u0629. \u0646\u062d\u0646 \u0646\u0642\u062f\u0645 \u062e\u062f\u0645\u0627\u062a \u062a\u062e\u0635\u064a\u0635 \u0645\u0648\u0643 \u0645\u0646\u062e\u0641\u0636\u0629 \u0648\u062e\u062f\u0645\u0627\u062a \u062a\u062e\u0635\u064a\u0635 OEM\/ODM\u060c \u0645\u0631\u062d\u0628\u064b\u0627 \u0628\u0643\u0645 \u0641\u064a \u0627\u0644\u0627\u062a\u0635\u0627\u0644 \u0628\u0646\u0627.<\/p>\n<h2>\u0645\u0648\u0627\u0635\u0641\u0627\u062a \u0644\u0639\u0628\u0629 \u0627\u0644\u0643\u0631\u0629 \u0648\u0627\u0644\u0645\u0633\u0627\u0631<\/h2>\n<table style=\"border-collapse: collapse; width: 343.52pt;\" border=\"0\" width=\"458\" cellspacing=\"0\" cellpadding=\"0\">\n<tbody>\n<tr style=\"height: 20.25pt;\">\n<td class=\"et3\" style=\"height: 20.25pt; width: 133.75pt;\" width=\"178\" height=\"27\">\u0631\u0642\u0645 \u0627\u0644\u0635\u0646\u0641:<\/td>\n<td class=\"et4\" style=\"width: 210.00pt;\" width=\"280\">CJ-4537292<\/td>\n<\/tr>\n<tr style=\"height: 19.50pt;\">\n<td class=\"et5\" style=\"height: 19.50pt; width: 133.75pt;\" width=\"178\" height=\"26\">\u0627\u0644\u062d\u0632\u0645\u0629:<\/td>\n<td class=\"et6\" style=\"width: 210.00pt;\" width=\"280\">\u0635\u0646\u062f\u0648\u0642 \u0623\u0644\u0648\u0627\u0646<\/td>\n<\/tr>\n<tr style=\"height: 19.50pt;\">\n<td class=\"et5\" style=\"height: 19.50pt; width: 133.75pt;\" width=\"178\" height=\"26\">\u062d\u062c\u0645 \u0627\u0644\u0639\u0628\u0648\u0629:<\/td>\n<td class=\"et6\" style=\"width: 210.00pt;\" width=\"280\">33.5 \u00d7 23.5 \u00d7 9.5 \u00d7 9.5 \u0633\u0645<\/td>\n<\/tr>\n<tr style=\"height: 20.25pt;\">\n<td class=\"et5\" style=\"height: 20.25pt; width: 133.75pt;\" width=\"178\" height=\"27\">\u062d\u062c\u0645 \u0627\u0644\u0643\u0631\u062a\u0648\u0646:<\/td>\n<td class=\"et6\" style=\"width: 210.00pt;\" width=\"280\">59.5 \u00d7 34.5 \u00d7 34.5 \u00d7 49 \u0633\u0645<\/td>\n<\/tr>\n<tr style=\"height: 19.50pt;\">\n<td class=\"et5\" style=\"height: 19.50pt; width: 133.75pt;\" width=\"178\" height=\"26\">\u0627\u0644\u0643\u0645\u064a\u0629\/\u0627\u0644\u0637\u0646<\/td>\n<td class=\"et6\" style=\"width: 210.00pt;\" width=\"280\">12 \u0642\u0637\u0639\u0629<\/td>\n<\/tr>\n<tr style=\"height: 20.25pt;\">\n<td class=\"et5\" style=\"height: 20.25pt; width: 133.75pt;\" width=\"178\" height=\"27\">\u062c.\u0648.\/\u0646.\u0648:<\/td>\n<td class=\"et6\" style=\"width: 210.00pt;\" width=\"280\">10.6 \/ 9.6 \u0643\u062c\u0645<\/td>\n<\/tr>\n<tr style=\"height: 19.50pt;\">\n<td class=\"et5\" style=\"height: 19.50pt; width: 133.75pt;\" width=\"178\" height=\"26\">\u0627\u0644\u0642\u064a\u0627\u0633:<\/td>\n<td class=\"et6\" style=\"width: 210.00pt;\" width=\"280\">0.1 \u0645\u062a\u0631 \u0645\u0643\u0639\u0628 \/ 3.55 \u0642\u062f\u0645 \u0645\u0643\u0639\u0628<\/td>\n<\/tr>\n<\/tbody>\n<\/table>","protected":false},"featured_media":1453,"comment_status":"closed","ping_status":"closed","template":"","meta":{"_acf_changed":false},"product_brand":[],"product_cat":[26,30,94],"product_tag":[],"class_list":{"0":"post-1444","1":"product","2":"type-product","3":"status-publish","4":"has-post-thumbnail","6":"product_cat-wholesale-toys-for-all-ages","7":"product_cat-wholesale-toys-for-ages-3-and-up","8":"product_cat-wholesale-track-toy-set","10":"first","11":"instock","12":"shipping-taxable","13":"product-type-simple"},"acf":[],"_links":{"self":[{"href":"https:\/\/www.chengjitoy.com\/ar\/wp-json\/wp\/v2\/product\/1444","targetHints":{"allow":["GET"]}}],"collection":[{"href":"https:\/\/www.chengjitoy.com\/ar\/wp-json\/wp\/v2\/product"}],"about":[{"href":"https:\/\/www.chengjitoy.com\/ar\/wp-json\/wp\/v2\/types\/product"}],"replies":[{"embeddable":true,"href":"https:\/\/www.chengjitoy.com\/ar\/wp-json\/wp\/v2\/comments?post=1444"}],"wp:featuredmedia":[{"embeddable":true,"href":"https:\/\/www.chengjitoy.com\/ar\/wp-json\/wp\/v2\/media\/1453"}],"wp:attachment":[{"href":"https:\/\/www.chengjitoy.com\/ar\/wp-json\/wp\/v2\/media?parent=1444"}],"wp:term":[{"taxonomy":"product_brand","embeddable":true,"href":"https:\/\/www.chengjitoy.com\/ar\/wp-json\/wp\/v2\/product_brand?post=1444"},{"taxonomy":"product_cat","embeddable":true,"href":"https:\/\/www.chengjitoy.com\/ar\/wp-json\/wp\/v2\/product_cat?post=1444"},{"taxonomy":"product_tag","embeddable":true,"href":"https:\/\/www.chengjitoy.com\/ar\/wp-json\/wp\/v2\/product_tag?post=1444"}],"curies":[{"name":"\u062f\u0628\u0644\u064a\u0648 \u0628\u064a","href":"https:\/\/api.w.org\/{rel}","templated":true}]}}