{"id":1514,"date":"2025-06-24T02:07:51","date_gmt":"2025-06-24T02:07:51","guid":{"rendered":"https:\/\/www.chengjitoy.com\/?post_type=product&#038;p=1514"},"modified":"2025-06-30T00:41:30","modified_gmt":"2025-06-30T00:41:30","slug":"wholesale-automatic-bubble-wand-toy-cj4834165","status":"publish","type":"product","link":"https:\/\/www.chengjitoy.com\/ar\/product\/wholesale-automatic-bubble-wand-toy-cj4834165\/","title":{"rendered":"\u0623\u0644\u0639\u0627\u0628 \u0641\u0642\u0627\u0639\u0627\u062a \u0628\u0627\u0644\u062c\u0645\u0644\u0629 \u0639\u0644\u0649 \u0634\u0643\u0644 \u0641\u0631\u0634\u0627\u0629 \u062e\u0637 \u0635\u064a\u0646\u064a\u060c \u0639\u0635\u064a \u0641\u0642\u0627\u0639\u0627\u062a \u0623\u0648\u062a\u0648\u0645\u0627\u062a\u064a\u0643\u064a\u0629 \u0628\u0627\u0644\u062c\u0645\u0644\u0629 \u0644\u0644\u0628\u064a\u0639"},"content":{"rendered":"<div class=\"wp-block-columns is-layout-flex wp-container-core-columns-is-layout-9d6595d7 wp-block-columns-is-layout-flex\">\n<div class=\"wp-block-column is-layout-flow wp-block-column-is-layout-flow\" style=\"flex-basis:66.66%\">\n<figure class=\"wp-block-image size-full\"><img loading=\"lazy\" decoding=\"async\" width=\"770\" height=\"1822\" sizes=\"auto, (max-width: 770px) 100vw, 770px\" src=\"https:\/\/www.chengjitoy.com\/wp-content\/uploads\/2025\/06\/details-of-automatic-bubble-wand\u200b-toy-1.webp\" alt=\"\u062a\u0641\u0627\u0635\u064a\u0644 \u0644\u0639\u0628\u0629 \u0639\u0635\u0627 \u0627\u0644\u0641\u0642\u0627\u0639\u0627\u062a \u0627\u0644\u0623\u0648\u062a\u0648\u0645\u0627\u062a\u064a\u0643\u064a\u0629 (1)\" class=\"wp-image-1521\" srcset=\"https:\/\/www.chengjitoy.com\/wp-content\/uploads\/2025\/06\/details-of-automatic-bubble-wand\u200b-toy-1.webp 770w, https:\/\/www.chengjitoy.com\/wp-content\/uploads\/2025\/06\/details-of-automatic-bubble-wand\u200b-toy-1-127x300.webp 127w, https:\/\/www.chengjitoy.com\/wp-content\/uploads\/2025\/06\/details-of-automatic-bubble-wand\u200b-toy-1-768x1817.webp 768w, https:\/\/www.chengjitoy.com\/wp-content\/uploads\/2025\/06\/details-of-automatic-bubble-wand\u200b-toy-1-600x1420.webp 600w\" \/><\/figure>\n\n\n\n<figure class=\"wp-block-image size-full\"><img loading=\"lazy\" decoding=\"async\" width=\"770\" height=\"1250\" sizes=\"auto, (max-width: 770px) 100vw, 770px\" src=\"https:\/\/www.chengjitoy.com\/wp-content\/uploads\/2025\/06\/details-of-automatic-bubble-wand\u200b-toy-2.webp\" alt=\"\u062a\u0641\u0627\u0635\u064a\u0644 \u0644\u0639\u0628\u0629 \u0639\u0635\u0627 \u0627\u0644\u0641\u0642\u0627\u0639\u0627\u062a \u0627\u0644\u0623\u0648\u062a\u0648\u0645\u0627\u062a\u064a\u0643\u064a\u0629 (2)\" class=\"wp-image-1522\" srcset=\"https:\/\/www.chengjitoy.com\/wp-content\/uploads\/2025\/06\/details-of-automatic-bubble-wand\u200b-toy-2.webp 770w, https:\/\/www.chengjitoy.com\/wp-content\/uploads\/2025\/06\/details-of-automatic-bubble-wand\u200b-toy-2-185x300.webp 185w, https:\/\/www.chengjitoy.com\/wp-content\/uploads\/2025\/06\/details-of-automatic-bubble-wand\u200b-toy-2-768x1247.webp 768w, https:\/\/www.chengjitoy.com\/wp-content\/uploads\/2025\/06\/details-of-automatic-bubble-wand\u200b-toy-2-600x974.webp 600w\" \/><\/figure>\n\n\n\n<figure class=\"wp-block-image size-full\"><img loading=\"lazy\" decoding=\"async\" width=\"770\" height=\"1545\" sizes=\"auto, (max-width: 770px) 100vw, 770px\" src=\"https:\/\/www.chengjitoy.com\/wp-content\/uploads\/2025\/06\/details-of-automatic-bubble-wand\u200b-toy-3.webp\" alt=\"\u062a\u0641\u0627\u0635\u064a\u0644 \u0644\u0639\u0628\u0629 \u0639\u0635\u0627 \u0627\u0644\u0641\u0642\u0627\u0639\u0627\u062a \u0627\u0644\u0623\u0648\u062a\u0648\u0645\u0627\u062a\u064a\u0643\u064a\u0629 (3)\" class=\"wp-image-1523\" srcset=\"https:\/\/www.chengjitoy.com\/wp-content\/uploads\/2025\/06\/details-of-automatic-bubble-wand\u200b-toy-3.webp 770w, https:\/\/www.chengjitoy.com\/wp-content\/uploads\/2025\/06\/details-of-automatic-bubble-wand\u200b-toy-3-150x300.webp 150w, https:\/\/www.chengjitoy.com\/wp-content\/uploads\/2025\/06\/details-of-automatic-bubble-wand\u200b-toy-3-768x1541.webp 768w, https:\/\/www.chengjitoy.com\/wp-content\/uploads\/2025\/06\/details-of-automatic-bubble-wand\u200b-toy-3-600x1204.webp 600w\" \/><\/figure>\n\n\n\n<figure class=\"wp-block-image size-full\"><img loading=\"lazy\" decoding=\"async\" width=\"770\" height=\"1555\" sizes=\"auto, (max-width: 770px) 100vw, 770px\" src=\"https:\/\/www.chengjitoy.com\/wp-content\/uploads\/2025\/06\/details-of-automatic-bubble-wand\u200b-toy-4.webp\" alt=\"\u062a\u0641\u0627\u0635\u064a\u0644 \u0644\u0639\u0628\u0629 \u0639\u0635\u0627 \u0627\u0644\u0641\u0642\u0627\u0639\u0627\u062a \u0627\u0644\u0623\u0648\u062a\u0648\u0645\u0627\u062a\u064a\u0643\u064a\u0629 (4)\" class=\"wp-image-1524\" srcset=\"https:\/\/www.chengjitoy.com\/wp-content\/uploads\/2025\/06\/details-of-automatic-bubble-wand\u200b-toy-4.webp 770w, https:\/\/www.chengjitoy.com\/wp-content\/uploads\/2025\/06\/details-of-automatic-bubble-wand\u200b-toy-4-149x300.webp 149w, https:\/\/www.chengjitoy.com\/wp-content\/uploads\/2025\/06\/details-of-automatic-bubble-wand\u200b-toy-4-768x1551.webp 768w, https:\/\/www.chengjitoy.com\/wp-content\/uploads\/2025\/06\/details-of-automatic-bubble-wand\u200b-toy-4-600x1212.webp 600w\" \/><\/figure>\n\n\n\n<figure class=\"wp-block-image size-full\"><img loading=\"lazy\" decoding=\"async\" width=\"770\" height=\"673\" sizes=\"auto, (max-width: 770px) 100vw, 770px\" src=\"https:\/\/www.chengjitoy.com\/wp-content\/uploads\/2025\/06\/details-of-automatic-bubble-wand\u200b-toy-5.webp\" alt=\"\u062a\u0641\u0627\u0635\u064a\u0644 \u0644\u0639\u0628\u0629 \u0639\u0635\u0627 \u0627\u0644\u0641\u0642\u0627\u0639\u0627\u062a \u0627\u0644\u0623\u0648\u062a\u0648\u0645\u0627\u062a\u064a\u0643\u064a\u0629 (5)\" class=\"wp-image-1525\" srcset=\"https:\/\/www.chengjitoy.com\/wp-content\/uploads\/2025\/06\/details-of-automatic-bubble-wand\u200b-toy-5.webp 770w, https:\/\/www.chengjitoy.com\/wp-content\/uploads\/2025\/06\/details-of-automatic-bubble-wand\u200b-toy-5-300x262.webp 300w, https:\/\/www.chengjitoy.com\/wp-content\/uploads\/2025\/06\/details-of-automatic-bubble-wand\u200b-toy-5-768x671.webp 768w, https:\/\/www.chengjitoy.com\/wp-content\/uploads\/2025\/06\/details-of-automatic-bubble-wand\u200b-toy-5-600x524.webp 600w\" \/><\/figure>\n\n\n\n<figure class=\"wp-block-image size-full\"><img loading=\"lazy\" decoding=\"async\" width=\"770\" height=\"2744\" sizes=\"auto, (max-width: 770px) 100vw, 770px\" src=\"https:\/\/www.chengjitoy.com\/wp-content\/uploads\/2025\/06\/details-of-automatic-bubble-wand\u200b-toy-6.webp\" alt=\"\u062a\u0641\u0627\u0635\u064a\u0644 \u0644\u0639\u0628\u0629 \u0639\u0635\u0627 \u0627\u0644\u0641\u0642\u0627\u0639\u0627\u062a \u0627\u0644\u0623\u0648\u062a\u0648\u0645\u0627\u062a\u064a\u0643\u064a\u0629 (6)\" class=\"wp-image-1526\" srcset=\"https:\/\/www.chengjitoy.com\/wp-content\/uploads\/2025\/06\/details-of-automatic-bubble-wand\u200b-toy-6.webp 770w, https:\/\/www.chengjitoy.com\/wp-content\/uploads\/2025\/06\/details-of-automatic-bubble-wand\u200b-toy-6-84x300.webp 84w, https:\/\/www.chengjitoy.com\/wp-content\/uploads\/2025\/06\/details-of-automatic-bubble-wand\u200b-toy-6-768x2737.webp 768w, https:\/\/www.chengjitoy.com\/wp-content\/uploads\/2025\/06\/details-of-automatic-bubble-wand\u200b-toy-6-600x2138.webp 600w\" \/><\/figure>\n<\/div>\n\n\n\n<div class=\"wp-block-column is-layout-flow wp-block-column-is-layout-flow\" style=\"flex-basis:33.33%\"><\/div>\n<\/div>","protected":false},"excerpt":{"rendered":"<p>\u0623\u0644\u0639\u0627\u0628 \u0641\u0642\u0627\u0639\u0627\u062a \u0639\u0644\u0649 \u0634\u0643\u0644 \u0641\u0631\u0634\u0627\u0629 \u062e\u0637\u064a\u0629 \u0628\u0627\u0644\u062c\u0645\u0644\u0629. \u0635\u064f\u0645\u0645\u062a \u0644\u0639\u0628\u0629 \u0627\u0644\u0641\u0642\u0627\u0639\u0627\u062a \u0627\u0644\u0642\u0627\u0628\u0644\u0629 \u0644\u0625\u0639\u0627\u062f\u0629 \u0627\u0644\u0634\u062d\u0646 \u0647\u0630\u0647 \u0644\u062a\u0648\u0641\u0631 \u0645\u062a\u0639\u0629 \u0644\u0627 \u0646\u0647\u0627\u064a\u0629 \u0644\u0647\u0627 \u0648\u062a\u0639\u0628\u064a\u0631\u064b\u0627 \u0625\u0628\u062f\u0627\u0639\u064a\u064b\u0627\u060c \u0648\u0647\u064a \u0645\u0635\u0645\u0645\u0629 \u0644\u0625\u0636\u0627\u0621\u0629 LED \u0648\u062a\u0634\u063a\u064a\u0644\u0647\u0627 \u0628\u0644\u0645\u0633\u0629 \u0648\u0627\u062d\u062f\u0629. \u062a\u064f\u0646\u062a\u062c \u062a\u0644\u0642\u0627\u0626\u064a\u064b\u0627 \u062a\u064a\u0627\u0631\u064b\u0627 \u062b\u0627\u0628\u062a\u064b\u0627 \u0645\u0646 \u0627\u0644\u0641\u0642\u0627\u0639\u0627\u062a \u062f\u0648\u0646 \u0646\u0641\u062e\u060c \u0648\u062a\u062a\u064a\u062d \u0645\u064a\u0632\u0629 \u0627\u0644\u0631\u0633\u0645 \u0639\u0644\u0649 \u0627\u0644\u0647\u0648\u0627\u0621 \u0627\u0644\u0645\u0628\u062a\u0643\u0631\u0629 \u0644\u0644\u0623\u0637\u0641\u0627\u0644 \u0631\u0633\u0645 \u0627\u0644\u062d\u0631\u0648\u0641 \u0648\u0627\u0644\u0623\u0634\u0643\u0627\u0644 \u0641\u064a \u0627\u0644\u0647\u0648\u0627\u0621 \u0623\u0648 \u0639\u0644\u0649 \u0627\u0644\u0623\u0633\u0637\u062d \u0645\u062b\u0644 \u0627\u0644\u0646\u0648\u0627\u0641\u0630 \u0648\u0627\u0644\u0645\u0627\u0621. \u062a\u062a\u0648\u0641\u0631 \u0639\u0645\u0644\u064a\u0627\u062a \u0627\u0644\u0634\u0631\u0627\u0621 \u0628\u0627\u0644\u062c\u0645\u0644\u0629\u060c \u0627\u062a\u0635\u0644 \u0628\u0646\u0627 \u0644\u0644\u062d\u0635\u0648\u0644 \u0639\u0644\u0649 \u0639\u0631\u0636 \u0623\u0633\u0639\u0627\u0631.<\/p>\n<h2>\u0645\u0648\u0627\u0635\u0641\u0627\u062a \u0644\u0639\u0628\u0629 \u0639\u0635\u0627 \u0627\u0644\u0641\u0642\u0627\u0639\u0627\u062a \u0627\u0644\u0623\u0648\u062a\u0648\u0645\u0627\u062a\u064a\u0643\u064a\u0629<\/h2>\n<table style=\"border-collapse: collapse; width: 343.52pt;\" border=\"0\" width=\"458\" cellspacing=\"0\" cellpadding=\"0\">\n<tbody>\n<tr style=\"height: 21.00pt;\">\n<td class=\"et2\" style=\"height: 21.00pt; width: 133.75pt;\" width=\"178\" height=\"28\">\u0631\u0642\u0645 \u0627\u0644\u0635\u0646\u0641:<\/td>\n<td class=\"et3\" style=\"width: 210.00pt;\" width=\"280\">CJ-4834165<\/td>\n<\/tr>\n<tr style=\"height: 21.00pt;\">\n<td class=\"et4\" style=\"height: 21.00pt; width: 133.75pt;\" width=\"178\" height=\"28\">\u0627\u0644\u062d\u0632\u0645\u0629:<\/td>\n<td class=\"et5\" style=\"width: 210.00pt;\" width=\"280\">\u0635\u0646\u062f\u0648\u0642 \u0623\u0644\u0648\u0627\u0646<\/td>\n<\/tr>\n<tr style=\"height: 21.00pt;\">\n<td class=\"et4\" style=\"height: 21.00pt; width: 133.75pt;\" width=\"178\" height=\"28\">\u062d\u062c\u0645 \u0627\u0644\u0639\u0628\u0648\u0629:<\/td>\n<td class=\"et5\" style=\"width: 210.00pt;\" width=\"280\">15.6 \u00d7 11\u00d711\u00d736.5 \u0633\u0645<\/td>\n<\/tr>\n<tr style=\"height: 21.00pt;\">\n<td class=\"et4\" style=\"height: 21.00pt; width: 133.75pt;\" width=\"178\" height=\"28\">\u062d\u062c\u0645 \u0627\u0644\u0643\u0631\u062a\u0648\u0646 \uff1a \u062d\u062c\u0645 \u0627\u0644\u0643\u0631\u062a\u0648\u0646<\/td>\n<td class=\"et5\" style=\"width: 210.00pt;\" width=\"280\">80 \u00d7 38.5 \u00d7 38.5 \u00d7 47 \u0633\u0645<\/td>\n<\/tr>\n<tr style=\"height: 21.00pt;\">\n<td class=\"et4\" style=\"height: 21.00pt; width: 133.75pt;\" width=\"178\" height=\"28\">\u0627\u0644\u0643\u0645\u064a\u0629\/\u0627\u0644\u0637\u0646<\/td>\n<td class=\"et5\" style=\"width: 210.00pt;\" width=\"280\">56 \u0642\u0637\u0639\u0629<\/td>\n<\/tr>\n<tr style=\"height: 21.00pt;\">\n<td class=\"et4\" style=\"height: 21.00pt; width: 133.75pt;\" width=\"178\" height=\"28\">\u062c.\u0648.\/\u0646.\u0648:<\/td>\n<td class=\"et5\" style=\"width: 210.00pt;\" width=\"280\">16.9 \/ 15.4 \u0643\u062c\u0645<\/td>\n<\/tr>\n<tr style=\"height: 21.00pt;\">\n<td class=\"et4\" style=\"height: 21.00pt; width: 133.75pt;\" width=\"178\" height=\"28\">\u0627\u0644\u0642\u064a\u0627\u0633:<\/td>\n<td class=\"et5\" style=\"width: 210.00pt;\" width=\"280\">0.14 \u0645\u062a\u0631 \u0645\u0643\u0639\u0628 \/ 5.11 \u0642\u062f\u0645 \u0645\u0643\u0639\u0628<\/td>\n<\/tr>\n<\/tbody>\n<\/table>","protected":false},"featured_media":1527,"comment_status":"closed","ping_status":"closed","template":"","meta":{"_acf_changed":true},"product_brand":[],"product_cat":[26,31,63,21],"product_tag":[],"class_list":{"0":"post-1514","1":"product","2":"type-product","3":"status-publish","4":"has-post-thumbnail","6":"product_cat-wholesale-toys-for-all-ages","7":"product_cat-wholesale-toys-for-ages-5-and-up","8":"product_cat-wholesale-bubble-toys","9":"product_cat-wholesale-summer-toys","11":"first","12":"instock","13":"shipping-taxable","14":"product-type-simple"},"acf":[],"_links":{"self":[{"href":"https:\/\/www.chengjitoy.com\/ar\/wp-json\/wp\/v2\/product\/1514","targetHints":{"allow":["GET"]}}],"collection":[{"href":"https:\/\/www.chengjitoy.com\/ar\/wp-json\/wp\/v2\/product"}],"about":[{"href":"https:\/\/www.chengjitoy.com\/ar\/wp-json\/wp\/v2\/types\/product"}],"replies":[{"embeddable":true,"href":"https:\/\/www.chengjitoy.com\/ar\/wp-json\/wp\/v2\/comments?post=1514"}],"wp:featuredmedia":[{"embeddable":true,"href":"https:\/\/www.chengjitoy.com\/ar\/wp-json\/wp\/v2\/media\/1527"}],"wp:attachment":[{"href":"https:\/\/www.chengjitoy.com\/ar\/wp-json\/wp\/v2\/media?parent=1514"}],"wp:term":[{"taxonomy":"product_brand","embeddable":true,"href":"https:\/\/www.chengjitoy.com\/ar\/wp-json\/wp\/v2\/product_brand?post=1514"},{"taxonomy":"product_cat","embeddable":true,"href":"https:\/\/www.chengjitoy.com\/ar\/wp-json\/wp\/v2\/product_cat?post=1514"},{"taxonomy":"product_tag","embeddable":true,"href":"https:\/\/www.chengjitoy.com\/ar\/wp-json\/wp\/v2\/product_tag?post=1514"}],"curies":[{"name":"\u062f\u0628\u0644\u064a\u0648 \u0628\u064a","href":"https:\/\/api.w.org\/{rel}","templated":true}]}}