{"id":1550,"date":"2025-06-24T03:57:56","date_gmt":"2025-06-24T03:57:56","guid":{"rendered":"https:\/\/www.chengjitoy.com\/?post_type=product&#038;p=1550"},"modified":"2025-06-30T00:40:19","modified_gmt":"2025-06-30T00:40:19","slug":"wholesale-multifunctional-baby-soothing-doll-cj4855584","status":"publish","type":"product","link":"https:\/\/www.chengjitoy.com\/ar\/product\/wholesale-multifunctional-baby-soothing-doll-cj4855584\/","title":{"rendered":"\u062f\u0645\u0649 \u0645\u0647\u062f\u0626\u0629 \u0644\u0644\u0623\u0637\u0641\u0627\u0644 \u0645\u062a\u0639\u062f\u062f\u0629 \u0627\u0644\u0648\u0638\u0627\u0626\u0641 \u0628\u0627\u0644\u062c\u0645\u0644\u0629 - \u0645\u0639 \u0645\u0633\u062a\u0634\u0639\u0631 \u0628\u0643\u0627\u0621 \u0630\u0643\u064a\u060c \u0648\u0645\u0648\u0633\u064a\u0642\u0649 \u0645\u0647\u062f\u0626\u0629 \u0644\u062a\u0647\u062f\u0626\u0629 \u0637\u0641\u0644\u0643"},"content":{"rendered":"<div class=\"wp-block-columns is-layout-flex wp-container-core-columns-is-layout-9d6595d7 wp-block-columns-is-layout-flex\">\n<div class=\"wp-block-column is-layout-flow wp-block-column-is-layout-flow\" style=\"flex-basis:66.66%\">\n<figure class=\"wp-block-image size-full\"><img loading=\"lazy\" decoding=\"async\" width=\"770\" height=\"1158\" sizes=\"auto, (max-width: 770px) 100vw, 770px\" src=\"https:\/\/www.chengjitoy.com\/wp-content\/uploads\/2025\/06\/details-of-multifunctional-baby-soothing-doll-1.webp\" alt=\"\u062a\u0641\u0627\u0635\u064a\u0644 \u062f\u0645\u064a\u0629 \u062a\u0647\u062f\u0626\u0629 \u0627\u0644\u0623\u0637\u0641\u0627\u0644 \u0645\u062a\u0639\u062f\u062f\u0629 \u0627\u0644\u0648\u0638\u0627\u0626\u0641 (1)\" class=\"wp-image-1551\" srcset=\"https:\/\/www.chengjitoy.com\/wp-content\/uploads\/2025\/06\/details-of-multifunctional-baby-soothing-doll-1.webp 770w, https:\/\/www.chengjitoy.com\/wp-content\/uploads\/2025\/06\/details-of-multifunctional-baby-soothing-doll-1-199x300.webp 199w, https:\/\/www.chengjitoy.com\/wp-content\/uploads\/2025\/06\/details-of-multifunctional-baby-soothing-doll-1-768x1155.webp 768w, https:\/\/www.chengjitoy.com\/wp-content\/uploads\/2025\/06\/details-of-multifunctional-baby-soothing-doll-1-600x902.webp 600w\" \/><\/figure>\n\n\n\n<figure class=\"wp-block-image size-full\"><img loading=\"lazy\" decoding=\"async\" width=\"770\" height=\"2369\" sizes=\"auto, (max-width: 770px) 100vw, 770px\" src=\"https:\/\/www.chengjitoy.com\/wp-content\/uploads\/2025\/06\/details-of-multifunctional-baby-soothing-doll-2.webp\" alt=\"\u062a\u0641\u0627\u0635\u064a\u0644 \u062f\u0645\u064a\u0629 \u062a\u0647\u062f\u0626\u0629 \u0627\u0644\u0637\u0641\u0644 \u0645\u062a\u0639\u062f\u062f\u0629 \u0627\u0644\u0648\u0638\u0627\u0626\u0641 (2)\" class=\"wp-image-1552\" srcset=\"https:\/\/www.chengjitoy.com\/wp-content\/uploads\/2025\/06\/details-of-multifunctional-baby-soothing-doll-2.webp 770w, https:\/\/www.chengjitoy.com\/wp-content\/uploads\/2025\/06\/details-of-multifunctional-baby-soothing-doll-2-768x2363.webp 768w, https:\/\/www.chengjitoy.com\/wp-content\/uploads\/2025\/06\/details-of-multifunctional-baby-soothing-doll-2-600x1846.webp 600w\" \/><\/figure>\n\n\n\n<figure class=\"wp-block-image size-full\"><img loading=\"lazy\" decoding=\"async\" width=\"770\" height=\"1195\" sizes=\"auto, (max-width: 770px) 100vw, 770px\" src=\"https:\/\/www.chengjitoy.com\/wp-content\/uploads\/2025\/06\/details-of-multifunctional-baby-soothing-doll-4.webp\" alt=\"\u062a\u0641\u0627\u0635\u064a\u0644 \u062f\u0645\u064a\u0629 \u062a\u0647\u062f\u0626\u0629 \u0627\u0644\u0623\u0637\u0641\u0627\u0644 \u0645\u062a\u0639\u062f\u062f\u0629 \u0627\u0644\u0648\u0638\u0627\u0626\u0641 (4)\" class=\"wp-image-1554\" srcset=\"https:\/\/www.chengjitoy.com\/wp-content\/uploads\/2025\/06\/details-of-multifunctional-baby-soothing-doll-4.webp 770w, https:\/\/www.chengjitoy.com\/wp-content\/uploads\/2025\/06\/details-of-multifunctional-baby-soothing-doll-4-193x300.webp 193w, https:\/\/www.chengjitoy.com\/wp-content\/uploads\/2025\/06\/details-of-multifunctional-baby-soothing-doll-4-768x1192.webp 768w, https:\/\/www.chengjitoy.com\/wp-content\/uploads\/2025\/06\/details-of-multifunctional-baby-soothing-doll-4-600x931.webp 600w\" \/><\/figure>\n\n\n\n<figure class=\"wp-block-image size-full\"><img loading=\"lazy\" decoding=\"async\" width=\"770\" height=\"1187\" sizes=\"auto, (max-width: 770px) 100vw, 770px\" src=\"https:\/\/www.chengjitoy.com\/wp-content\/uploads\/2025\/06\/details-of-multifunctional-baby-soothing-doll-5.webp\" alt=\"\u062a\u0641\u0627\u0635\u064a\u0644 \u062f\u0645\u064a\u0629 \u062a\u0647\u062f\u0626\u0629 \u0627\u0644\u0623\u0637\u0641\u0627\u0644 \u0645\u062a\u0639\u062f\u062f\u0629 \u0627\u0644\u0648\u0638\u0627\u0626\u0641 (5)\" class=\"wp-image-1555\" srcset=\"https:\/\/www.chengjitoy.com\/wp-content\/uploads\/2025\/06\/details-of-multifunctional-baby-soothing-doll-5.webp 770w, https:\/\/www.chengjitoy.com\/wp-content\/uploads\/2025\/06\/details-of-multifunctional-baby-soothing-doll-5-195x300.webp 195w, https:\/\/www.chengjitoy.com\/wp-content\/uploads\/2025\/06\/details-of-multifunctional-baby-soothing-doll-5-768x1184.webp 768w, https:\/\/www.chengjitoy.com\/wp-content\/uploads\/2025\/06\/details-of-multifunctional-baby-soothing-doll-5-600x925.webp 600w\" \/><\/figure>\n\n\n\n<figure class=\"wp-block-image size-full\"><img loading=\"lazy\" decoding=\"async\" width=\"770\" height=\"1147\" sizes=\"auto, (max-width: 770px) 100vw, 770px\" src=\"https:\/\/www.chengjitoy.com\/wp-content\/uploads\/2025\/06\/details-of-multifunctional-baby-soothing-doll-6.webp\" alt=\"\u062a\u0641\u0627\u0635\u064a\u0644 \u062f\u0645\u064a\u0629 \u062a\u0647\u062f\u0626\u0629 \u0627\u0644\u0623\u0637\u0641\u0627\u0644 \u0645\u062a\u0639\u062f\u062f\u0629 \u0627\u0644\u0648\u0638\u0627\u0626\u0641 (6)\" class=\"wp-image-1556\" srcset=\"https:\/\/www.chengjitoy.com\/wp-content\/uploads\/2025\/06\/details-of-multifunctional-baby-soothing-doll-6.webp 770w, https:\/\/www.chengjitoy.com\/wp-content\/uploads\/2025\/06\/details-of-multifunctional-baby-soothing-doll-6-201x300.webp 201w, https:\/\/www.chengjitoy.com\/wp-content\/uploads\/2025\/06\/details-of-multifunctional-baby-soothing-doll-6-768x1144.webp 768w, https:\/\/www.chengjitoy.com\/wp-content\/uploads\/2025\/06\/details-of-multifunctional-baby-soothing-doll-6-600x894.webp 600w\" \/><\/figure>\n\n\n\n<figure class=\"wp-block-image size-full\"><img loading=\"lazy\" decoding=\"async\" width=\"770\" height=\"1069\" sizes=\"auto, (max-width: 770px) 100vw, 770px\" src=\"https:\/\/www.chengjitoy.com\/wp-content\/uploads\/2025\/06\/details-of-multifunctional-baby-soothing-doll-7.webp\" alt=\"\u062a\u0641\u0627\u0635\u064a\u0644 \u062f\u0645\u064a\u0629 \u062a\u0647\u062f\u0626\u0629 \u0627\u0644\u0623\u0637\u0641\u0627\u0644 \u0645\u062a\u0639\u062f\u062f\u0629 \u0627\u0644\u0648\u0638\u0627\u0626\u0641 (7)\" class=\"wp-image-1557\" srcset=\"https:\/\/www.chengjitoy.com\/wp-content\/uploads\/2025\/06\/details-of-multifunctional-baby-soothing-doll-7.webp 770w, https:\/\/www.chengjitoy.com\/wp-content\/uploads\/2025\/06\/details-of-multifunctional-baby-soothing-doll-7-216x300.webp 216w, https:\/\/www.chengjitoy.com\/wp-content\/uploads\/2025\/06\/details-of-multifunctional-baby-soothing-doll-7-768x1066.webp 768w, https:\/\/www.chengjitoy.com\/wp-content\/uploads\/2025\/06\/details-of-multifunctional-baby-soothing-doll-7-600x833.webp 600w\" \/><\/figure>\n\n\n\n<figure class=\"wp-block-image size-full\"><img loading=\"lazy\" decoding=\"async\" width=\"770\" height=\"751\" sizes=\"auto, (max-width: 770px) 100vw, 770px\" src=\"https:\/\/www.chengjitoy.com\/wp-content\/uploads\/2025\/06\/details-of-multifunctional-baby-soothing-doll-8.webp\" alt=\"\u062a\u0641\u0627\u0635\u064a\u0644 \u062f\u0645\u064a\u0629 \u062a\u0647\u062f\u0626\u0629 \u0627\u0644\u0623\u0637\u0641\u0627\u0644 \u0645\u062a\u0639\u062f\u062f\u0629 \u0627\u0644\u0648\u0638\u0627\u0626\u0641 (8)\" class=\"wp-image-1558\" srcset=\"https:\/\/www.chengjitoy.com\/wp-content\/uploads\/2025\/06\/details-of-multifunctional-baby-soothing-doll-8.webp 770w, https:\/\/www.chengjitoy.com\/wp-content\/uploads\/2025\/06\/details-of-multifunctional-baby-soothing-doll-8-300x293.webp 300w, https:\/\/www.chengjitoy.com\/wp-content\/uploads\/2025\/06\/details-of-multifunctional-baby-soothing-doll-8-768x749.webp 768w, https:\/\/www.chengjitoy.com\/wp-content\/uploads\/2025\/06\/details-of-multifunctional-baby-soothing-doll-8-600x585.webp 600w\" \/><\/figure>\n\n\n\n<figure class=\"wp-block-image size-full\"><img loading=\"lazy\" decoding=\"async\" width=\"770\" height=\"1245\" sizes=\"auto, (max-width: 770px) 100vw, 770px\" src=\"https:\/\/www.chengjitoy.com\/wp-content\/uploads\/2025\/06\/details-of-multifunctional-baby-soothing-doll-9.webp\" alt=\"\u062a\u0641\u0627\u0635\u064a\u0644 \u062f\u0645\u064a\u0629 \u062a\u0647\u062f\u0626\u0629 \u0627\u0644\u0623\u0637\u0641\u0627\u0644 \u0645\u062a\u0639\u062f\u062f\u0629 \u0627\u0644\u0648\u0638\u0627\u0626\u0641 (9)\" class=\"wp-image-1559\" srcset=\"https:\/\/www.chengjitoy.com\/wp-content\/uploads\/2025\/06\/details-of-multifunctional-baby-soothing-doll-9.webp 770w, https:\/\/www.chengjitoy.com\/wp-content\/uploads\/2025\/06\/details-of-multifunctional-baby-soothing-doll-9-186x300.webp 186w, https:\/\/www.chengjitoy.com\/wp-content\/uploads\/2025\/06\/details-of-multifunctional-baby-soothing-doll-9-768x1242.webp 768w, https:\/\/www.chengjitoy.com\/wp-content\/uploads\/2025\/06\/details-of-multifunctional-baby-soothing-doll-9-600x970.webp 600w\" \/><\/figure>\n<\/div>\n\n\n\n<div class=\"wp-block-column is-layout-flow wp-block-column-is-layout-flow\" style=\"flex-basis:33.33%\"><\/div>\n<\/div>","protected":false},"excerpt":{"rendered":"<p>\u062f\u0645\u064a\u0629 \u062a\u0647\u062f\u0626\u0629 \u0627\u0644\u0637\u0641\u0644 \u0627\u0644\u0631\u0636\u064a\u0639 \u0647\u064a \u062d\u0644 \u0645\u0628\u062a\u0643\u0631 \u0648\u0645\u062a\u0639\u062f\u062f \u0627\u0644\u0627\u0633\u062a\u062e\u062f\u0627\u0645\u0627\u062a \u0644\u062a\u0647\u062f\u0626\u0629 \u0627\u0644\u0637\u0641\u0644\u060c \u062d\u064a\u062b \u062a\u0648\u0641\u0631 \u0646\u0648\u0645\u064b\u0627 \u0645\u0631\u064a\u062d\u064b\u0627 \u0648\u0631\u0627\u062d\u0629 \u0639\u0627\u0637\u0641\u064a\u0629 \u0644\u0644\u0623\u0637\u0641\u0627\u0644 \u0645\u0646 \u062d\u062f\u064a\u062b\u064a \u0627\u0644\u0648\u0644\u0627\u062f\u0629 \u0625\u0644\u0649 \u0645\u0631\u062d\u0644\u0629 \u0627\u0644\u0645\u0634\u064a. \u0647\u0630\u0647 \u0627\u0644\u062f\u0645\u064a\u0629 \u0627\u0644\u0642\u0637\u064a\u0641\u0629 \u0645\u0632\u0648\u062f\u0629 \u0628\u062e\u0627\u0635\u064a\u0629 \u0627\u0644\u0643\u0634\u0641 \u0627\u0644\u0630\u0643\u064a \u0639\u0646 \u0627\u0644\u0628\u0643\u0627\u0621 \u0648\u0646\u0638\u0627\u0645 \u0645\u0648\u0633\u064a\u0642\u0649 \u0645\u0647\u062f\u0626 \u0648\u062c\u0647\u0627\u0632 \u0639\u0631\u0636 \u0627\u0644\u0646\u062c\u0648\u0645\u060c \u0645\u0645\u0627 \u064a\u0648\u0641\u0631 \u0645\u062c\u0645\u0648\u0639\u0629 \u0643\u0627\u0645\u0644\u0629 \u0645\u0646 \u062a\u062c\u0631\u0628\u0629 \u0627\u0644\u062a\u0647\u062f\u0626\u0629 \u0627\u0644\u062d\u0633\u064a\u0629. \u064a\u062a\u0645\u062a\u0639 \u0647\u0630\u0627 \u0627\u0644\u0645\u0646\u062a\u062c \u0628\u062c\u0627\u0630\u0628\u064a\u0629 \u0642\u0648\u064a\u0629 \u0641\u064a \u0645\u062c\u0627\u0644 \u0627\u0644\u0639\u0646\u0627\u064a\u0629 \u0628\u0627\u0644\u0637\u0641\u0644 \u0648\u0647\u0648 \u0627\u0644\u062e\u064a\u0627\u0631 \u0627\u0644\u0623\u0648\u0644 \u0644\u0645\u0648\u0631\u062f\u064a \u0623\u0644\u0639\u0627\u0628 \u0627\u0644\u0623\u0637\u0641\u0627\u0644 \u0628\u0627\u0644\u062c\u0645\u0644\u0629. \u0645\u0631\u062d\u0628\u064b\u0627 \u0628\u0643\u0645 \u0641\u064a \u0627\u0644\u0627\u062a\u0635\u0627\u0644 \u0628\u0646\u0627.<\/p>\n<h2>\u0645\u0648\u0627\u0635\u0641\u0627\u062a \u062f\u0645\u064a\u0629 \u062a\u0647\u062f\u0626\u0629 \u0627\u0644\u0623\u0637\u0641\u0627\u0644 \u0645\u062a\u0639\u062f\u062f\u0629 \u0627\u0644\u0648\u0638\u0627\u0626\u0641<\/h2>\n<table style=\"border-collapse: collapse; width: 343.52pt;\" border=\"0\" width=\"458\" cellspacing=\"0\" cellpadding=\"0\">\n<tbody>\n<tr style=\"height: 25.50pt;\">\n<td class=\"et2\" style=\"height: 25.50pt; width: 133.75pt;\" width=\"178\" height=\"34\">\u0631\u0642\u0645 \u0627\u0644\u0635\u0646\u0641:<\/td>\n<td class=\"et3\" style=\"width: 210.00pt;\" width=\"280\">CJ-48555584<\/td>\n<\/tr>\n<tr style=\"height: 25.50pt;\">\n<td class=\"et4\" style=\"height: 25.50pt; width: 133.75pt;\" width=\"178\" height=\"34\">\u0627\u0644\u062d\u0632\u0645\u0629:<\/td>\n<td class=\"et5\" style=\"width: 210.00pt;\" width=\"280\">\u0635\u0646\u062f\u0648\u0642 \u0627\u0644\u0639\u0631\u0636<\/td>\n<\/tr>\n<tr style=\"height: 25.50pt;\">\n<td class=\"et4\" style=\"height: 25.50pt; width: 133.75pt;\" width=\"178\" height=\"34\">\u062d\u062c\u0645 \u0627\u0644\u0639\u0628\u0648\u0629:<\/td>\n<td class=\"et5\" style=\"width: 210.00pt;\" width=\"280\">31\u00d715\u00d720 \u0633\u0645<\/td>\n<\/tr>\n<tr style=\"height: 25.50pt;\">\n<td class=\"et4\" style=\"height: 25.50pt; width: 133.75pt;\" width=\"178\" height=\"34\">\u062d\u062c\u0645 \u0627\u0644\u0643\u0631\u062a\u0648\u0646 \uff1a \u062d\u062c\u0645 \u0627\u0644\u0643\u0631\u062a\u0648\u0646<\/td>\n<td class=\"et5\" style=\"width: 210.00pt;\" width=\"280\">94 \u00d7 27 \u00d7 94 \u00d7 27 \u00d7 81 \u0633\u0645<\/td>\n<\/tr>\n<tr style=\"height: 25.50pt;\">\n<td class=\"et4\" style=\"height: 25.50pt; width: 133.75pt;\" width=\"178\" height=\"34\">\u0627\u0644\u0643\u0645\u064a\u0629\/\u0627\u0644\u0637\u0646<\/td>\n<td class=\"et5\" style=\"width: 210.00pt;\" width=\"280\">24 \u0642\u0637\u0639\u0629<\/td>\n<\/tr>\n<tr style=\"height: 25.50pt;\">\n<td class=\"et4\" style=\"height: 25.50pt; width: 133.75pt;\" width=\"178\" height=\"34\">\u062c.\u0648.\/\u0646.\u0648:<\/td>\n<td class=\"et5\" style=\"width: 210.00pt;\" width=\"280\">11.5 \/ 9.5 \u0643\u062c\u0645<\/td>\n<\/tr>\n<tr style=\"height: 25.50pt;\">\n<td class=\"et4\" style=\"height: 25.50pt; width: 133.75pt;\" width=\"178\" height=\"34\">\u0627\u0644\u0642\u064a\u0627\u0633:<\/td>\n<td class=\"et5\" style=\"width: 210.00pt;\" width=\"280\">0.21 \u0645\u062a\u0631 \u0645\u0643\u0639\u0628 \/ 7.25 \u0642\u062f\u0645 \u0645\u0643\u0639\u0628<\/td>\n<\/tr>\n<\/tbody>\n<\/table>","protected":false},"featured_media":1560,"comment_status":"closed","ping_status":"closed","template":"","meta":{"_acf_changed":false},"product_brand":[],"product_cat":[26,29,22,60],"product_tag":[],"class_list":{"0":"post-1550","1":"product","2":"type-product","3":"status-publish","4":"has-post-thumbnail","6":"product_cat-wholesale-toys-for-all-ages","7":"product_cat-wholesale-toys-for-0-24-months","8":"product_cat-wholesale-dolls-and-plush-toys","9":"product_cat-wholesale-plush-and-stuffed-dolls","11":"first","12":"instock","13":"shipping-taxable","14":"product-type-simple"},"acf":[],"_links":{"self":[{"href":"https:\/\/www.chengjitoy.com\/ar\/wp-json\/wp\/v2\/product\/1550","targetHints":{"allow":["GET"]}}],"collection":[{"href":"https:\/\/www.chengjitoy.com\/ar\/wp-json\/wp\/v2\/product"}],"about":[{"href":"https:\/\/www.chengjitoy.com\/ar\/wp-json\/wp\/v2\/types\/product"}],"replies":[{"embeddable":true,"href":"https:\/\/www.chengjitoy.com\/ar\/wp-json\/wp\/v2\/comments?post=1550"}],"wp:featuredmedia":[{"embeddable":true,"href":"https:\/\/www.chengjitoy.com\/ar\/wp-json\/wp\/v2\/media\/1560"}],"wp:attachment":[{"href":"https:\/\/www.chengjitoy.com\/ar\/wp-json\/wp\/v2\/media?parent=1550"}],"wp:term":[{"taxonomy":"product_brand","embeddable":true,"href":"https:\/\/www.chengjitoy.com\/ar\/wp-json\/wp\/v2\/product_brand?post=1550"},{"taxonomy":"product_cat","embeddable":true,"href":"https:\/\/www.chengjitoy.com\/ar\/wp-json\/wp\/v2\/product_cat?post=1550"},{"taxonomy":"product_tag","embeddable":true,"href":"https:\/\/www.chengjitoy.com\/ar\/wp-json\/wp\/v2\/product_tag?post=1550"}],"curies":[{"name":"\u062f\u0628\u0644\u064a\u0648 \u0628\u064a","href":"https:\/\/api.w.org\/{rel}","templated":true}]}}