{"id":1568,"date":"2025-06-24T06:46:27","date_gmt":"2025-06-24T06:46:27","guid":{"rendered":"https:\/\/www.chengjitoy.com\/?post_type=product&#038;p=1568"},"modified":"2025-06-30T00:40:12","modified_gmt":"2025-06-30T00:40:12","slug":"wholesale-light-up-american-football-toy-cj4859496","status":"publish","type":"product","link":"https:\/\/www.chengjitoy.com\/ar\/product\/wholesale-light-up-american-football-toy-cj4859496\/","title":{"rendered":"\u0623\u0644\u0639\u0627\u0628 \u0643\u0631\u0629 \u0642\u062f\u0645 \u0623\u0645\u0631\u064a\u0643\u064a\u0629 \u0645\u0636\u064a\u0626\u0629 \u0628\u0627\u0644\u062c\u0645\u0644\u0629\u060c \u0645\u0639 \u0645\u0633\u0627\u0631\u0627\u062a \u0636\u0648\u0626\u064a\u0629 \u0628\u0623\u0644\u0648\u0627\u0646 \u0642\u0648\u0633 \u0642\u0632\u062d\u060c \u0645\u062b\u0627\u0644\u064a\u0629 \u0644\u0644\u0623\u0644\u0639\u0627\u0628 \u0627\u0644\u0644\u064a\u0644\u064a\u0629"},"content":{"rendered":"<div class=\"wp-block-columns is-layout-flex wp-container-core-columns-is-layout-9d6595d7 wp-block-columns-is-layout-flex\">\n<div class=\"wp-block-column is-layout-flow wp-block-column-is-layout-flow\" style=\"flex-basis:66.66%\">\n<figure class=\"wp-block-image size-full\"><img loading=\"lazy\" decoding=\"async\" width=\"770\" height=\"1316\" sizes=\"auto, (max-width: 770px) 100vw, 770px\" src=\"https:\/\/www.chengjitoy.com\/wp-content\/uploads\/2025\/06\/details-of-light-up-American-football-toy-CJ-4859496-1.webp\" alt=\"\u062a\u0641\u0627\u0635\u064a\u0644 \u0644\u0639\u0628\u0629 \u0643\u0631\u0629 \u0627\u0644\u0642\u062f\u0645 \u0627\u0644\u0623\u0645\u0631\u064a\u0643\u064a\u0629 \u0627\u0644\u0645\u0636\u064a\u0626\u0629 CJ 4859496 (1)\" class=\"wp-image-1569\" srcset=\"https:\/\/www.chengjitoy.com\/wp-content\/uploads\/2025\/06\/details-of-light-up-American-football-toy-CJ-4859496-1.webp 770w, https:\/\/www.chengjitoy.com\/wp-content\/uploads\/2025\/06\/details-of-light-up-American-football-toy-CJ-4859496-1-176x300.webp 176w, https:\/\/www.chengjitoy.com\/wp-content\/uploads\/2025\/06\/details-of-light-up-American-football-toy-CJ-4859496-1-768x1313.webp 768w, https:\/\/www.chengjitoy.com\/wp-content\/uploads\/2025\/06\/details-of-light-up-American-football-toy-CJ-4859496-1-600x1025.webp 600w\" \/><\/figure>\n\n\n\n<figure class=\"wp-block-image size-full\"><img loading=\"lazy\" decoding=\"async\" width=\"770\" height=\"1358\" sizes=\"auto, (max-width: 770px) 100vw, 770px\" src=\"https:\/\/www.chengjitoy.com\/wp-content\/uploads\/2025\/06\/details-of-light-up-American-football-toy-CJ-4859496-2.webp\" alt=\"\u062a\u0641\u0627\u0635\u064a\u0644 \u0644\u0639\u0628\u0629 \u0643\u0631\u0629 \u0627\u0644\u0642\u062f\u0645 \u0627\u0644\u0623\u0645\u0631\u064a\u0643\u064a\u0629 \u0627\u0644\u0645\u0636\u064a\u0626\u0629 CJ 4859496 (2)\" class=\"wp-image-1574\" srcset=\"https:\/\/www.chengjitoy.com\/wp-content\/uploads\/2025\/06\/details-of-light-up-American-football-toy-CJ-4859496-2.webp 770w, https:\/\/www.chengjitoy.com\/wp-content\/uploads\/2025\/06\/details-of-light-up-American-football-toy-CJ-4859496-2-170x300.webp 170w, https:\/\/www.chengjitoy.com\/wp-content\/uploads\/2025\/06\/details-of-light-up-American-football-toy-CJ-4859496-2-768x1354.webp 768w, https:\/\/www.chengjitoy.com\/wp-content\/uploads\/2025\/06\/details-of-light-up-American-football-toy-CJ-4859496-2-600x1058.webp 600w\" \/><\/figure>\n\n\n\n<figure class=\"wp-block-image size-full\"><img loading=\"lazy\" decoding=\"async\" width=\"770\" height=\"998\" sizes=\"auto, (max-width: 770px) 100vw, 770px\" src=\"https:\/\/www.chengjitoy.com\/wp-content\/uploads\/2025\/06\/details-of-light-up-American-football-toy-CJ-4859496-3.webp\" alt=\"\u062a\u0641\u0627\u0635\u064a\u0644 \u0644\u0639\u0628\u0629 \u0643\u0631\u0629 \u0627\u0644\u0642\u062f\u0645 \u0627\u0644\u0623\u0645\u0631\u064a\u0643\u064a\u0629 \u0627\u0644\u0645\u0636\u064a\u0626\u0629 CJ 4859496 (3)\" class=\"wp-image-1575\" srcset=\"https:\/\/www.chengjitoy.com\/wp-content\/uploads\/2025\/06\/details-of-light-up-American-football-toy-CJ-4859496-3.webp 770w, https:\/\/www.chengjitoy.com\/wp-content\/uploads\/2025\/06\/details-of-light-up-American-football-toy-CJ-4859496-3-231x300.webp 231w, https:\/\/www.chengjitoy.com\/wp-content\/uploads\/2025\/06\/details-of-light-up-American-football-toy-CJ-4859496-3-768x995.webp 768w, https:\/\/www.chengjitoy.com\/wp-content\/uploads\/2025\/06\/details-of-light-up-American-football-toy-CJ-4859496-3-600x778.webp 600w\" \/><\/figure>\n\n\n\n<figure class=\"wp-block-image size-full\"><img loading=\"lazy\" decoding=\"async\" width=\"770\" height=\"707\" sizes=\"auto, (max-width: 770px) 100vw, 770px\" src=\"https:\/\/www.chengjitoy.com\/wp-content\/uploads\/2025\/06\/details-of-light-up-American-football-toy-CJ-4859496-4.webp\" alt=\"\u062a\u0641\u0627\u0635\u064a\u0644 \u0644\u0639\u0628\u0629 \u0643\u0631\u0629 \u0627\u0644\u0642\u062f\u0645 \u0627\u0644\u0623\u0645\u0631\u064a\u0643\u064a\u0629 \u0627\u0644\u0645\u0636\u064a\u0626\u0629 CJ 4859496 (4) CJ 4859496 (4)\" class=\"wp-image-1576\" srcset=\"https:\/\/www.chengjitoy.com\/wp-content\/uploads\/2025\/06\/details-of-light-up-American-football-toy-CJ-4859496-4.webp 770w, https:\/\/www.chengjitoy.com\/wp-content\/uploads\/2025\/06\/details-of-light-up-American-football-toy-CJ-4859496-4-300x275.webp 300w, https:\/\/www.chengjitoy.com\/wp-content\/uploads\/2025\/06\/details-of-light-up-American-football-toy-CJ-4859496-4-768x705.webp 768w, https:\/\/www.chengjitoy.com\/wp-content\/uploads\/2025\/06\/details-of-light-up-American-football-toy-CJ-4859496-4-600x551.webp 600w\" \/><\/figure>\n\n\n\n<figure class=\"wp-block-image size-full\"><img loading=\"lazy\" decoding=\"async\" width=\"770\" height=\"887\" sizes=\"auto, (max-width: 770px) 100vw, 770px\" src=\"https:\/\/www.chengjitoy.com\/wp-content\/uploads\/2025\/06\/details-of-light-up-American-football-toy-CJ-4859496-5.webp\" alt=\"\u062a\u0641\u0627\u0635\u064a\u0644 \u0644\u0639\u0628\u0629 \u0643\u0631\u0629 \u0627\u0644\u0642\u062f\u0645 \u0627\u0644\u0623\u0645\u0631\u064a\u0643\u064a\u0629 \u0627\u0644\u0645\u0636\u064a\u0626\u0629 CJ 4859496 (5)\" class=\"wp-image-1577\" srcset=\"https:\/\/www.chengjitoy.com\/wp-content\/uploads\/2025\/06\/details-of-light-up-American-football-toy-CJ-4859496-5.webp 770w, https:\/\/www.chengjitoy.com\/wp-content\/uploads\/2025\/06\/details-of-light-up-American-football-toy-CJ-4859496-5-260x300.webp 260w, https:\/\/www.chengjitoy.com\/wp-content\/uploads\/2025\/06\/details-of-light-up-American-football-toy-CJ-4859496-5-768x885.webp 768w, https:\/\/www.chengjitoy.com\/wp-content\/uploads\/2025\/06\/details-of-light-up-American-football-toy-CJ-4859496-5-600x691.webp 600w\" \/><\/figure>\n<\/div>\n\n\n\n<div class=\"wp-block-column is-layout-flow wp-block-column-is-layout-flow\" style=\"flex-basis:33.33%\"><\/div>\n<\/div>","protected":false},"excerpt":{"rendered":"<p>\u0623\u0644\u0639\u0627\u0628 \u0631\u064a\u0627\u0636\u064a\u0629 \u0644\u0644\u0628\u064a\u0639 \u0628\u0627\u0644\u062c\u0645\u0644\u0629\u060c \u0644\u0639\u0628\u0629 \u0643\u0631\u0629 \u0627\u0644\u0642\u062f\u0645 \u0627\u0644\u0623\u0645\u0631\u064a\u0643\u064a\u0629 \u0627\u0644\u0645\u0636\u064a\u0626\u0629 \u0647\u0630\u0647 \u0647\u064a \u0627\u0644\u0645\u0646\u062a\u062c \u0627\u0644\u0631\u064a\u0627\u0636\u064a \u0627\u0644\u0645\u062a\u0648\u0647\u062c \u0641\u064a \u0627\u0644\u0638\u0644\u0627\u0645\u060c \u0645\u0639 7 \u0645\u0635\u0627\u0628\u064a\u062d LED \u0645\u062f\u0645\u062c\u0629 \u064812 \u0648\u0636\u0639 \u0625\u0636\u0627\u0621\u0629 \u0645\u0644\u0648\u0646\u0629 \u0648\u0645\u0633\u0627\u0631\u0627\u062a \u0636\u0648\u0621 \u0642\u0648\u0633 \u0642\u0632\u062d\u060c \u0645\u062b\u0627\u0644\u064a\u0629 \u0644\u0644\u0623\u0644\u0639\u0627\u0628 \u0627\u0644\u0644\u064a\u0644\u064a\u0629. \u0645\u062a\u0648\u0641\u0631\u0629 \u0641\u064a \u0645\u062c\u0645\u0648\u0639\u0629 \u0645\u062a\u0646\u0648\u0639\u0629 \u0645\u0646 \u0627\u0644\u0623\u0644\u0648\u0627\u0646 \u0648\u0639\u0644\u0628 \u062a\u063a\u0644\u064a\u0641 \u0639\u0644\u0628 \u0627\u0644\u0647\u062f\u0627\u064a\u0627\u060c \u0648\u062a\u062f\u0639\u0645 \u062a\u0635\u0646\u064a\u0639 \u0627\u0644\u0645\u0639\u062f\u0627\u062a \u0627\u0644\u0623\u0635\u0644\u064a\u0629 \u0648\u062a\u0635\u0646\u064a\u0639 \u0627\u0644\u062a\u0635\u0645\u064a\u0645 \u0627\u0644\u0634\u062e\u0635\u064a\u060c \u0627\u062a\u0635\u0644 \u0628\u0646\u0627 \u0644\u0644\u062d\u0635\u0648\u0644 \u0639\u0644\u0649 \u0639\u0631\u0636 \u0623\u0633\u0639\u0627\u0631.<\/p>\n<h2>\u0645\u0648\u0627\u0635\u0641\u0627\u062a \u0644\u0639\u0628\u0629 \u0643\u0631\u0629 \u0627\u0644\u0642\u062f\u0645 \u0627\u0644\u0623\u0645\u0631\u064a\u0643\u064a\u0629 \u0627\u0644\u0645\u0636\u064a\u0626\u0629<\/h2>\n<table style=\"border-collapse: collapse; width: 343.52pt;\" border=\"0\" width=\"458\" cellspacing=\"0\" cellpadding=\"0\">\n<tbody>\n<tr style=\"height: 21.00pt;\">\n<td class=\"et2\" style=\"height: 21.00pt; width: 133.75pt;\" width=\"178\" height=\"28\">\u0631\u0642\u0645 \u0627\u0644\u0635\u0646\u0641:<\/td>\n<td class=\"et3\" style=\"width: 210.00pt;\" width=\"280\">CJ-4859496<\/td>\n<\/tr>\n<tr style=\"height: 21.00pt;\">\n<td class=\"et4\" style=\"height: 21.00pt; width: 133.75pt;\" width=\"178\" height=\"28\">\u0627\u0644\u062d\u0632\u0645\u0629:<\/td>\n<td class=\"et5\" style=\"width: 210.00pt;\" width=\"280\">\u0635\u0646\u062f\u0648\u0642 \u0623\u0644\u0648\u0627\u0646<\/td>\n<\/tr>\n<tr style=\"height: 21.00pt;\">\n<td class=\"et4\" style=\"height: 21.00pt; width: 133.75pt;\" width=\"178\" height=\"28\">\u062d\u062c\u0645 \u0627\u0644\u0639\u0628\u0648\u0629:<\/td>\n<td class=\"et5\" style=\"width: 210.00pt;\" width=\"280\">37.5 \u00d7 11.3 \u00d7 11.3 \u00d7 9 \u0633\u0645<\/td>\n<\/tr>\n<tr style=\"height: 21.00pt;\">\n<td class=\"et4\" style=\"height: 21.00pt; width: 133.75pt;\" width=\"178\" height=\"28\">\u062d\u062c\u0645 \u0627\u0644\u0643\u0631\u062a\u0648\u0646 \uff1a \u062d\u062c\u0645 \u0627\u0644\u0643\u0631\u062a\u0648\u0646<\/td>\n<td class=\"et5\" style=\"width: 210.00pt;\" width=\"280\">77.5 \u00d7 35.5 \u00d7 35.5 \u00d7 77 \u0633\u0645<\/td>\n<\/tr>\n<tr style=\"height: 21.00pt;\">\n<td class=\"et4\" style=\"height: 21.00pt; width: 133.75pt;\" width=\"178\" height=\"28\">\u0627\u0644\u0643\u0645\u064a\u0629\/\u0627\u0644\u0637\u0646<\/td>\n<td class=\"et5\" style=\"width: 210.00pt;\" width=\"280\">48 \u0642\u0637\u0639\u0629<\/td>\n<\/tr>\n<tr style=\"height: 21.00pt;\">\n<td class=\"et4\" style=\"height: 21.00pt; width: 133.75pt;\" width=\"178\" height=\"28\">\u062c.\u0648.\/\u0646.\u0648:<\/td>\n<td class=\"et5\" style=\"width: 210.00pt;\" width=\"280\">19 \/ 17 \u0643\u062c\u0645<\/td>\n<\/tr>\n<tr style=\"height: 21.00pt;\">\n<td class=\"et4\" style=\"height: 21.00pt; width: 133.75pt;\" width=\"178\" height=\"28\">\u0627\u0644\u0642\u064a\u0627\u0633:<\/td>\n<td class=\"et5\" style=\"width: 210.00pt;\" width=\"280\">0.21 \u0645\u062a\u0631 \u0645\u0643\u0639\u0628 \/ 7.48 \u0642\u062f\u0645 \u0645\u0643\u0639\u0628<\/td>\n<\/tr>\n<\/tbody>\n<\/table>","protected":false},"featured_media":1578,"comment_status":"closed","ping_status":"closed","template":"","meta":{"_acf_changed":false},"product_brand":[],"product_cat":[26,28,101,20],"product_tag":[],"class_list":{"0":"post-1568","1":"product","2":"type-product","3":"status-publish","4":"has-post-thumbnail","6":"product_cat-wholesale-toys-for-all-ages","7":"product_cat-wholesale-toys-for-ages-8-and-up","8":"product_cat-wholesale-other-sport-toys","9":"product_cat-wholesale-sports-toys","11":"first","12":"instock","13":"shipping-taxable","14":"product-type-simple"},"acf":[],"_links":{"self":[{"href":"https:\/\/www.chengjitoy.com\/ar\/wp-json\/wp\/v2\/product\/1568","targetHints":{"allow":["GET"]}}],"collection":[{"href":"https:\/\/www.chengjitoy.com\/ar\/wp-json\/wp\/v2\/product"}],"about":[{"href":"https:\/\/www.chengjitoy.com\/ar\/wp-json\/wp\/v2\/types\/product"}],"replies":[{"embeddable":true,"href":"https:\/\/www.chengjitoy.com\/ar\/wp-json\/wp\/v2\/comments?post=1568"}],"wp:featuredmedia":[{"embeddable":true,"href":"https:\/\/www.chengjitoy.com\/ar\/wp-json\/wp\/v2\/media\/1578"}],"wp:attachment":[{"href":"https:\/\/www.chengjitoy.com\/ar\/wp-json\/wp\/v2\/media?parent=1568"}],"wp:term":[{"taxonomy":"product_brand","embeddable":true,"href":"https:\/\/www.chengjitoy.com\/ar\/wp-json\/wp\/v2\/product_brand?post=1568"},{"taxonomy":"product_cat","embeddable":true,"href":"https:\/\/www.chengjitoy.com\/ar\/wp-json\/wp\/v2\/product_cat?post=1568"},{"taxonomy":"product_tag","embeddable":true,"href":"https:\/\/www.chengjitoy.com\/ar\/wp-json\/wp\/v2\/product_tag?post=1568"}],"curies":[{"name":"\u062f\u0628\u0644\u064a\u0648 \u0628\u064a","href":"https:\/\/api.w.org\/{rel}","templated":true}]}}