{"id":1651,"date":"2025-06-24T10:08:33","date_gmt":"2025-06-24T10:08:33","guid":{"rendered":"https:\/\/www.chengjitoy.com\/?post_type=product&#038;p=1651"},"modified":"2025-06-29T23:34:06","modified_gmt":"2025-06-29T23:34:06","slug":"wholesale-fire-truck-toy-set-cj4866075","status":"publish","type":"product","link":"https:\/\/www.chengjitoy.com\/ar\/product\/wholesale-fire-truck-toy-set-cj4866075\/","title":{"rendered":"\u0623\u0637\u0642\u0645 \u0623\u0644\u0639\u0627\u0628 \u0634\u0627\u062d\u0646\u0629 \u0625\u0637\u0641\u0627\u0621 \u0627\u0644\u062d\u0631\u0627\u0626\u0642 \u0628\u0627\u0644\u062c\u0645\u0644\u0629\u060c \u0645\u0639 \u0645\u0633\u0627\u0631 \u0642\u0627\u0628\u0644 \u0644\u0644\u062a\u0634\u0648\u0647\u060c \u0648\u062f\u0639\u0645 \u062a\u0635\u0646\u064a\u0639 \u0627\u0644\u0645\u0639\u062f\u0627\u062a \u0627\u0644\u0623\u0635\u0644\u064a\u0629\/\u0627\u0644\u062a\u0635\u0646\u064a\u0639 \u062d\u0633\u0628 \u0627\u0644\u0637\u0644\u0628"},"content":{"rendered":"<div class=\"wp-block-columns is-layout-flex wp-container-core-columns-is-layout-9d6595d7 wp-block-columns-is-layout-flex\">\n<div class=\"wp-block-column is-layout-flow wp-block-column-is-layout-flow\" style=\"flex-basis:66.66%\">\n<figure class=\"wp-block-image size-full\"><img loading=\"lazy\" decoding=\"async\" width=\"750\" height=\"1659\" sizes=\"auto, (max-width: 750px) 100vw, 750px\" src=\"https:\/\/www.chengjitoy.com\/wp-content\/uploads\/2025\/06\/details-of-fire-truck-toy-set-CJ-4866075-1.webp\" alt=\"\u062a\u0641\u0627\u0635\u064a\u0644 \u0637\u0642\u0645 \u0623\u0644\u0639\u0627\u0628 \u0634\u0627\u062d\u0646\u0629 \u0627\u0644\u0625\u0637\u0641\u0627\u0621 CJ 4866075 (1)\" class=\"wp-image-1652\" srcset=\"https:\/\/www.chengjitoy.com\/wp-content\/uploads\/2025\/06\/details-of-fire-truck-toy-set-CJ-4866075-1.webp 750w, https:\/\/www.chengjitoy.com\/wp-content\/uploads\/2025\/06\/details-of-fire-truck-toy-set-CJ-4866075-1-136x300.webp 136w, https:\/\/www.chengjitoy.com\/wp-content\/uploads\/2025\/06\/details-of-fire-truck-toy-set-CJ-4866075-1-600x1327.webp 600w\" \/><\/figure>\n\n\n\n<figure class=\"wp-block-image size-full\"><img loading=\"lazy\" decoding=\"async\" width=\"750\" height=\"982\" sizes=\"auto, (max-width: 750px) 100vw, 750px\" src=\"https:\/\/www.chengjitoy.com\/wp-content\/uploads\/2025\/06\/details-of-fire-truck-toy-set-CJ-4866075-2.webp\" alt=\"\u062a\u0641\u0627\u0635\u064a\u0644 \u0637\u0642\u0645 \u0623\u0644\u0639\u0627\u0628 \u0634\u0627\u062d\u0646\u0629 \u0627\u0644\u0625\u0637\u0641\u0627\u0621 CJ 4866075 (2)\" class=\"wp-image-1653\" srcset=\"https:\/\/www.chengjitoy.com\/wp-content\/uploads\/2025\/06\/details-of-fire-truck-toy-set-CJ-4866075-2.webp 750w, https:\/\/www.chengjitoy.com\/wp-content\/uploads\/2025\/06\/details-of-fire-truck-toy-set-CJ-4866075-2-229x300.webp 229w, https:\/\/www.chengjitoy.com\/wp-content\/uploads\/2025\/06\/details-of-fire-truck-toy-set-CJ-4866075-2-600x786.webp 600w\" \/><\/figure>\n\n\n\n<figure class=\"wp-block-image size-full\"><img loading=\"lazy\" decoding=\"async\" width=\"750\" height=\"1441\" sizes=\"auto, (max-width: 750px) 100vw, 750px\" src=\"https:\/\/www.chengjitoy.com\/wp-content\/uploads\/2025\/06\/details-of-fire-truck-toy-set-CJ-4866075-3.webp\" alt=\"\u062a\u0641\u0627\u0635\u064a\u0644 \u0637\u0642\u0645 \u0623\u0644\u0639\u0627\u0628 \u0634\u0627\u062d\u0646\u0629 \u0627\u0644\u0625\u0637\u0641\u0627\u0621 CJ 4866075 (3)\" class=\"wp-image-1654\" srcset=\"https:\/\/www.chengjitoy.com\/wp-content\/uploads\/2025\/06\/details-of-fire-truck-toy-set-CJ-4866075-3.webp 750w, https:\/\/www.chengjitoy.com\/wp-content\/uploads\/2025\/06\/details-of-fire-truck-toy-set-CJ-4866075-3-156x300.webp 156w, https:\/\/www.chengjitoy.com\/wp-content\/uploads\/2025\/06\/details-of-fire-truck-toy-set-CJ-4866075-3-600x1153.webp 600w\" \/><\/figure>\n\n\n\n<figure class=\"wp-block-image size-full\"><img loading=\"lazy\" decoding=\"async\" width=\"750\" height=\"1475\" sizes=\"auto, (max-width: 750px) 100vw, 750px\" src=\"https:\/\/www.chengjitoy.com\/wp-content\/uploads\/2025\/06\/details-of-fire-truck-toy-set-CJ-4866075-4.webp\" alt=\"\u062a\u0641\u0627\u0635\u064a\u0644 \u0637\u0642\u0645 \u0623\u0644\u0639\u0627\u0628 \u0634\u0627\u062d\u0646\u0629 \u0627\u0644\u0625\u0637\u0641\u0627\u0621 CJ 4866075 (4)\" class=\"wp-image-1655\" srcset=\"https:\/\/www.chengjitoy.com\/wp-content\/uploads\/2025\/06\/details-of-fire-truck-toy-set-CJ-4866075-4.webp 750w, https:\/\/www.chengjitoy.com\/wp-content\/uploads\/2025\/06\/details-of-fire-truck-toy-set-CJ-4866075-4-153x300.webp 153w, https:\/\/www.chengjitoy.com\/wp-content\/uploads\/2025\/06\/details-of-fire-truck-toy-set-CJ-4866075-4-600x1180.webp 600w\" \/><\/figure>\n\n\n\n<figure class=\"wp-block-image size-full\"><img loading=\"lazy\" decoding=\"async\" width=\"750\" height=\"1525\" sizes=\"auto, (max-width: 750px) 100vw, 750px\" src=\"https:\/\/www.chengjitoy.com\/wp-content\/uploads\/2025\/06\/details-of-fire-truck-toy-set-CJ-4866075-5.webp\" alt=\"\u062a\u0641\u0627\u0635\u064a\u0644 \u0637\u0642\u0645 \u0623\u0644\u0639\u0627\u0628 \u0634\u0627\u062d\u0646\u0629 \u0627\u0644\u0625\u0637\u0641\u0627\u0621 CJ 4866075 (5)\" class=\"wp-image-1664\" srcset=\"https:\/\/www.chengjitoy.com\/wp-content\/uploads\/2025\/06\/details-of-fire-truck-toy-set-CJ-4866075-5.webp 750w, https:\/\/www.chengjitoy.com\/wp-content\/uploads\/2025\/06\/details-of-fire-truck-toy-set-CJ-4866075-5-148x300.webp 148w, https:\/\/www.chengjitoy.com\/wp-content\/uploads\/2025\/06\/details-of-fire-truck-toy-set-CJ-4866075-5-600x1220.webp 600w\" \/><\/figure>\n\n\n\n<figure class=\"wp-block-image size-full\"><img loading=\"lazy\" decoding=\"async\" width=\"750\" height=\"1413\" sizes=\"auto, (max-width: 750px) 100vw, 750px\" src=\"https:\/\/www.chengjitoy.com\/wp-content\/uploads\/2025\/06\/details-of-fire-truck-toy-set-CJ-4866075-6.webp\" alt=\"\u062a\u0641\u0627\u0635\u064a\u0644 \u0637\u0642\u0645 \u0623\u0644\u0639\u0627\u0628 \u0634\u0627\u062d\u0646\u0629 \u0627\u0644\u0625\u0637\u0641\u0627\u0621 CJ 4866075 (6)\" class=\"wp-image-1665\" srcset=\"https:\/\/www.chengjitoy.com\/wp-content\/uploads\/2025\/06\/details-of-fire-truck-toy-set-CJ-4866075-6.webp 750w, https:\/\/www.chengjitoy.com\/wp-content\/uploads\/2025\/06\/details-of-fire-truck-toy-set-CJ-4866075-6-159x300.webp 159w, https:\/\/www.chengjitoy.com\/wp-content\/uploads\/2025\/06\/details-of-fire-truck-toy-set-CJ-4866075-6-600x1130.webp 600w\" \/><\/figure>\n\n\n\n<figure class=\"wp-block-image size-full\"><img loading=\"lazy\" decoding=\"async\" width=\"750\" height=\"1471\" sizes=\"auto, (max-width: 750px) 100vw, 750px\" src=\"https:\/\/www.chengjitoy.com\/wp-content\/uploads\/2025\/06\/details-of-fire-truck-toy-set-CJ-4866075-7.webp\" alt=\"\u062a\u0641\u0627\u0635\u064a\u0644 \u0637\u0642\u0645 \u0623\u0644\u0639\u0627\u0628 \u0634\u0627\u062d\u0646\u0629 \u0627\u0644\u0625\u0637\u0641\u0627\u0621 CJ 4866075 (7)\" class=\"wp-image-1666\" srcset=\"https:\/\/www.chengjitoy.com\/wp-content\/uploads\/2025\/06\/details-of-fire-truck-toy-set-CJ-4866075-7.webp 750w, https:\/\/www.chengjitoy.com\/wp-content\/uploads\/2025\/06\/details-of-fire-truck-toy-set-CJ-4866075-7-153x300.webp 153w, https:\/\/www.chengjitoy.com\/wp-content\/uploads\/2025\/06\/details-of-fire-truck-toy-set-CJ-4866075-7-600x1177.webp 600w\" \/><\/figure>\n\n\n\n<figure class=\"wp-block-image size-full\"><img loading=\"lazy\" decoding=\"async\" width=\"750\" height=\"1355\" sizes=\"auto, (max-width: 750px) 100vw, 750px\" src=\"https:\/\/www.chengjitoy.com\/wp-content\/uploads\/2025\/06\/details-of-fire-truck-toy-set-CJ-4866075-8.webp\" alt=\"\u062a\u0641\u0627\u0635\u064a\u0644 \u0637\u0642\u0645 \u0623\u0644\u0639\u0627\u0628 \u0634\u0627\u062d\u0646\u0629 \u0627\u0644\u0625\u0637\u0641\u0627\u0621 CJ 4866075 (8)\" class=\"wp-image-1667\" srcset=\"https:\/\/www.chengjitoy.com\/wp-content\/uploads\/2025\/06\/details-of-fire-truck-toy-set-CJ-4866075-8.webp 750w, https:\/\/www.chengjitoy.com\/wp-content\/uploads\/2025\/06\/details-of-fire-truck-toy-set-CJ-4866075-8-166x300.webp 166w, https:\/\/www.chengjitoy.com\/wp-content\/uploads\/2025\/06\/details-of-fire-truck-toy-set-CJ-4866075-8-600x1084.webp 600w\" \/><\/figure>\n\n\n\n<figure class=\"wp-block-image size-full\"><img loading=\"lazy\" decoding=\"async\" width=\"750\" height=\"1275\" sizes=\"auto, (max-width: 750px) 100vw, 750px\" src=\"https:\/\/www.chengjitoy.com\/wp-content\/uploads\/2025\/06\/details-of-fire-truck-toy-set-CJ-4866075-9.webp\" alt=\"\u062a\u0641\u0627\u0635\u064a\u0644 \u0637\u0642\u0645 \u0623\u0644\u0639\u0627\u0628 \u0634\u0627\u062d\u0646\u0629 \u0627\u0644\u0625\u0637\u0641\u0627\u0621 CJ 4866075 (9)\" class=\"wp-image-1668\" srcset=\"https:\/\/www.chengjitoy.com\/wp-content\/uploads\/2025\/06\/details-of-fire-truck-toy-set-CJ-4866075-9.webp 750w, https:\/\/www.chengjitoy.com\/wp-content\/uploads\/2025\/06\/details-of-fire-truck-toy-set-CJ-4866075-9-176x300.webp 176w, https:\/\/www.chengjitoy.com\/wp-content\/uploads\/2025\/06\/details-of-fire-truck-toy-set-CJ-4866075-9-600x1020.webp 600w\" \/><\/figure>\n\n\n\n<figure class=\"wp-block-image size-full\"><img loading=\"lazy\" decoding=\"async\" width=\"750\" height=\"1295\" sizes=\"auto, (max-width: 750px) 100vw, 750px\" src=\"https:\/\/www.chengjitoy.com\/wp-content\/uploads\/2025\/06\/details-of-fire-truck-toy-set-CJ-4866075-10.webp\" alt=\"\u062a\u0641\u0627\u0635\u064a\u0644 \u0637\u0642\u0645 \u0623\u0644\u0639\u0627\u0628 \u0634\u0627\u062d\u0646\u0629 \u0627\u0644\u0625\u0637\u0641\u0627\u0621 CJ 4866075 (10)\" class=\"wp-image-1669\" srcset=\"https:\/\/www.chengjitoy.com\/wp-content\/uploads\/2025\/06\/details-of-fire-truck-toy-set-CJ-4866075-10.webp 750w, https:\/\/www.chengjitoy.com\/wp-content\/uploads\/2025\/06\/details-of-fire-truck-toy-set-CJ-4866075-10-174x300.webp 174w, https:\/\/www.chengjitoy.com\/wp-content\/uploads\/2025\/06\/details-of-fire-truck-toy-set-CJ-4866075-10-600x1036.webp 600w\" \/><\/figure>\n\n\n\n<figure class=\"wp-block-image size-full\"><img loading=\"lazy\" decoding=\"async\" width=\"750\" height=\"902\" sizes=\"auto, (max-width: 750px) 100vw, 750px\" src=\"https:\/\/www.chengjitoy.com\/wp-content\/uploads\/2025\/06\/details-of-fire-truck-toy-set-CJ-4866075-11.webp\" alt=\"\u062a\u0641\u0627\u0635\u064a\u0644 \u0637\u0642\u0645 \u0623\u0644\u0639\u0627\u0628 \u0634\u0627\u062d\u0646\u0629 \u0627\u0644\u0625\u0637\u0641\u0627\u0621 CJ 4866075 (11)\" class=\"wp-image-1670\" srcset=\"https:\/\/www.chengjitoy.com\/wp-content\/uploads\/2025\/06\/details-of-fire-truck-toy-set-CJ-4866075-11.webp 750w, https:\/\/www.chengjitoy.com\/wp-content\/uploads\/2025\/06\/details-of-fire-truck-toy-set-CJ-4866075-11-249x300.webp 249w, https:\/\/www.chengjitoy.com\/wp-content\/uploads\/2025\/06\/details-of-fire-truck-toy-set-CJ-4866075-11-600x722.webp 600w\" \/><\/figure>\n\n\n\n<figure class=\"wp-block-image size-full\"><img loading=\"lazy\" decoding=\"async\" width=\"750\" height=\"2591\" sizes=\"auto, (max-width: 750px) 100vw, 750px\" src=\"https:\/\/www.chengjitoy.com\/wp-content\/uploads\/2025\/06\/details-of-fire-truck-toy-set-CJ-4866075-12.webp\" alt=\"\u062a\u0641\u0627\u0635\u064a\u0644 \u0637\u0642\u0645 \u0623\u0644\u0639\u0627\u0628 \u0634\u0627\u062d\u0646\u0629 \u0627\u0644\u0625\u0637\u0641\u0627\u0621 CJ 4866075 (11)\" class=\"wp-image-1671\" srcset=\"https:\/\/www.chengjitoy.com\/wp-content\/uploads\/2025\/06\/details-of-fire-truck-toy-set-CJ-4866075-12.webp 750w, https:\/\/www.chengjitoy.com\/wp-content\/uploads\/2025\/06\/details-of-fire-truck-toy-set-CJ-4866075-12-87x300.webp 87w, https:\/\/www.chengjitoy.com\/wp-content\/uploads\/2025\/06\/details-of-fire-truck-toy-set-CJ-4866075-12-600x2073.webp 600w\" \/><\/figure>\n<\/div>\n\n\n\n<div class=\"wp-block-column is-layout-flow wp-block-column-is-layout-flow\" style=\"flex-basis:33.33%\"><\/div>\n<\/div>","protected":false},"excerpt":{"rendered":"<p>\u0623\u0637\u0642\u0645 \u0623\u0644\u0639\u0627\u0628 \u0634\u0627\u062d\u0646\u0629 \u0627\u0644\u0625\u0637\u0641\u0627\u0621 \u0628\u0627\u0644\u062c\u0645\u0644\u0629. \u0645\u062c\u0645\u0648\u0639\u0629 \u0645\u0633\u0627\u0631 \u062a\u062d\u0648\u064a\u0644 \u0634\u0627\u062d\u0646\u0629 \u0627\u0644\u0625\u0637\u0641\u0627\u0621 \u0627\u0644\u062e\u0627\u0635\u0629 \u0628\u0646\u0627 \u0647\u064a \u0627\u0644\u0623\u0643\u062b\u0631 \u0645\u0628\u064a\u0639\u064b\u0627 \u0628\u0627\u0644\u062c\u0645\u0644\u0629\u060c \u0648\u0647\u064a \u0645\u062c\u0647\u0632\u0629 \u0628\u0648\u0638\u064a\u0641\u0629 \u0631\u0634 \u0627\u0644\u0645\u0627\u0621 \u0648\u0645\u0633\u0627\u0631 \u0627\u0644\u0633\u0628\u0627\u0642 \u0648\u0627\u0644\u0633\u0644\u0645 \u0627\u0644\u062a\u0644\u0633\u0643\u0648\u0628\u064a \u0648 4 \u0645\u0631\u0643\u0628\u0627\u062a \u0625\u0646\u0642\u0627\u0630 \u0635\u063a\u064a\u0631\u0629\u060c \u0645\u0645\u0627 \u064a\u0648\u0641\u0631 \u0645\u062a\u0639\u0629 \u0644\u0639\u0628 \u0627\u0644\u0623\u062f\u0648\u0627\u0631 \u0627\u0644\u063a\u0646\u064a\u0629 \u0644\u0644\u0623\u0637\u0641\u0627\u0644. \u0646\u0631\u062d\u0628 \u0628\u0645\u0634\u062a\u0631\u064a B2B \u0644\u0644\u0634\u0631\u0627\u0621 \u0628\u0627\u0644\u062c\u0645\u0644\u0629. \u0627\u062a\u0635\u0644 \u0628\u0646\u0627 \u0644\u0644\u062d\u0635\u0648\u0644 \u0639\u0644\u0649 \u0623\u0641\u0636\u0644 \u0639\u0631\u0636 \u0623\u0633\u0639\u0627\u0631 \u0645\u0646 \u0645\u0648\u0631\u062f \u0627\u0644\u0623\u0644\u0639\u0627\u0628 \u0627\u0644\u0645\u0648\u062b\u0648\u0642 \u0628\u0647.<\/p>\n<h2>\u0645\u0648\u0627\u0635\u0641\u0627\u062a \u0637\u0642\u0645 \u0644\u0639\u0628\u0629 \u0634\u0627\u062d\u0646\u0629 \u0627\u0644\u0625\u0637\u0641\u0627\u0621<\/h2>\n<table style=\"border-collapse: collapse; width: 343.52pt;\" border=\"0\" width=\"458\" cellspacing=\"0\" cellpadding=\"0\">\n<tbody>\n<tr style=\"height: 19.50pt;\">\n<td class=\"et3\" style=\"height: 19.50pt; width: 133.75pt;\" width=\"178\" height=\"26\">\u0631\u0642\u0645 \u0627\u0644\u0635\u0646\u0641:<\/td>\n<td class=\"et4\" style=\"width: 210.00pt;\" width=\"280\">CJ-486606075<\/td>\n<\/tr>\n<tr style=\"height: 20.25pt;\">\n<td class=\"et5\" style=\"height: 20.25pt; width: 133.75pt;\" width=\"178\" height=\"27\">\u0627\u0644\u062d\u0632\u0645\u0629:<\/td>\n<td class=\"et6\" style=\"width: 210.00pt;\" width=\"280\">\u0635\u0646\u062f\u0648\u0642 \u0623\u0644\u0648\u0627\u0646<\/td>\n<\/tr>\n<tr style=\"height: 19.50pt;\">\n<td class=\"et5\" style=\"height: 19.50pt; width: 133.75pt;\" width=\"178\" height=\"26\">\u062d\u062c\u0645 \u0627\u0644\u0639\u0628\u0648\u0629:<\/td>\n<td class=\"et6\" style=\"width: 210.00pt;\" width=\"280\">30\u00d712\u00d716 \u0633\u0645<\/td>\n<\/tr>\n<tr style=\"height: 20.25pt;\">\n<td class=\"et5\" style=\"height: 20.25pt; width: 133.75pt;\" width=\"178\" height=\"27\">\u062d\u062c\u0645 \u0627\u0644\u0643\u0631\u062a\u0648\u0646 \uff1a \u062d\u062c\u0645 \u0627\u0644\u0643\u0631\u062a\u0648\u0646<\/td>\n<td class=\"et6\" style=\"width: 210.00pt;\" width=\"280\">93 \u00d7 39 \u00d7 39 \u00d7 67 \u0633\u0645<\/td>\n<\/tr>\n<tr style=\"height: 19.50pt;\">\n<td class=\"et5\" style=\"height: 19.50pt; width: 133.75pt;\" width=\"178\" height=\"26\">\u0627\u0644\u0643\u0645\u064a\u0629\/\u0627\u0644\u0637\u0646<\/td>\n<td class=\"et6\" style=\"width: 210.00pt;\" width=\"280\">36 \u0642\u0637\u0639\u0629<\/td>\n<\/tr>\n<tr style=\"height: 20.25pt;\">\n<td class=\"et5\" style=\"height: 20.25pt; width: 133.75pt;\" width=\"178\" height=\"27\">\u062c.\u0648.\/\u0646.\u0648:<\/td>\n<td class=\"et6\" style=\"width: 210.00pt;\" width=\"280\">28.5 \/ 26.5 \u0643\u062c\u0645<\/td>\n<\/tr>\n<tr style=\"height: 19.50pt;\">\n<td class=\"et5\" style=\"height: 19.50pt; width: 133.75pt;\" width=\"178\" height=\"26\">\u0627\u0644\u0642\u064a\u0627\u0633:<\/td>\n<td class=\"et6\" style=\"width: 210.00pt;\" width=\"280\">0.24 \u0645\u062a\u0631 \u0645\u0643\u0639\u0628 \/ 8.58 \u0642\u062f\u0645 \u0645\u0643\u0639\u0628<\/td>\n<\/tr>\n<\/tbody>\n<\/table>","protected":false},"featured_media":1672,"comment_status":"closed","ping_status":"closed","template":"","meta":{"_acf_changed":false},"product_brand":[],"product_cat":[26,31,94],"product_tag":[],"class_list":{"0":"post-1651","1":"product","2":"type-product","3":"status-publish","4":"has-post-thumbnail","6":"product_cat-wholesale-toys-for-all-ages","7":"product_cat-wholesale-toys-for-ages-5-and-up","8":"product_cat-wholesale-track-toy-set","10":"first","11":"instock","12":"shipping-taxable","13":"product-type-simple"},"acf":[],"_links":{"self":[{"href":"https:\/\/www.chengjitoy.com\/ar\/wp-json\/wp\/v2\/product\/1651","targetHints":{"allow":["GET"]}}],"collection":[{"href":"https:\/\/www.chengjitoy.com\/ar\/wp-json\/wp\/v2\/product"}],"about":[{"href":"https:\/\/www.chengjitoy.com\/ar\/wp-json\/wp\/v2\/types\/product"}],"replies":[{"embeddable":true,"href":"https:\/\/www.chengjitoy.com\/ar\/wp-json\/wp\/v2\/comments?post=1651"}],"wp:featuredmedia":[{"embeddable":true,"href":"https:\/\/www.chengjitoy.com\/ar\/wp-json\/wp\/v2\/media\/1672"}],"wp:attachment":[{"href":"https:\/\/www.chengjitoy.com\/ar\/wp-json\/wp\/v2\/media?parent=1651"}],"wp:term":[{"taxonomy":"product_brand","embeddable":true,"href":"https:\/\/www.chengjitoy.com\/ar\/wp-json\/wp\/v2\/product_brand?post=1651"},{"taxonomy":"product_cat","embeddable":true,"href":"https:\/\/www.chengjitoy.com\/ar\/wp-json\/wp\/v2\/product_cat?post=1651"},{"taxonomy":"product_tag","embeddable":true,"href":"https:\/\/www.chengjitoy.com\/ar\/wp-json\/wp\/v2\/product_tag?post=1651"}],"curies":[{"name":"\u062f\u0628\u0644\u064a\u0648 \u0628\u064a","href":"https:\/\/api.w.org\/{rel}","templated":true}]}}