{"id":2494,"date":"2025-08-29T08:15:20","date_gmt":"2025-08-29T08:15:20","guid":{"rendered":"https:\/\/www.chengjitoy.com\/?post_type=product&#038;p=2494"},"modified":"2025-08-29T08:17:46","modified_gmt":"2025-08-29T08:17:46","slug":"wholesale-octopus-sprinkler-toys","status":"publish","type":"product","link":"https:\/\/www.chengjitoy.com\/ar\/product\/wholesale-octopus-sprinkler-toys\/","title":{"rendered":"\u0623\u0644\u0639\u0627\u0628 \u0627\u0644\u0623\u062e\u0637\u0628\u0648\u0637 \u0627\u0644\u0631\u0634\u0627\u0634 \u0627\u0644\u0623\u062e\u0637\u0628\u0648\u0637 \u0628\u0627\u0644\u062c\u0645\u0644\u0629 - \u0623\u0644\u0639\u0627\u0628 \u0645\u0627\u0626\u064a\u0629 \u0645\u0645\u062a\u0639\u0629 \u0641\u064a \u0627\u0644\u0647\u0648\u0627\u0621 \u0627\u0644\u0637\u0644\u0642 \u0644\u0644\u0623\u0637\u0641\u0627\u0644"},"content":{"rendered":"<div class=\"wp-block-columns is-layout-flex wp-container-core-columns-is-layout-9d6595d7 wp-block-columns-is-layout-flex\">\n<div class=\"wp-block-column is-layout-flow wp-block-column-is-layout-flow\" style=\"flex-basis:66.66%\">\n<figure class=\"wp-block-image size-full\"><img loading=\"lazy\" decoding=\"async\" width=\"770\" height=\"1962\" src=\"https:\/\/www.chengjitoy.com\/wp-content\/uploads\/2025\/08\/details-of-Octopus-Transparent-Sprinkle-1.jpg\" alt=\"\" class=\"wp-image-2504\" srcset=\"https:\/\/www.chengjitoy.com\/wp-content\/uploads\/2025\/08\/details-of-Octopus-Transparent-Sprinkle-1.jpg 770w, https:\/\/www.chengjitoy.com\/wp-content\/uploads\/2025\/08\/details-of-Octopus-Transparent-Sprinkle-1-118x300.jpg 118w, https:\/\/www.chengjitoy.com\/wp-content\/uploads\/2025\/08\/details-of-Octopus-Transparent-Sprinkle-1-768x1957.jpg 768w, https:\/\/www.chengjitoy.com\/wp-content\/uploads\/2025\/08\/details-of-Octopus-Transparent-Sprinkle-1-5x12.jpg 5w, https:\/\/www.chengjitoy.com\/wp-content\/uploads\/2025\/08\/details-of-Octopus-Transparent-Sprinkle-1-600x1529.jpg 600w\" sizes=\"auto, (max-width: 770px) 100vw, 770px\" \/><\/figure>\n\n\n\n<figure class=\"wp-block-image size-full\"><img loading=\"lazy\" decoding=\"async\" width=\"770\" height=\"1331\" src=\"https:\/\/www.chengjitoy.com\/wp-content\/uploads\/2025\/08\/details-of-Octopus-Transparent-Sprinkle-2.jpg\" alt=\"\" class=\"wp-image-2505\" srcset=\"https:\/\/www.chengjitoy.com\/wp-content\/uploads\/2025\/08\/details-of-Octopus-Transparent-Sprinkle-2.jpg 770w, https:\/\/www.chengjitoy.com\/wp-content\/uploads\/2025\/08\/details-of-Octopus-Transparent-Sprinkle-2-174x300.jpg 174w, https:\/\/www.chengjitoy.com\/wp-content\/uploads\/2025\/08\/details-of-Octopus-Transparent-Sprinkle-2-768x1328.jpg 768w, https:\/\/www.chengjitoy.com\/wp-content\/uploads\/2025\/08\/details-of-Octopus-Transparent-Sprinkle-2-7x12.jpg 7w, https:\/\/www.chengjitoy.com\/wp-content\/uploads\/2025\/08\/details-of-Octopus-Transparent-Sprinkle-2-600x1037.jpg 600w\" sizes=\"auto, (max-width: 770px) 100vw, 770px\" \/><\/figure>\n\n\n\n<figure class=\"wp-block-image size-full\"><img loading=\"lazy\" decoding=\"async\" width=\"770\" height=\"1763\" src=\"https:\/\/www.chengjitoy.com\/wp-content\/uploads\/2025\/08\/details-of-Octopus-Transparent-Sprinkle-3.jpg\" alt=\"\" class=\"wp-image-2506\" srcset=\"https:\/\/www.chengjitoy.com\/wp-content\/uploads\/2025\/08\/details-of-Octopus-Transparent-Sprinkle-3.jpg 770w, https:\/\/www.chengjitoy.com\/wp-content\/uploads\/2025\/08\/details-of-Octopus-Transparent-Sprinkle-3-131x300.jpg 131w, https:\/\/www.chengjitoy.com\/wp-content\/uploads\/2025\/08\/details-of-Octopus-Transparent-Sprinkle-3-768x1758.jpg 768w, https:\/\/www.chengjitoy.com\/wp-content\/uploads\/2025\/08\/details-of-Octopus-Transparent-Sprinkle-3-5x12.jpg 5w, https:\/\/www.chengjitoy.com\/wp-content\/uploads\/2025\/08\/details-of-Octopus-Transparent-Sprinkle-3-600x1374.jpg 600w\" sizes=\"auto, (max-width: 770px) 100vw, 770px\" \/><\/figure>\n\n\n\n<figure class=\"wp-block-image size-full\"><img loading=\"lazy\" decoding=\"async\" width=\"770\" height=\"1407\" src=\"https:\/\/www.chengjitoy.com\/wp-content\/uploads\/2025\/08\/details-of-Octopus-Transparent-Sprinkle-4.jpg\" alt=\"\" class=\"wp-image-2507\" srcset=\"https:\/\/www.chengjitoy.com\/wp-content\/uploads\/2025\/08\/details-of-Octopus-Transparent-Sprinkle-4.jpg 770w, https:\/\/www.chengjitoy.com\/wp-content\/uploads\/2025\/08\/details-of-Octopus-Transparent-Sprinkle-4-164x300.jpg 164w, https:\/\/www.chengjitoy.com\/wp-content\/uploads\/2025\/08\/details-of-Octopus-Transparent-Sprinkle-4-768x1403.jpg 768w, https:\/\/www.chengjitoy.com\/wp-content\/uploads\/2025\/08\/details-of-Octopus-Transparent-Sprinkle-4-7x12.jpg 7w, https:\/\/www.chengjitoy.com\/wp-content\/uploads\/2025\/08\/details-of-Octopus-Transparent-Sprinkle-4-600x1096.jpg 600w\" sizes=\"auto, (max-width: 770px) 100vw, 770px\" \/><\/figure>\n\n\n\n<figure class=\"wp-block-image size-full\"><img loading=\"lazy\" decoding=\"async\" width=\"770\" height=\"1484\" src=\"https:\/\/www.chengjitoy.com\/wp-content\/uploads\/2025\/08\/details-of-Octopus-Transparent-Sprinkle-5.jpg\" alt=\"\" class=\"wp-image-2508\" srcset=\"https:\/\/www.chengjitoy.com\/wp-content\/uploads\/2025\/08\/details-of-Octopus-Transparent-Sprinkle-5.jpg 770w, https:\/\/www.chengjitoy.com\/wp-content\/uploads\/2025\/08\/details-of-Octopus-Transparent-Sprinkle-5-156x300.jpg 156w, https:\/\/www.chengjitoy.com\/wp-content\/uploads\/2025\/08\/details-of-Octopus-Transparent-Sprinkle-5-768x1480.jpg 768w, https:\/\/www.chengjitoy.com\/wp-content\/uploads\/2025\/08\/details-of-Octopus-Transparent-Sprinkle-5-6x12.jpg 6w, https:\/\/www.chengjitoy.com\/wp-content\/uploads\/2025\/08\/details-of-Octopus-Transparent-Sprinkle-5-600x1156.jpg 600w\" sizes=\"auto, (max-width: 770px) 100vw, 770px\" \/><\/figure>\n\n\n\n<figure class=\"wp-block-image size-full\"><img loading=\"lazy\" decoding=\"async\" width=\"770\" height=\"1398\" src=\"https:\/\/www.chengjitoy.com\/wp-content\/uploads\/2025\/08\/details-of-Octopus-Transparent-Sprinkle-6.jpg\" alt=\"\" class=\"wp-image-2509\" srcset=\"https:\/\/www.chengjitoy.com\/wp-content\/uploads\/2025\/08\/details-of-Octopus-Transparent-Sprinkle-6.jpg 770w, https:\/\/www.chengjitoy.com\/wp-content\/uploads\/2025\/08\/details-of-Octopus-Transparent-Sprinkle-6-165x300.jpg 165w, https:\/\/www.chengjitoy.com\/wp-content\/uploads\/2025\/08\/details-of-Octopus-Transparent-Sprinkle-6-768x1394.jpg 768w, https:\/\/www.chengjitoy.com\/wp-content\/uploads\/2025\/08\/details-of-Octopus-Transparent-Sprinkle-6-7x12.jpg 7w, https:\/\/www.chengjitoy.com\/wp-content\/uploads\/2025\/08\/details-of-Octopus-Transparent-Sprinkle-6-600x1089.jpg 600w\" sizes=\"auto, (max-width: 770px) 100vw, 770px\" \/><\/figure>\n\n\n\n<figure class=\"wp-block-image size-full\"><img loading=\"lazy\" decoding=\"async\" width=\"770\" height=\"1475\" src=\"https:\/\/www.chengjitoy.com\/wp-content\/uploads\/2025\/08\/details-of-Octopus-Transparent-Sprinkle-7.jpg\" alt=\"\" class=\"wp-image-2510\" srcset=\"https:\/\/www.chengjitoy.com\/wp-content\/uploads\/2025\/08\/details-of-Octopus-Transparent-Sprinkle-7.jpg 770w, https:\/\/www.chengjitoy.com\/wp-content\/uploads\/2025\/08\/details-of-Octopus-Transparent-Sprinkle-7-157x300.jpg 157w, https:\/\/www.chengjitoy.com\/wp-content\/uploads\/2025\/08\/details-of-Octopus-Transparent-Sprinkle-7-768x1471.jpg 768w, https:\/\/www.chengjitoy.com\/wp-content\/uploads\/2025\/08\/details-of-Octopus-Transparent-Sprinkle-7-6x12.jpg 6w, https:\/\/www.chengjitoy.com\/wp-content\/uploads\/2025\/08\/details-of-Octopus-Transparent-Sprinkle-7-600x1149.jpg 600w\" sizes=\"auto, (max-width: 770px) 100vw, 770px\" \/><\/figure>\n\n\n\n<figure class=\"wp-block-image size-full\"><img loading=\"lazy\" decoding=\"async\" width=\"770\" height=\"1417\" src=\"https:\/\/www.chengjitoy.com\/wp-content\/uploads\/2025\/08\/details-of-Octopus-Transparent-Sprinkle-8.jpg\" alt=\"\" class=\"wp-image-2511\" srcset=\"https:\/\/www.chengjitoy.com\/wp-content\/uploads\/2025\/08\/details-of-Octopus-Transparent-Sprinkle-8.jpg 770w, https:\/\/www.chengjitoy.com\/wp-content\/uploads\/2025\/08\/details-of-Octopus-Transparent-Sprinkle-8-163x300.jpg 163w, https:\/\/www.chengjitoy.com\/wp-content\/uploads\/2025\/08\/details-of-Octopus-Transparent-Sprinkle-8-768x1413.jpg 768w, https:\/\/www.chengjitoy.com\/wp-content\/uploads\/2025\/08\/details-of-Octopus-Transparent-Sprinkle-8-7x12.jpg 7w, https:\/\/www.chengjitoy.com\/wp-content\/uploads\/2025\/08\/details-of-Octopus-Transparent-Sprinkle-8-600x1104.jpg 600w\" sizes=\"auto, (max-width: 770px) 100vw, 770px\" \/><\/figure>\n\n\n\n<figure class=\"wp-block-image size-full\"><img loading=\"lazy\" decoding=\"async\" width=\"770\" height=\"1623\" src=\"https:\/\/www.chengjitoy.com\/wp-content\/uploads\/2025\/08\/details-of-Octopus-Transparent-Sprinkle-9.jpg\" alt=\"\" class=\"wp-image-2512\" srcset=\"https:\/\/www.chengjitoy.com\/wp-content\/uploads\/2025\/08\/details-of-Octopus-Transparent-Sprinkle-9.jpg 770w, https:\/\/www.chengjitoy.com\/wp-content\/uploads\/2025\/08\/details-of-Octopus-Transparent-Sprinkle-9-142x300.jpg 142w, https:\/\/www.chengjitoy.com\/wp-content\/uploads\/2025\/08\/details-of-Octopus-Transparent-Sprinkle-9-768x1619.jpg 768w, https:\/\/www.chengjitoy.com\/wp-content\/uploads\/2025\/08\/details-of-Octopus-Transparent-Sprinkle-9-6x12.jpg 6w, https:\/\/www.chengjitoy.com\/wp-content\/uploads\/2025\/08\/details-of-Octopus-Transparent-Sprinkle-9-600x1265.jpg 600w\" sizes=\"auto, (max-width: 770px) 100vw, 770px\" \/><\/figure>\n\n\n\n<figure class=\"wp-block-image size-full\"><img loading=\"lazy\" decoding=\"async\" width=\"770\" height=\"944\" src=\"https:\/\/www.chengjitoy.com\/wp-content\/uploads\/2025\/08\/details-of-Octopus-Transparent-Sprinkle-10.jpg\" alt=\"\" class=\"wp-image-2513\" srcset=\"https:\/\/www.chengjitoy.com\/wp-content\/uploads\/2025\/08\/details-of-Octopus-Transparent-Sprinkle-10.jpg 770w, https:\/\/www.chengjitoy.com\/wp-content\/uploads\/2025\/08\/details-of-Octopus-Transparent-Sprinkle-10-245x300.jpg 245w, https:\/\/www.chengjitoy.com\/wp-content\/uploads\/2025\/08\/details-of-Octopus-Transparent-Sprinkle-10-768x942.jpg 768w, https:\/\/www.chengjitoy.com\/wp-content\/uploads\/2025\/08\/details-of-Octopus-Transparent-Sprinkle-10-10x12.jpg 10w, https:\/\/www.chengjitoy.com\/wp-content\/uploads\/2025\/08\/details-of-Octopus-Transparent-Sprinkle-10-600x736.jpg 600w\" sizes=\"auto, (max-width: 770px) 100vw, 770px\" \/><\/figure>\n\n\n\n<figure class=\"wp-block-image size-full\"><img loading=\"lazy\" decoding=\"async\" width=\"770\" height=\"1772\" src=\"https:\/\/www.chengjitoy.com\/wp-content\/uploads\/2025\/08\/details-of-Octopus-Transparent-Sprinkle-11.jpg\" alt=\"\" class=\"wp-image-2514\" srcset=\"https:\/\/www.chengjitoy.com\/wp-content\/uploads\/2025\/08\/details-of-Octopus-Transparent-Sprinkle-11.jpg 770w, https:\/\/www.chengjitoy.com\/wp-content\/uploads\/2025\/08\/details-of-Octopus-Transparent-Sprinkle-11-130x300.jpg 130w, https:\/\/www.chengjitoy.com\/wp-content\/uploads\/2025\/08\/details-of-Octopus-Transparent-Sprinkle-11-768x1767.jpg 768w, https:\/\/www.chengjitoy.com\/wp-content\/uploads\/2025\/08\/details-of-Octopus-Transparent-Sprinkle-11-5x12.jpg 5w, https:\/\/www.chengjitoy.com\/wp-content\/uploads\/2025\/08\/details-of-Octopus-Transparent-Sprinkle-11-600x1381.jpg 600w\" sizes=\"auto, (max-width: 770px) 100vw, 770px\" \/><\/figure>\n<\/div>\n\n\n\n<div class=\"wp-block-column is-layout-flow wp-block-column-is-layout-flow\" style=\"flex-basis:33.33%\"><\/div>\n<\/div>","protected":false},"excerpt":{"rendered":"<p>\u0623\u0644\u0639\u0627\u0628 \u0631\u0634\u0627\u0634 \u0645\u064a\u0627\u0647 \u0627\u0644\u0623\u062e\u0637\u0628\u0648\u0637 \u0628\u0627\u0644\u062c\u0645\u0644\u0629. \u0631\u0634\u0627\u0634 \u0623\u062e\u0637\u0628\u0648\u0637\u064a \u0645\u062a\u064a\u0646 \u0648\u0645\u062a\u0639\u062f\u062f \u0627\u0644\u0648\u0638\u0627\u0626\u0641 \u064a\u0648\u0641\u0631 \u0631\u064a\u0627\u064b \u0641\u0639\u0627\u0644\u0627\u064b \u0644\u0644\u062d\u062f\u064a\u0642\u0629 \u0628\u0632\u0627\u0648\u064a\u0629 360 \u062f\u0631\u062c\u0629 \u0648\u062a\u062c\u0631\u0628\u0629 \u0644\u0639\u0628 \u0645\u0627\u0626\u064a\u0629 \u0645\u0645\u062a\u0639\u0629 \u0641\u064a \u0627\u0644\u0647\u0648\u0627\u0621 \u0627\u0644\u0637\u0644\u0642. \u0646\u062d\u0646 \u0646\u062f\u0639\u0645 \u0627\u0644\u062d\u0644\u0648\u0644 \u0627\u0644\u0645\u062e\u0635\u0635\u0629 \u0628\u0633\u0639\u0631 \u0627\u0644\u0645\u0635\u0646\u0639.<\/p>\n<h2>\u0645\u0648\u0627\u0635\u0641\u0627\u062a \u0644\u0639\u0628\u0629 \u0631\u0634\u0627\u0634 \u0623\u062e\u0637\u0628\u0648\u0637 \u0627\u0644\u0623\u062e\u0637\u0628\u0648\u0637<\/h2>\n<table style=\"border-collapse: collapse; width: 343.52pt;\" border=\"0\" width=\"458\" cellspacing=\"0\" cellpadding=\"0\">\n<tbody>\n<tr style=\"height: 19.50pt;\">\n<td class=\"et2\" style=\"height: 19.50pt; width: 133.75pt;\" width=\"178\" height=\"26\">\u0631\u0642\u0645 \u0627\u0644\u0635\u0646\u0641:<\/td>\n<td class=\"et3\" style=\"width: 210.00pt;\" width=\"280\">CJ-4262992<\/td>\n<\/tr>\n<tr style=\"height: 20.25pt;\">\n<td class=\"et4\" style=\"height: 20.25pt; width: 133.75pt;\" width=\"178\" height=\"27\">\u0627\u0644\u062d\u0632\u0645\u0629:<\/td>\n<td class=\"et5\" style=\"width: 210.00pt;\" width=\"280\">\u0635\u0646\u062f\u0648\u0642 \u0623\u0644\u0648\u0627\u0646<\/td>\n<\/tr>\n<tr style=\"height: 19.50pt;\">\n<td class=\"et4\" style=\"height: 19.50pt; width: 133.75pt;\" width=\"178\" height=\"26\">\u062d\u062c\u0645 \u0627\u0644\u0639\u0628\u0648\u0629:<\/td>\n<td class=\"et5\" style=\"width: 210.00pt;\" width=\"280\">16 \u00d7 14.8 \u00d7 14.8 \u00d7 23.9 \u0633\u0645<\/td>\n<\/tr>\n<tr style=\"height: 20.25pt;\">\n<td class=\"et4\" style=\"height: 20.25pt; width: 133.75pt;\" width=\"178\" height=\"27\">\u062d\u062c\u0645 \u0627\u0644\u0643\u0631\u062a\u0648\u0646 \uff1a \u062d\u062c\u0645 \u0627\u0644\u0643\u0631\u062a\u0648\u0646<\/td>\n<td class=\"et5\" style=\"width: 210.00pt;\" width=\"280\">94\u00d735\u00d7103 \u0633\u0645<\/td>\n<\/tr>\n<tr style=\"height: 19.50pt;\">\n<td class=\"et4\" style=\"height: 19.50pt; width: 133.75pt;\" width=\"178\" height=\"26\">\u0627\u0644\u0643\u0645\u064a\u0629\/\u0627\u0644\u0637\u0646<\/td>\n<td class=\"et5\" style=\"width: 210.00pt;\" width=\"280\">48\/PCS<\/td>\n<\/tr>\n<tr style=\"height: 20.25pt;\">\n<td class=\"et4\" style=\"height: 20.25pt; width: 133.75pt;\" width=\"178\" height=\"27\">\u062c.\u0648.\/\u0646.\u0648:<\/td>\n<td class=\"et5\" style=\"width: 210.00pt;\" width=\"280\">15.4\/12.2 \u0643\u062c\u0645<\/td>\n<\/tr>\n<tr style=\"height: 19.50pt;\">\n<td class=\"et4\" style=\"height: 19.50pt; width: 133.75pt;\" width=\"178\" height=\"26\">\u0627\u0644\u0642\u064a\u0627\u0633:<\/td>\n<td class=\"et5\" style=\"width: 210.00pt;\" width=\"280\">0.34 \u0645\u062a\u0631 \u0645\u0643\u0639\u0628 \/ 11.96 \u0642\u062f\u0645 \u0645\u0643\u0639\u0628<\/td>\n<\/tr>\n<\/tbody>\n<\/table>\n<p>\n<script src=\"chrome-extension:\/\/fpelahbljekknahkcaegamhcndkfpfnc\/iFrame.js\" type=\"text\/javascript\"><\/script><\/p>","protected":false},"featured_media":2495,"comment_status":"closed","ping_status":"closed","template":"","meta":{"_acf_changed":false},"product_brand":[],"product_cat":[30,64,21,62],"product_tag":[],"class_list":{"0":"post-2494","1":"product","2":"type-product","3":"status-publish","4":"has-post-thumbnail","6":"product_cat-wholesale-toys-for-ages-3-and-up","7":"product_cat-wholesale-toy-beach-sets","8":"product_cat-wholesale-summer-toys","9":"product_cat-wholesale-water-toys","11":"first","12":"instock","13":"shipping-taxable","14":"product-type-simple"},"acf":[],"_links":{"self":[{"href":"https:\/\/www.chengjitoy.com\/ar\/wp-json\/wp\/v2\/product\/2494","targetHints":{"allow":["GET"]}}],"collection":[{"href":"https:\/\/www.chengjitoy.com\/ar\/wp-json\/wp\/v2\/product"}],"about":[{"href":"https:\/\/www.chengjitoy.com\/ar\/wp-json\/wp\/v2\/types\/product"}],"replies":[{"embeddable":true,"href":"https:\/\/www.chengjitoy.com\/ar\/wp-json\/wp\/v2\/comments?post=2494"}],"wp:featuredmedia":[{"embeddable":true,"href":"https:\/\/www.chengjitoy.com\/ar\/wp-json\/wp\/v2\/media\/2495"}],"wp:attachment":[{"href":"https:\/\/www.chengjitoy.com\/ar\/wp-json\/wp\/v2\/media?parent=2494"}],"wp:term":[{"taxonomy":"product_brand","embeddable":true,"href":"https:\/\/www.chengjitoy.com\/ar\/wp-json\/wp\/v2\/product_brand?post=2494"},{"taxonomy":"product_cat","embeddable":true,"href":"https:\/\/www.chengjitoy.com\/ar\/wp-json\/wp\/v2\/product_cat?post=2494"},{"taxonomy":"product_tag","embeddable":true,"href":"https:\/\/www.chengjitoy.com\/ar\/wp-json\/wp\/v2\/product_tag?post=2494"}],"curies":[{"name":"\u062f\u0628\u0644\u064a\u0648 \u0628\u064a","href":"https:\/\/api.w.org\/{rel}","templated":true}]}}