{"id":697,"date":"2025-06-16T22:57:41","date_gmt":"2025-06-16T22:57:41","guid":{"rendered":"https:\/\/www.chengjitoy.com\/?post_type=product&#038;p=697"},"modified":"2025-06-30T01:14:10","modified_gmt":"2025-06-30T01:14:10","slug":"wholesale-microscope-toy-cj4454172","status":"publish","type":"product","link":"https:\/\/www.chengjitoy.com\/ar\/product\/wholesale-microscope-toy-cj4454172\/","title":{"rendered":"\u0623\u0644\u0639\u0627\u0628 \u0645\u062c\u0647\u0631\u064a\u0629 \u0628\u0627\u0644\u062c\u0645\u0644\u0629 - \u0645\u062c\u0647\u0631 \u0639\u0627\u0644\u064a \u0627\u0644\u0648\u0636\u0648\u062d 1000x\u060c \u064a\u062f\u0639\u0645 \u062a\u0633\u062c\u064a\u0644 \u0627\u0644\u0635\u0648\u0631\/\u0627\u0644\u0641\u064a\u062f\u064a\u0648 \u0639\u0627\u0644\u064a \u0627\u0644\u0648\u0636\u0648\u062d \u0628\u0646\u0642\u0631\u0629 \u0648\u0627\u062d\u062f\u0629"},"content":{"rendered":"<div class=\"wp-block-columns is-layout-flex wp-container-core-columns-is-layout-9d6595d7 wp-block-columns-is-layout-flex\">\n<div class=\"wp-block-column is-layout-flow wp-block-column-is-layout-flow\" style=\"flex-basis:66.66%\">\n<figure class=\"wp-block-image size-full\"><img loading=\"lazy\" decoding=\"async\" width=\"770\" height=\"1597\" sizes=\"auto, (max-width: 770px) 100vw, 770px\" src=\"https:\/\/www.chengjitoy.com\/wp-content\/uploads\/2025\/06\/details-of-microscope-toy-CJ4454172-1.webp\" alt=\"\u062a\u0641\u0627\u0635\u064a\u0644 \u0644\u0639\u0628\u0629 \u0627\u0644\u0645\u064a\u0643\u0631\u0648\u0633\u0643\u0648\u0628 CJ4454172 (1)\" class=\"wp-image-698\" srcset=\"https:\/\/www.chengjitoy.com\/wp-content\/uploads\/2025\/06\/details-of-microscope-toy-CJ4454172-1.webp 770w, https:\/\/www.chengjitoy.com\/wp-content\/uploads\/2025\/06\/details-of-microscope-toy-CJ4454172-1-145x300.webp 145w, https:\/\/www.chengjitoy.com\/wp-content\/uploads\/2025\/06\/details-of-microscope-toy-CJ4454172-1-768x1593.webp 768w, https:\/\/www.chengjitoy.com\/wp-content\/uploads\/2025\/06\/details-of-microscope-toy-CJ4454172-1-600x1244.webp 600w\" \/><\/figure>\n\n\n\n<figure class=\"wp-block-image size-full\"><img loading=\"lazy\" decoding=\"async\" width=\"770\" height=\"1440\" sizes=\"auto, (max-width: 770px) 100vw, 770px\" src=\"https:\/\/www.chengjitoy.com\/wp-content\/uploads\/2025\/06\/details-of-microscope-toy-CJ4454172-2.webp\" alt=\"\u062a\u0641\u0627\u0635\u064a\u0644 \u0644\u0639\u0628\u0629 \u0627\u0644\u0645\u064a\u0643\u0631\u0648\u0633\u0643\u0648\u0628 CJ4454172 (2)\" class=\"wp-image-699\" srcset=\"https:\/\/www.chengjitoy.com\/wp-content\/uploads\/2025\/06\/details-of-microscope-toy-CJ4454172-2.webp 770w, https:\/\/www.chengjitoy.com\/wp-content\/uploads\/2025\/06\/details-of-microscope-toy-CJ4454172-2-160x300.webp 160w, https:\/\/www.chengjitoy.com\/wp-content\/uploads\/2025\/06\/details-of-microscope-toy-CJ4454172-2-768x1436.webp 768w, https:\/\/www.chengjitoy.com\/wp-content\/uploads\/2025\/06\/details-of-microscope-toy-CJ4454172-2-600x1122.webp 600w\" \/><\/figure>\n\n\n\n<figure class=\"wp-block-image size-full\"><img loading=\"lazy\" decoding=\"async\" width=\"770\" height=\"1591\" sizes=\"auto, (max-width: 770px) 100vw, 770px\" src=\"https:\/\/www.chengjitoy.com\/wp-content\/uploads\/2025\/06\/details-of-microscope-toy-CJ4454172-3.webp\" alt=\"\u062a\u0641\u0627\u0635\u064a\u0644 \u0644\u0639\u0628\u0629 \u0627\u0644\u0645\u064a\u0643\u0631\u0648\u0633\u0643\u0648\u0628 CJ4454172 (3)\" class=\"wp-image-700\" srcset=\"https:\/\/www.chengjitoy.com\/wp-content\/uploads\/2025\/06\/details-of-microscope-toy-CJ4454172-3.webp 770w, https:\/\/www.chengjitoy.com\/wp-content\/uploads\/2025\/06\/details-of-microscope-toy-CJ4454172-3-145x300.webp 145w, https:\/\/www.chengjitoy.com\/wp-content\/uploads\/2025\/06\/details-of-microscope-toy-CJ4454172-3-768x1587.webp 768w, https:\/\/www.chengjitoy.com\/wp-content\/uploads\/2025\/06\/details-of-microscope-toy-CJ4454172-3-600x1240.webp 600w\" \/><\/figure>\n\n\n\n<figure class=\"wp-block-image size-full\"><img loading=\"lazy\" decoding=\"async\" width=\"770\" height=\"1622\" sizes=\"auto, (max-width: 770px) 100vw, 770px\" src=\"https:\/\/www.chengjitoy.com\/wp-content\/uploads\/2025\/06\/details-of-microscope-toy-CJ4454172-4.webp\" alt=\"\u062a\u0641\u0627\u0635\u064a\u0644 \u0644\u0639\u0628\u0629 \u0627\u0644\u0645\u064a\u0643\u0631\u0648\u0633\u0643\u0648\u0628 CJ4454172 (4)\" class=\"wp-image-701\" srcset=\"https:\/\/www.chengjitoy.com\/wp-content\/uploads\/2025\/06\/details-of-microscope-toy-CJ4454172-4.webp 770w, https:\/\/www.chengjitoy.com\/wp-content\/uploads\/2025\/06\/details-of-microscope-toy-CJ4454172-4-142x300.webp 142w, https:\/\/www.chengjitoy.com\/wp-content\/uploads\/2025\/06\/details-of-microscope-toy-CJ4454172-4-768x1618.webp 768w, https:\/\/www.chengjitoy.com\/wp-content\/uploads\/2025\/06\/details-of-microscope-toy-CJ4454172-4-600x1264.webp 600w\" \/><\/figure>\n\n\n\n<figure class=\"wp-block-image size-full\"><img loading=\"lazy\" decoding=\"async\" width=\"770\" height=\"1508\" sizes=\"auto, (max-width: 770px) 100vw, 770px\" src=\"https:\/\/www.chengjitoy.com\/wp-content\/uploads\/2025\/06\/details-of-microscope-toy-CJ4454172-5.webp\" alt=\"\u062a\u0641\u0627\u0635\u064a\u0644 \u0644\u0639\u0628\u0629 \u0627\u0644\u0645\u064a\u0643\u0631\u0648\u0633\u0643\u0648\u0628 CJ4454172 (5)\" class=\"wp-image-702\" srcset=\"https:\/\/www.chengjitoy.com\/wp-content\/uploads\/2025\/06\/details-of-microscope-toy-CJ4454172-5.webp 770w, https:\/\/www.chengjitoy.com\/wp-content\/uploads\/2025\/06\/details-of-microscope-toy-CJ4454172-5-153x300.webp 153w, https:\/\/www.chengjitoy.com\/wp-content\/uploads\/2025\/06\/details-of-microscope-toy-CJ4454172-5-768x1504.webp 768w, https:\/\/www.chengjitoy.com\/wp-content\/uploads\/2025\/06\/details-of-microscope-toy-CJ4454172-5-600x1175.webp 600w\" \/><\/figure>\n\n\n\n<figure class=\"wp-block-image size-full\"><img loading=\"lazy\" decoding=\"async\" width=\"770\" height=\"1586\" sizes=\"auto, (max-width: 770px) 100vw, 770px\" src=\"https:\/\/www.chengjitoy.com\/wp-content\/uploads\/2025\/06\/details-of-microscope-toy-CJ4454172-6.webp\" alt=\"\u062a\u0641\u0627\u0635\u064a\u0644 \u0644\u0639\u0628\u0629 \u0627\u0644\u0645\u064a\u0643\u0631\u0648\u0633\u0643\u0648\u0628 CJ4454172 (6)\" class=\"wp-image-703\" srcset=\"https:\/\/www.chengjitoy.com\/wp-content\/uploads\/2025\/06\/details-of-microscope-toy-CJ4454172-6.webp 770w, https:\/\/www.chengjitoy.com\/wp-content\/uploads\/2025\/06\/details-of-microscope-toy-CJ4454172-6-146x300.webp 146w, https:\/\/www.chengjitoy.com\/wp-content\/uploads\/2025\/06\/details-of-microscope-toy-CJ4454172-6-768x1582.webp 768w, https:\/\/www.chengjitoy.com\/wp-content\/uploads\/2025\/06\/details-of-microscope-toy-CJ4454172-6-600x1236.webp 600w\" \/><\/figure>\n\n\n\n<figure class=\"wp-block-image size-full\"><img loading=\"lazy\" decoding=\"async\" width=\"770\" height=\"1534\" sizes=\"auto, (max-width: 770px) 100vw, 770px\" src=\"https:\/\/www.chengjitoy.com\/wp-content\/uploads\/2025\/06\/details-of-microscope-toy-CJ4454172-7.webp\" alt=\"\u062a\u0641\u0627\u0635\u064a\u0644 \u0644\u0639\u0628\u0629 \u0627\u0644\u0645\u064a\u0643\u0631\u0648\u0633\u0643\u0648\u0628 CJ4454172 (7)\" class=\"wp-image-704\" srcset=\"https:\/\/www.chengjitoy.com\/wp-content\/uploads\/2025\/06\/details-of-microscope-toy-CJ4454172-7.webp 770w, https:\/\/www.chengjitoy.com\/wp-content\/uploads\/2025\/06\/details-of-microscope-toy-CJ4454172-7-151x300.webp 151w, https:\/\/www.chengjitoy.com\/wp-content\/uploads\/2025\/06\/details-of-microscope-toy-CJ4454172-7-768x1530.webp 768w, https:\/\/www.chengjitoy.com\/wp-content\/uploads\/2025\/06\/details-of-microscope-toy-CJ4454172-7-600x1195.webp 600w\" \/><\/figure>\n\n\n\n<figure class=\"wp-block-image size-full\"><img loading=\"lazy\" decoding=\"async\" width=\"770\" height=\"1582\" sizes=\"auto, (max-width: 770px) 100vw, 770px\" src=\"https:\/\/www.chengjitoy.com\/wp-content\/uploads\/2025\/06\/details-of-microscope-toy-CJ4454172-8.webp\" alt=\"\u062a\u0641\u0627\u0635\u064a\u0644 \u0644\u0639\u0628\u0629 \u0627\u0644\u0645\u064a\u0643\u0631\u0648\u0633\u0643\u0648\u0628 CJ4454172 (8)\" class=\"wp-image-705\" srcset=\"https:\/\/www.chengjitoy.com\/wp-content\/uploads\/2025\/06\/details-of-microscope-toy-CJ4454172-8.webp 770w, https:\/\/www.chengjitoy.com\/wp-content\/uploads\/2025\/06\/details-of-microscope-toy-CJ4454172-8-146x300.webp 146w, https:\/\/www.chengjitoy.com\/wp-content\/uploads\/2025\/06\/details-of-microscope-toy-CJ4454172-8-768x1578.webp 768w, https:\/\/www.chengjitoy.com\/wp-content\/uploads\/2025\/06\/details-of-microscope-toy-CJ4454172-8-600x1233.webp 600w\" \/><\/figure>\n\n\n\n<figure class=\"wp-block-image size-full\"><img loading=\"lazy\" decoding=\"async\" width=\"770\" height=\"1564\" sizes=\"auto, (max-width: 770px) 100vw, 770px\" src=\"https:\/\/www.chengjitoy.com\/wp-content\/uploads\/2025\/06\/details-of-microscope-toy-CJ4454172-9.webp\" alt=\"\u062a\u0641\u0627\u0635\u064a\u0644 \u0644\u0639\u0628\u0629 \u0627\u0644\u0645\u064a\u0643\u0631\u0648\u0633\u0643\u0648\u0628 CJ4454172 (9)\" class=\"wp-image-706\" srcset=\"https:\/\/www.chengjitoy.com\/wp-content\/uploads\/2025\/06\/details-of-microscope-toy-CJ4454172-9.webp 770w, https:\/\/www.chengjitoy.com\/wp-content\/uploads\/2025\/06\/details-of-microscope-toy-CJ4454172-9-148x300.webp 148w, https:\/\/www.chengjitoy.com\/wp-content\/uploads\/2025\/06\/details-of-microscope-toy-CJ4454172-9-768x1560.webp 768w, https:\/\/www.chengjitoy.com\/wp-content\/uploads\/2025\/06\/details-of-microscope-toy-CJ4454172-9-600x1219.webp 600w\" \/><\/figure>\n\n\n\n<figure class=\"wp-block-image size-full\"><img loading=\"lazy\" decoding=\"async\" width=\"770\" height=\"1893\" sizes=\"auto, (max-width: 770px) 100vw, 770px\" src=\"https:\/\/www.chengjitoy.com\/wp-content\/uploads\/2025\/06\/details-of-microscope-toy-CJ4454172-10.webp\" alt=\"\u062a\u0641\u0627\u0635\u064a\u0644 \u0644\u0639\u0628\u0629 \u0627\u0644\u0645\u064a\u0643\u0631\u0648\u0633\u0643\u0648\u0628 CJ4454172 (10)\" class=\"wp-image-707\" srcset=\"https:\/\/www.chengjitoy.com\/wp-content\/uploads\/2025\/06\/details-of-microscope-toy-CJ4454172-10.webp 770w, https:\/\/www.chengjitoy.com\/wp-content\/uploads\/2025\/06\/details-of-microscope-toy-CJ4454172-10-122x300.webp 122w, https:\/\/www.chengjitoy.com\/wp-content\/uploads\/2025\/06\/details-of-microscope-toy-CJ4454172-10-768x1888.webp 768w, https:\/\/www.chengjitoy.com\/wp-content\/uploads\/2025\/06\/details-of-microscope-toy-CJ4454172-10-600x1475.webp 600w\" \/><\/figure>\n<\/div>\n\n\n\n<div class=\"wp-block-column is-layout-flow wp-block-column-is-layout-flow\" style=\"flex-basis:33.33%\"><\/div>\n<\/div>","protected":false},"excerpt":{"rendered":"<p>\u0623\u0644\u0639\u0627\u0628 \u0645\u062c\u0647\u0631\u064a\u0629 \u0628\u0627\u0644\u062c\u0645\u0644\u0629\u060c \u062a\u062c\u0645\u0639 \u0628\u064a\u0646 \u0627\u0644\u0642\u064a\u0645\u0629 \u0627\u0644\u062a\u0639\u0644\u064a\u0645\u064a\u0629 \u0648\u0627\u0644\u062a\u0643\u0646\u0648\u0644\u0648\u062c\u064a\u0627 \u0627\u0644\u0645\u062a\u0642\u062f\u0645\u0629\u060c \u0645\u062b\u0627\u0644\u064a\u0629 \u0644\u0644\u0645\u062f\u0627\u0631\u0633 \u0648\u0627\u0644\u0645\u0634\u0627\u0631\u064a\u0639 \u0627\u0644\u0639\u0644\u0645\u064a\u0629 \u0644\u0644\u0623\u0637\u0641\u0627\u0644 \u0648\u062a\u062c\u0627\u0631 \u0627\u0644\u062a\u062c\u0632\u0626\u0629. \u062a\u0648\u0641\u0631 \u062a\u0643\u0628\u064a\u0631\u064b\u0627 \u0628\u0645\u0639\u062f\u0644 1000 \u0636\u0639\u0641 \u0648\u0634\u0627\u0634\u0629 LED \u0639\u0627\u0644\u064a\u0629 \u0627\u0644\u0648\u0636\u0648\u062d \u0648\u0645\u0635\u0627\u062f\u0631 \u0625\u0636\u0627\u0621\u0629 \u0645\u0632\u062f\u0648\u062c\u0629\u060c \u0645\u0645\u0627 \u064a\u062a\u064a\u062d \u0644\u0644\u0623\u0637\u0641\u0627\u0644 \u0645\u0631\u0627\u0642\u0628\u0629 \u0627\u0644\u0639\u0627\u0644\u0645 \u0627\u0644\u0645\u062c\u0647\u0631\u064a \u0628\u0648\u0636\u0648\u062d. \u062f\u0639\u0645 \u062a\u062e\u0635\u064a\u0635 OEM\u060c \u0646\u0631\u062d\u0628 \u0628\u0627\u0644\u0634\u0631\u0627\u0621 \u0628\u0643\u0645\u064a\u0627\u062a \u0643\u0628\u064a\u0631\u0629.<\/p>\n<h2>\u0645\u0648\u0627\u0635\u0641\u0627\u062a \u0644\u0639\u0628\u0629 \u0627\u0644\u0645\u062c\u0647\u0631 \u0627\u0644\u0645\u062c\u0647\u0631 CJ-4454172<\/h2>\n<table style=\"border-collapse: collapse; width: 343.52pt;\" border=\"0\" width=\"458\" cellspacing=\"0\" cellpadding=\"0\">\n<tbody>\n<tr style=\"height: 20.25pt;\">\n<td class=\"et2\" style=\"height: 20.25pt; width: 133.75pt;\" width=\"178\" height=\"27\">\u0631\u0642\u0645 \u0627\u0644\u0635\u0646\u0641:<\/td>\n<td class=\"et3\" style=\"width: 210.00pt;\" width=\"280\">CJ-4454172<\/td>\n<\/tr>\n<tr style=\"height: 19.50pt;\">\n<td class=\"et4\" style=\"height: 19.50pt; width: 133.75pt;\" width=\"178\" height=\"26\">\u0627\u0644\u062d\u0632\u0645\u0629:<\/td>\n<td class=\"et5\" style=\"width: 210.00pt;\" width=\"280\">\u0635\u0646\u062f\u0648\u0642 \u0627\u0644\u0623\u0644\u0648\u0627\u0646<\/td>\n<\/tr>\n<tr style=\"height: 20.25pt;\">\n<td class=\"et4\" style=\"height: 20.25pt; width: 133.75pt;\" width=\"178\" height=\"27\">\u062d\u062c\u0645 \u0627\u0644\u0639\u0628\u0648\u0629:<\/td>\n<td class=\"et5\" style=\"width: 210.00pt;\" width=\"280\">16 \u00d7 15 \u00d7 6.5 \u00d7 6.5 \u0633\u0645<\/td>\n<\/tr>\n<tr style=\"height: 19.50pt;\">\n<td class=\"et4\" style=\"height: 19.50pt; width: 133.75pt;\" width=\"178\" height=\"26\">\u062d\u062c\u0645 \u0627\u0644\u0643\u0631\u062a\u0648\u0646 \uff1a \u062d\u062c\u0645 \u0627\u0644\u0643\u0631\u062a\u0648\u0646<\/td>\n<td class=\"et5\" style=\"width: 210.00pt;\" width=\"280\">44\u00d735\u00d766 \u0633\u0645<\/td>\n<\/tr>\n<tr style=\"height: 20.25pt;\">\n<td class=\"et4\" style=\"height: 20.25pt; width: 133.75pt;\" width=\"178\" height=\"27\">\u0627\u0644\u0643\u0645\u064a\u0629\/\u0627\u0644\u0637\u0646<\/td>\n<td class=\"et5\" style=\"width: 210.00pt;\" width=\"280\">48 \u0642\u0637\u0639\u0629<\/td>\n<\/tr>\n<tr style=\"height: 19.50pt;\">\n<td class=\"et4\" style=\"height: 19.50pt; width: 133.75pt;\" width=\"178\" height=\"26\">\u062c.\u0648.\/\u0646.\u0648:<\/td>\n<td class=\"et5\" style=\"width: 210.00pt;\" width=\"280\">14 \/ 12 \u0643\u062c\u0645<\/td>\n<\/tr>\n<tr style=\"height: 20.25pt;\">\n<td class=\"et4\" style=\"height: 20.25pt; width: 133.75pt;\" width=\"178\" height=\"27\">\u0627\u0644\u0642\u064a\u0627\u0633:<\/td>\n<td class=\"et5\" style=\"width: 210.00pt;\" width=\"280\">0.1 \u0645\u062a\u0631 \u0645\u0643\u0639\u0628 \/ 3.59 \u0642\u062f\u0645 \u0645\u0643\u0639\u0628<\/td>\n<\/tr>\n<\/tbody>\n<\/table>","protected":false},"featured_media":708,"comment_status":"closed","ping_status":"closed","template":"","meta":{"_acf_changed":false},"product_brand":[],"product_cat":[26,28,24,44],"product_tag":[],"class_list":{"0":"post-697","1":"product","2":"type-product","3":"status-publish","4":"has-post-thumbnail","6":"product_cat-wholesale-toys-for-all-ages","7":"product_cat-wholesale-toys-for-ages-8-and-up","8":"product_cat-wholesale-educational-toys","9":"product_cat-wholesale-science-and-engineering-toys","11":"first","12":"instock","13":"shipping-taxable","14":"product-type-simple"},"acf":[],"_links":{"self":[{"href":"https:\/\/www.chengjitoy.com\/ar\/wp-json\/wp\/v2\/product\/697","targetHints":{"allow":["GET"]}}],"collection":[{"href":"https:\/\/www.chengjitoy.com\/ar\/wp-json\/wp\/v2\/product"}],"about":[{"href":"https:\/\/www.chengjitoy.com\/ar\/wp-json\/wp\/v2\/types\/product"}],"replies":[{"embeddable":true,"href":"https:\/\/www.chengjitoy.com\/ar\/wp-json\/wp\/v2\/comments?post=697"}],"wp:featuredmedia":[{"embeddable":true,"href":"https:\/\/www.chengjitoy.com\/ar\/wp-json\/wp\/v2\/media\/708"}],"wp:attachment":[{"href":"https:\/\/www.chengjitoy.com\/ar\/wp-json\/wp\/v2\/media?parent=697"}],"wp:term":[{"taxonomy":"product_brand","embeddable":true,"href":"https:\/\/www.chengjitoy.com\/ar\/wp-json\/wp\/v2\/product_brand?post=697"},{"taxonomy":"product_cat","embeddable":true,"href":"https:\/\/www.chengjitoy.com\/ar\/wp-json\/wp\/v2\/product_cat?post=697"},{"taxonomy":"product_tag","embeddable":true,"href":"https:\/\/www.chengjitoy.com\/ar\/wp-json\/wp\/v2\/product_tag?post=697"}],"curies":[{"name":"\u062f\u0628\u0644\u064a\u0648 \u0628\u064a","href":"https:\/\/api.w.org\/{rel}","templated":true}]}}