{"id":756,"date":"2025-06-18T01:35:55","date_gmt":"2025-06-18T01:35:55","guid":{"rendered":"https:\/\/www.chengjitoy.com\/?post_type=product&#038;p=756"},"modified":"2025-06-30T00:53:10","modified_gmt":"2025-06-30T00:53:10","slug":"wholesale-baby-playmat-cj3922820","status":"publish","type":"product","link":"https:\/\/www.chengjitoy.com\/ar\/product\/wholesale-baby-playmat-cj3922820\/","title":{"rendered":"\u0645\u0641\u0627\u0631\u0634 \u0644\u0639\u0628 \u0627\u0644\u0623\u0637\u0641\u0627\u0644 \u0628\u0627\u0644\u062c\u0645\u0644\u0629 \u0644\u0644\u062a\u0637\u0648\u064a\u0631 \u0627\u0644\u062d\u0633\u064a \u0648\u0648\u0642\u062a \u0627\u0644\u0644\u0639\u0628 \u0627\u0644\u0622\u0645\u0646"},"content":{"rendered":"<div class=\"wp-block-columns is-layout-flex wp-container-core-columns-is-layout-9d6595d7 wp-block-columns-is-layout-flex\">\n<div class=\"wp-block-column is-layout-flow wp-block-column-is-layout-flow\" style=\"flex-basis:66.66%\">\n<figure class=\"wp-block-image size-full\"><img loading=\"lazy\" decoding=\"async\" width=\"770\" height=\"940\" sizes=\"auto, (max-width: 770px) 100vw, 770px\" src=\"https:\/\/www.chengjitoy.com\/wp-content\/uploads\/2025\/06\/details-of-baby-playmat-CJ-3922820-1.webp\" alt=\"details-of-baby-playmat-CJ-3922820 (1)\" class=\"wp-image-763\" srcset=\"https:\/\/www.chengjitoy.com\/wp-content\/uploads\/2025\/06\/details-of-baby-playmat-CJ-3922820-1.webp 770w, https:\/\/www.chengjitoy.com\/wp-content\/uploads\/2025\/06\/details-of-baby-playmat-CJ-3922820-1-246x300.webp 246w, https:\/\/www.chengjitoy.com\/wp-content\/uploads\/2025\/06\/details-of-baby-playmat-CJ-3922820-1-768x938.webp 768w, https:\/\/www.chengjitoy.com\/wp-content\/uploads\/2025\/06\/details-of-baby-playmat-CJ-3922820-1-600x732.webp 600w\" \/><\/figure>\n\n\n\n<figure class=\"wp-block-image size-full\"><img loading=\"lazy\" decoding=\"async\" width=\"770\" height=\"2346\" sizes=\"auto, (max-width: 770px) 100vw, 770px\" src=\"https:\/\/www.chengjitoy.com\/wp-content\/uploads\/2025\/06\/details-of-baby-playmat-CJ-3922820-2.webp\" alt=\"details-of-baby-playmat-CJ-3922820 (2)\" class=\"wp-image-764\" srcset=\"https:\/\/www.chengjitoy.com\/wp-content\/uploads\/2025\/06\/details-of-baby-playmat-CJ-3922820-2.webp 770w, https:\/\/www.chengjitoy.com\/wp-content\/uploads\/2025\/06\/details-of-baby-playmat-CJ-3922820-2-98x300.webp 98w, https:\/\/www.chengjitoy.com\/wp-content\/uploads\/2025\/06\/details-of-baby-playmat-CJ-3922820-2-768x2340.webp 768w, https:\/\/www.chengjitoy.com\/wp-content\/uploads\/2025\/06\/details-of-baby-playmat-CJ-3922820-2-600x1828.webp 600w\" \/><\/figure>\n\n\n\n<figure class=\"wp-block-image size-full\"><img loading=\"lazy\" decoding=\"async\" width=\"770\" height=\"1180\" sizes=\"auto, (max-width: 770px) 100vw, 770px\" src=\"https:\/\/www.chengjitoy.com\/wp-content\/uploads\/2025\/06\/details-of-baby-playmat-CJ-3922820-3.webp\" alt=\"details-of-baby-playmat-CJ-3922820 (3)\" class=\"wp-image-765\" srcset=\"https:\/\/www.chengjitoy.com\/wp-content\/uploads\/2025\/06\/details-of-baby-playmat-CJ-3922820-3.webp 770w, https:\/\/www.chengjitoy.com\/wp-content\/uploads\/2025\/06\/details-of-baby-playmat-CJ-3922820-3-196x300.webp 196w, https:\/\/www.chengjitoy.com\/wp-content\/uploads\/2025\/06\/details-of-baby-playmat-CJ-3922820-3-768x1177.webp 768w, https:\/\/www.chengjitoy.com\/wp-content\/uploads\/2025\/06\/details-of-baby-playmat-CJ-3922820-3-600x919.webp 600w\" \/><\/figure>\n\n\n\n<figure class=\"wp-block-image size-full\"><img loading=\"lazy\" decoding=\"async\" width=\"770\" height=\"1407\" sizes=\"auto, (max-width: 770px) 100vw, 770px\" src=\"https:\/\/www.chengjitoy.com\/wp-content\/uploads\/2025\/06\/details-of-baby-playmat-CJ-3922820-4.webp\" alt=\"details-of-baby-playmat-CJ-3922820 (4)\" class=\"wp-image-766\" srcset=\"https:\/\/www.chengjitoy.com\/wp-content\/uploads\/2025\/06\/details-of-baby-playmat-CJ-3922820-4.webp 770w, https:\/\/www.chengjitoy.com\/wp-content\/uploads\/2025\/06\/details-of-baby-playmat-CJ-3922820-4-164x300.webp 164w, https:\/\/www.chengjitoy.com\/wp-content\/uploads\/2025\/06\/details-of-baby-playmat-CJ-3922820-4-768x1403.webp 768w, https:\/\/www.chengjitoy.com\/wp-content\/uploads\/2025\/06\/details-of-baby-playmat-CJ-3922820-4-600x1096.webp 600w\" \/><\/figure>\n\n\n\n<figure class=\"wp-block-image size-full\"><img loading=\"lazy\" decoding=\"async\" width=\"770\" height=\"1438\" sizes=\"auto, (max-width: 770px) 100vw, 770px\" src=\"https:\/\/www.chengjitoy.com\/wp-content\/uploads\/2025\/06\/details-of-baby-playmat-CJ-3922820-5.webp\" alt=\"details-of-baby-playmat-CJ-3922820 (5)\" class=\"wp-image-767\" srcset=\"https:\/\/www.chengjitoy.com\/wp-content\/uploads\/2025\/06\/details-of-baby-playmat-CJ-3922820-5.webp 770w, https:\/\/www.chengjitoy.com\/wp-content\/uploads\/2025\/06\/details-of-baby-playmat-CJ-3922820-5-161x300.webp 161w, https:\/\/www.chengjitoy.com\/wp-content\/uploads\/2025\/06\/details-of-baby-playmat-CJ-3922820-5-768x1434.webp 768w, https:\/\/www.chengjitoy.com\/wp-content\/uploads\/2025\/06\/details-of-baby-playmat-CJ-3922820-5-600x1121.webp 600w\" \/><\/figure>\n\n\n\n<figure class=\"wp-block-image size-full\"><img loading=\"lazy\" decoding=\"async\" width=\"770\" height=\"726\" sizes=\"auto, (max-width: 770px) 100vw, 770px\" src=\"https:\/\/www.chengjitoy.com\/wp-content\/uploads\/2025\/06\/details-of-baby-playmat-CJ-3922820-6.webp\" alt=\"details-of-baby-playmat-CJ-3922820 (6)\" class=\"wp-image-768\" srcset=\"https:\/\/www.chengjitoy.com\/wp-content\/uploads\/2025\/06\/details-of-baby-playmat-CJ-3922820-6.webp 770w, https:\/\/www.chengjitoy.com\/wp-content\/uploads\/2025\/06\/details-of-baby-playmat-CJ-3922820-6-300x283.webp 300w, https:\/\/www.chengjitoy.com\/wp-content\/uploads\/2025\/06\/details-of-baby-playmat-CJ-3922820-6-768x724.webp 768w, https:\/\/www.chengjitoy.com\/wp-content\/uploads\/2025\/06\/details-of-baby-playmat-CJ-3922820-6-600x566.webp 600w\" \/><\/figure>\n\n\n\n<figure class=\"wp-block-image size-full\"><img loading=\"lazy\" decoding=\"async\" width=\"770\" height=\"1533\" sizes=\"auto, (max-width: 770px) 100vw, 770px\" src=\"https:\/\/www.chengjitoy.com\/wp-content\/uploads\/2025\/06\/details-of-baby-playmat-CJ-3922820-7.webp\" alt=\"details-of-baby-playmat-CJ-3922820 (7)\" class=\"wp-image-769\" srcset=\"https:\/\/www.chengjitoy.com\/wp-content\/uploads\/2025\/06\/details-of-baby-playmat-CJ-3922820-7.webp 770w, https:\/\/www.chengjitoy.com\/wp-content\/uploads\/2025\/06\/details-of-baby-playmat-CJ-3922820-7-151x300.webp 151w, https:\/\/www.chengjitoy.com\/wp-content\/uploads\/2025\/06\/details-of-baby-playmat-CJ-3922820-7-768x1529.webp 768w, https:\/\/www.chengjitoy.com\/wp-content\/uploads\/2025\/06\/details-of-baby-playmat-CJ-3922820-7-600x1195.webp 600w\" \/><\/figure>\n<\/div>\n\n\n\n<div class=\"wp-block-column is-layout-flow wp-block-column-is-layout-flow\" style=\"flex-basis:33.33%\"><\/div>\n<\/div>","protected":false},"excerpt":{"rendered":"<p>\u062d\u0635\u0627\u0626\u0631 \u0644\u0639\u0628 \u0627\u0644\u0623\u0637\u0641\u0627\u0644 \u0628\u0627\u0644\u062c\u0645\u0644\u0629\u060c \u062a\u0639\u0632\u0632 \u0627\u0644\u0646\u0645\u0648 \u0627\u0644\u062d\u0633\u064a \u0627\u0644\u0645\u0628\u0643\u0631\u060c \u0648\u0627\u0644\u0645\u0647\u0627\u0631\u0627\u062a \u0627\u0644\u062d\u0631\u0643\u064a\u0629 \u0644\u0644\u0623\u0637\u0641\u0627\u0644 \u0627\u0644\u0630\u064a\u0646 \u062a\u062a\u0631\u0627\u0648\u062d \u0623\u0639\u0645\u0627\u0631\u0647\u0645 \u0628\u064a\u0646 0-24 \u0634\u0647\u0631\u064b\u0627. \u0643\u0644 \u0633\u062c\u0627\u062f\u0629 \u0644\u0639\u0628 \u0645\u0632\u0648\u062f\u0629 \u0628\u0623\u0644\u0639\u0627\u0628 \u0645\u0644\u0648\u0646\u0629 \u0645\u0639\u0644\u0642\u0629 \u062a\u062c\u0644\u0628 \u0627\u0644\u0645\u0632\u064a\u062f \u0645\u0646 \u0627\u0644\u0645\u0631\u062d \u0644\u0644\u0623\u0637\u0641\u0627\u0644. \u0645\u0635\u0646\u0648\u0639\u0629 \u0645\u0646 \u0645\u0648\u0627\u062f \u0635\u062f\u064a\u0642\u0629 \u0644\u0644\u0628\u064a\u0626\u0629 \u0648\u062e\u0627\u0644\u064a\u0629 \u0645\u0646 \u0627\u0644\u0628\u0648\u0644\u064a-\u0628\u0627\u064a\u062a\u0627 \u0648\u0627\u0644\u0645\u0648\u0627\u062f \u0627\u0644\u0628\u064a\u0633\u0641\u064a\u0646\u0648\u0644 \u0623\u060c \u0648\u0647\u064a \u062a\u0631\u0627\u0641\u0642 \u0627\u0644\u0646\u0645\u0648 \u0627\u0644\u0635\u062d\u064a \u0644\u0644\u0623\u0637\u0641\u0627\u0644. \u062a\u0642\u062f\u0645 \u062a\u0634\u0646\u063a\u062c\u064a \u062f\u0639\u0645\u064b\u0627 \u0642\u0648\u064a\u064b\u0627 \u0644\u0644\u0628\u064a\u0639 \u0628\u0627\u0644\u062c\u0645\u0644\u0629 \u0644\u0644\u0645\u0648\u0632\u0639\u064a\u0646 \u0627\u0644\u0639\u0627\u0644\u0645\u064a\u064a\u0646 \u0648\u062a\u062c\u0627\u0631 \u0627\u0644\u062a\u062c\u0632\u0626\u0629 \u0648\u0627\u0644\u0639\u0644\u0627\u0645\u0627\u062a \u0627\u0644\u062a\u062c\u0627\u0631\u064a\u0629 \u0627\u0644\u0639\u0627\u0644\u0645\u064a\u0629 \u0644\u0645\u0646\u062a\u062c\u0627\u062a \u0627\u0644\u0623\u0637\u0641\u0627\u0644\u060c \u0645\u0631\u062d\u0628\u064b\u0627 \u0628\u0643\u0645 \u0641\u064a \u0627\u0644\u0627\u062a\u0635\u0627\u0644 \u0628\u0646\u0627.<\/p>\n<h2>\u0645\u0648\u0627\u0635\u0641\u0627\u062a \u0645\u0641\u0631\u0634 \u0644\u0639\u0628 \u0627\u0644\u0623\u0637\u0641\u0627\u0644 CJ-3922820<\/h2>\n<table style=\"border-collapse: collapse; width: 343.52pt;\" border=\"0\" width=\"458\" cellspacing=\"0\" cellpadding=\"0\">\n<tbody>\n<tr style=\"height: 19.50pt;\">\n<td class=\"et3\" style=\"height: 19.50pt; width: 133.75pt;\" width=\"178\" height=\"26\">\u0631\u0642\u0645 \u0627\u0644\u0635\u0646\u0641:<\/td>\n<td class=\"et4\" style=\"width: 210.00pt;\" width=\"280\">CJ-3922820<\/td>\n<\/tr>\n<tr style=\"height: 20.25pt;\">\n<td class=\"et5\" style=\"height: 20.25pt; width: 133.75pt;\" width=\"178\" height=\"27\">\u0627\u0644\u062d\u0632\u0645\u0629:<\/td>\n<td class=\"et6\" style=\"width: 210.00pt;\" width=\"280\">\u0635\u0646\u062f\u0648\u0642 \u0623\u0644\u0648\u0627\u0646<\/td>\n<\/tr>\n<tr style=\"height: 19.50pt;\">\n<td class=\"et5\" style=\"height: 19.50pt; width: 133.75pt;\" width=\"178\" height=\"26\">\u062d\u062c\u0645 \u0627\u0644\u0639\u0628\u0648\u0629:<\/td>\n<td class=\"et6\" style=\"width: 210.00pt;\" width=\"280\">43\u00d718\u00d734 \u0633\u0645<\/td>\n<\/tr>\n<tr style=\"height: 20.25pt;\">\n<td class=\"et5\" style=\"height: 20.25pt; width: 133.75pt;\" width=\"178\" height=\"27\">\u062d\u062c\u0645 \u0627\u0644\u0643\u0631\u062a\u0648\u0646 \uff1a \u062d\u062c\u0645 \u0627\u0644\u0643\u0631\u062a\u0648\u0646<\/td>\n<td class=\"et6\" style=\"width: 210.00pt;\" width=\"280\">76.5\u00d747\u00d747\u00d771 \u0633\u0645<\/td>\n<\/tr>\n<tr style=\"height: 19.50pt;\">\n<td class=\"et5\" style=\"height: 19.50pt; width: 133.75pt;\" width=\"178\" height=\"26\">\u0627\u0644\u0643\u0645\u064a\u0629\/\u0627\u0644\u0637\u0646<\/td>\n<td class=\"et6\" style=\"width: 210.00pt;\" width=\"280\">8 \u0642\u0637\u0639<\/td>\n<\/tr>\n<tr style=\"height: 20.25pt;\">\n<td class=\"et5\" style=\"height: 20.25pt; width: 133.75pt;\" width=\"178\" height=\"27\">\u062c.\u0648.\/\u0646.\u0648:<\/td>\n<td class=\"et6\" style=\"width: 210.00pt;\" width=\"280\">12.2 \/ 10.2 \u0643\u062c\u0645<\/td>\n<\/tr>\n<tr style=\"height: 19.50pt;\">\n<td class=\"et5\" style=\"height: 19.50pt; width: 133.75pt;\" width=\"178\" height=\"26\">\u0627\u0644\u0642\u064a\u0627\u0633:<\/td>\n<td class=\"et6\" style=\"width: 210.00pt;\" width=\"280\">0.26 \u0645\u062a\u0631 \u0645\u0643\u0639\u0628 \/ 9.01 \u0642\u062f\u0645 \u0645\u0643\u0639\u0628<\/td>\n<\/tr>\n<\/tbody>\n<\/table>","protected":false},"featured_media":757,"comment_status":"closed","ping_status":"closed","template":"","meta":{"_acf_changed":false},"product_brand":[],"product_cat":[26,29,25,47],"product_tag":[],"class_list":{"0":"post-756","1":"product","2":"type-product","3":"status-publish","4":"has-post-thumbnail","6":"product_cat-wholesale-toys-for-all-ages","7":"product_cat-wholesale-toys-for-0-24-months","8":"product_cat-wholesale-baby-toys","9":"product_cat-wholesale-baby-beds-and-playmats","11":"first","12":"instock","13":"shipping-taxable","14":"product-type-simple"},"acf":[],"_links":{"self":[{"href":"https:\/\/www.chengjitoy.com\/ar\/wp-json\/wp\/v2\/product\/756","targetHints":{"allow":["GET"]}}],"collection":[{"href":"https:\/\/www.chengjitoy.com\/ar\/wp-json\/wp\/v2\/product"}],"about":[{"href":"https:\/\/www.chengjitoy.com\/ar\/wp-json\/wp\/v2\/types\/product"}],"replies":[{"embeddable":true,"href":"https:\/\/www.chengjitoy.com\/ar\/wp-json\/wp\/v2\/comments?post=756"}],"wp:featuredmedia":[{"embeddable":true,"href":"https:\/\/www.chengjitoy.com\/ar\/wp-json\/wp\/v2\/media\/757"}],"wp:attachment":[{"href":"https:\/\/www.chengjitoy.com\/ar\/wp-json\/wp\/v2\/media?parent=756"}],"wp:term":[{"taxonomy":"product_brand","embeddable":true,"href":"https:\/\/www.chengjitoy.com\/ar\/wp-json\/wp\/v2\/product_brand?post=756"},{"taxonomy":"product_cat","embeddable":true,"href":"https:\/\/www.chengjitoy.com\/ar\/wp-json\/wp\/v2\/product_cat?post=756"},{"taxonomy":"product_tag","embeddable":true,"href":"https:\/\/www.chengjitoy.com\/ar\/wp-json\/wp\/v2\/product_tag?post=756"}],"curies":[{"name":"\u062f\u0628\u0644\u064a\u0648 \u0628\u064a","href":"https:\/\/api.w.org\/{rel}","templated":true}]}}