{"id":796,"date":"2025-06-18T12:04:17","date_gmt":"2025-06-18T12:04:17","guid":{"rendered":"https:\/\/www.chengjitoy.com\/?post_type=product&#038;p=796"},"modified":"2025-06-30T10:40:07","modified_gmt":"2025-06-30T10:40:07","slug":"wholesale-kids-beach-water-play-table-cj4043983","status":"publish","type":"product","link":"https:\/\/www.chengjitoy.com\/ar\/product\/wholesale-kids-beach-water-play-table-cj4043983\/","title":{"rendered":"\u0623\u0644\u0639\u0627\u0628 \u0637\u0627\u0648\u0644\u0629 \u0627\u0644\u0644\u0639\u0628 \u0627\u0644\u0645\u0627\u0626\u064a\u0629 \u0627\u0644\u0634\u0627\u0637\u0626\u064a\u0629 \u0644\u0644\u0623\u0637\u0641\u0627\u0644 \u0628\u0627\u0644\u062c\u0645\u0644\u0629 - \u0623\u0644\u0639\u0627\u0628 \u0645\u062c\u0645\u0648\u0639\u0629 \u0627\u0644\u0634\u0627\u0637\u0626 \u0627\u0644\u0635\u064a\u0641\u064a\u0629"},"content":{"rendered":"<div class=\"wp-block-columns is-layout-flex wp-container-core-columns-is-layout-9d6595d7 wp-block-columns-is-layout-flex\">\n<div class=\"wp-block-column is-layout-flow wp-block-column-is-layout-flow\" style=\"flex-basis:66.66%\">\n<figure class=\"wp-block-image size-full\"><img loading=\"lazy\" decoding=\"async\" width=\"790\" height=\"1027\" sizes=\"auto, (max-width: 790px) 100vw, 790px\" src=\"https:\/\/www.chengjitoy.com\/wp-content\/uploads\/2025\/06\/details-of-kids-beach-water-play-table-toys-1.webp\" alt=\"\u062a\u0641\u0627\u0635\u064a\u0644 \u0623\u0644\u0639\u0627\u0628 \u0637\u0627\u0648\u0644\u0629 \u0627\u0644\u0644\u0639\u0628 \u0627\u0644\u0645\u0627\u0626\u064a\u0629 \u0627\u0644\u0634\u0627\u0637\u0626\u064a\u0629 \u0644\u0644\u0623\u0637\u0641\u0627\u0644 (1)\" class=\"wp-image-804\" srcset=\"https:\/\/www.chengjitoy.com\/wp-content\/uploads\/2025\/06\/details-of-kids-beach-water-play-table-toys-1.webp 790w, https:\/\/www.chengjitoy.com\/wp-content\/uploads\/2025\/06\/details-of-kids-beach-water-play-table-toys-1-231x300.webp 231w, https:\/\/www.chengjitoy.com\/wp-content\/uploads\/2025\/06\/details-of-kids-beach-water-play-table-toys-1-768x998.webp 768w, https:\/\/www.chengjitoy.com\/wp-content\/uploads\/2025\/06\/details-of-kids-beach-water-play-table-toys-1-600x780.webp 600w\" \/><\/figure>\n\n\n\n<figure class=\"wp-block-image size-full\"><img loading=\"lazy\" decoding=\"async\" width=\"790\" height=\"1762\" sizes=\"auto, (max-width: 790px) 100vw, 790px\" src=\"https:\/\/www.chengjitoy.com\/wp-content\/uploads\/2025\/06\/details-of-kids-beach-water-play-table-toys-2.webp\" alt=\"\u062a\u0641\u0627\u0635\u064a\u0644 \u0623\u0644\u0639\u0627\u0628 \u0637\u0627\u0648\u0644\u0629 \u0627\u0644\u0644\u0639\u0628 \u0627\u0644\u0645\u0627\u0626\u064a\u0629 \u0627\u0644\u0634\u0627\u0637\u0626\u064a\u0629 \u0644\u0644\u0623\u0637\u0641\u0627\u0644 (2)\" class=\"wp-image-805\" srcset=\"https:\/\/www.chengjitoy.com\/wp-content\/uploads\/2025\/06\/details-of-kids-beach-water-play-table-toys-2.webp 790w, https:\/\/www.chengjitoy.com\/wp-content\/uploads\/2025\/06\/details-of-kids-beach-water-play-table-toys-2-135x300.webp 135w, https:\/\/www.chengjitoy.com\/wp-content\/uploads\/2025\/06\/details-of-kids-beach-water-play-table-toys-2-768x1713.webp 768w, https:\/\/www.chengjitoy.com\/wp-content\/uploads\/2025\/06\/details-of-kids-beach-water-play-table-toys-2-600x1338.webp 600w\" \/><\/figure>\n\n\n\n<figure class=\"wp-block-image size-full\"><img loading=\"lazy\" decoding=\"async\" width=\"790\" height=\"1077\" sizes=\"auto, (max-width: 790px) 100vw, 790px\" src=\"https:\/\/www.chengjitoy.com\/wp-content\/uploads\/2025\/06\/details-of-kids-beach-water-play-table-toys-3.webp\" alt=\"\u062a\u0641\u0627\u0635\u064a\u0644 \u0623\u0644\u0639\u0627\u0628 \u0637\u0627\u0648\u0644\u0629 \u0627\u0644\u0644\u0639\u0628 \u0627\u0644\u0645\u0627\u0626\u064a\u0629 \u0627\u0644\u0634\u0627\u0637\u0626\u064a\u0629 \u0644\u0644\u0623\u0637\u0641\u0627\u0644 (3)\" class=\"wp-image-806\" srcset=\"https:\/\/www.chengjitoy.com\/wp-content\/uploads\/2025\/06\/details-of-kids-beach-water-play-table-toys-3.webp 790w, https:\/\/www.chengjitoy.com\/wp-content\/uploads\/2025\/06\/details-of-kids-beach-water-play-table-toys-3-220x300.webp 220w, https:\/\/www.chengjitoy.com\/wp-content\/uploads\/2025\/06\/details-of-kids-beach-water-play-table-toys-3-768x1047.webp 768w, https:\/\/www.chengjitoy.com\/wp-content\/uploads\/2025\/06\/details-of-kids-beach-water-play-table-toys-3-600x818.webp 600w\" \/><\/figure>\n\n\n\n<figure class=\"wp-block-image size-full\"><img loading=\"lazy\" decoding=\"async\" width=\"790\" height=\"1664\" sizes=\"auto, (max-width: 790px) 100vw, 790px\" src=\"https:\/\/www.chengjitoy.com\/wp-content\/uploads\/2025\/06\/details-of-kids-beach-water-play-table-toys-4.webp\" alt=\"\u062a\u0641\u0627\u0635\u064a\u0644 \u0623\u0644\u0639\u0627\u0628 \u0637\u0627\u0648\u0644\u0629 \u0627\u0644\u0644\u0639\u0628 \u0627\u0644\u0645\u0627\u0626\u064a\u0629 \u0627\u0644\u0634\u0627\u0637\u0626\u064a\u0629 \u0644\u0644\u0623\u0637\u0641\u0627\u0644 (4)\" class=\"wp-image-807\" srcset=\"https:\/\/www.chengjitoy.com\/wp-content\/uploads\/2025\/06\/details-of-kids-beach-water-play-table-toys-4.webp 790w, https:\/\/www.chengjitoy.com\/wp-content\/uploads\/2025\/06\/details-of-kids-beach-water-play-table-toys-4-142x300.webp 142w, https:\/\/www.chengjitoy.com\/wp-content\/uploads\/2025\/06\/details-of-kids-beach-water-play-table-toys-4-768x1618.webp 768w, https:\/\/www.chengjitoy.com\/wp-content\/uploads\/2025\/06\/details-of-kids-beach-water-play-table-toys-4-600x1264.webp 600w\" \/><\/figure>\n\n\n\n<figure class=\"wp-block-image size-full\"><img loading=\"lazy\" decoding=\"async\" width=\"790\" height=\"1342\" sizes=\"auto, (max-width: 790px) 100vw, 790px\" src=\"https:\/\/www.chengjitoy.com\/wp-content\/uploads\/2025\/06\/details-of-kids-beach-water-play-table-toys-5.webp\" alt=\"\u062a\u0641\u0627\u0635\u064a\u0644 \u0623\u0644\u0639\u0627\u0628 \u0637\u0627\u0648\u0644\u0629 \u0627\u0644\u0644\u0639\u0628 \u0627\u0644\u0645\u0627\u0626\u064a\u0629 \u0627\u0644\u0634\u0627\u0637\u0626\u064a\u0629 \u0644\u0644\u0623\u0637\u0641\u0627\u0644 (5)\" class=\"wp-image-808\" srcset=\"https:\/\/www.chengjitoy.com\/wp-content\/uploads\/2025\/06\/details-of-kids-beach-water-play-table-toys-5.webp 790w, https:\/\/www.chengjitoy.com\/wp-content\/uploads\/2025\/06\/details-of-kids-beach-water-play-table-toys-5-177x300.webp 177w, https:\/\/www.chengjitoy.com\/wp-content\/uploads\/2025\/06\/details-of-kids-beach-water-play-table-toys-5-768x1305.webp 768w, https:\/\/www.chengjitoy.com\/wp-content\/uploads\/2025\/06\/details-of-kids-beach-water-play-table-toys-5-600x1019.webp 600w\" \/><\/figure>\n\n\n\n<figure class=\"wp-block-image size-full\"><img loading=\"lazy\" decoding=\"async\" width=\"790\" height=\"1834\" sizes=\"auto, (max-width: 790px) 100vw, 790px\" src=\"https:\/\/www.chengjitoy.com\/wp-content\/uploads\/2025\/06\/details-of-kids-beach-water-play-table-toys-6.webp\" alt=\"\u062a\u0641\u0627\u0635\u064a\u0644 \u0623\u0644\u0639\u0627\u0628 \u0637\u0627\u0648\u0644\u0629 \u0627\u0644\u0644\u0639\u0628 \u0627\u0644\u0645\u0627\u0626\u064a\u0629 \u0627\u0644\u0634\u0627\u0637\u0626\u064a\u0629 \u0644\u0644\u0623\u0637\u0641\u0627\u0644 (6)\" class=\"wp-image-809\" srcset=\"https:\/\/www.chengjitoy.com\/wp-content\/uploads\/2025\/06\/details-of-kids-beach-water-play-table-toys-6.webp 790w, https:\/\/www.chengjitoy.com\/wp-content\/uploads\/2025\/06\/details-of-kids-beach-water-play-table-toys-6-129x300.webp 129w, https:\/\/www.chengjitoy.com\/wp-content\/uploads\/2025\/06\/details-of-kids-beach-water-play-table-toys-6-768x1783.webp 768w, https:\/\/www.chengjitoy.com\/wp-content\/uploads\/2025\/06\/details-of-kids-beach-water-play-table-toys-6-600x1393.webp 600w\" \/><\/figure>\n\n\n\n<figure class=\"wp-block-image size-full\"><img loading=\"lazy\" decoding=\"async\" width=\"790\" height=\"1362\" sizes=\"auto, (max-width: 790px) 100vw, 790px\" src=\"https:\/\/www.chengjitoy.com\/wp-content\/uploads\/2025\/06\/details-of-kids-beach-water-play-table-toys-7.webp\" alt=\"\u062a\u0641\u0627\u0635\u064a\u0644 \u0623\u0644\u0639\u0627\u0628 \u0637\u0627\u0648\u0644\u0629 \u0627\u0644\u0644\u0639\u0628 \u0627\u0644\u0645\u0627\u0626\u064a\u0629 \u0627\u0644\u0634\u0627\u0637\u0626\u064a\u0629 \u0644\u0644\u0623\u0637\u0641\u0627\u0644 (7)\" class=\"wp-image-810\" srcset=\"https:\/\/www.chengjitoy.com\/wp-content\/uploads\/2025\/06\/details-of-kids-beach-water-play-table-toys-7.webp 790w, https:\/\/www.chengjitoy.com\/wp-content\/uploads\/2025\/06\/details-of-kids-beach-water-play-table-toys-7-174x300.webp 174w, https:\/\/www.chengjitoy.com\/wp-content\/uploads\/2025\/06\/details-of-kids-beach-water-play-table-toys-7-768x1324.webp 768w, https:\/\/www.chengjitoy.com\/wp-content\/uploads\/2025\/06\/details-of-kids-beach-water-play-table-toys-7-600x1034.webp 600w\" \/><\/figure>\n\n\n\n<figure class=\"wp-block-image size-full\"><img loading=\"lazy\" decoding=\"async\" width=\"790\" height=\"697\" sizes=\"auto, (max-width: 790px) 100vw, 790px\" src=\"https:\/\/www.chengjitoy.com\/wp-content\/uploads\/2025\/06\/details-of-kids-beach-water-play-table-toys-8.webp\" alt=\"\u062a\u0641\u0627\u0635\u064a\u0644 \u0623\u0644\u0639\u0627\u0628 \u0637\u0627\u0648\u0644\u0629 \u0627\u0644\u0644\u0639\u0628 \u0627\u0644\u0645\u0627\u0626\u064a\u0629 \u0627\u0644\u0634\u0627\u0637\u0626\u064a\u0629 \u0644\u0644\u0623\u0637\u0641\u0627\u0644 (8)\" class=\"wp-image-811\" srcset=\"https:\/\/www.chengjitoy.com\/wp-content\/uploads\/2025\/06\/details-of-kids-beach-water-play-table-toys-8.webp 790w, https:\/\/www.chengjitoy.com\/wp-content\/uploads\/2025\/06\/details-of-kids-beach-water-play-table-toys-8-300x265.webp 300w, https:\/\/www.chengjitoy.com\/wp-content\/uploads\/2025\/06\/details-of-kids-beach-water-play-table-toys-8-768x678.webp 768w, https:\/\/www.chengjitoy.com\/wp-content\/uploads\/2025\/06\/details-of-kids-beach-water-play-table-toys-8-600x529.webp 600w\" \/><\/figure>\n\n\n\n<figure class=\"wp-block-image size-full\"><img loading=\"lazy\" decoding=\"async\" width=\"790\" height=\"1628\" sizes=\"auto, (max-width: 790px) 100vw, 790px\" src=\"https:\/\/www.chengjitoy.com\/wp-content\/uploads\/2025\/06\/details-of-kids-beach-water-play-table-toys-9.webp\" alt=\"\u062a\u0641\u0627\u0635\u064a\u0644 \u0623\u0644\u0639\u0627\u0628 \u0637\u0627\u0648\u0644\u0629 \u0627\u0644\u0644\u0639\u0628 \u0627\u0644\u0645\u0627\u0626\u064a\u0629 \u0627\u0644\u0634\u0627\u0637\u0626\u064a\u0629 \u0644\u0644\u0623\u0637\u0641\u0627\u0644 (9)\" class=\"wp-image-812\" srcset=\"https:\/\/www.chengjitoy.com\/wp-content\/uploads\/2025\/06\/details-of-kids-beach-water-play-table-toys-9.webp 790w, https:\/\/www.chengjitoy.com\/wp-content\/uploads\/2025\/06\/details-of-kids-beach-water-play-table-toys-9-146x300.webp 146w, https:\/\/www.chengjitoy.com\/wp-content\/uploads\/2025\/06\/details-of-kids-beach-water-play-table-toys-9-768x1583.webp 768w, https:\/\/www.chengjitoy.com\/wp-content\/uploads\/2025\/06\/details-of-kids-beach-water-play-table-toys-9-600x1236.webp 600w\" \/><\/figure>\n<\/div>\n\n\n\n<div class=\"wp-block-column is-layout-flow wp-block-column-is-layout-flow\" style=\"flex-basis:33.33%\"><\/div>\n<\/div>","protected":false},"excerpt":{"rendered":"<p data-pm-slice=\"0 0 []\">\u0623\u0644\u0639\u0627\u0628 \u0637\u0627\u0648\u0644\u0627\u062a \u0627\u0644\u0644\u0639\u0628 \u0627\u0644\u0645\u0627\u0626\u064a\u0629 \u0627\u0644\u0634\u0627\u0637\u0626\u064a\u0629 \u0644\u0644\u0623\u0637\u0641\u0627\u0644 \u0628\u0627\u0644\u062c\u0645\u0644\u0629\u060c \u0637\u0627\u0648\u0644\u0627\u062a \u0627\u0644\u0644\u0639\u0628 \u0647\u0630\u0647 \u0645\u0646\u0627\u0633\u0628\u0629 \u0644\u0644\u0645\u0627\u0621 \u0648\u0627\u0644\u0631\u0645\u0627\u0644 \u0648\u062d\u062a\u0649 \u0627\u0644\u062b\u0644\u0648\u062c\u060c \u0645\u0645\u0627 \u064a\u0643\u0633\u0631 \u0627\u0644\u0642\u064a\u0648\u062f \u0627\u0644\u0645\u0648\u0633\u0645\u064a\u0629 \u0644\u0623\u0644\u0639\u0627\u0628 \u0627\u0644\u0634\u0627\u0637\u0626 \u0627\u0644\u062a\u0642\u0644\u064a\u062f\u064a\u0629. \u064a\u062a\u0636\u0645\u0646 \u0627\u0644\u062a\u0635\u0645\u064a\u0645 \u0627\u0644\u0645\u0639\u064a\u0627\u0631\u064a \u0639\u0646\u0627\u0635\u0631 \u0645\u062b\u0644 \u0627\u0644\u0634\u0644\u0627\u0644\u0627\u062a \u0648\u0627\u0644\u0639\u062c\u0644\u0627\u062a \u0627\u0644\u0645\u0627\u0626\u064a\u0629 \u0648\u0627\u0644\u062d\u0641\u0627\u0631\u0627\u062a \u0648\u0645\u0627 \u0625\u0644\u0649 \u0630\u0644\u0643\u060c \u0648\u0627\u0644\u062a\u064a \u064a\u0645\u0643\u0646 \u0623\u0646 \u062a\u062d\u0641\u0632 \u0641\u0636\u0648\u0644 \u0627\u0644\u0623\u0637\u0641\u0627\u0644 \u0648\u0625\u0628\u062f\u0627\u0639\u0647\u0645. \u0627\u062a\u0635\u0644 \u0628\u0646\u0627 \u0644\u0644\u062d\u0635\u0648\u0644 \u0639\u0644\u0649 \u0639\u0631\u0636 \u0623\u0633\u0639\u0627\u0631.<\/p>\n<h2>\u0645\u0648\u0627\u0635\u0641\u0627\u062a \u0644\u0639\u0628\u0629 \u0637\u0627\u0648\u0644\u0629 \u0627\u0644\u0644\u0639\u0628 \u0627\u0644\u0645\u0627\u0626\u064a\u0629 \u0644\u0644\u0623\u0637\u0641\u0627\u0644 \u0639\u0644\u0649 \u0627\u0644\u0634\u0627\u0637\u0626\u00a0<\/h2>\n<table style=\"border-collapse: collapse; width: 343.52pt;\" border=\"0\" width=\"458\" cellspacing=\"0\" cellpadding=\"0\">\n<tbody>\n<tr style=\"height: 13.50pt;\">\n<td class=\"et2\" style=\"height: 13.50pt; width: 133.75pt;\" width=\"178\" height=\"18\">\u0631\u0642\u0645 \u0627\u0644\u0635\u0646\u0641:<\/td>\n<td class=\"et3\" style=\"width: 210.00pt;\" width=\"280\">CJ-4043983<\/td>\n<\/tr>\n<tr style=\"height: 25.50pt;\">\n<td class=\"et4\" style=\"height: 25.50pt; width: 133.75pt;\" width=\"178\" height=\"34\">\u0627\u0644\u062d\u0632\u0645\u0629:<\/td>\n<td class=\"et5\" style=\"width: 210.00pt;\" width=\"280\">\u0635\u0646\u062f\u0648\u0642 \u0623\u0644\u0648\u0627\u0646<\/td>\n<\/tr>\n<tr style=\"height: 25.50pt;\">\n<td class=\"et4\" style=\"height: 25.50pt; width: 133.75pt;\" width=\"178\" height=\"34\">\u062d\u062c\u0645 \u0627\u0644\u0639\u0628\u0648\u0629:<\/td>\n<td class=\"et5\" style=\"width: 210.00pt;\" width=\"280\">44.3 \u00d7 34.3 \u00d7 34.3 \u00d7 19.3 \u0633\u0645<\/td>\n<\/tr>\n<tr style=\"height: 25.50pt;\">\n<td class=\"et4\" style=\"height: 25.50pt; width: 133.75pt;\" width=\"178\" height=\"34\">\u062d\u062c\u0645 \u0627\u0644\u0643\u0631\u062a\u0648\u0646 \uff1a \u062d\u062c\u0645 \u0627\u0644\u0643\u0631\u062a\u0648\u0646<\/td>\n<td class=\"et5\" style=\"width: 210.00pt;\" width=\"280\">61\u00d736.5\u00d736.5\u00d747 \u0633\u0645<\/td>\n<\/tr>\n<tr style=\"height: 25.50pt;\">\n<td class=\"et4\" style=\"height: 25.50pt; width: 133.75pt;\" width=\"178\" height=\"34\">\u0627\u0644\u0643\u0645\u064a\u0629\/\u0627\u0644\u0637\u0646<\/td>\n<td class=\"et5\" style=\"width: 210.00pt;\" width=\"280\">3 \u0642\u0637\u0639<\/td>\n<\/tr>\n<tr style=\"height: 25.50pt;\">\n<td class=\"et4\" style=\"height: 25.50pt; width: 133.75pt;\" width=\"178\" height=\"34\">\u062c.\u0648.\/\u0646.\u0648:<\/td>\n<td class=\"et5\" style=\"width: 210.00pt;\" width=\"280\">7.75 \/ 6.2 \u0643\u062c\u0645<\/td>\n<\/tr>\n<tr style=\"height: 25.50pt;\">\n<td class=\"et4\" style=\"height: 25.50pt; width: 133.75pt;\" width=\"178\" height=\"34\">\u0627\u0644\u0642\u064a\u0627\u0633:<\/td>\n<td class=\"et5\" style=\"width: 210.00pt;\" width=\"280\">0.1 \u0645\u062a\u0631 \u0645\u0643\u0639\u0628 \/ 3.69 \u0642\u062f\u0645 \u0645\u0643\u0639\u0628<\/td>\n<\/tr>\n<\/tbody>\n<\/table>\n<p>&nbsp;<\/p>","protected":false},"featured_media":797,"comment_status":"closed","ping_status":"closed","template":"","meta":{"_acf_changed":true},"product_brand":[],"product_cat":[26,31,64,21],"product_tag":[],"class_list":{"0":"post-796","1":"product","2":"type-product","3":"status-publish","4":"has-post-thumbnail","6":"product_cat-wholesale-toys-for-all-ages","7":"product_cat-wholesale-toys-for-ages-5-and-up","8":"product_cat-wholesale-toy-beach-sets","9":"product_cat-wholesale-summer-toys","11":"first","12":"instock","13":"shipping-taxable","14":"product-type-simple"},"acf":[],"_links":{"self":[{"href":"https:\/\/www.chengjitoy.com\/ar\/wp-json\/wp\/v2\/product\/796","targetHints":{"allow":["GET"]}}],"collection":[{"href":"https:\/\/www.chengjitoy.com\/ar\/wp-json\/wp\/v2\/product"}],"about":[{"href":"https:\/\/www.chengjitoy.com\/ar\/wp-json\/wp\/v2\/types\/product"}],"replies":[{"embeddable":true,"href":"https:\/\/www.chengjitoy.com\/ar\/wp-json\/wp\/v2\/comments?post=796"}],"wp:featuredmedia":[{"embeddable":true,"href":"https:\/\/www.chengjitoy.com\/ar\/wp-json\/wp\/v2\/media\/797"}],"wp:attachment":[{"href":"https:\/\/www.chengjitoy.com\/ar\/wp-json\/wp\/v2\/media?parent=796"}],"wp:term":[{"taxonomy":"product_brand","embeddable":true,"href":"https:\/\/www.chengjitoy.com\/ar\/wp-json\/wp\/v2\/product_brand?post=796"},{"taxonomy":"product_cat","embeddable":true,"href":"https:\/\/www.chengjitoy.com\/ar\/wp-json\/wp\/v2\/product_cat?post=796"},{"taxonomy":"product_tag","embeddable":true,"href":"https:\/\/www.chengjitoy.com\/ar\/wp-json\/wp\/v2\/product_tag?post=796"}],"curies":[{"name":"\u062f\u0628\u0644\u064a\u0648 \u0628\u064a","href":"https:\/\/api.w.org\/{rel}","templated":true}]}}