{"id":946,"date":"2025-06-19T01:11:12","date_gmt":"2025-06-19T01:11:12","guid":{"rendered":"https:\/\/www.chengjitoy.com\/?post_type=product&#038;p=946"},"modified":"2025-06-30T00:50:34","modified_gmt":"2025-06-30T00:50:34","slug":"wholesale-baby-play-mat-cj4092323","status":"publish","type":"product","link":"https:\/\/www.chengjitoy.com\/ar\/product\/wholesale-baby-play-mat-cj4092323\/","title":{"rendered":"\u0645\u0641\u0627\u0631\u0634 \u0644\u0639\u0628 \u0627\u0644\u0623\u0637\u0641\u0627\u0644 \u0628\u0627\u0644\u062c\u0645\u0644\u0629 \u0644\u0648\u0642\u062a \u0627\u0644\u0627\u0633\u062a\u0644\u0642\u0627\u0621 \u0639\u0644\u0649 \u0627\u0644\u0628\u0637\u0646 \u0648\u0627\u0644\u0632\u062d\u0641 \u0648\u0627\u0644\u062a\u0639\u0644\u0645 \u0627\u0644\u062d\u0633\u064a - \u0635\u0627\u0644\u0629 \u0623\u0646\u0634\u0637\u0629 \u0627\u0644\u0631\u0636\u0639 4 \u0641\u064a 1"},"content":{"rendered":"<div class=\"wp-block-columns is-layout-flex wp-container-core-columns-is-layout-9d6595d7 wp-block-columns-is-layout-flex\">\n<div class=\"wp-block-column is-layout-flow wp-block-column-is-layout-flow\" style=\"flex-basis:66.66%\">\n<figure class=\"wp-block-image size-full\"><img loading=\"lazy\" decoding=\"async\" width=\"770\" height=\"884\" sizes=\"auto, (max-width: 770px) 100vw, 770px\" src=\"https:\/\/www.chengjitoy.com\/wp-content\/uploads\/2025\/06\/details-of-baby-play-mat-1.webp\" alt=\"\u062a\u0641\u0627\u0635\u064a\u0644 \u0633\u062c\u0627\u062f\u0629 \u0644\u0639\u0628 \u0627\u0644\u0623\u0637\u0641\u0627\u0644 (1)\" class=\"wp-image-956\" srcset=\"https:\/\/www.chengjitoy.com\/wp-content\/uploads\/2025\/06\/details-of-baby-play-mat-1.webp 770w, https:\/\/www.chengjitoy.com\/wp-content\/uploads\/2025\/06\/details-of-baby-play-mat-1-261x300.webp 261w, https:\/\/www.chengjitoy.com\/wp-content\/uploads\/2025\/06\/details-of-baby-play-mat-1-768x882.webp 768w, https:\/\/www.chengjitoy.com\/wp-content\/uploads\/2025\/06\/details-of-baby-play-mat-1-600x689.webp 600w\" \/><\/figure>\n\n\n\n<figure class=\"wp-block-image size-full\"><img loading=\"lazy\" decoding=\"async\" width=\"770\" height=\"297\" sizes=\"auto, (max-width: 770px) 100vw, 770px\" src=\"https:\/\/www.chengjitoy.com\/wp-content\/uploads\/2025\/06\/details-of-baby-play-mat-2.webp\" alt=\"\u062a\u0641\u0627\u0635\u064a\u0644 \u0633\u062c\u0627\u062f\u0629 \u0644\u0639\u0628 \u0627\u0644\u0623\u0637\u0641\u0627\u0644 (2)\" class=\"wp-image-957\" srcset=\"https:\/\/www.chengjitoy.com\/wp-content\/uploads\/2025\/06\/details-of-baby-play-mat-2.webp 770w, https:\/\/www.chengjitoy.com\/wp-content\/uploads\/2025\/06\/details-of-baby-play-mat-2-300x116.webp 300w, https:\/\/www.chengjitoy.com\/wp-content\/uploads\/2025\/06\/details-of-baby-play-mat-2-768x296.webp 768w, https:\/\/www.chengjitoy.com\/wp-content\/uploads\/2025\/06\/details-of-baby-play-mat-2-600x231.webp 600w\" \/><\/figure>\n\n\n\n<figure class=\"wp-block-image size-full\"><img loading=\"lazy\" decoding=\"async\" width=\"770\" height=\"1146\" sizes=\"auto, (max-width: 770px) 100vw, 770px\" src=\"https:\/\/www.chengjitoy.com\/wp-content\/uploads\/2025\/06\/details-of-baby-play-mat-3.webp\" alt=\"\u062a\u0641\u0627\u0635\u064a\u0644 \u0633\u062c\u0627\u062f\u0629 \u0644\u0639\u0628 \u0627\u0644\u0623\u0637\u0641\u0627\u0644 (3)\" class=\"wp-image-958\" srcset=\"https:\/\/www.chengjitoy.com\/wp-content\/uploads\/2025\/06\/details-of-baby-play-mat-3.webp 770w, https:\/\/www.chengjitoy.com\/wp-content\/uploads\/2025\/06\/details-of-baby-play-mat-3-202x300.webp 202w, https:\/\/www.chengjitoy.com\/wp-content\/uploads\/2025\/06\/details-of-baby-play-mat-3-768x1143.webp 768w, https:\/\/www.chengjitoy.com\/wp-content\/uploads\/2025\/06\/details-of-baby-play-mat-3-600x893.webp 600w\" \/><\/figure>\n\n\n\n<figure class=\"wp-block-image size-full\"><img loading=\"lazy\" decoding=\"async\" width=\"770\" height=\"1319\" sizes=\"auto, (max-width: 770px) 100vw, 770px\" src=\"https:\/\/www.chengjitoy.com\/wp-content\/uploads\/2025\/06\/details-of-baby-play-mat-4.webp\" alt=\"\u062a\u0641\u0627\u0635\u064a\u0644 \u0633\u062c\u0627\u062f\u0629 \u0644\u0639\u0628 \u0627\u0644\u0623\u0637\u0641\u0627\u0644 (4)\" class=\"wp-image-959\" srcset=\"https:\/\/www.chengjitoy.com\/wp-content\/uploads\/2025\/06\/details-of-baby-play-mat-4.webp 770w, https:\/\/www.chengjitoy.com\/wp-content\/uploads\/2025\/06\/details-of-baby-play-mat-4-175x300.webp 175w, https:\/\/www.chengjitoy.com\/wp-content\/uploads\/2025\/06\/details-of-baby-play-mat-4-768x1316.webp 768w, https:\/\/www.chengjitoy.com\/wp-content\/uploads\/2025\/06\/details-of-baby-play-mat-4-600x1028.webp 600w\" \/><\/figure>\n\n\n\n<figure class=\"wp-block-image size-full\"><img loading=\"lazy\" decoding=\"async\" width=\"770\" height=\"1090\" sizes=\"auto, (max-width: 770px) 100vw, 770px\" src=\"https:\/\/www.chengjitoy.com\/wp-content\/uploads\/2025\/06\/details-of-baby-play-mat-5.webp\" alt=\"\u062a\u0641\u0627\u0635\u064a\u0644 \u0633\u062c\u0627\u062f\u0629 \u0644\u0639\u0628 \u0627\u0644\u0623\u0637\u0641\u0627\u0644 (5)\" class=\"wp-image-960\" srcset=\"https:\/\/www.chengjitoy.com\/wp-content\/uploads\/2025\/06\/details-of-baby-play-mat-5.webp 770w, https:\/\/www.chengjitoy.com\/wp-content\/uploads\/2025\/06\/details-of-baby-play-mat-5-212x300.webp 212w, https:\/\/www.chengjitoy.com\/wp-content\/uploads\/2025\/06\/details-of-baby-play-mat-5-768x1087.webp 768w, https:\/\/www.chengjitoy.com\/wp-content\/uploads\/2025\/06\/details-of-baby-play-mat-5-600x849.webp 600w\" \/><\/figure>\n\n\n\n<figure class=\"wp-block-image size-full\"><img loading=\"lazy\" decoding=\"async\" width=\"770\" height=\"1072\" sizes=\"auto, (max-width: 770px) 100vw, 770px\" src=\"https:\/\/www.chengjitoy.com\/wp-content\/uploads\/2025\/06\/details-of-baby-play-mat-6.webp\" alt=\"\u062a\u0641\u0627\u0635\u064a\u0644 \u0633\u062c\u0627\u062f\u0629 \u0644\u0639\u0628 \u0627\u0644\u0623\u0637\u0641\u0627\u0644 (6)\" class=\"wp-image-961\" srcset=\"https:\/\/www.chengjitoy.com\/wp-content\/uploads\/2025\/06\/details-of-baby-play-mat-6.webp 770w, https:\/\/www.chengjitoy.com\/wp-content\/uploads\/2025\/06\/details-of-baby-play-mat-6-215x300.webp 215w, https:\/\/www.chengjitoy.com\/wp-content\/uploads\/2025\/06\/details-of-baby-play-mat-6-768x1069.webp 768w, https:\/\/www.chengjitoy.com\/wp-content\/uploads\/2025\/06\/details-of-baby-play-mat-6-600x835.webp 600w\" \/><\/figure>\n\n\n\n<figure class=\"wp-block-image size-full\"><img loading=\"lazy\" decoding=\"async\" width=\"770\" height=\"753\" sizes=\"auto, (max-width: 770px) 100vw, 770px\" src=\"https:\/\/www.chengjitoy.com\/wp-content\/uploads\/2025\/06\/details-of-baby-play-mat-7.webp\" alt=\"\u062a\u0641\u0627\u0635\u064a\u0644 \u0633\u062c\u0627\u062f\u0629 \u0644\u0639\u0628 \u0627\u0644\u0623\u0637\u0641\u0627\u0644 (7)\" class=\"wp-image-962\" srcset=\"https:\/\/www.chengjitoy.com\/wp-content\/uploads\/2025\/06\/details-of-baby-play-mat-7.webp 770w, https:\/\/www.chengjitoy.com\/wp-content\/uploads\/2025\/06\/details-of-baby-play-mat-7-300x293.webp 300w, https:\/\/www.chengjitoy.com\/wp-content\/uploads\/2025\/06\/details-of-baby-play-mat-7-768x751.webp 768w, https:\/\/www.chengjitoy.com\/wp-content\/uploads\/2025\/06\/details-of-baby-play-mat-7-600x587.webp 600w\" \/><\/figure>\n\n\n\n<figure class=\"wp-block-image size-full\"><img loading=\"lazy\" decoding=\"async\" width=\"770\" height=\"1313\" sizes=\"auto, (max-width: 770px) 100vw, 770px\" src=\"https:\/\/www.chengjitoy.com\/wp-content\/uploads\/2025\/06\/details-of-baby-play-mat-8.webp\" alt=\"\u062a\u0641\u0627\u0635\u064a\u0644 \u0633\u062c\u0627\u062f\u0629 \u0644\u0639\u0628 \u0627\u0644\u0623\u0637\u0641\u0627\u0644 (8)\" class=\"wp-image-963\" srcset=\"https:\/\/www.chengjitoy.com\/wp-content\/uploads\/2025\/06\/details-of-baby-play-mat-8.webp 770w, https:\/\/www.chengjitoy.com\/wp-content\/uploads\/2025\/06\/details-of-baby-play-mat-8-176x300.webp 176w, https:\/\/www.chengjitoy.com\/wp-content\/uploads\/2025\/06\/details-of-baby-play-mat-8-768x1310.webp 768w, https:\/\/www.chengjitoy.com\/wp-content\/uploads\/2025\/06\/details-of-baby-play-mat-8-600x1023.webp 600w\" \/><\/figure>\n<\/div>\n\n\n\n<div class=\"wp-block-column is-layout-flow wp-block-column-is-layout-flow\" style=\"flex-basis:33.33%\"><\/div>\n<\/div>\n\n\n\n<div class=\"wp-block-columns is-layout-flex wp-container-core-columns-is-layout-9d6595d7 wp-block-columns-is-layout-flex\">\n<div class=\"wp-block-column is-layout-flow wp-block-column-is-layout-flow\" style=\"flex-basis:66.66%\"><\/div>\n\n\n\n<div class=\"wp-block-column is-layout-flow wp-block-column-is-layout-flow\" style=\"flex-basis:33.33%\"><\/div>\n<\/div>","protected":false},"excerpt":{"rendered":"<p>\u0633\u062c\u0627\u062f\u0629 \u0644\u0639\u0628 \u0644\u064a\u0627\u0642\u0629 \u0628\u062f\u0646\u064a\u0629 \u0644\u0644\u0623\u0637\u0641\u0627\u0644 \u0645\u062a\u0639\u062f\u062f\u0629 \u0627\u0644\u0648\u0638\u0627\u0626\u0641 \u0628\u0627\u0644\u062c\u0645\u0644\u0629 \u0645\u0639 \u0642\u0648\u0633 \u0642\u0627\u0628\u0644 \u0644\u0644\u062a\u0639\u062f\u064a\u0644\u060c \u0648\u062d\u0634\u0648\u0629 \u0642\u0637\u0646\u064a\u0629 \u0646\u0627\u0639\u0645\u0629\u060c \u064820 \u0643\u0631\u0629 \u0645\u062d\u064a\u0637\u064a\u0629 \u06485 \u0623\u0644\u0639\u0627\u0628 \u0642\u0627\u0628\u0644\u0629 \u0644\u0644\u0625\u0632\u0627\u0644\u0629. \u062a\u0635\u0645\u064a\u0645 4 \u0641\u064a 1 \u0644\u0644\u062a\u0637\u0648\u064a\u0631\u060c \u064a\u062f\u0639\u0645 \u0627\u0644\u0627\u0633\u062a\u0644\u0642\u0627\u0621 \u0648\u0627\u0644\u0627\u0646\u0628\u0637\u0627\u062d \u0648\u0627\u0644\u062c\u0644\u0648\u0633 \u0648\u0627\u0644\u0632\u062d\u0641\u060c \u0645\u0646\u0627\u0633\u0628 \u0644\u0644\u0623\u0637\u0641\u0627\u0644 \u0645\u0646 \u0639\u0645\u0631 0-24 \u0634\u0647\u0631\u064b\u0627. \u0642\u0627\u0628\u0644 \u0644\u0644\u0637\u064a\u060c \u0642\u0627\u0628\u0644 \u0644\u0644\u063a\u0633\u0644 \u0641\u064a \u0627\u0644\u063a\u0633\u0627\u0644\u0629\u060c \u0645\u062a\u0648\u0641\u0631 \u0641\u064a 6 \u0623\u0646\u0645\u0627\u0637. \u0627\u062a\u0635\u0644\u064a \u0628 Chengji \u0644\u0644\u062d\u0635\u0648\u0644 \u0639\u0644\u0649 \u0623\u0641\u0636\u0644 \u0639\u0631\u0636 \u0623\u0633\u0639\u0627\u0631 \u0645\u0646 \u0645\u0648\u0631\u062f \u0645\u0648\u062b\u0648\u0642 \u0628\u0647 \u0644\u062d\u0635\u064a\u0631\u0629 \u0627\u0644\u0623\u0637\u0641\u0627\u0644.<\/p>\n<h2>\u0645\u0648\u0627\u0635\u0641\u0627\u062a \u0633\u062c\u0627\u062f\u0629 \u0644\u0639\u0628 \u0627\u0644\u0623\u0637\u0641\u0627\u0644<\/h2>\n<table style=\"border-collapse: collapse; width: 343.52pt;\" border=\"0\" width=\"458\" cellspacing=\"0\" cellpadding=\"0\">\n<tbody>\n<tr style=\"height: 21.00pt;\">\n<td class=\"et2\" style=\"height: 21.00pt; width: 133.75pt;\" width=\"178\" height=\"28\">\u0631\u0642\u0645 \u0627\u0644\u0635\u0646\u0641:<\/td>\n<td class=\"et3\" style=\"width: 210.00pt;\" width=\"280\">CJ-409232323<\/td>\n<\/tr>\n<tr style=\"height: 21.00pt;\">\n<td class=\"et4\" style=\"height: 21.00pt; width: 133.75pt;\" width=\"178\" height=\"28\">\u0627\u0644\u062d\u0632\u0645\u0629:<\/td>\n<td class=\"et5\" style=\"width: 210.00pt;\" width=\"280\">\u0635\u0646\u062f\u0648\u0642 \u0623\u0644\u0648\u0627\u0646<\/td>\n<\/tr>\n<tr style=\"height: 21.00pt;\">\n<td class=\"et4\" style=\"height: 21.00pt; width: 133.75pt;\" width=\"178\" height=\"28\">\u062d\u062c\u0645 \u0627\u0644\u0639\u0628\u0648\u0629:<\/td>\n<td class=\"et5\" style=\"width: 210.00pt;\" width=\"280\">43\u00d718\u00d734 \u0633\u0645<\/td>\n<\/tr>\n<tr style=\"height: 21.00pt;\">\n<td class=\"et4\" style=\"height: 21.00pt; width: 133.75pt;\" width=\"178\" height=\"28\">\u062d\u062c\u0645 \u0627\u0644\u0643\u0631\u062a\u0648\u0646 \uff1a \u062d\u062c\u0645 \u0627\u0644\u0643\u0631\u062a\u0648\u0646<\/td>\n<td class=\"et5\" style=\"width: 210.00pt;\" width=\"280\">76.5\u00d747\u00d747\u00d771 \u0633\u0645<\/td>\n<\/tr>\n<tr style=\"height: 21.00pt;\">\n<td class=\"et4\" style=\"height: 21.00pt; width: 133.75pt;\" width=\"178\" height=\"28\">\u0627\u0644\u0643\u0645\u064a\u0629\/\u0627\u0644\u0637\u0646<\/td>\n<td class=\"et5\" style=\"width: 210.00pt;\" width=\"280\">8 \u0642\u0637\u0639<\/td>\n<\/tr>\n<tr style=\"height: 21.00pt;\">\n<td class=\"et4\" style=\"height: 21.00pt; width: 133.75pt;\" width=\"178\" height=\"28\">\u062c.\u0648.\/\u0646.\u0648:<\/td>\n<td class=\"et5\" style=\"width: 210.00pt;\" width=\"280\">12.2 \/ 10.2 \u0643\u062c\u0645<\/td>\n<\/tr>\n<tr style=\"height: 21.00pt;\">\n<td class=\"et4\" style=\"height: 21.00pt; width: 133.75pt;\" width=\"178\" height=\"28\">\u0627\u0644\u0642\u064a\u0627\u0633:<\/td>\n<td class=\"et5\" style=\"width: 210.00pt;\" width=\"280\">0.26 \u0645\u062a\u0631 \u0645\u0643\u0639\u0628 \/ 9.01 \u0642\u062f\u0645 \u0645\u0643\u0639\u0628<\/td>\n<\/tr>\n<\/tbody>\n<\/table>","protected":false},"featured_media":949,"comment_status":"closed","ping_status":"closed","template":"","meta":{"_acf_changed":false},"product_brand":[],"product_cat":[26,29,25,47],"product_tag":[],"class_list":{"0":"post-946","1":"product","2":"type-product","3":"status-publish","4":"has-post-thumbnail","6":"product_cat-wholesale-toys-for-all-ages","7":"product_cat-wholesale-toys-for-0-24-months","8":"product_cat-wholesale-baby-toys","9":"product_cat-wholesale-baby-beds-and-playmats","11":"first","12":"instock","13":"shipping-taxable","14":"product-type-simple"},"acf":[],"_links":{"self":[{"href":"https:\/\/www.chengjitoy.com\/ar\/wp-json\/wp\/v2\/product\/946","targetHints":{"allow":["GET"]}}],"collection":[{"href":"https:\/\/www.chengjitoy.com\/ar\/wp-json\/wp\/v2\/product"}],"about":[{"href":"https:\/\/www.chengjitoy.com\/ar\/wp-json\/wp\/v2\/types\/product"}],"replies":[{"embeddable":true,"href":"https:\/\/www.chengjitoy.com\/ar\/wp-json\/wp\/v2\/comments?post=946"}],"wp:featuredmedia":[{"embeddable":true,"href":"https:\/\/www.chengjitoy.com\/ar\/wp-json\/wp\/v2\/media\/949"}],"wp:attachment":[{"href":"https:\/\/www.chengjitoy.com\/ar\/wp-json\/wp\/v2\/media?parent=946"}],"wp:term":[{"taxonomy":"product_brand","embeddable":true,"href":"https:\/\/www.chengjitoy.com\/ar\/wp-json\/wp\/v2\/product_brand?post=946"},{"taxonomy":"product_cat","embeddable":true,"href":"https:\/\/www.chengjitoy.com\/ar\/wp-json\/wp\/v2\/product_cat?post=946"},{"taxonomy":"product_tag","embeddable":true,"href":"https:\/\/www.chengjitoy.com\/ar\/wp-json\/wp\/v2\/product_tag?post=946"}],"curies":[{"name":"\u062f\u0628\u0644\u064a\u0648 \u0628\u064a","href":"https:\/\/api.w.org\/{rel}","templated":true}]}}