{"id":1338,"date":"2025-06-22T10:07:26","date_gmt":"2025-06-22T10:07:26","guid":{"rendered":"https:\/\/www.chengjitoy.com\/?post_type=product&#038;p=1338"},"modified":"2025-06-30T00:45:10","modified_gmt":"2025-06-30T00:45:10","slug":"wholesale-water-gun-cj4485085","status":"publish","type":"product","link":"https:\/\/www.chengjitoy.com\/de\/product\/wholesale-water-gun-cj4485085\/","title":{"rendered":"Gro\u00dfhandel Wasserpistolen, Bulk Kinder Wasserpistole Spielzeug zum Verkauf, mit elektrischen automatischen kontinuierlichen Shooting-System"},"content":{"rendered":"<div class=\"wp-block-columns is-layout-flex wp-container-core-columns-is-layout-9d6595d7 wp-block-columns-is-layout-flex\">\n<div class=\"wp-block-column is-layout-flow wp-block-column-is-layout-flow\" style=\"flex-basis:66.66%\">\n<figure class=\"wp-block-image size-full\"><img loading=\"lazy\" decoding=\"async\" width=\"770\" height=\"978\" sizes=\"auto, (max-width: 770px) 100vw, 770px\" src=\"https:\/\/www.chengjitoy.com\/wp-content\/uploads\/2025\/06\/details-of-electric-automatic-water-gun-1.webp\" alt=\"Details zum automatischen elektrischen Wasserwerfer (1)\" class=\"wp-image-1339\" srcset=\"https:\/\/www.chengjitoy.com\/wp-content\/uploads\/2025\/06\/details-of-electric-automatic-water-gun-1.webp 770w, https:\/\/www.chengjitoy.com\/wp-content\/uploads\/2025\/06\/details-of-electric-automatic-water-gun-1-236x300.webp 236w, https:\/\/www.chengjitoy.com\/wp-content\/uploads\/2025\/06\/details-of-electric-automatic-water-gun-1-768x975.webp 768w, https:\/\/www.chengjitoy.com\/wp-content\/uploads\/2025\/06\/details-of-electric-automatic-water-gun-1-600x762.webp 600w\" \/><\/figure>\n\n\n\n<figure class=\"wp-block-image size-full\"><img loading=\"lazy\" decoding=\"async\" width=\"770\" height=\"764\" sizes=\"auto, (max-width: 770px) 100vw, 770px\" src=\"https:\/\/www.chengjitoy.com\/wp-content\/uploads\/2025\/06\/details-of-electric-automatic-water-gun-2.webp\" alt=\"Details zum automatischen elektrischen Wasserwerfer (2)\" class=\"wp-image-1340\" srcset=\"https:\/\/www.chengjitoy.com\/wp-content\/uploads\/2025\/06\/details-of-electric-automatic-water-gun-2.webp 770w, https:\/\/www.chengjitoy.com\/wp-content\/uploads\/2025\/06\/details-of-electric-automatic-water-gun-2-300x298.webp 300w, https:\/\/www.chengjitoy.com\/wp-content\/uploads\/2025\/06\/details-of-electric-automatic-water-gun-2-150x150.webp 150w, https:\/\/www.chengjitoy.com\/wp-content\/uploads\/2025\/06\/details-of-electric-automatic-water-gun-2-768x762.webp 768w, https:\/\/www.chengjitoy.com\/wp-content\/uploads\/2025\/06\/details-of-electric-automatic-water-gun-2-600x595.webp 600w, https:\/\/www.chengjitoy.com\/wp-content\/uploads\/2025\/06\/details-of-electric-automatic-water-gun-2-100x100.webp 100w\" \/><\/figure>\n\n\n\n<figure class=\"wp-block-image size-full\"><img loading=\"lazy\" decoding=\"async\" width=\"770\" height=\"955\" sizes=\"auto, (max-width: 770px) 100vw, 770px\" src=\"https:\/\/www.chengjitoy.com\/wp-content\/uploads\/2025\/06\/details-of-electric-automatic-water-gun-3.webp\" alt=\"Details zum automatischen elektrischen Wasserwerfer (3)\" class=\"wp-image-1341\" srcset=\"https:\/\/www.chengjitoy.com\/wp-content\/uploads\/2025\/06\/details-of-electric-automatic-water-gun-3.webp 770w, https:\/\/www.chengjitoy.com\/wp-content\/uploads\/2025\/06\/details-of-electric-automatic-water-gun-3-242x300.webp 242w, https:\/\/www.chengjitoy.com\/wp-content\/uploads\/2025\/06\/details-of-electric-automatic-water-gun-3-768x953.webp 768w, https:\/\/www.chengjitoy.com\/wp-content\/uploads\/2025\/06\/details-of-electric-automatic-water-gun-3-600x744.webp 600w\" \/><\/figure>\n\n\n\n<figure class=\"wp-block-image size-full\"><img loading=\"lazy\" decoding=\"async\" width=\"770\" height=\"1647\" sizes=\"auto, (max-width: 770px) 100vw, 770px\" src=\"https:\/\/www.chengjitoy.com\/wp-content\/uploads\/2025\/06\/details-of-electric-automatic-water-gun-4.webp\" alt=\"Details zum automatischen elektrischen Wasserwerfer (4)\" class=\"wp-image-1342\" srcset=\"https:\/\/www.chengjitoy.com\/wp-content\/uploads\/2025\/06\/details-of-electric-automatic-water-gun-4.webp 770w, https:\/\/www.chengjitoy.com\/wp-content\/uploads\/2025\/06\/details-of-electric-automatic-water-gun-4-140x300.webp 140w, https:\/\/www.chengjitoy.com\/wp-content\/uploads\/2025\/06\/details-of-electric-automatic-water-gun-4-768x1643.webp 768w, https:\/\/www.chengjitoy.com\/wp-content\/uploads\/2025\/06\/details-of-electric-automatic-water-gun-4-600x1283.webp 600w\" \/><\/figure>\n\n\n\n<figure class=\"wp-block-image size-full\"><img loading=\"lazy\" decoding=\"async\" width=\"770\" height=\"783\" sizes=\"auto, (max-width: 770px) 100vw, 770px\" src=\"https:\/\/www.chengjitoy.com\/wp-content\/uploads\/2025\/06\/details-of-electric-automatic-water-gun-5.webp\" alt=\"Details zum automatischen elektrischen Wasserwerfer (5)\" class=\"wp-image-1343\" srcset=\"https:\/\/www.chengjitoy.com\/wp-content\/uploads\/2025\/06\/details-of-electric-automatic-water-gun-5.webp 770w, https:\/\/www.chengjitoy.com\/wp-content\/uploads\/2025\/06\/details-of-electric-automatic-water-gun-5-295x300.webp 295w, https:\/\/www.chengjitoy.com\/wp-content\/uploads\/2025\/06\/details-of-electric-automatic-water-gun-5-768x781.webp 768w, https:\/\/www.chengjitoy.com\/wp-content\/uploads\/2025\/06\/details-of-electric-automatic-water-gun-5-600x610.webp 600w\" \/><\/figure>\n\n\n\n<figure class=\"wp-block-image size-full\"><img loading=\"lazy\" decoding=\"async\" width=\"770\" height=\"746\" sizes=\"auto, (max-width: 770px) 100vw, 770px\" src=\"https:\/\/www.chengjitoy.com\/wp-content\/uploads\/2025\/06\/details-of-electric-automatic-water-gun-6.webp\" alt=\"Details zum automatischen elektrischen Wasserwerfer (6)\" class=\"wp-image-1344\" srcset=\"https:\/\/www.chengjitoy.com\/wp-content\/uploads\/2025\/06\/details-of-electric-automatic-water-gun-6.webp 770w, https:\/\/www.chengjitoy.com\/wp-content\/uploads\/2025\/06\/details-of-electric-automatic-water-gun-6-300x291.webp 300w, https:\/\/www.chengjitoy.com\/wp-content\/uploads\/2025\/06\/details-of-electric-automatic-water-gun-6-768x744.webp 768w, https:\/\/www.chengjitoy.com\/wp-content\/uploads\/2025\/06\/details-of-electric-automatic-water-gun-6-600x581.webp 600w\" \/><\/figure>\n\n\n\n<figure class=\"wp-block-image size-full\"><img loading=\"lazy\" decoding=\"async\" width=\"770\" height=\"1297\" sizes=\"auto, (max-width: 770px) 100vw, 770px\" src=\"https:\/\/www.chengjitoy.com\/wp-content\/uploads\/2025\/06\/details-of-electric-automatic-water-gun-8.webp\" alt=\"Details zum automatischen elektrischen Wasserwerfer (8)\" class=\"wp-image-1345\" srcset=\"https:\/\/www.chengjitoy.com\/wp-content\/uploads\/2025\/06\/details-of-electric-automatic-water-gun-8.webp 770w, https:\/\/www.chengjitoy.com\/wp-content\/uploads\/2025\/06\/details-of-electric-automatic-water-gun-8-178x300.webp 178w, https:\/\/www.chengjitoy.com\/wp-content\/uploads\/2025\/06\/details-of-electric-automatic-water-gun-8-768x1294.webp 768w, https:\/\/www.chengjitoy.com\/wp-content\/uploads\/2025\/06\/details-of-electric-automatic-water-gun-8-600x1011.webp 600w\" \/><\/figure>\n<\/div>\n\n\n\n<div class=\"wp-block-column is-layout-flow wp-block-column-is-layout-flow\" style=\"flex-basis:33.33%\"><\/div>\n<\/div>","protected":false},"excerpt":{"rendered":"<p>Elektrischer Wasserwerfer f\u00fcr den Gro\u00dfhandel. Die Kombination aus modernstem Design und leistungsstarker Wasserspritzkraft macht diese elektrische automatische Wasserpistole zu einem Bestseller f\u00fcr Einzel- und Gro\u00dfh\u00e4ndler weltweit. Ausgestattet mit einem elektrischen automatischen Schie\u00dfsystem, einem abnehmbaren Zielfernrohr und einem auff\u00e4lligen Sci-Fi-Hai-Thema, ist diese Wasserpistole f\u00fcr Outdoor-Sportarten geeignet. Chengji bietet OEM-Anpassung und Unterst\u00fctzung bei Gro\u00dfbestellungen, kontaktieren Sie uns bitte f\u00fcr ein Angebot.<\/p>\n<h2>Spezifikationen des automatischen elektrischen Wasserwerfers<\/h2>\n<table style=\"border-collapse: collapse; width: 343.52pt;\" border=\"0\" width=\"458\" cellspacing=\"0\" cellpadding=\"0\">\n<tbody>\n<tr style=\"height: 21.00pt;\">\n<td class=\"et2\" style=\"height: 21.00pt; width: 133.75pt;\" width=\"178\" height=\"28\">Artikel Nr.:<\/td>\n<td class=\"et3\" style=\"width: 210.00pt;\" width=\"280\">CJ-4485085<\/td>\n<\/tr>\n<tr style=\"height: 21.00pt;\">\n<td class=\"et4\" style=\"height: 21.00pt; width: 133.75pt;\" width=\"178\" height=\"28\">Paket:<\/td>\n<td class=\"et5\" style=\"width: 210.00pt;\" width=\"280\">Farbkasten<\/td>\n<\/tr>\n<tr style=\"height: 21.00pt;\">\n<td class=\"et4\" style=\"height: 21.00pt; width: 133.75pt;\" width=\"178\" height=\"28\">Packungsgr\u00f6\u00dfe:<\/td>\n<td class=\"et5\" style=\"width: 210.00pt;\" width=\"280\">44,1\u00d710,1\u00d722,6 cm<\/td>\n<\/tr>\n<tr style=\"height: 21.00pt;\">\n<td class=\"et4\" style=\"height: 21.00pt; width: 133.75pt;\" width=\"178\" height=\"28\">Kartongr\u00f6\u00dfe\uff1a<\/td>\n<td class=\"et5\" style=\"width: 210.00pt;\" width=\"280\">52\u00d746\u00d747 cm<\/td>\n<\/tr>\n<tr style=\"height: 21.00pt;\">\n<td class=\"et4\" style=\"height: 21.00pt; width: 133.75pt;\" width=\"178\" height=\"28\">Menge\/Gebinde<\/td>\n<td class=\"et5\" style=\"width: 210.00pt;\" width=\"280\">10 St\u00fcck<\/td>\n<\/tr>\n<tr style=\"height: 21.00pt;\">\n<td class=\"et4\" style=\"height: 21.00pt; width: 133.75pt;\" width=\"178\" height=\"28\">G.W.\/N.W.:<\/td>\n<td class=\"et5\" style=\"width: 210.00pt;\" width=\"280\">10,5 \/ 8,5 kg<\/td>\n<\/tr>\n<tr style=\"height: 21.00pt;\">\n<td class=\"et4\" style=\"height: 21.00pt; width: 133.75pt;\" width=\"178\" height=\"28\">Messung:<\/td>\n<td class=\"et5\" style=\"width: 210.00pt;\" width=\"280\">0,11 cbm \/ 3,97 cft<\/td>\n<\/tr>\n<\/tbody>\n<\/table>","protected":false},"featured_media":1346,"comment_status":"closed","ping_status":"closed","template":"","meta":{"_acf_changed":true},"product_brand":[],"product_cat":[26,31,19,82],"product_tag":[],"class_list":{"0":"post-1338","1":"product","2":"type-product","3":"status-publish","4":"has-post-thumbnail","6":"product_cat-wholesale-toys-for-all-ages","7":"product_cat-wholesale-toys-for-ages-5-and-up","8":"product_cat-wholesale-toy-guns","9":"product_cat-wholesale-water-guns","11":"first","12":"instock","13":"shipping-taxable","14":"product-type-simple"},"acf":[],"_links":{"self":[{"href":"https:\/\/www.chengjitoy.com\/de\/wp-json\/wp\/v2\/product\/1338","targetHints":{"allow":["GET"]}}],"collection":[{"href":"https:\/\/www.chengjitoy.com\/de\/wp-json\/wp\/v2\/product"}],"about":[{"href":"https:\/\/www.chengjitoy.com\/de\/wp-json\/wp\/v2\/types\/product"}],"replies":[{"embeddable":true,"href":"https:\/\/www.chengjitoy.com\/de\/wp-json\/wp\/v2\/comments?post=1338"}],"wp:featuredmedia":[{"embeddable":true,"href":"https:\/\/www.chengjitoy.com\/de\/wp-json\/wp\/v2\/media\/1346"}],"wp:attachment":[{"href":"https:\/\/www.chengjitoy.com\/de\/wp-json\/wp\/v2\/media?parent=1338"}],"wp:term":[{"taxonomy":"product_brand","embeddable":true,"href":"https:\/\/www.chengjitoy.com\/de\/wp-json\/wp\/v2\/product_brand?post=1338"},{"taxonomy":"product_cat","embeddable":true,"href":"https:\/\/www.chengjitoy.com\/de\/wp-json\/wp\/v2\/product_cat?post=1338"},{"taxonomy":"product_tag","embeddable":true,"href":"https:\/\/www.chengjitoy.com\/de\/wp-json\/wp\/v2\/product_tag?post=1338"}],"curies":[{"name":"wp","href":"https:\/\/api.w.org\/{rel}","templated":true}]}}