{"id":1472,"date":"2025-06-23T23:02:02","date_gmt":"2025-06-23T23:02:02","guid":{"rendered":"https:\/\/www.chengjitoy.com\/?post_type=product&#038;p=1472"},"modified":"2025-06-30T00:42:50","modified_gmt":"2025-06-30T00:42:50","slug":"wholesale-dinosaur-theme-track-ball-toy-set-cj4537294","status":"publish","type":"product","link":"https:\/\/www.chengjitoy.com\/de\/product\/wholesale-dinosaur-theme-track-ball-toy-set-cj4537294\/","title":{"rendered":"Gro\u00dfhandel Dinosaurier Thema Track Ball Spielzeug Set - Multi-Layer Rolling Ball Spielzeug mit Licht, Ton &amp; Spray"},"content":{"rendered":"<div class=\"wp-block-columns is-layout-flex wp-container-core-columns-is-layout-9d6595d7 wp-block-columns-is-layout-flex\">\n<div class=\"wp-block-column is-layout-flow wp-block-column-is-layout-flow\" style=\"flex-basis:66.66%\">\n<figure class=\"wp-block-image size-full\"><img loading=\"lazy\" decoding=\"async\" width=\"770\" height=\"1765\" src=\"https:\/\/www.chengjitoy.com\/wp-content\/uploads\/2025\/06\/details-of-track-ball-toy-set-1.webp\" alt=\"Details zum Trackball-Spielzeugset (1)\" class=\"wp-image-1473\" srcset=\"https:\/\/www.chengjitoy.com\/wp-content\/uploads\/2025\/06\/details-of-track-ball-toy-set-1.webp 770w, https:\/\/www.chengjitoy.com\/wp-content\/uploads\/2025\/06\/details-of-track-ball-toy-set-1-131x300.webp 131w, https:\/\/www.chengjitoy.com\/wp-content\/uploads\/2025\/06\/details-of-track-ball-toy-set-1-768x1760.webp 768w, https:\/\/www.chengjitoy.com\/wp-content\/uploads\/2025\/06\/details-of-track-ball-toy-set-1-600x1375.webp 600w\" sizes=\"auto, (max-width: 770px) 100vw, 770px\" \/><\/figure>\n\n\n\n<figure class=\"wp-block-image size-full\"><img loading=\"lazy\" decoding=\"async\" width=\"770\" height=\"1384\" src=\"https:\/\/www.chengjitoy.com\/wp-content\/uploads\/2025\/06\/details-of-track-ball-toy-set-2.webp\" alt=\"Details zum Trackball-Spielzeugset (2)\" class=\"wp-image-1474\" srcset=\"https:\/\/www.chengjitoy.com\/wp-content\/uploads\/2025\/06\/details-of-track-ball-toy-set-2.webp 770w, https:\/\/www.chengjitoy.com\/wp-content\/uploads\/2025\/06\/details-of-track-ball-toy-set-2-167x300.webp 167w, https:\/\/www.chengjitoy.com\/wp-content\/uploads\/2025\/06\/details-of-track-ball-toy-set-2-768x1380.webp 768w, https:\/\/www.chengjitoy.com\/wp-content\/uploads\/2025\/06\/details-of-track-ball-toy-set-2-600x1078.webp 600w\" sizes=\"auto, (max-width: 770px) 100vw, 770px\" \/><\/figure>\n\n\n\n<figure class=\"wp-block-image size-full\"><img loading=\"lazy\" decoding=\"async\" width=\"770\" height=\"1357\" src=\"https:\/\/www.chengjitoy.com\/wp-content\/uploads\/2025\/06\/details-of-track-ball-toy-set-3.webp\" alt=\"Details zum Trackball-Spielzeugset (3)\" class=\"wp-image-1475\" srcset=\"https:\/\/www.chengjitoy.com\/wp-content\/uploads\/2025\/06\/details-of-track-ball-toy-set-3.webp 770w, https:\/\/www.chengjitoy.com\/wp-content\/uploads\/2025\/06\/details-of-track-ball-toy-set-3-170x300.webp 170w, https:\/\/www.chengjitoy.com\/wp-content\/uploads\/2025\/06\/details-of-track-ball-toy-set-3-768x1353.webp 768w, https:\/\/www.chengjitoy.com\/wp-content\/uploads\/2025\/06\/details-of-track-ball-toy-set-3-600x1057.webp 600w\" sizes=\"auto, (max-width: 770px) 100vw, 770px\" \/><\/figure>\n\n\n\n<figure class=\"wp-block-image size-full\"><img loading=\"lazy\" decoding=\"async\" width=\"770\" height=\"1240\" src=\"https:\/\/www.chengjitoy.com\/wp-content\/uploads\/2025\/06\/details-of-track-ball-toy-set-4.webp\" alt=\"Details zum Trackball-Spielzeugset (4)\" class=\"wp-image-1476\" srcset=\"https:\/\/www.chengjitoy.com\/wp-content\/uploads\/2025\/06\/details-of-track-ball-toy-set-4.webp 770w, https:\/\/www.chengjitoy.com\/wp-content\/uploads\/2025\/06\/details-of-track-ball-toy-set-4-186x300.webp 186w, https:\/\/www.chengjitoy.com\/wp-content\/uploads\/2025\/06\/details-of-track-ball-toy-set-4-768x1237.webp 768w, https:\/\/www.chengjitoy.com\/wp-content\/uploads\/2025\/06\/details-of-track-ball-toy-set-4-600x966.webp 600w\" sizes=\"auto, (max-width: 770px) 100vw, 770px\" \/><\/figure>\n\n\n\n<figure class=\"wp-block-image size-full\"><img loading=\"lazy\" decoding=\"async\" width=\"770\" height=\"1375\" src=\"https:\/\/www.chengjitoy.com\/wp-content\/uploads\/2025\/06\/details-of-track-ball-toy-set-5.webp\" alt=\"Details zum Trackball-Spielzeugset (5)\" class=\"wp-image-1477\" srcset=\"https:\/\/www.chengjitoy.com\/wp-content\/uploads\/2025\/06\/details-of-track-ball-toy-set-5.webp 770w, https:\/\/www.chengjitoy.com\/wp-content\/uploads\/2025\/06\/details-of-track-ball-toy-set-5-168x300.webp 168w, https:\/\/www.chengjitoy.com\/wp-content\/uploads\/2025\/06\/details-of-track-ball-toy-set-5-768x1371.webp 768w, https:\/\/www.chengjitoy.com\/wp-content\/uploads\/2025\/06\/details-of-track-ball-toy-set-5-600x1071.webp 600w\" sizes=\"auto, (max-width: 770px) 100vw, 770px\" \/><\/figure>\n\n\n\n<figure class=\"wp-block-image size-full\"><img loading=\"lazy\" decoding=\"async\" width=\"770\" height=\"1220\" src=\"https:\/\/www.chengjitoy.com\/wp-content\/uploads\/2025\/06\/details-of-track-ball-toy-set-6.webp\" alt=\"Details zum Trackball-Spielzeugset (6)\" class=\"wp-image-1478\" srcset=\"https:\/\/www.chengjitoy.com\/wp-content\/uploads\/2025\/06\/details-of-track-ball-toy-set-6.webp 770w, https:\/\/www.chengjitoy.com\/wp-content\/uploads\/2025\/06\/details-of-track-ball-toy-set-6-189x300.webp 189w, https:\/\/www.chengjitoy.com\/wp-content\/uploads\/2025\/06\/details-of-track-ball-toy-set-6-768x1217.webp 768w, https:\/\/www.chengjitoy.com\/wp-content\/uploads\/2025\/06\/details-of-track-ball-toy-set-6-600x951.webp 600w\" sizes=\"auto, (max-width: 770px) 100vw, 770px\" \/><\/figure>\n\n\n\n<figure class=\"wp-block-image size-full\"><img loading=\"lazy\" decoding=\"async\" width=\"770\" height=\"1024\" src=\"https:\/\/www.chengjitoy.com\/wp-content\/uploads\/2025\/06\/details-of-track-ball-toy-set-7.webp\" alt=\"Details zum Trackball-Spielzeugset (7)\" class=\"wp-image-1479\" srcset=\"https:\/\/www.chengjitoy.com\/wp-content\/uploads\/2025\/06\/details-of-track-ball-toy-set-7.webp 770w, https:\/\/www.chengjitoy.com\/wp-content\/uploads\/2025\/06\/details-of-track-ball-toy-set-7-226x300.webp 226w, https:\/\/www.chengjitoy.com\/wp-content\/uploads\/2025\/06\/details-of-track-ball-toy-set-7-768x1021.webp 768w, https:\/\/www.chengjitoy.com\/wp-content\/uploads\/2025\/06\/details-of-track-ball-toy-set-7-600x798.webp 600w\" sizes=\"auto, (max-width: 770px) 100vw, 770px\" \/><\/figure>\n\n\n\n<figure class=\"wp-block-image size-full\"><img loading=\"lazy\" decoding=\"async\" width=\"770\" height=\"1051\" src=\"https:\/\/www.chengjitoy.com\/wp-content\/uploads\/2025\/06\/details-of-track-ball-toy-set-8.webp\" alt=\"Details zum Trackball-Spielzeugset (8)\" class=\"wp-image-1480\" srcset=\"https:\/\/www.chengjitoy.com\/wp-content\/uploads\/2025\/06\/details-of-track-ball-toy-set-8.webp 770w, https:\/\/www.chengjitoy.com\/wp-content\/uploads\/2025\/06\/details-of-track-ball-toy-set-8-220x300.webp 220w, https:\/\/www.chengjitoy.com\/wp-content\/uploads\/2025\/06\/details-of-track-ball-toy-set-8-768x1048.webp 768w, https:\/\/www.chengjitoy.com\/wp-content\/uploads\/2025\/06\/details-of-track-ball-toy-set-8-600x819.webp 600w\" sizes=\"auto, (max-width: 770px) 100vw, 770px\" \/><\/figure>\n<\/div>\n\n\n\n<div class=\"wp-block-column is-layout-flow wp-block-column-is-layout-flow\" style=\"flex-basis:33.33%\"><\/div>\n<\/div>","protected":false},"excerpt":{"rendered":"<p>Gro\u00dfhandel Ball und Track Spielzeug, rollenden Ball Spielzeug. DINO TRACK ADVENTURE ist ein meistverkauftes Rollkugelspielzeug mit Dinosaurier-Thema f\u00fcr Kinder ab 3 Jahren. Dieses All-in-One-Sinnesspielzeug bietet ein lebhaftes pr\u00e4historisches Thema, ein dreistufiges DIY-Schienensystem, Licht- und Tontasten und ein einzigartiges Wasserspiel im Vulkanstil. Erh\u00e4ltlich in gro\u00dfen Mengen f\u00fcr Spielwarenh\u00e4ndler und E-Commerce-Verk\u00e4ufer. Kontaktieren Sie uns f\u00fcr ein Angebot.<\/p>\n<h2>Spezifikationen f\u00fcr Dinosaurier-Thema Track Ball Spielzeug Set<\/h2>\n<table style=\"border-collapse: collapse; width: 343.52pt;\" border=\"0\" width=\"458\" cellspacing=\"0\" cellpadding=\"0\">\n<tbody>\n<tr style=\"height: 20.25pt;\">\n<td class=\"et3\" style=\"height: 20.25pt; width: 133.75pt;\" width=\"178\" height=\"27\">Artikel Nr.:<\/td>\n<td class=\"et4\" style=\"width: 210.00pt;\" width=\"280\">CJ-4537294<\/td>\n<\/tr>\n<tr style=\"height: 19.50pt;\">\n<td class=\"et5\" style=\"height: 19.50pt; width: 133.75pt;\" width=\"178\" height=\"26\">Paket:<\/td>\n<td class=\"et6\" style=\"width: 210.00pt;\" width=\"280\">Farbkasten<\/td>\n<\/tr>\n<tr style=\"height: 20.25pt;\">\n<td class=\"et5\" style=\"height: 20.25pt; width: 133.75pt;\" width=\"178\" height=\"27\">Packungsgr\u00f6\u00dfe:<\/td>\n<td class=\"et6\" style=\"width: 210.00pt;\" width=\"280\">33,5\u00d723,5\u00d79,5 cm<\/td>\n<\/tr>\n<tr style=\"height: 19.50pt;\">\n<td class=\"et5\" style=\"height: 19.50pt; width: 133.75pt;\" width=\"178\" height=\"26\">Kartongr\u00f6\u00dfe\uff1a<\/td>\n<td class=\"et6\" style=\"width: 210.00pt;\" width=\"280\">59,5\u00d734,5\u00d749 cm<\/td>\n<\/tr>\n<tr style=\"height: 20.25pt;\">\n<td class=\"et5\" style=\"height: 20.25pt; width: 133.75pt;\" width=\"178\" height=\"27\">Menge\/Gebinde<\/td>\n<td class=\"et6\" style=\"width: 210.00pt;\" width=\"280\">12 St\u00fcck<\/td>\n<\/tr>\n<tr style=\"height: 19.50pt;\">\n<td class=\"et5\" style=\"height: 19.50pt; width: 133.75pt;\" width=\"178\" height=\"26\">G.W.\/N.W.:<\/td>\n<td class=\"et6\" style=\"width: 210.00pt;\" width=\"280\">10,6 \/ 9,6 kg<\/td>\n<\/tr>\n<tr style=\"height: 20.25pt;\">\n<td class=\"et5\" style=\"height: 20.25pt; width: 133.75pt;\" width=\"178\" height=\"27\">Messung:<\/td>\n<td class=\"et6\" style=\"width: 210.00pt;\" width=\"280\">0,1 cbm \/ 3,55 cft<\/td>\n<\/tr>\n<\/tbody>\n<\/table>","protected":false},"featured_media":1481,"comment_status":"closed","ping_status":"closed","template":"","meta":{"_acf_changed":true},"product_brand":[],"product_cat":[26,30,94],"product_tag":[],"class_list":{"0":"post-1472","1":"product","2":"type-product","3":"status-publish","4":"has-post-thumbnail","6":"product_cat-wholesale-toys-for-all-ages","7":"product_cat-wholesale-toys-for-ages-3-and-up","8":"product_cat-wholesale-track-toy-set","10":"first","11":"instock","12":"shipping-taxable","13":"product-type-simple"},"acf":[],"_links":{"self":[{"href":"https:\/\/www.chengjitoy.com\/de\/wp-json\/wp\/v2\/product\/1472","targetHints":{"allow":["GET"]}}],"collection":[{"href":"https:\/\/www.chengjitoy.com\/de\/wp-json\/wp\/v2\/product"}],"about":[{"href":"https:\/\/www.chengjitoy.com\/de\/wp-json\/wp\/v2\/types\/product"}],"replies":[{"embeddable":true,"href":"https:\/\/www.chengjitoy.com\/de\/wp-json\/wp\/v2\/comments?post=1472"}],"wp:featuredmedia":[{"embeddable":true,"href":"https:\/\/www.chengjitoy.com\/de\/wp-json\/wp\/v2\/media\/1481"}],"wp:attachment":[{"href":"https:\/\/www.chengjitoy.com\/de\/wp-json\/wp\/v2\/media?parent=1472"}],"wp:term":[{"taxonomy":"product_brand","embeddable":true,"href":"https:\/\/www.chengjitoy.com\/de\/wp-json\/wp\/v2\/product_brand?post=1472"},{"taxonomy":"product_cat","embeddable":true,"href":"https:\/\/www.chengjitoy.com\/de\/wp-json\/wp\/v2\/product_cat?post=1472"},{"taxonomy":"product_tag","embeddable":true,"href":"https:\/\/www.chengjitoy.com\/de\/wp-json\/wp\/v2\/product_tag?post=1472"}],"curies":[{"name":"wp","href":"https:\/\/api.w.org\/{rel}","templated":true}]}}