{"id":1514,"date":"2025-06-24T02:07:51","date_gmt":"2025-06-24T02:07:51","guid":{"rendered":"https:\/\/www.chengjitoy.com\/?post_type=product&#038;p=1514"},"modified":"2025-06-30T00:41:30","modified_gmt":"2025-06-30T00:41:30","slug":"wholesale-automatic-bubble-wand-toy-cj4834165","status":"publish","type":"product","link":"https:\/\/www.chengjitoy.com\/de\/product\/wholesale-automatic-bubble-wand-toy-cj4834165\/","title":{"rendered":"Gro\u00dfhandel Blase Spielzeug in der Form eines chinesischen Kalligraphie Pinsel, Bulk Automatische Bubble Wands zu verkaufen"},"content":{"rendered":"<div class=\"wp-block-columns is-layout-flex wp-container-core-columns-is-layout-9d6595d7 wp-block-columns-is-layout-flex\">\n<div class=\"wp-block-column is-layout-flow wp-block-column-is-layout-flow\" style=\"flex-basis:66.66%\">\n<figure class=\"wp-block-image size-full\"><img loading=\"lazy\" decoding=\"async\" width=\"770\" height=\"1822\" sizes=\"auto, (max-width: 770px) 100vw, 770px\" src=\"https:\/\/www.chengjitoy.com\/wp-content\/uploads\/2025\/06\/details-of-automatic-bubble-wand\u200b-toy-1.webp\" alt=\"Details zum automatischen Seifenblasen-Stabspielzeug (1)\" class=\"wp-image-1521\" srcset=\"https:\/\/www.chengjitoy.com\/wp-content\/uploads\/2025\/06\/details-of-automatic-bubble-wand\u200b-toy-1.webp 770w, https:\/\/www.chengjitoy.com\/wp-content\/uploads\/2025\/06\/details-of-automatic-bubble-wand\u200b-toy-1-127x300.webp 127w, https:\/\/www.chengjitoy.com\/wp-content\/uploads\/2025\/06\/details-of-automatic-bubble-wand\u200b-toy-1-768x1817.webp 768w, https:\/\/www.chengjitoy.com\/wp-content\/uploads\/2025\/06\/details-of-automatic-bubble-wand\u200b-toy-1-600x1420.webp 600w\" \/><\/figure>\n\n\n\n<figure class=\"wp-block-image size-full\"><img loading=\"lazy\" decoding=\"async\" width=\"770\" height=\"1250\" sizes=\"auto, (max-width: 770px) 100vw, 770px\" src=\"https:\/\/www.chengjitoy.com\/wp-content\/uploads\/2025\/06\/details-of-automatic-bubble-wand\u200b-toy-2.webp\" alt=\"Details zum automatischen Seifenblasenstabspielzeug (2)\" class=\"wp-image-1522\" srcset=\"https:\/\/www.chengjitoy.com\/wp-content\/uploads\/2025\/06\/details-of-automatic-bubble-wand\u200b-toy-2.webp 770w, https:\/\/www.chengjitoy.com\/wp-content\/uploads\/2025\/06\/details-of-automatic-bubble-wand\u200b-toy-2-185x300.webp 185w, https:\/\/www.chengjitoy.com\/wp-content\/uploads\/2025\/06\/details-of-automatic-bubble-wand\u200b-toy-2-768x1247.webp 768w, https:\/\/www.chengjitoy.com\/wp-content\/uploads\/2025\/06\/details-of-automatic-bubble-wand\u200b-toy-2-600x974.webp 600w\" \/><\/figure>\n\n\n\n<figure class=\"wp-block-image size-full\"><img loading=\"lazy\" decoding=\"async\" width=\"770\" height=\"1545\" sizes=\"auto, (max-width: 770px) 100vw, 770px\" src=\"https:\/\/www.chengjitoy.com\/wp-content\/uploads\/2025\/06\/details-of-automatic-bubble-wand\u200b-toy-3.webp\" alt=\"Details zum automatischen Seifenblasen-Stabspielzeug (3)\" class=\"wp-image-1523\" srcset=\"https:\/\/www.chengjitoy.com\/wp-content\/uploads\/2025\/06\/details-of-automatic-bubble-wand\u200b-toy-3.webp 770w, https:\/\/www.chengjitoy.com\/wp-content\/uploads\/2025\/06\/details-of-automatic-bubble-wand\u200b-toy-3-150x300.webp 150w, https:\/\/www.chengjitoy.com\/wp-content\/uploads\/2025\/06\/details-of-automatic-bubble-wand\u200b-toy-3-768x1541.webp 768w, https:\/\/www.chengjitoy.com\/wp-content\/uploads\/2025\/06\/details-of-automatic-bubble-wand\u200b-toy-3-600x1204.webp 600w\" \/><\/figure>\n\n\n\n<figure class=\"wp-block-image size-full\"><img loading=\"lazy\" decoding=\"async\" width=\"770\" height=\"1555\" sizes=\"auto, (max-width: 770px) 100vw, 770px\" src=\"https:\/\/www.chengjitoy.com\/wp-content\/uploads\/2025\/06\/details-of-automatic-bubble-wand\u200b-toy-4.webp\" alt=\"Details zum automatischen Seifenblasen-Stabspielzeug (4)\" class=\"wp-image-1524\" srcset=\"https:\/\/www.chengjitoy.com\/wp-content\/uploads\/2025\/06\/details-of-automatic-bubble-wand\u200b-toy-4.webp 770w, https:\/\/www.chengjitoy.com\/wp-content\/uploads\/2025\/06\/details-of-automatic-bubble-wand\u200b-toy-4-149x300.webp 149w, https:\/\/www.chengjitoy.com\/wp-content\/uploads\/2025\/06\/details-of-automatic-bubble-wand\u200b-toy-4-768x1551.webp 768w, https:\/\/www.chengjitoy.com\/wp-content\/uploads\/2025\/06\/details-of-automatic-bubble-wand\u200b-toy-4-600x1212.webp 600w\" \/><\/figure>\n\n\n\n<figure class=\"wp-block-image size-full\"><img loading=\"lazy\" decoding=\"async\" width=\"770\" height=\"673\" sizes=\"auto, (max-width: 770px) 100vw, 770px\" src=\"https:\/\/www.chengjitoy.com\/wp-content\/uploads\/2025\/06\/details-of-automatic-bubble-wand\u200b-toy-5.webp\" alt=\"Details zum automatischen Seifenblasen-Stabspielzeug (5)\" class=\"wp-image-1525\" srcset=\"https:\/\/www.chengjitoy.com\/wp-content\/uploads\/2025\/06\/details-of-automatic-bubble-wand\u200b-toy-5.webp 770w, https:\/\/www.chengjitoy.com\/wp-content\/uploads\/2025\/06\/details-of-automatic-bubble-wand\u200b-toy-5-300x262.webp 300w, https:\/\/www.chengjitoy.com\/wp-content\/uploads\/2025\/06\/details-of-automatic-bubble-wand\u200b-toy-5-768x671.webp 768w, https:\/\/www.chengjitoy.com\/wp-content\/uploads\/2025\/06\/details-of-automatic-bubble-wand\u200b-toy-5-600x524.webp 600w\" \/><\/figure>\n\n\n\n<figure class=\"wp-block-image size-full\"><img loading=\"lazy\" decoding=\"async\" width=\"770\" height=\"2744\" sizes=\"auto, (max-width: 770px) 100vw, 770px\" src=\"https:\/\/www.chengjitoy.com\/wp-content\/uploads\/2025\/06\/details-of-automatic-bubble-wand\u200b-toy-6.webp\" alt=\"Details zum automatischen Seifenblasen-Stabspielzeug (6)\" class=\"wp-image-1526\" srcset=\"https:\/\/www.chengjitoy.com\/wp-content\/uploads\/2025\/06\/details-of-automatic-bubble-wand\u200b-toy-6.webp 770w, https:\/\/www.chengjitoy.com\/wp-content\/uploads\/2025\/06\/details-of-automatic-bubble-wand\u200b-toy-6-84x300.webp 84w, https:\/\/www.chengjitoy.com\/wp-content\/uploads\/2025\/06\/details-of-automatic-bubble-wand\u200b-toy-6-768x2737.webp 768w, https:\/\/www.chengjitoy.com\/wp-content\/uploads\/2025\/06\/details-of-automatic-bubble-wand\u200b-toy-6-600x2138.webp 600w\" \/><\/figure>\n<\/div>\n\n\n\n<div class=\"wp-block-column is-layout-flow wp-block-column-is-layout-flow\" style=\"flex-basis:33.33%\"><\/div>\n<\/div>","protected":false},"excerpt":{"rendered":"<p>Gro\u00dfhandel Kalligraphie Pinsel-f\u00f6rmigen Blase Spielzeug. Dieses wiederaufladbare Seifenblasenspielzeug mit LED-Beleuchtung und One-Touch-Bedienung bietet endlosen Spa\u00df und kreativen Ausdruck. Es erzeugt automatisch einen stetigen Strom von Seifenblasen ohne zu pusten, und seine innovative Luftgraffiti-Funktion erm\u00f6glicht es Kindern, Buchstaben und Formen in die Luft oder auf Oberfl\u00e4chen wie Fenster und Wasser zu zeichnen. Gro\u00dfeink\u00e4ufe sind m\u00f6glich, kontaktieren Sie uns f\u00fcr ein Angebot.<\/p>\n<h2>Technische Daten von Automatic Bubble Wand Toy<\/h2>\n<table style=\"border-collapse: collapse; width: 343.52pt;\" border=\"0\" width=\"458\" cellspacing=\"0\" cellpadding=\"0\">\n<tbody>\n<tr style=\"height: 21.00pt;\">\n<td class=\"et2\" style=\"height: 21.00pt; width: 133.75pt;\" width=\"178\" height=\"28\">Artikel Nr.:<\/td>\n<td class=\"et3\" style=\"width: 210.00pt;\" width=\"280\">CJ-4834165<\/td>\n<\/tr>\n<tr style=\"height: 21.00pt;\">\n<td class=\"et4\" style=\"height: 21.00pt; width: 133.75pt;\" width=\"178\" height=\"28\">Paket:<\/td>\n<td class=\"et5\" style=\"width: 210.00pt;\" width=\"280\">Farbkasten<\/td>\n<\/tr>\n<tr style=\"height: 21.00pt;\">\n<td class=\"et4\" style=\"height: 21.00pt; width: 133.75pt;\" width=\"178\" height=\"28\">Packungsgr\u00f6\u00dfe:<\/td>\n<td class=\"et5\" style=\"width: 210.00pt;\" width=\"280\">15,6\u00d711\u00d736,5 cm<\/td>\n<\/tr>\n<tr style=\"height: 21.00pt;\">\n<td class=\"et4\" style=\"height: 21.00pt; width: 133.75pt;\" width=\"178\" height=\"28\">Kartongr\u00f6\u00dfe\uff1a<\/td>\n<td class=\"et5\" style=\"width: 210.00pt;\" width=\"280\">80\u00d738,5\u00d747 cm<\/td>\n<\/tr>\n<tr style=\"height: 21.00pt;\">\n<td class=\"et4\" style=\"height: 21.00pt; width: 133.75pt;\" width=\"178\" height=\"28\">Menge\/Gebinde<\/td>\n<td class=\"et5\" style=\"width: 210.00pt;\" width=\"280\">56 St\u00fcck<\/td>\n<\/tr>\n<tr style=\"height: 21.00pt;\">\n<td class=\"et4\" style=\"height: 21.00pt; width: 133.75pt;\" width=\"178\" height=\"28\">G.W.\/N.W.:<\/td>\n<td class=\"et5\" style=\"width: 210.00pt;\" width=\"280\">16,9 \/ 15,4 kg<\/td>\n<\/tr>\n<tr style=\"height: 21.00pt;\">\n<td class=\"et4\" style=\"height: 21.00pt; width: 133.75pt;\" width=\"178\" height=\"28\">Messung:<\/td>\n<td class=\"et5\" style=\"width: 210.00pt;\" width=\"280\">0,14 cbm \/ 5,11 cft<\/td>\n<\/tr>\n<\/tbody>\n<\/table>","protected":false},"featured_media":1527,"comment_status":"closed","ping_status":"closed","template":"","meta":{"_acf_changed":true},"product_brand":[],"product_cat":[26,31,63,21],"product_tag":[],"class_list":{"0":"post-1514","1":"product","2":"type-product","3":"status-publish","4":"has-post-thumbnail","6":"product_cat-wholesale-toys-for-all-ages","7":"product_cat-wholesale-toys-for-ages-5-and-up","8":"product_cat-wholesale-bubble-toys","9":"product_cat-wholesale-summer-toys","11":"first","12":"instock","13":"shipping-taxable","14":"product-type-simple"},"acf":[],"_links":{"self":[{"href":"https:\/\/www.chengjitoy.com\/de\/wp-json\/wp\/v2\/product\/1514","targetHints":{"allow":["GET"]}}],"collection":[{"href":"https:\/\/www.chengjitoy.com\/de\/wp-json\/wp\/v2\/product"}],"about":[{"href":"https:\/\/www.chengjitoy.com\/de\/wp-json\/wp\/v2\/types\/product"}],"replies":[{"embeddable":true,"href":"https:\/\/www.chengjitoy.com\/de\/wp-json\/wp\/v2\/comments?post=1514"}],"wp:featuredmedia":[{"embeddable":true,"href":"https:\/\/www.chengjitoy.com\/de\/wp-json\/wp\/v2\/media\/1527"}],"wp:attachment":[{"href":"https:\/\/www.chengjitoy.com\/de\/wp-json\/wp\/v2\/media?parent=1514"}],"wp:term":[{"taxonomy":"product_brand","embeddable":true,"href":"https:\/\/www.chengjitoy.com\/de\/wp-json\/wp\/v2\/product_brand?post=1514"},{"taxonomy":"product_cat","embeddable":true,"href":"https:\/\/www.chengjitoy.com\/de\/wp-json\/wp\/v2\/product_cat?post=1514"},{"taxonomy":"product_tag","embeddable":true,"href":"https:\/\/www.chengjitoy.com\/de\/wp-json\/wp\/v2\/product_tag?post=1514"}],"curies":[{"name":"wp","href":"https:\/\/api.w.org\/{rel}","templated":true}]}}