{"id":2263,"date":"2025-07-23T08:18:30","date_gmt":"2025-07-23T08:18:30","guid":{"rendered":"https:\/\/www.chengjitoy.com\/?post_type=product&#038;p=2263"},"modified":"2025-07-23T09:00:36","modified_gmt":"2025-07-23T09:00:36","slug":"wholesale-baby-walker-cj4900003","status":"publish","type":"product","link":"https:\/\/www.chengjitoy.com\/de\/product\/wholesale-baby-walker-cj4900003\/","title":{"rendered":"Gro\u00dfhandel Baby Walkers - Multi-Funktions-Dampfzug Walker"},"content":{"rendered":"<div class=\"wp-block-columns is-layout-flex wp-container-core-columns-is-layout-9d6595d7 wp-block-columns-is-layout-flex\">\n<div class=\"wp-block-column is-layout-flow wp-block-column-is-layout-flow\" style=\"flex-basis:66.66%\">\n<figure class=\"wp-block-image size-full\"><img loading=\"lazy\" decoding=\"async\" width=\"790\" height=\"1491\" sizes=\"auto, (max-width: 790px) 100vw, 790px\" src=\"https:\/\/www.chengjitoy.com\/wp-content\/uploads\/2025\/07\/details-of-baby-walker\u200b-CJ-49000031.webp\" alt=\"details of baby walker\u200b CJ 4900003(1)\" class=\"wp-image-2265\" srcset=\"https:\/\/www.chengjitoy.com\/wp-content\/uploads\/2025\/07\/details-of-baby-walker\u200b-CJ-49000031.webp 790w, https:\/\/www.chengjitoy.com\/wp-content\/uploads\/2025\/07\/details-of-baby-walker\u200b-CJ-49000031-159x300.webp 159w, https:\/\/www.chengjitoy.com\/wp-content\/uploads\/2025\/07\/details-of-baby-walker\u200b-CJ-49000031-768x1449.webp 768w, https:\/\/www.chengjitoy.com\/wp-content\/uploads\/2025\/07\/details-of-baby-walker\u200b-CJ-49000031-6x12.webp 6w, https:\/\/www.chengjitoy.com\/wp-content\/uploads\/2025\/07\/details-of-baby-walker\u200b-CJ-49000031-600x1132.webp 600w\" \/><\/figure>\n\n\n\n<figure class=\"wp-block-image size-full\"><img loading=\"lazy\" decoding=\"async\" width=\"790\" height=\"1628\" sizes=\"auto, (max-width: 790px) 100vw, 790px\" src=\"https:\/\/www.chengjitoy.com\/wp-content\/uploads\/2025\/07\/details-of-baby-walker\u200b-CJ-49000032.webp\" alt=\"details of baby walker\u200b CJ 4900003(2)\" class=\"wp-image-2266\" srcset=\"https:\/\/www.chengjitoy.com\/wp-content\/uploads\/2025\/07\/details-of-baby-walker\u200b-CJ-49000032.webp 790w, https:\/\/www.chengjitoy.com\/wp-content\/uploads\/2025\/07\/details-of-baby-walker\u200b-CJ-49000032-146x300.webp 146w, https:\/\/www.chengjitoy.com\/wp-content\/uploads\/2025\/07\/details-of-baby-walker\u200b-CJ-49000032-768x1583.webp 768w, https:\/\/www.chengjitoy.com\/wp-content\/uploads\/2025\/07\/details-of-baby-walker\u200b-CJ-49000032-6x12.webp 6w, https:\/\/www.chengjitoy.com\/wp-content\/uploads\/2025\/07\/details-of-baby-walker\u200b-CJ-49000032-600x1236.webp 600w\" \/><\/figure>\n\n\n\n<figure class=\"wp-block-image size-full\"><img loading=\"lazy\" decoding=\"async\" width=\"790\" height=\"2246\" sizes=\"auto, (max-width: 790px) 100vw, 790px\" src=\"https:\/\/www.chengjitoy.com\/wp-content\/uploads\/2025\/07\/details-of-baby-walker\u200b-CJ-49000033.webp\" alt=\"details of baby walker\u200b CJ 4900003(3)\" class=\"wp-image-2267\" srcset=\"https:\/\/www.chengjitoy.com\/wp-content\/uploads\/2025\/07\/details-of-baby-walker\u200b-CJ-49000033.webp 790w, https:\/\/www.chengjitoy.com\/wp-content\/uploads\/2025\/07\/details-of-baby-walker\u200b-CJ-49000033-106x300.webp 106w, https:\/\/www.chengjitoy.com\/wp-content\/uploads\/2025\/07\/details-of-baby-walker\u200b-CJ-49000033-768x2183.webp 768w, https:\/\/www.chengjitoy.com\/wp-content\/uploads\/2025\/07\/details-of-baby-walker\u200b-CJ-49000033-4x12.webp 4w, https:\/\/www.chengjitoy.com\/wp-content\/uploads\/2025\/07\/details-of-baby-walker\u200b-CJ-49000033-600x1706.webp 600w\" \/><\/figure>\n\n\n\n<figure class=\"wp-block-image size-full\"><img loading=\"lazy\" decoding=\"async\" width=\"790\" height=\"1539\" sizes=\"auto, (max-width: 790px) 100vw, 790px\" src=\"https:\/\/www.chengjitoy.com\/wp-content\/uploads\/2025\/07\/details-of-baby-walker\u200b-CJ-49000034.webp\" alt=\"details of baby walker\u200b CJ 4900003(4)\" class=\"wp-image-2268\" srcset=\"https:\/\/www.chengjitoy.com\/wp-content\/uploads\/2025\/07\/details-of-baby-walker\u200b-CJ-49000034.webp 790w, https:\/\/www.chengjitoy.com\/wp-content\/uploads\/2025\/07\/details-of-baby-walker\u200b-CJ-49000034-154x300.webp 154w, https:\/\/www.chengjitoy.com\/wp-content\/uploads\/2025\/07\/details-of-baby-walker\u200b-CJ-49000034-768x1496.webp 768w, https:\/\/www.chengjitoy.com\/wp-content\/uploads\/2025\/07\/details-of-baby-walker\u200b-CJ-49000034-6x12.webp 6w, https:\/\/www.chengjitoy.com\/wp-content\/uploads\/2025\/07\/details-of-baby-walker\u200b-CJ-49000034-600x1169.webp 600w\" \/><\/figure>\n\n\n\n<figure class=\"wp-block-image size-full\"><img loading=\"lazy\" decoding=\"async\" width=\"790\" height=\"2065\" sizes=\"auto, (max-width: 790px) 100vw, 790px\" src=\"https:\/\/www.chengjitoy.com\/wp-content\/uploads\/2025\/07\/details-of-baby-walker\u200b-CJ-49000035.webp\" alt=\"details of baby walker\u200b CJ 4900003(5)\" class=\"wp-image-2269\" srcset=\"https:\/\/www.chengjitoy.com\/wp-content\/uploads\/2025\/07\/details-of-baby-walker\u200b-CJ-49000035.webp 790w, https:\/\/www.chengjitoy.com\/wp-content\/uploads\/2025\/07\/details-of-baby-walker\u200b-CJ-49000035-115x300.webp 115w, https:\/\/www.chengjitoy.com\/wp-content\/uploads\/2025\/07\/details-of-baby-walker\u200b-CJ-49000035-768x2007.webp 768w, https:\/\/www.chengjitoy.com\/wp-content\/uploads\/2025\/07\/details-of-baby-walker\u200b-CJ-49000035-5x12.webp 5w, https:\/\/www.chengjitoy.com\/wp-content\/uploads\/2025\/07\/details-of-baby-walker\u200b-CJ-49000035-600x1568.webp 600w\" \/><\/figure>\n\n\n\n<figure class=\"wp-block-image size-full\"><img loading=\"lazy\" decoding=\"async\" width=\"790\" height=\"1225\" sizes=\"auto, (max-width: 790px) 100vw, 790px\" src=\"https:\/\/www.chengjitoy.com\/wp-content\/uploads\/2025\/07\/details-of-baby-walker\u200b-CJ-49000036.webp\" alt=\"details of baby walker\u200b CJ 4900003(6)\" class=\"wp-image-2270\" srcset=\"https:\/\/www.chengjitoy.com\/wp-content\/uploads\/2025\/07\/details-of-baby-walker\u200b-CJ-49000036.webp 790w, https:\/\/www.chengjitoy.com\/wp-content\/uploads\/2025\/07\/details-of-baby-walker\u200b-CJ-49000036-193x300.webp 193w, https:\/\/www.chengjitoy.com\/wp-content\/uploads\/2025\/07\/details-of-baby-walker\u200b-CJ-49000036-768x1191.webp 768w, https:\/\/www.chengjitoy.com\/wp-content\/uploads\/2025\/07\/details-of-baby-walker\u200b-CJ-49000036-8x12.webp 8w, https:\/\/www.chengjitoy.com\/wp-content\/uploads\/2025\/07\/details-of-baby-walker\u200b-CJ-49000036-600x930.webp 600w\" \/><\/figure>\n\n\n\n<figure class=\"wp-block-image size-full\"><img loading=\"lazy\" decoding=\"async\" width=\"790\" height=\"1906\" sizes=\"auto, (max-width: 790px) 100vw, 790px\" src=\"https:\/\/www.chengjitoy.com\/wp-content\/uploads\/2025\/07\/details-of-baby-walker\u200b-CJ-49000037.webp\" alt=\"details of baby walker\u200b CJ 4900003(7)\" class=\"wp-image-2271\" srcset=\"https:\/\/www.chengjitoy.com\/wp-content\/uploads\/2025\/07\/details-of-baby-walker\u200b-CJ-49000037.webp 790w, https:\/\/www.chengjitoy.com\/wp-content\/uploads\/2025\/07\/details-of-baby-walker\u200b-CJ-49000037-124x300.webp 124w, https:\/\/www.chengjitoy.com\/wp-content\/uploads\/2025\/07\/details-of-baby-walker\u200b-CJ-49000037-768x1853.webp 768w, https:\/\/www.chengjitoy.com\/wp-content\/uploads\/2025\/07\/details-of-baby-walker\u200b-CJ-49000037-5x12.webp 5w, https:\/\/www.chengjitoy.com\/wp-content\/uploads\/2025\/07\/details-of-baby-walker\u200b-CJ-49000037-600x1448.webp 600w\" \/><\/figure>\n\n\n\n<figure class=\"wp-block-image size-full\"><img loading=\"lazy\" decoding=\"async\" width=\"790\" height=\"1515\" sizes=\"auto, (max-width: 790px) 100vw, 790px\" src=\"https:\/\/www.chengjitoy.com\/wp-content\/uploads\/2025\/07\/details-of-baby-walker\u200b-CJ-49000038.webp\" alt=\"details of baby walker\u200b CJ 4900003(8)\" class=\"wp-image-2272\" srcset=\"https:\/\/www.chengjitoy.com\/wp-content\/uploads\/2025\/07\/details-of-baby-walker\u200b-CJ-49000038.webp 790w, https:\/\/www.chengjitoy.com\/wp-content\/uploads\/2025\/07\/details-of-baby-walker\u200b-CJ-49000038-156x300.webp 156w, https:\/\/www.chengjitoy.com\/wp-content\/uploads\/2025\/07\/details-of-baby-walker\u200b-CJ-49000038-768x1473.webp 768w, https:\/\/www.chengjitoy.com\/wp-content\/uploads\/2025\/07\/details-of-baby-walker\u200b-CJ-49000038-6x12.webp 6w, https:\/\/www.chengjitoy.com\/wp-content\/uploads\/2025\/07\/details-of-baby-walker\u200b-CJ-49000038-600x1151.webp 600w\" \/><\/figure>\n<\/div>\n\n\n\n<div class=\"wp-block-column is-layout-flow wp-block-column-is-layout-flow\" style=\"flex-basis:33.33%\"><\/div>\n<\/div>","protected":false},"excerpt":{"rendered":"<p>Gro\u00dfhandel f\u00fcr Lauflernhilfen. Dieser 5-in-1-Dampfzug-Walker kombiniert ein Reitspielzeug, eine Lauflernhilfe und ein Nachziehspielzeug in einem. Es hat hervorragende Sicherheitsleistung und intelligente fr\u00fche Bildung Funktionen. Willkommen bei uns f\u00fcr Gro\u00dfhandel Angebote zu kontaktieren.<\/p>\n<h2>Spezifikationen der Lauflernhilfen<\/h2>\n<table style=\"border-collapse: collapse; width: 343.52pt;\" border=\"0\" width=\"458\" cellspacing=\"0\" cellpadding=\"0\">\n<tbody>\n<tr style=\"height: 19.50pt;\">\n<td class=\"et2\" style=\"height: 19.50pt; width: 133.75pt;\" width=\"178\" height=\"26\">Artikel Nr.:<\/td>\n<td class=\"et3\" style=\"width: 210.00pt;\" width=\"280\">CJ-4900003<\/td>\n<\/tr>\n<tr style=\"height: 20.25pt;\">\n<td class=\"et4\" style=\"height: 20.25pt; width: 133.75pt;\" width=\"178\" height=\"27\">Paket:<\/td>\n<td class=\"et5\" style=\"width: 210.00pt;\" width=\"280\">Farbkasten<\/td>\n<\/tr>\n<tr style=\"height: 19.50pt;\">\n<td class=\"et4\" style=\"height: 19.50pt; width: 133.75pt;\" width=\"178\" height=\"26\">Packungsgr\u00f6\u00dfe:<\/td>\n<td class=\"et5\" style=\"width: 210.00pt;\" width=\"280\">53\u00d722\u00d742 cm<\/td>\n<\/tr>\n<tr style=\"height: 20.25pt;\">\n<td class=\"et4\" style=\"height: 20.25pt; width: 133.75pt;\" width=\"178\" height=\"27\">Kartongr\u00f6\u00dfe\uff1a<\/td>\n<td class=\"et5\" style=\"width: 210.00pt;\" width=\"280\">88\u00d750\u00d766,5 cm<\/td>\n<\/tr>\n<tr style=\"height: 19.50pt;\">\n<td class=\"et4\" style=\"height: 19.50pt; width: 133.75pt;\" width=\"178\" height=\"26\">Menge\/Gebinde<\/td>\n<td class=\"et5\" style=\"width: 210.00pt;\" width=\"280\">8 St\u00fcck<\/td>\n<\/tr>\n<tr style=\"height: 20.25pt;\">\n<td class=\"et4\" style=\"height: 20.25pt; width: 133.75pt;\" width=\"178\" height=\"27\">G.W.\/N.W.:<\/td>\n<td class=\"et5\" style=\"width: 210.00pt;\" width=\"280\">18 \/ 16 kg<\/td>\n<\/tr>\n<tr style=\"height: 19.50pt;\">\n<td class=\"et4\" style=\"height: 19.50pt; width: 133.75pt;\" width=\"178\" height=\"26\">Messung:<\/td>\n<td class=\"et5\" style=\"width: 210.00pt;\" width=\"280\">0,29 cbm \/ 10,32 cft<\/td>\n<\/tr>\n<\/tbody>\n<\/table>","protected":false},"featured_media":2273,"comment_status":"closed","ping_status":"closed","template":"","meta":{"_acf_changed":true},"product_brand":[],"product_cat":[26,29,25,105],"product_tag":[],"class_list":{"0":"post-2263","1":"product","2":"type-product","3":"status-publish","4":"has-post-thumbnail","6":"product_cat-wholesale-toys-for-all-ages","7":"product_cat-wholesale-toys-for-0-24-months","8":"product_cat-wholesale-baby-toys","9":"product_cat-wholesale-baby-walkers","11":"first","12":"instock","13":"shipping-taxable","14":"product-type-simple"},"acf":[],"_links":{"self":[{"href":"https:\/\/www.chengjitoy.com\/de\/wp-json\/wp\/v2\/product\/2263","targetHints":{"allow":["GET"]}}],"collection":[{"href":"https:\/\/www.chengjitoy.com\/de\/wp-json\/wp\/v2\/product"}],"about":[{"href":"https:\/\/www.chengjitoy.com\/de\/wp-json\/wp\/v2\/types\/product"}],"replies":[{"embeddable":true,"href":"https:\/\/www.chengjitoy.com\/de\/wp-json\/wp\/v2\/comments?post=2263"}],"wp:featuredmedia":[{"embeddable":true,"href":"https:\/\/www.chengjitoy.com\/de\/wp-json\/wp\/v2\/media\/2273"}],"wp:attachment":[{"href":"https:\/\/www.chengjitoy.com\/de\/wp-json\/wp\/v2\/media?parent=2263"}],"wp:term":[{"taxonomy":"product_brand","embeddable":true,"href":"https:\/\/www.chengjitoy.com\/de\/wp-json\/wp\/v2\/product_brand?post=2263"},{"taxonomy":"product_cat","embeddable":true,"href":"https:\/\/www.chengjitoy.com\/de\/wp-json\/wp\/v2\/product_cat?post=2263"},{"taxonomy":"product_tag","embeddable":true,"href":"https:\/\/www.chengjitoy.com\/de\/wp-json\/wp\/v2\/product_tag?post=2263"}],"curies":[{"name":"wp","href":"https:\/\/api.w.org\/{rel}","templated":true}]}}