{"id":2466,"date":"2025-08-29T08:28:06","date_gmt":"2025-08-29T08:28:06","guid":{"rendered":"https:\/\/www.chengjitoy.com\/?post_type=product&#038;p=2466"},"modified":"2025-08-29T08:29:56","modified_gmt":"2025-08-29T08:29:56","slug":"wholesale-rc-stunt-car-with-spray-and-led-lights","status":"publish","type":"product","link":"https:\/\/www.chengjitoy.com\/de\/product\/wholesale-rc-stunt-car-with-spray-and-led-lights\/","title":{"rendered":"Gro\u00dfhandel RC Stunt Cars mit Spray &amp; LED Lichter - 360\u00b0 Spins, Drift &amp; All-Terrain Spa\u00df"},"content":{"rendered":"<div class=\"wp-block-columns is-layout-flex wp-container-core-columns-is-layout-9d6595d7 wp-block-columns-is-layout-flex\">\n<div class=\"wp-block-column is-layout-flow wp-block-column-is-layout-flow\" style=\"flex-basis:66.66%\">\n<figure class=\"wp-block-image size-full\"><img loading=\"lazy\" decoding=\"async\" width=\"770\" height=\"1423\" src=\"https:\/\/www.chengjitoy.com\/wp-content\/uploads\/2025\/08\/details-of-RC-stunt-car-toy-10.webp\" alt=\"Details zu RC-Stuntauto-Spielzeug (10)\" class=\"wp-image-2590\" srcset=\"https:\/\/www.chengjitoy.com\/wp-content\/uploads\/2025\/08\/details-of-RC-stunt-car-toy-10.webp 770w, https:\/\/www.chengjitoy.com\/wp-content\/uploads\/2025\/08\/details-of-RC-stunt-car-toy-10-162x300.webp 162w, https:\/\/www.chengjitoy.com\/wp-content\/uploads\/2025\/08\/details-of-RC-stunt-car-toy-10-768x1419.webp 768w, https:\/\/www.chengjitoy.com\/wp-content\/uploads\/2025\/08\/details-of-RC-stunt-car-toy-10-6x12.webp 6w, https:\/\/www.chengjitoy.com\/wp-content\/uploads\/2025\/08\/details-of-RC-stunt-car-toy-10-600x1109.webp 600w\" sizes=\"auto, (max-width: 770px) 100vw, 770px\" \/><\/figure>\n\n\n\n<figure class=\"wp-block-image size-full\"><img loading=\"lazy\" decoding=\"async\" width=\"770\" height=\"1277\" src=\"https:\/\/www.chengjitoy.com\/wp-content\/uploads\/2025\/08\/details-of-RC-stunt-car-toy-9.webp\" alt=\"Details zu RC-Stuntauto-Spielzeug (9)\" class=\"wp-image-2591\" srcset=\"https:\/\/www.chengjitoy.com\/wp-content\/uploads\/2025\/08\/details-of-RC-stunt-car-toy-9.webp 770w, https:\/\/www.chengjitoy.com\/wp-content\/uploads\/2025\/08\/details-of-RC-stunt-car-toy-9-181x300.webp 181w, https:\/\/www.chengjitoy.com\/wp-content\/uploads\/2025\/08\/details-of-RC-stunt-car-toy-9-768x1274.webp 768w, https:\/\/www.chengjitoy.com\/wp-content\/uploads\/2025\/08\/details-of-RC-stunt-car-toy-9-7x12.webp 7w, https:\/\/www.chengjitoy.com\/wp-content\/uploads\/2025\/08\/details-of-RC-stunt-car-toy-9-600x995.webp 600w\" sizes=\"auto, (max-width: 770px) 100vw, 770px\" \/><\/figure>\n\n\n\n<figure class=\"wp-block-image size-full\"><img loading=\"lazy\" decoding=\"async\" width=\"770\" height=\"1407\" src=\"https:\/\/www.chengjitoy.com\/wp-content\/uploads\/2025\/08\/details-of-RC-stunt-car-toy-8.webp\" alt=\"Details zu RC-Stuntauto-Spielzeug (8)\" class=\"wp-image-2592\" srcset=\"https:\/\/www.chengjitoy.com\/wp-content\/uploads\/2025\/08\/details-of-RC-stunt-car-toy-8.webp 770w, https:\/\/www.chengjitoy.com\/wp-content\/uploads\/2025\/08\/details-of-RC-stunt-car-toy-8-164x300.webp 164w, https:\/\/www.chengjitoy.com\/wp-content\/uploads\/2025\/08\/details-of-RC-stunt-car-toy-8-768x1403.webp 768w, https:\/\/www.chengjitoy.com\/wp-content\/uploads\/2025\/08\/details-of-RC-stunt-car-toy-8-7x12.webp 7w, https:\/\/www.chengjitoy.com\/wp-content\/uploads\/2025\/08\/details-of-RC-stunt-car-toy-8-600x1096.webp 600w\" sizes=\"auto, (max-width: 770px) 100vw, 770px\" \/><\/figure>\n\n\n\n<figure class=\"wp-block-image size-full\"><img loading=\"lazy\" decoding=\"async\" width=\"770\" height=\"1750\" src=\"https:\/\/www.chengjitoy.com\/wp-content\/uploads\/2025\/08\/details-of-RC-stunt-car-toy-7.webp\" alt=\"\" class=\"wp-image-2593\" srcset=\"https:\/\/www.chengjitoy.com\/wp-content\/uploads\/2025\/08\/details-of-RC-stunt-car-toy-7.webp 770w, https:\/\/www.chengjitoy.com\/wp-content\/uploads\/2025\/08\/details-of-RC-stunt-car-toy-7-132x300.webp 132w, https:\/\/www.chengjitoy.com\/wp-content\/uploads\/2025\/08\/details-of-RC-stunt-car-toy-7-768x1745.webp 768w, https:\/\/www.chengjitoy.com\/wp-content\/uploads\/2025\/08\/details-of-RC-stunt-car-toy-7-5x12.webp 5w, https:\/\/www.chengjitoy.com\/wp-content\/uploads\/2025\/08\/details-of-RC-stunt-car-toy-7-600x1364.webp 600w\" sizes=\"auto, (max-width: 770px) 100vw, 770px\" \/><\/figure>\n\n\n\n<figure class=\"wp-block-image size-full\"><img loading=\"lazy\" decoding=\"async\" width=\"770\" height=\"1541\" src=\"https:\/\/www.chengjitoy.com\/wp-content\/uploads\/2025\/08\/details-of-RC-stunt-car-toy-6.webp\" alt=\"\" class=\"wp-image-2594\" srcset=\"https:\/\/www.chengjitoy.com\/wp-content\/uploads\/2025\/08\/details-of-RC-stunt-car-toy-6.webp 770w, https:\/\/www.chengjitoy.com\/wp-content\/uploads\/2025\/08\/details-of-RC-stunt-car-toy-6-150x300.webp 150w, https:\/\/www.chengjitoy.com\/wp-content\/uploads\/2025\/08\/details-of-RC-stunt-car-toy-6-768x1537.webp 768w, https:\/\/www.chengjitoy.com\/wp-content\/uploads\/2025\/08\/details-of-RC-stunt-car-toy-6-6x12.webp 6w, https:\/\/www.chengjitoy.com\/wp-content\/uploads\/2025\/08\/details-of-RC-stunt-car-toy-6-600x1201.webp 600w\" sizes=\"auto, (max-width: 770px) 100vw, 770px\" \/><\/figure>\n\n\n\n<figure class=\"wp-block-image size-full\"><img loading=\"lazy\" decoding=\"async\" width=\"770\" height=\"1470\" src=\"https:\/\/www.chengjitoy.com\/wp-content\/uploads\/2025\/08\/details-of-RC-stunt-car-toy-5.webp\" alt=\"\" class=\"wp-image-2595\" srcset=\"https:\/\/www.chengjitoy.com\/wp-content\/uploads\/2025\/08\/details-of-RC-stunt-car-toy-5.webp 770w, https:\/\/www.chengjitoy.com\/wp-content\/uploads\/2025\/08\/details-of-RC-stunt-car-toy-5-157x300.webp 157w, https:\/\/www.chengjitoy.com\/wp-content\/uploads\/2025\/08\/details-of-RC-stunt-car-toy-5-768x1466.webp 768w, https:\/\/www.chengjitoy.com\/wp-content\/uploads\/2025\/08\/details-of-RC-stunt-car-toy-5-6x12.webp 6w, https:\/\/www.chengjitoy.com\/wp-content\/uploads\/2025\/08\/details-of-RC-stunt-car-toy-5-600x1145.webp 600w\" sizes=\"auto, (max-width: 770px) 100vw, 770px\" \/><\/figure>\n\n\n\n<figure class=\"wp-block-image size-full\"><img loading=\"lazy\" decoding=\"async\" width=\"770\" height=\"898\" src=\"https:\/\/www.chengjitoy.com\/wp-content\/uploads\/2025\/08\/details-of-RC-stunt-car-toy-4.webp\" alt=\"\" class=\"wp-image-2596\" srcset=\"https:\/\/www.chengjitoy.com\/wp-content\/uploads\/2025\/08\/details-of-RC-stunt-car-toy-4.webp 770w, https:\/\/www.chengjitoy.com\/wp-content\/uploads\/2025\/08\/details-of-RC-stunt-car-toy-4-257x300.webp 257w, https:\/\/www.chengjitoy.com\/wp-content\/uploads\/2025\/08\/details-of-RC-stunt-car-toy-4-768x896.webp 768w, https:\/\/www.chengjitoy.com\/wp-content\/uploads\/2025\/08\/details-of-RC-stunt-car-toy-4-10x12.webp 10w, https:\/\/www.chengjitoy.com\/wp-content\/uploads\/2025\/08\/details-of-RC-stunt-car-toy-4-600x700.webp 600w\" sizes=\"auto, (max-width: 770px) 100vw, 770px\" \/><\/figure>\n\n\n\n<figure class=\"wp-block-image size-full\"><img loading=\"lazy\" decoding=\"async\" width=\"770\" height=\"1145\" src=\"https:\/\/www.chengjitoy.com\/wp-content\/uploads\/2025\/08\/details-of-RC-stunt-car-toy-3.webp\" alt=\"\" class=\"wp-image-2597\" srcset=\"https:\/\/www.chengjitoy.com\/wp-content\/uploads\/2025\/08\/details-of-RC-stunt-car-toy-3.webp 770w, https:\/\/www.chengjitoy.com\/wp-content\/uploads\/2025\/08\/details-of-RC-stunt-car-toy-3-202x300.webp 202w, https:\/\/www.chengjitoy.com\/wp-content\/uploads\/2025\/08\/details-of-RC-stunt-car-toy-3-768x1142.webp 768w, https:\/\/www.chengjitoy.com\/wp-content\/uploads\/2025\/08\/details-of-RC-stunt-car-toy-3-8x12.webp 8w, https:\/\/www.chengjitoy.com\/wp-content\/uploads\/2025\/08\/details-of-RC-stunt-car-toy-3-600x892.webp 600w\" sizes=\"auto, (max-width: 770px) 100vw, 770px\" \/><\/figure>\n\n\n\n<figure class=\"wp-block-image size-full\"><img loading=\"lazy\" decoding=\"async\" width=\"770\" height=\"1140\" src=\"https:\/\/www.chengjitoy.com\/wp-content\/uploads\/2025\/08\/details-of-RC-stunt-car-toy-2.webp\" alt=\"\" class=\"wp-image-2598\" srcset=\"https:\/\/www.chengjitoy.com\/wp-content\/uploads\/2025\/08\/details-of-RC-stunt-car-toy-2.webp 770w, https:\/\/www.chengjitoy.com\/wp-content\/uploads\/2025\/08\/details-of-RC-stunt-car-toy-2-203x300.webp 203w, https:\/\/www.chengjitoy.com\/wp-content\/uploads\/2025\/08\/details-of-RC-stunt-car-toy-2-768x1137.webp 768w, https:\/\/www.chengjitoy.com\/wp-content\/uploads\/2025\/08\/details-of-RC-stunt-car-toy-2-8x12.webp 8w, https:\/\/www.chengjitoy.com\/wp-content\/uploads\/2025\/08\/details-of-RC-stunt-car-toy-2-600x888.webp 600w\" sizes=\"auto, (max-width: 770px) 100vw, 770px\" \/><\/figure>\n\n\n\n<figure class=\"wp-block-image size-full\"><img loading=\"lazy\" decoding=\"async\" width=\"770\" height=\"714\" src=\"https:\/\/www.chengjitoy.com\/wp-content\/uploads\/2025\/08\/details-of-RC-stunt-car-toy-1.webp\" alt=\"\" class=\"wp-image-2599\" srcset=\"https:\/\/www.chengjitoy.com\/wp-content\/uploads\/2025\/08\/details-of-RC-stunt-car-toy-1.webp 770w, https:\/\/www.chengjitoy.com\/wp-content\/uploads\/2025\/08\/details-of-RC-stunt-car-toy-1-300x278.webp 300w, https:\/\/www.chengjitoy.com\/wp-content\/uploads\/2025\/08\/details-of-RC-stunt-car-toy-1-768x712.webp 768w, https:\/\/www.chengjitoy.com\/wp-content\/uploads\/2025\/08\/details-of-RC-stunt-car-toy-1-13x12.webp 13w, https:\/\/www.chengjitoy.com\/wp-content\/uploads\/2025\/08\/details-of-RC-stunt-car-toy-1-600x556.webp 600w\" sizes=\"auto, (max-width: 770px) 100vw, 770px\" \/><\/figure>\n<\/div>\n\n\n\n<div class=\"wp-block-column is-layout-flow wp-block-column-is-layout-flow\" style=\"flex-basis:33.33%\"><\/div>\n<\/div>","protected":false},"excerpt":{"rendered":"<p>Gro\u00dfhandel RC Stunt Car mit Spray. Erleben Sie den ultimativen Nervenkitzel mit unserem 2.4G ferngesteuerten 360\u00b0 Spin-Stuntauto, mit schillernden, bunten Lichtern, Ein-Klick-Spr\u00fchfunktion, Multi-Terrain-Anpassungsf\u00e4higkeit und stabiler Driftleistung f\u00fcr Non-Stop-Aufregung drinnen und drau\u00dfen! Kontaktieren Sie uns f\u00fcr einen Werkspreis!<\/p>\n<h2>Technische Daten des RC Stunt Car<\/h2>\n<table style=\"border-collapse: collapse; width: 343.52pt;\" border=\"0\" width=\"458\" cellspacing=\"0\" cellpadding=\"0\">\n<tbody>\n<tr style=\"height: 19.50pt;\">\n<td class=\"et2\" style=\"height: 19.50pt; width: 133.75pt;\" width=\"178\" height=\"26\">Artikel Nr.:<\/td>\n<td class=\"et3\" style=\"width: 210.00pt;\" width=\"280\">CJ-4291969<\/td>\n<\/tr>\n<tr style=\"height: 20.25pt;\">\n<td class=\"et4\" style=\"height: 20.25pt; width: 133.75pt;\" width=\"178\" height=\"27\">Paket:<\/td>\n<td class=\"et5\" style=\"width: 210.00pt;\" width=\"280\">Fenster-Box<\/td>\n<\/tr>\n<tr style=\"height: 19.50pt;\">\n<td class=\"et4\" style=\"height: 19.50pt; width: 133.75pt;\" width=\"178\" height=\"26\">Packungsgr\u00f6\u00dfe:<\/td>\n<td class=\"et5\" style=\"width: 210.00pt;\" width=\"280\">31\u00d79,5\u00d718,5 cm<\/td>\n<\/tr>\n<tr style=\"height: 20.25pt;\">\n<td class=\"et4\" style=\"height: 20.25pt; width: 133.75pt;\" width=\"178\" height=\"27\">Kartongr\u00f6\u00dfe\uff1a<\/td>\n<td class=\"et5\" style=\"width: 210.00pt;\" width=\"280\">65,5\u00d762\u00d760 cm<\/td>\n<\/tr>\n<tr style=\"height: 19.50pt;\">\n<td class=\"et4\" style=\"height: 19.50pt; width: 133.75pt;\" width=\"178\" height=\"26\">Menge\/Gebinde<\/td>\n<td class=\"et5\" style=\"width: 210.00pt;\" width=\"280\">36\/ST\u00dcCK<\/td>\n<\/tr>\n<tr style=\"height: 20.25pt;\">\n<td class=\"et4\" style=\"height: 20.25pt; width: 133.75pt;\" width=\"178\" height=\"27\">G.W.\/N.W.:<\/td>\n<td class=\"et5\" style=\"width: 210.00pt;\" width=\"280\">21,4\/19,4 kg<\/td>\n<\/tr>\n<tr style=\"height: 19.50pt;\">\n<td class=\"et4\" style=\"height: 19.50pt; width: 133.75pt;\" width=\"178\" height=\"26\">Messung:<\/td>\n<td class=\"et5\" style=\"width: 210.00pt;\" width=\"280\">0,24 CBM\/8,6 CFT<\/td>\n<\/tr>\n<\/tbody>\n<\/table>\n<p>\n<script src=\"chrome-extension:\/\/fpelahbljekknahkcaegamhcndkfpfnc\/iFrame.js\" type=\"text\/javascript\"><\/script><\/p>","protected":false},"featured_media":2584,"comment_status":"closed","ping_status":"closed","template":"","meta":{"_acf_changed":false},"product_brand":[],"product_cat":[30,31,28,18,50],"product_tag":[],"class_list":{"0":"post-2466","1":"product","2":"type-product","3":"status-publish","4":"has-post-thumbnail","6":"product_cat-wholesale-toys-for-ages-3-and-up","7":"product_cat-wholesale-toys-for-ages-5-and-up","8":"product_cat-wholesale-toys-for-ages-8-and-up","9":"product_cat-wholesale-rc-toys","10":"product_cat-wholesale-rc-cars","12":"first","13":"instock","14":"shipping-taxable","15":"product-type-simple"},"acf":[],"_links":{"self":[{"href":"https:\/\/www.chengjitoy.com\/de\/wp-json\/wp\/v2\/product\/2466","targetHints":{"allow":["GET"]}}],"collection":[{"href":"https:\/\/www.chengjitoy.com\/de\/wp-json\/wp\/v2\/product"}],"about":[{"href":"https:\/\/www.chengjitoy.com\/de\/wp-json\/wp\/v2\/types\/product"}],"replies":[{"embeddable":true,"href":"https:\/\/www.chengjitoy.com\/de\/wp-json\/wp\/v2\/comments?post=2466"}],"wp:featuredmedia":[{"embeddable":true,"href":"https:\/\/www.chengjitoy.com\/de\/wp-json\/wp\/v2\/media\/2584"}],"wp:attachment":[{"href":"https:\/\/www.chengjitoy.com\/de\/wp-json\/wp\/v2\/media?parent=2466"}],"wp:term":[{"taxonomy":"product_brand","embeddable":true,"href":"https:\/\/www.chengjitoy.com\/de\/wp-json\/wp\/v2\/product_brand?post=2466"},{"taxonomy":"product_cat","embeddable":true,"href":"https:\/\/www.chengjitoy.com\/de\/wp-json\/wp\/v2\/product_cat?post=2466"},{"taxonomy":"product_tag","embeddable":true,"href":"https:\/\/www.chengjitoy.com\/de\/wp-json\/wp\/v2\/product_tag?post=2466"}],"curies":[{"name":"wp","href":"https:\/\/api.w.org\/{rel}","templated":true}]}}