{"id":2616,"date":"2025-09-11T10:24:37","date_gmt":"2025-09-11T10:24:37","guid":{"rendered":"https:\/\/www.chengjitoy.com\/?post_type=product&#038;p=2616"},"modified":"2026-02-05T03:53:22","modified_gmt":"2026-02-05T03:53:22","slug":"wholesale-rc-bubble-torch-fun-for-kids","status":"publish","type":"product","link":"https:\/\/www.chengjitoy.com\/de\/product\/wholesale-rc-bubble-torch-fun-for-kids\/","title":{"rendered":"Gro\u00dfhandel Fernsteuerung Bubble Torch - Spa\u00df f\u00fcr Kinder, Familien &amp; Parteien"},"content":{"rendered":"<div class=\"wp-block-columns is-layout-flex wp-container-core-columns-is-layout-9d6595d7 wp-block-columns-is-layout-flex\">\n<div class=\"wp-block-column is-layout-flow wp-block-column-is-layout-flow\" style=\"flex-basis:66.66%\">\n<figure class=\"wp-block-image size-full\"><img loading=\"lazy\" decoding=\"async\" width=\"770\" height=\"770\" sizes=\"auto, (max-width: 770px) 100vw, 770px\" src=\"https:\/\/www.chengjitoy.com\/wp-content\/uploads\/2025\/08\/details-of-remote-conteol-1.jpg\" alt=\"\" class=\"wp-image-2623\" srcset=\"https:\/\/www.chengjitoy.com\/wp-content\/uploads\/2025\/08\/details-of-remote-conteol-1.jpg 770w, https:\/\/www.chengjitoy.com\/wp-content\/uploads\/2025\/08\/details-of-remote-conteol-1-300x300.jpg 300w, https:\/\/www.chengjitoy.com\/wp-content\/uploads\/2025\/08\/details-of-remote-conteol-1-150x150.jpg 150w, https:\/\/www.chengjitoy.com\/wp-content\/uploads\/2025\/08\/details-of-remote-conteol-1-768x768.jpg 768w, https:\/\/www.chengjitoy.com\/wp-content\/uploads\/2025\/08\/details-of-remote-conteol-1-12x12.jpg 12w, https:\/\/www.chengjitoy.com\/wp-content\/uploads\/2025\/08\/details-of-remote-conteol-1-600x600.jpg 600w, https:\/\/www.chengjitoy.com\/wp-content\/uploads\/2025\/08\/details-of-remote-conteol-1-100x100.jpg 100w\" \/><\/figure>\n\n\n\n<figure class=\"wp-block-image size-full\"><img loading=\"lazy\" decoding=\"async\" width=\"770\" height=\"1541\" sizes=\"auto, (max-width: 770px) 100vw, 770px\" src=\"https:\/\/www.chengjitoy.com\/wp-content\/uploads\/2025\/08\/details-of-remote-conteol-2.jpg\" alt=\"\" class=\"wp-image-2624\" srcset=\"https:\/\/www.chengjitoy.com\/wp-content\/uploads\/2025\/08\/details-of-remote-conteol-2.jpg 770w, https:\/\/www.chengjitoy.com\/wp-content\/uploads\/2025\/08\/details-of-remote-conteol-2-150x300.jpg 150w, https:\/\/www.chengjitoy.com\/wp-content\/uploads\/2025\/08\/details-of-remote-conteol-2-768x1537.jpg 768w, https:\/\/www.chengjitoy.com\/wp-content\/uploads\/2025\/08\/details-of-remote-conteol-2-6x12.jpg 6w, https:\/\/www.chengjitoy.com\/wp-content\/uploads\/2025\/08\/details-of-remote-conteol-2-600x1201.jpg 600w\" \/><\/figure>\n\n\n\n<figure class=\"wp-block-image size-full\"><img loading=\"lazy\" decoding=\"async\" width=\"770\" height=\"1540\" sizes=\"auto, (max-width: 770px) 100vw, 770px\" src=\"https:\/\/www.chengjitoy.com\/wp-content\/uploads\/2025\/08\/details-of-remote-conteol-3.jpg\" alt=\"\" class=\"wp-image-2625\" srcset=\"https:\/\/www.chengjitoy.com\/wp-content\/uploads\/2025\/08\/details-of-remote-conteol-3.jpg 770w, https:\/\/www.chengjitoy.com\/wp-content\/uploads\/2025\/08\/details-of-remote-conteol-3-150x300.jpg 150w, https:\/\/www.chengjitoy.com\/wp-content\/uploads\/2025\/08\/details-of-remote-conteol-3-768x1536.jpg 768w, https:\/\/www.chengjitoy.com\/wp-content\/uploads\/2025\/08\/details-of-remote-conteol-3-6x12.jpg 6w, https:\/\/www.chengjitoy.com\/wp-content\/uploads\/2025\/08\/details-of-remote-conteol-3-600x1200.jpg 600w\" \/><\/figure>\n\n\n\n<figure class=\"wp-block-image size-full\"><img loading=\"lazy\" decoding=\"async\" width=\"770\" height=\"769\" sizes=\"auto, (max-width: 770px) 100vw, 770px\" src=\"https:\/\/www.chengjitoy.com\/wp-content\/uploads\/2025\/08\/details-of-remote-conteol-4.jpg\" alt=\"\" class=\"wp-image-2626\" srcset=\"https:\/\/www.chengjitoy.com\/wp-content\/uploads\/2025\/08\/details-of-remote-conteol-4.jpg 770w, https:\/\/www.chengjitoy.com\/wp-content\/uploads\/2025\/08\/details-of-remote-conteol-4-300x300.jpg 300w, https:\/\/www.chengjitoy.com\/wp-content\/uploads\/2025\/08\/details-of-remote-conteol-4-150x150.jpg 150w, https:\/\/www.chengjitoy.com\/wp-content\/uploads\/2025\/08\/details-of-remote-conteol-4-768x767.jpg 768w, https:\/\/www.chengjitoy.com\/wp-content\/uploads\/2025\/08\/details-of-remote-conteol-4-12x12.jpg 12w, https:\/\/www.chengjitoy.com\/wp-content\/uploads\/2025\/08\/details-of-remote-conteol-4-600x599.jpg 600w, https:\/\/www.chengjitoy.com\/wp-content\/uploads\/2025\/08\/details-of-remote-conteol-4-100x100.jpg 100w\" \/><\/figure>\n\n\n\n<figure class=\"wp-block-image size-full\"><img loading=\"lazy\" decoding=\"async\" width=\"770\" height=\"773\" sizes=\"auto, (max-width: 770px) 100vw, 770px\" src=\"https:\/\/www.chengjitoy.com\/wp-content\/uploads\/2025\/08\/details-of-remote-conteol-5.jpg\" alt=\"\" class=\"wp-image-2627\" srcset=\"https:\/\/www.chengjitoy.com\/wp-content\/uploads\/2025\/08\/details-of-remote-conteol-5.jpg 770w, https:\/\/www.chengjitoy.com\/wp-content\/uploads\/2025\/08\/details-of-remote-conteol-5-300x300.jpg 300w, https:\/\/www.chengjitoy.com\/wp-content\/uploads\/2025\/08\/details-of-remote-conteol-5-150x150.jpg 150w, https:\/\/www.chengjitoy.com\/wp-content\/uploads\/2025\/08\/details-of-remote-conteol-5-768x771.jpg 768w, https:\/\/www.chengjitoy.com\/wp-content\/uploads\/2025\/08\/details-of-remote-conteol-5-12x12.jpg 12w, https:\/\/www.chengjitoy.com\/wp-content\/uploads\/2025\/08\/details-of-remote-conteol-5-600x602.jpg 600w, https:\/\/www.chengjitoy.com\/wp-content\/uploads\/2025\/08\/details-of-remote-conteol-5-100x100.jpg 100w\" \/><\/figure>\n\n\n\n<figure class=\"wp-block-image size-full\"><img loading=\"lazy\" decoding=\"async\" width=\"770\" height=\"772\" sizes=\"auto, (max-width: 770px) 100vw, 770px\" src=\"https:\/\/www.chengjitoy.com\/wp-content\/uploads\/2025\/08\/details-of-remote-conteol-6.jpg\" alt=\"\" class=\"wp-image-2628\" srcset=\"https:\/\/www.chengjitoy.com\/wp-content\/uploads\/2025\/08\/details-of-remote-conteol-6.jpg 770w, https:\/\/www.chengjitoy.com\/wp-content\/uploads\/2025\/08\/details-of-remote-conteol-6-300x300.jpg 300w, https:\/\/www.chengjitoy.com\/wp-content\/uploads\/2025\/08\/details-of-remote-conteol-6-150x150.jpg 150w, https:\/\/www.chengjitoy.com\/wp-content\/uploads\/2025\/08\/details-of-remote-conteol-6-768x770.jpg 768w, https:\/\/www.chengjitoy.com\/wp-content\/uploads\/2025\/08\/details-of-remote-conteol-6-12x12.jpg 12w, https:\/\/www.chengjitoy.com\/wp-content\/uploads\/2025\/08\/details-of-remote-conteol-6-600x602.jpg 600w, https:\/\/www.chengjitoy.com\/wp-content\/uploads\/2025\/08\/details-of-remote-conteol-6-100x100.jpg 100w\" \/><\/figure>\n\n\n\n<figure class=\"wp-block-image size-full\"><img loading=\"lazy\" decoding=\"async\" width=\"770\" height=\"767\" sizes=\"auto, (max-width: 770px) 100vw, 770px\" src=\"https:\/\/www.chengjitoy.com\/wp-content\/uploads\/2025\/08\/details-of-remote-conteol-7.jpg\" alt=\"\" class=\"wp-image-2629\" srcset=\"https:\/\/www.chengjitoy.com\/wp-content\/uploads\/2025\/08\/details-of-remote-conteol-7.jpg 770w, https:\/\/www.chengjitoy.com\/wp-content\/uploads\/2025\/08\/details-of-remote-conteol-7-300x300.jpg 300w, https:\/\/www.chengjitoy.com\/wp-content\/uploads\/2025\/08\/details-of-remote-conteol-7-150x150.jpg 150w, https:\/\/www.chengjitoy.com\/wp-content\/uploads\/2025\/08\/details-of-remote-conteol-7-768x765.jpg 768w, https:\/\/www.chengjitoy.com\/wp-content\/uploads\/2025\/08\/details-of-remote-conteol-7-12x12.jpg 12w, https:\/\/www.chengjitoy.com\/wp-content\/uploads\/2025\/08\/details-of-remote-conteol-7-600x598.jpg 600w, https:\/\/www.chengjitoy.com\/wp-content\/uploads\/2025\/08\/details-of-remote-conteol-7-100x100.jpg 100w\" \/><\/figure>\n\n\n\n<figure class=\"wp-block-image size-full\"><img loading=\"lazy\" decoding=\"async\" width=\"770\" height=\"774\" sizes=\"auto, (max-width: 770px) 100vw, 770px\" src=\"https:\/\/www.chengjitoy.com\/wp-content\/uploads\/2025\/08\/details-of-remote-conteol-8.jpg\" alt=\"\" class=\"wp-image-2630\" srcset=\"https:\/\/www.chengjitoy.com\/wp-content\/uploads\/2025\/08\/details-of-remote-conteol-8.jpg 770w, https:\/\/www.chengjitoy.com\/wp-content\/uploads\/2025\/08\/details-of-remote-conteol-8-298x300.jpg 298w, https:\/\/www.chengjitoy.com\/wp-content\/uploads\/2025\/08\/details-of-remote-conteol-8-150x150.jpg 150w, https:\/\/www.chengjitoy.com\/wp-content\/uploads\/2025\/08\/details-of-remote-conteol-8-768x772.jpg 768w, https:\/\/www.chengjitoy.com\/wp-content\/uploads\/2025\/08\/details-of-remote-conteol-8-12x12.jpg 12w, https:\/\/www.chengjitoy.com\/wp-content\/uploads\/2025\/08\/details-of-remote-conteol-8-600x603.jpg 600w, https:\/\/www.chengjitoy.com\/wp-content\/uploads\/2025\/08\/details-of-remote-conteol-8-100x100.jpg 100w\" \/><\/figure>\n\n\n\n<figure class=\"wp-block-image size-full\"><img loading=\"lazy\" decoding=\"async\" width=\"770\" height=\"771\" sizes=\"auto, (max-width: 770px) 100vw, 770px\" src=\"https:\/\/www.chengjitoy.com\/wp-content\/uploads\/2025\/08\/details-of-remote-conteol-9.jpg\" alt=\"\" class=\"wp-image-2631\" srcset=\"https:\/\/www.chengjitoy.com\/wp-content\/uploads\/2025\/08\/details-of-remote-conteol-9.jpg 770w, https:\/\/www.chengjitoy.com\/wp-content\/uploads\/2025\/08\/details-of-remote-conteol-9-300x300.jpg 300w, https:\/\/www.chengjitoy.com\/wp-content\/uploads\/2025\/08\/details-of-remote-conteol-9-150x150.jpg 150w, https:\/\/www.chengjitoy.com\/wp-content\/uploads\/2025\/08\/details-of-remote-conteol-9-768x769.jpg 768w, https:\/\/www.chengjitoy.com\/wp-content\/uploads\/2025\/08\/details-of-remote-conteol-9-12x12.jpg 12w, https:\/\/www.chengjitoy.com\/wp-content\/uploads\/2025\/08\/details-of-remote-conteol-9-600x601.jpg 600w, https:\/\/www.chengjitoy.com\/wp-content\/uploads\/2025\/08\/details-of-remote-conteol-9-100x100.jpg 100w\" \/><\/figure>\n\n\n\n<figure class=\"wp-block-image size-full\"><img loading=\"lazy\" decoding=\"async\" width=\"770\" height=\"766\" sizes=\"auto, (max-width: 770px) 100vw, 770px\" src=\"https:\/\/www.chengjitoy.com\/wp-content\/uploads\/2025\/08\/details-of-remote-conteol-10.jpg\" alt=\"\" class=\"wp-image-2632\" srcset=\"https:\/\/www.chengjitoy.com\/wp-content\/uploads\/2025\/08\/details-of-remote-conteol-10.jpg 770w, https:\/\/www.chengjitoy.com\/wp-content\/uploads\/2025\/08\/details-of-remote-conteol-10-300x298.jpg 300w, https:\/\/www.chengjitoy.com\/wp-content\/uploads\/2025\/08\/details-of-remote-conteol-10-150x150.jpg 150w, https:\/\/www.chengjitoy.com\/wp-content\/uploads\/2025\/08\/details-of-remote-conteol-10-768x764.jpg 768w, https:\/\/www.chengjitoy.com\/wp-content\/uploads\/2025\/08\/details-of-remote-conteol-10-12x12.jpg 12w, https:\/\/www.chengjitoy.com\/wp-content\/uploads\/2025\/08\/details-of-remote-conteol-10-600x597.jpg 600w, https:\/\/www.chengjitoy.com\/wp-content\/uploads\/2025\/08\/details-of-remote-conteol-10-100x100.jpg 100w\" \/><\/figure>\n<\/div>\n\n\n\n<div class=\"wp-block-column is-layout-flow wp-block-column-is-layout-flow\" style=\"flex-basis:33.33%\"><\/div>\n<\/div>\n\n\n\n<p><\/p>","protected":false},"excerpt":{"rendered":"<p>Diese ferngesteuerte Seifenblasenfackel ist f\u00fcr alle Gelegenheiten geeignet - von Picknicks im Freien \u00fcber Familienspiele bis hin zu Hochzeiten und Partys. Mit mehreren Seifenblasen-Modi, bunten Lichtern und einem niedlichen Turm-Design schafft sie eine magische Atmosph\u00e4re und gew\u00e4hrleistet gleichzeitig eine sichere, einfache Bedienung f\u00fcr Kinder und Eltern. Er verf\u00fcgt \u00fcber eine 2.4G-Fernbedienung, Musik, zauberhafte Seifenblasen und LED-Lichter zur Steuerung der Taschenlampe aus bis zu 50 Metern Entfernung! Unterst\u00fctzt OEM\/ODM. Kontaktieren Sie uns jetzt!<\/p>\n<h2>Spezifikationen der ferngesteuerten Bubble Torch<\/h2>\n<table style=\"border-collapse: collapse;width: 343.52pt\" border=\"0\" width=\"458\" cellspacing=\"0\" cellpadding=\"0\">\n<tbody>\n<tr style=\"height: 19.50pt\">\n<td class=\"et2\" style=\"height: 19.50pt;width: 133.75pt\" width=\"178\" height=\"26\">Artikel Nr.:<\/td>\n<td class=\"et3\" style=\"width: 210.00pt\" width=\"280\">CJ-4971783<\/td>\n<\/tr>\n<tr style=\"height: 20.25pt\">\n<td class=\"et4\" style=\"height: 20.25pt;width: 133.75pt\" width=\"178\" height=\"27\">Paket:<\/td>\n<td class=\"et5\" style=\"width: 210.00pt\" width=\"280\">Farbkasten<\/td>\n<\/tr>\n<tr style=\"height: 19.50pt\">\n<td class=\"et4\" style=\"height: 19.50pt;width: 133.75pt\" width=\"178\" height=\"26\">Packungsgr\u00f6\u00dfe:<\/td>\n<td class=\"et5\" style=\"width: 210.00pt\" width=\"280\">19 \u00d7 13 \u00d7 28,5 cm<\/td>\n<\/tr>\n<tr style=\"height: 20.25pt\">\n<td class=\"et4\" style=\"height: 20.25pt;width: 133.75pt\" width=\"178\" height=\"27\">Kartongr\u00f6\u00dfe\uff1a<\/td>\n<td class=\"et5\" style=\"width: 210.00pt\" width=\"280\">81 \u00d7 39,5 \u00d7 87,5 cm<\/td>\n<\/tr>\n<tr style=\"height: 19.50pt\">\n<td class=\"et4\" style=\"height: 19.50pt;width: 133.75pt\" width=\"178\" height=\"26\">Q'ty\/Ctn:<\/td>\n<td class=\"et5\" style=\"width: 210.00pt\" width=\"280\">36\/ST\u00dcCK<\/td>\n<\/tr>\n<tr style=\"height: 20.25pt\">\n<td class=\"et4\" style=\"height: 20.25pt;width: 133.75pt\" width=\"178\" height=\"27\">G.W.\/N.W.:<\/td>\n<td class=\"et5\" style=\"width: 210.00pt\" width=\"280\">29,2\/27,4 KG<\/td>\n<\/tr>\n<tr style=\"height: 19.50pt\">\n<td class=\"et4\" style=\"height: 19.50pt;width: 133.75pt\" width=\"178\" height=\"26\">Messung:<\/td>\n<td class=\"et5\" style=\"width: 210.00pt\" width=\"280\">0,28 m\u00b3\/9,88 Kubikfu\u00df\u2019<\/td>\n<\/tr>\n<\/tbody>\n<\/table>","protected":false},"featured_media":2617,"comment_status":"closed","ping_status":"closed","template":"","meta":{"_acf_changed":true},"product_brand":[],"product_cat":[30,63,108,18,26],"product_tag":[],"class_list":{"0":"post-2616","1":"product","2":"type-product","3":"status-publish","4":"has-post-thumbnail","6":"product_cat-wholesale-toys-for-ages-3-and-up","7":"product_cat-wholesale-bubble-toys","8":"product_cat-wholesale-more-rc-toys","9":"product_cat-wholesale-rc-toys","10":"product_cat-wholesale-toys-for-all-ages","12":"first","13":"instock","14":"shipping-taxable","15":"product-type-simple"},"acf":[],"_links":{"self":[{"href":"https:\/\/www.chengjitoy.com\/de\/wp-json\/wp\/v2\/product\/2616","targetHints":{"allow":["GET"]}}],"collection":[{"href":"https:\/\/www.chengjitoy.com\/de\/wp-json\/wp\/v2\/product"}],"about":[{"href":"https:\/\/www.chengjitoy.com\/de\/wp-json\/wp\/v2\/types\/product"}],"replies":[{"embeddable":true,"href":"https:\/\/www.chengjitoy.com\/de\/wp-json\/wp\/v2\/comments?post=2616"}],"wp:featuredmedia":[{"embeddable":true,"href":"https:\/\/www.chengjitoy.com\/de\/wp-json\/wp\/v2\/media\/2617"}],"wp:attachment":[{"href":"https:\/\/www.chengjitoy.com\/de\/wp-json\/wp\/v2\/media?parent=2616"}],"wp:term":[{"taxonomy":"product_brand","embeddable":true,"href":"https:\/\/www.chengjitoy.com\/de\/wp-json\/wp\/v2\/product_brand?post=2616"},{"taxonomy":"product_cat","embeddable":true,"href":"https:\/\/www.chengjitoy.com\/de\/wp-json\/wp\/v2\/product_cat?post=2616"},{"taxonomy":"product_tag","embeddable":true,"href":"https:\/\/www.chengjitoy.com\/de\/wp-json\/wp\/v2\/product_tag?post=2616"}],"curies":[{"name":"wp","href":"https:\/\/api.w.org\/{rel}","templated":true}]}}