{"id":2633,"date":"2025-09-11T10:54:38","date_gmt":"2025-09-11T10:54:38","guid":{"rendered":"https:\/\/www.chengjitoy.com\/?post_type=product&#038;p=2633"},"modified":"2025-09-11T10:54:43","modified_gmt":"2025-09-11T10:54:43","slug":"wholesale-pocket-electric-piano-toys","status":"publish","type":"product","link":"https:\/\/www.chengjitoy.com\/de\/product\/wholesale-pocket-electric-piano-toys\/","title":{"rendered":"Wholesale Pocket Electric Piano Toy &#8211; Cute Animal Decor &amp; Educational Play"},"content":{"rendered":"<div class=\"wp-block-columns is-layout-flex wp-container-core-columns-is-layout-9d6595d7 wp-block-columns-is-layout-flex\">\n<div class=\"wp-block-column is-layout-flow wp-block-column-is-layout-flow\" style=\"flex-basis:66.66%\">\n<figure class=\"wp-block-image size-full\"><img loading=\"lazy\" decoding=\"async\" width=\"770\" height=\"1780\" src=\"https:\/\/www.chengjitoy.com\/wp-content\/uploads\/2025\/08\/details-of-Music-Electronic-Piano-1.jpg\" alt=\"\" class=\"wp-image-2643\" srcset=\"https:\/\/www.chengjitoy.com\/wp-content\/uploads\/2025\/08\/details-of-Music-Electronic-Piano-1.jpg 770w, https:\/\/www.chengjitoy.com\/wp-content\/uploads\/2025\/08\/details-of-Music-Electronic-Piano-1-130x300.jpg 130w, https:\/\/www.chengjitoy.com\/wp-content\/uploads\/2025\/08\/details-of-Music-Electronic-Piano-1-768x1775.jpg 768w, https:\/\/www.chengjitoy.com\/wp-content\/uploads\/2025\/08\/details-of-Music-Electronic-Piano-1-5x12.jpg 5w, https:\/\/www.chengjitoy.com\/wp-content\/uploads\/2025\/08\/details-of-Music-Electronic-Piano-1-600x1387.jpg 600w\" sizes=\"auto, (max-width: 770px) 100vw, 770px\" \/><\/figure>\n\n\n\n<figure class=\"wp-block-image size-full\"><img loading=\"lazy\" decoding=\"async\" width=\"770\" height=\"1752\" src=\"https:\/\/www.chengjitoy.com\/wp-content\/uploads\/2025\/08\/details-of-Music-Electronic-Piano-2.jpg\" alt=\"\" class=\"wp-image-2644\" srcset=\"https:\/\/www.chengjitoy.com\/wp-content\/uploads\/2025\/08\/details-of-Music-Electronic-Piano-2.jpg 770w, https:\/\/www.chengjitoy.com\/wp-content\/uploads\/2025\/08\/details-of-Music-Electronic-Piano-2-132x300.jpg 132w, https:\/\/www.chengjitoy.com\/wp-content\/uploads\/2025\/08\/details-of-Music-Electronic-Piano-2-768x1747.jpg 768w, https:\/\/www.chengjitoy.com\/wp-content\/uploads\/2025\/08\/details-of-Music-Electronic-Piano-2-5x12.jpg 5w, https:\/\/www.chengjitoy.com\/wp-content\/uploads\/2025\/08\/details-of-Music-Electronic-Piano-2-600x1365.jpg 600w\" sizes=\"auto, (max-width: 770px) 100vw, 770px\" \/><\/figure>\n\n\n\n<figure class=\"wp-block-image size-full\"><img loading=\"lazy\" decoding=\"async\" width=\"770\" height=\"1377\" src=\"https:\/\/www.chengjitoy.com\/wp-content\/uploads\/2025\/08\/details-of-Music-Electronic-Piano-3.jpg\" alt=\"\" class=\"wp-image-2645\" srcset=\"https:\/\/www.chengjitoy.com\/wp-content\/uploads\/2025\/08\/details-of-Music-Electronic-Piano-3.jpg 770w, https:\/\/www.chengjitoy.com\/wp-content\/uploads\/2025\/08\/details-of-Music-Electronic-Piano-3-168x300.jpg 168w, https:\/\/www.chengjitoy.com\/wp-content\/uploads\/2025\/08\/details-of-Music-Electronic-Piano-3-768x1373.jpg 768w, https:\/\/www.chengjitoy.com\/wp-content\/uploads\/2025\/08\/details-of-Music-Electronic-Piano-3-7x12.jpg 7w, https:\/\/www.chengjitoy.com\/wp-content\/uploads\/2025\/08\/details-of-Music-Electronic-Piano-3-600x1073.jpg 600w\" sizes=\"auto, (max-width: 770px) 100vw, 770px\" \/><\/figure>\n\n\n\n<figure class=\"wp-block-image size-full\"><img loading=\"lazy\" decoding=\"async\" width=\"770\" height=\"1544\" src=\"https:\/\/www.chengjitoy.com\/wp-content\/uploads\/2025\/08\/details-of-Music-Electronic-Piano-4.jpg\" alt=\"\" class=\"wp-image-2646\" srcset=\"https:\/\/www.chengjitoy.com\/wp-content\/uploads\/2025\/08\/details-of-Music-Electronic-Piano-4.jpg 770w, https:\/\/www.chengjitoy.com\/wp-content\/uploads\/2025\/08\/details-of-Music-Electronic-Piano-4-150x300.jpg 150w, https:\/\/www.chengjitoy.com\/wp-content\/uploads\/2025\/08\/details-of-Music-Electronic-Piano-4-768x1540.jpg 768w, https:\/\/www.chengjitoy.com\/wp-content\/uploads\/2025\/08\/details-of-Music-Electronic-Piano-4-6x12.jpg 6w, https:\/\/www.chengjitoy.com\/wp-content\/uploads\/2025\/08\/details-of-Music-Electronic-Piano-4-600x1203.jpg 600w\" sizes=\"auto, (max-width: 770px) 100vw, 770px\" \/><\/figure>\n\n\n\n<figure class=\"wp-block-image size-full\"><img loading=\"lazy\" decoding=\"async\" width=\"770\" height=\"1408\" src=\"https:\/\/www.chengjitoy.com\/wp-content\/uploads\/2025\/08\/details-of-Music-Electronic-Piano-5.jpg\" alt=\"\" class=\"wp-image-2647\" srcset=\"https:\/\/www.chengjitoy.com\/wp-content\/uploads\/2025\/08\/details-of-Music-Electronic-Piano-5.jpg 770w, https:\/\/www.chengjitoy.com\/wp-content\/uploads\/2025\/08\/details-of-Music-Electronic-Piano-5-164x300.jpg 164w, https:\/\/www.chengjitoy.com\/wp-content\/uploads\/2025\/08\/details-of-Music-Electronic-Piano-5-768x1404.jpg 768w, https:\/\/www.chengjitoy.com\/wp-content\/uploads\/2025\/08\/details-of-Music-Electronic-Piano-5-7x12.jpg 7w, https:\/\/www.chengjitoy.com\/wp-content\/uploads\/2025\/08\/details-of-Music-Electronic-Piano-5-600x1097.jpg 600w\" sizes=\"auto, (max-width: 770px) 100vw, 770px\" \/><\/figure>\n\n\n\n<figure class=\"wp-block-image size-full\"><img loading=\"lazy\" decoding=\"async\" width=\"770\" height=\"1273\" src=\"https:\/\/www.chengjitoy.com\/wp-content\/uploads\/2025\/08\/details-of-Music-Electronic-Piano-6.jpg\" alt=\"\" class=\"wp-image-2648\" srcset=\"https:\/\/www.chengjitoy.com\/wp-content\/uploads\/2025\/08\/details-of-Music-Electronic-Piano-6.jpg 770w, https:\/\/www.chengjitoy.com\/wp-content\/uploads\/2025\/08\/details-of-Music-Electronic-Piano-6-181x300.jpg 181w, https:\/\/www.chengjitoy.com\/wp-content\/uploads\/2025\/08\/details-of-Music-Electronic-Piano-6-768x1270.jpg 768w, https:\/\/www.chengjitoy.com\/wp-content\/uploads\/2025\/08\/details-of-Music-Electronic-Piano-6-7x12.jpg 7w, https:\/\/www.chengjitoy.com\/wp-content\/uploads\/2025\/08\/details-of-Music-Electronic-Piano-6-600x992.jpg 600w\" sizes=\"auto, (max-width: 770px) 100vw, 770px\" \/><\/figure>\n\n\n\n<figure class=\"wp-block-image size-full\"><img loading=\"lazy\" decoding=\"async\" width=\"770\" height=\"1387\" src=\"https:\/\/www.chengjitoy.com\/wp-content\/uploads\/2025\/08\/details-of-Music-Electronic-Piano-7.jpg\" alt=\"\" class=\"wp-image-2649\" srcset=\"https:\/\/www.chengjitoy.com\/wp-content\/uploads\/2025\/08\/details-of-Music-Electronic-Piano-7.jpg 770w, https:\/\/www.chengjitoy.com\/wp-content\/uploads\/2025\/08\/details-of-Music-Electronic-Piano-7-167x300.jpg 167w, https:\/\/www.chengjitoy.com\/wp-content\/uploads\/2025\/08\/details-of-Music-Electronic-Piano-7-768x1383.jpg 768w, https:\/\/www.chengjitoy.com\/wp-content\/uploads\/2025\/08\/details-of-Music-Electronic-Piano-7-7x12.jpg 7w, https:\/\/www.chengjitoy.com\/wp-content\/uploads\/2025\/08\/details-of-Music-Electronic-Piano-7-600x1081.jpg 600w\" sizes=\"auto, (max-width: 770px) 100vw, 770px\" \/><\/figure>\n\n\n\n<figure class=\"wp-block-image size-full\"><img loading=\"lazy\" decoding=\"async\" width=\"770\" height=\"1491\" src=\"https:\/\/www.chengjitoy.com\/wp-content\/uploads\/2025\/08\/details-of-Music-Electronic-Piano-8.jpg\" alt=\"\" class=\"wp-image-2650\" srcset=\"https:\/\/www.chengjitoy.com\/wp-content\/uploads\/2025\/08\/details-of-Music-Electronic-Piano-8.jpg 770w, https:\/\/www.chengjitoy.com\/wp-content\/uploads\/2025\/08\/details-of-Music-Electronic-Piano-8-155x300.jpg 155w, https:\/\/www.chengjitoy.com\/wp-content\/uploads\/2025\/08\/details-of-Music-Electronic-Piano-8-768x1487.jpg 768w, https:\/\/www.chengjitoy.com\/wp-content\/uploads\/2025\/08\/details-of-Music-Electronic-Piano-8-6x12.jpg 6w, https:\/\/www.chengjitoy.com\/wp-content\/uploads\/2025\/08\/details-of-Music-Electronic-Piano-8-600x1162.jpg 600w\" sizes=\"auto, (max-width: 770px) 100vw, 770px\" \/><\/figure>\n\n\n\n<figure class=\"wp-block-image size-full\"><img loading=\"lazy\" decoding=\"async\" width=\"770\" height=\"1528\" src=\"https:\/\/www.chengjitoy.com\/wp-content\/uploads\/2025\/08\/details-of-Music-Electronic-Piano-9.jpg\" alt=\"\" class=\"wp-image-2651\" srcset=\"https:\/\/www.chengjitoy.com\/wp-content\/uploads\/2025\/08\/details-of-Music-Electronic-Piano-9.jpg 770w, https:\/\/www.chengjitoy.com\/wp-content\/uploads\/2025\/08\/details-of-Music-Electronic-Piano-9-151x300.jpg 151w, https:\/\/www.chengjitoy.com\/wp-content\/uploads\/2025\/08\/details-of-Music-Electronic-Piano-9-768x1524.jpg 768w, https:\/\/www.chengjitoy.com\/wp-content\/uploads\/2025\/08\/details-of-Music-Electronic-Piano-9-6x12.jpg 6w, https:\/\/www.chengjitoy.com\/wp-content\/uploads\/2025\/08\/details-of-Music-Electronic-Piano-9-600x1191.jpg 600w\" sizes=\"auto, (max-width: 770px) 100vw, 770px\" \/><\/figure>\n\n\n\n<figure class=\"wp-block-image size-full\"><img loading=\"lazy\" decoding=\"async\" width=\"770\" height=\"1534\" src=\"https:\/\/www.chengjitoy.com\/wp-content\/uploads\/2025\/08\/details-of-Music-Electronic-Piano-10.jpg\" alt=\"\" class=\"wp-image-2652\" srcset=\"https:\/\/www.chengjitoy.com\/wp-content\/uploads\/2025\/08\/details-of-Music-Electronic-Piano-10.jpg 770w, https:\/\/www.chengjitoy.com\/wp-content\/uploads\/2025\/08\/details-of-Music-Electronic-Piano-10-151x300.jpg 151w, https:\/\/www.chengjitoy.com\/wp-content\/uploads\/2025\/08\/details-of-Music-Electronic-Piano-10-768x1530.jpg 768w, https:\/\/www.chengjitoy.com\/wp-content\/uploads\/2025\/08\/details-of-Music-Electronic-Piano-10-6x12.jpg 6w, https:\/\/www.chengjitoy.com\/wp-content\/uploads\/2025\/08\/details-of-Music-Electronic-Piano-10-600x1195.jpg 600w\" sizes=\"auto, (max-width: 770px) 100vw, 770px\" \/><\/figure>\n\n\n\n<figure class=\"wp-block-image size-full\"><img loading=\"lazy\" decoding=\"async\" width=\"770\" height=\"2589\" src=\"https:\/\/www.chengjitoy.com\/wp-content\/uploads\/2025\/08\/details-of-Music-Electronic-Piano-11.jpg\" alt=\"\" class=\"wp-image-2653\" srcset=\"https:\/\/www.chengjitoy.com\/wp-content\/uploads\/2025\/08\/details-of-Music-Electronic-Piano-11.jpg 770w, https:\/\/www.chengjitoy.com\/wp-content\/uploads\/2025\/08\/details-of-Music-Electronic-Piano-11-89x300.jpg 89w, https:\/\/www.chengjitoy.com\/wp-content\/uploads\/2025\/08\/details-of-Music-Electronic-Piano-11-768x2582.jpg 768w, https:\/\/www.chengjitoy.com\/wp-content\/uploads\/2025\/08\/details-of-Music-Electronic-Piano-11-4x12.jpg 4w, https:\/\/www.chengjitoy.com\/wp-content\/uploads\/2025\/08\/details-of-Music-Electronic-Piano-11-600x2017.jpg 600w\" sizes=\"auto, (max-width: 770px) 100vw, 770px\" \/><\/figure>\n<\/div>\n\n\n\n<div class=\"wp-block-column is-layout-flow wp-block-column-is-layout-flow\" style=\"flex-basis:33.33%\"><\/div>\n<\/div>","protected":false},"excerpt":{"rendered":"<p>Gro\u00dfhandel Tasche elektrisches Klavier Spielzeug. Ein kompaktes und liebenswertes Taschenklavierspielzeug mit 15 Tasten, das f\u00fcr die musikalische Fr\u00fcherziehung und interaktives Spielen entwickelt wurde. Mit mehreren Spielmodi, bunten Lichtern und sicheren ABS-Materialien hilft es Kindern, den Rhythmus zu erforschen, die Hand-Augen-Koordination zu verbessern und Musik jederzeit und \u00fcberall zu genie\u00dfen.Wir begr\u00fc\u00dfen H\u00e4ndler und Gro\u00dfh\u00e4ndler zum Kauf in gro\u00dfen Mengen. Fordern Sie jetzt Ihr Angebot an!<\/p>\n<h2>Spezifikationen von Pocket Electric Piano Toy<\/h2>\n<table style=\"border-collapse: collapse; width: 343.52pt;\" border=\"0\" width=\"458\" cellspacing=\"0\" cellpadding=\"0\">\n<tbody>\n<tr style=\"height: 19.50pt;\">\n<td class=\"et2\" style=\"height: 19.50pt; width: 133.75pt;\" width=\"178\" height=\"26\">Artikel Nr.:<\/td>\n<td class=\"et3\" style=\"width: 210.00pt;\" width=\"280\">CJ-4955174<\/td>\n<\/tr>\n<tr style=\"height: 20.25pt;\">\n<td class=\"et4\" style=\"height: 20.25pt; width: 133.75pt;\" width=\"178\" height=\"27\">Paket:<\/td>\n<td class=\"et5\" style=\"width: 210.00pt;\" width=\"280\">FENSTERKASTEN<\/td>\n<\/tr>\n<tr style=\"height: 19.50pt;\">\n<td class=\"et4\" style=\"height: 19.50pt; width: 133.75pt;\" width=\"178\" height=\"26\">Packungsgr\u00f6\u00dfe:<\/td>\n<td class=\"et5\" style=\"width: 210.00pt;\" width=\"280\">14*4.3*18.8CM<\/td>\n<\/tr>\n<tr style=\"height: 20.25pt;\">\n<td class=\"et4\" style=\"height: 20.25pt; width: 133.75pt;\" width=\"178\" height=\"27\">Kartongr\u00f6\u00dfe\uff1a<\/td>\n<td class=\"et5\" style=\"width: 210.00pt;\" width=\"280\">60*40*89CM<\/td>\n<\/tr>\n<tr style=\"height: 19.50pt;\">\n<td class=\"et4\" style=\"height: 19.50pt; width: 133.75pt;\" width=\"178\" height=\"26\">Q'ty\/Ctn:<\/td>\n<td class=\"et5\" style=\"width: 210.00pt;\" width=\"280\">144\/ST\u00dcCK<\/td>\n<\/tr>\n<tr style=\"height: 20.25pt;\">\n<td class=\"et4\" style=\"height: 20.25pt; width: 133.75pt;\" width=\"178\" height=\"27\">G.W.\/N.W.:<\/td>\n<td class=\"et5\" style=\"width: 210.00pt;\" width=\"280\">20\/18 KG<\/td>\n<\/tr>\n<tr style=\"height: 19.50pt;\">\n<td class=\"et4\" style=\"height: 19.50pt; width: 133.75pt;\" width=\"178\" height=\"26\">Messung:<\/td>\n<td class=\"et5\" style=\"width: 210.00pt;\" width=\"280\">0,21 CBM\u2019\/7,54 CUFT\u2019<\/td>\n<\/tr>\n<\/tbody>\n<\/table>\n<p>\n<script src=\"chrome-extension:\/\/fpelahbljekknahkcaegamhcndkfpfnc\/iFrame.js\" type=\"text\/javascript\"><\/script><\/p>","protected":false},"featured_media":2639,"comment_status":"closed","ping_status":"closed","template":"","meta":{"_acf_changed":true},"product_brand":[],"product_cat":[26,30,31,25,24,34,46],"product_tag":[],"class_list":{"0":"post-2633","1":"product","2":"type-product","3":"status-publish","4":"has-post-thumbnail","6":"product_cat-wholesale-toys-for-all-ages","7":"product_cat-wholesale-toys-for-ages-3-and-up","8":"product_cat-wholesale-toys-for-ages-5-and-up","9":"product_cat-wholesale-baby-toys","10":"product_cat-wholesale-educational-toys","11":"product_cat-wholesale-other-baby-toys","12":"product_cat-wholesale-other-educational-toys","14":"first","15":"instock","16":"shipping-taxable","17":"product-type-simple"},"acf":[],"_links":{"self":[{"href":"https:\/\/www.chengjitoy.com\/de\/wp-json\/wp\/v2\/product\/2633","targetHints":{"allow":["GET"]}}],"collection":[{"href":"https:\/\/www.chengjitoy.com\/de\/wp-json\/wp\/v2\/product"}],"about":[{"href":"https:\/\/www.chengjitoy.com\/de\/wp-json\/wp\/v2\/types\/product"}],"replies":[{"embeddable":true,"href":"https:\/\/www.chengjitoy.com\/de\/wp-json\/wp\/v2\/comments?post=2633"}],"wp:featuredmedia":[{"embeddable":true,"href":"https:\/\/www.chengjitoy.com\/de\/wp-json\/wp\/v2\/media\/2639"}],"wp:attachment":[{"href":"https:\/\/www.chengjitoy.com\/de\/wp-json\/wp\/v2\/media?parent=2633"}],"wp:term":[{"taxonomy":"product_brand","embeddable":true,"href":"https:\/\/www.chengjitoy.com\/de\/wp-json\/wp\/v2\/product_brand?post=2633"},{"taxonomy":"product_cat","embeddable":true,"href":"https:\/\/www.chengjitoy.com\/de\/wp-json\/wp\/v2\/product_cat?post=2633"},{"taxonomy":"product_tag","embeddable":true,"href":"https:\/\/www.chengjitoy.com\/de\/wp-json\/wp\/v2\/product_tag?post=2633"}],"curies":[{"name":"wp","href":"https:\/\/api.w.org\/{rel}","templated":true}]}}