{"id":2871,"date":"2025-09-12T01:47:57","date_gmt":"2025-09-12T01:47:57","guid":{"rendered":"https:\/\/www.chengjitoy.com\/?post_type=product&#038;p=2871"},"modified":"2025-09-12T01:48:01","modified_gmt":"2025-09-12T01:48:01","slug":"bulk-puzzle-enlightenment-console-toy","status":"publish","type":"product","link":"https:\/\/www.chengjitoy.com\/de\/product\/bulk-puzzle-enlightenment-console-toy\/","title":{"rendered":"Gro\u00dfhandel Puzzle Enlightment Spielkonsole - Logisches Denken"},"content":{"rendered":"<div class=\"wp-block-columns is-layout-flex wp-container-core-columns-is-layout-9d6595d7 wp-block-columns-is-layout-flex\">\n<div class=\"wp-block-column is-layout-flow wp-block-column-is-layout-flow\" style=\"flex-basis:66.66%\">\n<figure class=\"wp-block-image size-full\"><img loading=\"lazy\" decoding=\"async\" width=\"770\" height=\"1335\" src=\"https:\/\/www.chengjitoy.com\/wp-content\/uploads\/2025\/09\/detail-of-Causal-relationship-of-musical-notes-1.jpg\" alt=\"\" class=\"wp-image-2879\" srcset=\"https:\/\/www.chengjitoy.com\/wp-content\/uploads\/2025\/09\/detail-of-Causal-relationship-of-musical-notes-1.jpg 770w, https:\/\/www.chengjitoy.com\/wp-content\/uploads\/2025\/09\/detail-of-Causal-relationship-of-musical-notes-1-173x300.jpg 173w, https:\/\/www.chengjitoy.com\/wp-content\/uploads\/2025\/09\/detail-of-Causal-relationship-of-musical-notes-1-768x1332.jpg 768w, https:\/\/www.chengjitoy.com\/wp-content\/uploads\/2025\/09\/detail-of-Causal-relationship-of-musical-notes-1-7x12.jpg 7w, https:\/\/www.chengjitoy.com\/wp-content\/uploads\/2025\/09\/detail-of-Causal-relationship-of-musical-notes-1-600x1040.jpg 600w\" sizes=\"auto, (max-width: 770px) 100vw, 770px\" \/><\/figure>\n\n\n\n<figure class=\"wp-block-image size-full\"><img loading=\"lazy\" decoding=\"async\" width=\"770\" height=\"801\" src=\"https:\/\/www.chengjitoy.com\/wp-content\/uploads\/2025\/09\/detail-of-Causal-relationship-of-musical-notes-2.jpg\" alt=\"\" class=\"wp-image-2880\" srcset=\"https:\/\/www.chengjitoy.com\/wp-content\/uploads\/2025\/09\/detail-of-Causal-relationship-of-musical-notes-2.jpg 770w, https:\/\/www.chengjitoy.com\/wp-content\/uploads\/2025\/09\/detail-of-Causal-relationship-of-musical-notes-2-288x300.jpg 288w, https:\/\/www.chengjitoy.com\/wp-content\/uploads\/2025\/09\/detail-of-Causal-relationship-of-musical-notes-2-768x799.jpg 768w, https:\/\/www.chengjitoy.com\/wp-content\/uploads\/2025\/09\/detail-of-Causal-relationship-of-musical-notes-2-12x12.jpg 12w, https:\/\/www.chengjitoy.com\/wp-content\/uploads\/2025\/09\/detail-of-Causal-relationship-of-musical-notes-2-600x624.jpg 600w\" sizes=\"auto, (max-width: 770px) 100vw, 770px\" \/><\/figure>\n\n\n\n<figure class=\"wp-block-image size-full\"><img loading=\"lazy\" decoding=\"async\" width=\"770\" height=\"1339\" src=\"https:\/\/www.chengjitoy.com\/wp-content\/uploads\/2025\/09\/detail-of-Causal-relationship-of-musical-notes-3.jpg\" alt=\"\" class=\"wp-image-2881\" srcset=\"https:\/\/www.chengjitoy.com\/wp-content\/uploads\/2025\/09\/detail-of-Causal-relationship-of-musical-notes-3.jpg 770w, https:\/\/www.chengjitoy.com\/wp-content\/uploads\/2025\/09\/detail-of-Causal-relationship-of-musical-notes-3-173x300.jpg 173w, https:\/\/www.chengjitoy.com\/wp-content\/uploads\/2025\/09\/detail-of-Causal-relationship-of-musical-notes-3-768x1336.jpg 768w, https:\/\/www.chengjitoy.com\/wp-content\/uploads\/2025\/09\/detail-of-Causal-relationship-of-musical-notes-3-7x12.jpg 7w, https:\/\/www.chengjitoy.com\/wp-content\/uploads\/2025\/09\/detail-of-Causal-relationship-of-musical-notes-3-600x1043.jpg 600w\" sizes=\"auto, (max-width: 770px) 100vw, 770px\" \/><\/figure>\n\n\n\n<figure class=\"wp-block-image size-full\"><img loading=\"lazy\" decoding=\"async\" width=\"770\" height=\"1414\" src=\"https:\/\/www.chengjitoy.com\/wp-content\/uploads\/2025\/09\/detail-of-Causal-relationship-of-musical-notes-4.jpg\" alt=\"\" class=\"wp-image-2882\" srcset=\"https:\/\/www.chengjitoy.com\/wp-content\/uploads\/2025\/09\/detail-of-Causal-relationship-of-musical-notes-4.jpg 770w, https:\/\/www.chengjitoy.com\/wp-content\/uploads\/2025\/09\/detail-of-Causal-relationship-of-musical-notes-4-163x300.jpg 163w, https:\/\/www.chengjitoy.com\/wp-content\/uploads\/2025\/09\/detail-of-Causal-relationship-of-musical-notes-4-768x1410.jpg 768w, https:\/\/www.chengjitoy.com\/wp-content\/uploads\/2025\/09\/detail-of-Causal-relationship-of-musical-notes-4-7x12.jpg 7w, https:\/\/www.chengjitoy.com\/wp-content\/uploads\/2025\/09\/detail-of-Causal-relationship-of-musical-notes-4-600x1102.jpg 600w\" sizes=\"auto, (max-width: 770px) 100vw, 770px\" \/><\/figure>\n\n\n\n<figure class=\"wp-block-image size-full\"><img loading=\"lazy\" decoding=\"async\" width=\"770\" height=\"1683\" src=\"https:\/\/www.chengjitoy.com\/wp-content\/uploads\/2025\/09\/detail-of-Causal-relationship-of-musical-notes-5.jpg\" alt=\"\" class=\"wp-image-2883\" srcset=\"https:\/\/www.chengjitoy.com\/wp-content\/uploads\/2025\/09\/detail-of-Causal-relationship-of-musical-notes-5.jpg 770w, https:\/\/www.chengjitoy.com\/wp-content\/uploads\/2025\/09\/detail-of-Causal-relationship-of-musical-notes-5-137x300.jpg 137w, https:\/\/www.chengjitoy.com\/wp-content\/uploads\/2025\/09\/detail-of-Causal-relationship-of-musical-notes-5-768x1679.jpg 768w, https:\/\/www.chengjitoy.com\/wp-content\/uploads\/2025\/09\/detail-of-Causal-relationship-of-musical-notes-5-5x12.jpg 5w, https:\/\/www.chengjitoy.com\/wp-content\/uploads\/2025\/09\/detail-of-Causal-relationship-of-musical-notes-5-600x1311.jpg 600w\" sizes=\"auto, (max-width: 770px) 100vw, 770px\" \/><\/figure>\n\n\n\n<figure class=\"wp-block-image size-full\"><img loading=\"lazy\" decoding=\"async\" width=\"770\" height=\"1491\" src=\"https:\/\/www.chengjitoy.com\/wp-content\/uploads\/2025\/09\/detail-of-Causal-relationship-of-musical-notes-6.jpg\" alt=\"\" class=\"wp-image-2884\" srcset=\"https:\/\/www.chengjitoy.com\/wp-content\/uploads\/2025\/09\/detail-of-Causal-relationship-of-musical-notes-6.jpg 770w, https:\/\/www.chengjitoy.com\/wp-content\/uploads\/2025\/09\/detail-of-Causal-relationship-of-musical-notes-6-155x300.jpg 155w, https:\/\/www.chengjitoy.com\/wp-content\/uploads\/2025\/09\/detail-of-Causal-relationship-of-musical-notes-6-768x1487.jpg 768w, https:\/\/www.chengjitoy.com\/wp-content\/uploads\/2025\/09\/detail-of-Causal-relationship-of-musical-notes-6-6x12.jpg 6w, https:\/\/www.chengjitoy.com\/wp-content\/uploads\/2025\/09\/detail-of-Causal-relationship-of-musical-notes-6-600x1162.jpg 600w\" sizes=\"auto, (max-width: 770px) 100vw, 770px\" \/><\/figure>\n\n\n\n<figure class=\"wp-block-image size-full\"><img loading=\"lazy\" decoding=\"async\" width=\"770\" height=\"775\" src=\"https:\/\/www.chengjitoy.com\/wp-content\/uploads\/2025\/09\/detail-of-Causal-relationship-of-musical-notes-7.jpg\" alt=\"\" class=\"wp-image-2885\" srcset=\"https:\/\/www.chengjitoy.com\/wp-content\/uploads\/2025\/09\/detail-of-Causal-relationship-of-musical-notes-7.jpg 770w, https:\/\/www.chengjitoy.com\/wp-content\/uploads\/2025\/09\/detail-of-Causal-relationship-of-musical-notes-7-298x300.jpg 298w, https:\/\/www.chengjitoy.com\/wp-content\/uploads\/2025\/09\/detail-of-Causal-relationship-of-musical-notes-7-150x150.jpg 150w, https:\/\/www.chengjitoy.com\/wp-content\/uploads\/2025\/09\/detail-of-Causal-relationship-of-musical-notes-7-768x773.jpg 768w, https:\/\/www.chengjitoy.com\/wp-content\/uploads\/2025\/09\/detail-of-Causal-relationship-of-musical-notes-7-12x12.jpg 12w, https:\/\/www.chengjitoy.com\/wp-content\/uploads\/2025\/09\/detail-of-Causal-relationship-of-musical-notes-7-600x604.jpg 600w, https:\/\/www.chengjitoy.com\/wp-content\/uploads\/2025\/09\/detail-of-Causal-relationship-of-musical-notes-7-100x100.jpg 100w\" sizes=\"auto, (max-width: 770px) 100vw, 770px\" \/><\/figure>\n\n\n\n<figure class=\"wp-block-image size-full\"><img loading=\"lazy\" decoding=\"async\" width=\"770\" height=\"1515\" src=\"https:\/\/www.chengjitoy.com\/wp-content\/uploads\/2025\/09\/detail-of-Causal-relationship-of-musical-notes-8.jpg\" alt=\"\" class=\"wp-image-2886\" srcset=\"https:\/\/www.chengjitoy.com\/wp-content\/uploads\/2025\/09\/detail-of-Causal-relationship-of-musical-notes-8.jpg 770w, https:\/\/www.chengjitoy.com\/wp-content\/uploads\/2025\/09\/detail-of-Causal-relationship-of-musical-notes-8-152x300.jpg 152w, https:\/\/www.chengjitoy.com\/wp-content\/uploads\/2025\/09\/detail-of-Causal-relationship-of-musical-notes-8-768x1511.jpg 768w, https:\/\/www.chengjitoy.com\/wp-content\/uploads\/2025\/09\/detail-of-Causal-relationship-of-musical-notes-8-6x12.jpg 6w, https:\/\/www.chengjitoy.com\/wp-content\/uploads\/2025\/09\/detail-of-Causal-relationship-of-musical-notes-8-600x1181.jpg 600w\" sizes=\"auto, (max-width: 770px) 100vw, 770px\" \/><\/figure>\n\n\n\n<figure class=\"wp-block-image size-full\"><img loading=\"lazy\" decoding=\"async\" width=\"770\" height=\"1624\" src=\"https:\/\/www.chengjitoy.com\/wp-content\/uploads\/2025\/09\/detail-of-Causal-relationship-of-musical-notes-9.jpg\" alt=\"\" class=\"wp-image-2887\" srcset=\"https:\/\/www.chengjitoy.com\/wp-content\/uploads\/2025\/09\/detail-of-Causal-relationship-of-musical-notes-9.jpg 770w, https:\/\/www.chengjitoy.com\/wp-content\/uploads\/2025\/09\/detail-of-Causal-relationship-of-musical-notes-9-142x300.jpg 142w, https:\/\/www.chengjitoy.com\/wp-content\/uploads\/2025\/09\/detail-of-Causal-relationship-of-musical-notes-9-768x1620.jpg 768w, https:\/\/www.chengjitoy.com\/wp-content\/uploads\/2025\/09\/detail-of-Causal-relationship-of-musical-notes-9-6x12.jpg 6w, https:\/\/www.chengjitoy.com\/wp-content\/uploads\/2025\/09\/detail-of-Causal-relationship-of-musical-notes-9-600x1265.jpg 600w\" sizes=\"auto, (max-width: 770px) 100vw, 770px\" \/><\/figure>\n\n\n\n<figure class=\"wp-block-image size-full\"><img loading=\"lazy\" decoding=\"async\" width=\"770\" height=\"732\" src=\"https:\/\/www.chengjitoy.com\/wp-content\/uploads\/2025\/09\/detail-of-Causal-relationship-of-musical-notes-10.jpg\" alt=\"\" class=\"wp-image-2888\" srcset=\"https:\/\/www.chengjitoy.com\/wp-content\/uploads\/2025\/09\/detail-of-Causal-relationship-of-musical-notes-10.jpg 770w, https:\/\/www.chengjitoy.com\/wp-content\/uploads\/2025\/09\/detail-of-Causal-relationship-of-musical-notes-10-300x285.jpg 300w, https:\/\/www.chengjitoy.com\/wp-content\/uploads\/2025\/09\/detail-of-Causal-relationship-of-musical-notes-10-768x730.jpg 768w, https:\/\/www.chengjitoy.com\/wp-content\/uploads\/2025\/09\/detail-of-Causal-relationship-of-musical-notes-10-13x12.jpg 13w, https:\/\/www.chengjitoy.com\/wp-content\/uploads\/2025\/09\/detail-of-Causal-relationship-of-musical-notes-10-600x570.jpg 600w\" sizes=\"auto, (max-width: 770px) 100vw, 770px\" \/><\/figure>\n\n\n\n<figure class=\"wp-block-image size-full\"><img loading=\"lazy\" decoding=\"async\" width=\"770\" height=\"1116\" src=\"https:\/\/www.chengjitoy.com\/wp-content\/uploads\/2025\/09\/detail-of-Causal-relationship-of-musical-notes-11.jpg\" alt=\"\" class=\"wp-image-2889\" srcset=\"https:\/\/www.chengjitoy.com\/wp-content\/uploads\/2025\/09\/detail-of-Causal-relationship-of-musical-notes-11.jpg 770w, https:\/\/www.chengjitoy.com\/wp-content\/uploads\/2025\/09\/detail-of-Causal-relationship-of-musical-notes-11-207x300.jpg 207w, https:\/\/www.chengjitoy.com\/wp-content\/uploads\/2025\/09\/detail-of-Causal-relationship-of-musical-notes-11-768x1113.jpg 768w, https:\/\/www.chengjitoy.com\/wp-content\/uploads\/2025\/09\/detail-of-Causal-relationship-of-musical-notes-11-8x12.jpg 8w, https:\/\/www.chengjitoy.com\/wp-content\/uploads\/2025\/09\/detail-of-Causal-relationship-of-musical-notes-11-600x870.jpg 600w\" sizes=\"auto, (max-width: 770px) 100vw, 770px\" \/><\/figure>\n<\/div>\n\n\n\n<div class=\"wp-block-column is-layout-flow wp-block-column-is-layout-flow\" style=\"flex-basis:33.33%\"><\/div>\n<\/div>","protected":false},"excerpt":{"rendered":"<p>Gro\u00dfhandel Puzzle Erleuchtung Konsole Spielzeug. Ein fesselndes Lernspielzeug, das die Feinmotorik f\u00f6rdert und die Neugierde weckt. Mit interaktiven Tasten, musikalischen Kl\u00e4ngen und bunten Lichtern bietet dieses tragbare Spielzeug endlosen Spa\u00df und fr\u00fches Lernen f\u00fcr Kleinkinder und f\u00f6rdert das kausale Lernen und die Gehirnentwicklung! Unterst\u00fctzende ODM\/OEM-Dienste. Kontaktieren Sie Chengji f\u00fcr einen g\u00fcnstigen Gro\u00dfhandelspreis jetzt!<\/p>\n<h2>Spezifikationen f\u00fcr Puzzle Enlightenment Konsolenspielzeug<\/h2>\n<table style=\"border-collapse: collapse; width: 343.52pt;\" border=\"0\" width=\"458\" cellspacing=\"0\" cellpadding=\"0\">\n<tbody>\n<tr style=\"height: 19.50pt;\">\n<td class=\"et2\" style=\"height: 19.50pt; width: 133.75pt;\" width=\"178\" height=\"26\">Artikel Nr.:<\/td>\n<td class=\"et3\" style=\"width: 210.00pt;\" width=\"280\">CJ-4330918<\/td>\n<\/tr>\n<tr style=\"height: 20.25pt;\">\n<td class=\"et4\" style=\"height: 20.25pt; width: 133.75pt;\" width=\"178\" height=\"27\">Paket:<\/td>\n<td class=\"et5\" style=\"width: 210.00pt;\" width=\"280\">Farbkasten<\/td>\n<\/tr>\n<tr style=\"height: 19.50pt;\">\n<td class=\"et4\" style=\"height: 19.50pt; width: 133.75pt;\" width=\"178\" height=\"26\">Packungsgr\u00f6\u00dfe:<\/td>\n<td class=\"et6\" style=\"width: 210.00pt;\" width=\"280\">30.7*7.1*17.8CM<\/td>\n<\/tr>\n<tr style=\"height: 20.25pt;\">\n<td class=\"et4\" style=\"height: 20.25pt; width: 133.75pt;\" width=\"178\" height=\"27\">Kartongr\u00f6\u00dfe\uff1a<\/td>\n<td class=\"et6\" style=\"width: 210.00pt;\" width=\"280\">32.7*58.8*55.4CM<\/td>\n<\/tr>\n<tr style=\"height: 19.50pt;\">\n<td class=\"et4\" style=\"height: 19.50pt; width: 133.75pt;\" width=\"178\" height=\"26\">Q'ty\/Ctn:<\/td>\n<td class=\"et6\" style=\"width: 210.00pt;\" width=\"280\">24\/ST\u00dcCK<\/td>\n<\/tr>\n<tr style=\"height: 20.25pt;\">\n<td class=\"et4\" style=\"height: 20.25pt; width: 133.75pt;\" width=\"178\" height=\"27\">G.W.\/N.W.:<\/td>\n<td class=\"et6\" style=\"width: 210.00pt;\" width=\"280\">20,2\/18,2 KG<\/td>\n<\/tr>\n<tr style=\"height: 19.50pt;\">\n<td class=\"et4\" style=\"height: 19.50pt; width: 133.75pt;\" width=\"178\" height=\"26\">Messung:<\/td>\n<td class=\"et6\" style=\"width: 210.00pt;\" width=\"280\">0,107 CBM'\/3,76 CUFT'<\/td>\n<\/tr>\n<\/tbody>\n<\/table>\n<p>\n<script src=\"chrome-extension:\/\/fpelahbljekknahkcaegamhcndkfpfnc\/iFrame.js\" type=\"text\/javascript\"><\/script><\/p>","protected":false},"featured_media":2872,"comment_status":"closed","ping_status":"closed","template":"","meta":{"_acf_changed":true},"product_brand":[],"product_cat":[30,25,24,34,46],"product_tag":[],"class_list":{"0":"post-2871","1":"product","2":"type-product","3":"status-publish","4":"has-post-thumbnail","6":"product_cat-wholesale-toys-for-ages-3-and-up","7":"product_cat-wholesale-baby-toys","8":"product_cat-wholesale-educational-toys","9":"product_cat-wholesale-other-baby-toys","10":"product_cat-wholesale-other-educational-toys","12":"first","13":"instock","14":"shipping-taxable","15":"product-type-simple"},"acf":[],"_links":{"self":[{"href":"https:\/\/www.chengjitoy.com\/de\/wp-json\/wp\/v2\/product\/2871","targetHints":{"allow":["GET"]}}],"collection":[{"href":"https:\/\/www.chengjitoy.com\/de\/wp-json\/wp\/v2\/product"}],"about":[{"href":"https:\/\/www.chengjitoy.com\/de\/wp-json\/wp\/v2\/types\/product"}],"replies":[{"embeddable":true,"href":"https:\/\/www.chengjitoy.com\/de\/wp-json\/wp\/v2\/comments?post=2871"}],"wp:featuredmedia":[{"embeddable":true,"href":"https:\/\/www.chengjitoy.com\/de\/wp-json\/wp\/v2\/media\/2872"}],"wp:attachment":[{"href":"https:\/\/www.chengjitoy.com\/de\/wp-json\/wp\/v2\/media?parent=2871"}],"wp:term":[{"taxonomy":"product_brand","embeddable":true,"href":"https:\/\/www.chengjitoy.com\/de\/wp-json\/wp\/v2\/product_brand?post=2871"},{"taxonomy":"product_cat","embeddable":true,"href":"https:\/\/www.chengjitoy.com\/de\/wp-json\/wp\/v2\/product_cat?post=2871"},{"taxonomy":"product_tag","embeddable":true,"href":"https:\/\/www.chengjitoy.com\/de\/wp-json\/wp\/v2\/product_tag?post=2871"}],"curies":[{"name":"wp","href":"https:\/\/api.w.org\/{rel}","templated":true}]}}