{"id":2922,"date":"2025-09-12T01:42:39","date_gmt":"2025-09-12T01:42:39","guid":{"rendered":"https:\/\/www.chengjitoy.com\/?post_type=product&#038;p=2922"},"modified":"2025-09-12T01:43:27","modified_gmt":"2025-09-12T01:43:27","slug":"bulk-interactive-xylophone-piano-toy","status":"publish","type":"product","link":"https:\/\/www.chengjitoy.com\/de\/product\/bulk-interactive-xylophone-piano-toy\/","title":{"rendered":"Gro\u00dfhandel Kinder interaktives Xylophon &amp; Klavier Spielzeug \u2013 Dinosaurier-Design"},"content":{"rendered":"<div class=\"wp-block-columns is-layout-flex wp-container-core-columns-is-layout-9d6595d7 wp-block-columns-is-layout-flex\">\n<div class=\"wp-block-column is-layout-flow wp-block-column-is-layout-flow\" style=\"flex-basis:66.66%\">\n<figure class=\"wp-block-image size-full\"><img loading=\"lazy\" decoding=\"async\" width=\"770\" height=\"2916\" src=\"https:\/\/www.chengjitoy.com\/wp-content\/uploads\/2025\/09\/Details-of-Interactive-Xylophone-Piano-Toy-1.webp\" alt=\"\" class=\"wp-image-3285\" srcset=\"https:\/\/www.chengjitoy.com\/wp-content\/uploads\/2025\/09\/Details-of-Interactive-Xylophone-Piano-Toy-1.webp 770w, https:\/\/www.chengjitoy.com\/wp-content\/uploads\/2025\/09\/Details-of-Interactive-Xylophone-Piano-Toy-1-79x300.webp 79w, https:\/\/www.chengjitoy.com\/wp-content\/uploads\/2025\/09\/Details-of-Interactive-Xylophone-Piano-Toy-1-768x2908.webp 768w, https:\/\/www.chengjitoy.com\/wp-content\/uploads\/2025\/09\/Details-of-Interactive-Xylophone-Piano-Toy-1-3x12.webp 3w, https:\/\/www.chengjitoy.com\/wp-content\/uploads\/2025\/09\/Details-of-Interactive-Xylophone-Piano-Toy-1-600x2272.webp 600w\" sizes=\"auto, (max-width: 770px) 100vw, 770px\" \/><\/figure>\n\n\n\n<figure class=\"wp-block-image size-full\"><img loading=\"lazy\" decoding=\"async\" width=\"770\" height=\"1144\" src=\"https:\/\/www.chengjitoy.com\/wp-content\/uploads\/2025\/09\/Details-of-Interactive-Xylophone-Piano-Toy-2.webp\" alt=\"Details zum interaktiven Xylophon- und Klavier-Spielzeug (2)\" class=\"wp-image-3286\" srcset=\"https:\/\/www.chengjitoy.com\/wp-content\/uploads\/2025\/09\/Details-of-Interactive-Xylophone-Piano-Toy-2.webp 770w, https:\/\/www.chengjitoy.com\/wp-content\/uploads\/2025\/09\/Details-of-Interactive-Xylophone-Piano-Toy-2-202x300.webp 202w, https:\/\/www.chengjitoy.com\/wp-content\/uploads\/2025\/09\/Details-of-Interactive-Xylophone-Piano-Toy-2-768x1141.webp 768w, https:\/\/www.chengjitoy.com\/wp-content\/uploads\/2025\/09\/Details-of-Interactive-Xylophone-Piano-Toy-2-8x12.webp 8w, https:\/\/www.chengjitoy.com\/wp-content\/uploads\/2025\/09\/Details-of-Interactive-Xylophone-Piano-Toy-2-600x891.webp 600w\" sizes=\"auto, (max-width: 770px) 100vw, 770px\" \/><\/figure>\n\n\n\n<figure class=\"wp-block-image size-full\"><img loading=\"lazy\" decoding=\"async\" width=\"770\" height=\"1389\" src=\"https:\/\/www.chengjitoy.com\/wp-content\/uploads\/2025\/09\/Details-of-Interactive-Xylophone-Piano-Toy-3.webp\" alt=\"\" class=\"wp-image-3287\" srcset=\"https:\/\/www.chengjitoy.com\/wp-content\/uploads\/2025\/09\/Details-of-Interactive-Xylophone-Piano-Toy-3.webp 770w, https:\/\/www.chengjitoy.com\/wp-content\/uploads\/2025\/09\/Details-of-Interactive-Xylophone-Piano-Toy-3-166x300.webp 166w, https:\/\/www.chengjitoy.com\/wp-content\/uploads\/2025\/09\/Details-of-Interactive-Xylophone-Piano-Toy-3-768x1385.webp 768w, https:\/\/www.chengjitoy.com\/wp-content\/uploads\/2025\/09\/Details-of-Interactive-Xylophone-Piano-Toy-3-7x12.webp 7w, https:\/\/www.chengjitoy.com\/wp-content\/uploads\/2025\/09\/Details-of-Interactive-Xylophone-Piano-Toy-3-600x1082.webp 600w\" sizes=\"auto, (max-width: 770px) 100vw, 770px\" \/><\/figure>\n\n\n\n<figure class=\"wp-block-image size-full\"><img loading=\"lazy\" decoding=\"async\" width=\"770\" height=\"1411\" src=\"https:\/\/www.chengjitoy.com\/wp-content\/uploads\/2025\/09\/Details-of-Interactive-Xylophone-Piano-Toy-4.webp\" alt=\"\" class=\"wp-image-3288\" srcset=\"https:\/\/www.chengjitoy.com\/wp-content\/uploads\/2025\/09\/Details-of-Interactive-Xylophone-Piano-Toy-4.webp 770w, https:\/\/www.chengjitoy.com\/wp-content\/uploads\/2025\/09\/Details-of-Interactive-Xylophone-Piano-Toy-4-164x300.webp 164w, https:\/\/www.chengjitoy.com\/wp-content\/uploads\/2025\/09\/Details-of-Interactive-Xylophone-Piano-Toy-4-768x1407.webp 768w, https:\/\/www.chengjitoy.com\/wp-content\/uploads\/2025\/09\/Details-of-Interactive-Xylophone-Piano-Toy-4-7x12.webp 7w, https:\/\/www.chengjitoy.com\/wp-content\/uploads\/2025\/09\/Details-of-Interactive-Xylophone-Piano-Toy-4-600x1099.webp 600w\" sizes=\"auto, (max-width: 770px) 100vw, 770px\" \/><\/figure>\n\n\n\n<figure class=\"wp-block-image size-full\"><img loading=\"lazy\" decoding=\"async\" width=\"770\" height=\"1484\" src=\"https:\/\/www.chengjitoy.com\/wp-content\/uploads\/2025\/09\/Details-of-Interactive-Xylophone-Piano-Toy-5.webp\" alt=\"\" class=\"wp-image-3289\" srcset=\"https:\/\/www.chengjitoy.com\/wp-content\/uploads\/2025\/09\/Details-of-Interactive-Xylophone-Piano-Toy-5.webp 770w, https:\/\/www.chengjitoy.com\/wp-content\/uploads\/2025\/09\/Details-of-Interactive-Xylophone-Piano-Toy-5-156x300.webp 156w, https:\/\/www.chengjitoy.com\/wp-content\/uploads\/2025\/09\/Details-of-Interactive-Xylophone-Piano-Toy-5-768x1480.webp 768w, https:\/\/www.chengjitoy.com\/wp-content\/uploads\/2025\/09\/Details-of-Interactive-Xylophone-Piano-Toy-5-6x12.webp 6w, https:\/\/www.chengjitoy.com\/wp-content\/uploads\/2025\/09\/Details-of-Interactive-Xylophone-Piano-Toy-5-600x1156.webp 600w\" sizes=\"auto, (max-width: 770px) 100vw, 770px\" \/><\/figure>\n\n\n\n<figure class=\"wp-block-image size-full\"><img loading=\"lazy\" decoding=\"async\" width=\"770\" height=\"1200\" src=\"https:\/\/www.chengjitoy.com\/wp-content\/uploads\/2025\/09\/Details-of-Interactive-Xylophone-Piano-Toy-6.webp\" alt=\"\" class=\"wp-image-3290\" srcset=\"https:\/\/www.chengjitoy.com\/wp-content\/uploads\/2025\/09\/Details-of-Interactive-Xylophone-Piano-Toy-6.webp 770w, https:\/\/www.chengjitoy.com\/wp-content\/uploads\/2025\/09\/Details-of-Interactive-Xylophone-Piano-Toy-6-193x300.webp 193w, https:\/\/www.chengjitoy.com\/wp-content\/uploads\/2025\/09\/Details-of-Interactive-Xylophone-Piano-Toy-6-768x1197.webp 768w, https:\/\/www.chengjitoy.com\/wp-content\/uploads\/2025\/09\/Details-of-Interactive-Xylophone-Piano-Toy-6-8x12.webp 8w, https:\/\/www.chengjitoy.com\/wp-content\/uploads\/2025\/09\/Details-of-Interactive-Xylophone-Piano-Toy-6-600x935.webp 600w\" sizes=\"auto, (max-width: 770px) 100vw, 770px\" \/><\/figure>\n\n\n\n<figure class=\"wp-block-image size-full\"><img loading=\"lazy\" decoding=\"async\" width=\"770\" height=\"1433\" src=\"https:\/\/www.chengjitoy.com\/wp-content\/uploads\/2025\/09\/Details-of-Interactive-Xylophone-Piano-Toy-7.webp\" alt=\"\" class=\"wp-image-3291\" srcset=\"https:\/\/www.chengjitoy.com\/wp-content\/uploads\/2025\/09\/Details-of-Interactive-Xylophone-Piano-Toy-7.webp 770w, https:\/\/www.chengjitoy.com\/wp-content\/uploads\/2025\/09\/Details-of-Interactive-Xylophone-Piano-Toy-7-161x300.webp 161w, https:\/\/www.chengjitoy.com\/wp-content\/uploads\/2025\/09\/Details-of-Interactive-Xylophone-Piano-Toy-7-768x1429.webp 768w, https:\/\/www.chengjitoy.com\/wp-content\/uploads\/2025\/09\/Details-of-Interactive-Xylophone-Piano-Toy-7-6x12.webp 6w, https:\/\/www.chengjitoy.com\/wp-content\/uploads\/2025\/09\/Details-of-Interactive-Xylophone-Piano-Toy-7-600x1117.webp 600w\" sizes=\"auto, (max-width: 770px) 100vw, 770px\" \/><\/figure>\n\n\n\n<figure class=\"wp-block-image size-full\"><img loading=\"lazy\" decoding=\"async\" width=\"770\" height=\"1367\" src=\"https:\/\/www.chengjitoy.com\/wp-content\/uploads\/2025\/09\/Details-of-Interactive-Xylophone-Piano-Toy-8.webp\" alt=\"\" class=\"wp-image-3292\" srcset=\"https:\/\/www.chengjitoy.com\/wp-content\/uploads\/2025\/09\/Details-of-Interactive-Xylophone-Piano-Toy-8.webp 770w, https:\/\/www.chengjitoy.com\/wp-content\/uploads\/2025\/09\/Details-of-Interactive-Xylophone-Piano-Toy-8-169x300.webp 169w, https:\/\/www.chengjitoy.com\/wp-content\/uploads\/2025\/09\/Details-of-Interactive-Xylophone-Piano-Toy-8-768x1363.webp 768w, https:\/\/www.chengjitoy.com\/wp-content\/uploads\/2025\/09\/Details-of-Interactive-Xylophone-Piano-Toy-8-7x12.webp 7w, https:\/\/www.chengjitoy.com\/wp-content\/uploads\/2025\/09\/Details-of-Interactive-Xylophone-Piano-Toy-8-600x1065.webp 600w\" sizes=\"auto, (max-width: 770px) 100vw, 770px\" \/><\/figure>\n\n\n\n<figure class=\"wp-block-image size-full\"><img loading=\"lazy\" decoding=\"async\" width=\"770\" height=\"1620\" src=\"https:\/\/www.chengjitoy.com\/wp-content\/uploads\/2025\/09\/Details-of-Interactive-Xylophone-Piano-Toy-9.webp\" alt=\"\" class=\"wp-image-3293\" srcset=\"https:\/\/www.chengjitoy.com\/wp-content\/uploads\/2025\/09\/Details-of-Interactive-Xylophone-Piano-Toy-9.webp 770w, https:\/\/www.chengjitoy.com\/wp-content\/uploads\/2025\/09\/Details-of-Interactive-Xylophone-Piano-Toy-9-143x300.webp 143w, https:\/\/www.chengjitoy.com\/wp-content\/uploads\/2025\/09\/Details-of-Interactive-Xylophone-Piano-Toy-9-768x1616.webp 768w, https:\/\/www.chengjitoy.com\/wp-content\/uploads\/2025\/09\/Details-of-Interactive-Xylophone-Piano-Toy-9-6x12.webp 6w, https:\/\/www.chengjitoy.com\/wp-content\/uploads\/2025\/09\/Details-of-Interactive-Xylophone-Piano-Toy-9-600x1262.webp 600w\" sizes=\"auto, (max-width: 770px) 100vw, 770px\" \/><\/figure>\n\n\n\n<figure class=\"wp-block-image size-full\"><img loading=\"lazy\" decoding=\"async\" width=\"770\" height=\"943\" src=\"https:\/\/www.chengjitoy.com\/wp-content\/uploads\/2025\/09\/Details-of-Interactive-Xylophone-Piano-Toy-10.webp\" alt=\"\" class=\"wp-image-3294\" srcset=\"https:\/\/www.chengjitoy.com\/wp-content\/uploads\/2025\/09\/Details-of-Interactive-Xylophone-Piano-Toy-10.webp 770w, https:\/\/www.chengjitoy.com\/wp-content\/uploads\/2025\/09\/Details-of-Interactive-Xylophone-Piano-Toy-10-245x300.webp 245w, https:\/\/www.chengjitoy.com\/wp-content\/uploads\/2025\/09\/Details-of-Interactive-Xylophone-Piano-Toy-10-768x941.webp 768w, https:\/\/www.chengjitoy.com\/wp-content\/uploads\/2025\/09\/Details-of-Interactive-Xylophone-Piano-Toy-10-10x12.webp 10w, https:\/\/www.chengjitoy.com\/wp-content\/uploads\/2025\/09\/Details-of-Interactive-Xylophone-Piano-Toy-10-600x735.webp 600w\" sizes=\"auto, (max-width: 770px) 100vw, 770px\" \/><\/figure>\n\n\n\n<figure class=\"wp-block-image size-full\"><img loading=\"lazy\" decoding=\"async\" width=\"770\" height=\"1342\" src=\"https:\/\/www.chengjitoy.com\/wp-content\/uploads\/2025\/09\/Details-of-Interactive-Xylophone-Piano-Toy-11.webp\" alt=\"\" class=\"wp-image-3295\" srcset=\"https:\/\/www.chengjitoy.com\/wp-content\/uploads\/2025\/09\/Details-of-Interactive-Xylophone-Piano-Toy-11.webp 770w, https:\/\/www.chengjitoy.com\/wp-content\/uploads\/2025\/09\/Details-of-Interactive-Xylophone-Piano-Toy-11-172x300.webp 172w, https:\/\/www.chengjitoy.com\/wp-content\/uploads\/2025\/09\/Details-of-Interactive-Xylophone-Piano-Toy-11-768x1339.webp 768w, https:\/\/www.chengjitoy.com\/wp-content\/uploads\/2025\/09\/Details-of-Interactive-Xylophone-Piano-Toy-11-7x12.webp 7w, https:\/\/www.chengjitoy.com\/wp-content\/uploads\/2025\/09\/Details-of-Interactive-Xylophone-Piano-Toy-11-600x1046.webp 600w\" sizes=\"auto, (max-width: 770px) 100vw, 770px\" \/><\/figure>\n<\/div>\n\n\n\n<div class=\"wp-block-column is-layout-flow wp-block-column-is-layout-flow\" style=\"flex-basis:33.33%\"><\/div>\n<\/div>","protected":false},"excerpt":{"rendered":"<p>Interaktives Xylophon- und Klavier-Spielzeug f\u00fcr den Gro\u00dfhandel. Ein multifunktionales Musikspielzeug mit Dinosaurier-Motiven, das die Kreativit\u00e4t anregt und die motorischen F\u00e4higkeiten f\u00f6rdert. Mit Xylophon, Klaviertasten und sensorischen Spielelementen ist es sicher, langlebig und perfekt f\u00fcr das Lernen und die Unterhaltung von Kleinkindern geeignet. Wir unterst\u00fctzen ODM\/OEM-Dienstleistungen. Kontaktieren Sie Chengji, Ihren zuverl\u00e4ssigsten Spielzeuglieferanten, um jetzt einen g\u00fcnstigen Gro\u00dfhandelspreis zu erhalten!<\/p>\n<h2>Technische Daten des interaktiven Xylophon- und Klavier-Spielzeugs<\/h2>\n<table style=\"border-collapse: collapse; width: 343.52pt;\" border=\"0\" width=\"458\" cellspacing=\"0\" cellpadding=\"0\">\n<tbody>\n<tr style=\"height: 19.50pt;\">\n<td class=\"et2\" style=\"height: 19.50pt; width: 133.75pt;\" width=\"178\" height=\"26\">Artikel Nr.:<\/td>\n<td class=\"et3\" style=\"width: 210.00pt;\" width=\"280\">CJ-4330913<\/td>\n<\/tr>\n<tr style=\"height: 20.25pt;\">\n<td class=\"et4\" style=\"height: 20.25pt; width: 133.75pt;\" width=\"178\" height=\"27\">Paket:<\/td>\n<td class=\"et5\" style=\"width: 210.00pt;\" width=\"280\">Versiegelte Schachtel<\/td>\n<\/tr>\n<tr style=\"height: 19.50pt;\">\n<td class=\"et4\" style=\"height: 19.50pt; width: 133.75pt;\" width=\"178\" height=\"26\">Packungsgr\u00f6\u00dfe:<\/td>\n<td class=\"et6\" style=\"width: 210.00pt;\" width=\"280\">23,6 \u00d7 7,6 \u00d7 20 cm<\/td>\n<\/tr>\n<tr style=\"height: 20.25pt;\">\n<td class=\"et4\" style=\"height: 20.25pt; width: 133.75pt;\" width=\"178\" height=\"27\">Kartongr\u00f6\u00dfe\uff1a<\/td>\n<td class=\"et6\" style=\"width: 210.00pt;\" width=\"280\">49,2 \u00d7 47,6 \u00d7 62 cm<\/td>\n<\/tr>\n<tr style=\"height: 19.50pt;\">\n<td class=\"et4\" style=\"height: 19.50pt; width: 133.75pt;\" width=\"178\" height=\"26\">Q'ty\/Ctn:<\/td>\n<td class=\"et6\" style=\"width: 210.00pt;\" width=\"280\">36\/ST\u00dcCK<\/td>\n<\/tr>\n<tr style=\"height: 20.25pt;\">\n<td class=\"et4\" style=\"height: 20.25pt; width: 133.75pt;\" width=\"178\" height=\"27\">G.W.\/N.W.:<\/td>\n<td class=\"et6\" style=\"width: 210.00pt;\" width=\"280\">18,2\/16,2 kg<\/td>\n<\/tr>\n<tr style=\"height: 19.50pt;\">\n<td class=\"et4\" style=\"height: 19.50pt; width: 133.75pt;\" width=\"178\" height=\"26\">Messung:<\/td>\n<td class=\"et6\" style=\"width: 210.00pt;\" width=\"280\">0,145 m\u00b3\/5,12 Kubikfu\u00df\u2019<\/td>\n<\/tr>\n<\/tbody>\n<\/table>\n<p>\n<script src=\"chrome-extension:\/\/fpelahbljekknahkcaegamhcndkfpfnc\/iFrame.js\" type=\"text\/javascript\"><\/script><\/p>","protected":false},"featured_media":3280,"comment_status":"closed","ping_status":"closed","template":"","meta":{"_acf_changed":true},"product_brand":[],"product_cat":[30,25,24,34,46,26],"product_tag":[],"class_list":{"0":"post-2922","1":"product","2":"type-product","3":"status-publish","4":"has-post-thumbnail","6":"product_cat-wholesale-toys-for-ages-3-and-up","7":"product_cat-wholesale-baby-toys","8":"product_cat-wholesale-educational-toys","9":"product_cat-wholesale-other-baby-toys","10":"product_cat-wholesale-other-educational-toys","11":"product_cat-wholesale-toys-for-all-ages","13":"first","14":"instock","15":"shipping-taxable","16":"product-type-simple"},"acf":[],"_links":{"self":[{"href":"https:\/\/www.chengjitoy.com\/de\/wp-json\/wp\/v2\/product\/2922","targetHints":{"allow":["GET"]}}],"collection":[{"href":"https:\/\/www.chengjitoy.com\/de\/wp-json\/wp\/v2\/product"}],"about":[{"href":"https:\/\/www.chengjitoy.com\/de\/wp-json\/wp\/v2\/types\/product"}],"replies":[{"embeddable":true,"href":"https:\/\/www.chengjitoy.com\/de\/wp-json\/wp\/v2\/comments?post=2922"}],"wp:featuredmedia":[{"embeddable":true,"href":"https:\/\/www.chengjitoy.com\/de\/wp-json\/wp\/v2\/media\/3280"}],"wp:attachment":[{"href":"https:\/\/www.chengjitoy.com\/de\/wp-json\/wp\/v2\/media?parent=2922"}],"wp:term":[{"taxonomy":"product_brand","embeddable":true,"href":"https:\/\/www.chengjitoy.com\/de\/wp-json\/wp\/v2\/product_brand?post=2922"},{"taxonomy":"product_cat","embeddable":true,"href":"https:\/\/www.chengjitoy.com\/de\/wp-json\/wp\/v2\/product_cat?post=2922"},{"taxonomy":"product_tag","embeddable":true,"href":"https:\/\/www.chengjitoy.com\/de\/wp-json\/wp\/v2\/product_tag?post=2922"}],"curies":[{"name":"wp","href":"https:\/\/api.w.org\/{rel}","templated":true}]}}