{"id":2995,"date":"2025-09-11T23:53:27","date_gmt":"2025-09-11T23:53:27","guid":{"rendered":"https:\/\/www.chengjitoy.com\/?post_type=product&#038;p=2995"},"modified":"2025-09-11T23:58:56","modified_gmt":"2025-09-11T23:58:56","slug":"wholesale-magnetic-building-blocks","status":"publish","type":"product","link":"https:\/\/www.chengjitoy.com\/de\/product\/wholesale-magnetic-building-blocks\/","title":{"rendered":"Gro\u00dfhandel Transparente 3-in-1-Magnetbausteine"},"content":{"rendered":"<div class=\"wp-block-columns is-layout-flex wp-container-core-columns-is-layout-9d6595d7 wp-block-columns-is-layout-flex\">\n<div class=\"wp-block-column is-layout-flow wp-block-column-is-layout-flow\" style=\"flex-basis:66.66%\">\n<figure class=\"wp-block-image size-full\"><img loading=\"lazy\" decoding=\"async\" width=\"770\" height=\"1114\" sizes=\"auto, (max-width: 770px) 100vw, 770px\" src=\"https:\/\/www.chengjitoy.com\/wp-content\/uploads\/2025\/09\/details-of-Transparent-three-in-one-building-block-strong-magnetic-1.jpg\" alt=\"\" class=\"wp-image-3002\" srcset=\"https:\/\/www.chengjitoy.com\/wp-content\/uploads\/2025\/09\/details-of-Transparent-three-in-one-building-block-strong-magnetic-1.jpg 770w, https:\/\/www.chengjitoy.com\/wp-content\/uploads\/2025\/09\/details-of-Transparent-three-in-one-building-block-strong-magnetic-1-207x300.jpg 207w, https:\/\/www.chengjitoy.com\/wp-content\/uploads\/2025\/09\/details-of-Transparent-three-in-one-building-block-strong-magnetic-1-768x1111.jpg 768w, https:\/\/www.chengjitoy.com\/wp-content\/uploads\/2025\/09\/details-of-Transparent-three-in-one-building-block-strong-magnetic-1-8x12.jpg 8w, https:\/\/www.chengjitoy.com\/wp-content\/uploads\/2025\/09\/details-of-Transparent-three-in-one-building-block-strong-magnetic-1-600x868.jpg 600w\" \/><\/figure>\n\n\n\n<figure class=\"wp-block-image size-full\"><img loading=\"lazy\" decoding=\"async\" width=\"770\" height=\"1642\" sizes=\"auto, (max-width: 770px) 100vw, 770px\" src=\"https:\/\/www.chengjitoy.com\/wp-content\/uploads\/2025\/09\/details-of-Transparent-three-in-one-building-block-strong-magnetic-2.jpg\" alt=\"\" class=\"wp-image-3003\" srcset=\"https:\/\/www.chengjitoy.com\/wp-content\/uploads\/2025\/09\/details-of-Transparent-three-in-one-building-block-strong-magnetic-2.jpg 770w, https:\/\/www.chengjitoy.com\/wp-content\/uploads\/2025\/09\/details-of-Transparent-three-in-one-building-block-strong-magnetic-2-141x300.jpg 141w, https:\/\/www.chengjitoy.com\/wp-content\/uploads\/2025\/09\/details-of-Transparent-three-in-one-building-block-strong-magnetic-2-768x1638.jpg 768w, https:\/\/www.chengjitoy.com\/wp-content\/uploads\/2025\/09\/details-of-Transparent-three-in-one-building-block-strong-magnetic-2-6x12.jpg 6w, https:\/\/www.chengjitoy.com\/wp-content\/uploads\/2025\/09\/details-of-Transparent-three-in-one-building-block-strong-magnetic-2-600x1279.jpg 600w\" \/><\/figure>\n\n\n\n<figure class=\"wp-block-image size-full\"><img loading=\"lazy\" decoding=\"async\" width=\"770\" height=\"1912\" sizes=\"auto, (max-width: 770px) 100vw, 770px\" src=\"https:\/\/www.chengjitoy.com\/wp-content\/uploads\/2025\/09\/details-of-Transparent-three-in-one-building-block-strong-magnetic-3.jpg\" alt=\"\" class=\"wp-image-3004\" srcset=\"https:\/\/www.chengjitoy.com\/wp-content\/uploads\/2025\/09\/details-of-Transparent-three-in-one-building-block-strong-magnetic-3.jpg 770w, https:\/\/www.chengjitoy.com\/wp-content\/uploads\/2025\/09\/details-of-Transparent-three-in-one-building-block-strong-magnetic-3-121x300.jpg 121w, https:\/\/www.chengjitoy.com\/wp-content\/uploads\/2025\/09\/details-of-Transparent-three-in-one-building-block-strong-magnetic-3-768x1907.jpg 768w, https:\/\/www.chengjitoy.com\/wp-content\/uploads\/2025\/09\/details-of-Transparent-three-in-one-building-block-strong-magnetic-3-5x12.jpg 5w, https:\/\/www.chengjitoy.com\/wp-content\/uploads\/2025\/09\/details-of-Transparent-three-in-one-building-block-strong-magnetic-3-600x1490.jpg 600w\" \/><\/figure>\n\n\n\n<figure class=\"wp-block-image size-full\"><img loading=\"lazy\" decoding=\"async\" width=\"770\" height=\"1504\" sizes=\"auto, (max-width: 770px) 100vw, 770px\" src=\"https:\/\/www.chengjitoy.com\/wp-content\/uploads\/2025\/09\/details-of-Transparent-three-in-one-building-block-strong-magnetic-4.jpg\" alt=\"\" class=\"wp-image-3005\" srcset=\"https:\/\/www.chengjitoy.com\/wp-content\/uploads\/2025\/09\/details-of-Transparent-three-in-one-building-block-strong-magnetic-4.jpg 770w, https:\/\/www.chengjitoy.com\/wp-content\/uploads\/2025\/09\/details-of-Transparent-three-in-one-building-block-strong-magnetic-4-154x300.jpg 154w, https:\/\/www.chengjitoy.com\/wp-content\/uploads\/2025\/09\/details-of-Transparent-three-in-one-building-block-strong-magnetic-4-768x1500.jpg 768w, https:\/\/www.chengjitoy.com\/wp-content\/uploads\/2025\/09\/details-of-Transparent-three-in-one-building-block-strong-magnetic-4-6x12.jpg 6w, https:\/\/www.chengjitoy.com\/wp-content\/uploads\/2025\/09\/details-of-Transparent-three-in-one-building-block-strong-magnetic-4-600x1172.jpg 600w\" \/><\/figure>\n\n\n\n<figure class=\"wp-block-image size-full\"><img loading=\"lazy\" decoding=\"async\" width=\"770\" height=\"1262\" sizes=\"auto, (max-width: 770px) 100vw, 770px\" src=\"https:\/\/www.chengjitoy.com\/wp-content\/uploads\/2025\/09\/details-of-Transparent-three-in-one-building-block-strong-magnetic-5.jpg\" alt=\"\" class=\"wp-image-3006\" srcset=\"https:\/\/www.chengjitoy.com\/wp-content\/uploads\/2025\/09\/details-of-Transparent-three-in-one-building-block-strong-magnetic-5.jpg 770w, https:\/\/www.chengjitoy.com\/wp-content\/uploads\/2025\/09\/details-of-Transparent-three-in-one-building-block-strong-magnetic-5-183x300.jpg 183w, https:\/\/www.chengjitoy.com\/wp-content\/uploads\/2025\/09\/details-of-Transparent-three-in-one-building-block-strong-magnetic-5-768x1259.jpg 768w, https:\/\/www.chengjitoy.com\/wp-content\/uploads\/2025\/09\/details-of-Transparent-three-in-one-building-block-strong-magnetic-5-7x12.jpg 7w, https:\/\/www.chengjitoy.com\/wp-content\/uploads\/2025\/09\/details-of-Transparent-three-in-one-building-block-strong-magnetic-5-600x983.jpg 600w\" \/><\/figure>\n\n\n\n<figure class=\"wp-block-image size-full\"><img loading=\"lazy\" decoding=\"async\" width=\"770\" height=\"718\" sizes=\"auto, (max-width: 770px) 100vw, 770px\" src=\"https:\/\/www.chengjitoy.com\/wp-content\/uploads\/2025\/09\/details-of-Transparent-three-in-one-building-block-strong-magnetic-6.jpg\" alt=\"\" class=\"wp-image-3007\" srcset=\"https:\/\/www.chengjitoy.com\/wp-content\/uploads\/2025\/09\/details-of-Transparent-three-in-one-building-block-strong-magnetic-6.jpg 770w, https:\/\/www.chengjitoy.com\/wp-content\/uploads\/2025\/09\/details-of-Transparent-three-in-one-building-block-strong-magnetic-6-300x280.jpg 300w, https:\/\/www.chengjitoy.com\/wp-content\/uploads\/2025\/09\/details-of-Transparent-three-in-one-building-block-strong-magnetic-6-768x716.jpg 768w, https:\/\/www.chengjitoy.com\/wp-content\/uploads\/2025\/09\/details-of-Transparent-three-in-one-building-block-strong-magnetic-6-13x12.jpg 13w, https:\/\/www.chengjitoy.com\/wp-content\/uploads\/2025\/09\/details-of-Transparent-three-in-one-building-block-strong-magnetic-6-600x559.jpg 600w\" \/><\/figure>\n\n\n\n<figure class=\"wp-block-image size-full\"><img loading=\"lazy\" decoding=\"async\" width=\"770\" height=\"1083\" sizes=\"auto, (max-width: 770px) 100vw, 770px\" src=\"https:\/\/www.chengjitoy.com\/wp-content\/uploads\/2025\/09\/details-of-Transparent-three-in-one-building-block-strong-magnetic-7.jpg\" alt=\"\" class=\"wp-image-3008\" srcset=\"https:\/\/www.chengjitoy.com\/wp-content\/uploads\/2025\/09\/details-of-Transparent-three-in-one-building-block-strong-magnetic-7.jpg 770w, https:\/\/www.chengjitoy.com\/wp-content\/uploads\/2025\/09\/details-of-Transparent-three-in-one-building-block-strong-magnetic-7-213x300.jpg 213w, https:\/\/www.chengjitoy.com\/wp-content\/uploads\/2025\/09\/details-of-Transparent-three-in-one-building-block-strong-magnetic-7-768x1080.jpg 768w, https:\/\/www.chengjitoy.com\/wp-content\/uploads\/2025\/09\/details-of-Transparent-three-in-one-building-block-strong-magnetic-7-9x12.jpg 9w, https:\/\/www.chengjitoy.com\/wp-content\/uploads\/2025\/09\/details-of-Transparent-three-in-one-building-block-strong-magnetic-7-600x844.jpg 600w\" \/><\/figure>\n\n\n\n<figure class=\"wp-block-image size-full\"><img loading=\"lazy\" decoding=\"async\" width=\"770\" height=\"778\" sizes=\"auto, (max-width: 770px) 100vw, 770px\" src=\"https:\/\/www.chengjitoy.com\/wp-content\/uploads\/2025\/09\/details-of-Transparent-three-in-one-building-block-strong-magnetic-8.jpg\" alt=\"\" class=\"wp-image-3009\" srcset=\"https:\/\/www.chengjitoy.com\/wp-content\/uploads\/2025\/09\/details-of-Transparent-three-in-one-building-block-strong-magnetic-8.jpg 770w, https:\/\/www.chengjitoy.com\/wp-content\/uploads\/2025\/09\/details-of-Transparent-three-in-one-building-block-strong-magnetic-8-297x300.jpg 297w\" \/><\/figure>\n\n\n\n<figure class=\"wp-block-image size-full\"><img loading=\"lazy\" decoding=\"async\" width=\"1000\" height=\"1000\" sizes=\"auto, (max-width: 1000px) 100vw, 1000px\" src=\"https:\/\/www.chengjitoy.com\/wp-content\/uploads\/2025\/09\/wholesale-Transparent-three-in-one-building-block-strong-magnetic-5.jpg\" alt=\"\" class=\"wp-image-3000\" srcset=\"https:\/\/www.chengjitoy.com\/wp-content\/uploads\/2025\/09\/wholesale-Transparent-three-in-one-building-block-strong-magnetic-5.jpg 1000w, https:\/\/www.chengjitoy.com\/wp-content\/uploads\/2025\/09\/wholesale-Transparent-three-in-one-building-block-strong-magnetic-5-300x300.jpg 300w, https:\/\/www.chengjitoy.com\/wp-content\/uploads\/2025\/09\/wholesale-Transparent-three-in-one-building-block-strong-magnetic-5-150x150.jpg 150w, https:\/\/www.chengjitoy.com\/wp-content\/uploads\/2025\/09\/wholesale-Transparent-three-in-one-building-block-strong-magnetic-5-768x768.jpg 768w, https:\/\/www.chengjitoy.com\/wp-content\/uploads\/2025\/09\/wholesale-Transparent-three-in-one-building-block-strong-magnetic-5-12x12.jpg 12w, https:\/\/www.chengjitoy.com\/wp-content\/uploads\/2025\/09\/wholesale-Transparent-three-in-one-building-block-strong-magnetic-5-600x600.jpg 600w, https:\/\/www.chengjitoy.com\/wp-content\/uploads\/2025\/09\/wholesale-Transparent-three-in-one-building-block-strong-magnetic-5-100x100.jpg 100w\" \/><\/figure>\n<\/div>\n\n\n\n<div class=\"wp-block-column is-layout-flow wp-block-column-is-layout-flow\" style=\"flex-basis:33.33%\"><\/div>\n<\/div>\n\n\n\n<p><\/p>","protected":false},"excerpt":{"rendered":"<p>Gro\u00dfhandel Transparenter 3-in-1-Baustein mit starken Magneten. Ein kreatives 3-in-1-Magnetbausteinset, das Bauen, Kugelbahnen und interaktives Spielen kombiniert. Mit starker magnetischer Adsorption und verschiedenen Formen inspiriert es Kinder zum Bauen, Entdecken und Lernen durch Spa\u00df. Sicher, farbenfroh und so konzipiert, dass es mit den Kindern vom Anf\u00e4nger- bis zum Fortgeschrittenenstadium mitw\u00e4chst. Unterst\u00fctzung von OEM- und ODM-Dienstleistungen. Fordern Sie jetzt ein Angebot an!<\/p>\n<h2>Spezifikationen des transparenten 3-in-1-Bausteins\u00a0<\/h2>\n<table style=\"border-collapse: collapse; width: 343.52pt;\" border=\"0\" width=\"458\" cellspacing=\"0\" cellpadding=\"0\">\n<tbody>\n<tr style=\"height: 19.50pt;\">\n<td class=\"et2\" style=\"height: 19.50pt; width: 133.75pt;\" width=\"178\" height=\"26\">Artikel Nr.:<\/td>\n<td class=\"et3\" style=\"width: 210.00pt;\" width=\"280\">CJ-4414431<\/td>\n<\/tr>\n<tr style=\"height: 20.25pt;\">\n<td class=\"et4\" style=\"height: 20.25pt; width: 133.75pt;\" width=\"178\" height=\"27\">Paket:<\/td>\n<td class=\"et5\" style=\"width: 210.00pt;\" width=\"280\">FARBKASTEN<\/td>\n<\/tr>\n<tr style=\"height: 19.50pt;\">\n<td class=\"et4\" style=\"height: 19.50pt; width: 133.75pt;\" width=\"178\" height=\"26\">Packungsgr\u00f6\u00dfe:<\/td>\n<td class=\"et5\" style=\"width: 210.00pt;\" width=\"280\">34 \u00d7 26 \u00d7 10 cm<\/td>\n<\/tr>\n<tr style=\"height: 20.25pt;\">\n<td class=\"et4\" style=\"height: 20.25pt; width: 133.75pt;\" width=\"178\" height=\"27\">Kartongr\u00f6\u00dfe\uff1a<\/td>\n<td class=\"et5\" style=\"width: 210.00pt;\" width=\"280\">81 \u00d7 32 \u00d7 73 cm<\/td>\n<\/tr>\n<tr style=\"height: 19.50pt;\">\n<td class=\"et4\" style=\"height: 19.50pt; width: 133.75pt;\" width=\"178\" height=\"26\">Q'ty\/Ctn:<\/td>\n<td class=\"et5\" style=\"width: 210.00pt;\" width=\"280\">18\/ST\u00dcCK<\/td>\n<\/tr>\n<tr style=\"height: 20.25pt;\">\n<td class=\"et4\" style=\"height: 20.25pt; width: 133.75pt;\" width=\"178\" height=\"27\">G.W.\/N.W.:<\/td>\n<td class=\"et5\" style=\"width: 210.00pt;\" width=\"280\">25,8\/23,3 kg<\/td>\n<\/tr>\n<tr style=\"height: 19.50pt;\">\n<td class=\"et4\" style=\"height: 19.50pt; width: 133.75pt;\" width=\"178\" height=\"26\">Messung:<\/td>\n<td class=\"et5\" style=\"width: 210.00pt;\" width=\"280\">0,19 Kubikmeter\/6,68 Kubikfu\u00df\u2019<\/td>\n<\/tr>\n<\/tbody>\n<\/table>\n<p>\n<script src=\"chrome-extension:\/\/fpelahbljekknahkcaegamhcndkfpfnc\/iFrame.js\" type=\"text\/javascript\"><\/script><\/p>","protected":false},"featured_media":2996,"comment_status":"closed","ping_status":"closed","template":"","meta":{"_acf_changed":false},"product_brand":[],"product_cat":[30,41,24,26],"product_tag":[],"class_list":{"0":"post-2995","1":"product","2":"type-product","3":"status-publish","4":"has-post-thumbnail","6":"product_cat-wholesale-toys-for-ages-3-and-up","7":"product_cat-wholesale-blocks-and-puzzles","8":"product_cat-wholesale-educational-toys","9":"product_cat-wholesale-toys-for-all-ages","11":"first","12":"instock","13":"shipping-taxable","14":"product-type-simple"},"acf":[],"_links":{"self":[{"href":"https:\/\/www.chengjitoy.com\/de\/wp-json\/wp\/v2\/product\/2995","targetHints":{"allow":["GET"]}}],"collection":[{"href":"https:\/\/www.chengjitoy.com\/de\/wp-json\/wp\/v2\/product"}],"about":[{"href":"https:\/\/www.chengjitoy.com\/de\/wp-json\/wp\/v2\/types\/product"}],"replies":[{"embeddable":true,"href":"https:\/\/www.chengjitoy.com\/de\/wp-json\/wp\/v2\/comments?post=2995"}],"wp:featuredmedia":[{"embeddable":true,"href":"https:\/\/www.chengjitoy.com\/de\/wp-json\/wp\/v2\/media\/2996"}],"wp:attachment":[{"href":"https:\/\/www.chengjitoy.com\/de\/wp-json\/wp\/v2\/media?parent=2995"}],"wp:term":[{"taxonomy":"product_brand","embeddable":true,"href":"https:\/\/www.chengjitoy.com\/de\/wp-json\/wp\/v2\/product_brand?post=2995"},{"taxonomy":"product_cat","embeddable":true,"href":"https:\/\/www.chengjitoy.com\/de\/wp-json\/wp\/v2\/product_cat?post=2995"},{"taxonomy":"product_tag","embeddable":true,"href":"https:\/\/www.chengjitoy.com\/de\/wp-json\/wp\/v2\/product_tag?post=2995"}],"curies":[{"name":"wp","href":"https:\/\/api.w.org\/{rel}","templated":true}]}}