{"id":3642,"date":"2025-10-08T06:57:49","date_gmt":"2025-10-08T06:57:49","guid":{"rendered":"https:\/\/www.chengjitoy.com\/?post_type=product&#038;p=3642"},"modified":"2025-10-08T06:57:52","modified_gmt":"2025-10-08T06:57:52","slug":"wholesale-spray-tank-rc-toy-mist-spray","status":"publish","type":"product","link":"https:\/\/www.chengjitoy.com\/de\/product\/wholesale-spray-tank-rc-toy-mist-spray\/","title":{"rendered":"Gro\u00dfhandel Fernsteuerung Spray Tank Spielzeug mit 360 \u00b0 Revolver, Nebel-Effekt, und Kampf-Modus"},"content":{"rendered":"<div class=\"wp-block-columns is-layout-flex wp-container-core-columns-is-layout-9d6595d7 wp-block-columns-is-layout-flex\">\n<div class=\"wp-block-column is-layout-flow wp-block-column-is-layout-flow\" style=\"flex-basis:66.66%\">\n<figure class=\"wp-block-image size-full\"><img loading=\"lazy\" decoding=\"async\" width=\"770\" height=\"2122\" sizes=\"auto, (max-width: 770px) 100vw, 770px\" src=\"https:\/\/www.chengjitoy.com\/wp-content\/uploads\/2025\/09\/details-of-Five-way-RC-spray-tank-1.webp\" alt=\"\" class=\"wp-image-3649\" srcset=\"https:\/\/www.chengjitoy.com\/wp-content\/uploads\/2025\/09\/details-of-Five-way-RC-spray-tank-1.webp 770w, https:\/\/www.chengjitoy.com\/wp-content\/uploads\/2025\/09\/details-of-Five-way-RC-spray-tank-1-109x300.webp 109w, https:\/\/www.chengjitoy.com\/wp-content\/uploads\/2025\/09\/details-of-Five-way-RC-spray-tank-1-768x2116.webp 768w, https:\/\/www.chengjitoy.com\/wp-content\/uploads\/2025\/09\/details-of-Five-way-RC-spray-tank-1-4x12.webp 4w, https:\/\/www.chengjitoy.com\/wp-content\/uploads\/2025\/09\/details-of-Five-way-RC-spray-tank-1-600x1654.webp 600w\" \/><\/figure>\n\n\n\n<figure class=\"wp-block-image size-full\"><img loading=\"lazy\" decoding=\"async\" width=\"770\" height=\"2122\" sizes=\"auto, (max-width: 770px) 100vw, 770px\" src=\"https:\/\/www.chengjitoy.com\/wp-content\/uploads\/2025\/09\/details-of-Five-way-RC-spray-tank-2.webp\" alt=\"\" class=\"wp-image-3650\" srcset=\"https:\/\/www.chengjitoy.com\/wp-content\/uploads\/2025\/09\/details-of-Five-way-RC-spray-tank-2.webp 770w, https:\/\/www.chengjitoy.com\/wp-content\/uploads\/2025\/09\/details-of-Five-way-RC-spray-tank-2-109x300.webp 109w, https:\/\/www.chengjitoy.com\/wp-content\/uploads\/2025\/09\/details-of-Five-way-RC-spray-tank-2-768x2116.webp 768w, https:\/\/www.chengjitoy.com\/wp-content\/uploads\/2025\/09\/details-of-Five-way-RC-spray-tank-2-4x12.webp 4w, https:\/\/www.chengjitoy.com\/wp-content\/uploads\/2025\/09\/details-of-Five-way-RC-spray-tank-2-600x1654.webp 600w\" \/><\/figure>\n\n\n\n<figure class=\"wp-block-image size-full\"><img loading=\"lazy\" decoding=\"async\" width=\"770\" height=\"1311\" sizes=\"auto, (max-width: 770px) 100vw, 770px\" src=\"https:\/\/www.chengjitoy.com\/wp-content\/uploads\/2025\/09\/details-of-Five-way-RC-spray-tank-3.webp\" alt=\"\" class=\"wp-image-3651\" srcset=\"https:\/\/www.chengjitoy.com\/wp-content\/uploads\/2025\/09\/details-of-Five-way-RC-spray-tank-3.webp 770w, https:\/\/www.chengjitoy.com\/wp-content\/uploads\/2025\/09\/details-of-Five-way-RC-spray-tank-3-176x300.webp 176w, https:\/\/www.chengjitoy.com\/wp-content\/uploads\/2025\/09\/details-of-Five-way-RC-spray-tank-3-768x1308.webp 768w, https:\/\/www.chengjitoy.com\/wp-content\/uploads\/2025\/09\/details-of-Five-way-RC-spray-tank-3-7x12.webp 7w, https:\/\/www.chengjitoy.com\/wp-content\/uploads\/2025\/09\/details-of-Five-way-RC-spray-tank-3-600x1022.webp 600w\" \/><\/figure>\n\n\n\n<figure class=\"wp-block-image size-full\"><img loading=\"lazy\" decoding=\"async\" width=\"770\" height=\"1311\" sizes=\"auto, (max-width: 770px) 100vw, 770px\" src=\"https:\/\/www.chengjitoy.com\/wp-content\/uploads\/2025\/09\/details-of-Five-way-RC-spray-tank-4.webp\" alt=\"\" class=\"wp-image-3652\" srcset=\"https:\/\/www.chengjitoy.com\/wp-content\/uploads\/2025\/09\/details-of-Five-way-RC-spray-tank-4.webp 770w, https:\/\/www.chengjitoy.com\/wp-content\/uploads\/2025\/09\/details-of-Five-way-RC-spray-tank-4-176x300.webp 176w, https:\/\/www.chengjitoy.com\/wp-content\/uploads\/2025\/09\/details-of-Five-way-RC-spray-tank-4-768x1308.webp 768w, https:\/\/www.chengjitoy.com\/wp-content\/uploads\/2025\/09\/details-of-Five-way-RC-spray-tank-4-7x12.webp 7w, https:\/\/www.chengjitoy.com\/wp-content\/uploads\/2025\/09\/details-of-Five-way-RC-spray-tank-4-600x1022.webp 600w\" \/><\/figure>\n\n\n\n<figure class=\"wp-block-image size-full\"><img loading=\"lazy\" decoding=\"async\" width=\"770\" height=\"3041\" sizes=\"auto, (max-width: 770px) 100vw, 770px\" src=\"https:\/\/www.chengjitoy.com\/wp-content\/uploads\/2025\/09\/details-of-Five-way-RC-spray-tank-5.webp\" alt=\"\" class=\"wp-image-3653\" srcset=\"https:\/\/www.chengjitoy.com\/wp-content\/uploads\/2025\/09\/details-of-Five-way-RC-spray-tank-5.webp 770w, https:\/\/www.chengjitoy.com\/wp-content\/uploads\/2025\/09\/details-of-Five-way-RC-spray-tank-5-76x300.webp 76w, https:\/\/www.chengjitoy.com\/wp-content\/uploads\/2025\/09\/details-of-Five-way-RC-spray-tank-5-768x3033.webp 768w, https:\/\/www.chengjitoy.com\/wp-content\/uploads\/2025\/09\/details-of-Five-way-RC-spray-tank-5-3x12.webp 3w, https:\/\/www.chengjitoy.com\/wp-content\/uploads\/2025\/09\/details-of-Five-way-RC-spray-tank-5-600x2370.webp 600w\" \/><\/figure>\n\n\n\n<figure class=\"wp-block-image size-full\"><img loading=\"lazy\" decoding=\"async\" width=\"770\" height=\"3041\" sizes=\"auto, (max-width: 770px) 100vw, 770px\" src=\"https:\/\/www.chengjitoy.com\/wp-content\/uploads\/2025\/09\/details-of-Five-way-RC-spray-tank-6.webp\" alt=\"\" class=\"wp-image-3654\" srcset=\"https:\/\/www.chengjitoy.com\/wp-content\/uploads\/2025\/09\/details-of-Five-way-RC-spray-tank-6.webp 770w, https:\/\/www.chengjitoy.com\/wp-content\/uploads\/2025\/09\/details-of-Five-way-RC-spray-tank-6-76x300.webp 76w, https:\/\/www.chengjitoy.com\/wp-content\/uploads\/2025\/09\/details-of-Five-way-RC-spray-tank-6-768x3033.webp 768w, https:\/\/www.chengjitoy.com\/wp-content\/uploads\/2025\/09\/details-of-Five-way-RC-spray-tank-6-3x12.webp 3w, https:\/\/www.chengjitoy.com\/wp-content\/uploads\/2025\/09\/details-of-Five-way-RC-spray-tank-6-600x2370.webp 600w\" \/><\/figure>\n\n\n\n<figure class=\"wp-block-image size-full\"><img loading=\"lazy\" decoding=\"async\" width=\"770\" height=\"1340\" sizes=\"auto, (max-width: 770px) 100vw, 770px\" src=\"https:\/\/www.chengjitoy.com\/wp-content\/uploads\/2025\/09\/details-of-Five-way-RC-spray-tank-7.webp\" alt=\"\" class=\"wp-image-3655\" srcset=\"https:\/\/www.chengjitoy.com\/wp-content\/uploads\/2025\/09\/details-of-Five-way-RC-spray-tank-7.webp 770w, https:\/\/www.chengjitoy.com\/wp-content\/uploads\/2025\/09\/details-of-Five-way-RC-spray-tank-7-172x300.webp 172w, https:\/\/www.chengjitoy.com\/wp-content\/uploads\/2025\/09\/details-of-Five-way-RC-spray-tank-7-768x1337.webp 768w, https:\/\/www.chengjitoy.com\/wp-content\/uploads\/2025\/09\/details-of-Five-way-RC-spray-tank-7-7x12.webp 7w, https:\/\/www.chengjitoy.com\/wp-content\/uploads\/2025\/09\/details-of-Five-way-RC-spray-tank-7-600x1044.webp 600w\" \/><\/figure>\n\n\n\n<figure class=\"wp-block-image size-full\"><img loading=\"lazy\" decoding=\"async\" width=\"770\" height=\"1340\" sizes=\"auto, (max-width: 770px) 100vw, 770px\" src=\"https:\/\/www.chengjitoy.com\/wp-content\/uploads\/2025\/09\/details-of-Five-way-RC-spray-tank-8.webp\" alt=\"\" class=\"wp-image-3656\" srcset=\"https:\/\/www.chengjitoy.com\/wp-content\/uploads\/2025\/09\/details-of-Five-way-RC-spray-tank-8.webp 770w, https:\/\/www.chengjitoy.com\/wp-content\/uploads\/2025\/09\/details-of-Five-way-RC-spray-tank-8-172x300.webp 172w, https:\/\/www.chengjitoy.com\/wp-content\/uploads\/2025\/09\/details-of-Five-way-RC-spray-tank-8-768x1337.webp 768w, https:\/\/www.chengjitoy.com\/wp-content\/uploads\/2025\/09\/details-of-Five-way-RC-spray-tank-8-7x12.webp 7w, https:\/\/www.chengjitoy.com\/wp-content\/uploads\/2025\/09\/details-of-Five-way-RC-spray-tank-8-600x1044.webp 600w\" \/><\/figure>\n\n\n\n<figure class=\"wp-block-image size-full\"><img loading=\"lazy\" decoding=\"async\" width=\"770\" height=\"1636\" sizes=\"auto, (max-width: 770px) 100vw, 770px\" src=\"https:\/\/www.chengjitoy.com\/wp-content\/uploads\/2025\/09\/details-of-Five-way-RC-spray-tank-9.webp\" alt=\"\" class=\"wp-image-3657\" srcset=\"https:\/\/www.chengjitoy.com\/wp-content\/uploads\/2025\/09\/details-of-Five-way-RC-spray-tank-9.webp 770w, https:\/\/www.chengjitoy.com\/wp-content\/uploads\/2025\/09\/details-of-Five-way-RC-spray-tank-9-141x300.webp 141w, https:\/\/www.chengjitoy.com\/wp-content\/uploads\/2025\/09\/details-of-Five-way-RC-spray-tank-9-768x1632.webp 768w, https:\/\/www.chengjitoy.com\/wp-content\/uploads\/2025\/09\/details-of-Five-way-RC-spray-tank-9-6x12.webp 6w, https:\/\/www.chengjitoy.com\/wp-content\/uploads\/2025\/09\/details-of-Five-way-RC-spray-tank-9-600x1275.webp 600w\" \/><\/figure>\n\n\n\n<figure class=\"wp-block-image size-full\"><img loading=\"lazy\" decoding=\"async\" width=\"770\" height=\"1636\" sizes=\"auto, (max-width: 770px) 100vw, 770px\" src=\"https:\/\/www.chengjitoy.com\/wp-content\/uploads\/2025\/09\/details-of-Five-way-RC-spray-tank-10.webp\" alt=\"\" class=\"wp-image-3658\" srcset=\"https:\/\/www.chengjitoy.com\/wp-content\/uploads\/2025\/09\/details-of-Five-way-RC-spray-tank-10.webp 770w, https:\/\/www.chengjitoy.com\/wp-content\/uploads\/2025\/09\/details-of-Five-way-RC-spray-tank-10-141x300.webp 141w, https:\/\/www.chengjitoy.com\/wp-content\/uploads\/2025\/09\/details-of-Five-way-RC-spray-tank-10-768x1632.webp 768w, https:\/\/www.chengjitoy.com\/wp-content\/uploads\/2025\/09\/details-of-Five-way-RC-spray-tank-10-6x12.webp 6w, https:\/\/www.chengjitoy.com\/wp-content\/uploads\/2025\/09\/details-of-Five-way-RC-spray-tank-10-600x1275.webp 600w\" \/><\/figure>\n\n\n\n<figure class=\"wp-block-image size-full\"><img loading=\"lazy\" decoding=\"async\" width=\"770\" height=\"814\" sizes=\"auto, (max-width: 770px) 100vw, 770px\" src=\"https:\/\/www.chengjitoy.com\/wp-content\/uploads\/2025\/09\/details-of-Five-way-RC-spray-tank-11.webp\" alt=\"\" class=\"wp-image-3659\" srcset=\"https:\/\/www.chengjitoy.com\/wp-content\/uploads\/2025\/09\/details-of-Five-way-RC-spray-tank-11.webp 770w, https:\/\/www.chengjitoy.com\/wp-content\/uploads\/2025\/09\/details-of-Five-way-RC-spray-tank-11-284x300.webp 284w, https:\/\/www.chengjitoy.com\/wp-content\/uploads\/2025\/09\/details-of-Five-way-RC-spray-tank-11-768x812.webp 768w, https:\/\/www.chengjitoy.com\/wp-content\/uploads\/2025\/09\/details-of-Five-way-RC-spray-tank-11-11x12.webp 11w, https:\/\/www.chengjitoy.com\/wp-content\/uploads\/2025\/09\/details-of-Five-way-RC-spray-tank-11-600x634.webp 600w\" \/><\/figure>\n\n\n\n<figure class=\"wp-block-image size-full\"><img loading=\"lazy\" decoding=\"async\" width=\"770\" height=\"705\" sizes=\"auto, (max-width: 770px) 100vw, 770px\" src=\"https:\/\/www.chengjitoy.com\/wp-content\/uploads\/2025\/09\/details-of-Five-way-RC-spray-tank-12.webp\" alt=\"\" class=\"wp-image-3660\" srcset=\"https:\/\/www.chengjitoy.com\/wp-content\/uploads\/2025\/09\/details-of-Five-way-RC-spray-tank-12.webp 770w, https:\/\/www.chengjitoy.com\/wp-content\/uploads\/2025\/09\/details-of-Five-way-RC-spray-tank-12-300x275.webp 300w, https:\/\/www.chengjitoy.com\/wp-content\/uploads\/2025\/09\/details-of-Five-way-RC-spray-tank-12-768x703.webp 768w, https:\/\/www.chengjitoy.com\/wp-content\/uploads\/2025\/09\/details-of-Five-way-RC-spray-tank-12-13x12.webp 13w, https:\/\/www.chengjitoy.com\/wp-content\/uploads\/2025\/09\/details-of-Five-way-RC-spray-tank-12-600x549.webp 600w\" \/><\/figure>\n<\/div>\n\n\n\n<div class=\"wp-block-column is-layout-flow wp-block-column-is-layout-flow\" style=\"flex-basis:33.33%\"><\/div>\n<\/div>","protected":false},"excerpt":{"rendered":"<p>Gro\u00dfhandel RC Spritzpanzer. Dieser ferngesteuerte Spr\u00fchpanzer bietet ein realistisches milit\u00e4risches Erlebnis f\u00fcr Kinder mit Zwei-Spieler-Kampf und realistischen Wassernebel-Effekten. Unterst\u00fctzte Massenbeschaffung. Holen Sie sich Ihr Angebot jetzt!<\/p>\n<h2>Spezifikationen f\u00fcr RC-Spr\u00fchbeh\u00e4lter\u00a0<\/h2>\n<table style=\"border-collapse: collapse; width: 343.52pt;\" border=\"0\" width=\"458\" cellspacing=\"0\" cellpadding=\"0\">\n<tbody>\n<tr style=\"height: 19.50pt;\">\n<td class=\"et2\" style=\"height: 19.50pt; width: 133.75pt;\" width=\"178\" height=\"26\">Artikel Nr.:<\/td>\n<td class=\"et3\" style=\"width: 210.00pt;\" width=\"280\">CJ-4056429<\/td>\n<\/tr>\n<tr style=\"height: 20.25pt;\">\n<td class=\"et4\" style=\"height: 20.25pt; width: 133.75pt;\" width=\"178\" height=\"27\">Paket:<\/td>\n<td class=\"et5\" style=\"width: 210.00pt;\" width=\"280\">FENSTERKASTEN<\/td>\n<\/tr>\n<tr style=\"height: 19.50pt;\">\n<td class=\"et4\" style=\"height: 19.50pt; width: 133.75pt;\" width=\"178\" height=\"26\">Packungsgr\u00f6\u00dfe:<\/td>\n<td class=\"et5\" style=\"width: 210.00pt;\" width=\"280\">32*13*20CM<\/td>\n<\/tr>\n<tr style=\"height: 20.25pt;\">\n<td class=\"et4\" style=\"height: 20.25pt; width: 133.75pt;\" width=\"178\" height=\"27\">Kartongr\u00f6\u00dfe\uff1a<\/td>\n<td class=\"et5\" style=\"width: 210.00pt;\" width=\"280\">99*39.5*86CM<\/td>\n<\/tr>\n<tr style=\"height: 19.50pt;\">\n<td class=\"et4\" style=\"height: 19.50pt; width: 133.75pt;\" width=\"178\" height=\"26\">Q'ty\/Ctn:<\/td>\n<td class=\"et5\" style=\"width: 210.00pt;\" width=\"280\">36\/ST\u00dcCK<\/td>\n<\/tr>\n<tr style=\"height: 20.25pt;\">\n<td class=\"et4\" style=\"height: 20.25pt; width: 133.75pt;\" width=\"178\" height=\"27\">G.W.\/N.W.:<\/td>\n<td class=\"et5\" style=\"width: 210.00pt;\" width=\"280\">27\/24 KG<\/td>\n<\/tr>\n<tr style=\"height: 19.50pt;\">\n<td class=\"et4\" style=\"height: 19.50pt; width: 133.75pt;\" width=\"178\" height=\"26\">Messung:<\/td>\n<td class=\"et5\" style=\"width: 210.00pt;\" width=\"280\">0,34 CBM\u2019\/11,868 CUFT\u2019<\/td>\n<\/tr>\n<\/tbody>\n<\/table>\n<p>\n<script src=\"chrome-extension:\/\/fpelahbljekknahkcaegamhcndkfpfnc\/iFrame.js\" type=\"text\/javascript\"><\/script><\/p>","protected":false},"featured_media":3643,"comment_status":"closed","ping_status":"closed","template":"","meta":{"_acf_changed":true},"product_brand":[],"product_cat":[30,18,55],"product_tag":[],"class_list":{"0":"post-3642","1":"product","2":"type-product","3":"status-publish","4":"has-post-thumbnail","6":"product_cat-wholesale-toys-for-ages-3-and-up","7":"product_cat-wholesale-rc-toys","8":"product_cat-wholesale-rc-tanks","10":"first","11":"instock","12":"shipping-taxable","13":"product-type-simple"},"acf":[],"_links":{"self":[{"href":"https:\/\/www.chengjitoy.com\/de\/wp-json\/wp\/v2\/product\/3642","targetHints":{"allow":["GET"]}}],"collection":[{"href":"https:\/\/www.chengjitoy.com\/de\/wp-json\/wp\/v2\/product"}],"about":[{"href":"https:\/\/www.chengjitoy.com\/de\/wp-json\/wp\/v2\/types\/product"}],"replies":[{"embeddable":true,"href":"https:\/\/www.chengjitoy.com\/de\/wp-json\/wp\/v2\/comments?post=3642"}],"wp:featuredmedia":[{"embeddable":true,"href":"https:\/\/www.chengjitoy.com\/de\/wp-json\/wp\/v2\/media\/3643"}],"wp:attachment":[{"href":"https:\/\/www.chengjitoy.com\/de\/wp-json\/wp\/v2\/media?parent=3642"}],"wp:term":[{"taxonomy":"product_brand","embeddable":true,"href":"https:\/\/www.chengjitoy.com\/de\/wp-json\/wp\/v2\/product_brand?post=3642"},{"taxonomy":"product_cat","embeddable":true,"href":"https:\/\/www.chengjitoy.com\/de\/wp-json\/wp\/v2\/product_cat?post=3642"},{"taxonomy":"product_tag","embeddable":true,"href":"https:\/\/www.chengjitoy.com\/de\/wp-json\/wp\/v2\/product_tag?post=3642"}],"curies":[{"name":"wp","href":"https:\/\/api.w.org\/{rel}","templated":true}]}}