{"id":3976,"date":"2025-10-08T06:31:25","date_gmt":"2025-10-08T06:31:25","guid":{"rendered":"https:\/\/www.chengjitoy.com\/?post_type=product&#038;p=3976"},"modified":"2026-02-04T08:58:22","modified_gmt":"2026-02-04T08:58:22","slug":"bulk-6-in-1-solar-robot-kit-stem-toy","status":"publish","type":"product","link":"https:\/\/www.chengjitoy.com\/de\/product\/bulk-6-in-1-solar-robot-kit-stem-toy\/","title":{"rendered":"Bulk 6-in-1 Solar Roboter Spielzeug angetrieben durch Solarenergie f\u00fcr Kinder STEM Lernen"},"content":{"rendered":"<div class=\"wp-block-columns is-layout-flex wp-container-core-columns-is-layout-9d6595d7 wp-block-columns-is-layout-flex\">\n<div class=\"wp-block-column is-layout-flow wp-block-column-is-layout-flow\" style=\"flex-basis:66.66%\">\n<figure class=\"wp-block-image size-full\"><img loading=\"lazy\" decoding=\"async\" width=\"770\" height=\"935\" sizes=\"auto, (max-width: 770px) 100vw, 770px\" src=\"https:\/\/www.chengjitoy.com\/wp-content\/uploads\/2025\/09\/details-of-6-In-1-solar-robot-CJ-2312845-1.webp\" alt=\"\" class=\"wp-image-3984\" srcset=\"https:\/\/www.chengjitoy.com\/wp-content\/uploads\/2025\/09\/details-of-6-In-1-solar-robot-CJ-2312845-1.webp 770w, https:\/\/www.chengjitoy.com\/wp-content\/uploads\/2025\/09\/details-of-6-In-1-solar-robot-CJ-2312845-1-247x300.webp 247w, https:\/\/www.chengjitoy.com\/wp-content\/uploads\/2025\/09\/details-of-6-In-1-solar-robot-CJ-2312845-1-768x933.webp 768w, https:\/\/www.chengjitoy.com\/wp-content\/uploads\/2025\/09\/details-of-6-In-1-solar-robot-CJ-2312845-1-10x12.webp 10w, https:\/\/www.chengjitoy.com\/wp-content\/uploads\/2025\/09\/details-of-6-In-1-solar-robot-CJ-2312845-1-600x729.webp 600w\" \/><\/figure>\n\n\n\n<figure class=\"wp-block-image size-full\"><img loading=\"lazy\" decoding=\"async\" width=\"770\" height=\"770\" sizes=\"auto, (max-width: 770px) 100vw, 770px\" src=\"https:\/\/www.chengjitoy.com\/wp-content\/uploads\/2025\/09\/details-of-6-In-1-solar-robot-CJ-2312845-2.webp\" alt=\"\" class=\"wp-image-3985\" srcset=\"https:\/\/www.chengjitoy.com\/wp-content\/uploads\/2025\/09\/details-of-6-In-1-solar-robot-CJ-2312845-2.webp 770w, https:\/\/www.chengjitoy.com\/wp-content\/uploads\/2025\/09\/details-of-6-In-1-solar-robot-CJ-2312845-2-300x300.webp 300w, https:\/\/www.chengjitoy.com\/wp-content\/uploads\/2025\/09\/details-of-6-In-1-solar-robot-CJ-2312845-2-150x150.webp 150w, https:\/\/www.chengjitoy.com\/wp-content\/uploads\/2025\/09\/details-of-6-In-1-solar-robot-CJ-2312845-2-768x768.webp 768w, https:\/\/www.chengjitoy.com\/wp-content\/uploads\/2025\/09\/details-of-6-In-1-solar-robot-CJ-2312845-2-12x12.webp 12w, https:\/\/www.chengjitoy.com\/wp-content\/uploads\/2025\/09\/details-of-6-In-1-solar-robot-CJ-2312845-2-600x600.webp 600w, https:\/\/www.chengjitoy.com\/wp-content\/uploads\/2025\/09\/details-of-6-In-1-solar-robot-CJ-2312845-2-100x100.webp 100w\" \/><\/figure>\n\n\n\n<figure class=\"wp-block-image size-full\"><img loading=\"lazy\" decoding=\"async\" width=\"770\" height=\"685\" sizes=\"auto, (max-width: 770px) 100vw, 770px\" src=\"https:\/\/www.chengjitoy.com\/wp-content\/uploads\/2025\/09\/details-of-6-In-1-solar-robot-CJ-2312845-3.webp\" alt=\"\" class=\"wp-image-3986\" srcset=\"https:\/\/www.chengjitoy.com\/wp-content\/uploads\/2025\/09\/details-of-6-In-1-solar-robot-CJ-2312845-3.webp 770w, https:\/\/www.chengjitoy.com\/wp-content\/uploads\/2025\/09\/details-of-6-In-1-solar-robot-CJ-2312845-3-300x267.webp 300w, https:\/\/www.chengjitoy.com\/wp-content\/uploads\/2025\/09\/details-of-6-In-1-solar-robot-CJ-2312845-3-768x683.webp 768w, https:\/\/www.chengjitoy.com\/wp-content\/uploads\/2025\/09\/details-of-6-In-1-solar-robot-CJ-2312845-3-13x12.webp 13w, https:\/\/www.chengjitoy.com\/wp-content\/uploads\/2025\/09\/details-of-6-In-1-solar-robot-CJ-2312845-3-600x534.webp 600w\" \/><\/figure>\n\n\n\n<figure class=\"wp-block-image size-full\"><img loading=\"lazy\" decoding=\"async\" width=\"770\" height=\"751\" sizes=\"auto, (max-width: 770px) 100vw, 770px\" src=\"https:\/\/www.chengjitoy.com\/wp-content\/uploads\/2025\/09\/details-of-6-In-1-solar-robot-CJ-2312845-4.webp\" alt=\"\" class=\"wp-image-3987\" srcset=\"https:\/\/www.chengjitoy.com\/wp-content\/uploads\/2025\/09\/details-of-6-In-1-solar-robot-CJ-2312845-4.webp 770w, https:\/\/www.chengjitoy.com\/wp-content\/uploads\/2025\/09\/details-of-6-In-1-solar-robot-CJ-2312845-4-300x293.webp 300w, https:\/\/www.chengjitoy.com\/wp-content\/uploads\/2025\/09\/details-of-6-In-1-solar-robot-CJ-2312845-4-768x749.webp 768w, https:\/\/www.chengjitoy.com\/wp-content\/uploads\/2025\/09\/details-of-6-In-1-solar-robot-CJ-2312845-4-12x12.webp 12w, https:\/\/www.chengjitoy.com\/wp-content\/uploads\/2025\/09\/details-of-6-In-1-solar-robot-CJ-2312845-4-600x585.webp 600w\" \/><\/figure>\n\n\n\n<figure class=\"wp-block-image size-full\"><img loading=\"lazy\" decoding=\"async\" width=\"770\" height=\"815\" sizes=\"auto, (max-width: 770px) 100vw, 770px\" src=\"https:\/\/www.chengjitoy.com\/wp-content\/uploads\/2025\/09\/details-of-6-In-1-solar-robot-CJ-2312845-5.webp\" alt=\"\" class=\"wp-image-3988\" srcset=\"https:\/\/www.chengjitoy.com\/wp-content\/uploads\/2025\/09\/details-of-6-In-1-solar-robot-CJ-2312845-5.webp 770w, https:\/\/www.chengjitoy.com\/wp-content\/uploads\/2025\/09\/details-of-6-In-1-solar-robot-CJ-2312845-5-283x300.webp 283w, https:\/\/www.chengjitoy.com\/wp-content\/uploads\/2025\/09\/details-of-6-In-1-solar-robot-CJ-2312845-5-768x813.webp 768w, https:\/\/www.chengjitoy.com\/wp-content\/uploads\/2025\/09\/details-of-6-In-1-solar-robot-CJ-2312845-5-11x12.webp 11w, https:\/\/www.chengjitoy.com\/wp-content\/uploads\/2025\/09\/details-of-6-In-1-solar-robot-CJ-2312845-5-600x635.webp 600w\" \/><\/figure>\n\n\n\n<figure class=\"wp-block-image size-full\"><img loading=\"lazy\" decoding=\"async\" width=\"770\" height=\"595\" sizes=\"auto, (max-width: 770px) 100vw, 770px\" src=\"https:\/\/www.chengjitoy.com\/wp-content\/uploads\/2025\/09\/details-of-6-In-1-solar-robot-CJ-2312845-6.webp\" alt=\"\" class=\"wp-image-3989\" srcset=\"https:\/\/www.chengjitoy.com\/wp-content\/uploads\/2025\/09\/details-of-6-In-1-solar-robot-CJ-2312845-6.webp 770w, https:\/\/www.chengjitoy.com\/wp-content\/uploads\/2025\/09\/details-of-6-In-1-solar-robot-CJ-2312845-6-300x232.webp 300w, https:\/\/www.chengjitoy.com\/wp-content\/uploads\/2025\/09\/details-of-6-In-1-solar-robot-CJ-2312845-6-768x593.webp 768w, https:\/\/www.chengjitoy.com\/wp-content\/uploads\/2025\/09\/details-of-6-In-1-solar-robot-CJ-2312845-6-16x12.webp 16w, https:\/\/www.chengjitoy.com\/wp-content\/uploads\/2025\/09\/details-of-6-In-1-solar-robot-CJ-2312845-6-600x464.webp 600w\" \/><\/figure>\n<\/div>\n\n\n\n<div class=\"wp-block-column is-layout-flow wp-block-column-is-layout-flow\" style=\"flex-basis:33.33%\"><\/div>\n<\/div>","protected":false},"excerpt":{"rendered":"<p>6-in-1-Solarroboter-Bausatz im Gro\u00dfpack! Dieses Spielzeug wird mit Sonnenenergie betrieben und ben\u00f6tigt keine Batterien. Es geh\u00f6rt zur Kategorie der STEM-Lernspielzeuge, die zuk\u00fcnftige Ingenieure inspirieren und endlosen Spa\u00df bieten. Kontaktieren Sie uns jetzt f\u00fcr Gro\u00dfhandelspreise!<\/p>\n<h2>Technische Daten des 6-in-1-Solar-Bobot\u00a0<\/h2>\n<table style=\"border-collapse: collapse; width: 343.52pt;\" border=\"0\" width=\"458\" cellspacing=\"0\" cellpadding=\"0\">\n<tbody>\n<tr style=\"height: 19.50pt;\">\n<td class=\"et2\" style=\"height: 19.50pt; width: 133.75pt;\" width=\"178\" height=\"26\">Artikel Nr.:<\/td>\n<td class=\"et3\" style=\"width: 210.00pt;\" width=\"280\">CJ-2312845<\/td>\n<\/tr>\n<tr style=\"height: 20.25pt;\">\n<td class=\"et4\" style=\"height: 20.25pt; width: 133.75pt;\" width=\"178\" height=\"27\">Paket:<\/td>\n<td class=\"et5\" style=\"width: 210.00pt;\" width=\"280\">Farbkasten<\/td>\n<\/tr>\n<tr style=\"height: 19.50pt;\">\n<td class=\"et4\" style=\"height: 19.50pt; width: 133.75pt;\" width=\"178\" height=\"26\">Packungsgr\u00f6\u00dfe:<\/td>\n<td class=\"et6\" style=\"width: 210.00pt;\" width=\"280\">24,1*6,6*21,5CM<\/td>\n<\/tr>\n<tr style=\"height: 20.25pt;\">\n<td class=\"et4\" style=\"height: 20.25pt; width: 133.75pt;\" width=\"178\" height=\"27\">Kartongr\u00f6\u00dfe\uff1a<\/td>\n<td class=\"et6\" style=\"width: 210.00pt;\" width=\"280\">75.5*43*86CM<\/td>\n<\/tr>\n<tr style=\"height: 19.50pt;\">\n<td class=\"et4\" style=\"height: 19.50pt; width: 133.75pt;\" width=\"178\" height=\"26\">Q'ty\/Ctn:<\/td>\n<td class=\"et6\" style=\"width: 210.00pt;\" width=\"280\">72\/ST\u00dcCK<\/td>\n<\/tr>\n<tr style=\"height: 20.25pt;\">\n<td class=\"et4\" style=\"height: 20.25pt; width: 133.75pt;\" width=\"178\" height=\"27\">G.W.\/N.W.:<\/td>\n<td class=\"et6\" style=\"width: 210.00pt;\" width=\"280\">26,1\/22,1 KG<\/td>\n<\/tr>\n<tr style=\"height: 19.50pt;\">\n<td class=\"et4\" style=\"height: 19.50pt; width: 133.75pt;\" width=\"178\" height=\"26\">Messung:<\/td>\n<td class=\"et6\" style=\"width: 210.00pt;\" width=\"280\">0,28 CBM'\/9,85 CUFT'<\/td>\n<\/tr>\n<\/tbody>\n<\/table>","protected":false},"featured_media":3977,"comment_status":"closed","ping_status":"closed","template":"","meta":{"_acf_changed":true},"product_brand":[],"product_cat":[28,97,98,110,26],"product_tag":[],"class_list":{"0":"post-3976","1":"product","2":"type-product","3":"status-publish","4":"has-post-thumbnail","6":"product_cat-wholesale-toys-for-ages-8-and-up","7":"product_cat-wholesale-powered-toys","8":"product_cat-wholesale-robot-toys","9":"product_cat-wholesale-solar-powered-toys","10":"product_cat-wholesale-toys-for-all-ages","12":"first","13":"instock","14":"shipping-taxable","15":"product-type-simple"},"acf":[],"_links":{"self":[{"href":"https:\/\/www.chengjitoy.com\/de\/wp-json\/wp\/v2\/product\/3976","targetHints":{"allow":["GET"]}}],"collection":[{"href":"https:\/\/www.chengjitoy.com\/de\/wp-json\/wp\/v2\/product"}],"about":[{"href":"https:\/\/www.chengjitoy.com\/de\/wp-json\/wp\/v2\/types\/product"}],"replies":[{"embeddable":true,"href":"https:\/\/www.chengjitoy.com\/de\/wp-json\/wp\/v2\/comments?post=3976"}],"wp:featuredmedia":[{"embeddable":true,"href":"https:\/\/www.chengjitoy.com\/de\/wp-json\/wp\/v2\/media\/3977"}],"wp:attachment":[{"href":"https:\/\/www.chengjitoy.com\/de\/wp-json\/wp\/v2\/media?parent=3976"}],"wp:term":[{"taxonomy":"product_brand","embeddable":true,"href":"https:\/\/www.chengjitoy.com\/de\/wp-json\/wp\/v2\/product_brand?post=3976"},{"taxonomy":"product_cat","embeddable":true,"href":"https:\/\/www.chengjitoy.com\/de\/wp-json\/wp\/v2\/product_cat?post=3976"},{"taxonomy":"product_tag","embeddable":true,"href":"https:\/\/www.chengjitoy.com\/de\/wp-json\/wp\/v2\/product_tag?post=3976"}],"curies":[{"name":"wp","href":"https:\/\/api.w.org\/{rel}","templated":true}]}}