{"id":4006,"date":"2025-10-08T06:47:35","date_gmt":"2025-10-08T06:47:35","guid":{"rendered":"https:\/\/www.chengjitoy.com\/?post_type=product&#038;p=4006"},"modified":"2026-02-05T03:22:47","modified_gmt":"2026-02-05T03:22:47","slug":"wholesale-space-bed-bell-starry-effect","status":"publish","type":"product","link":"https:\/\/www.chengjitoy.com\/de\/product\/wholesale-space-bed-bell-starry-effect\/","title":{"rendered":"Gro\u00dfhandel Beruhigendes Raum-Bettgl\u00f6ckchen mit Sternenprojektion, Musik und drehbarem Anh\u00e4nger"},"content":{"rendered":"<div class=\"wp-block-columns is-layout-flex wp-container-core-columns-is-layout-9d6595d7 wp-block-columns-is-layout-flex\">\n<div class=\"wp-block-column is-layout-flow wp-block-column-is-layout-flow\" style=\"flex-basis:66.66%\">\n<figure class=\"wp-block-image size-full\"><img loading=\"lazy\" decoding=\"async\" width=\"770\" height=\"1675\" sizes=\"auto, (max-width: 770px) 100vw, 770px\" src=\"https:\/\/www.chengjitoy.com\/wp-content\/uploads\/2025\/09\/details-of-RC-space-eight-key-bed-bell-CJ-4118887-1.webp\" alt=\"\" class=\"wp-image-4014\" srcset=\"https:\/\/www.chengjitoy.com\/wp-content\/uploads\/2025\/09\/details-of-RC-space-eight-key-bed-bell-CJ-4118887-1.webp 770w, https:\/\/www.chengjitoy.com\/wp-content\/uploads\/2025\/09\/details-of-RC-space-eight-key-bed-bell-CJ-4118887-1-138x300.webp 138w, https:\/\/www.chengjitoy.com\/wp-content\/uploads\/2025\/09\/details-of-RC-space-eight-key-bed-bell-CJ-4118887-1-768x1671.webp 768w, https:\/\/www.chengjitoy.com\/wp-content\/uploads\/2025\/09\/details-of-RC-space-eight-key-bed-bell-CJ-4118887-1-6x12.webp 6w, https:\/\/www.chengjitoy.com\/wp-content\/uploads\/2025\/09\/details-of-RC-space-eight-key-bed-bell-CJ-4118887-1-600x1305.webp 600w\" \/><\/figure>\n\n\n\n<figure class=\"wp-block-image size-full\"><img loading=\"lazy\" decoding=\"async\" width=\"770\" height=\"2118\" sizes=\"auto, (max-width: 770px) 100vw, 770px\" src=\"https:\/\/www.chengjitoy.com\/wp-content\/uploads\/2025\/09\/details-of-RC-space-eight-key-bed-bell-CJ-4118887-2.webp\" alt=\"\" class=\"wp-image-4015\" srcset=\"https:\/\/www.chengjitoy.com\/wp-content\/uploads\/2025\/09\/details-of-RC-space-eight-key-bed-bell-CJ-4118887-2.webp 770w, https:\/\/www.chengjitoy.com\/wp-content\/uploads\/2025\/09\/details-of-RC-space-eight-key-bed-bell-CJ-4118887-2-109x300.webp 109w, https:\/\/www.chengjitoy.com\/wp-content\/uploads\/2025\/09\/details-of-RC-space-eight-key-bed-bell-CJ-4118887-2-768x2112.webp 768w, https:\/\/www.chengjitoy.com\/wp-content\/uploads\/2025\/09\/details-of-RC-space-eight-key-bed-bell-CJ-4118887-2-4x12.webp 4w, https:\/\/www.chengjitoy.com\/wp-content\/uploads\/2025\/09\/details-of-RC-space-eight-key-bed-bell-CJ-4118887-2-600x1650.webp 600w\" \/><\/figure>\n\n\n\n<figure class=\"wp-block-image size-full\"><img loading=\"lazy\" decoding=\"async\" width=\"770\" height=\"1661\" sizes=\"auto, (max-width: 770px) 100vw, 770px\" src=\"https:\/\/www.chengjitoy.com\/wp-content\/uploads\/2025\/09\/details-of-RC-space-eight-key-bed-bell-CJ-4118887-3.webp\" alt=\"\" class=\"wp-image-4016\" srcset=\"https:\/\/www.chengjitoy.com\/wp-content\/uploads\/2025\/09\/details-of-RC-space-eight-key-bed-bell-CJ-4118887-3.webp 770w, https:\/\/www.chengjitoy.com\/wp-content\/uploads\/2025\/09\/details-of-RC-space-eight-key-bed-bell-CJ-4118887-3-139x300.webp 139w, https:\/\/www.chengjitoy.com\/wp-content\/uploads\/2025\/09\/details-of-RC-space-eight-key-bed-bell-CJ-4118887-3-768x1657.webp 768w, https:\/\/www.chengjitoy.com\/wp-content\/uploads\/2025\/09\/details-of-RC-space-eight-key-bed-bell-CJ-4118887-3-6x12.webp 6w, https:\/\/www.chengjitoy.com\/wp-content\/uploads\/2025\/09\/details-of-RC-space-eight-key-bed-bell-CJ-4118887-3-600x1294.webp 600w\" \/><\/figure>\n\n\n\n<figure class=\"wp-block-image size-full\"><img loading=\"lazy\" decoding=\"async\" width=\"770\" height=\"1483\" sizes=\"auto, (max-width: 770px) 100vw, 770px\" src=\"https:\/\/www.chengjitoy.com\/wp-content\/uploads\/2025\/09\/details-of-RC-space-eight-key-bed-bell-CJ-4118887-4.webp\" alt=\"\" class=\"wp-image-4017\" srcset=\"https:\/\/www.chengjitoy.com\/wp-content\/uploads\/2025\/09\/details-of-RC-space-eight-key-bed-bell-CJ-4118887-4.webp 770w, https:\/\/www.chengjitoy.com\/wp-content\/uploads\/2025\/09\/details-of-RC-space-eight-key-bed-bell-CJ-4118887-4-156x300.webp 156w, https:\/\/www.chengjitoy.com\/wp-content\/uploads\/2025\/09\/details-of-RC-space-eight-key-bed-bell-CJ-4118887-4-768x1479.webp 768w, https:\/\/www.chengjitoy.com\/wp-content\/uploads\/2025\/09\/details-of-RC-space-eight-key-bed-bell-CJ-4118887-4-6x12.webp 6w, https:\/\/www.chengjitoy.com\/wp-content\/uploads\/2025\/09\/details-of-RC-space-eight-key-bed-bell-CJ-4118887-4-600x1156.webp 600w\" \/><\/figure>\n\n\n\n<figure class=\"wp-block-image size-full\"><img loading=\"lazy\" decoding=\"async\" width=\"770\" height=\"2004\" sizes=\"auto, (max-width: 770px) 100vw, 770px\" src=\"https:\/\/www.chengjitoy.com\/wp-content\/uploads\/2025\/09\/details-of-RC-space-eight-key-bed-bell-CJ-4118887-5.webp\" alt=\"\" class=\"wp-image-4018\" srcset=\"https:\/\/www.chengjitoy.com\/wp-content\/uploads\/2025\/09\/details-of-RC-space-eight-key-bed-bell-CJ-4118887-5.webp 770w, https:\/\/www.chengjitoy.com\/wp-content\/uploads\/2025\/09\/details-of-RC-space-eight-key-bed-bell-CJ-4118887-5-115x300.webp 115w, https:\/\/www.chengjitoy.com\/wp-content\/uploads\/2025\/09\/details-of-RC-space-eight-key-bed-bell-CJ-4118887-5-768x1999.webp 768w, https:\/\/www.chengjitoy.com\/wp-content\/uploads\/2025\/09\/details-of-RC-space-eight-key-bed-bell-CJ-4118887-5-5x12.webp 5w, https:\/\/www.chengjitoy.com\/wp-content\/uploads\/2025\/09\/details-of-RC-space-eight-key-bed-bell-CJ-4118887-5-600x1562.webp 600w\" \/><\/figure>\n\n\n\n<figure class=\"wp-block-image size-full\"><img loading=\"lazy\" decoding=\"async\" width=\"770\" height=\"1929\" sizes=\"auto, (max-width: 770px) 100vw, 770px\" src=\"https:\/\/www.chengjitoy.com\/wp-content\/uploads\/2025\/09\/details-of-RC-space-eight-key-bed-bell-CJ-4118887-6.webp\" alt=\"\" class=\"wp-image-4019\" srcset=\"https:\/\/www.chengjitoy.com\/wp-content\/uploads\/2025\/09\/details-of-RC-space-eight-key-bed-bell-CJ-4118887-6.webp 770w, https:\/\/www.chengjitoy.com\/wp-content\/uploads\/2025\/09\/details-of-RC-space-eight-key-bed-bell-CJ-4118887-6-120x300.webp 120w, https:\/\/www.chengjitoy.com\/wp-content\/uploads\/2025\/09\/details-of-RC-space-eight-key-bed-bell-CJ-4118887-6-768x1924.webp 768w, https:\/\/www.chengjitoy.com\/wp-content\/uploads\/2025\/09\/details-of-RC-space-eight-key-bed-bell-CJ-4118887-6-5x12.webp 5w, https:\/\/www.chengjitoy.com\/wp-content\/uploads\/2025\/09\/details-of-RC-space-eight-key-bed-bell-CJ-4118887-6-600x1503.webp 600w\" \/><\/figure>\n\n\n\n<figure class=\"wp-block-image size-full\"><img loading=\"lazy\" decoding=\"async\" width=\"770\" height=\"2031\" sizes=\"auto, (max-width: 770px) 100vw, 770px\" src=\"https:\/\/www.chengjitoy.com\/wp-content\/uploads\/2025\/09\/details-of-RC-space-eight-key-bed-bell-CJ-4118887-7.webp\" alt=\"\" class=\"wp-image-4020\" srcset=\"https:\/\/www.chengjitoy.com\/wp-content\/uploads\/2025\/09\/details-of-RC-space-eight-key-bed-bell-CJ-4118887-7.webp 770w, https:\/\/www.chengjitoy.com\/wp-content\/uploads\/2025\/09\/details-of-RC-space-eight-key-bed-bell-CJ-4118887-7-114x300.webp 114w, https:\/\/www.chengjitoy.com\/wp-content\/uploads\/2025\/09\/details-of-RC-space-eight-key-bed-bell-CJ-4118887-7-768x2026.webp 768w, https:\/\/www.chengjitoy.com\/wp-content\/uploads\/2025\/09\/details-of-RC-space-eight-key-bed-bell-CJ-4118887-7-5x12.webp 5w, https:\/\/www.chengjitoy.com\/wp-content\/uploads\/2025\/09\/details-of-RC-space-eight-key-bed-bell-CJ-4118887-7-600x1583.webp 600w\" \/><\/figure>\n\n\n\n<figure class=\"wp-block-image size-full\"><img loading=\"lazy\" decoding=\"async\" width=\"770\" height=\"1779\" sizes=\"auto, (max-width: 770px) 100vw, 770px\" src=\"https:\/\/www.chengjitoy.com\/wp-content\/uploads\/2025\/09\/details-of-RC-space-eight-key-bed-bell-CJ-4118887-8.webp\" alt=\"\" class=\"wp-image-4021\" srcset=\"https:\/\/www.chengjitoy.com\/wp-content\/uploads\/2025\/09\/details-of-RC-space-eight-key-bed-bell-CJ-4118887-8.webp 770w, https:\/\/www.chengjitoy.com\/wp-content\/uploads\/2025\/09\/details-of-RC-space-eight-key-bed-bell-CJ-4118887-8-130x300.webp 130w, https:\/\/www.chengjitoy.com\/wp-content\/uploads\/2025\/09\/details-of-RC-space-eight-key-bed-bell-CJ-4118887-8-768x1774.webp 768w, https:\/\/www.chengjitoy.com\/wp-content\/uploads\/2025\/09\/details-of-RC-space-eight-key-bed-bell-CJ-4118887-8-5x12.webp 5w, https:\/\/www.chengjitoy.com\/wp-content\/uploads\/2025\/09\/details-of-RC-space-eight-key-bed-bell-CJ-4118887-8-600x1386.webp 600w\" \/><\/figure>\n\n\n\n<figure class=\"wp-block-image size-full\"><img loading=\"lazy\" decoding=\"async\" width=\"770\" height=\"1596\" sizes=\"auto, (max-width: 770px) 100vw, 770px\" src=\"https:\/\/www.chengjitoy.com\/wp-content\/uploads\/2025\/09\/details-of-RC-space-eight-key-bed-bell-CJ-4118887-9.webp\" alt=\"\" class=\"wp-image-4022\" srcset=\"https:\/\/www.chengjitoy.com\/wp-content\/uploads\/2025\/09\/details-of-RC-space-eight-key-bed-bell-CJ-4118887-9.webp 770w, https:\/\/www.chengjitoy.com\/wp-content\/uploads\/2025\/09\/details-of-RC-space-eight-key-bed-bell-CJ-4118887-9-145x300.webp 145w, https:\/\/www.chengjitoy.com\/wp-content\/uploads\/2025\/09\/details-of-RC-space-eight-key-bed-bell-CJ-4118887-9-768x1592.webp 768w, https:\/\/www.chengjitoy.com\/wp-content\/uploads\/2025\/09\/details-of-RC-space-eight-key-bed-bell-CJ-4118887-9-6x12.webp 6w, https:\/\/www.chengjitoy.com\/wp-content\/uploads\/2025\/09\/details-of-RC-space-eight-key-bed-bell-CJ-4118887-9-600x1244.webp 600w\" \/><\/figure>\n\n\n\n<figure class=\"wp-block-image size-full\"><img loading=\"lazy\" decoding=\"async\" width=\"770\" height=\"1537\" sizes=\"auto, (max-width: 770px) 100vw, 770px\" src=\"https:\/\/www.chengjitoy.com\/wp-content\/uploads\/2025\/09\/details-of-RC-space-eight-key-bed-bell-CJ-4118887-10.webp\" alt=\"\" class=\"wp-image-4023\" srcset=\"https:\/\/www.chengjitoy.com\/wp-content\/uploads\/2025\/09\/details-of-RC-space-eight-key-bed-bell-CJ-4118887-10.webp 770w, https:\/\/www.chengjitoy.com\/wp-content\/uploads\/2025\/09\/details-of-RC-space-eight-key-bed-bell-CJ-4118887-10-150x300.webp 150w, https:\/\/www.chengjitoy.com\/wp-content\/uploads\/2025\/09\/details-of-RC-space-eight-key-bed-bell-CJ-4118887-10-768x1533.webp 768w, https:\/\/www.chengjitoy.com\/wp-content\/uploads\/2025\/09\/details-of-RC-space-eight-key-bed-bell-CJ-4118887-10-6x12.webp 6w, https:\/\/www.chengjitoy.com\/wp-content\/uploads\/2025\/09\/details-of-RC-space-eight-key-bed-bell-CJ-4118887-10-600x1198.webp 600w\" \/><\/figure>\n\n\n\n<figure class=\"wp-block-image size-full\"><img loading=\"lazy\" decoding=\"async\" width=\"770\" height=\"579\" sizes=\"auto, (max-width: 770px) 100vw, 770px\" src=\"https:\/\/www.chengjitoy.com\/wp-content\/uploads\/2025\/09\/details-of-RC-space-eight-key-bed-bell-CJ-4118887-11.webp\" alt=\"\" class=\"wp-image-4024\" srcset=\"https:\/\/www.chengjitoy.com\/wp-content\/uploads\/2025\/09\/details-of-RC-space-eight-key-bed-bell-CJ-4118887-11.webp 770w, https:\/\/www.chengjitoy.com\/wp-content\/uploads\/2025\/09\/details-of-RC-space-eight-key-bed-bell-CJ-4118887-11-300x226.webp 300w, https:\/\/www.chengjitoy.com\/wp-content\/uploads\/2025\/09\/details-of-RC-space-eight-key-bed-bell-CJ-4118887-11-768x577.webp 768w, https:\/\/www.chengjitoy.com\/wp-content\/uploads\/2025\/09\/details-of-RC-space-eight-key-bed-bell-CJ-4118887-11-16x12.webp 16w, https:\/\/www.chengjitoy.com\/wp-content\/uploads\/2025\/09\/details-of-RC-space-eight-key-bed-bell-CJ-4118887-11-600x451.webp 600w\" \/><\/figure>\n\n\n\n<figure class=\"wp-block-image size-full\"><img loading=\"lazy\" decoding=\"async\" width=\"770\" height=\"1504\" sizes=\"auto, (max-width: 770px) 100vw, 770px\" src=\"https:\/\/www.chengjitoy.com\/wp-content\/uploads\/2025\/09\/details-of-RC-space-eight-key-bed-bell-CJ-4118887-12.webp\" alt=\"\" class=\"wp-image-4025\" srcset=\"https:\/\/www.chengjitoy.com\/wp-content\/uploads\/2025\/09\/details-of-RC-space-eight-key-bed-bell-CJ-4118887-12.webp 770w, https:\/\/www.chengjitoy.com\/wp-content\/uploads\/2025\/09\/details-of-RC-space-eight-key-bed-bell-CJ-4118887-12-154x300.webp 154w, https:\/\/www.chengjitoy.com\/wp-content\/uploads\/2025\/09\/details-of-RC-space-eight-key-bed-bell-CJ-4118887-12-768x1500.webp 768w, https:\/\/www.chengjitoy.com\/wp-content\/uploads\/2025\/09\/details-of-RC-space-eight-key-bed-bell-CJ-4118887-12-6x12.webp 6w, https:\/\/www.chengjitoy.com\/wp-content\/uploads\/2025\/09\/details-of-RC-space-eight-key-bed-bell-CJ-4118887-12-600x1172.webp 600w\" \/><\/figure>\n<\/div>\n\n\n\n<div class=\"wp-block-column is-layout-flow wp-block-column-is-layout-flow\" style=\"flex-basis:33.33%\"><\/div>\n<\/div>","protected":false},"excerpt":{"rendered":"<p>Gro\u00dfhandel Weltraum-Thema Bettglocke mit Sternenprojektion &amp; 8 beruhigende Funktionen! 360\u00b0 drehbarer Anh\u00e4nger, Timer-Abschaltung, perfektes Baby-Geschenk. Unterst\u00fctzt Gro\u00dfeinkauf. Jetzt ein Angebot einholen!<\/p>\n<h2>Technische Daten des RC Space Bed Bell\u00a0<\/h2>\n<table style=\"border-collapse: collapse; width: 343.52pt;\" border=\"0\" width=\"458\" cellspacing=\"0\" cellpadding=\"0\">\n<tbody>\n<tr style=\"height: 19.50pt;\">\n<td class=\"et2\" style=\"height: 19.50pt; width: 133.75pt;\" width=\"178\" height=\"26\">Artikel Nr.:<\/td>\n<td class=\"et3\" style=\"width: 210.00pt;\" width=\"280\">CJ-4118887<\/td>\n<\/tr>\n<tr style=\"height: 20.25pt;\">\n<td class=\"et4\" style=\"height: 20.25pt; width: 133.75pt;\" width=\"178\" height=\"27\">Paket:<\/td>\n<td class=\"et5\" style=\"width: 210.00pt;\" width=\"280\">Farbkasten<\/td>\n<\/tr>\n<tr style=\"height: 19.50pt;\">\n<td class=\"et4\" style=\"height: 19.50pt; width: 133.75pt;\" width=\"178\" height=\"26\">Packungsgr\u00f6\u00dfe:<\/td>\n<td class=\"et5\" style=\"width: 210.00pt;\" width=\"280\">35 \u00d7 14,5 \u00d7 33,5 cm<\/td>\n<\/tr>\n<tr style=\"height: 20.25pt;\">\n<td class=\"et4\" style=\"height: 20.25pt; width: 133.75pt;\" width=\"178\" height=\"27\">Kartongr\u00f6\u00dfe\uff1a<\/td>\n<td class=\"et5\" style=\"width: 210.00pt;\" width=\"280\">71 \u00d7 48 \u00d7 77 cm<\/td>\n<\/tr>\n<tr style=\"height: 19.50pt;\">\n<td class=\"et4\" style=\"height: 19.50pt; width: 133.75pt;\" width=\"178\" height=\"26\">Q'ty\/Ctn:<\/td>\n<td class=\"et5\" style=\"width: 210.00pt;\" width=\"280\">12\/ST\u00dcCK<\/td>\n<\/tr>\n<tr style=\"height: 20.25pt;\">\n<td class=\"et4\" style=\"height: 20.25pt; width: 133.75pt;\" width=\"178\" height=\"27\">G.W.\/N.W.:<\/td>\n<td class=\"et5\" style=\"width: 210.00pt;\" width=\"280\">27,3\/24 kg<\/td>\n<\/tr>\n<tr style=\"height: 19.50pt;\">\n<td class=\"et4\" style=\"height: 19.50pt; width: 133.75pt;\" width=\"178\" height=\"26\">Messung:<\/td>\n<td class=\"et5\" style=\"width: 210.00pt;\" width=\"280\">0,26 CBM\/9,26 CUFT\u2019<\/td>\n<\/tr>\n<\/tbody>\n<\/table>\n<p><script src=\"chrome-extension:\/\/fpelahbljekknahkcaegamhcndkfpfnc\/iFrame.js\" type=\"text\/javascript\"><\/script><\/p>\n<p>\n<script src=\"chrome-extension:\/\/fpelahbljekknahkcaegamhcndkfpfnc\/iFrame.js\" type=\"text\/javascript\"><\/script><\/p>","protected":false},"featured_media":4007,"comment_status":"closed","ping_status":"closed","template":"","meta":{"_acf_changed":false},"product_brand":[],"product_cat":[25,29,37,26],"product_tag":[],"class_list":{"0":"post-4006","1":"product","2":"type-product","3":"status-publish","4":"has-post-thumbnail","6":"product_cat-wholesale-baby-toys","7":"product_cat-wholesale-toys-for-0-24-months","8":"product_cat-wholesale-baby-mobiles","9":"product_cat-wholesale-toys-for-all-ages","11":"first","12":"instock","13":"shipping-taxable","14":"product-type-simple"},"acf":[],"_links":{"self":[{"href":"https:\/\/www.chengjitoy.com\/de\/wp-json\/wp\/v2\/product\/4006","targetHints":{"allow":["GET"]}}],"collection":[{"href":"https:\/\/www.chengjitoy.com\/de\/wp-json\/wp\/v2\/product"}],"about":[{"href":"https:\/\/www.chengjitoy.com\/de\/wp-json\/wp\/v2\/types\/product"}],"replies":[{"embeddable":true,"href":"https:\/\/www.chengjitoy.com\/de\/wp-json\/wp\/v2\/comments?post=4006"}],"wp:featuredmedia":[{"embeddable":true,"href":"https:\/\/www.chengjitoy.com\/de\/wp-json\/wp\/v2\/media\/4007"}],"wp:attachment":[{"href":"https:\/\/www.chengjitoy.com\/de\/wp-json\/wp\/v2\/media?parent=4006"}],"wp:term":[{"taxonomy":"product_brand","embeddable":true,"href":"https:\/\/www.chengjitoy.com\/de\/wp-json\/wp\/v2\/product_brand?post=4006"},{"taxonomy":"product_cat","embeddable":true,"href":"https:\/\/www.chengjitoy.com\/de\/wp-json\/wp\/v2\/product_cat?post=4006"},{"taxonomy":"product_tag","embeddable":true,"href":"https:\/\/www.chengjitoy.com\/de\/wp-json\/wp\/v2\/product_tag?post=4006"}],"curies":[{"name":"wp","href":"https:\/\/api.w.org\/{rel}","templated":true}]}}