{"id":4441,"date":"2025-10-21T23:27:06","date_gmt":"2025-10-21T23:27:06","guid":{"rendered":"https:\/\/www.chengjitoy.com\/?post_type=product&#038;p=4441"},"modified":"2025-10-21T23:27:11","modified_gmt":"2025-10-21T23:27:11","slug":"wholesale-music-soothes-plush-toys","status":"publish","type":"product","link":"https:\/\/www.chengjitoy.com\/de\/product\/wholesale-music-soothes-plush-toys\/","title":{"rendered":"Gro\u00dfhandel Musik beruhigt Pl\u00fcsch Spielzeug innerhalb Starry Projektion, wei\u00dfes Rauschen, Musik-Schleife, Stimme IC abnehmbar f\u00fcr die Reinigung - Babys Spielzeug"},"content":{"rendered":"<div class=\"wp-block-columns is-layout-flex wp-container-core-columns-is-layout-9d6595d7 wp-block-columns-is-layout-flex\">\n<div class=\"wp-block-column is-layout-flow wp-block-column-is-layout-flow\" style=\"flex-basis:66.66%\">\n<figure class=\"wp-block-image size-full\"><img loading=\"lazy\" decoding=\"async\" width=\"770\" height=\"1251\" sizes=\"auto, (max-width: 770px) 100vw, 770px\" src=\"https:\/\/www.chengjitoy.com\/wp-content\/uploads\/2025\/10\/details-of-Intelligent-lighting-music-soothes-plush-toy-fox-1.webp\" alt=\"\" class=\"wp-image-4448\" srcset=\"https:\/\/www.chengjitoy.com\/wp-content\/uploads\/2025\/10\/details-of-Intelligent-lighting-music-soothes-plush-toy-fox-1.webp 770w, https:\/\/www.chengjitoy.com\/wp-content\/uploads\/2025\/10\/details-of-Intelligent-lighting-music-soothes-plush-toy-fox-1-185x300.webp 185w, https:\/\/www.chengjitoy.com\/wp-content\/uploads\/2025\/10\/details-of-Intelligent-lighting-music-soothes-plush-toy-fox-1-768x1248.webp 768w, https:\/\/www.chengjitoy.com\/wp-content\/uploads\/2025\/10\/details-of-Intelligent-lighting-music-soothes-plush-toy-fox-1-7x12.webp 7w, https:\/\/www.chengjitoy.com\/wp-content\/uploads\/2025\/10\/details-of-Intelligent-lighting-music-soothes-plush-toy-fox-1-600x975.webp 600w\" \/><\/figure>\n\n\n\n<figure class=\"wp-block-image size-full\"><img loading=\"lazy\" decoding=\"async\" width=\"770\" height=\"1470\" sizes=\"auto, (max-width: 770px) 100vw, 770px\" src=\"https:\/\/www.chengjitoy.com\/wp-content\/uploads\/2025\/10\/details-of-Intelligent-lighting-music-soothes-plush-toy-fox-2.webp\" alt=\"\" class=\"wp-image-4449\" srcset=\"https:\/\/www.chengjitoy.com\/wp-content\/uploads\/2025\/10\/details-of-Intelligent-lighting-music-soothes-plush-toy-fox-2.webp 770w, https:\/\/www.chengjitoy.com\/wp-content\/uploads\/2025\/10\/details-of-Intelligent-lighting-music-soothes-plush-toy-fox-2-157x300.webp 157w, https:\/\/www.chengjitoy.com\/wp-content\/uploads\/2025\/10\/details-of-Intelligent-lighting-music-soothes-plush-toy-fox-2-768x1466.webp 768w, https:\/\/www.chengjitoy.com\/wp-content\/uploads\/2025\/10\/details-of-Intelligent-lighting-music-soothes-plush-toy-fox-2-6x12.webp 6w, https:\/\/www.chengjitoy.com\/wp-content\/uploads\/2025\/10\/details-of-Intelligent-lighting-music-soothes-plush-toy-fox-2-600x1145.webp 600w\" \/><\/figure>\n\n\n\n<figure class=\"wp-block-image size-full\"><img loading=\"lazy\" decoding=\"async\" width=\"770\" height=\"1547\" sizes=\"auto, (max-width: 770px) 100vw, 770px\" src=\"https:\/\/www.chengjitoy.com\/wp-content\/uploads\/2025\/10\/details-of-Intelligent-lighting-music-soothes-plush-toy-fox-3.webp\" alt=\"\" class=\"wp-image-4450\" srcset=\"https:\/\/www.chengjitoy.com\/wp-content\/uploads\/2025\/10\/details-of-Intelligent-lighting-music-soothes-plush-toy-fox-3.webp 770w, https:\/\/www.chengjitoy.com\/wp-content\/uploads\/2025\/10\/details-of-Intelligent-lighting-music-soothes-plush-toy-fox-3-149x300.webp 149w, https:\/\/www.chengjitoy.com\/wp-content\/uploads\/2025\/10\/details-of-Intelligent-lighting-music-soothes-plush-toy-fox-3-768x1543.webp 768w, https:\/\/www.chengjitoy.com\/wp-content\/uploads\/2025\/10\/details-of-Intelligent-lighting-music-soothes-plush-toy-fox-3-6x12.webp 6w, https:\/\/www.chengjitoy.com\/wp-content\/uploads\/2025\/10\/details-of-Intelligent-lighting-music-soothes-plush-toy-fox-3-600x1205.webp 600w\" \/><\/figure>\n\n\n\n<figure class=\"wp-block-image size-full\"><img loading=\"lazy\" decoding=\"async\" width=\"770\" height=\"1309\" sizes=\"auto, (max-width: 770px) 100vw, 770px\" src=\"https:\/\/www.chengjitoy.com\/wp-content\/uploads\/2025\/10\/details-of-Intelligent-lighting-music-soothes-plush-toy-fox-4.webp\" alt=\"\" class=\"wp-image-4451\" srcset=\"https:\/\/www.chengjitoy.com\/wp-content\/uploads\/2025\/10\/details-of-Intelligent-lighting-music-soothes-plush-toy-fox-4.webp 770w, https:\/\/www.chengjitoy.com\/wp-content\/uploads\/2025\/10\/details-of-Intelligent-lighting-music-soothes-plush-toy-fox-4-176x300.webp 176w, https:\/\/www.chengjitoy.com\/wp-content\/uploads\/2025\/10\/details-of-Intelligent-lighting-music-soothes-plush-toy-fox-4-768x1306.webp 768w, https:\/\/www.chengjitoy.com\/wp-content\/uploads\/2025\/10\/details-of-Intelligent-lighting-music-soothes-plush-toy-fox-4-7x12.webp 7w, https:\/\/www.chengjitoy.com\/wp-content\/uploads\/2025\/10\/details-of-Intelligent-lighting-music-soothes-plush-toy-fox-4-600x1020.webp 600w\" \/><\/figure>\n\n\n\n<figure class=\"wp-block-image size-full\"><img loading=\"lazy\" decoding=\"async\" width=\"770\" height=\"1257\" sizes=\"auto, (max-width: 770px) 100vw, 770px\" src=\"https:\/\/www.chengjitoy.com\/wp-content\/uploads\/2025\/10\/details-of-Intelligent-lighting-music-soothes-plush-toy-fox-5.webp\" alt=\"\" class=\"wp-image-4452\" srcset=\"https:\/\/www.chengjitoy.com\/wp-content\/uploads\/2025\/10\/details-of-Intelligent-lighting-music-soothes-plush-toy-fox-5.webp 770w, https:\/\/www.chengjitoy.com\/wp-content\/uploads\/2025\/10\/details-of-Intelligent-lighting-music-soothes-plush-toy-fox-5-184x300.webp 184w, https:\/\/www.chengjitoy.com\/wp-content\/uploads\/2025\/10\/details-of-Intelligent-lighting-music-soothes-plush-toy-fox-5-768x1254.webp 768w, https:\/\/www.chengjitoy.com\/wp-content\/uploads\/2025\/10\/details-of-Intelligent-lighting-music-soothes-plush-toy-fox-5-7x12.webp 7w, https:\/\/www.chengjitoy.com\/wp-content\/uploads\/2025\/10\/details-of-Intelligent-lighting-music-soothes-plush-toy-fox-5-600x979.webp 600w\" \/><\/figure>\n\n\n\n<figure class=\"wp-block-image size-full\"><img loading=\"lazy\" decoding=\"async\" width=\"770\" height=\"1420\" sizes=\"auto, (max-width: 770px) 100vw, 770px\" src=\"https:\/\/www.chengjitoy.com\/wp-content\/uploads\/2025\/10\/details-of-Intelligent-lighting-music-soothes-plush-toy-fox-6.webp\" alt=\"\" class=\"wp-image-4453\" srcset=\"https:\/\/www.chengjitoy.com\/wp-content\/uploads\/2025\/10\/details-of-Intelligent-lighting-music-soothes-plush-toy-fox-6.webp 770w, https:\/\/www.chengjitoy.com\/wp-content\/uploads\/2025\/10\/details-of-Intelligent-lighting-music-soothes-plush-toy-fox-6-163x300.webp 163w, https:\/\/www.chengjitoy.com\/wp-content\/uploads\/2025\/10\/details-of-Intelligent-lighting-music-soothes-plush-toy-fox-6-768x1416.webp 768w, https:\/\/www.chengjitoy.com\/wp-content\/uploads\/2025\/10\/details-of-Intelligent-lighting-music-soothes-plush-toy-fox-6-7x12.webp 7w, https:\/\/www.chengjitoy.com\/wp-content\/uploads\/2025\/10\/details-of-Intelligent-lighting-music-soothes-plush-toy-fox-6-600x1106.webp 600w\" \/><\/figure>\n\n\n\n<figure class=\"wp-block-image size-full\"><img loading=\"lazy\" decoding=\"async\" width=\"770\" height=\"819\" sizes=\"auto, (max-width: 770px) 100vw, 770px\" src=\"https:\/\/www.chengjitoy.com\/wp-content\/uploads\/2025\/10\/details-of-Intelligent-lighting-music-soothes-plush-toy-fox-7.webp\" alt=\"\" class=\"wp-image-4454\" srcset=\"https:\/\/www.chengjitoy.com\/wp-content\/uploads\/2025\/10\/details-of-Intelligent-lighting-music-soothes-plush-toy-fox-7.webp 770w, https:\/\/www.chengjitoy.com\/wp-content\/uploads\/2025\/10\/details-of-Intelligent-lighting-music-soothes-plush-toy-fox-7-282x300.webp 282w, https:\/\/www.chengjitoy.com\/wp-content\/uploads\/2025\/10\/details-of-Intelligent-lighting-music-soothes-plush-toy-fox-7-768x817.webp 768w, https:\/\/www.chengjitoy.com\/wp-content\/uploads\/2025\/10\/details-of-Intelligent-lighting-music-soothes-plush-toy-fox-7-11x12.webp 11w, https:\/\/www.chengjitoy.com\/wp-content\/uploads\/2025\/10\/details-of-Intelligent-lighting-music-soothes-plush-toy-fox-7-600x638.webp 600w\" \/><\/figure>\n\n\n\n<figure class=\"wp-block-image size-full\"><img loading=\"lazy\" decoding=\"async\" width=\"770\" height=\"1921\" sizes=\"auto, (max-width: 770px) 100vw, 770px\" src=\"https:\/\/www.chengjitoy.com\/wp-content\/uploads\/2025\/10\/details-of-Intelligent-lighting-music-soothes-plush-toy-fox-8.webp\" alt=\"\" class=\"wp-image-4455\" srcset=\"https:\/\/www.chengjitoy.com\/wp-content\/uploads\/2025\/10\/details-of-Intelligent-lighting-music-soothes-plush-toy-fox-8.webp 770w, https:\/\/www.chengjitoy.com\/wp-content\/uploads\/2025\/10\/details-of-Intelligent-lighting-music-soothes-plush-toy-fox-8-120x300.webp 120w, https:\/\/www.chengjitoy.com\/wp-content\/uploads\/2025\/10\/details-of-Intelligent-lighting-music-soothes-plush-toy-fox-8-768x1916.webp 768w, https:\/\/www.chengjitoy.com\/wp-content\/uploads\/2025\/10\/details-of-Intelligent-lighting-music-soothes-plush-toy-fox-8-5x12.webp 5w, https:\/\/www.chengjitoy.com\/wp-content\/uploads\/2025\/10\/details-of-Intelligent-lighting-music-soothes-plush-toy-fox-8-600x1497.webp 600w\" \/><\/figure>\n<\/div>\n\n\n\n<div class=\"wp-block-column is-layout-flow wp-block-column-is-layout-flow\" style=\"flex-basis:33.33%\"><\/div>\n<\/div>","protected":false},"excerpt":{"rendered":"<p>Gro\u00dfhandel Musik bes\u00e4nftigt Pl\u00fcschtiere. Unser schlauer Pl\u00fcschfuchs enth\u00e4lt eine Sternenprojektion. Er kann auch beruhigende Musik spielen! 4 T\u00f6ne, wei\u00dfes Rauschen, waschbares Material, diese Eigenschaften machen ihn zu einem perfekten Schlafbegleiter f\u00fcr Babys. Gro\u00dfeinkauf ist m\u00f6glich. Kontaktieren Sie uns jetzt!<\/p>\n<h2>Spezifikationen f\u00fcr Musik beruhigt Pl\u00fcschtier<\/h2>\n<table style=\"border-collapse: collapse; width: 343.52pt;\" border=\"0\" width=\"458\" cellspacing=\"0\" cellpadding=\"0\">\n<tbody>\n<tr style=\"height: 19.50pt;\">\n<td class=\"et2\" style=\"height: 19.50pt; width: 133.75pt;\" width=\"178\" height=\"26\">Artikel Nr.:<\/td>\n<td class=\"et3\" style=\"width: 210.00pt;\" width=\"280\">CJ-4866236<\/td>\n<\/tr>\n<tr style=\"height: 20.25pt;\">\n<td class=\"et4\" style=\"height: 20.25pt; width: 133.75pt;\" width=\"178\" height=\"27\">Paket:<\/td>\n<td class=\"et5\" style=\"width: 210.00pt;\" width=\"280\">SCHAUKASTEN<\/td>\n<\/tr>\n<tr style=\"height: 19.50pt;\">\n<td class=\"et4\" style=\"height: 19.50pt; width: 133.75pt;\" width=\"178\" height=\"26\">Packungsgr\u00f6\u00dfe:<\/td>\n<td class=\"et5\" style=\"width: 210.00pt;\" width=\"280\">20*16*26CM<\/td>\n<\/tr>\n<tr style=\"height: 20.25pt;\">\n<td class=\"et4\" style=\"height: 20.25pt; width: 133.75pt;\" width=\"178\" height=\"27\">Kartongr\u00f6\u00dfe\uff1a<\/td>\n<td class=\"et5\" style=\"width: 210.00pt;\" width=\"280\">105*43*81CM<\/td>\n<\/tr>\n<tr style=\"height: 19.50pt;\">\n<td class=\"et4\" style=\"height: 19.50pt; width: 133.75pt;\" width=\"178\" height=\"26\">Q'ty\/Ctn:<\/td>\n<td class=\"et5\" style=\"width: 210.00pt;\" width=\"280\">48\/ST\u00dcCK<\/td>\n<\/tr>\n<tr style=\"height: 20.25pt;\">\n<td class=\"et4\" style=\"height: 20.25pt; width: 133.75pt;\" width=\"178\" height=\"27\">G.W.\/N.W.:<\/td>\n<td class=\"et5\" style=\"width: 210.00pt;\" width=\"280\">28\/26 KG<\/td>\n<\/tr>\n<tr style=\"height: 19.50pt;\">\n<td class=\"et4\" style=\"height: 19.50pt; width: 133.75pt;\" width=\"178\" height=\"26\">Messung:<\/td>\n<td class=\"et5\" style=\"width: 210.00pt;\" width=\"280\">0,37 CBM'\/12,9 CUFT'<\/td>\n<\/tr>\n<\/tbody>\n<\/table>\n<p>\n<script src=\"chrome-extension:\/\/fpelahbljekknahkcaegamhcndkfpfnc\/iFrame.js\" type=\"text\/javascript\"><\/script><\/p>","protected":false},"featured_media":4442,"comment_status":"closed","ping_status":"closed","template":"","meta":{"_acf_changed":false},"product_brand":[],"product_cat":[30,59,22,60,26],"product_tag":[],"class_list":{"0":"post-4441","1":"product","2":"type-product","3":"status-publish","4":"has-post-thumbnail","6":"product_cat-wholesale-toys-for-ages-3-and-up","7":"product_cat-wholesale-baby-dolls","8":"product_cat-wholesale-dolls-and-plush-toys","9":"product_cat-wholesale-plush-and-stuffed-dolls","10":"product_cat-wholesale-toys-for-all-ages","12":"first","13":"instock","14":"shipping-taxable","15":"product-type-simple"},"acf":[],"_links":{"self":[{"href":"https:\/\/www.chengjitoy.com\/de\/wp-json\/wp\/v2\/product\/4441","targetHints":{"allow":["GET"]}}],"collection":[{"href":"https:\/\/www.chengjitoy.com\/de\/wp-json\/wp\/v2\/product"}],"about":[{"href":"https:\/\/www.chengjitoy.com\/de\/wp-json\/wp\/v2\/types\/product"}],"replies":[{"embeddable":true,"href":"https:\/\/www.chengjitoy.com\/de\/wp-json\/wp\/v2\/comments?post=4441"}],"wp:featuredmedia":[{"embeddable":true,"href":"https:\/\/www.chengjitoy.com\/de\/wp-json\/wp\/v2\/media\/4442"}],"wp:attachment":[{"href":"https:\/\/www.chengjitoy.com\/de\/wp-json\/wp\/v2\/media?parent=4441"}],"wp:term":[{"taxonomy":"product_brand","embeddable":true,"href":"https:\/\/www.chengjitoy.com\/de\/wp-json\/wp\/v2\/product_brand?post=4441"},{"taxonomy":"product_cat","embeddable":true,"href":"https:\/\/www.chengjitoy.com\/de\/wp-json\/wp\/v2\/product_cat?post=4441"},{"taxonomy":"product_tag","embeddable":true,"href":"https:\/\/www.chengjitoy.com\/de\/wp-json\/wp\/v2\/product_tag?post=4441"}],"curies":[{"name":"wp","href":"https:\/\/api.w.org\/{rel}","templated":true}]}}