{"id":4670,"date":"2025-10-16T15:02:53","date_gmt":"2025-10-16T15:02:53","guid":{"rendered":"https:\/\/www.chengjitoy.com\/?post_type=product&#038;p=4670"},"modified":"2025-10-25T10:20:30","modified_gmt":"2025-10-25T10:20:30","slug":"wholesale-diy-magnetic-puzzle-track-toy","status":"publish","type":"product","link":"https:\/\/www.chengjitoy.com\/de\/product\/wholesale-diy-magnetic-puzzle-track-toy\/","title":{"rendered":"Gro\u00dfhandel DIY Magnetic Puzzle Track Toy, Track Toy Set"},"content":{"rendered":"<div class=\"wp-block-columns is-layout-flex wp-container-core-columns-is-layout-9d6595d7 wp-block-columns-is-layout-flex\">\n<div class=\"wp-block-column is-layout-flow wp-block-column-is-layout-flow\" style=\"flex-basis:66.66%\">\n<figure class=\"wp-block-image size-full\"><img loading=\"lazy\" decoding=\"async\" width=\"770\" height=\"1157\" sizes=\"auto, (max-width: 770px) 100vw, 770px\" src=\"https:\/\/www.chengjitoy.com\/wp-content\/uploads\/2025\/10\/details-of-magnetic-puzzle-track-1.webp\" alt=\"\" class=\"wp-image-5283\" srcset=\"https:\/\/www.chengjitoy.com\/wp-content\/uploads\/2025\/10\/details-of-magnetic-puzzle-track-1.webp 770w, https:\/\/www.chengjitoy.com\/wp-content\/uploads\/2025\/10\/details-of-magnetic-puzzle-track-1-200x300.webp 200w, https:\/\/www.chengjitoy.com\/wp-content\/uploads\/2025\/10\/details-of-magnetic-puzzle-track-1-768x1154.webp 768w, https:\/\/www.chengjitoy.com\/wp-content\/uploads\/2025\/10\/details-of-magnetic-puzzle-track-1-8x12.webp 8w, https:\/\/www.chengjitoy.com\/wp-content\/uploads\/2025\/10\/details-of-magnetic-puzzle-track-1-600x902.webp 600w\" \/><\/figure>\n\n\n\n<figure class=\"wp-block-image size-full\"><img loading=\"lazy\" decoding=\"async\" width=\"770\" height=\"1194\" sizes=\"auto, (max-width: 770px) 100vw, 770px\" src=\"https:\/\/www.chengjitoy.com\/wp-content\/uploads\/2025\/10\/details-of-magnetic-puzzle-track-2.webp\" alt=\"\" class=\"wp-image-5284\" srcset=\"https:\/\/www.chengjitoy.com\/wp-content\/uploads\/2025\/10\/details-of-magnetic-puzzle-track-2.webp 770w, https:\/\/www.chengjitoy.com\/wp-content\/uploads\/2025\/10\/details-of-magnetic-puzzle-track-2-193x300.webp 193w, https:\/\/www.chengjitoy.com\/wp-content\/uploads\/2025\/10\/details-of-magnetic-puzzle-track-2-768x1191.webp 768w, https:\/\/www.chengjitoy.com\/wp-content\/uploads\/2025\/10\/details-of-magnetic-puzzle-track-2-8x12.webp 8w, https:\/\/www.chengjitoy.com\/wp-content\/uploads\/2025\/10\/details-of-magnetic-puzzle-track-2-600x930.webp 600w\" \/><\/figure>\n\n\n\n<figure class=\"wp-block-image size-full\"><img loading=\"lazy\" decoding=\"async\" width=\"770\" height=\"708\" sizes=\"auto, (max-width: 770px) 100vw, 770px\" src=\"https:\/\/www.chengjitoy.com\/wp-content\/uploads\/2025\/10\/details-of-magnetic-puzzle-track-3.webp\" alt=\"\" class=\"wp-image-5285\" srcset=\"https:\/\/www.chengjitoy.com\/wp-content\/uploads\/2025\/10\/details-of-magnetic-puzzle-track-3.webp 770w, https:\/\/www.chengjitoy.com\/wp-content\/uploads\/2025\/10\/details-of-magnetic-puzzle-track-3-300x276.webp 300w, https:\/\/www.chengjitoy.com\/wp-content\/uploads\/2025\/10\/details-of-magnetic-puzzle-track-3-768x706.webp 768w, https:\/\/www.chengjitoy.com\/wp-content\/uploads\/2025\/10\/details-of-magnetic-puzzle-track-3-13x12.webp 13w, https:\/\/www.chengjitoy.com\/wp-content\/uploads\/2025\/10\/details-of-magnetic-puzzle-track-3-600x552.webp 600w\" \/><\/figure>\n\n\n\n<figure class=\"wp-block-image size-full\"><img loading=\"lazy\" decoding=\"async\" width=\"770\" height=\"1287\" sizes=\"auto, (max-width: 770px) 100vw, 770px\" src=\"https:\/\/www.chengjitoy.com\/wp-content\/uploads\/2025\/10\/details-of-magnetic-puzzle-track-4.webp\" alt=\"\" class=\"wp-image-5286\" srcset=\"https:\/\/www.chengjitoy.com\/wp-content\/uploads\/2025\/10\/details-of-magnetic-puzzle-track-4.webp 770w, https:\/\/www.chengjitoy.com\/wp-content\/uploads\/2025\/10\/details-of-magnetic-puzzle-track-4-179x300.webp 179w, https:\/\/www.chengjitoy.com\/wp-content\/uploads\/2025\/10\/details-of-magnetic-puzzle-track-4-768x1284.webp 768w, https:\/\/www.chengjitoy.com\/wp-content\/uploads\/2025\/10\/details-of-magnetic-puzzle-track-4-7x12.webp 7w, https:\/\/www.chengjitoy.com\/wp-content\/uploads\/2025\/10\/details-of-magnetic-puzzle-track-4-600x1003.webp 600w\" \/><\/figure>\n\n\n\n<figure class=\"wp-block-image size-full\"><img loading=\"lazy\" decoding=\"async\" width=\"770\" height=\"1208\" sizes=\"auto, (max-width: 770px) 100vw, 770px\" src=\"https:\/\/www.chengjitoy.com\/wp-content\/uploads\/2025\/10\/details-of-magnetic-puzzle-track-5.webp\" alt=\"\" class=\"wp-image-5287\" srcset=\"https:\/\/www.chengjitoy.com\/wp-content\/uploads\/2025\/10\/details-of-magnetic-puzzle-track-5.webp 770w, https:\/\/www.chengjitoy.com\/wp-content\/uploads\/2025\/10\/details-of-magnetic-puzzle-track-5-191x300.webp 191w, https:\/\/www.chengjitoy.com\/wp-content\/uploads\/2025\/10\/details-of-magnetic-puzzle-track-5-768x1205.webp 768w, https:\/\/www.chengjitoy.com\/wp-content\/uploads\/2025\/10\/details-of-magnetic-puzzle-track-5-8x12.webp 8w, https:\/\/www.chengjitoy.com\/wp-content\/uploads\/2025\/10\/details-of-magnetic-puzzle-track-5-600x941.webp 600w\" \/><\/figure>\n\n\n\n<figure class=\"wp-block-image size-full\"><img loading=\"lazy\" decoding=\"async\" width=\"770\" height=\"671\" sizes=\"auto, (max-width: 770px) 100vw, 770px\" src=\"https:\/\/www.chengjitoy.com\/wp-content\/uploads\/2025\/10\/details-of-magnetic-puzzle-track-6.webp\" alt=\"\" class=\"wp-image-5288\" srcset=\"https:\/\/www.chengjitoy.com\/wp-content\/uploads\/2025\/10\/details-of-magnetic-puzzle-track-6.webp 770w, https:\/\/www.chengjitoy.com\/wp-content\/uploads\/2025\/10\/details-of-magnetic-puzzle-track-6-300x261.webp 300w, https:\/\/www.chengjitoy.com\/wp-content\/uploads\/2025\/10\/details-of-magnetic-puzzle-track-6-768x669.webp 768w, https:\/\/www.chengjitoy.com\/wp-content\/uploads\/2025\/10\/details-of-magnetic-puzzle-track-6-14x12.webp 14w, https:\/\/www.chengjitoy.com\/wp-content\/uploads\/2025\/10\/details-of-magnetic-puzzle-track-6-600x523.webp 600w\" \/><\/figure>\n\n\n\n<figure class=\"wp-block-image size-full\"><img loading=\"lazy\" decoding=\"async\" width=\"770\" height=\"794\" sizes=\"auto, (max-width: 770px) 100vw, 770px\" src=\"https:\/\/www.chengjitoy.com\/wp-content\/uploads\/2025\/10\/details-of-magnetic-puzzle-track-7.webp\" alt=\"\" class=\"wp-image-5289\" srcset=\"https:\/\/www.chengjitoy.com\/wp-content\/uploads\/2025\/10\/details-of-magnetic-puzzle-track-7.webp 770w, https:\/\/www.chengjitoy.com\/wp-content\/uploads\/2025\/10\/details-of-magnetic-puzzle-track-7-291x300.webp 291w, https:\/\/www.chengjitoy.com\/wp-content\/uploads\/2025\/10\/details-of-magnetic-puzzle-track-7-768x792.webp 768w, https:\/\/www.chengjitoy.com\/wp-content\/uploads\/2025\/10\/details-of-magnetic-puzzle-track-7-12x12.webp 12w, https:\/\/www.chengjitoy.com\/wp-content\/uploads\/2025\/10\/details-of-magnetic-puzzle-track-7-600x619.webp 600w\" \/><\/figure>\n\n\n\n<figure class=\"wp-block-image size-full\"><img loading=\"lazy\" decoding=\"async\" width=\"770\" height=\"1168\" sizes=\"auto, (max-width: 770px) 100vw, 770px\" src=\"https:\/\/www.chengjitoy.com\/wp-content\/uploads\/2025\/10\/details-of-magnetic-puzzle-track-8.webp\" alt=\"\" class=\"wp-image-5290\" srcset=\"https:\/\/www.chengjitoy.com\/wp-content\/uploads\/2025\/10\/details-of-magnetic-puzzle-track-8.webp 770w, https:\/\/www.chengjitoy.com\/wp-content\/uploads\/2025\/10\/details-of-magnetic-puzzle-track-8-198x300.webp 198w, https:\/\/www.chengjitoy.com\/wp-content\/uploads\/2025\/10\/details-of-magnetic-puzzle-track-8-768x1165.webp 768w, https:\/\/www.chengjitoy.com\/wp-content\/uploads\/2025\/10\/details-of-magnetic-puzzle-track-8-8x12.webp 8w, https:\/\/www.chengjitoy.com\/wp-content\/uploads\/2025\/10\/details-of-magnetic-puzzle-track-8-600x910.webp 600w\" \/><\/figure>\n<\/div>\n\n\n\n<div class=\"wp-block-column is-layout-flow wp-block-column-is-layout-flow\" style=\"flex-basis:33.33%\"><\/div>\n<\/div>","protected":false},"excerpt":{"rendered":"<p>Gro\u00dfhandel magnetische R\u00e4tsel Spur Spielzeug. Dieses Spielzeug ist mit einem Elektroauto ausgestattet! Starke tetraedrische Magnete, mehrere Formen, glattes Gleiten, all dies bietet Ihren Kindern einen endlosen kreativen Bauspa\u00df. Gro\u00dfbestellung unterst\u00fctzt. Willkommen, um eine Bestellung aufzugeben!<\/p>\n<h2>Technische Daten der magnetischen Puzzlebahn<\/h2>\n<table style=\"border-collapse: collapse; width: 343.52pt;\" border=\"0\" width=\"458\" cellspacing=\"0\" cellpadding=\"0\">\n<tbody>\n<tr style=\"height: 19.50pt;\">\n<td class=\"et2\" style=\"height: 19.50pt; width: 133.75pt;\" width=\"178\" height=\"26\">Artikel Nr.:<\/td>\n<td class=\"et3\" style=\"width: 210.00pt;\" width=\"280\">CJ-4171083<\/td>\n<\/tr>\n<tr style=\"height: 20.25pt;\">\n<td class=\"et4\" style=\"height: 20.25pt; width: 133.75pt;\" width=\"178\" height=\"27\">Paket:<\/td>\n<td class=\"et5\" style=\"width: 210.00pt;\" width=\"280\">FENSTERKASTEN<\/td>\n<\/tr>\n<tr style=\"height: 19.50pt;\">\n<td class=\"et4\" style=\"height: 19.50pt; width: 133.75pt;\" width=\"178\" height=\"26\">Packungsgr\u00f6\u00dfe:<\/td>\n<td class=\"et5\" style=\"width: 210.00pt;\" width=\"280\">44*5.5*26.1CM<\/td>\n<\/tr>\n<tr style=\"height: 20.25pt;\">\n<td class=\"et4\" style=\"height: 20.25pt; width: 133.75pt;\" width=\"178\" height=\"27\">Kartongr\u00f6\u00dfe\uff1a<\/td>\n<td class=\"et5\" style=\"width: 210.00pt;\" width=\"280\">57*54*96CM<\/td>\n<\/tr>\n<tr style=\"height: 19.50pt;\">\n<td class=\"et4\" style=\"height: 19.50pt; width: 133.75pt;\" width=\"178\" height=\"26\">Q'ty\/Ctn:<\/td>\n<td class=\"et5\" style=\"width: 210.00pt;\" width=\"280\">36\/ST\u00dcCK<\/td>\n<\/tr>\n<tr style=\"height: 20.25pt;\">\n<td class=\"et4\" style=\"height: 20.25pt; width: 133.75pt;\" width=\"178\" height=\"27\">G.W.\/N.W.:<\/td>\n<td class=\"et5\" style=\"width: 210.00pt;\" width=\"280\">24.7\/21 KG<\/td>\n<\/tr>\n<tr style=\"height: 19.50pt;\">\n<td class=\"et4\" style=\"height: 19.50pt; width: 133.75pt;\" width=\"178\" height=\"26\">Messung:<\/td>\n<td class=\"et5\" style=\"width: 210.00pt;\" width=\"280\">0,3 CBM\u2019\/10,43 CUFT\u2019<\/td>\n<\/tr>\n<\/tbody>\n<\/table>\n<p><script src=\"chrome-extension:\/\/fpelahbljekknahkcaegamhcndkfpfnc\/iFrame.js\" type=\"text\/javascript\"><\/script><\/p>","protected":false},"featured_media":5275,"comment_status":"closed","ping_status":"closed","template":"","meta":{"_acf_changed":false},"product_brand":[],"product_cat":[30,94],"product_tag":[],"class_list":{"0":"post-4670","1":"product","2":"type-product","3":"status-publish","4":"has-post-thumbnail","6":"product_cat-wholesale-toys-for-ages-3-and-up","7":"product_cat-wholesale-track-toy-set","9":"first","10":"instock","11":"shipping-taxable","12":"product-type-simple"},"acf":[],"_links":{"self":[{"href":"https:\/\/www.chengjitoy.com\/de\/wp-json\/wp\/v2\/product\/4670","targetHints":{"allow":["GET"]}}],"collection":[{"href":"https:\/\/www.chengjitoy.com\/de\/wp-json\/wp\/v2\/product"}],"about":[{"href":"https:\/\/www.chengjitoy.com\/de\/wp-json\/wp\/v2\/types\/product"}],"replies":[{"embeddable":true,"href":"https:\/\/www.chengjitoy.com\/de\/wp-json\/wp\/v2\/comments?post=4670"}],"wp:featuredmedia":[{"embeddable":true,"href":"https:\/\/www.chengjitoy.com\/de\/wp-json\/wp\/v2\/media\/5275"}],"wp:attachment":[{"href":"https:\/\/www.chengjitoy.com\/de\/wp-json\/wp\/v2\/media?parent=4670"}],"wp:term":[{"taxonomy":"product_brand","embeddable":true,"href":"https:\/\/www.chengjitoy.com\/de\/wp-json\/wp\/v2\/product_brand?post=4670"},{"taxonomy":"product_cat","embeddable":true,"href":"https:\/\/www.chengjitoy.com\/de\/wp-json\/wp\/v2\/product_cat?post=4670"},{"taxonomy":"product_tag","embeddable":true,"href":"https:\/\/www.chengjitoy.com\/de\/wp-json\/wp\/v2\/product_tag?post=4670"}],"curies":[{"name":"wp","href":"https:\/\/api.w.org\/{rel}","templated":true}]}}