{"id":5004,"date":"2025-10-30T09:59:35","date_gmt":"2025-10-30T09:59:35","guid":{"rendered":"https:\/\/www.chengjitoy.com\/?post_type=product&#038;p=5004"},"modified":"2026-02-05T03:44:06","modified_gmt":"2026-02-05T03:44:06","slug":"wholesale-3-in-1-diy-track-excavator","status":"publish","type":"product","link":"https:\/\/www.chengjitoy.com\/de\/product\/wholesale-3-in-1-diy-track-excavator\/","title":{"rendered":"Wholesale 3-in-1 Track Excavator Toy, Engineering Vehicle &#8211; Educational Toy"},"content":{"rendered":"<div class=\"wp-block-columns is-layout-flex wp-container-core-columns-is-layout-9d6595d7 wp-block-columns-is-layout-flex\">\n<div class=\"wp-block-column is-layout-flow wp-block-column-is-layout-flow\" style=\"flex-basis:66.66%\">\n<figure class=\"wp-block-image size-full\"><img loading=\"lazy\" decoding=\"async\" width=\"770\" height=\"1509\" sizes=\"auto, (max-width: 770px) 100vw, 770px\" src=\"https:\/\/www.chengjitoy.com\/wp-content\/uploads\/2025\/10\/details-of-Track-disassembly-and-assembly-of-excavator-1.webp\" alt=\"\" class=\"wp-image-5013\" srcset=\"https:\/\/www.chengjitoy.com\/wp-content\/uploads\/2025\/10\/details-of-Track-disassembly-and-assembly-of-excavator-1.webp 770w, https:\/\/www.chengjitoy.com\/wp-content\/uploads\/2025\/10\/details-of-Track-disassembly-and-assembly-of-excavator-1-153x300.webp 153w, https:\/\/www.chengjitoy.com\/wp-content\/uploads\/2025\/10\/details-of-Track-disassembly-and-assembly-of-excavator-1-768x1505.webp 768w, https:\/\/www.chengjitoy.com\/wp-content\/uploads\/2025\/10\/details-of-Track-disassembly-and-assembly-of-excavator-1-6x12.webp 6w, https:\/\/www.chengjitoy.com\/wp-content\/uploads\/2025\/10\/details-of-Track-disassembly-and-assembly-of-excavator-1-600x1176.webp 600w\" \/><\/figure>\n\n\n\n<figure class=\"wp-block-image size-full\"><img loading=\"lazy\" decoding=\"async\" width=\"770\" height=\"1379\" sizes=\"auto, (max-width: 770px) 100vw, 770px\" src=\"https:\/\/www.chengjitoy.com\/wp-content\/uploads\/2025\/10\/details-of-Track-disassembly-and-assembly-of-excavator-2.webp\" alt=\"\" class=\"wp-image-5014\" srcset=\"https:\/\/www.chengjitoy.com\/wp-content\/uploads\/2025\/10\/details-of-Track-disassembly-and-assembly-of-excavator-2.webp 770w, https:\/\/www.chengjitoy.com\/wp-content\/uploads\/2025\/10\/details-of-Track-disassembly-and-assembly-of-excavator-2-168x300.webp 168w, https:\/\/www.chengjitoy.com\/wp-content\/uploads\/2025\/10\/details-of-Track-disassembly-and-assembly-of-excavator-2-768x1375.webp 768w, https:\/\/www.chengjitoy.com\/wp-content\/uploads\/2025\/10\/details-of-Track-disassembly-and-assembly-of-excavator-2-7x12.webp 7w, https:\/\/www.chengjitoy.com\/wp-content\/uploads\/2025\/10\/details-of-Track-disassembly-and-assembly-of-excavator-2-600x1075.webp 600w\" \/><\/figure>\n\n\n\n<figure class=\"wp-block-image size-full\"><img loading=\"lazy\" decoding=\"async\" width=\"770\" height=\"902\" sizes=\"auto, (max-width: 770px) 100vw, 770px\" src=\"https:\/\/www.chengjitoy.com\/wp-content\/uploads\/2025\/10\/details-of-Track-disassembly-and-assembly-of-excavator-3.webp\" alt=\"\" class=\"wp-image-5015\" srcset=\"https:\/\/www.chengjitoy.com\/wp-content\/uploads\/2025\/10\/details-of-Track-disassembly-and-assembly-of-excavator-3.webp 770w, https:\/\/www.chengjitoy.com\/wp-content\/uploads\/2025\/10\/details-of-Track-disassembly-and-assembly-of-excavator-3-256x300.webp 256w, https:\/\/www.chengjitoy.com\/wp-content\/uploads\/2025\/10\/details-of-Track-disassembly-and-assembly-of-excavator-3-768x900.webp 768w, https:\/\/www.chengjitoy.com\/wp-content\/uploads\/2025\/10\/details-of-Track-disassembly-and-assembly-of-excavator-3-10x12.webp 10w, https:\/\/www.chengjitoy.com\/wp-content\/uploads\/2025\/10\/details-of-Track-disassembly-and-assembly-of-excavator-3-600x703.webp 600w\" \/><\/figure>\n\n\n\n<figure class=\"wp-block-image size-full\"><img loading=\"lazy\" decoding=\"async\" width=\"770\" height=\"1106\" sizes=\"auto, (max-width: 770px) 100vw, 770px\" src=\"https:\/\/www.chengjitoy.com\/wp-content\/uploads\/2025\/10\/details-of-Track-disassembly-and-assembly-of-excavator-4.webp\" alt=\"\" class=\"wp-image-5016\" srcset=\"https:\/\/www.chengjitoy.com\/wp-content\/uploads\/2025\/10\/details-of-Track-disassembly-and-assembly-of-excavator-4.webp 770w, https:\/\/www.chengjitoy.com\/wp-content\/uploads\/2025\/10\/details-of-Track-disassembly-and-assembly-of-excavator-4-209x300.webp 209w, https:\/\/www.chengjitoy.com\/wp-content\/uploads\/2025\/10\/details-of-Track-disassembly-and-assembly-of-excavator-4-768x1103.webp 768w, https:\/\/www.chengjitoy.com\/wp-content\/uploads\/2025\/10\/details-of-Track-disassembly-and-assembly-of-excavator-4-8x12.webp 8w, https:\/\/www.chengjitoy.com\/wp-content\/uploads\/2025\/10\/details-of-Track-disassembly-and-assembly-of-excavator-4-600x862.webp 600w\" \/><\/figure>\n\n\n\n<figure class=\"wp-block-image size-full\"><img loading=\"lazy\" decoding=\"async\" width=\"770\" height=\"1191\" sizes=\"auto, (max-width: 770px) 100vw, 770px\" src=\"https:\/\/www.chengjitoy.com\/wp-content\/uploads\/2025\/10\/details-of-Track-disassembly-and-assembly-of-excavator-5.webp\" alt=\"\" class=\"wp-image-5017\" srcset=\"https:\/\/www.chengjitoy.com\/wp-content\/uploads\/2025\/10\/details-of-Track-disassembly-and-assembly-of-excavator-5.webp 770w, https:\/\/www.chengjitoy.com\/wp-content\/uploads\/2025\/10\/details-of-Track-disassembly-and-assembly-of-excavator-5-194x300.webp 194w, https:\/\/www.chengjitoy.com\/wp-content\/uploads\/2025\/10\/details-of-Track-disassembly-and-assembly-of-excavator-5-768x1188.webp 768w, https:\/\/www.chengjitoy.com\/wp-content\/uploads\/2025\/10\/details-of-Track-disassembly-and-assembly-of-excavator-5-8x12.webp 8w, https:\/\/www.chengjitoy.com\/wp-content\/uploads\/2025\/10\/details-of-Track-disassembly-and-assembly-of-excavator-5-600x928.webp 600w\" \/><\/figure>\n\n\n\n<figure class=\"wp-block-image size-full\"><img loading=\"lazy\" decoding=\"async\" width=\"770\" height=\"875\" sizes=\"auto, (max-width: 770px) 100vw, 770px\" src=\"https:\/\/www.chengjitoy.com\/wp-content\/uploads\/2025\/10\/details-of-Track-disassembly-and-assembly-of-excavator-6.webp\" alt=\"\" class=\"wp-image-5018\" srcset=\"https:\/\/www.chengjitoy.com\/wp-content\/uploads\/2025\/10\/details-of-Track-disassembly-and-assembly-of-excavator-6.webp 770w, https:\/\/www.chengjitoy.com\/wp-content\/uploads\/2025\/10\/details-of-Track-disassembly-and-assembly-of-excavator-6-264x300.webp 264w, https:\/\/www.chengjitoy.com\/wp-content\/uploads\/2025\/10\/details-of-Track-disassembly-and-assembly-of-excavator-6-768x873.webp 768w, https:\/\/www.chengjitoy.com\/wp-content\/uploads\/2025\/10\/details-of-Track-disassembly-and-assembly-of-excavator-6-11x12.webp 11w, https:\/\/www.chengjitoy.com\/wp-content\/uploads\/2025\/10\/details-of-Track-disassembly-and-assembly-of-excavator-6-600x682.webp 600w\" \/><\/figure>\n\n\n\n<figure class=\"wp-block-image size-full\"><img loading=\"lazy\" decoding=\"async\" width=\"770\" height=\"1808\" sizes=\"auto, (max-width: 770px) 100vw, 770px\" src=\"https:\/\/www.chengjitoy.com\/wp-content\/uploads\/2025\/10\/details-of-Track-disassembly-and-assembly-of-excavator-7.webp\" alt=\"\" class=\"wp-image-5019\" srcset=\"https:\/\/www.chengjitoy.com\/wp-content\/uploads\/2025\/10\/details-of-Track-disassembly-and-assembly-of-excavator-7.webp 770w, https:\/\/www.chengjitoy.com\/wp-content\/uploads\/2025\/10\/details-of-Track-disassembly-and-assembly-of-excavator-7-128x300.webp 128w, https:\/\/www.chengjitoy.com\/wp-content\/uploads\/2025\/10\/details-of-Track-disassembly-and-assembly-of-excavator-7-768x1803.webp 768w, https:\/\/www.chengjitoy.com\/wp-content\/uploads\/2025\/10\/details-of-Track-disassembly-and-assembly-of-excavator-7-5x12.webp 5w, https:\/\/www.chengjitoy.com\/wp-content\/uploads\/2025\/10\/details-of-Track-disassembly-and-assembly-of-excavator-7-600x1409.webp 600w\" \/><\/figure>\n<\/div>\n\n\n\n<div class=\"wp-block-column is-layout-flow wp-block-column-is-layout-flow\" style=\"flex-basis:33.33%\"><\/div>\n<\/div>\n\n\n\n<p><\/p>","protected":false},"excerpt":{"rendered":"<p>Gro\u00dfhandel 3-in-1-DIY-Ingenieursfahrzeug, Bagger, Turmdrehkran und Transporter! Mit Schraubendreher zum Selberbauen, transformierbarem Spielzeug, das zuk\u00fcnftige Ingenieure inspiriert. Gro\u00dfabnahme m\u00f6glich. Jetzt zum Fabrikpreis sichern!<\/p>\n<h2>Technische Daten des Spielzeug-Kettenbaggers<\/h2>\n<table style=\"border-collapse: collapse;width: 343.52pt\" border=\"0\" width=\"458\" cellspacing=\"0\" cellpadding=\"0\">\n<tbody>\n<tr style=\"height: 19.50pt\">\n<td class=\"et2\" style=\"height: 19.50pt;width: 133.75pt\" width=\"178\" height=\"26\">Artikel Nr.:<\/td>\n<td class=\"et3\" style=\"width: 210.00pt\" width=\"280\">CJ-2269465<\/td>\n<\/tr>\n<tr style=\"height: 20.25pt\">\n<td class=\"et4\" style=\"height: 20.25pt;width: 133.75pt\" width=\"178\" height=\"27\">Paket:<\/td>\n<td class=\"et5\" style=\"width: 210.00pt\" width=\"280\">FENSTERKASTEN<\/td>\n<\/tr>\n<tr style=\"height: 19.50pt\">\n<td class=\"et4\" style=\"height: 19.50pt;width: 133.75pt\" width=\"178\" height=\"26\">Packungsgr\u00f6\u00dfe:<\/td>\n<td class=\"et5\" style=\"width: 210.00pt\" width=\"280\">52,8 \u00d7 36 \u00d7 14,2 cm<\/td>\n<\/tr>\n<tr style=\"height: 20.25pt\">\n<td class=\"et4\" style=\"height: 20.25pt;width: 133.75pt\" width=\"178\" height=\"27\">Kartongr\u00f6\u00dfe\uff1a<\/td>\n<td class=\"et5\" style=\"width: 210.00pt\" width=\"280\">92 \u00d7 56 \u00d7 80 cm<\/td>\n<\/tr>\n<tr style=\"height: 19.50pt\">\n<td class=\"et4\" style=\"height: 19.50pt;width: 133.75pt\" width=\"178\" height=\"26\">Q'ty\/Ctn:<\/td>\n<td class=\"et5\" style=\"width: 210.00pt\" width=\"280\">12\/ST\u00dcCK<\/td>\n<\/tr>\n<tr style=\"height: 20.25pt\">\n<td class=\"et4\" style=\"height: 20.25pt;width: 133.75pt\" width=\"178\" height=\"27\">G.W.\/N.W.:<\/td>\n<td class=\"et5\" style=\"width: 210.00pt\" width=\"280\">24\/18,6 kg<\/td>\n<\/tr>\n<tr style=\"height: 19.50pt\">\n<td class=\"et4\" style=\"height: 19.50pt;width: 133.75pt\" width=\"178\" height=\"26\">Messung:<\/td>\n<td class=\"et5\" style=\"width: 210.00pt\" width=\"280\">0,41 Kubikmeter\/14,54 Kubikfu\u00df\u2019<\/td>\n<\/tr>\n<\/tbody>\n<\/table>","protected":false},"featured_media":5005,"comment_status":"closed","ping_status":"closed","template":"","meta":{"_acf_changed":true},"product_brand":[],"product_cat":[30,94,26],"product_tag":[],"class_list":{"0":"post-5004","1":"product","2":"type-product","3":"status-publish","4":"has-post-thumbnail","6":"product_cat-wholesale-toys-for-ages-3-and-up","7":"product_cat-wholesale-track-toy-set","8":"product_cat-wholesale-toys-for-all-ages","10":"first","11":"instock","12":"shipping-taxable","13":"product-type-simple"},"acf":[],"_links":{"self":[{"href":"https:\/\/www.chengjitoy.com\/de\/wp-json\/wp\/v2\/product\/5004","targetHints":{"allow":["GET"]}}],"collection":[{"href":"https:\/\/www.chengjitoy.com\/de\/wp-json\/wp\/v2\/product"}],"about":[{"href":"https:\/\/www.chengjitoy.com\/de\/wp-json\/wp\/v2\/types\/product"}],"replies":[{"embeddable":true,"href":"https:\/\/www.chengjitoy.com\/de\/wp-json\/wp\/v2\/comments?post=5004"}],"wp:featuredmedia":[{"embeddable":true,"href":"https:\/\/www.chengjitoy.com\/de\/wp-json\/wp\/v2\/media\/5005"}],"wp:attachment":[{"href":"https:\/\/www.chengjitoy.com\/de\/wp-json\/wp\/v2\/media?parent=5004"}],"wp:term":[{"taxonomy":"product_brand","embeddable":true,"href":"https:\/\/www.chengjitoy.com\/de\/wp-json\/wp\/v2\/product_brand?post=5004"},{"taxonomy":"product_cat","embeddable":true,"href":"https:\/\/www.chengjitoy.com\/de\/wp-json\/wp\/v2\/product_cat?post=5004"},{"taxonomy":"product_tag","embeddable":true,"href":"https:\/\/www.chengjitoy.com\/de\/wp-json\/wp\/v2\/product_tag?post=5004"}],"curies":[{"name":"wp","href":"https:\/\/api.w.org\/{rel}","templated":true}]}}