{"id":6060,"date":"2025-11-19T02:51:11","date_gmt":"2025-11-19T02:51:11","guid":{"rendered":"https:\/\/www.chengjitoy.com\/?post_type=product&#038;p=6060"},"modified":"2026-02-05T03:37:07","modified_gmt":"2026-02-05T03:37:07","slug":"wholesale-busy-ball-toys","status":"publish","type":"product","link":"https:\/\/www.chengjitoy.com\/de\/product\/wholesale-busy-ball-toys\/","title":{"rendered":"Gro\u00dfhandel Busy Ball Spielzeug - \u00dcbungen geh\u00f6ren Ziehen, Greifen, Einf\u00fcgen, Kneifen und Dr\u00fccken"},"content":{"rendered":"<div class=\"wp-block-columns is-layout-flex wp-container-core-columns-is-layout-9d6595d7 wp-block-columns-is-layout-flex\">\n<div class=\"wp-block-column is-layout-flow wp-block-column-is-layout-flow\" style=\"flex-basis:66.66%\">\n<figure class=\"wp-block-image size-full\"><img loading=\"lazy\" decoding=\"async\" width=\"770\" height=\"1366\" sizes=\"auto, (max-width: 770px) 100vw, 770px\" src=\"https:\/\/www.chengjitoy.com\/wp-content\/uploads\/2025\/11\/details-of-Busy-Ball-1.webp\" alt=\"\" class=\"wp-image-6068\" srcset=\"https:\/\/www.chengjitoy.com\/wp-content\/uploads\/2025\/11\/details-of-Busy-Ball-1.webp 770w, https:\/\/www.chengjitoy.com\/wp-content\/uploads\/2025\/11\/details-of-Busy-Ball-1-169x300.webp 169w, https:\/\/www.chengjitoy.com\/wp-content\/uploads\/2025\/11\/details-of-Busy-Ball-1-768x1362.webp 768w, https:\/\/www.chengjitoy.com\/wp-content\/uploads\/2025\/11\/details-of-Busy-Ball-1-7x12.webp 7w, https:\/\/www.chengjitoy.com\/wp-content\/uploads\/2025\/11\/details-of-Busy-Ball-1-600x1064.webp 600w\" \/><\/figure>\n\n\n\n<figure class=\"wp-block-image size-full\"><img loading=\"lazy\" decoding=\"async\" width=\"770\" height=\"1483\" sizes=\"auto, (max-width: 770px) 100vw, 770px\" src=\"https:\/\/www.chengjitoy.com\/wp-content\/uploads\/2025\/11\/details-of-Busy-Ball-2.webp\" alt=\"\" class=\"wp-image-6069\" srcset=\"https:\/\/www.chengjitoy.com\/wp-content\/uploads\/2025\/11\/details-of-Busy-Ball-2.webp 770w, https:\/\/www.chengjitoy.com\/wp-content\/uploads\/2025\/11\/details-of-Busy-Ball-2-156x300.webp 156w, https:\/\/www.chengjitoy.com\/wp-content\/uploads\/2025\/11\/details-of-Busy-Ball-2-768x1479.webp 768w, https:\/\/www.chengjitoy.com\/wp-content\/uploads\/2025\/11\/details-of-Busy-Ball-2-6x12.webp 6w, https:\/\/www.chengjitoy.com\/wp-content\/uploads\/2025\/11\/details-of-Busy-Ball-2-600x1156.webp 600w\" \/><\/figure>\n\n\n\n<figure class=\"wp-block-image size-full\"><img loading=\"lazy\" decoding=\"async\" width=\"770\" height=\"1098\" sizes=\"auto, (max-width: 770px) 100vw, 770px\" src=\"https:\/\/www.chengjitoy.com\/wp-content\/uploads\/2025\/11\/details-of-Busy-Ball-3.webp\" alt=\"\" class=\"wp-image-6070\" srcset=\"https:\/\/www.chengjitoy.com\/wp-content\/uploads\/2025\/11\/details-of-Busy-Ball-3.webp 770w, https:\/\/www.chengjitoy.com\/wp-content\/uploads\/2025\/11\/details-of-Busy-Ball-3-210x300.webp 210w, https:\/\/www.chengjitoy.com\/wp-content\/uploads\/2025\/11\/details-of-Busy-Ball-3-768x1095.webp 768w, https:\/\/www.chengjitoy.com\/wp-content\/uploads\/2025\/11\/details-of-Busy-Ball-3-8x12.webp 8w, https:\/\/www.chengjitoy.com\/wp-content\/uploads\/2025\/11\/details-of-Busy-Ball-3-600x856.webp 600w\" \/><\/figure>\n\n\n\n<figure class=\"wp-block-image size-full\"><img loading=\"lazy\" decoding=\"async\" width=\"770\" height=\"1568\" sizes=\"auto, (max-width: 770px) 100vw, 770px\" src=\"https:\/\/www.chengjitoy.com\/wp-content\/uploads\/2025\/11\/details-of-Busy-Ball-4.webp\" alt=\"\" class=\"wp-image-6071\" srcset=\"https:\/\/www.chengjitoy.com\/wp-content\/uploads\/2025\/11\/details-of-Busy-Ball-4.webp 770w, https:\/\/www.chengjitoy.com\/wp-content\/uploads\/2025\/11\/details-of-Busy-Ball-4-147x300.webp 147w, https:\/\/www.chengjitoy.com\/wp-content\/uploads\/2025\/11\/details-of-Busy-Ball-4-768x1564.webp 768w, https:\/\/www.chengjitoy.com\/wp-content\/uploads\/2025\/11\/details-of-Busy-Ball-4-6x12.webp 6w, https:\/\/www.chengjitoy.com\/wp-content\/uploads\/2025\/11\/details-of-Busy-Ball-4-600x1222.webp 600w\" \/><\/figure>\n\n\n\n<figure class=\"wp-block-image size-full\"><img loading=\"lazy\" decoding=\"async\" width=\"770\" height=\"1743\" sizes=\"auto, (max-width: 770px) 100vw, 770px\" src=\"https:\/\/www.chengjitoy.com\/wp-content\/uploads\/2025\/11\/details-of-Busy-Ball-5.webp\" alt=\"\" class=\"wp-image-6072\" srcset=\"https:\/\/www.chengjitoy.com\/wp-content\/uploads\/2025\/11\/details-of-Busy-Ball-5.webp 770w, https:\/\/www.chengjitoy.com\/wp-content\/uploads\/2025\/11\/details-of-Busy-Ball-5-133x300.webp 133w, https:\/\/www.chengjitoy.com\/wp-content\/uploads\/2025\/11\/details-of-Busy-Ball-5-768x1738.webp 768w, https:\/\/www.chengjitoy.com\/wp-content\/uploads\/2025\/11\/details-of-Busy-Ball-5-5x12.webp 5w, https:\/\/www.chengjitoy.com\/wp-content\/uploads\/2025\/11\/details-of-Busy-Ball-5-600x1358.webp 600w\" \/><\/figure>\n\n\n\n<figure class=\"wp-block-image size-full\"><img loading=\"lazy\" decoding=\"async\" width=\"770\" height=\"1513\" sizes=\"auto, (max-width: 770px) 100vw, 770px\" src=\"https:\/\/www.chengjitoy.com\/wp-content\/uploads\/2025\/11\/details-of-Busy-Ball-6.webp\" alt=\"\" class=\"wp-image-6073\" srcset=\"https:\/\/www.chengjitoy.com\/wp-content\/uploads\/2025\/11\/details-of-Busy-Ball-6.webp 770w, https:\/\/www.chengjitoy.com\/wp-content\/uploads\/2025\/11\/details-of-Busy-Ball-6-153x300.webp 153w, https:\/\/www.chengjitoy.com\/wp-content\/uploads\/2025\/11\/details-of-Busy-Ball-6-768x1509.webp 768w, https:\/\/www.chengjitoy.com\/wp-content\/uploads\/2025\/11\/details-of-Busy-Ball-6-6x12.webp 6w, https:\/\/www.chengjitoy.com\/wp-content\/uploads\/2025\/11\/details-of-Busy-Ball-6-600x1179.webp 600w\" \/><\/figure>\n\n\n\n<figure class=\"wp-block-image size-full\"><img loading=\"lazy\" decoding=\"async\" width=\"770\" height=\"1536\" sizes=\"auto, (max-width: 770px) 100vw, 770px\" src=\"https:\/\/www.chengjitoy.com\/wp-content\/uploads\/2025\/11\/details-of-Busy-Ball-7.webp\" alt=\"\" class=\"wp-image-6074\" srcset=\"https:\/\/www.chengjitoy.com\/wp-content\/uploads\/2025\/11\/details-of-Busy-Ball-7.webp 770w, https:\/\/www.chengjitoy.com\/wp-content\/uploads\/2025\/11\/details-of-Busy-Ball-7-150x300.webp 150w, https:\/\/www.chengjitoy.com\/wp-content\/uploads\/2025\/11\/details-of-Busy-Ball-7-768x1532.webp 768w, https:\/\/www.chengjitoy.com\/wp-content\/uploads\/2025\/11\/details-of-Busy-Ball-7-6x12.webp 6w, https:\/\/www.chengjitoy.com\/wp-content\/uploads\/2025\/11\/details-of-Busy-Ball-7-600x1197.webp 600w\" \/><\/figure>\n\n\n\n<figure class=\"wp-block-image size-full\"><img loading=\"lazy\" decoding=\"async\" width=\"770\" height=\"1625\" sizes=\"auto, (max-width: 770px) 100vw, 770px\" src=\"https:\/\/www.chengjitoy.com\/wp-content\/uploads\/2025\/11\/details-of-Busy-Ball-8.webp\" alt=\"\" class=\"wp-image-6075\" srcset=\"https:\/\/www.chengjitoy.com\/wp-content\/uploads\/2025\/11\/details-of-Busy-Ball-8.webp 770w, https:\/\/www.chengjitoy.com\/wp-content\/uploads\/2025\/11\/details-of-Busy-Ball-8-142x300.webp 142w, https:\/\/www.chengjitoy.com\/wp-content\/uploads\/2025\/11\/details-of-Busy-Ball-8-768x1621.webp 768w, https:\/\/www.chengjitoy.com\/wp-content\/uploads\/2025\/11\/details-of-Busy-Ball-8-6x12.webp 6w, https:\/\/www.chengjitoy.com\/wp-content\/uploads\/2025\/11\/details-of-Busy-Ball-8-600x1266.webp 600w\" \/><\/figure>\n\n\n\n<figure class=\"wp-block-image size-full\"><img loading=\"lazy\" decoding=\"async\" width=\"770\" height=\"973\" sizes=\"auto, (max-width: 770px) 100vw, 770px\" src=\"https:\/\/www.chengjitoy.com\/wp-content\/uploads\/2025\/11\/details-of-Busy-Ball-9.webp\" alt=\"\" class=\"wp-image-6076\" srcset=\"https:\/\/www.chengjitoy.com\/wp-content\/uploads\/2025\/11\/details-of-Busy-Ball-9.webp 770w, https:\/\/www.chengjitoy.com\/wp-content\/uploads\/2025\/11\/details-of-Busy-Ball-9-237x300.webp 237w, https:\/\/www.chengjitoy.com\/wp-content\/uploads\/2025\/11\/details-of-Busy-Ball-9-768x970.webp 768w, https:\/\/www.chengjitoy.com\/wp-content\/uploads\/2025\/11\/details-of-Busy-Ball-9-9x12.webp 9w, https:\/\/www.chengjitoy.com\/wp-content\/uploads\/2025\/11\/details-of-Busy-Ball-9-600x758.webp 600w\" \/><\/figure>\n\n\n\n<figure class=\"wp-block-image size-full\"><img loading=\"lazy\" decoding=\"async\" width=\"770\" height=\"1483\" sizes=\"auto, (max-width: 770px) 100vw, 770px\" src=\"https:\/\/www.chengjitoy.com\/wp-content\/uploads\/2025\/11\/details-of-Busy-Ball-10.webp\" alt=\"\" class=\"wp-image-6077\" srcset=\"https:\/\/www.chengjitoy.com\/wp-content\/uploads\/2025\/11\/details-of-Busy-Ball-10.webp 770w, https:\/\/www.chengjitoy.com\/wp-content\/uploads\/2025\/11\/details-of-Busy-Ball-10-156x300.webp 156w, https:\/\/www.chengjitoy.com\/wp-content\/uploads\/2025\/11\/details-of-Busy-Ball-10-768x1479.webp 768w, https:\/\/www.chengjitoy.com\/wp-content\/uploads\/2025\/11\/details-of-Busy-Ball-10-6x12.webp 6w, https:\/\/www.chengjitoy.com\/wp-content\/uploads\/2025\/11\/details-of-Busy-Ball-10-600x1156.webp 600w\" \/><\/figure>\n<\/div>\n\n\n\n<div class=\"wp-block-column is-layout-flow wp-block-column-is-layout-flow\" style=\"flex-basis:33.33%\"><\/div>\n<\/div>","protected":false},"excerpt":{"rendered":"<p>Dieses 6-in-1-Busy-Ball-Spielzeug ist f\u00fcr Kinder ab 3 Jahren geeignet! Er kombiniert mehrere interaktive Mechanismen wie Ziehen, Greifen, Einstecken, Zwicken und Dr\u00fccken, um reale Handlungen zu simulieren und Babys dabei zu helfen, wichtige allt\u00e4gliche F\u00e4higkeiten zu \u00fcben.<\/p>\n<h2>Spezifikationen von Busy Ball Toys<\/h2>\n<table style=\"border-collapse: collapse;width: 343.52pt\" border=\"0\" width=\"458\" cellspacing=\"0\" cellpadding=\"0\">\n<tbody>\n<tr style=\"height: 19.50pt\">\n<td class=\"et2\" style=\"height: 19.50pt;width: 133.75pt\" width=\"178\" height=\"26\">Artikel Nr.:<\/td>\n<td class=\"et3\" style=\"width: 210.00pt\" width=\"280\">CJ-4057010<\/td>\n<\/tr>\n<tr style=\"height: 20.25pt\">\n<td class=\"et4\" style=\"height: 20.25pt;width: 133.75pt\" width=\"178\" height=\"27\">Paket:<\/td>\n<td class=\"et5\" style=\"width: 210.00pt\" width=\"280\">FENSTERKASTEN<\/td>\n<\/tr>\n<tr style=\"height: 19.50pt\">\n<td class=\"et4\" style=\"height: 19.50pt;width: 133.75pt\" width=\"178\" height=\"26\">Packungsgr\u00f6\u00dfe:<\/td>\n<td class=\"et5\" style=\"width: 210.00pt\" width=\"280\">16,5*10,5*15,5CM<\/td>\n<\/tr>\n<tr style=\"height: 20.25pt\">\n<td class=\"et4\" style=\"height: 20.25pt;width: 133.75pt\" width=\"178\" height=\"27\">Kartongr\u00f6\u00dfe\uff1a<\/td>\n<td class=\"et5\" style=\"width: 210.00pt\" width=\"280\">67*51.5*65.5CM<\/td>\n<\/tr>\n<tr style=\"height: 19.50pt\">\n<td class=\"et4\" style=\"height: 19.50pt;width: 133.75pt\" width=\"178\" height=\"26\">Q'ty\/Ctn:<\/td>\n<td class=\"et5\" style=\"width: 210.00pt\" width=\"280\">72\/ST\u00dcCK<\/td>\n<\/tr>\n<tr style=\"height: 20.25pt\">\n<td class=\"et4\" style=\"height: 20.25pt;width: 133.75pt\" width=\"178\" height=\"27\">G.W.\/N.W.:<\/td>\n<td class=\"et5\" style=\"width: 210.00pt\" width=\"280\">18\/16,5 KG<\/td>\n<\/tr>\n<tr style=\"height: 19.50pt\">\n<td class=\"et4\" style=\"height: 19.50pt;width: 133.75pt\" width=\"178\" height=\"26\">Messung:<\/td>\n<td class=\"et5\" style=\"width: 210.00pt\" width=\"280\">0,23 CBM\u2019\/7,98 CUFT\u2019<\/td>\n<\/tr>\n<\/tbody>\n<\/table>","protected":false},"featured_media":6061,"comment_status":"closed","ping_status":"closed","template":"","meta":{"_acf_changed":true},"product_brand":[],"product_cat":[30,29,36,25,24,46,26],"product_tag":[],"class_list":{"0":"post-6060","1":"product","2":"type-product","3":"status-publish","4":"has-post-thumbnail","6":"product_cat-wholesale-toys-for-ages-3-and-up","7":"product_cat-wholesale-toys-for-0-24-months","8":"product_cat-wholesale-baby-rattle-sets","9":"product_cat-wholesale-baby-toys","10":"product_cat-wholesale-educational-toys","11":"product_cat-wholesale-other-educational-toys","12":"product_cat-wholesale-toys-for-all-ages","14":"first","15":"instock","16":"shipping-taxable","17":"product-type-simple"},"acf":[],"_links":{"self":[{"href":"https:\/\/www.chengjitoy.com\/de\/wp-json\/wp\/v2\/product\/6060","targetHints":{"allow":["GET"]}}],"collection":[{"href":"https:\/\/www.chengjitoy.com\/de\/wp-json\/wp\/v2\/product"}],"about":[{"href":"https:\/\/www.chengjitoy.com\/de\/wp-json\/wp\/v2\/types\/product"}],"replies":[{"embeddable":true,"href":"https:\/\/www.chengjitoy.com\/de\/wp-json\/wp\/v2\/comments?post=6060"}],"wp:featuredmedia":[{"embeddable":true,"href":"https:\/\/www.chengjitoy.com\/de\/wp-json\/wp\/v2\/media\/6061"}],"wp:attachment":[{"href":"https:\/\/www.chengjitoy.com\/de\/wp-json\/wp\/v2\/media?parent=6060"}],"wp:term":[{"taxonomy":"product_brand","embeddable":true,"href":"https:\/\/www.chengjitoy.com\/de\/wp-json\/wp\/v2\/product_brand?post=6060"},{"taxonomy":"product_cat","embeddable":true,"href":"https:\/\/www.chengjitoy.com\/de\/wp-json\/wp\/v2\/product_cat?post=6060"},{"taxonomy":"product_tag","embeddable":true,"href":"https:\/\/www.chengjitoy.com\/de\/wp-json\/wp\/v2\/product_tag?post=6060"}],"curies":[{"name":"wp","href":"https:\/\/api.w.org\/{rel}","templated":true}]}}