{"id":6380,"date":"2025-12-04T06:56:55","date_gmt":"2025-12-04T06:56:55","guid":{"rendered":"https:\/\/www.chengjitoy.com\/?post_type=product&#038;p=6380"},"modified":"2025-12-04T06:56:56","modified_gmt":"2025-12-04T06:56:56","slug":"wholesale-ultraman-mech-toy","status":"publish","type":"product","link":"https:\/\/www.chengjitoy.com\/de\/product\/wholesale-ultraman-mech-toy\/","title":{"rendered":"Gro\u00dfhandel Ultraman Mech Spielzeug, Verwandlungsf\u00e4higer Mann-Wolf-Hirsch \u2013 Verwandlungsf\u00e4higes Spielzeug"},"content":{"rendered":"<div class=\"wp-block-columns is-layout-flex wp-container-core-columns-is-layout-9d6595d7 wp-block-columns-is-layout-flex\">\n<div class=\"wp-block-column is-layout-flow wp-block-column-is-layout-flow\" style=\"flex-basis:66.66%\">\n<figure class=\"wp-block-image size-full\"><img loading=\"lazy\" decoding=\"async\" width=\"770\" height=\"1874\" sizes=\"auto, (max-width: 770px) 100vw, 770px\" src=\"https:\/\/www.chengjitoy.com\/wp-content\/uploads\/2025\/11\/details-of-ultraman-mech-toy-1.webp\" alt=\"\" class=\"wp-image-6800\" srcset=\"https:\/\/www.chengjitoy.com\/wp-content\/uploads\/2025\/11\/details-of-ultraman-mech-toy-1.webp 770w, https:\/\/www.chengjitoy.com\/wp-content\/uploads\/2025\/11\/details-of-ultraman-mech-toy-1-123x300.webp 123w, https:\/\/www.chengjitoy.com\/wp-content\/uploads\/2025\/11\/details-of-ultraman-mech-toy-1-768x1869.webp 768w, https:\/\/www.chengjitoy.com\/wp-content\/uploads\/2025\/11\/details-of-ultraman-mech-toy-1-5x12.webp 5w, https:\/\/www.chengjitoy.com\/wp-content\/uploads\/2025\/11\/details-of-ultraman-mech-toy-1-600x1460.webp 600w\" \/><\/figure>\n\n\n\n<figure class=\"wp-block-image size-full\"><img loading=\"lazy\" decoding=\"async\" width=\"770\" height=\"461\" sizes=\"auto, (max-width: 770px) 100vw, 770px\" src=\"https:\/\/www.chengjitoy.com\/wp-content\/uploads\/2025\/11\/details-of-ultraman-mech-toy-2.webp\" alt=\"\" class=\"wp-image-6801\" srcset=\"https:\/\/www.chengjitoy.com\/wp-content\/uploads\/2025\/11\/details-of-ultraman-mech-toy-2.webp 770w, https:\/\/www.chengjitoy.com\/wp-content\/uploads\/2025\/11\/details-of-ultraman-mech-toy-2-300x180.webp 300w, https:\/\/www.chengjitoy.com\/wp-content\/uploads\/2025\/11\/details-of-ultraman-mech-toy-2-768x460.webp 768w, https:\/\/www.chengjitoy.com\/wp-content\/uploads\/2025\/11\/details-of-ultraman-mech-toy-2-18x12.webp 18w, https:\/\/www.chengjitoy.com\/wp-content\/uploads\/2025\/11\/details-of-ultraman-mech-toy-2-600x359.webp 600w\" \/><\/figure>\n\n\n\n<figure class=\"wp-block-image size-full\"><img loading=\"lazy\" decoding=\"async\" width=\"770\" height=\"1111\" sizes=\"auto, (max-width: 770px) 100vw, 770px\" src=\"https:\/\/www.chengjitoy.com\/wp-content\/uploads\/2025\/11\/details-of-ultraman-mech-toy-3.webp\" alt=\"\" class=\"wp-image-6802\" srcset=\"https:\/\/www.chengjitoy.com\/wp-content\/uploads\/2025\/11\/details-of-ultraman-mech-toy-3.webp 770w, https:\/\/www.chengjitoy.com\/wp-content\/uploads\/2025\/11\/details-of-ultraman-mech-toy-3-208x300.webp 208w, https:\/\/www.chengjitoy.com\/wp-content\/uploads\/2025\/11\/details-of-ultraman-mech-toy-3-768x1108.webp 768w, https:\/\/www.chengjitoy.com\/wp-content\/uploads\/2025\/11\/details-of-ultraman-mech-toy-3-8x12.webp 8w, https:\/\/www.chengjitoy.com\/wp-content\/uploads\/2025\/11\/details-of-ultraman-mech-toy-3-600x866.webp 600w\" \/><\/figure>\n\n\n\n<figure class=\"wp-block-image size-full\"><img loading=\"lazy\" decoding=\"async\" width=\"770\" height=\"1084\" sizes=\"auto, (max-width: 770px) 100vw, 770px\" src=\"https:\/\/www.chengjitoy.com\/wp-content\/uploads\/2025\/11\/details-of-ultraman-mech-toy-4.webp\" alt=\"\" class=\"wp-image-6803\" srcset=\"https:\/\/www.chengjitoy.com\/wp-content\/uploads\/2025\/11\/details-of-ultraman-mech-toy-4.webp 770w, https:\/\/www.chengjitoy.com\/wp-content\/uploads\/2025\/11\/details-of-ultraman-mech-toy-4-213x300.webp 213w, https:\/\/www.chengjitoy.com\/wp-content\/uploads\/2025\/11\/details-of-ultraman-mech-toy-4-768x1081.webp 768w, https:\/\/www.chengjitoy.com\/wp-content\/uploads\/2025\/11\/details-of-ultraman-mech-toy-4-9x12.webp 9w, https:\/\/www.chengjitoy.com\/wp-content\/uploads\/2025\/11\/details-of-ultraman-mech-toy-4-600x845.webp 600w\" \/><\/figure>\n\n\n\n<figure class=\"wp-block-image size-full\"><img loading=\"lazy\" decoding=\"async\" width=\"770\" height=\"1312\" sizes=\"auto, (max-width: 770px) 100vw, 770px\" src=\"https:\/\/www.chengjitoy.com\/wp-content\/uploads\/2025\/11\/details-of-ultraman-mech-toy-5.webp\" alt=\"\" class=\"wp-image-6804\" srcset=\"https:\/\/www.chengjitoy.com\/wp-content\/uploads\/2025\/11\/details-of-ultraman-mech-toy-5.webp 770w, https:\/\/www.chengjitoy.com\/wp-content\/uploads\/2025\/11\/details-of-ultraman-mech-toy-5-176x300.webp 176w, https:\/\/www.chengjitoy.com\/wp-content\/uploads\/2025\/11\/details-of-ultraman-mech-toy-5-768x1309.webp 768w, https:\/\/www.chengjitoy.com\/wp-content\/uploads\/2025\/11\/details-of-ultraman-mech-toy-5-7x12.webp 7w, https:\/\/www.chengjitoy.com\/wp-content\/uploads\/2025\/11\/details-of-ultraman-mech-toy-5-600x1022.webp 600w\" \/><\/figure>\n\n\n\n<figure class=\"wp-block-image size-full\"><img loading=\"lazy\" decoding=\"async\" width=\"770\" height=\"822\" sizes=\"auto, (max-width: 770px) 100vw, 770px\" src=\"https:\/\/www.chengjitoy.com\/wp-content\/uploads\/2025\/11\/details-of-ultraman-mech-toy-6.webp\" alt=\"\" class=\"wp-image-6805\" srcset=\"https:\/\/www.chengjitoy.com\/wp-content\/uploads\/2025\/11\/details-of-ultraman-mech-toy-6.webp 770w, https:\/\/www.chengjitoy.com\/wp-content\/uploads\/2025\/11\/details-of-ultraman-mech-toy-6-281x300.webp 281w, https:\/\/www.chengjitoy.com\/wp-content\/uploads\/2025\/11\/details-of-ultraman-mech-toy-6-768x820.webp 768w, https:\/\/www.chengjitoy.com\/wp-content\/uploads\/2025\/11\/details-of-ultraman-mech-toy-6-11x12.webp 11w, https:\/\/www.chengjitoy.com\/wp-content\/uploads\/2025\/11\/details-of-ultraman-mech-toy-6-600x641.webp 600w\" \/><\/figure>\n\n\n\n<figure class=\"wp-block-image size-full\"><img loading=\"lazy\" decoding=\"async\" width=\"770\" height=\"1641\" sizes=\"auto, (max-width: 770px) 100vw, 770px\" src=\"https:\/\/www.chengjitoy.com\/wp-content\/uploads\/2025\/11\/details-of-ultraman-mech-toy-7.webp\" alt=\"\" class=\"wp-image-6806\" srcset=\"https:\/\/www.chengjitoy.com\/wp-content\/uploads\/2025\/11\/details-of-ultraman-mech-toy-7.webp 770w, https:\/\/www.chengjitoy.com\/wp-content\/uploads\/2025\/11\/details-of-ultraman-mech-toy-7-141x300.webp 141w, https:\/\/www.chengjitoy.com\/wp-content\/uploads\/2025\/11\/details-of-ultraman-mech-toy-7-768x1637.webp 768w, https:\/\/www.chengjitoy.com\/wp-content\/uploads\/2025\/11\/details-of-ultraman-mech-toy-7-6x12.webp 6w, https:\/\/www.chengjitoy.com\/wp-content\/uploads\/2025\/11\/details-of-ultraman-mech-toy-7-600x1279.webp 600w\" \/><\/figure>\n<\/div>\n\n\n\n<div class=\"wp-block-column is-layout-flow wp-block-column-is-layout-flow\" style=\"flex-basis:33.33%\"><\/div>\n<\/div>","protected":false},"excerpt":{"rendered":"<p>Wholesale ultraman mech toy, man-beast combining transformer! This ultraman mech toy features adjustable joints, cool sound effects &amp; separate play. Multiple combination sparks imagination &amp; creativity.<\/p>\n<p>Als <a href=\"https:\/\/www.chengjitoy.com\/de\/produkt-kategorie\/wholesale-robot-toys\/\"><strong>Anbieter von Roboterspielzeug<\/strong><\/a>, kann Chengji Folgendes anbieten <strong><a href=\"https:\/\/www.chengjitoy.com\/de\/produkt-kategorie\/wholesale-robot-toys\/\">Gro\u00dfhandel Roboter Spielzeug liefert<\/a><\/strong> f\u00fcr Gro\u00dfh\u00e4ndler, Einzelh\u00e4ndler und Marken. Erhalten Sie jetzt einen Fabrikpreis!<\/p>\n<h2>Spezifikationen von Ultraman Mech Toy<\/h2>\n<table style=\"border-collapse: collapse; width: 343.52pt;\" border=\"0\" width=\"458\" cellspacing=\"0\" cellpadding=\"0\">\n<tbody>\n<tr style=\"height: 19.50pt;\">\n<td class=\"et2\" style=\"height: 19.50pt; width: 133.75pt;\" width=\"178\" height=\"26\">Artikel Nr.:<\/td>\n<td class=\"et3\" style=\"width: 210.00pt;\" width=\"280\">CJ-4050559<\/td>\n<\/tr>\n<tr style=\"height: 20.25pt;\">\n<td class=\"et4\" style=\"height: 20.25pt; width: 133.75pt;\" width=\"178\" height=\"27\">Paket:<\/td>\n<td class=\"et5\" style=\"width: 210.00pt;\" width=\"280\">FENSTERKASTEN<\/td>\n<\/tr>\n<tr style=\"height: 19.50pt;\">\n<td class=\"et4\" style=\"height: 19.50pt; width: 133.75pt;\" width=\"178\" height=\"26\">Packungsgr\u00f6\u00dfe:<\/td>\n<td class=\"et5\" style=\"width: 210.00pt;\" width=\"280\">24.5*10*35CM<\/td>\n<\/tr>\n<tr style=\"height: 20.25pt;\">\n<td class=\"et4\" style=\"height: 20.25pt; width: 133.75pt;\" width=\"178\" height=\"27\">Kartongr\u00f6\u00dfe\uff1a<\/td>\n<td class=\"et5\" style=\"width: 210.00pt;\" width=\"280\">75*43.5*70.5CM<\/td>\n<\/tr>\n<tr style=\"height: 19.50pt;\">\n<td class=\"et4\" style=\"height: 19.50pt; width: 133.75pt;\" width=\"178\" height=\"26\">Q'ty\/Ctn:<\/td>\n<td class=\"et5\" style=\"width: 210.00pt;\" width=\"280\">24\/ST\u00dcCK<\/td>\n<\/tr>\n<tr style=\"height: 20.25pt;\">\n<td class=\"et4\" style=\"height: 20.25pt; width: 133.75pt;\" width=\"178\" height=\"27\">G.W.\/N.W.:<\/td>\n<td class=\"et5\" style=\"width: 210.00pt;\" width=\"280\">13\/11,5 KG<\/td>\n<\/tr>\n<tr style=\"height: 19.50pt;\">\n<td class=\"et4\" style=\"height: 19.50pt; width: 133.75pt;\" width=\"178\" height=\"26\">Messung:<\/td>\n<td class=\"et5\" style=\"width: 210.00pt;\" width=\"280\">0,23 CBM\u2019\/8,124 CUFT\u2019<\/td>\n<\/tr>\n<\/tbody>\n<\/table>","protected":false},"featured_media":6830,"comment_status":"closed","ping_status":"closed","template":"","meta":{"_acf_changed":true},"product_brand":[],"product_cat":[26,30,98,99],"product_tag":[],"class_list":{"0":"post-6380","1":"product","2":"type-product","3":"status-publish","4":"has-post-thumbnail","6":"product_cat-wholesale-toys-for-all-ages","7":"product_cat-wholesale-toys-for-ages-3-and-up","8":"product_cat-wholesale-robot-toys","9":"product_cat-wholesale-transforming-robots","11":"first","12":"instock","13":"shipping-taxable","14":"product-type-simple"},"acf":[],"_links":{"self":[{"href":"https:\/\/www.chengjitoy.com\/de\/wp-json\/wp\/v2\/product\/6380","targetHints":{"allow":["GET"]}}],"collection":[{"href":"https:\/\/www.chengjitoy.com\/de\/wp-json\/wp\/v2\/product"}],"about":[{"href":"https:\/\/www.chengjitoy.com\/de\/wp-json\/wp\/v2\/types\/product"}],"replies":[{"embeddable":true,"href":"https:\/\/www.chengjitoy.com\/de\/wp-json\/wp\/v2\/comments?post=6380"}],"wp:featuredmedia":[{"embeddable":true,"href":"https:\/\/www.chengjitoy.com\/de\/wp-json\/wp\/v2\/media\/6830"}],"wp:attachment":[{"href":"https:\/\/www.chengjitoy.com\/de\/wp-json\/wp\/v2\/media?parent=6380"}],"wp:term":[{"taxonomy":"product_brand","embeddable":true,"href":"https:\/\/www.chengjitoy.com\/de\/wp-json\/wp\/v2\/product_brand?post=6380"},{"taxonomy":"product_cat","embeddable":true,"href":"https:\/\/www.chengjitoy.com\/de\/wp-json\/wp\/v2\/product_cat?post=6380"},{"taxonomy":"product_tag","embeddable":true,"href":"https:\/\/www.chengjitoy.com\/de\/wp-json\/wp\/v2\/product_tag?post=6380"}],"curies":[{"name":"wp","href":"https:\/\/api.w.org\/{rel}","templated":true}]}}