{"id":669,"date":"2025-06-16T14:26:12","date_gmt":"2025-06-16T14:26:12","guid":{"rendered":"https:\/\/www.chengjitoy.com\/?post_type=product&#038;p=669"},"modified":"2026-04-06T12:42:56","modified_gmt":"2026-04-06T12:42:56","slug":"wholesale-stem-educational-toy-cj4358601","status":"publish","type":"product","link":"https:\/\/www.chengjitoy.com\/de\/product\/wholesale-stem-educational-toy-cj4358601\/","title":{"rendered":"Gro\u00dfhandel STEM Lernspielzeug - Physikalische Wissenschaft Experiment Schaltung Spielzeug Kit, elektronische Wissenschaft Spielzeug Kit"},"content":{"rendered":"<figure class=\"wp-block-image size-full\"><img loading=\"lazy\" decoding=\"async\" width=\"1540\" height=\"2224\" sizes=\"auto, (max-width: 1540px) 100vw, 1540px\" src=\"https:\/\/www.chengjitoy.com\/wp-content\/uploads\/2025\/06\/stem-educational-toys-details-1.webp\" alt=\"stammesgeschichtliches spielzeug details (1)\" class=\"wp-image-679\" srcset=\"https:\/\/www.chengjitoy.com\/wp-content\/uploads\/2025\/06\/stem-educational-toys-details-1.webp 1540w, https:\/\/www.chengjitoy.com\/wp-content\/uploads\/2025\/06\/stem-educational-toys-details-1-208x300.webp 208w, https:\/\/www.chengjitoy.com\/wp-content\/uploads\/2025\/06\/stem-educational-toys-details-1-768x1109.webp 768w, https:\/\/www.chengjitoy.com\/wp-content\/uploads\/2025\/06\/stem-educational-toys-details-1-1200x1733.webp 1200w, https:\/\/www.chengjitoy.com\/wp-content\/uploads\/2025\/06\/stem-educational-toys-details-1-600x866.webp 600w\" \/><\/figure>\n\n\n\n<figure class=\"wp-block-image size-full\"><img loading=\"lazy\" decoding=\"async\" width=\"1540\" height=\"2230\" sizes=\"auto, (max-width: 1540px) 100vw, 1540px\" src=\"https:\/\/www.chengjitoy.com\/wp-content\/uploads\/2025\/06\/stem-educational-toys-details-2.webp\" alt=\"stammesgeschichtliches spielzeug details (2)\" class=\"wp-image-680\" srcset=\"https:\/\/www.chengjitoy.com\/wp-content\/uploads\/2025\/06\/stem-educational-toys-details-2.webp 1540w, https:\/\/www.chengjitoy.com\/wp-content\/uploads\/2025\/06\/stem-educational-toys-details-2-207x300.webp 207w, https:\/\/www.chengjitoy.com\/wp-content\/uploads\/2025\/06\/stem-educational-toys-details-2-768x1112.webp 768w, https:\/\/www.chengjitoy.com\/wp-content\/uploads\/2025\/06\/stem-educational-toys-details-2-1200x1738.webp 1200w, https:\/\/www.chengjitoy.com\/wp-content\/uploads\/2025\/06\/stem-educational-toys-details-2-600x869.webp 600w\" \/><\/figure>\n\n\n\n<figure class=\"wp-block-image size-full\"><img loading=\"lazy\" decoding=\"async\" width=\"1540\" height=\"2376\" sizes=\"auto, (max-width: 1540px) 100vw, 1540px\" src=\"https:\/\/www.chengjitoy.com\/wp-content\/uploads\/2025\/06\/stem-educational-toys-details-3.webp\" alt=\"stammesgeschichtliches spielzeug details (3)\" class=\"wp-image-681\" srcset=\"https:\/\/www.chengjitoy.com\/wp-content\/uploads\/2025\/06\/stem-educational-toys-details-3.webp 1540w, https:\/\/www.chengjitoy.com\/wp-content\/uploads\/2025\/06\/stem-educational-toys-details-3-194x300.webp 194w, https:\/\/www.chengjitoy.com\/wp-content\/uploads\/2025\/06\/stem-educational-toys-details-3-768x1185.webp 768w, https:\/\/www.chengjitoy.com\/wp-content\/uploads\/2025\/06\/stem-educational-toys-details-3-1200x1851.webp 1200w, https:\/\/www.chengjitoy.com\/wp-content\/uploads\/2025\/06\/stem-educational-toys-details-3-600x926.webp 600w\" \/><\/figure>\n\n\n\n<figure class=\"wp-block-image size-full\"><img loading=\"lazy\" decoding=\"async\" width=\"1540\" height=\"2486\" sizes=\"auto, (max-width: 1540px) 100vw, 1540px\" src=\"https:\/\/www.chengjitoy.com\/wp-content\/uploads\/2025\/06\/stem-educational-toys-details-4.webp\" alt=\"stammesgeschichtliches spielzeug details (4)\" class=\"wp-image-682\" srcset=\"https:\/\/www.chengjitoy.com\/wp-content\/uploads\/2025\/06\/stem-educational-toys-details-4.webp 1540w, https:\/\/www.chengjitoy.com\/wp-content\/uploads\/2025\/06\/stem-educational-toys-details-4-186x300.webp 186w, https:\/\/www.chengjitoy.com\/wp-content\/uploads\/2025\/06\/stem-educational-toys-details-4-768x1240.webp 768w, https:\/\/www.chengjitoy.com\/wp-content\/uploads\/2025\/06\/stem-educational-toys-details-4-1200x1937.webp 1200w, https:\/\/www.chengjitoy.com\/wp-content\/uploads\/2025\/06\/stem-educational-toys-details-4-600x969.webp 600w\" \/><\/figure>\n\n\n\n<figure class=\"wp-block-image size-full\"><img loading=\"lazy\" decoding=\"async\" width=\"1540\" height=\"3320\" sizes=\"auto, (max-width: 1540px) 100vw, 1540px\" src=\"https:\/\/www.chengjitoy.com\/wp-content\/uploads\/2025\/06\/stem-educational-toys-details-5.webp\" alt=\"stammesgeschichtliches spielzeug details (5)\" class=\"wp-image-683\" srcset=\"https:\/\/www.chengjitoy.com\/wp-content\/uploads\/2025\/06\/stem-educational-toys-details-5.webp 1540w, https:\/\/www.chengjitoy.com\/wp-content\/uploads\/2025\/06\/stem-educational-toys-details-5-139x300.webp 139w, https:\/\/www.chengjitoy.com\/wp-content\/uploads\/2025\/06\/stem-educational-toys-details-5-768x1656.webp 768w, https:\/\/www.chengjitoy.com\/wp-content\/uploads\/2025\/06\/stem-educational-toys-details-5-1200x2587.webp 1200w, https:\/\/www.chengjitoy.com\/wp-content\/uploads\/2025\/06\/stem-educational-toys-details-5-600x1294.webp 600w\" \/><\/figure>\n\n\n\n<figure class=\"wp-block-image size-full\"><img loading=\"lazy\" decoding=\"async\" width=\"1540\" height=\"3374\" sizes=\"auto, (max-width: 1540px) 100vw, 1540px\" src=\"https:\/\/www.chengjitoy.com\/wp-content\/uploads\/2025\/06\/stem-educational-toys-details-6.webp\" alt=\"stammesgeschichtliches spielzeug details (6)\" class=\"wp-image-684\" srcset=\"https:\/\/www.chengjitoy.com\/wp-content\/uploads\/2025\/06\/stem-educational-toys-details-6.webp 1540w, https:\/\/www.chengjitoy.com\/wp-content\/uploads\/2025\/06\/stem-educational-toys-details-6-137x300.webp 137w, https:\/\/www.chengjitoy.com\/wp-content\/uploads\/2025\/06\/stem-educational-toys-details-6-768x1683.webp 768w, https:\/\/www.chengjitoy.com\/wp-content\/uploads\/2025\/06\/stem-educational-toys-details-6-1200x2629.webp 1200w, https:\/\/www.chengjitoy.com\/wp-content\/uploads\/2025\/06\/stem-educational-toys-details-6-600x1315.webp 600w\" \/><\/figure>\n\n\n\n<figure class=\"wp-block-image size-full\"><img loading=\"lazy\" decoding=\"async\" width=\"1540\" height=\"2564\" sizes=\"auto, (max-width: 1540px) 100vw, 1540px\" src=\"https:\/\/www.chengjitoy.com\/wp-content\/uploads\/2025\/06\/stem-educational-toys-details-7.webp\" alt=\"stammesgeschichtliches spielzeug details (7)\" class=\"wp-image-685\" srcset=\"https:\/\/www.chengjitoy.com\/wp-content\/uploads\/2025\/06\/stem-educational-toys-details-7.webp 1540w, https:\/\/www.chengjitoy.com\/wp-content\/uploads\/2025\/06\/stem-educational-toys-details-7-180x300.webp 180w, https:\/\/www.chengjitoy.com\/wp-content\/uploads\/2025\/06\/stem-educational-toys-details-7-768x1279.webp 768w, https:\/\/www.chengjitoy.com\/wp-content\/uploads\/2025\/06\/stem-educational-toys-details-7-1200x1998.webp 1200w, https:\/\/www.chengjitoy.com\/wp-content\/uploads\/2025\/06\/stem-educational-toys-details-7-600x999.webp 600w\" \/><\/figure>\n\n\n\n<figure class=\"wp-block-image size-full\"><img loading=\"lazy\" decoding=\"async\" width=\"1540\" height=\"3346\" sizes=\"auto, (max-width: 1540px) 100vw, 1540px\" src=\"https:\/\/www.chengjitoy.com\/wp-content\/uploads\/2025\/06\/stem-educational-toys-details-9.webp\" alt=\"stammesgeschichtliches spielzeug details (9)\" class=\"wp-image-687\" srcset=\"https:\/\/www.chengjitoy.com\/wp-content\/uploads\/2025\/06\/stem-educational-toys-details-9.webp 1540w, https:\/\/www.chengjitoy.com\/wp-content\/uploads\/2025\/06\/stem-educational-toys-details-9-138x300.webp 138w, https:\/\/www.chengjitoy.com\/wp-content\/uploads\/2025\/06\/stem-educational-toys-details-9-768x1669.webp 768w, https:\/\/www.chengjitoy.com\/wp-content\/uploads\/2025\/06\/stem-educational-toys-details-9-1200x2607.webp 1200w, https:\/\/www.chengjitoy.com\/wp-content\/uploads\/2025\/06\/stem-educational-toys-details-9-600x1304.webp 600w\" \/><\/figure>\n\n\n\n<figure class=\"wp-block-image size-full\"><img loading=\"lazy\" decoding=\"async\" width=\"1540\" height=\"4110\" sizes=\"auto, (max-width: 1540px) 100vw, 1540px\" src=\"https:\/\/www.chengjitoy.com\/wp-content\/uploads\/2025\/06\/stem-educational-toys-details-10.webp\" alt=\"stammesgeschichtliches spielzeug details (10)\" class=\"wp-image-688\" srcset=\"https:\/\/www.chengjitoy.com\/wp-content\/uploads\/2025\/06\/stem-educational-toys-details-10.webp 1540w, https:\/\/www.chengjitoy.com\/wp-content\/uploads\/2025\/06\/stem-educational-toys-details-10-112x300.webp 112w, https:\/\/www.chengjitoy.com\/wp-content\/uploads\/2025\/06\/stem-educational-toys-details-10-768x2050.webp 768w, https:\/\/www.chengjitoy.com\/wp-content\/uploads\/2025\/06\/stem-educational-toys-details-10-1200x3203.webp 1200w, https:\/\/www.chengjitoy.com\/wp-content\/uploads\/2025\/06\/stem-educational-toys-details-10-600x1601.webp 600w\" \/><\/figure>","protected":false},"excerpt":{"rendered":"<p>Gro\u00dfhandel f\u00fcr STEM-Lernspielzeug, das Kinder zum praktischen Lernen anregt. Gro\u00dfhandel f\u00fcr MINT-Lernspielzeug, das Kinder zum praktischen Lernen anregt. Mit diesen Spielzeugen, die mit interdisziplin\u00e4ren Themen entworfen wurden, k\u00f6nnen Kinder Konzepte wie Energieumwandlung, Schaltkreisdesign und grundlegende Programmierlogik erkunden. Diese hochwertigen Sets eignen sich perfekt f\u00fcr Anbieter von Lernspielzeug und Einzelh\u00e4ndler im Bildungsbereich. Kontaktieren Sie uns f\u00fcr ein Angebot.<\/p>\n<h2>Spezifikationen f\u00fcr STEM Lernspielzeug CJ-4358601<\/h2>\n<table style=\"border-collapse: collapse; width: 343.52pt;\" border=\"0\" width=\"458\" cellspacing=\"0\" cellpadding=\"0\">\n<tbody>\n<tr style=\"height: 20.25pt;\">\n<td class=\"et2\" style=\"height: 20.25pt; width: 133.75pt;\" width=\"178\" height=\"27\">Artikel Nr.:<\/td>\n<td class=\"et3\" style=\"width: 210.00pt;\" width=\"280\">CJ-4358601<\/td>\n<\/tr>\n<tr style=\"height: 19.50pt;\">\n<td class=\"et4\" style=\"height: 19.50pt; width: 133.75pt;\" width=\"178\" height=\"26\">Paket:<\/td>\n<td class=\"et5\" style=\"width: 210.00pt;\" width=\"280\">Farbkasten<\/td>\n<\/tr>\n<tr style=\"height: 20.25pt;\">\n<td class=\"et4\" style=\"height: 20.25pt; width: 133.75pt;\" width=\"178\" height=\"27\">Packungsgr\u00f6\u00dfe:<\/td>\n<td class=\"et5\" style=\"width: 210.00pt;\" width=\"280\">41\u00d730\u00d78,5 cm<\/td>\n<\/tr>\n<tr style=\"height: 19.50pt;\">\n<td class=\"et4\" style=\"height: 19.50pt; width: 133.75pt;\" width=\"178\" height=\"26\">Kartongr\u00f6\u00dfe\uff1a<\/td>\n<td class=\"et5\" style=\"width: 210.00pt;\" width=\"280\">80\u00d742,5\u00d763 cm<\/td>\n<\/tr>\n<tr style=\"height: 19.50pt;\">\n<td class=\"et4\" style=\"height: 19.50pt; width: 133.75pt;\" width=\"178\" height=\"26\">Menge\/Gebinde<\/td>\n<td class=\"et5\" style=\"width: 210.00pt;\" width=\"280\">18 St\u00fcck<\/td>\n<\/tr>\n<tr style=\"height: 20.25pt;\">\n<td class=\"et4\" style=\"height: 20.25pt; width: 133.75pt;\" width=\"178\" height=\"27\">G.W.\/N.W.:<\/td>\n<td class=\"et5\" style=\"width: 210.00pt;\" width=\"280\">23 \/ 21 kg<\/td>\n<\/tr>\n<tr style=\"height: 19.50pt;\">\n<td class=\"et4\" style=\"height: 19.50pt; width: 133.75pt;\" width=\"178\" height=\"26\">Messung:<\/td>\n<td class=\"et5\" style=\"width: 210.00pt;\" width=\"280\">0,21 cbm \/ 7,56 cft<\/td>\n<\/tr>\n<\/tbody>\n<\/table>","protected":false},"featured_media":670,"comment_status":"closed","ping_status":"closed","template":"","meta":{"_acf_changed":true},"product_brand":[],"product_cat":[28,24,26],"product_tag":[],"class_list":{"0":"post-669","1":"product","2":"type-product","3":"status-publish","4":"has-post-thumbnail","6":"product_cat-wholesale-toys-for-ages-8-and-up","7":"product_cat-wholesale-educational-toys","8":"product_cat-wholesale-toys-for-all-ages","10":"first","11":"instock","12":"shipping-taxable","13":"product-type-simple"},"acf":[],"_links":{"self":[{"href":"https:\/\/www.chengjitoy.com\/de\/wp-json\/wp\/v2\/product\/669","targetHints":{"allow":["GET"]}}],"collection":[{"href":"https:\/\/www.chengjitoy.com\/de\/wp-json\/wp\/v2\/product"}],"about":[{"href":"https:\/\/www.chengjitoy.com\/de\/wp-json\/wp\/v2\/types\/product"}],"replies":[{"embeddable":true,"href":"https:\/\/www.chengjitoy.com\/de\/wp-json\/wp\/v2\/comments?post=669"}],"wp:featuredmedia":[{"embeddable":true,"href":"https:\/\/www.chengjitoy.com\/de\/wp-json\/wp\/v2\/media\/670"}],"wp:attachment":[{"href":"https:\/\/www.chengjitoy.com\/de\/wp-json\/wp\/v2\/media?parent=669"}],"wp:term":[{"taxonomy":"product_brand","embeddable":true,"href":"https:\/\/www.chengjitoy.com\/de\/wp-json\/wp\/v2\/product_brand?post=669"},{"taxonomy":"product_cat","embeddable":true,"href":"https:\/\/www.chengjitoy.com\/de\/wp-json\/wp\/v2\/product_cat?post=669"},{"taxonomy":"product_tag","embeddable":true,"href":"https:\/\/www.chengjitoy.com\/de\/wp-json\/wp\/v2\/product_tag?post=669"}],"curies":[{"name":"wp","href":"https:\/\/api.w.org\/{rel}","templated":true}]}}