{"id":8163,"date":"2026-02-03T10:15:59","date_gmt":"2026-02-03T10:15:59","guid":{"rendered":"https:\/\/www.chengjitoy.com\/?post_type=product&#038;p=8163"},"modified":"2026-02-05T03:20:56","modified_gmt":"2026-02-05T03:20:56","slug":"wholesale-rc-off-road-stunt-car-toy","status":"publish","type":"product","link":"https:\/\/www.chengjitoy.com\/de\/product\/wholesale-rc-off-road-stunt-car-toy\/","title":{"rendered":"Gro\u00dfhandel RC Off-Road Stunt Car Toy mit b\u00fcrstenlosen Motor - Remote Control Car Toy Lieferant"},"content":{"rendered":"<div class=\"wp-block-columns is-layout-flex wp-container-core-columns-is-layout-9d6595d7 wp-block-columns-is-layout-flex\">\n<div class=\"wp-block-column is-layout-flow wp-block-column-is-layout-flow\" style=\"flex-basis:66.66%\">\n<figure class=\"wp-block-image size-full\"><img loading=\"lazy\" decoding=\"async\" width=\"770\" height=\"1211\" sizes=\"auto, (max-width: 770px) 100vw, 770px\" src=\"https:\/\/www.chengjitoy.com\/wp-content\/uploads\/2026\/01\/details-of-1\uff1a-16-electric-4wd-car-1.webp\" alt=\"\" class=\"wp-image-8451\" srcset=\"https:\/\/www.chengjitoy.com\/wp-content\/uploads\/2026\/01\/details-of-1\uff1a-16-electric-4wd-car-1.webp 770w, https:\/\/www.chengjitoy.com\/wp-content\/uploads\/2026\/01\/details-of-1\uff1a-16-electric-4wd-car-1-191x300.webp 191w, https:\/\/www.chengjitoy.com\/wp-content\/uploads\/2026\/01\/details-of-1\uff1a-16-electric-4wd-car-1-768x1208.webp 768w, https:\/\/www.chengjitoy.com\/wp-content\/uploads\/2026\/01\/details-of-1\uff1a-16-electric-4wd-car-1-8x12.webp 8w, https:\/\/www.chengjitoy.com\/wp-content\/uploads\/2026\/01\/details-of-1\uff1a-16-electric-4wd-car-1-600x944.webp 600w\" \/><\/figure>\n\n\n\n<figure class=\"wp-block-image size-full\"><img loading=\"lazy\" decoding=\"async\" width=\"770\" height=\"1853\" sizes=\"auto, (max-width: 770px) 100vw, 770px\" src=\"https:\/\/www.chengjitoy.com\/wp-content\/uploads\/2026\/01\/details-of-1\uff1a-16-electric-4wd-car-2.webp\" alt=\"\" class=\"wp-image-8452\" srcset=\"https:\/\/www.chengjitoy.com\/wp-content\/uploads\/2026\/01\/details-of-1\uff1a-16-electric-4wd-car-2.webp 770w, https:\/\/www.chengjitoy.com\/wp-content\/uploads\/2026\/01\/details-of-1\uff1a-16-electric-4wd-car-2-125x300.webp 125w, https:\/\/www.chengjitoy.com\/wp-content\/uploads\/2026\/01\/details-of-1\uff1a-16-electric-4wd-car-2-768x1848.webp 768w, https:\/\/www.chengjitoy.com\/wp-content\/uploads\/2026\/01\/details-of-1\uff1a-16-electric-4wd-car-2-5x12.webp 5w, https:\/\/www.chengjitoy.com\/wp-content\/uploads\/2026\/01\/details-of-1\uff1a-16-electric-4wd-car-2-600x1444.webp 600w\" \/><\/figure>\n\n\n\n<figure class=\"wp-block-image size-full\"><img loading=\"lazy\" decoding=\"async\" width=\"770\" height=\"1502\" sizes=\"auto, (max-width: 770px) 100vw, 770px\" src=\"https:\/\/www.chengjitoy.com\/wp-content\/uploads\/2026\/01\/details-of-1\uff1a-16-electric-4wd-car-3.webp\" alt=\"\" class=\"wp-image-8453\" srcset=\"https:\/\/www.chengjitoy.com\/wp-content\/uploads\/2026\/01\/details-of-1\uff1a-16-electric-4wd-car-3.webp 770w, https:\/\/www.chengjitoy.com\/wp-content\/uploads\/2026\/01\/details-of-1\uff1a-16-electric-4wd-car-3-154x300.webp 154w, https:\/\/www.chengjitoy.com\/wp-content\/uploads\/2026\/01\/details-of-1\uff1a-16-electric-4wd-car-3-768x1498.webp 768w, https:\/\/www.chengjitoy.com\/wp-content\/uploads\/2026\/01\/details-of-1\uff1a-16-electric-4wd-car-3-6x12.webp 6w, https:\/\/www.chengjitoy.com\/wp-content\/uploads\/2026\/01\/details-of-1\uff1a-16-electric-4wd-car-3-600x1170.webp 600w\" \/><\/figure>\n\n\n\n<figure class=\"wp-block-image size-full\"><img loading=\"lazy\" decoding=\"async\" width=\"770\" height=\"1267\" sizes=\"auto, (max-width: 770px) 100vw, 770px\" src=\"https:\/\/www.chengjitoy.com\/wp-content\/uploads\/2026\/01\/details-of-1\uff1a-16-electric-4wd-car-4.webp\" alt=\"\" class=\"wp-image-8454\" srcset=\"https:\/\/www.chengjitoy.com\/wp-content\/uploads\/2026\/01\/details-of-1\uff1a-16-electric-4wd-car-4.webp 770w, https:\/\/www.chengjitoy.com\/wp-content\/uploads\/2026\/01\/details-of-1\uff1a-16-electric-4wd-car-4-182x300.webp 182w, https:\/\/www.chengjitoy.com\/wp-content\/uploads\/2026\/01\/details-of-1\uff1a-16-electric-4wd-car-4-768x1264.webp 768w, https:\/\/www.chengjitoy.com\/wp-content\/uploads\/2026\/01\/details-of-1\uff1a-16-electric-4wd-car-4-7x12.webp 7w, https:\/\/www.chengjitoy.com\/wp-content\/uploads\/2026\/01\/details-of-1\uff1a-16-electric-4wd-car-4-600x987.webp 600w\" \/><\/figure>\n\n\n\n<figure class=\"wp-block-image size-full\"><img loading=\"lazy\" decoding=\"async\" width=\"770\" height=\"1334\" sizes=\"auto, (max-width: 770px) 100vw, 770px\" src=\"https:\/\/www.chengjitoy.com\/wp-content\/uploads\/2026\/01\/details-of-1\uff1a-16-electric-4wd-car-5.webp\" alt=\"\" class=\"wp-image-8455\" srcset=\"https:\/\/www.chengjitoy.com\/wp-content\/uploads\/2026\/01\/details-of-1\uff1a-16-electric-4wd-car-5.webp 770w, https:\/\/www.chengjitoy.com\/wp-content\/uploads\/2026\/01\/details-of-1\uff1a-16-electric-4wd-car-5-173x300.webp 173w, https:\/\/www.chengjitoy.com\/wp-content\/uploads\/2026\/01\/details-of-1\uff1a-16-electric-4wd-car-5-768x1331.webp 768w, https:\/\/www.chengjitoy.com\/wp-content\/uploads\/2026\/01\/details-of-1\uff1a-16-electric-4wd-car-5-7x12.webp 7w, https:\/\/www.chengjitoy.com\/wp-content\/uploads\/2026\/01\/details-of-1\uff1a-16-electric-4wd-car-5-600x1039.webp 600w\" \/><\/figure>\n\n\n\n<figure class=\"wp-block-image size-full\"><img loading=\"lazy\" decoding=\"async\" width=\"770\" height=\"1262\" sizes=\"auto, (max-width: 770px) 100vw, 770px\" src=\"https:\/\/www.chengjitoy.com\/wp-content\/uploads\/2026\/01\/details-of-1\uff1a-16-electric-4wd-car-6.webp\" alt=\"\" class=\"wp-image-8456\" srcset=\"https:\/\/www.chengjitoy.com\/wp-content\/uploads\/2026\/01\/details-of-1\uff1a-16-electric-4wd-car-6.webp 770w, https:\/\/www.chengjitoy.com\/wp-content\/uploads\/2026\/01\/details-of-1\uff1a-16-electric-4wd-car-6-183x300.webp 183w, https:\/\/www.chengjitoy.com\/wp-content\/uploads\/2026\/01\/details-of-1\uff1a-16-electric-4wd-car-6-768x1259.webp 768w, https:\/\/www.chengjitoy.com\/wp-content\/uploads\/2026\/01\/details-of-1\uff1a-16-electric-4wd-car-6-7x12.webp 7w, https:\/\/www.chengjitoy.com\/wp-content\/uploads\/2026\/01\/details-of-1\uff1a-16-electric-4wd-car-6-600x983.webp 600w\" \/><\/figure>\n\n\n\n<figure class=\"wp-block-image size-full\"><img loading=\"lazy\" decoding=\"async\" width=\"770\" height=\"1337\" sizes=\"auto, (max-width: 770px) 100vw, 770px\" src=\"https:\/\/www.chengjitoy.com\/wp-content\/uploads\/2026\/01\/details-of-1\uff1a-16-electric-4wd-car-7.webp\" alt=\"\" class=\"wp-image-8457\" srcset=\"https:\/\/www.chengjitoy.com\/wp-content\/uploads\/2026\/01\/details-of-1\uff1a-16-electric-4wd-car-7.webp 770w, https:\/\/www.chengjitoy.com\/wp-content\/uploads\/2026\/01\/details-of-1\uff1a-16-electric-4wd-car-7-173x300.webp 173w, https:\/\/www.chengjitoy.com\/wp-content\/uploads\/2026\/01\/details-of-1\uff1a-16-electric-4wd-car-7-768x1334.webp 768w, https:\/\/www.chengjitoy.com\/wp-content\/uploads\/2026\/01\/details-of-1\uff1a-16-electric-4wd-car-7-7x12.webp 7w, https:\/\/www.chengjitoy.com\/wp-content\/uploads\/2026\/01\/details-of-1\uff1a-16-electric-4wd-car-7-600x1042.webp 600w\" \/><\/figure>\n\n\n\n<figure class=\"wp-block-image size-full\"><img loading=\"lazy\" decoding=\"async\" width=\"770\" height=\"1788\" sizes=\"auto, (max-width: 770px) 100vw, 770px\" src=\"https:\/\/www.chengjitoy.com\/wp-content\/uploads\/2026\/01\/details-of-1\uff1a-16-electric-4wd-car-8.webp\" alt=\"\" class=\"wp-image-8458\" srcset=\"https:\/\/www.chengjitoy.com\/wp-content\/uploads\/2026\/01\/details-of-1\uff1a-16-electric-4wd-car-8.webp 770w, https:\/\/www.chengjitoy.com\/wp-content\/uploads\/2026\/01\/details-of-1\uff1a-16-electric-4wd-car-8-129x300.webp 129w, https:\/\/www.chengjitoy.com\/wp-content\/uploads\/2026\/01\/details-of-1\uff1a-16-electric-4wd-car-8-768x1783.webp 768w, https:\/\/www.chengjitoy.com\/wp-content\/uploads\/2026\/01\/details-of-1\uff1a-16-electric-4wd-car-8-5x12.webp 5w, https:\/\/www.chengjitoy.com\/wp-content\/uploads\/2026\/01\/details-of-1\uff1a-16-electric-4wd-car-8-600x1393.webp 600w\" \/><\/figure>\n\n\n\n<figure class=\"wp-block-image size-full\"><img loading=\"lazy\" decoding=\"async\" width=\"770\" height=\"949\" sizes=\"auto, (max-width: 770px) 100vw, 770px\" src=\"https:\/\/www.chengjitoy.com\/wp-content\/uploads\/2026\/01\/details-of-1\uff1a-16-electric-4wd-car-9.webp\" alt=\"\" class=\"wp-image-8459\" srcset=\"https:\/\/www.chengjitoy.com\/wp-content\/uploads\/2026\/01\/details-of-1\uff1a-16-electric-4wd-car-9.webp 770w, https:\/\/www.chengjitoy.com\/wp-content\/uploads\/2026\/01\/details-of-1\uff1a-16-electric-4wd-car-9-243x300.webp 243w, https:\/\/www.chengjitoy.com\/wp-content\/uploads\/2026\/01\/details-of-1\uff1a-16-electric-4wd-car-9-768x947.webp 768w, https:\/\/www.chengjitoy.com\/wp-content\/uploads\/2026\/01\/details-of-1\uff1a-16-electric-4wd-car-9-10x12.webp 10w, https:\/\/www.chengjitoy.com\/wp-content\/uploads\/2026\/01\/details-of-1\uff1a-16-electric-4wd-car-9-600x739.webp 600w\" \/><\/figure>\n\n\n\n<figure class=\"wp-block-image size-full\"><img loading=\"lazy\" decoding=\"async\" width=\"770\" height=\"701\" sizes=\"auto, (max-width: 770px) 100vw, 770px\" src=\"https:\/\/www.chengjitoy.com\/wp-content\/uploads\/2026\/01\/details-of-1\uff1a-16-electric-4wd-car-10.webp\" alt=\"\" class=\"wp-image-8460\" srcset=\"https:\/\/www.chengjitoy.com\/wp-content\/uploads\/2026\/01\/details-of-1\uff1a-16-electric-4wd-car-10.webp 770w, https:\/\/www.chengjitoy.com\/wp-content\/uploads\/2026\/01\/details-of-1\uff1a-16-electric-4wd-car-10-300x273.webp 300w, https:\/\/www.chengjitoy.com\/wp-content\/uploads\/2026\/01\/details-of-1\uff1a-16-electric-4wd-car-10-768x699.webp 768w, https:\/\/www.chengjitoy.com\/wp-content\/uploads\/2026\/01\/details-of-1\uff1a-16-electric-4wd-car-10-13x12.webp 13w, https:\/\/www.chengjitoy.com\/wp-content\/uploads\/2026\/01\/details-of-1\uff1a-16-electric-4wd-car-10-600x546.webp 600w\" \/><\/figure>\n\n\n\n<figure class=\"wp-block-image size-full\"><img loading=\"lazy\" decoding=\"async\" width=\"770\" height=\"1292\" sizes=\"auto, (max-width: 770px) 100vw, 770px\" src=\"https:\/\/www.chengjitoy.com\/wp-content\/uploads\/2026\/01\/details-of-1\uff1a-16-electric-4wd-car-11.webp\" alt=\"\" class=\"wp-image-8461\" srcset=\"https:\/\/www.chengjitoy.com\/wp-content\/uploads\/2026\/01\/details-of-1\uff1a-16-electric-4wd-car-11.webp 770w, https:\/\/www.chengjitoy.com\/wp-content\/uploads\/2026\/01\/details-of-1\uff1a-16-electric-4wd-car-11-179x300.webp 179w, https:\/\/www.chengjitoy.com\/wp-content\/uploads\/2026\/01\/details-of-1\uff1a-16-electric-4wd-car-11-768x1289.webp 768w, https:\/\/www.chengjitoy.com\/wp-content\/uploads\/2026\/01\/details-of-1\uff1a-16-electric-4wd-car-11-7x12.webp 7w, https:\/\/www.chengjitoy.com\/wp-content\/uploads\/2026\/01\/details-of-1\uff1a-16-electric-4wd-car-11-600x1007.webp 600w\" \/><\/figure>\n<\/div>\n\n\n\n<div class=\"wp-block-column is-layout-flow wp-block-column-is-layout-flow\" style=\"flex-basis:33.33%\"><\/div>\n<\/div>","protected":false},"excerpt":{"rendered":"<p>Gro\u00dfhandel RC Off-Road Stunt Auto Spielzeug.  1:16 Ma\u00dfstab elektrische 4WD RC Auto mit 2840 b\u00fcrstenlosen Motor, 6 Metall Verst\u00e4rkungen, LED-Leuchten und professionelle Chassis f\u00fcr hohe Leistung.<\/p>\n<p>Als <a href=\"https:\/\/www.chengjitoy.com\/de\/produkt-kategorie\/wholesale-rc-toys\/\"><strong>RC-Spielzeuglieferant<\/strong><\/a>, Chengji kann Gro\u00dfhandelslieferungen f\u00fcr globale Kunden anbieten. Kontaktieren Sie uns jetzt!<\/p>\n<h2>Spezifikationen von Off-Road Stunt Car Toy<\/h2>\n<table style=\"border-collapse: collapse; width: 343.52pt;\" border=\"0\" width=\"458\" cellspacing=\"0\" cellpadding=\"0\">\n<tbody>\n<tr style=\"height: 19.50pt;\">\n<td class=\"et2\" style=\"height: 19.50pt; width: 133.75pt;\" width=\"178\" height=\"26\">Artikel Nr.:<\/td>\n<td class=\"et3\" style=\"width: 210.00pt;\" width=\"280\">CJ-2893419<\/td>\n<\/tr>\n<tr style=\"height: 20.25pt;\">\n<td class=\"et4\" style=\"height: 20.25pt; width: 133.75pt;\" width=\"178\" height=\"27\">Paket:<\/td>\n<td class=\"et5\" style=\"width: 210.00pt;\" width=\"280\">FARBKASTEN<\/td>\n<\/tr>\n<tr style=\"height: 19.50pt;\">\n<td class=\"et4\" style=\"height: 19.50pt; width: 133.75pt;\" width=\"178\" height=\"26\">Packungsgr\u00f6\u00dfe:<\/td>\n<td class=\"et5\" style=\"width: 210.00pt;\" width=\"280\">30.6*14.8*24.1CM<\/td>\n<\/tr>\n<tr style=\"height: 20.25pt;\">\n<td class=\"et4\" style=\"height: 20.25pt; width: 133.75pt;\" width=\"178\" height=\"27\">Kartongr\u00f6\u00dfe\uff1a<\/td>\n<td class=\"et5\" style=\"width: 210.00pt;\" width=\"280\">61.5*31.5*50CM<\/td>\n<\/tr>\n<tr style=\"height: 19.50pt;\">\n<td class=\"et4\" style=\"height: 19.50pt; width: 133.75pt;\" width=\"178\" height=\"26\">Q'ty\/Ctn:<\/td>\n<td class=\"et5\" style=\"width: 210.00pt;\" width=\"280\">8\/ST\u00dcCK<\/td>\n<\/tr>\n<tr style=\"height: 20.25pt;\">\n<td class=\"et4\" style=\"height: 20.25pt; width: 133.75pt;\" width=\"178\" height=\"27\">G.W.\/N.W.:<\/td>\n<td class=\"et5\" style=\"width: 210.00pt;\" width=\"280\">14,6\/13,6 KG<\/td>\n<\/tr>\n<tr style=\"height: 19.50pt;\">\n<td class=\"et4\" style=\"height: 19.50pt; width: 133.75pt;\" width=\"178\" height=\"26\">Messung:<\/td>\n<td class=\"et5\" style=\"width: 210.00pt;\" width=\"280\">0,1 CBM\u2019\/3,42 CUFT\u2019<\/td>\n<\/tr>\n<\/tbody>\n<\/table>","protected":false},"featured_media":8445,"comment_status":"closed","ping_status":"closed","template":"","meta":{"_acf_changed":true},"product_brand":[],"product_cat":[26,30,18,50],"product_tag":[],"class_list":{"0":"post-8163","1":"product","2":"type-product","3":"status-publish","4":"has-post-thumbnail","6":"product_cat-wholesale-toys-for-all-ages","7":"product_cat-wholesale-toys-for-ages-3-and-up","8":"product_cat-wholesale-rc-toys","9":"product_cat-wholesale-rc-cars","11":"first","12":"instock","13":"shipping-taxable","14":"product-type-simple"},"acf":[],"_links":{"self":[{"href":"https:\/\/www.chengjitoy.com\/de\/wp-json\/wp\/v2\/product\/8163","targetHints":{"allow":["GET"]}}],"collection":[{"href":"https:\/\/www.chengjitoy.com\/de\/wp-json\/wp\/v2\/product"}],"about":[{"href":"https:\/\/www.chengjitoy.com\/de\/wp-json\/wp\/v2\/types\/product"}],"replies":[{"embeddable":true,"href":"https:\/\/www.chengjitoy.com\/de\/wp-json\/wp\/v2\/comments?post=8163"}],"wp:featuredmedia":[{"embeddable":true,"href":"https:\/\/www.chengjitoy.com\/de\/wp-json\/wp\/v2\/media\/8445"}],"wp:attachment":[{"href":"https:\/\/www.chengjitoy.com\/de\/wp-json\/wp\/v2\/media?parent=8163"}],"wp:term":[{"taxonomy":"product_brand","embeddable":true,"href":"https:\/\/www.chengjitoy.com\/de\/wp-json\/wp\/v2\/product_brand?post=8163"},{"taxonomy":"product_cat","embeddable":true,"href":"https:\/\/www.chengjitoy.com\/de\/wp-json\/wp\/v2\/product_cat?post=8163"},{"taxonomy":"product_tag","embeddable":true,"href":"https:\/\/www.chengjitoy.com\/de\/wp-json\/wp\/v2\/product_tag?post=8163"}],"curies":[{"name":"wp","href":"https:\/\/api.w.org\/{rel}","templated":true}]}}