{"id":8778,"date":"2026-02-24T09:59:13","date_gmt":"2026-02-24T09:59:13","guid":{"rendered":"https:\/\/www.chengjitoy.com\/?post_type=product&#038;p=8778"},"modified":"2026-02-24T09:59:13","modified_gmt":"2026-02-24T09:59:13","slug":"wholesale-electric-gear-turtle-toy","status":"publish","type":"product","link":"https:\/\/www.chengjitoy.com\/de\/product\/wholesale-electric-gear-turtle-toy\/","title":{"rendered":"Gro\u00dfhandel elektrische Getriebe Schildkr\u00f6te Spielzeug - Chinese Toy Factory Supply"},"content":{"rendered":"<div class=\"wp-block-columns is-layout-flex wp-container-core-columns-is-layout-9d6595d7 wp-block-columns-is-layout-flex\">\n<div class=\"wp-block-column is-layout-flow wp-block-column-is-layout-flow\" style=\"flex-basis:66.66%\">\n<figure class=\"wp-block-image size-full\"><img loading=\"lazy\" decoding=\"async\" width=\"770\" height=\"1313\" sizes=\"auto, (max-width: 770px) 100vw, 770px\" src=\"https:\/\/www.chengjitoy.com\/wp-content\/uploads\/2026\/02\/details-of-Electric-gear-turtle-1.webp\" alt=\"\" class=\"wp-image-9017\" srcset=\"https:\/\/www.chengjitoy.com\/wp-content\/uploads\/2026\/02\/details-of-Electric-gear-turtle-1.webp 770w, https:\/\/www.chengjitoy.com\/wp-content\/uploads\/2026\/02\/details-of-Electric-gear-turtle-1-176x300.webp 176w, https:\/\/www.chengjitoy.com\/wp-content\/uploads\/2026\/02\/details-of-Electric-gear-turtle-1-768x1310.webp 768w, https:\/\/www.chengjitoy.com\/wp-content\/uploads\/2026\/02\/details-of-Electric-gear-turtle-1-7x12.webp 7w, https:\/\/www.chengjitoy.com\/wp-content\/uploads\/2026\/02\/details-of-Electric-gear-turtle-1-600x1023.webp 600w\" \/><\/figure>\n\n\n\n<figure class=\"wp-block-image size-full\"><img loading=\"lazy\" decoding=\"async\" width=\"770\" height=\"731\" sizes=\"auto, (max-width: 770px) 100vw, 770px\" src=\"https:\/\/www.chengjitoy.com\/wp-content\/uploads\/2026\/02\/details-of-Electric-gear-turtle-2.webp\" alt=\"\" class=\"wp-image-9018\" srcset=\"https:\/\/www.chengjitoy.com\/wp-content\/uploads\/2026\/02\/details-of-Electric-gear-turtle-2.webp 770w, https:\/\/www.chengjitoy.com\/wp-content\/uploads\/2026\/02\/details-of-Electric-gear-turtle-2-300x285.webp 300w, https:\/\/www.chengjitoy.com\/wp-content\/uploads\/2026\/02\/details-of-Electric-gear-turtle-2-768x729.webp 768w, https:\/\/www.chengjitoy.com\/wp-content\/uploads\/2026\/02\/details-of-Electric-gear-turtle-2-13x12.webp 13w, https:\/\/www.chengjitoy.com\/wp-content\/uploads\/2026\/02\/details-of-Electric-gear-turtle-2-600x570.webp 600w\" \/><\/figure>\n\n\n\n<figure class=\"wp-block-image size-full\"><img loading=\"lazy\" decoding=\"async\" width=\"770\" height=\"808\" sizes=\"auto, (max-width: 770px) 100vw, 770px\" src=\"https:\/\/www.chengjitoy.com\/wp-content\/uploads\/2026\/02\/details-of-Electric-gear-turtle-3.webp\" alt=\"\" class=\"wp-image-9019\" srcset=\"https:\/\/www.chengjitoy.com\/wp-content\/uploads\/2026\/02\/details-of-Electric-gear-turtle-3.webp 770w, https:\/\/www.chengjitoy.com\/wp-content\/uploads\/2026\/02\/details-of-Electric-gear-turtle-3-286x300.webp 286w, https:\/\/www.chengjitoy.com\/wp-content\/uploads\/2026\/02\/details-of-Electric-gear-turtle-3-768x806.webp 768w, https:\/\/www.chengjitoy.com\/wp-content\/uploads\/2026\/02\/details-of-Electric-gear-turtle-3-11x12.webp 11w, https:\/\/www.chengjitoy.com\/wp-content\/uploads\/2026\/02\/details-of-Electric-gear-turtle-3-600x630.webp 600w\" \/><\/figure>\n\n\n\n<figure class=\"wp-block-image size-full\"><img loading=\"lazy\" decoding=\"async\" width=\"770\" height=\"545\" sizes=\"auto, (max-width: 770px) 100vw, 770px\" src=\"https:\/\/www.chengjitoy.com\/wp-content\/uploads\/2026\/02\/details-of-Electric-gear-turtle-4.webp\" alt=\"\" class=\"wp-image-9020\" srcset=\"https:\/\/www.chengjitoy.com\/wp-content\/uploads\/2026\/02\/details-of-Electric-gear-turtle-4.webp 770w, https:\/\/www.chengjitoy.com\/wp-content\/uploads\/2026\/02\/details-of-Electric-gear-turtle-4-300x212.webp 300w, https:\/\/www.chengjitoy.com\/wp-content\/uploads\/2026\/02\/details-of-Electric-gear-turtle-4-768x544.webp 768w, https:\/\/www.chengjitoy.com\/wp-content\/uploads\/2026\/02\/details-of-Electric-gear-turtle-4-18x12.webp 18w, https:\/\/www.chengjitoy.com\/wp-content\/uploads\/2026\/02\/details-of-Electric-gear-turtle-4-600x425.webp 600w\" \/><\/figure>\n\n\n\n<figure class=\"wp-block-image size-full\"><img loading=\"lazy\" decoding=\"async\" width=\"770\" height=\"1073\" sizes=\"auto, (max-width: 770px) 100vw, 770px\" src=\"https:\/\/www.chengjitoy.com\/wp-content\/uploads\/2026\/02\/details-of-Electric-gear-turtle-5.webp\" alt=\"\" class=\"wp-image-9021\" srcset=\"https:\/\/www.chengjitoy.com\/wp-content\/uploads\/2026\/02\/details-of-Electric-gear-turtle-5.webp 770w, https:\/\/www.chengjitoy.com\/wp-content\/uploads\/2026\/02\/details-of-Electric-gear-turtle-5-215x300.webp 215w, https:\/\/www.chengjitoy.com\/wp-content\/uploads\/2026\/02\/details-of-Electric-gear-turtle-5-768x1070.webp 768w, https:\/\/www.chengjitoy.com\/wp-content\/uploads\/2026\/02\/details-of-Electric-gear-turtle-5-9x12.webp 9w, https:\/\/www.chengjitoy.com\/wp-content\/uploads\/2026\/02\/details-of-Electric-gear-turtle-5-600x836.webp 600w\" \/><\/figure>\n<\/div>\n\n\n\n<div class=\"wp-block-column is-layout-flow wp-block-column-is-layout-flow\" style=\"flex-basis:33.33%\"><\/div>\n<\/div>","protected":false},"excerpt":{"rendered":"<p>Gro\u00dfhandel elektrische Getriebe Schildkr\u00f6te Spielzeug, bunte Lichter, dynamische Musik, Getriebe Rotation, sicher, umweltfreundliches ABS-Material, Spa\u00df Lernbegleiter f\u00fcr Kinder.<\/p>\n<p>Als <a href=\"https:\/\/www.chengjitoy.com\/de\/produkt-kategorie\/wholesale-toys-for-all-ages\/\"><strong>Spielzeuglieferant<\/strong><\/a>, Chengji ist in der Lage, Gro\u00dfbestellungen von Kunden aus aller Welt zu unterst\u00fctzen. Kontaktieren Sie uns jetzt!<\/p>\n<h2>Spezifikationen der elektrischen Getriebeschildkr\u00f6te\u00a0<\/h2>\n<table style=\"border-collapse: collapse; width: 343.52pt;\" border=\"0\" width=\"458\" cellspacing=\"0\" cellpadding=\"0\">\n<tbody>\n<tr style=\"height: 19.50pt;\">\n<td class=\"et2\" style=\"height: 19.50pt; width: 133.75pt;\" width=\"178\" height=\"26\">Artikel Nr.:<\/td>\n<td class=\"et3\" style=\"width: 210.00pt;\" width=\"280\">CJ-2248495<\/td>\n<\/tr>\n<tr style=\"height: 20.25pt;\">\n<td class=\"et4\" style=\"height: 20.25pt; width: 133.75pt;\" width=\"178\" height=\"27\">Paket:<\/td>\n<td class=\"et5\" style=\"width: 210.00pt;\" width=\"280\">Farbkasten<\/td>\n<\/tr>\n<tr style=\"height: 19.50pt;\">\n<td class=\"et4\" style=\"height: 19.50pt; width: 133.75pt;\" width=\"178\" height=\"26\">Packungsgr\u00f6\u00dfe:<\/td>\n<td class=\"et5\" style=\"width: 210.00pt;\" width=\"280\">21.2*9.3*14.2CM<\/td>\n<\/tr>\n<tr style=\"height: 20.25pt;\">\n<td class=\"et4\" style=\"height: 20.25pt; width: 133.75pt;\" width=\"178\" height=\"27\">Kartongr\u00f6\u00dfe\uff1a<\/td>\n<td class=\"et5\" style=\"width: 210.00pt;\" width=\"280\">88*41*91CM<\/td>\n<\/tr>\n<tr style=\"height: 19.50pt;\">\n<td class=\"et4\" style=\"height: 19.50pt; width: 133.75pt;\" width=\"178\" height=\"26\">Q'ty\/Ctn:<\/td>\n<td class=\"et5\" style=\"width: 210.00pt;\" width=\"280\">96\/ST\u00dcCK<\/td>\n<\/tr>\n<tr style=\"height: 20.25pt;\">\n<td class=\"et4\" style=\"height: 20.25pt; width: 133.75pt;\" width=\"178\" height=\"27\">G.W.\/N.W.:<\/td>\n<td class=\"et5\" style=\"width: 210.00pt;\" width=\"280\">31\/27 KG<\/td>\n<\/tr>\n<tr style=\"height: 19.50pt;\">\n<td class=\"et4\" style=\"height: 19.50pt; width: 133.75pt;\" width=\"178\" height=\"26\">Messung:<\/td>\n<td class=\"et5\" style=\"width: 210.00pt;\" width=\"280\">0,33 CBM\u2019\/11,59 CUFT\u2019<\/td>\n<\/tr>\n<\/tbody>\n<\/table>","protected":false},"featured_media":9011,"comment_status":"closed","ping_status":"closed","template":"","meta":{"_acf_changed":true},"product_brand":[],"product_cat":[26,30],"product_tag":[],"class_list":{"0":"post-8778","1":"product","2":"type-product","3":"status-publish","4":"has-post-thumbnail","6":"product_cat-wholesale-toys-for-all-ages","7":"product_cat-wholesale-toys-for-ages-3-and-up","9":"first","10":"instock","11":"shipping-taxable","12":"product-type-simple"},"acf":[],"_links":{"self":[{"href":"https:\/\/www.chengjitoy.com\/de\/wp-json\/wp\/v2\/product\/8778","targetHints":{"allow":["GET"]}}],"collection":[{"href":"https:\/\/www.chengjitoy.com\/de\/wp-json\/wp\/v2\/product"}],"about":[{"href":"https:\/\/www.chengjitoy.com\/de\/wp-json\/wp\/v2\/types\/product"}],"replies":[{"embeddable":true,"href":"https:\/\/www.chengjitoy.com\/de\/wp-json\/wp\/v2\/comments?post=8778"}],"wp:featuredmedia":[{"embeddable":true,"href":"https:\/\/www.chengjitoy.com\/de\/wp-json\/wp\/v2\/media\/9011"}],"wp:attachment":[{"href":"https:\/\/www.chengjitoy.com\/de\/wp-json\/wp\/v2\/media?parent=8778"}],"wp:term":[{"taxonomy":"product_brand","embeddable":true,"href":"https:\/\/www.chengjitoy.com\/de\/wp-json\/wp\/v2\/product_brand?post=8778"},{"taxonomy":"product_cat","embeddable":true,"href":"https:\/\/www.chengjitoy.com\/de\/wp-json\/wp\/v2\/product_cat?post=8778"},{"taxonomy":"product_tag","embeddable":true,"href":"https:\/\/www.chengjitoy.com\/de\/wp-json\/wp\/v2\/product_tag?post=8778"}],"curies":[{"name":"wp","href":"https:\/\/api.w.org\/{rel}","templated":true}]}}