{"id":886,"date":"2025-06-18T13:27:52","date_gmt":"2025-06-18T13:27:52","guid":{"rendered":"https:\/\/www.chengjitoy.com\/?post_type=product&#038;p=886"},"modified":"2025-06-30T10:38:47","modified_gmt":"2025-06-30T10:38:47","slug":"wholesale-dinosaur-track-toy-set-cj4057477","status":"publish","type":"product","link":"https:\/\/www.chengjitoy.com\/de\/product\/wholesale-dinosaur-track-toy-set-cj4057477\/","title":{"rendered":"Gro\u00dfhandel Dinosaurier Themed Track Toy Sets - Immersive spielen, kreatives Bauen und p\u00e4dagogischen Spa\u00df"},"content":{"rendered":"<div class=\"wp-block-columns is-layout-flex wp-container-core-columns-is-layout-9d6595d7 wp-block-columns-is-layout-flex\">\n<div class=\"wp-block-column is-layout-flow wp-block-column-is-layout-flow\" style=\"flex-basis:66.66%\">\n<figure class=\"wp-block-image size-full\"><img loading=\"lazy\" decoding=\"async\" width=\"770\" height=\"1713\" sizes=\"auto, (max-width: 770px) 100vw, 770px\" src=\"https:\/\/www.chengjitoy.com\/wp-content\/uploads\/2025\/06\/details-of-dinosaur-themed-track-toy-set-1.webp\" alt=\"Details zum Dinosaurier-Spielzeugset (1)\" class=\"wp-image-913\" srcset=\"https:\/\/www.chengjitoy.com\/wp-content\/uploads\/2025\/06\/details-of-dinosaur-themed-track-toy-set-1.webp 770w, https:\/\/www.chengjitoy.com\/wp-content\/uploads\/2025\/06\/details-of-dinosaur-themed-track-toy-set-1-135x300.webp 135w, https:\/\/www.chengjitoy.com\/wp-content\/uploads\/2025\/06\/details-of-dinosaur-themed-track-toy-set-1-768x1709.webp 768w, https:\/\/www.chengjitoy.com\/wp-content\/uploads\/2025\/06\/details-of-dinosaur-themed-track-toy-set-1-600x1335.webp 600w\" \/><\/figure>\n\n\n\n<figure class=\"wp-block-image size-full\"><img loading=\"lazy\" decoding=\"async\" width=\"770\" height=\"746\" sizes=\"auto, (max-width: 770px) 100vw, 770px\" src=\"https:\/\/www.chengjitoy.com\/wp-content\/uploads\/2025\/06\/details-of-dinosaur-themed-track-toy-set-2.webp\" alt=\"Details zum Dinosaurier-Spielzeugset (2)\" class=\"wp-image-914\" srcset=\"https:\/\/www.chengjitoy.com\/wp-content\/uploads\/2025\/06\/details-of-dinosaur-themed-track-toy-set-2.webp 770w, https:\/\/www.chengjitoy.com\/wp-content\/uploads\/2025\/06\/details-of-dinosaur-themed-track-toy-set-2-300x291.webp 300w, https:\/\/www.chengjitoy.com\/wp-content\/uploads\/2025\/06\/details-of-dinosaur-themed-track-toy-set-2-768x744.webp 768w, https:\/\/www.chengjitoy.com\/wp-content\/uploads\/2025\/06\/details-of-dinosaur-themed-track-toy-set-2-600x581.webp 600w\" \/><\/figure>\n\n\n\n<figure class=\"wp-block-image size-full\"><img loading=\"lazy\" decoding=\"async\" width=\"770\" height=\"1517\" sizes=\"auto, (max-width: 770px) 100vw, 770px\" src=\"https:\/\/www.chengjitoy.com\/wp-content\/uploads\/2025\/06\/details-of-dinosaur-themed-track-toy-set-3.webp\" alt=\"Details zum Dinosaurier-Spielzeugset (3)\" class=\"wp-image-915\" srcset=\"https:\/\/www.chengjitoy.com\/wp-content\/uploads\/2025\/06\/details-of-dinosaur-themed-track-toy-set-3.webp 770w, https:\/\/www.chengjitoy.com\/wp-content\/uploads\/2025\/06\/details-of-dinosaur-themed-track-toy-set-3-152x300.webp 152w, https:\/\/www.chengjitoy.com\/wp-content\/uploads\/2025\/06\/details-of-dinosaur-themed-track-toy-set-3-768x1513.webp 768w, https:\/\/www.chengjitoy.com\/wp-content\/uploads\/2025\/06\/details-of-dinosaur-themed-track-toy-set-3-600x1182.webp 600w\" \/><\/figure>\n\n\n\n<figure class=\"wp-block-image size-full\"><img loading=\"lazy\" decoding=\"async\" width=\"770\" height=\"1744\" sizes=\"auto, (max-width: 770px) 100vw, 770px\" src=\"https:\/\/www.chengjitoy.com\/wp-content\/uploads\/2025\/06\/details-of-dinosaur-themed-track-toy-set-4.webp\" alt=\"Details zum Dinosaurier-Spielzeugset (4)\" class=\"wp-image-916\" srcset=\"https:\/\/www.chengjitoy.com\/wp-content\/uploads\/2025\/06\/details-of-dinosaur-themed-track-toy-set-4.webp 770w, https:\/\/www.chengjitoy.com\/wp-content\/uploads\/2025\/06\/details-of-dinosaur-themed-track-toy-set-4-132x300.webp 132w, https:\/\/www.chengjitoy.com\/wp-content\/uploads\/2025\/06\/details-of-dinosaur-themed-track-toy-set-4-768x1739.webp 768w, https:\/\/www.chengjitoy.com\/wp-content\/uploads\/2025\/06\/details-of-dinosaur-themed-track-toy-set-4-600x1359.webp 600w\" \/><\/figure>\n\n\n\n<figure class=\"wp-block-image size-full\"><img loading=\"lazy\" decoding=\"async\" width=\"770\" height=\"1517\" sizes=\"auto, (max-width: 770px) 100vw, 770px\" src=\"https:\/\/www.chengjitoy.com\/wp-content\/uploads\/2025\/06\/details-of-dinosaur-themed-track-toy-set-5.webp\" alt=\"Details zum Dinosaurier-Spielzeugset (5)\" class=\"wp-image-917\" srcset=\"https:\/\/www.chengjitoy.com\/wp-content\/uploads\/2025\/06\/details-of-dinosaur-themed-track-toy-set-5.webp 770w, https:\/\/www.chengjitoy.com\/wp-content\/uploads\/2025\/06\/details-of-dinosaur-themed-track-toy-set-5-152x300.webp 152w, https:\/\/www.chengjitoy.com\/wp-content\/uploads\/2025\/06\/details-of-dinosaur-themed-track-toy-set-5-768x1513.webp 768w, https:\/\/www.chengjitoy.com\/wp-content\/uploads\/2025\/06\/details-of-dinosaur-themed-track-toy-set-5-600x1182.webp 600w\" \/><\/figure>\n\n\n\n<figure class=\"wp-block-image size-full\"><img loading=\"lazy\" decoding=\"async\" width=\"770\" height=\"1472\" sizes=\"auto, (max-width: 770px) 100vw, 770px\" src=\"https:\/\/www.chengjitoy.com\/wp-content\/uploads\/2025\/06\/details-of-dinosaur-themed-track-toy-set-6.webp\" alt=\"Details zum Dinosaurier-Spielzeugset (6)\" class=\"wp-image-918\" srcset=\"https:\/\/www.chengjitoy.com\/wp-content\/uploads\/2025\/06\/details-of-dinosaur-themed-track-toy-set-6.webp 770w, https:\/\/www.chengjitoy.com\/wp-content\/uploads\/2025\/06\/details-of-dinosaur-themed-track-toy-set-6-157x300.webp 157w, https:\/\/www.chengjitoy.com\/wp-content\/uploads\/2025\/06\/details-of-dinosaur-themed-track-toy-set-6-768x1468.webp 768w, https:\/\/www.chengjitoy.com\/wp-content\/uploads\/2025\/06\/details-of-dinosaur-themed-track-toy-set-6-600x1147.webp 600w\" \/><\/figure>\n\n\n\n<figure class=\"wp-block-image size-full\"><img loading=\"lazy\" decoding=\"async\" width=\"770\" height=\"1502\" sizes=\"auto, (max-width: 770px) 100vw, 770px\" src=\"https:\/\/www.chengjitoy.com\/wp-content\/uploads\/2025\/06\/details-of-dinosaur-themed-track-toy-set-7.webp\" alt=\"Details zum Dinosaurier-Spielzeugset (7)\" class=\"wp-image-919\" srcset=\"https:\/\/www.chengjitoy.com\/wp-content\/uploads\/2025\/06\/details-of-dinosaur-themed-track-toy-set-7.webp 770w, https:\/\/www.chengjitoy.com\/wp-content\/uploads\/2025\/06\/details-of-dinosaur-themed-track-toy-set-7-154x300.webp 154w, https:\/\/www.chengjitoy.com\/wp-content\/uploads\/2025\/06\/details-of-dinosaur-themed-track-toy-set-7-768x1498.webp 768w, https:\/\/www.chengjitoy.com\/wp-content\/uploads\/2025\/06\/details-of-dinosaur-themed-track-toy-set-7-600x1170.webp 600w\" \/><\/figure>\n\n\n\n<figure class=\"wp-block-image size-full\"><img loading=\"lazy\" decoding=\"async\" width=\"770\" height=\"1593\" sizes=\"auto, (max-width: 770px) 100vw, 770px\" src=\"https:\/\/www.chengjitoy.com\/wp-content\/uploads\/2025\/06\/details-of-dinosaur-themed-track-toy-set-8.webp\" alt=\"Details zum Dinosaurier-Spielzeugset (8)\" class=\"wp-image-920\" srcset=\"https:\/\/www.chengjitoy.com\/wp-content\/uploads\/2025\/06\/details-of-dinosaur-themed-track-toy-set-8.webp 770w, https:\/\/www.chengjitoy.com\/wp-content\/uploads\/2025\/06\/details-of-dinosaur-themed-track-toy-set-8-145x300.webp 145w, https:\/\/www.chengjitoy.com\/wp-content\/uploads\/2025\/06\/details-of-dinosaur-themed-track-toy-set-8-768x1589.webp 768w, https:\/\/www.chengjitoy.com\/wp-content\/uploads\/2025\/06\/details-of-dinosaur-themed-track-toy-set-8-600x1241.webp 600w\" \/><\/figure>\n\n\n\n<figure class=\"wp-block-image size-full\"><img loading=\"lazy\" decoding=\"async\" width=\"770\" height=\"1462\" sizes=\"auto, (max-width: 770px) 100vw, 770px\" src=\"https:\/\/www.chengjitoy.com\/wp-content\/uploads\/2025\/06\/details-of-dinosaur-themed-track-toy-set-9.webp\" alt=\"Details zum Dinosaurier-Spielzeugset (9)\" class=\"wp-image-921\" srcset=\"https:\/\/www.chengjitoy.com\/wp-content\/uploads\/2025\/06\/details-of-dinosaur-themed-track-toy-set-9.webp 770w, https:\/\/www.chengjitoy.com\/wp-content\/uploads\/2025\/06\/details-of-dinosaur-themed-track-toy-set-9-158x300.webp 158w, https:\/\/www.chengjitoy.com\/wp-content\/uploads\/2025\/06\/details-of-dinosaur-themed-track-toy-set-9-768x1458.webp 768w, https:\/\/www.chengjitoy.com\/wp-content\/uploads\/2025\/06\/details-of-dinosaur-themed-track-toy-set-9-600x1139.webp 600w\" \/><\/figure>\n\n\n\n<figure class=\"wp-block-image size-full\"><img loading=\"lazy\" decoding=\"async\" width=\"770\" height=\"2025\" sizes=\"auto, (max-width: 770px) 100vw, 770px\" src=\"https:\/\/www.chengjitoy.com\/wp-content\/uploads\/2025\/06\/details-of-dinosaur-themed-track-toy-set-10.webp\" alt=\"Details zum Dinosaurier-Spielzeugset (10)\" class=\"wp-image-922\" srcset=\"https:\/\/www.chengjitoy.com\/wp-content\/uploads\/2025\/06\/details-of-dinosaur-themed-track-toy-set-10.webp 770w, https:\/\/www.chengjitoy.com\/wp-content\/uploads\/2025\/06\/details-of-dinosaur-themed-track-toy-set-10-114x300.webp 114w, https:\/\/www.chengjitoy.com\/wp-content\/uploads\/2025\/06\/details-of-dinosaur-themed-track-toy-set-10-768x2020.webp 768w, https:\/\/www.chengjitoy.com\/wp-content\/uploads\/2025\/06\/details-of-dinosaur-themed-track-toy-set-10-600x1578.webp 600w\" \/><\/figure>\n\n\n\n<figure class=\"wp-block-image size-full\"><img loading=\"lazy\" decoding=\"async\" width=\"770\" height=\"739\" sizes=\"auto, (max-width: 770px) 100vw, 770px\" src=\"https:\/\/www.chengjitoy.com\/wp-content\/uploads\/2025\/06\/details-of-dinosaur-themed-track-toy-set-11.webp\" alt=\"Details zum Dinosaurier-Spielzeugset (11)\" class=\"wp-image-923\" srcset=\"https:\/\/www.chengjitoy.com\/wp-content\/uploads\/2025\/06\/details-of-dinosaur-themed-track-toy-set-11.webp 770w, https:\/\/www.chengjitoy.com\/wp-content\/uploads\/2025\/06\/details-of-dinosaur-themed-track-toy-set-11-300x288.webp 300w, https:\/\/www.chengjitoy.com\/wp-content\/uploads\/2025\/06\/details-of-dinosaur-themed-track-toy-set-11-768x737.webp 768w, https:\/\/www.chengjitoy.com\/wp-content\/uploads\/2025\/06\/details-of-dinosaur-themed-track-toy-set-11-600x576.webp 600w\" \/><\/figure>\n\n\n\n<figure class=\"wp-block-image size-full\"><img loading=\"lazy\" decoding=\"async\" width=\"770\" height=\"1470\" sizes=\"auto, (max-width: 770px) 100vw, 770px\" src=\"https:\/\/www.chengjitoy.com\/wp-content\/uploads\/2025\/06\/details-of-dinosaur-themed-track-toy-set-12.webp\" alt=\"Details zum Dinosaurier-Spielzeugset (12)\" class=\"wp-image-924\" srcset=\"https:\/\/www.chengjitoy.com\/wp-content\/uploads\/2025\/06\/details-of-dinosaur-themed-track-toy-set-12.webp 770w, https:\/\/www.chengjitoy.com\/wp-content\/uploads\/2025\/06\/details-of-dinosaur-themed-track-toy-set-12-157x300.webp 157w, https:\/\/www.chengjitoy.com\/wp-content\/uploads\/2025\/06\/details-of-dinosaur-themed-track-toy-set-12-768x1466.webp 768w, https:\/\/www.chengjitoy.com\/wp-content\/uploads\/2025\/06\/details-of-dinosaur-themed-track-toy-set-12-600x1145.webp 600w\" \/><\/figure>\n<\/div>\n\n\n\n<div class=\"wp-block-column is-layout-flow wp-block-column-is-layout-flow\" style=\"flex-basis:33.33%\"><\/div>\n<\/div>","protected":false},"excerpt":{"rendered":"<p>Tauchen Sie mit unserem Dinosaurier-Spielset in das Zeitalter des Jura ein! Dieses Spielzeug enth\u00e4lt 6 lebensechte Dinosauriermodelle und das flexible Schienensystem erm\u00f6glicht es Kindern, eine Vielzahl von Layouts zu bauen und die Kreativit\u00e4t zu f\u00f6rdern. Das Set besteht aus hochwertigem ABS-Kunststoff mit glatten und abgerundeten Kanten, die ein sicheres Spielen f\u00fcr Kinder ab 5 Jahren gew\u00e4hrleisten. Kontaktieren Sie uns f\u00fcr ein Gro\u00dfhandelsangebot.<\/p>\n<h2>Technische Daten des Dinosaurier-Spielzeugsets zum Thema Schienen<\/h2>\n<table style=\"border-collapse: collapse; width: 343.52pt;\" border=\"0\" width=\"458\" cellspacing=\"0\" cellpadding=\"0\">\n<tbody>\n<tr style=\"height: 20.25pt;\">\n<td class=\"et3\" style=\"height: 20.25pt; width: 133.75pt;\" width=\"178\" height=\"27\">Artikel Nr.:<\/td>\n<td class=\"et4\" style=\"width: 210.00pt;\" width=\"280\">CJ-4057477<\/td>\n<\/tr>\n<tr style=\"height: 19.50pt;\">\n<td class=\"et5\" style=\"height: 19.50pt; width: 133.75pt;\" width=\"178\" height=\"26\">Paket:<\/td>\n<td class=\"et6\" style=\"width: 210.00pt;\" width=\"280\">Handlicher Blumenkasten<\/td>\n<\/tr>\n<tr style=\"height: 19.50pt;\">\n<td class=\"et5\" style=\"height: 19.50pt; width: 133.75pt;\" width=\"178\" height=\"26\">Packungsgr\u00f6\u00dfe:<\/td>\n<td class=\"et6\" style=\"width: 210.00pt;\" width=\"280\">34,5\u00d714\u00d724,5 cm<\/td>\n<\/tr>\n<tr style=\"height: 20.25pt;\">\n<td class=\"et5\" style=\"height: 20.25pt; width: 133.75pt;\" width=\"178\" height=\"27\">Kartongr\u00f6\u00dfe\uff1a<\/td>\n<td class=\"et6\" style=\"width: 210.00pt;\" width=\"280\">87,5\u00d737\u00d7104 cm<\/td>\n<\/tr>\n<tr style=\"height: 19.50pt;\">\n<td class=\"et5\" style=\"height: 19.50pt; width: 133.75pt;\" width=\"178\" height=\"26\">Menge\/Gebinde<\/td>\n<td class=\"et6\" style=\"width: 210.00pt;\" width=\"280\">24 St\u00fcck<\/td>\n<\/tr>\n<tr style=\"height: 20.25pt;\">\n<td class=\"et5\" style=\"height: 20.25pt; width: 133.75pt;\" width=\"178\" height=\"27\">G.W.\/N.W.:<\/td>\n<td class=\"et6\" style=\"width: 210.00pt;\" width=\"280\">24 \/ 22 kg<\/td>\n<\/tr>\n<tr style=\"height: 19.50pt;\">\n<td class=\"et5\" style=\"height: 19.50pt; width: 133.75pt;\" width=\"178\" height=\"26\">Messung:<\/td>\n<td class=\"et6\" style=\"width: 210.00pt;\" width=\"280\">0,337 cbm \/ 11,903 cft<\/td>\n<\/tr>\n<\/tbody>\n<\/table>","protected":false},"featured_media":894,"comment_status":"closed","ping_status":"closed","template":"","meta":{"_acf_changed":false},"product_brand":[],"product_cat":[26,31,94],"product_tag":[],"class_list":{"0":"post-886","1":"product","2":"type-product","3":"status-publish","4":"has-post-thumbnail","6":"product_cat-wholesale-toys-for-all-ages","7":"product_cat-wholesale-toys-for-ages-5-and-up","8":"product_cat-wholesale-track-toy-set","10":"first","11":"instock","12":"shipping-taxable","13":"product-type-simple"},"acf":[],"_links":{"self":[{"href":"https:\/\/www.chengjitoy.com\/de\/wp-json\/wp\/v2\/product\/886","targetHints":{"allow":["GET"]}}],"collection":[{"href":"https:\/\/www.chengjitoy.com\/de\/wp-json\/wp\/v2\/product"}],"about":[{"href":"https:\/\/www.chengjitoy.com\/de\/wp-json\/wp\/v2\/types\/product"}],"replies":[{"embeddable":true,"href":"https:\/\/www.chengjitoy.com\/de\/wp-json\/wp\/v2\/comments?post=886"}],"wp:featuredmedia":[{"embeddable":true,"href":"https:\/\/www.chengjitoy.com\/de\/wp-json\/wp\/v2\/media\/894"}],"wp:attachment":[{"href":"https:\/\/www.chengjitoy.com\/de\/wp-json\/wp\/v2\/media?parent=886"}],"wp:term":[{"taxonomy":"product_brand","embeddable":true,"href":"https:\/\/www.chengjitoy.com\/de\/wp-json\/wp\/v2\/product_brand?post=886"},{"taxonomy":"product_cat","embeddable":true,"href":"https:\/\/www.chengjitoy.com\/de\/wp-json\/wp\/v2\/product_cat?post=886"},{"taxonomy":"product_tag","embeddable":true,"href":"https:\/\/www.chengjitoy.com\/de\/wp-json\/wp\/v2\/product_tag?post=886"}],"curies":[{"name":"wp","href":"https:\/\/api.w.org\/{rel}","templated":true}]}}