{"id":9060,"date":"2026-03-03T10:05:40","date_gmt":"2026-03-03T10:05:40","guid":{"rendered":"https:\/\/www.chengjitoy.com\/?post_type=product&#038;p=9060"},"modified":"2026-03-03T10:05:40","modified_gmt":"2026-03-03T10:05:40","slug":"wholesale-kids-magic-trick-kit","status":"publish","type":"product","link":"https:\/\/www.chengjitoy.com\/de\/product\/wholesale-kids-magic-trick-kit\/","title":{"rendered":"Gro\u00dfhandel Zaubertrick-Kit f\u00fcr Kinder - Lernspielzeug f\u00fcr den Aufbau von Kindervertrauen"},"content":{"rendered":"<div class=\"wp-block-columns is-layout-flex wp-container-core-columns-is-layout-9d6595d7 wp-block-columns-is-layout-flex\">\n<div class=\"wp-block-column is-layout-flow wp-block-column-is-layout-flow\" style=\"flex-basis:66.66%\">\n<figure class=\"wp-block-image size-full\"><img loading=\"lazy\" decoding=\"async\" width=\"770\" height=\"975\" src=\"https:\/\/www.chengjitoy.com\/wp-content\/uploads\/2026\/02\/details-of-Magic-items-1.webp\" alt=\"\" class=\"wp-image-9195\" srcset=\"https:\/\/www.chengjitoy.com\/wp-content\/uploads\/2026\/02\/details-of-Magic-items-1.webp 770w, https:\/\/www.chengjitoy.com\/wp-content\/uploads\/2026\/02\/details-of-Magic-items-1-237x300.webp 237w, https:\/\/www.chengjitoy.com\/wp-content\/uploads\/2026\/02\/details-of-Magic-items-1-768x972.webp 768w, https:\/\/www.chengjitoy.com\/wp-content\/uploads\/2026\/02\/details-of-Magic-items-1-9x12.webp 9w, https:\/\/www.chengjitoy.com\/wp-content\/uploads\/2026\/02\/details-of-Magic-items-1-600x760.webp 600w\" sizes=\"auto, (max-width: 770px) 100vw, 770px\" \/><\/figure>\n\n\n\n<figure class=\"wp-block-image size-full\"><img loading=\"lazy\" decoding=\"async\" width=\"770\" height=\"954\" src=\"https:\/\/www.chengjitoy.com\/wp-content\/uploads\/2026\/02\/details-of-Magic-items-2.webp\" alt=\"\" class=\"wp-image-9196\" srcset=\"https:\/\/www.chengjitoy.com\/wp-content\/uploads\/2026\/02\/details-of-Magic-items-2.webp 770w, https:\/\/www.chengjitoy.com\/wp-content\/uploads\/2026\/02\/details-of-Magic-items-2-242x300.webp 242w, https:\/\/www.chengjitoy.com\/wp-content\/uploads\/2026\/02\/details-of-Magic-items-2-768x952.webp 768w, https:\/\/www.chengjitoy.com\/wp-content\/uploads\/2026\/02\/details-of-Magic-items-2-10x12.webp 10w, https:\/\/www.chengjitoy.com\/wp-content\/uploads\/2026\/02\/details-of-Magic-items-2-600x743.webp 600w\" sizes=\"auto, (max-width: 770px) 100vw, 770px\" \/><\/figure>\n\n\n\n<figure class=\"wp-block-image size-full\"><img loading=\"lazy\" decoding=\"async\" width=\"770\" height=\"773\" src=\"https:\/\/www.chengjitoy.com\/wp-content\/uploads\/2026\/02\/details-of-Magic-items-3.webp\" alt=\"\" class=\"wp-image-9197\" srcset=\"https:\/\/www.chengjitoy.com\/wp-content\/uploads\/2026\/02\/details-of-Magic-items-3.webp 770w, https:\/\/www.chengjitoy.com\/wp-content\/uploads\/2026\/02\/details-of-Magic-items-3-300x300.webp 300w, https:\/\/www.chengjitoy.com\/wp-content\/uploads\/2026\/02\/details-of-Magic-items-3-150x150.webp 150w, https:\/\/www.chengjitoy.com\/wp-content\/uploads\/2026\/02\/details-of-Magic-items-3-768x771.webp 768w, https:\/\/www.chengjitoy.com\/wp-content\/uploads\/2026\/02\/details-of-Magic-items-3-12x12.webp 12w, https:\/\/www.chengjitoy.com\/wp-content\/uploads\/2026\/02\/details-of-Magic-items-3-600x602.webp 600w, https:\/\/www.chengjitoy.com\/wp-content\/uploads\/2026\/02\/details-of-Magic-items-3-100x100.webp 100w\" sizes=\"auto, (max-width: 770px) 100vw, 770px\" \/><\/figure>\n\n\n\n<figure class=\"wp-block-image size-full\"><img loading=\"lazy\" decoding=\"async\" width=\"770\" height=\"836\" src=\"https:\/\/www.chengjitoy.com\/wp-content\/uploads\/2026\/02\/details-of-Magic-items-4.webp\" alt=\"\" class=\"wp-image-9198\" srcset=\"https:\/\/www.chengjitoy.com\/wp-content\/uploads\/2026\/02\/details-of-Magic-items-4.webp 770w, https:\/\/www.chengjitoy.com\/wp-content\/uploads\/2026\/02\/details-of-Magic-items-4-276x300.webp 276w, https:\/\/www.chengjitoy.com\/wp-content\/uploads\/2026\/02\/details-of-Magic-items-4-768x834.webp 768w, https:\/\/www.chengjitoy.com\/wp-content\/uploads\/2026\/02\/details-of-Magic-items-4-11x12.webp 11w, https:\/\/www.chengjitoy.com\/wp-content\/uploads\/2026\/02\/details-of-Magic-items-4-600x651.webp 600w\" sizes=\"auto, (max-width: 770px) 100vw, 770px\" \/><\/figure>\n\n\n\n<figure class=\"wp-block-image size-full\"><img loading=\"lazy\" decoding=\"async\" width=\"770\" height=\"627\" src=\"https:\/\/www.chengjitoy.com\/wp-content\/uploads\/2026\/02\/details-of-Magic-items-5.webp\" alt=\"\" class=\"wp-image-9199\" srcset=\"https:\/\/www.chengjitoy.com\/wp-content\/uploads\/2026\/02\/details-of-Magic-items-5.webp 770w, https:\/\/www.chengjitoy.com\/wp-content\/uploads\/2026\/02\/details-of-Magic-items-5-300x244.webp 300w, https:\/\/www.chengjitoy.com\/wp-content\/uploads\/2026\/02\/details-of-Magic-items-5-768x625.webp 768w, https:\/\/www.chengjitoy.com\/wp-content\/uploads\/2026\/02\/details-of-Magic-items-5-15x12.webp 15w, https:\/\/www.chengjitoy.com\/wp-content\/uploads\/2026\/02\/details-of-Magic-items-5-600x489.webp 600w\" sizes=\"auto, (max-width: 770px) 100vw, 770px\" \/><\/figure>\n\n\n\n<figure class=\"wp-block-image size-full\"><img loading=\"lazy\" decoding=\"async\" width=\"770\" height=\"851\" src=\"https:\/\/www.chengjitoy.com\/wp-content\/uploads\/2026\/02\/details-of-Magic-items-6.webp\" alt=\"\" class=\"wp-image-9200\" srcset=\"https:\/\/www.chengjitoy.com\/wp-content\/uploads\/2026\/02\/details-of-Magic-items-6.webp 770w, https:\/\/www.chengjitoy.com\/wp-content\/uploads\/2026\/02\/details-of-Magic-items-6-271x300.webp 271w, https:\/\/www.chengjitoy.com\/wp-content\/uploads\/2026\/02\/details-of-Magic-items-6-768x849.webp 768w, https:\/\/www.chengjitoy.com\/wp-content\/uploads\/2026\/02\/details-of-Magic-items-6-11x12.webp 11w, https:\/\/www.chengjitoy.com\/wp-content\/uploads\/2026\/02\/details-of-Magic-items-6-600x663.webp 600w\" sizes=\"auto, (max-width: 770px) 100vw, 770px\" \/><\/figure>\n<\/div>\n\n\n\n<div class=\"wp-block-column is-layout-flow wp-block-column-is-layout-flow\" style=\"flex-basis:33.33%\"><\/div>\n<\/div>","protected":false},"excerpt":{"rendered":"<p>Unsere Gro\u00dfhandel Kinder Zaubertrick-Kit enth\u00e4lt \u201cM\u00fcnze Penetration\u201d &amp; \u201cGeld verschwinden\u201d Effekte, voller Requisiten, einfach zu f\u00fchren, steigert die Kreativit\u00e4t und Vertrauen.<\/p>\n<p>Als <a href=\"https:\/\/www.chengjitoy.com\/de\/produkt-kategorie\/wholesale-educational-toys\/\"><strong>Anbieter von Lernspielzeug<\/strong><\/a>, Chengji bietet Spielzeug-Gro\u00dfbestellungen f\u00fcr Marken, Distributoren und Einzelh\u00e4ndler an. Kontaktieren Sie uns jetzt!<\/p>\n<h2>Technische Daten des Zaubertricksets f\u00fcr Kinder<\/h2>\n<table style=\"border-collapse: collapse; width: 343.52pt;\" border=\"0\" width=\"458\" cellspacing=\"0\" cellpadding=\"0\">\n<tbody>\n<tr style=\"height: 19.50pt;\">\n<td class=\"et2\" style=\"height: 19.50pt; width: 133.75pt;\" width=\"178\" height=\"26\">Artikel Nr.:<\/td>\n<td class=\"et3\" style=\"width: 210.00pt;\" width=\"280\">CJ-1045045<\/td>\n<\/tr>\n<tr style=\"height: 20.25pt;\">\n<td class=\"et4\" style=\"height: 20.25pt; width: 133.75pt;\" width=\"178\" height=\"27\">Paket:<\/td>\n<td class=\"et5\" style=\"width: 210.00pt;\" width=\"280\">Farbkasten<\/td>\n<\/tr>\n<tr style=\"height: 19.50pt;\">\n<td class=\"et4\" style=\"height: 19.50pt; width: 133.75pt;\" width=\"178\" height=\"26\">Packungsgr\u00f6\u00dfe:<\/td>\n<td class=\"et5\" style=\"width: 210.00pt;\" width=\"280\">12*5*15CM<\/td>\n<\/tr>\n<tr style=\"height: 20.25pt;\">\n<td class=\"et4\" style=\"height: 20.25pt; width: 133.75pt;\" width=\"178\" height=\"27\">Kartongr\u00f6\u00dfe\uff1a<\/td>\n<td class=\"et5\" style=\"width: 210.00pt;\" width=\"280\">65.5*44.5*76CM<\/td>\n<\/tr>\n<tr style=\"height: 19.50pt;\">\n<td class=\"et4\" style=\"height: 19.50pt; width: 133.75pt;\" width=\"178\" height=\"26\">Q'ty\/Ctn:<\/td>\n<td class=\"et5\" style=\"width: 210.00pt;\" width=\"280\">192\/ST\u00dcCK<\/td>\n<\/tr>\n<tr style=\"height: 20.25pt;\">\n<td class=\"et4\" style=\"height: 20.25pt; width: 133.75pt;\" width=\"178\" height=\"27\">G.W.\/N.W.:<\/td>\n<td class=\"et5\" style=\"width: 210.00pt;\" width=\"280\">21\/18,5 KG<\/td>\n<\/tr>\n<tr style=\"height: 19.50pt;\">\n<td class=\"et4\" style=\"height: 19.50pt; width: 133.75pt;\" width=\"178\" height=\"26\">Messung:<\/td>\n<td class=\"et5\" style=\"width: 210.00pt;\" width=\"280\">0,22 CBM\u2019\/7,82 CUFT\u2019<\/td>\n<\/tr>\n<\/tbody>\n<\/table>","protected":false},"featured_media":9190,"comment_status":"closed","ping_status":"closed","template":"","meta":{"_acf_changed":true},"product_brand":[],"product_cat":[26,30,24,103],"product_tag":[],"class_list":{"0":"post-9060","1":"product","2":"type-product","3":"status-publish","4":"has-post-thumbnail","6":"product_cat-wholesale-toys-for-all-ages","7":"product_cat-wholesale-toys-for-ages-3-and-up","8":"product_cat-wholesale-educational-toys","9":"product_cat-wholesale-magic-trick-sets","11":"first","12":"instock","13":"shipping-taxable","14":"product-type-simple"},"acf":[],"_links":{"self":[{"href":"https:\/\/www.chengjitoy.com\/de\/wp-json\/wp\/v2\/product\/9060","targetHints":{"allow":["GET"]}}],"collection":[{"href":"https:\/\/www.chengjitoy.com\/de\/wp-json\/wp\/v2\/product"}],"about":[{"href":"https:\/\/www.chengjitoy.com\/de\/wp-json\/wp\/v2\/types\/product"}],"replies":[{"embeddable":true,"href":"https:\/\/www.chengjitoy.com\/de\/wp-json\/wp\/v2\/comments?post=9060"}],"wp:featuredmedia":[{"embeddable":true,"href":"https:\/\/www.chengjitoy.com\/de\/wp-json\/wp\/v2\/media\/9190"}],"wp:attachment":[{"href":"https:\/\/www.chengjitoy.com\/de\/wp-json\/wp\/v2\/media?parent=9060"}],"wp:term":[{"taxonomy":"product_brand","embeddable":true,"href":"https:\/\/www.chengjitoy.com\/de\/wp-json\/wp\/v2\/product_brand?post=9060"},{"taxonomy":"product_cat","embeddable":true,"href":"https:\/\/www.chengjitoy.com\/de\/wp-json\/wp\/v2\/product_cat?post=9060"},{"taxonomy":"product_tag","embeddable":true,"href":"https:\/\/www.chengjitoy.com\/de\/wp-json\/wp\/v2\/product_tag?post=9060"}],"curies":[{"name":"wp","href":"https:\/\/api.w.org\/{rel}","templated":true}]}}