{"id":927,"date":"2025-06-18T14:14:12","date_gmt":"2025-06-18T14:14:12","guid":{"rendered":"https:\/\/www.chengjitoy.com\/?post_type=product&#038;p=927"},"modified":"2025-06-30T10:37:50","modified_gmt":"2025-06-30T10:37:50","slug":"wholesale-magic-magnetic-blocks-set-cj4074525","status":"publish","type":"product","link":"https:\/\/www.chengjitoy.com\/de\/product\/wholesale-magic-magnetic-blocks-set-cj4074525\/","title":{"rendered":"Gro\u00dfhandel Magnetic Building Block Sets, stimulieren Kinder 3D Phantasie - Chengji Toy Supplier"},"content":{"rendered":"<div class=\"wp-block-columns is-layout-flex wp-container-core-columns-is-layout-9d6595d7 wp-block-columns-is-layout-flex\">\n<div class=\"wp-block-column is-layout-flow wp-block-column-is-layout-flow\" style=\"flex-basis:66.66%\">\n<figure class=\"wp-block-image size-full\"><img loading=\"lazy\" decoding=\"async\" width=\"770\" height=\"828\" sizes=\"auto, (max-width: 770px) 100vw, 770px\" src=\"https:\/\/www.chengjitoy.com\/wp-content\/uploads\/2025\/06\/details-of-magnetic-building-block-set-1.webp\" alt=\"Details des magnetischen Baukastens (1)\" class=\"wp-image-936\" srcset=\"https:\/\/www.chengjitoy.com\/wp-content\/uploads\/2025\/06\/details-of-magnetic-building-block-set-1.webp 770w, https:\/\/www.chengjitoy.com\/wp-content\/uploads\/2025\/06\/details-of-magnetic-building-block-set-1-279x300.webp 279w, https:\/\/www.chengjitoy.com\/wp-content\/uploads\/2025\/06\/details-of-magnetic-building-block-set-1-768x826.webp 768w, https:\/\/www.chengjitoy.com\/wp-content\/uploads\/2025\/06\/details-of-magnetic-building-block-set-1-600x645.webp 600w\" \/><\/figure>\n\n\n\n<figure class=\"wp-block-image size-full\"><img loading=\"lazy\" decoding=\"async\" width=\"770\" height=\"2116\" sizes=\"auto, (max-width: 770px) 100vw, 770px\" src=\"https:\/\/www.chengjitoy.com\/wp-content\/uploads\/2025\/06\/details-of-magnetic-building-block-set-2.webp\" alt=\"Details des magnetischen Baukastens (2)\" class=\"wp-image-937\" srcset=\"https:\/\/www.chengjitoy.com\/wp-content\/uploads\/2025\/06\/details-of-magnetic-building-block-set-2.webp 770w, https:\/\/www.chengjitoy.com\/wp-content\/uploads\/2025\/06\/details-of-magnetic-building-block-set-2-109x300.webp 109w, https:\/\/www.chengjitoy.com\/wp-content\/uploads\/2025\/06\/details-of-magnetic-building-block-set-2-768x2111.webp 768w, https:\/\/www.chengjitoy.com\/wp-content\/uploads\/2025\/06\/details-of-magnetic-building-block-set-2-600x1649.webp 600w\" \/><\/figure>\n\n\n\n<figure class=\"wp-block-image size-full\"><img loading=\"lazy\" decoding=\"async\" width=\"770\" height=\"1702\" sizes=\"auto, (max-width: 770px) 100vw, 770px\" src=\"https:\/\/www.chengjitoy.com\/wp-content\/uploads\/2025\/06\/details-of-magnetic-building-block-set-3.webp\" alt=\"Details des magnetischen Baukastens (3)\" class=\"wp-image-938\" srcset=\"https:\/\/www.chengjitoy.com\/wp-content\/uploads\/2025\/06\/details-of-magnetic-building-block-set-3.webp 770w, https:\/\/www.chengjitoy.com\/wp-content\/uploads\/2025\/06\/details-of-magnetic-building-block-set-3-136x300.webp 136w, https:\/\/www.chengjitoy.com\/wp-content\/uploads\/2025\/06\/details-of-magnetic-building-block-set-3-768x1698.webp 768w, https:\/\/www.chengjitoy.com\/wp-content\/uploads\/2025\/06\/details-of-magnetic-building-block-set-3-600x1326.webp 600w\" \/><\/figure>\n\n\n\n<figure class=\"wp-block-image size-full\"><img loading=\"lazy\" decoding=\"async\" width=\"770\" height=\"2037\" sizes=\"auto, (max-width: 770px) 100vw, 770px\" src=\"https:\/\/www.chengjitoy.com\/wp-content\/uploads\/2025\/06\/details-of-magnetic-building-block-set-4.webp\" alt=\"Details des magnetischen Baukastens (4)\" class=\"wp-image-939\" srcset=\"https:\/\/www.chengjitoy.com\/wp-content\/uploads\/2025\/06\/details-of-magnetic-building-block-set-4.webp 770w, https:\/\/www.chengjitoy.com\/wp-content\/uploads\/2025\/06\/details-of-magnetic-building-block-set-4-113x300.webp 113w, https:\/\/www.chengjitoy.com\/wp-content\/uploads\/2025\/06\/details-of-magnetic-building-block-set-4-768x2032.webp 768w, https:\/\/www.chengjitoy.com\/wp-content\/uploads\/2025\/06\/details-of-magnetic-building-block-set-4-600x1587.webp 600w\" \/><\/figure>\n\n\n\n<figure class=\"wp-block-image size-full\"><img loading=\"lazy\" decoding=\"async\" width=\"770\" height=\"1267\" sizes=\"auto, (max-width: 770px) 100vw, 770px\" src=\"https:\/\/www.chengjitoy.com\/wp-content\/uploads\/2025\/06\/details-of-magnetic-building-block-set-5.webp\" alt=\"Details des magnetischen Baukastens (5)\" class=\"wp-image-940\" srcset=\"https:\/\/www.chengjitoy.com\/wp-content\/uploads\/2025\/06\/details-of-magnetic-building-block-set-5.webp 770w, https:\/\/www.chengjitoy.com\/wp-content\/uploads\/2025\/06\/details-of-magnetic-building-block-set-5-182x300.webp 182w, https:\/\/www.chengjitoy.com\/wp-content\/uploads\/2025\/06\/details-of-magnetic-building-block-set-5-768x1264.webp 768w, https:\/\/www.chengjitoy.com\/wp-content\/uploads\/2025\/06\/details-of-magnetic-building-block-set-5-600x987.webp 600w\" \/><\/figure>\n\n\n\n<figure class=\"wp-block-image size-full\"><img loading=\"lazy\" decoding=\"async\" width=\"770\" height=\"1678\" sizes=\"auto, (max-width: 770px) 100vw, 770px\" src=\"https:\/\/www.chengjitoy.com\/wp-content\/uploads\/2025\/06\/details-of-magnetic-building-block-set-6.webp\" alt=\"Details des magnetischen Baukastens (6)\" class=\"wp-image-941\" srcset=\"https:\/\/www.chengjitoy.com\/wp-content\/uploads\/2025\/06\/details-of-magnetic-building-block-set-6.webp 770w, https:\/\/www.chengjitoy.com\/wp-content\/uploads\/2025\/06\/details-of-magnetic-building-block-set-6-138x300.webp 138w, https:\/\/www.chengjitoy.com\/wp-content\/uploads\/2025\/06\/details-of-magnetic-building-block-set-6-768x1674.webp 768w, https:\/\/www.chengjitoy.com\/wp-content\/uploads\/2025\/06\/details-of-magnetic-building-block-set-6-600x1308.webp 600w\" \/><\/figure>\n\n\n\n<figure class=\"wp-block-image size-full\"><img loading=\"lazy\" decoding=\"async\" width=\"770\" height=\"1321\" sizes=\"auto, (max-width: 770px) 100vw, 770px\" src=\"https:\/\/www.chengjitoy.com\/wp-content\/uploads\/2025\/06\/details-of-magnetic-building-block-set-7.webp\" alt=\"Details des magnetischen Baukastens (7)\" class=\"wp-image-942\" srcset=\"https:\/\/www.chengjitoy.com\/wp-content\/uploads\/2025\/06\/details-of-magnetic-building-block-set-7.webp 770w, https:\/\/www.chengjitoy.com\/wp-content\/uploads\/2025\/06\/details-of-magnetic-building-block-set-7-175x300.webp 175w, https:\/\/www.chengjitoy.com\/wp-content\/uploads\/2025\/06\/details-of-magnetic-building-block-set-7-768x1318.webp 768w, https:\/\/www.chengjitoy.com\/wp-content\/uploads\/2025\/06\/details-of-magnetic-building-block-set-7-600x1029.webp 600w\" \/><\/figure>\n\n\n\n<figure class=\"wp-block-image size-full\"><img loading=\"lazy\" decoding=\"async\" width=\"770\" height=\"817\" sizes=\"auto, (max-width: 770px) 100vw, 770px\" src=\"https:\/\/www.chengjitoy.com\/wp-content\/uploads\/2025\/06\/details-of-magnetic-building-block-set-8.webp\" alt=\"Details des magnetischen Baukastens (8)\" class=\"wp-image-943\" srcset=\"https:\/\/www.chengjitoy.com\/wp-content\/uploads\/2025\/06\/details-of-magnetic-building-block-set-8.webp 770w, https:\/\/www.chengjitoy.com\/wp-content\/uploads\/2025\/06\/details-of-magnetic-building-block-set-8-283x300.webp 283w, https:\/\/www.chengjitoy.com\/wp-content\/uploads\/2025\/06\/details-of-magnetic-building-block-set-8-768x815.webp 768w, https:\/\/www.chengjitoy.com\/wp-content\/uploads\/2025\/06\/details-of-magnetic-building-block-set-8-600x637.webp 600w\" \/><\/figure>\n\n\n\n<figure class=\"wp-block-image size-full\"><img loading=\"lazy\" decoding=\"async\" width=\"770\" height=\"1517\" sizes=\"auto, (max-width: 770px) 100vw, 770px\" src=\"https:\/\/www.chengjitoy.com\/wp-content\/uploads\/2025\/06\/details-of-magnetic-building-block-set-9.webp\" alt=\"Details des magnetischen Baukastens (9)\" class=\"wp-image-944\" srcset=\"https:\/\/www.chengjitoy.com\/wp-content\/uploads\/2025\/06\/details-of-magnetic-building-block-set-9.webp 770w, https:\/\/www.chengjitoy.com\/wp-content\/uploads\/2025\/06\/details-of-magnetic-building-block-set-9-152x300.webp 152w, https:\/\/www.chengjitoy.com\/wp-content\/uploads\/2025\/06\/details-of-magnetic-building-block-set-9-768x1513.webp 768w, https:\/\/www.chengjitoy.com\/wp-content\/uploads\/2025\/06\/details-of-magnetic-building-block-set-9-600x1182.webp 600w\" \/><\/figure>\n<\/div>\n\n\n\n<div class=\"wp-block-column is-layout-flow wp-block-column-is-layout-flow\" style=\"flex-basis:33.33%\"><\/div>\n<\/div>","protected":false},"excerpt":{"rendered":"<p>Gro\u00dfhandel magnetische Bausteine Sets, mit starken magnetischen Snap-on-Design, kann in Tausende von Formen kombiniert werden, helfen Kinder geometrischen und r\u00e4umliches Denken zu bauen. Es gibt 6 thematische Sets zur Auswahl. Perfekt f\u00fcr Gro\u00dfh\u00e4ndler, Bildungsvertriebe und Spielzeugketten. Kontaktieren Sie Chengji, um ein gutes Angebot von einem zuverl\u00e4ssigen Spielzeuglieferanten zu erhalten.<\/p>\n<h2>Spezifikationen f\u00fcr Magnetische Baukl\u00f6tze<\/h2>\n<table style=\"border-collapse: collapse; width: 343.52pt;\" border=\"0\" width=\"458\" cellspacing=\"0\" cellpadding=\"0\">\n<tbody>\n<tr style=\"height: 19.50pt;\">\n<td class=\"et3\" style=\"height: 19.50pt; width: 133.75pt;\" width=\"178\" height=\"26\">Artikel Nr.:<\/td>\n<td class=\"et4\" style=\"width: 210.00pt;\" width=\"280\">CJ-4074525<\/td>\n<\/tr>\n<tr style=\"height: 20.25pt;\">\n<td class=\"et5\" style=\"height: 20.25pt; width: 133.75pt;\" width=\"178\" height=\"27\">Paket:<\/td>\n<td class=\"et6\" style=\"width: 210.00pt;\" width=\"280\">FARBKASTEN<\/td>\n<\/tr>\n<tr style=\"height: 19.50pt;\">\n<td class=\"et5\" style=\"height: 19.50pt; width: 133.75pt;\" width=\"178\" height=\"26\">Packungsgr\u00f6\u00dfe:<\/td>\n<td class=\"et6\" style=\"width: 210.00pt;\" width=\"280\">23*4.5*18CM<\/td>\n<\/tr>\n<tr style=\"height: 19.50pt;\">\n<td class=\"et5\" style=\"height: 19.50pt; width: 133.75pt;\" width=\"178\" height=\"26\">Kartongr\u00f6\u00dfe\uff1a<\/td>\n<td class=\"et6\" style=\"width: 210.00pt;\" width=\"280\">56.5*26*57CM<\/td>\n<\/tr>\n<tr style=\"height: 20.25pt;\">\n<td class=\"et5\" style=\"height: 20.25pt; width: 133.75pt;\" width=\"178\" height=\"27\">Q'ty\/Ctn:<\/td>\n<td class=\"et6\" style=\"width: 210.00pt;\" width=\"280\">36\/ST\u00dcCK<\/td>\n<\/tr>\n<tr style=\"height: 19.50pt;\">\n<td class=\"et5\" style=\"height: 19.50pt; width: 133.75pt;\" width=\"178\" height=\"26\">G.W.\/N.W.:<\/td>\n<td class=\"et6\" style=\"width: 210.00pt;\" width=\"280\">28,1\/25,9 KG<\/td>\n<\/tr>\n<tr style=\"height: 20.25pt;\">\n<td class=\"et5\" style=\"height: 20.25pt; width: 133.75pt;\" width=\"178\" height=\"27\">Messung:<\/td>\n<td class=\"et6\" style=\"width: 210.00pt;\" width=\"280\">0,08 CBM'\/2,967 CUFT'<\/td>\n<\/tr>\n<\/tbody>\n<\/table>","protected":false},"featured_media":928,"comment_status":"closed","ping_status":"closed","template":"","meta":{"_acf_changed":true},"product_brand":[],"product_cat":[26,30,41,24],"product_tag":[],"class_list":{"0":"post-927","1":"product","2":"type-product","3":"status-publish","4":"has-post-thumbnail","6":"product_cat-wholesale-toys-for-all-ages","7":"product_cat-wholesale-toys-for-ages-3-and-up","8":"product_cat-wholesale-blocks-and-puzzles","9":"product_cat-wholesale-educational-toys","11":"first","12":"instock","13":"shipping-taxable","14":"product-type-simple"},"acf":[],"_links":{"self":[{"href":"https:\/\/www.chengjitoy.com\/de\/wp-json\/wp\/v2\/product\/927","targetHints":{"allow":["GET"]}}],"collection":[{"href":"https:\/\/www.chengjitoy.com\/de\/wp-json\/wp\/v2\/product"}],"about":[{"href":"https:\/\/www.chengjitoy.com\/de\/wp-json\/wp\/v2\/types\/product"}],"replies":[{"embeddable":true,"href":"https:\/\/www.chengjitoy.com\/de\/wp-json\/wp\/v2\/comments?post=927"}],"wp:featuredmedia":[{"embeddable":true,"href":"https:\/\/www.chengjitoy.com\/de\/wp-json\/wp\/v2\/media\/928"}],"wp:attachment":[{"href":"https:\/\/www.chengjitoy.com\/de\/wp-json\/wp\/v2\/media?parent=927"}],"wp:term":[{"taxonomy":"product_brand","embeddable":true,"href":"https:\/\/www.chengjitoy.com\/de\/wp-json\/wp\/v2\/product_brand?post=927"},{"taxonomy":"product_cat","embeddable":true,"href":"https:\/\/www.chengjitoy.com\/de\/wp-json\/wp\/v2\/product_cat?post=927"},{"taxonomy":"product_tag","embeddable":true,"href":"https:\/\/www.chengjitoy.com\/de\/wp-json\/wp\/v2\/product_tag?post=927"}],"curies":[{"name":"wp","href":"https:\/\/api.w.org\/{rel}","templated":true}]}}