{"id":1021,"date":"2025-06-19T05:59:44","date_gmt":"2025-06-19T05:59:44","guid":{"rendered":"https:\/\/www.chengjitoy.com\/?post_type=product&#038;p=1021"},"modified":"2025-06-30T00:49:38","modified_gmt":"2025-06-30T00:49:38","slug":"wholesale-lcd-writing-tablet-for-kids-cj4325776","status":"publish","type":"product","link":"https:\/\/www.chengjitoy.com\/es\/product\/wholesale-lcd-writing-tablet-for-kids-cj4325776\/","title":{"rendered":"Mayorista Tabletas de escritura LCD con temas de animales, Juguetes para escribir y dibujar a granel en venta"},"content":{"rendered":"<div class=\"wp-block-columns is-layout-flex wp-container-core-columns-is-layout-9d6595d7 wp-block-columns-is-layout-flex\">\n<div class=\"wp-block-column is-layout-flow wp-block-column-is-layout-flow\" style=\"flex-basis:66.66%\">\n<figure class=\"wp-block-image size-full\"><img loading=\"lazy\" decoding=\"async\" width=\"770\" height=\"1128\" sizes=\"auto, (max-width: 770px) 100vw, 770px\" src=\"https:\/\/www.chengjitoy.com\/wp-content\/uploads\/2025\/06\/details-of-lcd-writing-tablet-toy-1.webp\" alt=\"detalles de la tableta de escritura lcd de juguete (1)\" class=\"wp-image-1031\" srcset=\"https:\/\/www.chengjitoy.com\/wp-content\/uploads\/2025\/06\/details-of-lcd-writing-tablet-toy-1.webp 770w, https:\/\/www.chengjitoy.com\/wp-content\/uploads\/2025\/06\/details-of-lcd-writing-tablet-toy-1-205x300.webp 205w, https:\/\/www.chengjitoy.com\/wp-content\/uploads\/2025\/06\/details-of-lcd-writing-tablet-toy-1-768x1125.webp 768w, https:\/\/www.chengjitoy.com\/wp-content\/uploads\/2025\/06\/details-of-lcd-writing-tablet-toy-1-600x879.webp 600w\" \/><\/figure>\n\n\n\n<figure class=\"wp-block-image size-full\"><img loading=\"lazy\" decoding=\"async\" width=\"770\" height=\"443\" sizes=\"auto, (max-width: 770px) 100vw, 770px\" src=\"https:\/\/www.chengjitoy.com\/wp-content\/uploads\/2025\/06\/details-of-lcd-writing-tablet-toy-2.webp\" alt=\"detalles de la tableta de escritura lcd de juguete (2)\" class=\"wp-image-1032\" srcset=\"https:\/\/www.chengjitoy.com\/wp-content\/uploads\/2025\/06\/details-of-lcd-writing-tablet-toy-2.webp 770w, https:\/\/www.chengjitoy.com\/wp-content\/uploads\/2025\/06\/details-of-lcd-writing-tablet-toy-2-300x173.webp 300w, https:\/\/www.chengjitoy.com\/wp-content\/uploads\/2025\/06\/details-of-lcd-writing-tablet-toy-2-768x442.webp 768w, https:\/\/www.chengjitoy.com\/wp-content\/uploads\/2025\/06\/details-of-lcd-writing-tablet-toy-2-600x345.webp 600w\" \/><\/figure>\n\n\n\n<figure class=\"wp-block-image size-full\"><img loading=\"lazy\" decoding=\"async\" width=\"770\" height=\"1124\" sizes=\"auto, (max-width: 770px) 100vw, 770px\" src=\"https:\/\/www.chengjitoy.com\/wp-content\/uploads\/2025\/06\/details-of-lcd-writing-tablet-toy-3.webp\" alt=\"detalles de la tableta de escritura lcd de juguete (3)\" class=\"wp-image-1033\" srcset=\"https:\/\/www.chengjitoy.com\/wp-content\/uploads\/2025\/06\/details-of-lcd-writing-tablet-toy-3.webp 770w, https:\/\/www.chengjitoy.com\/wp-content\/uploads\/2025\/06\/details-of-lcd-writing-tablet-toy-3-206x300.webp 206w, https:\/\/www.chengjitoy.com\/wp-content\/uploads\/2025\/06\/details-of-lcd-writing-tablet-toy-3-768x1121.webp 768w, https:\/\/www.chengjitoy.com\/wp-content\/uploads\/2025\/06\/details-of-lcd-writing-tablet-toy-3-600x876.webp 600w\" \/><\/figure>\n\n\n\n<figure class=\"wp-block-image size-full\"><img loading=\"lazy\" decoding=\"async\" width=\"770\" height=\"1357\" sizes=\"auto, (max-width: 770px) 100vw, 770px\" src=\"https:\/\/www.chengjitoy.com\/wp-content\/uploads\/2025\/06\/details-of-lcd-writing-tablet-toy-4.webp\" alt=\"detalles de la tableta de escritura lcd de juguete (4)\" class=\"wp-image-1034\" srcset=\"https:\/\/www.chengjitoy.com\/wp-content\/uploads\/2025\/06\/details-of-lcd-writing-tablet-toy-4.webp 770w, https:\/\/www.chengjitoy.com\/wp-content\/uploads\/2025\/06\/details-of-lcd-writing-tablet-toy-4-170x300.webp 170w, https:\/\/www.chengjitoy.com\/wp-content\/uploads\/2025\/06\/details-of-lcd-writing-tablet-toy-4-768x1353.webp 768w, https:\/\/www.chengjitoy.com\/wp-content\/uploads\/2025\/06\/details-of-lcd-writing-tablet-toy-4-600x1057.webp 600w\" \/><\/figure>\n\n\n\n<figure class=\"wp-block-image size-full\"><img loading=\"lazy\" decoding=\"async\" width=\"770\" height=\"1065\" sizes=\"auto, (max-width: 770px) 100vw, 770px\" src=\"https:\/\/www.chengjitoy.com\/wp-content\/uploads\/2025\/06\/details-of-lcd-writing-tablet-toy-5.webp\" alt=\"detalles de la tableta de escritura lcd de juguete (5)\" class=\"wp-image-1035\" srcset=\"https:\/\/www.chengjitoy.com\/wp-content\/uploads\/2025\/06\/details-of-lcd-writing-tablet-toy-5.webp 770w, https:\/\/www.chengjitoy.com\/wp-content\/uploads\/2025\/06\/details-of-lcd-writing-tablet-toy-5-217x300.webp 217w, https:\/\/www.chengjitoy.com\/wp-content\/uploads\/2025\/06\/details-of-lcd-writing-tablet-toy-5-768x1062.webp 768w, https:\/\/www.chengjitoy.com\/wp-content\/uploads\/2025\/06\/details-of-lcd-writing-tablet-toy-5-600x830.webp 600w\" \/><\/figure>\n\n\n\n<figure class=\"wp-block-image size-full\"><img loading=\"lazy\" decoding=\"async\" width=\"770\" height=\"1097\" sizes=\"auto, (max-width: 770px) 100vw, 770px\" src=\"https:\/\/www.chengjitoy.com\/wp-content\/uploads\/2025\/06\/details-of-lcd-writing-tablet-toy-6.webp\" alt=\"detalles de la tableta de escritura lcd de juguete (6)\" class=\"wp-image-1036\" srcset=\"https:\/\/www.chengjitoy.com\/wp-content\/uploads\/2025\/06\/details-of-lcd-writing-tablet-toy-6.webp 770w, https:\/\/www.chengjitoy.com\/wp-content\/uploads\/2025\/06\/details-of-lcd-writing-tablet-toy-6-211x300.webp 211w, https:\/\/www.chengjitoy.com\/wp-content\/uploads\/2025\/06\/details-of-lcd-writing-tablet-toy-6-768x1094.webp 768w, https:\/\/www.chengjitoy.com\/wp-content\/uploads\/2025\/06\/details-of-lcd-writing-tablet-toy-6-600x855.webp 600w\" \/><\/figure>\n\n\n\n<figure class=\"wp-block-image size-full\"><img loading=\"lazy\" decoding=\"async\" width=\"770\" height=\"1033\" sizes=\"auto, (max-width: 770px) 100vw, 770px\" src=\"https:\/\/www.chengjitoy.com\/wp-content\/uploads\/2025\/06\/details-of-lcd-writing-tablet-toy-7.webp\" alt=\"detalles de la tableta de escritura lcd de juguete (7)\" class=\"wp-image-1037\" srcset=\"https:\/\/www.chengjitoy.com\/wp-content\/uploads\/2025\/06\/details-of-lcd-writing-tablet-toy-7.webp 770w, https:\/\/www.chengjitoy.com\/wp-content\/uploads\/2025\/06\/details-of-lcd-writing-tablet-toy-7-224x300.webp 224w, https:\/\/www.chengjitoy.com\/wp-content\/uploads\/2025\/06\/details-of-lcd-writing-tablet-toy-7-768x1030.webp 768w, https:\/\/www.chengjitoy.com\/wp-content\/uploads\/2025\/06\/details-of-lcd-writing-tablet-toy-7-600x805.webp 600w\" \/><\/figure>\n\n\n\n<figure class=\"wp-block-image size-full\"><img loading=\"lazy\" decoding=\"async\" width=\"770\" height=\"768\" sizes=\"auto, (max-width: 770px) 100vw, 770px\" src=\"https:\/\/www.chengjitoy.com\/wp-content\/uploads\/2025\/06\/details-of-lcd-writing-tablet-toy-8.webp\" alt=\"detalles de la tableta de escritura lcd de juguete (8)\" class=\"wp-image-1038\" srcset=\"https:\/\/www.chengjitoy.com\/wp-content\/uploads\/2025\/06\/details-of-lcd-writing-tablet-toy-8.webp 770w, https:\/\/www.chengjitoy.com\/wp-content\/uploads\/2025\/06\/details-of-lcd-writing-tablet-toy-8-300x300.webp 300w, https:\/\/www.chengjitoy.com\/wp-content\/uploads\/2025\/06\/details-of-lcd-writing-tablet-toy-8-150x150.webp 150w, https:\/\/www.chengjitoy.com\/wp-content\/uploads\/2025\/06\/details-of-lcd-writing-tablet-toy-8-768x766.webp 768w, https:\/\/www.chengjitoy.com\/wp-content\/uploads\/2025\/06\/details-of-lcd-writing-tablet-toy-8-600x598.webp 600w, https:\/\/www.chengjitoy.com\/wp-content\/uploads\/2025\/06\/details-of-lcd-writing-tablet-toy-8-100x100.webp 100w\" \/><\/figure>\n\n\n\n<figure class=\"wp-block-image size-full\"><img loading=\"lazy\" decoding=\"async\" width=\"770\" height=\"1397\" sizes=\"auto, (max-width: 770px) 100vw, 770px\" src=\"https:\/\/www.chengjitoy.com\/wp-content\/uploads\/2025\/06\/details-of-lcd-writing-tablet-toy-9.webp\" alt=\"detalles de la tableta de escritura lcd de juguete (9)\" class=\"wp-image-1039\" srcset=\"https:\/\/www.chengjitoy.com\/wp-content\/uploads\/2025\/06\/details-of-lcd-writing-tablet-toy-9.webp 770w, https:\/\/www.chengjitoy.com\/wp-content\/uploads\/2025\/06\/details-of-lcd-writing-tablet-toy-9-165x300.webp 165w, https:\/\/www.chengjitoy.com\/wp-content\/uploads\/2025\/06\/details-of-lcd-writing-tablet-toy-9-768x1393.webp 768w, https:\/\/www.chengjitoy.com\/wp-content\/uploads\/2025\/06\/details-of-lcd-writing-tablet-toy-9-600x1089.webp 600w\" \/><\/figure>\n<\/div>\n\n\n\n<div class=\"wp-block-column is-layout-flow wp-block-column-is-layout-flow\" style=\"flex-basis:33.33%\"><\/div>\n<\/div>\n\n\n\n<p><\/p>","protected":false},"excerpt":{"rendered":"<p>Esta tableta LCD para ni\u00f1os est\u00e1 equipada con una pantalla sensible a la presi\u00f3n, un dise\u00f1o de protecci\u00f3n ocular con certificaci\u00f3n T\u00dcV y simp\u00e1ticos dibujos de animales. Proporciona 20 plantillas de dibujo para ayudar a los ni\u00f1os a dominar gradualmente la construcci\u00f3n de formas, l\u00edneas y patrones en el graffiti y la pintura, y estimular el potencial art\u00edstico. Admite bloqueo con una sola tecla, bot\u00f3n de borrado r\u00e1pido y otras funciones. Es ligero y port\u00e1til, lo que permite a los ni\u00f1os estudiar y garabatear en cualquier momento y lugar. P\u00f3ngase en contacto con Chengji para obtener el mejor presupuesto de un proveedor de juguetes fiable.<\/p>\n<h2>Especificaciones de la tableta de escritura LCD con tem\u00e1tica de animales<\/h2>\n<table style=\"border-collapse: collapse; width: 343.52pt;\" border=\"0\" width=\"458\" cellspacing=\"0\" cellpadding=\"0\">\n<tbody>\n<tr style=\"height: 20.25pt;\">\n<td class=\"et3\" style=\"height: 20.25pt; width: 133.75pt;\" width=\"178\" height=\"27\">Art\u00edculo No:<\/td>\n<td class=\"et4\" style=\"width: 210.00pt;\" width=\"280\">CJ-4325776<\/td>\n<\/tr>\n<tr style=\"height: 19.50pt;\">\n<td class=\"et5\" style=\"height: 19.50pt; width: 133.75pt;\" width=\"178\" height=\"26\">Paquete:<\/td>\n<td class=\"et6\" style=\"width: 210.00pt;\" width=\"280\">caja de color<\/td>\n<\/tr>\n<tr style=\"height: 20.25pt;\">\n<td class=\"et5\" style=\"height: 20.25pt; width: 133.75pt;\" width=\"178\" height=\"27\">Tama\u00f1o del paquete:<\/td>\n<td class=\"et6\" style=\"width: 210.00pt;\" width=\"280\">35,5\u00d732\u00d72 cm<\/td>\n<\/tr>\n<tr style=\"height: 19.50pt;\">\n<td class=\"et5\" style=\"height: 19.50pt; width: 133.75pt;\" width=\"178\" height=\"26\">Tama\u00f1o de la caja\uff1a<\/td>\n<td class=\"et6\" style=\"width: 210.00pt;\" width=\"280\">41\u00d737\u00d765,5 cm<\/td>\n<\/tr>\n<tr style=\"height: 20.25pt;\">\n<td class=\"et5\" style=\"height: 20.25pt; width: 133.75pt;\" width=\"178\" height=\"27\">Cant:<\/td>\n<td class=\"et6\" style=\"width: 210.00pt;\" width=\"280\">36 unidades<\/td>\n<\/tr>\n<tr style=\"height: 19.50pt;\">\n<td class=\"et5\" style=\"height: 19.50pt; width: 133.75pt;\" width=\"178\" height=\"26\">G.W.\/N.W.:<\/td>\n<td class=\"et6\" style=\"width: 210.00pt;\" width=\"280\">19 \/ 17,5 kg<\/td>\n<\/tr>\n<tr style=\"height: 20.25pt;\">\n<td class=\"et5\" style=\"height: 20.25pt; width: 133.75pt;\" width=\"178\" height=\"27\">Medici\u00f3n:<\/td>\n<td class=\"et6\" style=\"width: 210.00pt;\" width=\"280\">0,099 m\u00b3 \/ 3,506 pies c\u00fabicos<\/td>\n<\/tr>\n<\/tbody>\n<\/table>","protected":false},"featured_media":1022,"comment_status":"closed","ping_status":"closed","template":"","meta":{"_acf_changed":false},"product_brand":[],"product_cat":[26,30,95,24],"product_tag":[],"class_list":{"0":"post-1021","1":"product","2":"type-product","3":"status-publish","4":"has-post-thumbnail","6":"product_cat-wholesale-toys-for-all-ages","7":"product_cat-wholesale-toys-for-ages-3-and-up","8":"product_cat-wholesale-drawing-and-writing-toys","9":"product_cat-wholesale-educational-toys","11":"first","12":"instock","13":"shipping-taxable","14":"product-type-simple"},"acf":[],"_links":{"self":[{"href":"https:\/\/www.chengjitoy.com\/es\/wp-json\/wp\/v2\/product\/1021","targetHints":{"allow":["GET"]}}],"collection":[{"href":"https:\/\/www.chengjitoy.com\/es\/wp-json\/wp\/v2\/product"}],"about":[{"href":"https:\/\/www.chengjitoy.com\/es\/wp-json\/wp\/v2\/types\/product"}],"replies":[{"embeddable":true,"href":"https:\/\/www.chengjitoy.com\/es\/wp-json\/wp\/v2\/comments?post=1021"}],"wp:featuredmedia":[{"embeddable":true,"href":"https:\/\/www.chengjitoy.com\/es\/wp-json\/wp\/v2\/media\/1022"}],"wp:attachment":[{"href":"https:\/\/www.chengjitoy.com\/es\/wp-json\/wp\/v2\/media?parent=1021"}],"wp:term":[{"taxonomy":"product_brand","embeddable":true,"href":"https:\/\/www.chengjitoy.com\/es\/wp-json\/wp\/v2\/product_brand?post=1021"},{"taxonomy":"product_cat","embeddable":true,"href":"https:\/\/www.chengjitoy.com\/es\/wp-json\/wp\/v2\/product_cat?post=1021"},{"taxonomy":"product_tag","embeddable":true,"href":"https:\/\/www.chengjitoy.com\/es\/wp-json\/wp\/v2\/product_tag?post=1021"}],"curies":[{"name":"wp","href":"https:\/\/api.w.org\/{rel}","templated":true}]}}