{"id":1042,"date":"2025-06-19T06:54:27","date_gmt":"2025-06-19T06:54:27","guid":{"rendered":"https:\/\/www.chengjitoy.com\/?post_type=product&#038;p=1042"},"modified":"2025-06-30T00:49:04","modified_gmt":"2025-06-30T00:49:04","slug":"wholesale-toy-makeup-kit-cj4340700","status":"publish","type":"product","link":"https:\/\/www.chengjitoy.com\/es\/product\/wholesale-toy-makeup-kit-cj4340700\/","title":{"rendered":"Mayorista Kids Dream Makeup Kit Toy - Caja de Belleza Realista con Maquillaje Lavable y Accesorios"},"content":{"rendered":"<div class=\"wp-block-columns is-layout-flex wp-container-core-columns-is-layout-9d6595d7 wp-block-columns-is-layout-flex\">\n<div class=\"wp-block-column is-layout-flow wp-block-column-is-layout-flow\" style=\"flex-basis:66.66%\">\n<figure class=\"wp-block-image size-full\"><img loading=\"lazy\" decoding=\"async\" width=\"790\" height=\"1229\" sizes=\"auto, (max-width: 790px) 100vw, 790px\" src=\"https:\/\/www.chengjitoy.com\/wp-content\/uploads\/2025\/06\/details-of-kids-makeup-kit\u200b-1.webp\" alt=\"detalles del kit de maquillaje infantil (1)\" class=\"wp-image-1057\" srcset=\"https:\/\/www.chengjitoy.com\/wp-content\/uploads\/2025\/06\/details-of-kids-makeup-kit\u200b-1.webp 790w, https:\/\/www.chengjitoy.com\/wp-content\/uploads\/2025\/06\/details-of-kids-makeup-kit\u200b-1-193x300.webp 193w, https:\/\/www.chengjitoy.com\/wp-content\/uploads\/2025\/06\/details-of-kids-makeup-kit\u200b-1-768x1195.webp 768w, https:\/\/www.chengjitoy.com\/wp-content\/uploads\/2025\/06\/details-of-kids-makeup-kit\u200b-1-600x933.webp 600w\" \/><\/figure>\n\n\n\n<figure class=\"wp-block-image size-full\"><img loading=\"lazy\" decoding=\"async\" width=\"790\" height=\"817\" sizes=\"auto, (max-width: 790px) 100vw, 790px\" src=\"https:\/\/www.chengjitoy.com\/wp-content\/uploads\/2025\/06\/details-of-kids-makeup-kit\u200b-2.webp\" alt=\"detalles del kit de maquillaje infantil (2)\" class=\"wp-image-1058\" srcset=\"https:\/\/www.chengjitoy.com\/wp-content\/uploads\/2025\/06\/details-of-kids-makeup-kit\u200b-2.webp 790w, https:\/\/www.chengjitoy.com\/wp-content\/uploads\/2025\/06\/details-of-kids-makeup-kit\u200b-2-290x300.webp 290w, https:\/\/www.chengjitoy.com\/wp-content\/uploads\/2025\/06\/details-of-kids-makeup-kit\u200b-2-768x794.webp 768w, https:\/\/www.chengjitoy.com\/wp-content\/uploads\/2025\/06\/details-of-kids-makeup-kit\u200b-2-600x621.webp 600w\" \/><\/figure>\n\n\n\n<figure class=\"wp-block-image size-full\"><img loading=\"lazy\" decoding=\"async\" width=\"790\" height=\"1692\" sizes=\"auto, (max-width: 790px) 100vw, 790px\" src=\"https:\/\/www.chengjitoy.com\/wp-content\/uploads\/2025\/06\/details-of-kids-makeup-kit\u200b-3.webp\" alt=\"detalles del kit de maquillaje infantil (3)\" class=\"wp-image-1059\" srcset=\"https:\/\/www.chengjitoy.com\/wp-content\/uploads\/2025\/06\/details-of-kids-makeup-kit\u200b-3.webp 790w, https:\/\/www.chengjitoy.com\/wp-content\/uploads\/2025\/06\/details-of-kids-makeup-kit\u200b-3-140x300.webp 140w, https:\/\/www.chengjitoy.com\/wp-content\/uploads\/2025\/06\/details-of-kids-makeup-kit\u200b-3-768x1645.webp 768w, https:\/\/www.chengjitoy.com\/wp-content\/uploads\/2025\/06\/details-of-kids-makeup-kit\u200b-3-600x1285.webp 600w\" \/><\/figure>\n\n\n\n<figure class=\"wp-block-image size-full\"><img loading=\"lazy\" decoding=\"async\" width=\"790\" height=\"1116\" sizes=\"auto, (max-width: 790px) 100vw, 790px\" src=\"https:\/\/www.chengjitoy.com\/wp-content\/uploads\/2025\/06\/details-of-kids-makeup-kit\u200b-4.webp\" alt=\"detalles del kit de maquillaje infantil (4)\" class=\"wp-image-1060\" srcset=\"https:\/\/www.chengjitoy.com\/wp-content\/uploads\/2025\/06\/details-of-kids-makeup-kit\u200b-4.webp 790w, https:\/\/www.chengjitoy.com\/wp-content\/uploads\/2025\/06\/details-of-kids-makeup-kit\u200b-4-212x300.webp 212w, https:\/\/www.chengjitoy.com\/wp-content\/uploads\/2025\/06\/details-of-kids-makeup-kit\u200b-4-768x1085.webp 768w, https:\/\/www.chengjitoy.com\/wp-content\/uploads\/2025\/06\/details-of-kids-makeup-kit\u200b-4-600x848.webp 600w\" \/><\/figure>\n\n\n\n<figure class=\"wp-block-image size-full\"><img loading=\"lazy\" decoding=\"async\" width=\"790\" height=\"1751\" sizes=\"auto, (max-width: 790px) 100vw, 790px\" src=\"https:\/\/www.chengjitoy.com\/wp-content\/uploads\/2025\/06\/details-of-kids-makeup-kit\u200b-5.webp\" alt=\"detalles del kit de maquillaje infantil (5)\" class=\"wp-image-1061\" srcset=\"https:\/\/www.chengjitoy.com\/wp-content\/uploads\/2025\/06\/details-of-kids-makeup-kit\u200b-5.webp 790w, https:\/\/www.chengjitoy.com\/wp-content\/uploads\/2025\/06\/details-of-kids-makeup-kit\u200b-5-135x300.webp 135w, https:\/\/www.chengjitoy.com\/wp-content\/uploads\/2025\/06\/details-of-kids-makeup-kit\u200b-5-768x1702.webp 768w, https:\/\/www.chengjitoy.com\/wp-content\/uploads\/2025\/06\/details-of-kids-makeup-kit\u200b-5-600x1330.webp 600w\" \/><\/figure>\n\n\n\n<figure class=\"wp-block-image size-full\"><img loading=\"lazy\" decoding=\"async\" width=\"790\" height=\"1233\" sizes=\"auto, (max-width: 790px) 100vw, 790px\" src=\"https:\/\/www.chengjitoy.com\/wp-content\/uploads\/2025\/06\/details-of-kids-makeup-kit\u200b-7.webp\" alt=\"detalles del kit de maquillaje infantil (7)\" class=\"wp-image-1063\" srcset=\"https:\/\/www.chengjitoy.com\/wp-content\/uploads\/2025\/06\/details-of-kids-makeup-kit\u200b-7.webp 790w, https:\/\/www.chengjitoy.com\/wp-content\/uploads\/2025\/06\/details-of-kids-makeup-kit\u200b-7-192x300.webp 192w, https:\/\/www.chengjitoy.com\/wp-content\/uploads\/2025\/06\/details-of-kids-makeup-kit\u200b-7-768x1199.webp 768w, https:\/\/www.chengjitoy.com\/wp-content\/uploads\/2025\/06\/details-of-kids-makeup-kit\u200b-7-600x936.webp 600w\" \/><\/figure>\n\n\n\n<figure class=\"wp-block-image size-full\"><img loading=\"lazy\" decoding=\"async\" width=\"790\" height=\"2198\" sizes=\"auto, (max-width: 790px) 100vw, 790px\" src=\"https:\/\/www.chengjitoy.com\/wp-content\/uploads\/2025\/06\/details-of-kids-makeup-kit\u200b-8.webp\" alt=\"detalles del kit de maquillaje infantil (8)\" class=\"wp-image-1064\" srcset=\"https:\/\/www.chengjitoy.com\/wp-content\/uploads\/2025\/06\/details-of-kids-makeup-kit\u200b-8.webp 790w, https:\/\/www.chengjitoy.com\/wp-content\/uploads\/2025\/06\/details-of-kids-makeup-kit\u200b-8-108x300.webp 108w, https:\/\/www.chengjitoy.com\/wp-content\/uploads\/2025\/06\/details-of-kids-makeup-kit\u200b-8-768x2137.webp 768w, https:\/\/www.chengjitoy.com\/wp-content\/uploads\/2025\/06\/details-of-kids-makeup-kit\u200b-8-600x1669.webp 600w\" \/><\/figure>\n\n\n\n<figure class=\"wp-block-image size-full\"><img loading=\"lazy\" decoding=\"async\" width=\"790\" height=\"867\" sizes=\"auto, (max-width: 790px) 100vw, 790px\" src=\"https:\/\/www.chengjitoy.com\/wp-content\/uploads\/2025\/06\/details-of-kids-makeup-kit\u200b-9.webp\" alt=\"detalles del kit de maquillaje infantil (9)\" class=\"wp-image-1065\" srcset=\"https:\/\/www.chengjitoy.com\/wp-content\/uploads\/2025\/06\/details-of-kids-makeup-kit\u200b-9.webp 790w, https:\/\/www.chengjitoy.com\/wp-content\/uploads\/2025\/06\/details-of-kids-makeup-kit\u200b-9-273x300.webp 273w, https:\/\/www.chengjitoy.com\/wp-content\/uploads\/2025\/06\/details-of-kids-makeup-kit\u200b-9-768x843.webp 768w, https:\/\/www.chengjitoy.com\/wp-content\/uploads\/2025\/06\/details-of-kids-makeup-kit\u200b-9-600x658.webp 600w\" \/><\/figure>\n\n\n\n<figure class=\"wp-block-image size-full\"><img loading=\"lazy\" decoding=\"async\" width=\"790\" height=\"2158\" sizes=\"auto, (max-width: 790px) 100vw, 790px\" src=\"https:\/\/www.chengjitoy.com\/wp-content\/uploads\/2025\/06\/details-of-kids-makeup-kit\u200b-10.webp\" alt=\"detalles del kit de maquillaje infantil (10)\" class=\"wp-image-1066\" srcset=\"https:\/\/www.chengjitoy.com\/wp-content\/uploads\/2025\/06\/details-of-kids-makeup-kit\u200b-10.webp 790w, https:\/\/www.chengjitoy.com\/wp-content\/uploads\/2025\/06\/details-of-kids-makeup-kit\u200b-10-110x300.webp 110w, https:\/\/www.chengjitoy.com\/wp-content\/uploads\/2025\/06\/details-of-kids-makeup-kit\u200b-10-768x2098.webp 768w, https:\/\/www.chengjitoy.com\/wp-content\/uploads\/2025\/06\/details-of-kids-makeup-kit\u200b-10-600x1639.webp 600w\" \/><\/figure>\n<\/div>\n\n\n\n<div class=\"wp-block-column is-layout-flow wp-block-column-is-layout-flow\" style=\"flex-basis:33.33%\"><\/div>\n<\/div>","protected":false},"excerpt":{"rendered":"<p>Siguiendo el modelo de un estuche de maquillaje real, este set de maquillaje infantil de lujo presenta un dise\u00f1o plegable de varias capas y contiene m\u00e1s de 30 herramientas de maquillaje, como sombra de ojos, colorete, brochas de maquillaje, esmalte de u\u00f1as, joyas y mucho m\u00e1s. Con una f\u00f3rmula soluble en agua, respetuosa con la piel y un dise\u00f1o anti-ahogo, es una elecci\u00f3n perfecta para la venta al por mayor a minoristas y proveedores de regalos para la primera infancia. P\u00f3ngase en contacto con Chengji para obtener el mejor presupuesto de un proveedor de juguetes de confianza.<\/p>\n<h2>Especificaciones de Kids Dream Makeup Kit Toy<\/h2>\n<table style=\"border-collapse: collapse; width: 343.52pt;\" border=\"0\" width=\"458\" cellspacing=\"0\" cellpadding=\"0\">\n<tbody>\n<tr style=\"height: 20.25pt;\">\n<td class=\"et3\" style=\"height: 20.25pt; width: 133.75pt;\" width=\"178\" height=\"27\">Art\u00edculo No:<\/td>\n<td class=\"et4\" style=\"width: 210.00pt;\" width=\"280\">CJ-4340700<\/td>\n<\/tr>\n<tr style=\"height: 19.50pt;\">\n<td class=\"et5\" style=\"height: 19.50pt; width: 133.75pt;\" width=\"178\" height=\"26\">Paquete:<\/td>\n<td class=\"et6\" style=\"width: 210.00pt;\" width=\"280\">caja de color<\/td>\n<\/tr>\n<tr style=\"height: 20.25pt;\">\n<td class=\"et5\" style=\"height: 20.25pt; width: 133.75pt;\" width=\"178\" height=\"27\">Tama\u00f1o del paquete:<\/td>\n<td class=\"et6\" style=\"width: 210.00pt;\" width=\"280\">16,7\u00d714\u00d715,3 cm<\/td>\n<\/tr>\n<tr style=\"height: 19.50pt;\">\n<td class=\"et5\" style=\"height: 19.50pt; width: 133.75pt;\" width=\"178\" height=\"26\">Tama\u00f1o de la caja\uff1a<\/td>\n<td class=\"et6\" style=\"width: 210.00pt;\" width=\"280\">53\u00d744\u00d732 cm<\/td>\n<\/tr>\n<tr style=\"height: 20.25pt;\">\n<td class=\"et5\" style=\"height: 20.25pt; width: 133.75pt;\" width=\"178\" height=\"27\">Cant:<\/td>\n<td class=\"et6\" style=\"width: 210.00pt;\" width=\"280\">18 piezas<\/td>\n<\/tr>\n<tr style=\"height: 19.50pt;\">\n<td class=\"et5\" style=\"height: 19.50pt; width: 133.75pt;\" width=\"178\" height=\"26\">G.W.\/N.W.:<\/td>\n<td class=\"et6\" style=\"width: 210.00pt;\" width=\"280\">13,7 \/ 15 kg<\/td>\n<\/tr>\n<tr style=\"height: 19.50pt;\">\n<td class=\"et5\" style=\"height: 19.50pt; width: 133.75pt;\" width=\"178\" height=\"26\">Medici\u00f3n:<\/td>\n<td class=\"et6\" style=\"width: 210.00pt;\" width=\"280\">0,07 m\u00b3 \/ 2,63 pies c\u00fabicos<\/td>\n<\/tr>\n<\/tbody>\n<\/table>","protected":false},"featured_media":1043,"comment_status":"closed","ping_status":"closed","template":"","meta":{"_acf_changed":false},"product_brand":[],"product_cat":[26,28,84,23],"product_tag":[],"class_list":{"0":"post-1042","1":"product","2":"type-product","3":"status-publish","4":"has-post-thumbnail","6":"product_cat-wholesale-toys-for-all-ages","7":"product_cat-wholesale-toys-for-ages-8-and-up","8":"product_cat-wholesale-pretend-play-toys-for-girls","9":"product_cat-wholesale-pretend-play-toys","11":"first","12":"instock","13":"shipping-taxable","14":"product-type-simple"},"acf":[],"_links":{"self":[{"href":"https:\/\/www.chengjitoy.com\/es\/wp-json\/wp\/v2\/product\/1042","targetHints":{"allow":["GET"]}}],"collection":[{"href":"https:\/\/www.chengjitoy.com\/es\/wp-json\/wp\/v2\/product"}],"about":[{"href":"https:\/\/www.chengjitoy.com\/es\/wp-json\/wp\/v2\/types\/product"}],"replies":[{"embeddable":true,"href":"https:\/\/www.chengjitoy.com\/es\/wp-json\/wp\/v2\/comments?post=1042"}],"wp:featuredmedia":[{"embeddable":true,"href":"https:\/\/www.chengjitoy.com\/es\/wp-json\/wp\/v2\/media\/1043"}],"wp:attachment":[{"href":"https:\/\/www.chengjitoy.com\/es\/wp-json\/wp\/v2\/media?parent=1042"}],"wp:term":[{"taxonomy":"product_brand","embeddable":true,"href":"https:\/\/www.chengjitoy.com\/es\/wp-json\/wp\/v2\/product_brand?post=1042"},{"taxonomy":"product_cat","embeddable":true,"href":"https:\/\/www.chengjitoy.com\/es\/wp-json\/wp\/v2\/product_cat?post=1042"},{"taxonomy":"product_tag","embeddable":true,"href":"https:\/\/www.chengjitoy.com\/es\/wp-json\/wp\/v2\/product_tag?post=1042"}],"curies":[{"name":"wp","href":"https:\/\/api.w.org\/{rel}","templated":true}]}}