{"id":1088,"date":"2025-06-19T08:59:02","date_gmt":"2025-06-19T08:59:02","guid":{"rendered":"https:\/\/www.chengjitoy.com\/?post_type=product&#038;p=1088"},"modified":"2025-06-30T00:48:24","modified_gmt":"2025-06-30T00:48:24","slug":"wholesale-rc-drift-racing-car-cj4421087","status":"publish","type":"product","link":"https:\/\/www.chengjitoy.com\/es\/product\/wholesale-rc-drift-racing-car-cj4421087\/","title":{"rendered":"Venta al Mayor de Coches de Control Remoto para Ni\u00f1os y Coleccionistas - 1:18 Scale LED RC Drift Racing Car"},"content":{"rendered":"<div class=\"wp-block-columns is-layout-flex wp-container-core-columns-is-layout-9d6595d7 wp-block-columns-is-layout-flex\">\n<div class=\"wp-block-column is-layout-flow wp-block-column-is-layout-flow\" style=\"flex-basis:66.66%\">\n<figure class=\"wp-block-image size-full\"><img loading=\"lazy\" decoding=\"async\" width=\"790\" height=\"1402\" sizes=\"auto, (max-width: 790px) 100vw, 790px\" src=\"https:\/\/www.chengjitoy.com\/wp-content\/uploads\/2025\/06\/details-of-rc-drift-racing-car-1.webp\" alt=\"detalles del coche de carreras rc drift (1)\" class=\"wp-image-1089\" srcset=\"https:\/\/www.chengjitoy.com\/wp-content\/uploads\/2025\/06\/details-of-rc-drift-racing-car-1.webp 790w, https:\/\/www.chengjitoy.com\/wp-content\/uploads\/2025\/06\/details-of-rc-drift-racing-car-1-169x300.webp 169w, https:\/\/www.chengjitoy.com\/wp-content\/uploads\/2025\/06\/details-of-rc-drift-racing-car-1-768x1363.webp 768w, https:\/\/www.chengjitoy.com\/wp-content\/uploads\/2025\/06\/details-of-rc-drift-racing-car-1-600x1065.webp 600w\" \/><\/figure>\n\n\n\n<figure class=\"wp-block-image size-full\"><img loading=\"lazy\" decoding=\"async\" width=\"790\" height=\"1823\" sizes=\"auto, (max-width: 790px) 100vw, 790px\" src=\"https:\/\/www.chengjitoy.com\/wp-content\/uploads\/2025\/06\/details-of-rc-drift-racing-car-2.webp\" alt=\"detalles del coche de carreras rc drift (2)\" class=\"wp-image-1090\" srcset=\"https:\/\/www.chengjitoy.com\/wp-content\/uploads\/2025\/06\/details-of-rc-drift-racing-car-2.webp 790w, https:\/\/www.chengjitoy.com\/wp-content\/uploads\/2025\/06\/details-of-rc-drift-racing-car-2-130x300.webp 130w, https:\/\/www.chengjitoy.com\/wp-content\/uploads\/2025\/06\/details-of-rc-drift-racing-car-2-768x1772.webp 768w, https:\/\/www.chengjitoy.com\/wp-content\/uploads\/2025\/06\/details-of-rc-drift-racing-car-2-600x1385.webp 600w\" \/><\/figure>\n\n\n\n<figure class=\"wp-block-image size-full\"><img loading=\"lazy\" decoding=\"async\" width=\"790\" height=\"1330\" sizes=\"auto, (max-width: 790px) 100vw, 790px\" src=\"https:\/\/www.chengjitoy.com\/wp-content\/uploads\/2025\/06\/details-of-rc-drift-racing-car-3.webp\" alt=\"detalles del coche de carreras rc drift (3)\" class=\"wp-image-1091\" srcset=\"https:\/\/www.chengjitoy.com\/wp-content\/uploads\/2025\/06\/details-of-rc-drift-racing-car-3.webp 790w, https:\/\/www.chengjitoy.com\/wp-content\/uploads\/2025\/06\/details-of-rc-drift-racing-car-3-178x300.webp 178w, https:\/\/www.chengjitoy.com\/wp-content\/uploads\/2025\/06\/details-of-rc-drift-racing-car-3-768x1293.webp 768w, https:\/\/www.chengjitoy.com\/wp-content\/uploads\/2025\/06\/details-of-rc-drift-racing-car-3-600x1010.webp 600w\" \/><\/figure>\n\n\n\n<figure class=\"wp-block-image size-full\"><img loading=\"lazy\" decoding=\"async\" width=\"790\" height=\"1941\" sizes=\"auto, (max-width: 790px) 100vw, 790px\" src=\"https:\/\/www.chengjitoy.com\/wp-content\/uploads\/2025\/06\/details-of-rc-drift-racing-car-4.webp\" alt=\"detalles del coche de carreras rc drift (4)\" class=\"wp-image-1092\" srcset=\"https:\/\/www.chengjitoy.com\/wp-content\/uploads\/2025\/06\/details-of-rc-drift-racing-car-4.webp 790w, https:\/\/www.chengjitoy.com\/wp-content\/uploads\/2025\/06\/details-of-rc-drift-racing-car-4-122x300.webp 122w, https:\/\/www.chengjitoy.com\/wp-content\/uploads\/2025\/06\/details-of-rc-drift-racing-car-4-768x1887.webp 768w, https:\/\/www.chengjitoy.com\/wp-content\/uploads\/2025\/06\/details-of-rc-drift-racing-car-4-600x1474.webp 600w\" \/><\/figure>\n\n\n\n<figure class=\"wp-block-image size-full\"><img loading=\"lazy\" decoding=\"async\" width=\"790\" height=\"2248\" sizes=\"auto, (max-width: 790px) 100vw, 790px\" src=\"https:\/\/www.chengjitoy.com\/wp-content\/uploads\/2025\/06\/details-of-rc-drift-racing-car-5.webp\" alt=\"detalles del coche de carreras rc drift (5)\" class=\"wp-image-1093\" srcset=\"https:\/\/www.chengjitoy.com\/wp-content\/uploads\/2025\/06\/details-of-rc-drift-racing-car-5.webp 790w, https:\/\/www.chengjitoy.com\/wp-content\/uploads\/2025\/06\/details-of-rc-drift-racing-car-5-105x300.webp 105w, https:\/\/www.chengjitoy.com\/wp-content\/uploads\/2025\/06\/details-of-rc-drift-racing-car-5-768x2185.webp 768w, https:\/\/www.chengjitoy.com\/wp-content\/uploads\/2025\/06\/details-of-rc-drift-racing-car-5-600x1707.webp 600w\" \/><\/figure>\n\n\n\n<figure class=\"wp-block-image size-full\"><img loading=\"lazy\" decoding=\"async\" width=\"790\" height=\"1415\" sizes=\"auto, (max-width: 790px) 100vw, 790px\" src=\"https:\/\/www.chengjitoy.com\/wp-content\/uploads\/2025\/06\/details-of-rc-drift-racing-car-6.webp\" alt=\"detalles del coche de carreras rc drift (6)\" class=\"wp-image-1094\" srcset=\"https:\/\/www.chengjitoy.com\/wp-content\/uploads\/2025\/06\/details-of-rc-drift-racing-car-6.webp 790w, https:\/\/www.chengjitoy.com\/wp-content\/uploads\/2025\/06\/details-of-rc-drift-racing-car-6-167x300.webp 167w, https:\/\/www.chengjitoy.com\/wp-content\/uploads\/2025\/06\/details-of-rc-drift-racing-car-6-768x1376.webp 768w, https:\/\/www.chengjitoy.com\/wp-content\/uploads\/2025\/06\/details-of-rc-drift-racing-car-6-600x1075.webp 600w\" \/><\/figure>\n\n\n\n<figure class=\"wp-block-image size-full\"><img loading=\"lazy\" decoding=\"async\" width=\"790\" height=\"1301\" sizes=\"auto, (max-width: 790px) 100vw, 790px\" src=\"https:\/\/www.chengjitoy.com\/wp-content\/uploads\/2025\/06\/details-of-rc-drift-racing-car-7.webp\" alt=\"detalles del coche de carreras rc drift (7)\" class=\"wp-image-1095\" srcset=\"https:\/\/www.chengjitoy.com\/wp-content\/uploads\/2025\/06\/details-of-rc-drift-racing-car-7.webp 790w, https:\/\/www.chengjitoy.com\/wp-content\/uploads\/2025\/06\/details-of-rc-drift-racing-car-7-182x300.webp 182w, https:\/\/www.chengjitoy.com\/wp-content\/uploads\/2025\/06\/details-of-rc-drift-racing-car-7-768x1265.webp 768w, https:\/\/www.chengjitoy.com\/wp-content\/uploads\/2025\/06\/details-of-rc-drift-racing-car-7-600x988.webp 600w\" \/><\/figure>\n\n\n\n<figure class=\"wp-block-image size-full\"><img loading=\"lazy\" decoding=\"async\" width=\"790\" height=\"811\" sizes=\"auto, (max-width: 790px) 100vw, 790px\" src=\"https:\/\/www.chengjitoy.com\/wp-content\/uploads\/2025\/06\/details-of-rc-drift-racing-car-8.webp\" alt=\"detalles del coche de carreras rc drift (8)\" class=\"wp-image-1096\" srcset=\"https:\/\/www.chengjitoy.com\/wp-content\/uploads\/2025\/06\/details-of-rc-drift-racing-car-8.webp 790w, https:\/\/www.chengjitoy.com\/wp-content\/uploads\/2025\/06\/details-of-rc-drift-racing-car-8-292x300.webp 292w, https:\/\/www.chengjitoy.com\/wp-content\/uploads\/2025\/06\/details-of-rc-drift-racing-car-8-768x788.webp 768w, https:\/\/www.chengjitoy.com\/wp-content\/uploads\/2025\/06\/details-of-rc-drift-racing-car-8-600x616.webp 600w\" \/><\/figure>\n\n\n\n<figure class=\"wp-block-image size-full\"><img loading=\"lazy\" decoding=\"async\" width=\"790\" height=\"2117\" sizes=\"auto, (max-width: 790px) 100vw, 790px\" src=\"https:\/\/www.chengjitoy.com\/wp-content\/uploads\/2025\/06\/details-of-rc-drift-racing-car-9.webp\" alt=\"detalles del coche de carreras rc drift (9)\" class=\"wp-image-1097\" srcset=\"https:\/\/www.chengjitoy.com\/wp-content\/uploads\/2025\/06\/details-of-rc-drift-racing-car-9.webp 790w, https:\/\/www.chengjitoy.com\/wp-content\/uploads\/2025\/06\/details-of-rc-drift-racing-car-9-112x300.webp 112w, https:\/\/www.chengjitoy.com\/wp-content\/uploads\/2025\/06\/details-of-rc-drift-racing-car-9-768x2058.webp 768w, https:\/\/www.chengjitoy.com\/wp-content\/uploads\/2025\/06\/details-of-rc-drift-racing-car-9-600x1608.webp 600w\" \/><\/figure>\n\n\n\n<figure class=\"wp-block-image size-full\"><img loading=\"lazy\" decoding=\"async\" width=\"790\" height=\"955\" sizes=\"auto, (max-width: 790px) 100vw, 790px\" src=\"https:\/\/www.chengjitoy.com\/wp-content\/uploads\/2025\/06\/details-of-rc-drift-racing-car-10.webp\" alt=\"detalles del coche de carreras rc drift (10)\" class=\"wp-image-1098\" srcset=\"https:\/\/www.chengjitoy.com\/wp-content\/uploads\/2025\/06\/details-of-rc-drift-racing-car-10.webp 790w, https:\/\/www.chengjitoy.com\/wp-content\/uploads\/2025\/06\/details-of-rc-drift-racing-car-10-248x300.webp 248w, https:\/\/www.chengjitoy.com\/wp-content\/uploads\/2025\/06\/details-of-rc-drift-racing-car-10-768x928.webp 768w, https:\/\/www.chengjitoy.com\/wp-content\/uploads\/2025\/06\/details-of-rc-drift-racing-car-10-600x725.webp 600w\" \/><\/figure>\n\n\n\n<figure class=\"wp-block-image size-full\"><img loading=\"lazy\" decoding=\"async\" width=\"790\" height=\"955\" sizes=\"auto, (max-width: 790px) 100vw, 790px\" src=\"https:\/\/www.chengjitoy.com\/wp-content\/uploads\/2025\/06\/details-of-rc-drift-racing-car-11.webp\" alt=\"detalles del coche de carreras rc drift (11)\" class=\"wp-image-1099\" srcset=\"https:\/\/www.chengjitoy.com\/wp-content\/uploads\/2025\/06\/details-of-rc-drift-racing-car-11.webp 790w, https:\/\/www.chengjitoy.com\/wp-content\/uploads\/2025\/06\/details-of-rc-drift-racing-car-11-248x300.webp 248w, https:\/\/www.chengjitoy.com\/wp-content\/uploads\/2025\/06\/details-of-rc-drift-racing-car-11-768x928.webp 768w, https:\/\/www.chengjitoy.com\/wp-content\/uploads\/2025\/06\/details-of-rc-drift-racing-car-11-600x725.webp 600w\" \/><\/figure>\n\n\n\n<figure class=\"wp-block-image size-full\"><img loading=\"lazy\" decoding=\"async\" width=\"790\" height=\"955\" sizes=\"auto, (max-width: 790px) 100vw, 790px\" src=\"https:\/\/www.chengjitoy.com\/wp-content\/uploads\/2025\/06\/details-of-rc-drift-racing-car-12.webp\" alt=\"detalles del coche de carreras rc drift (12)\" class=\"wp-image-1100\" srcset=\"https:\/\/www.chengjitoy.com\/wp-content\/uploads\/2025\/06\/details-of-rc-drift-racing-car-12.webp 790w, https:\/\/www.chengjitoy.com\/wp-content\/uploads\/2025\/06\/details-of-rc-drift-racing-car-12-248x300.webp 248w, https:\/\/www.chengjitoy.com\/wp-content\/uploads\/2025\/06\/details-of-rc-drift-racing-car-12-768x928.webp 768w, https:\/\/www.chengjitoy.com\/wp-content\/uploads\/2025\/06\/details-of-rc-drift-racing-car-12-600x725.webp 600w\" \/><\/figure>\n<\/div>\n\n\n\n<div class=\"wp-block-column is-layout-flow wp-block-column-is-layout-flow\" style=\"flex-basis:33.33%\"><\/div>\n<\/div>\n\n\n\n<p><\/p>","protected":false},"excerpt":{"rendered":"<p>Coche de carreras RC de juguete 1:18 de alta velocidad al por mayor con coloridos modos de luz LED, control preciso de 2,4 GHz y neum\u00e1ticos de deriva reemplazables para una experiencia de conducci\u00f3n personalizable. Cuenta con parachoques anticolisi\u00f3n duraderos y potente rendimiento todo terreno. Disponible en 6 din\u00e1micos estilos de color. Soporta personalizaci\u00f3n OEM y ODM, proporciona embalaje de marca y dise\u00f1o exclusivo. P\u00f3ngase en contacto con nosotros para solicitar un presupuesto.<\/p>\n<h2>Especificaciones del coche de carreras RC Drift<\/h2>\n<table style=\"border-collapse: collapse; width: 343.52pt;\" border=\"0\" width=\"458\" cellspacing=\"0\" cellpadding=\"0\">\n<tbody>\n<tr style=\"height: 21.00pt;\">\n<td class=\"et2\" style=\"height: 21.00pt; width: 133.75pt;\" width=\"178\" height=\"28\">Art\u00edculo No:<\/td>\n<td class=\"et3\" style=\"width: 210.00pt;\" width=\"280\">CJ-4421087<\/td>\n<\/tr>\n<tr style=\"height: 21.00pt;\">\n<td class=\"et4\" style=\"height: 21.00pt; width: 133.75pt;\" width=\"178\" height=\"28\">Paquete:<\/td>\n<td class=\"et5\" style=\"width: 210.00pt;\" width=\"280\">jardinera<\/td>\n<\/tr>\n<tr style=\"height: 21.00pt;\">\n<td class=\"et4\" style=\"height: 21.00pt; width: 133.75pt;\" width=\"178\" height=\"28\">Tama\u00f1o del paquete:<\/td>\n<td class=\"et5\" style=\"width: 210.00pt;\" width=\"280\">36\u00d717\u00d715,2 cm<\/td>\n<\/tr>\n<tr style=\"height: 21.00pt;\">\n<td class=\"et4\" style=\"height: 21.00pt; width: 133.75pt;\" width=\"178\" height=\"28\">Tama\u00f1o de la caja\uff1a<\/td>\n<td class=\"et5\" style=\"width: 210.00pt;\" width=\"280\">73\u00d747\u00d769 cm<\/td>\n<\/tr>\n<tr style=\"height: 21.00pt;\">\n<td class=\"et4\" style=\"height: 21.00pt; width: 133.75pt;\" width=\"178\" height=\"28\">Cant:<\/td>\n<td class=\"et5\" style=\"width: 210.00pt;\" width=\"280\">24 unidades<\/td>\n<\/tr>\n<tr style=\"height: 21.00pt;\">\n<td class=\"et4\" style=\"height: 21.00pt; width: 133.75pt;\" width=\"178\" height=\"28\">G.W.\/N.W.:<\/td>\n<td class=\"et5\" style=\"width: 210.00pt;\" width=\"280\">19,5 \/ 17,5 kg<\/td>\n<\/tr>\n<tr style=\"height: 21.00pt;\">\n<td class=\"et4\" style=\"height: 21.00pt; width: 133.75pt;\" width=\"178\" height=\"28\">Medici\u00f3n:<\/td>\n<td class=\"et5\" style=\"width: 210.00pt;\" width=\"280\">0,24 m\u00b3 \/ 8,35 pies c\u00fabicos<\/td>\n<\/tr>\n<\/tbody>\n<\/table>","protected":false},"featured_media":1101,"comment_status":"closed","ping_status":"closed","template":"","meta":{"_acf_changed":true},"product_brand":[],"product_cat":[26,27,18,50],"product_tag":[],"class_list":{"0":"post-1088","1":"product","2":"type-product","3":"status-publish","4":"has-post-thumbnail","6":"product_cat-wholesale-toys-for-all-ages","7":"product_cat-wholesale-toys-for-ages-12-and-up","8":"product_cat-wholesale-rc-toys","9":"product_cat-wholesale-rc-cars","11":"first","12":"instock","13":"shipping-taxable","14":"product-type-simple"},"acf":[],"_links":{"self":[{"href":"https:\/\/www.chengjitoy.com\/es\/wp-json\/wp\/v2\/product\/1088","targetHints":{"allow":["GET"]}}],"collection":[{"href":"https:\/\/www.chengjitoy.com\/es\/wp-json\/wp\/v2\/product"}],"about":[{"href":"https:\/\/www.chengjitoy.com\/es\/wp-json\/wp\/v2\/types\/product"}],"replies":[{"embeddable":true,"href":"https:\/\/www.chengjitoy.com\/es\/wp-json\/wp\/v2\/comments?post=1088"}],"wp:featuredmedia":[{"embeddable":true,"href":"https:\/\/www.chengjitoy.com\/es\/wp-json\/wp\/v2\/media\/1101"}],"wp:attachment":[{"href":"https:\/\/www.chengjitoy.com\/es\/wp-json\/wp\/v2\/media?parent=1088"}],"wp:term":[{"taxonomy":"product_brand","embeddable":true,"href":"https:\/\/www.chengjitoy.com\/es\/wp-json\/wp\/v2\/product_brand?post=1088"},{"taxonomy":"product_cat","embeddable":true,"href":"https:\/\/www.chengjitoy.com\/es\/wp-json\/wp\/v2\/product_cat?post=1088"},{"taxonomy":"product_tag","embeddable":true,"href":"https:\/\/www.chengjitoy.com\/es\/wp-json\/wp\/v2\/product_tag?post=1088"}],"curies":[{"name":"wp","href":"https:\/\/api.w.org\/{rel}","templated":true}]}}