{"id":1108,"date":"2025-06-19T09:40:11","date_gmt":"2025-06-19T09:40:11","guid":{"rendered":"https:\/\/www.chengjitoy.com\/?post_type=product&#038;p=1108"},"modified":"2025-06-30T10:05:04","modified_gmt":"2025-06-30T10:05:04","slug":"wholesale-coffee-shop-pretend-play-toy-cj4426708","status":"publish","type":"product","link":"https:\/\/www.chengjitoy.com\/es\/product\/wholesale-coffee-shop-pretend-play-toy-cj4426708\/","title":{"rendered":"Mayorista Juguetes de Pretender - Juego Multifuncional de Cafeter\u00eda y Caja Registradora con Dispensador de Agua y Accesorios"},"content":{"rendered":"<div class=\"wp-block-columns is-layout-flex wp-container-core-columns-is-layout-9d6595d7 wp-block-columns-is-layout-flex\">\n<div class=\"wp-block-column is-layout-flow wp-block-column-is-layout-flow\" style=\"flex-basis:66.66%\">\n<figure class=\"wp-block-image size-full\"><img loading=\"lazy\" decoding=\"async\" width=\"770\" height=\"1788\" sizes=\"auto, (max-width: 770px) 100vw, 770px\" src=\"https:\/\/www.chengjitoy.com\/wp-content\/uploads\/2025\/06\/details-of-kids-coffee-shop-cash-register-pretend-play-toy-1.webp\" alt=\"Detalles de la caja registradora para ni\u00f1os (1)\" class=\"wp-image-1109\" srcset=\"https:\/\/www.chengjitoy.com\/wp-content\/uploads\/2025\/06\/details-of-kids-coffee-shop-cash-register-pretend-play-toy-1.webp 770w, https:\/\/www.chengjitoy.com\/wp-content\/uploads\/2025\/06\/details-of-kids-coffee-shop-cash-register-pretend-play-toy-1-129x300.webp 129w, https:\/\/www.chengjitoy.com\/wp-content\/uploads\/2025\/06\/details-of-kids-coffee-shop-cash-register-pretend-play-toy-1-768x1783.webp 768w, https:\/\/www.chengjitoy.com\/wp-content\/uploads\/2025\/06\/details-of-kids-coffee-shop-cash-register-pretend-play-toy-1-600x1393.webp 600w\" \/><\/figure>\n\n\n\n<figure class=\"wp-block-image size-full\"><img loading=\"lazy\" decoding=\"async\" width=\"770\" height=\"906\" sizes=\"auto, (max-width: 770px) 100vw, 770px\" src=\"https:\/\/www.chengjitoy.com\/wp-content\/uploads\/2025\/06\/details-of-kids-coffee-shop-cash-register-pretend-play-toy-2.webp\" alt=\"Detalles de la caja registradora de la cafeter\u00eda para ni\u00f1os (2)\" class=\"wp-image-1110\" srcset=\"https:\/\/www.chengjitoy.com\/wp-content\/uploads\/2025\/06\/details-of-kids-coffee-shop-cash-register-pretend-play-toy-2.webp 770w, https:\/\/www.chengjitoy.com\/wp-content\/uploads\/2025\/06\/details-of-kids-coffee-shop-cash-register-pretend-play-toy-2-255x300.webp 255w, https:\/\/www.chengjitoy.com\/wp-content\/uploads\/2025\/06\/details-of-kids-coffee-shop-cash-register-pretend-play-toy-2-768x904.webp 768w, https:\/\/www.chengjitoy.com\/wp-content\/uploads\/2025\/06\/details-of-kids-coffee-shop-cash-register-pretend-play-toy-2-600x706.webp 600w\" \/><\/figure>\n\n\n\n<figure class=\"wp-block-image size-full\"><img loading=\"lazy\" decoding=\"async\" width=\"770\" height=\"2296\" sizes=\"auto, (max-width: 770px) 100vw, 770px\" src=\"https:\/\/www.chengjitoy.com\/wp-content\/uploads\/2025\/06\/details-of-kids-coffee-shop-cash-register-pretend-play-toy-3.webp\" alt=\"Detalles de la caja registradora de la cafeter\u00eda para ni\u00f1os (3)\" class=\"wp-image-1111\" srcset=\"https:\/\/www.chengjitoy.com\/wp-content\/uploads\/2025\/06\/details-of-kids-coffee-shop-cash-register-pretend-play-toy-3.webp 770w, https:\/\/www.chengjitoy.com\/wp-content\/uploads\/2025\/06\/details-of-kids-coffee-shop-cash-register-pretend-play-toy-3-101x300.webp 101w, https:\/\/www.chengjitoy.com\/wp-content\/uploads\/2025\/06\/details-of-kids-coffee-shop-cash-register-pretend-play-toy-3-768x2290.webp 768w, https:\/\/www.chengjitoy.com\/wp-content\/uploads\/2025\/06\/details-of-kids-coffee-shop-cash-register-pretend-play-toy-3-600x1789.webp 600w\" \/><\/figure>\n\n\n\n<figure class=\"wp-block-image size-full\"><img loading=\"lazy\" decoding=\"async\" width=\"770\" height=\"1866\" sizes=\"auto, (max-width: 770px) 100vw, 770px\" src=\"https:\/\/www.chengjitoy.com\/wp-content\/uploads\/2025\/06\/details-of-kids-coffee-shop-cash-register-pretend-play-toy-4.webp\" alt=\"Detalles de la caja registradora de la cafeter\u00eda para ni\u00f1os (4)\" class=\"wp-image-1112\" srcset=\"https:\/\/www.chengjitoy.com\/wp-content\/uploads\/2025\/06\/details-of-kids-coffee-shop-cash-register-pretend-play-toy-4.webp 770w, https:\/\/www.chengjitoy.com\/wp-content\/uploads\/2025\/06\/details-of-kids-coffee-shop-cash-register-pretend-play-toy-4-124x300.webp 124w, https:\/\/www.chengjitoy.com\/wp-content\/uploads\/2025\/06\/details-of-kids-coffee-shop-cash-register-pretend-play-toy-4-768x1861.webp 768w, https:\/\/www.chengjitoy.com\/wp-content\/uploads\/2025\/06\/details-of-kids-coffee-shop-cash-register-pretend-play-toy-4-600x1454.webp 600w\" \/><\/figure>\n\n\n\n<figure class=\"wp-block-image size-full\"><img loading=\"lazy\" decoding=\"async\" width=\"770\" height=\"1788\" sizes=\"auto, (max-width: 770px) 100vw, 770px\" src=\"https:\/\/www.chengjitoy.com\/wp-content\/uploads\/2025\/06\/details-of-kids-coffee-shop-cash-register-pretend-play-toy-5.webp\" alt=\"Detalles de la caja registradora de la cafeter\u00eda para ni\u00f1os (5)\" class=\"wp-image-1113\" srcset=\"https:\/\/www.chengjitoy.com\/wp-content\/uploads\/2025\/06\/details-of-kids-coffee-shop-cash-register-pretend-play-toy-5.webp 770w, https:\/\/www.chengjitoy.com\/wp-content\/uploads\/2025\/06\/details-of-kids-coffee-shop-cash-register-pretend-play-toy-5-129x300.webp 129w, https:\/\/www.chengjitoy.com\/wp-content\/uploads\/2025\/06\/details-of-kids-coffee-shop-cash-register-pretend-play-toy-5-768x1783.webp 768w, https:\/\/www.chengjitoy.com\/wp-content\/uploads\/2025\/06\/details-of-kids-coffee-shop-cash-register-pretend-play-toy-5-600x1393.webp 600w\" \/><\/figure>\n\n\n\n<figure class=\"wp-block-image size-full\"><img loading=\"lazy\" decoding=\"async\" width=\"770\" height=\"1269\" sizes=\"auto, (max-width: 770px) 100vw, 770px\" src=\"https:\/\/www.chengjitoy.com\/wp-content\/uploads\/2025\/06\/details-of-kids-coffee-shop-cash-register-pretend-play-toy-6.webp\" alt=\"Detalles de la caja registradora de la cafeter\u00eda para ni\u00f1os (6)\" class=\"wp-image-1114\" srcset=\"https:\/\/www.chengjitoy.com\/wp-content\/uploads\/2025\/06\/details-of-kids-coffee-shop-cash-register-pretend-play-toy-6.webp 770w, https:\/\/www.chengjitoy.com\/wp-content\/uploads\/2025\/06\/details-of-kids-coffee-shop-cash-register-pretend-play-toy-6-182x300.webp 182w, https:\/\/www.chengjitoy.com\/wp-content\/uploads\/2025\/06\/details-of-kids-coffee-shop-cash-register-pretend-play-toy-6-768x1266.webp 768w, https:\/\/www.chengjitoy.com\/wp-content\/uploads\/2025\/06\/details-of-kids-coffee-shop-cash-register-pretend-play-toy-6-600x989.webp 600w\" \/><\/figure>\n\n\n\n<figure class=\"wp-block-image size-full\"><img loading=\"lazy\" decoding=\"async\" width=\"770\" height=\"1611\" sizes=\"auto, (max-width: 770px) 100vw, 770px\" src=\"https:\/\/www.chengjitoy.com\/wp-content\/uploads\/2025\/06\/details-of-kids-coffee-shop-cash-register-pretend-play-toy-7.webp\" alt=\"Detalles de la caja registradora de la cafeter\u00eda para ni\u00f1os (7)\" class=\"wp-image-1115\" srcset=\"https:\/\/www.chengjitoy.com\/wp-content\/uploads\/2025\/06\/details-of-kids-coffee-shop-cash-register-pretend-play-toy-7.webp 770w, https:\/\/www.chengjitoy.com\/wp-content\/uploads\/2025\/06\/details-of-kids-coffee-shop-cash-register-pretend-play-toy-7-143x300.webp 143w, https:\/\/www.chengjitoy.com\/wp-content\/uploads\/2025\/06\/details-of-kids-coffee-shop-cash-register-pretend-play-toy-7-768x1607.webp 768w, https:\/\/www.chengjitoy.com\/wp-content\/uploads\/2025\/06\/details-of-kids-coffee-shop-cash-register-pretend-play-toy-7-600x1255.webp 600w\" \/><\/figure>\n\n\n\n<figure class=\"wp-block-image size-full\"><img loading=\"lazy\" decoding=\"async\" width=\"770\" height=\"878\" sizes=\"auto, (max-width: 770px) 100vw, 770px\" src=\"https:\/\/www.chengjitoy.com\/wp-content\/uploads\/2025\/06\/details-of-kids-coffee-shop-cash-register-pretend-play-toy-8.webp\" alt=\"Detalles de la caja registradora de la cafeter\u00eda para ni\u00f1os (8)\" class=\"wp-image-1116\" srcset=\"https:\/\/www.chengjitoy.com\/wp-content\/uploads\/2025\/06\/details-of-kids-coffee-shop-cash-register-pretend-play-toy-8.webp 770w, https:\/\/www.chengjitoy.com\/wp-content\/uploads\/2025\/06\/details-of-kids-coffee-shop-cash-register-pretend-play-toy-8-263x300.webp 263w, https:\/\/www.chengjitoy.com\/wp-content\/uploads\/2025\/06\/details-of-kids-coffee-shop-cash-register-pretend-play-toy-8-768x876.webp 768w, https:\/\/www.chengjitoy.com\/wp-content\/uploads\/2025\/06\/details-of-kids-coffee-shop-cash-register-pretend-play-toy-8-600x684.webp 600w\" \/><\/figure>\n\n\n\n<figure class=\"wp-block-image size-full\"><img loading=\"lazy\" decoding=\"async\" width=\"770\" height=\"1309\" sizes=\"auto, (max-width: 770px) 100vw, 770px\" src=\"https:\/\/www.chengjitoy.com\/wp-content\/uploads\/2025\/06\/details-of-kids-coffee-shop-cash-register-pretend-play-toy-9.webp\" alt=\"Detalles de la caja registradora de la cafeter\u00eda para ni\u00f1os (9)\" class=\"wp-image-1117\" srcset=\"https:\/\/www.chengjitoy.com\/wp-content\/uploads\/2025\/06\/details-of-kids-coffee-shop-cash-register-pretend-play-toy-9.webp 770w, https:\/\/www.chengjitoy.com\/wp-content\/uploads\/2025\/06\/details-of-kids-coffee-shop-cash-register-pretend-play-toy-9-176x300.webp 176w, https:\/\/www.chengjitoy.com\/wp-content\/uploads\/2025\/06\/details-of-kids-coffee-shop-cash-register-pretend-play-toy-9-768x1306.webp 768w, https:\/\/www.chengjitoy.com\/wp-content\/uploads\/2025\/06\/details-of-kids-coffee-shop-cash-register-pretend-play-toy-9-600x1020.webp 600w\" \/><\/figure>\n<\/div>\n\n\n\n<div class=\"wp-block-column is-layout-flow wp-block-column-is-layout-flow\" style=\"flex-basis:33.33%\"><\/div>\n<\/div>","protected":false},"excerpt":{"rendered":"<p>Mayorista de Juguetes de Pretender Jugar. Este juego de juguete 3 en 1 multifuncional de cafeter\u00eda y caja registradora para ni\u00f1os incluye simulaciones de preparaci\u00f3n de caf\u00e9, almacenamiento en nevera y caja registradora, un esc\u00e1ner interactivo, una configuraci\u00f3n completa de m\u00e1quina POS y abundantes alimentos y accesorios, integrando el juego de rol realista en la educaci\u00f3n temprana, y es muy adecuado para jardines de infancia, jugueter\u00edas y minoristas de regalos. P\u00f3ngase en contacto con Chengji para obtener el mejor presupuesto de un proveedor de juguetes de confianza.<\/p>\n<h2>Especificaciones del juego de caf\u00e9 y caja registradora para ni\u00f1os<\/h2>\n<table style=\"border-collapse: collapse; width: 343.52pt;\" border=\"0\" width=\"458\" cellspacing=\"0\" cellpadding=\"0\">\n<tbody>\n<tr style=\"height: 19.50pt;\">\n<td class=\"et3\" style=\"height: 19.50pt; width: 133.75pt;\" width=\"178\" height=\"26\">Art\u00edculo No:<\/td>\n<td class=\"et4\" style=\"width: 210.00pt;\" width=\"280\">CJ-4426708<\/td>\n<\/tr>\n<tr style=\"height: 20.25pt;\">\n<td class=\"et5\" style=\"height: 20.25pt; width: 133.75pt;\" width=\"178\" height=\"27\">Paquete:<\/td>\n<td class=\"et6\" style=\"width: 210.00pt;\" width=\"280\">caja de color<\/td>\n<\/tr>\n<tr style=\"height: 19.50pt;\">\n<td class=\"et5\" style=\"height: 19.50pt; width: 133.75pt;\" width=\"178\" height=\"26\">Tama\u00f1o del paquete:<\/td>\n<td class=\"et6\" style=\"width: 210.00pt;\" width=\"280\">46\u00d713\u00d727,5 cm<\/td>\n<\/tr>\n<tr style=\"height: 19.50pt;\">\n<td class=\"et5\" style=\"height: 19.50pt; width: 133.75pt;\" width=\"178\" height=\"26\">Tama\u00f1o de la caja\uff1a<\/td>\n<td class=\"et6\" style=\"width: 210.00pt;\" width=\"280\">106\u00d747,5\u00d784,5 cm<\/td>\n<\/tr>\n<tr style=\"height: 20.25pt;\">\n<td class=\"et5\" style=\"height: 20.25pt; width: 133.75pt;\" width=\"178\" height=\"27\">Cant:<\/td>\n<td class=\"et6\" style=\"width: 210.00pt;\" width=\"280\">24 unidades<\/td>\n<\/tr>\n<tr style=\"height: 19.50pt;\">\n<td class=\"et5\" style=\"height: 19.50pt; width: 133.75pt;\" width=\"178\" height=\"26\">G.W.\/N.W.:<\/td>\n<td class=\"et6\" style=\"width: 210.00pt;\" width=\"280\">32,7 \/ 31,2 kg<\/td>\n<\/tr>\n<tr style=\"height: 20.25pt;\">\n<td class=\"et5\" style=\"height: 20.25pt; width: 133.75pt;\" width=\"178\" height=\"27\">Medici\u00f3n:<\/td>\n<td class=\"et6\" style=\"width: 210.00pt;\" width=\"280\">0,43 m\u00b3 \/ 15,01 pies c\u00fabicos<\/td>\n<\/tr>\n<\/tbody>\n<\/table>","protected":false},"featured_media":1118,"comment_status":"closed","ping_status":"closed","template":"","meta":{"_acf_changed":false},"product_brand":[],"product_cat":[26,30,86,23],"product_tag":[],"class_list":{"0":"post-1108","1":"product","2":"type-product","3":"status-publish","4":"has-post-thumbnail","6":"product_cat-wholesale-toys-for-all-ages","7":"product_cat-wholesale-toys-for-ages-3-and-up","8":"product_cat-wholesale-toy-kitchen-sets","9":"product_cat-wholesale-pretend-play-toys","11":"first","12":"instock","13":"shipping-taxable","14":"product-type-simple"},"acf":[],"_links":{"self":[{"href":"https:\/\/www.chengjitoy.com\/es\/wp-json\/wp\/v2\/product\/1108","targetHints":{"allow":["GET"]}}],"collection":[{"href":"https:\/\/www.chengjitoy.com\/es\/wp-json\/wp\/v2\/product"}],"about":[{"href":"https:\/\/www.chengjitoy.com\/es\/wp-json\/wp\/v2\/types\/product"}],"replies":[{"embeddable":true,"href":"https:\/\/www.chengjitoy.com\/es\/wp-json\/wp\/v2\/comments?post=1108"}],"wp:featuredmedia":[{"embeddable":true,"href":"https:\/\/www.chengjitoy.com\/es\/wp-json\/wp\/v2\/media\/1118"}],"wp:attachment":[{"href":"https:\/\/www.chengjitoy.com\/es\/wp-json\/wp\/v2\/media?parent=1108"}],"wp:term":[{"taxonomy":"product_brand","embeddable":true,"href":"https:\/\/www.chengjitoy.com\/es\/wp-json\/wp\/v2\/product_brand?post=1108"},{"taxonomy":"product_cat","embeddable":true,"href":"https:\/\/www.chengjitoy.com\/es\/wp-json\/wp\/v2\/product_cat?post=1108"},{"taxonomy":"product_tag","embeddable":true,"href":"https:\/\/www.chengjitoy.com\/es\/wp-json\/wp\/v2\/product_tag?post=1108"}],"curies":[{"name":"wp","href":"https:\/\/api.w.org\/{rel}","templated":true}]}}