{"id":11354,"date":"2026-04-28T03:41:19","date_gmt":"2026-04-28T03:41:19","guid":{"rendered":"https:\/\/www.chengjitoy.com\/?post_type=product&#038;p=11354"},"modified":"2026-04-28T03:41:20","modified_gmt":"2026-04-28T03:41:20","slug":"wholesale-135-cheap-rc-truck-toy","status":"publish","type":"product","link":"https:\/\/www.chengjitoy.com\/es\/product\/wholesale-135-cheap-rc-truck-toy\/","title":{"rendered":"Venta al por mayor baratos RC Truck Toys - Custom Toy F\u00e1brica de Suministro Directo"},"content":{"rendered":"<div class=\"wp-block-columns is-layout-flex wp-container-core-columns-is-layout-9d6595d7 wp-block-columns-is-layout-flex\">\n<div class=\"wp-block-column is-layout-flow wp-block-column-is-layout-flow\" style=\"flex-basis:66.66%\">\n<figure class=\"wp-block-image size-full\"><img loading=\"lazy\" decoding=\"async\" width=\"770\" height=\"877\" src=\"https:\/\/www.chengjitoy.com\/wp-content\/uploads\/2026\/04\/details-of-RC-CAR-1.webp\" alt=\"\" class=\"wp-image-11362\" srcset=\"https:\/\/www.chengjitoy.com\/wp-content\/uploads\/2026\/04\/details-of-RC-CAR-1.webp 770w, https:\/\/www.chengjitoy.com\/wp-content\/uploads\/2026\/04\/details-of-RC-CAR-1-263x300.webp 263w, https:\/\/www.chengjitoy.com\/wp-content\/uploads\/2026\/04\/details-of-RC-CAR-1-768x875.webp 768w, https:\/\/www.chengjitoy.com\/wp-content\/uploads\/2026\/04\/details-of-RC-CAR-1-11x12.webp 11w, https:\/\/www.chengjitoy.com\/wp-content\/uploads\/2026\/04\/details-of-RC-CAR-1-600x683.webp 600w\" sizes=\"auto, (max-width: 770px) 100vw, 770px\" \/><\/figure>\n\n\n\n<figure class=\"wp-block-image size-full\"><img loading=\"lazy\" decoding=\"async\" width=\"770\" height=\"842\" src=\"https:\/\/www.chengjitoy.com\/wp-content\/uploads\/2026\/04\/details-of-RC-CAR-2.webp\" alt=\"\" class=\"wp-image-11363\" srcset=\"https:\/\/www.chengjitoy.com\/wp-content\/uploads\/2026\/04\/details-of-RC-CAR-2.webp 770w, https:\/\/www.chengjitoy.com\/wp-content\/uploads\/2026\/04\/details-of-RC-CAR-2-274x300.webp 274w, https:\/\/www.chengjitoy.com\/wp-content\/uploads\/2026\/04\/details-of-RC-CAR-2-768x840.webp 768w, https:\/\/www.chengjitoy.com\/wp-content\/uploads\/2026\/04\/details-of-RC-CAR-2-11x12.webp 11w, https:\/\/www.chengjitoy.com\/wp-content\/uploads\/2026\/04\/details-of-RC-CAR-2-600x656.webp 600w\" sizes=\"auto, (max-width: 770px) 100vw, 770px\" \/><\/figure>\n\n\n\n<figure class=\"wp-block-image size-full\"><img loading=\"lazy\" decoding=\"async\" width=\"770\" height=\"1391\" src=\"https:\/\/www.chengjitoy.com\/wp-content\/uploads\/2026\/04\/details-of-RC-CAR-3.webp\" alt=\"\" class=\"wp-image-11364\" srcset=\"https:\/\/www.chengjitoy.com\/wp-content\/uploads\/2026\/04\/details-of-RC-CAR-3.webp 770w, https:\/\/www.chengjitoy.com\/wp-content\/uploads\/2026\/04\/details-of-RC-CAR-3-166x300.webp 166w, https:\/\/www.chengjitoy.com\/wp-content\/uploads\/2026\/04\/details-of-RC-CAR-3-768x1387.webp 768w, https:\/\/www.chengjitoy.com\/wp-content\/uploads\/2026\/04\/details-of-RC-CAR-3-7x12.webp 7w, https:\/\/www.chengjitoy.com\/wp-content\/uploads\/2026\/04\/details-of-RC-CAR-3-600x1084.webp 600w\" sizes=\"auto, (max-width: 770px) 100vw, 770px\" \/><\/figure>\n\n\n\n<figure class=\"wp-block-image size-full\"><img loading=\"lazy\" decoding=\"async\" width=\"770\" height=\"811\" src=\"https:\/\/www.chengjitoy.com\/wp-content\/uploads\/2026\/04\/details-of-RC-CAR-4.webp\" alt=\"\" class=\"wp-image-11365\" srcset=\"https:\/\/www.chengjitoy.com\/wp-content\/uploads\/2026\/04\/details-of-RC-CAR-4.webp 770w, https:\/\/www.chengjitoy.com\/wp-content\/uploads\/2026\/04\/details-of-RC-CAR-4-285x300.webp 285w, https:\/\/www.chengjitoy.com\/wp-content\/uploads\/2026\/04\/details-of-RC-CAR-4-768x809.webp 768w, https:\/\/www.chengjitoy.com\/wp-content\/uploads\/2026\/04\/details-of-RC-CAR-4-11x12.webp 11w, https:\/\/www.chengjitoy.com\/wp-content\/uploads\/2026\/04\/details-of-RC-CAR-4-600x632.webp 600w\" sizes=\"auto, (max-width: 770px) 100vw, 770px\" \/><\/figure>\n\n\n\n<figure class=\"wp-block-image size-full\"><img loading=\"lazy\" decoding=\"async\" width=\"770\" height=\"701\" src=\"https:\/\/www.chengjitoy.com\/wp-content\/uploads\/2026\/04\/details-of-RC-CAR-5.webp\" alt=\"\" class=\"wp-image-11366\" srcset=\"https:\/\/www.chengjitoy.com\/wp-content\/uploads\/2026\/04\/details-of-RC-CAR-5.webp 770w, https:\/\/www.chengjitoy.com\/wp-content\/uploads\/2026\/04\/details-of-RC-CAR-5-300x273.webp 300w, https:\/\/www.chengjitoy.com\/wp-content\/uploads\/2026\/04\/details-of-RC-CAR-5-768x699.webp 768w, https:\/\/www.chengjitoy.com\/wp-content\/uploads\/2026\/04\/details-of-RC-CAR-5-13x12.webp 13w, https:\/\/www.chengjitoy.com\/wp-content\/uploads\/2026\/04\/details-of-RC-CAR-5-600x546.webp 600w\" sizes=\"auto, (max-width: 770px) 100vw, 770px\" \/><\/figure>\n\n\n\n<figure class=\"wp-block-image size-full\"><img loading=\"lazy\" decoding=\"async\" width=\"770\" height=\"716\" src=\"https:\/\/www.chengjitoy.com\/wp-content\/uploads\/2026\/04\/details-of-RC-CAR-6.webp\" alt=\"\" class=\"wp-image-11367\" srcset=\"https:\/\/www.chengjitoy.com\/wp-content\/uploads\/2026\/04\/details-of-RC-CAR-6.webp 770w, https:\/\/www.chengjitoy.com\/wp-content\/uploads\/2026\/04\/details-of-RC-CAR-6-300x279.webp 300w, https:\/\/www.chengjitoy.com\/wp-content\/uploads\/2026\/04\/details-of-RC-CAR-6-768x714.webp 768w, https:\/\/www.chengjitoy.com\/wp-content\/uploads\/2026\/04\/details-of-RC-CAR-6-13x12.webp 13w, https:\/\/www.chengjitoy.com\/wp-content\/uploads\/2026\/04\/details-of-RC-CAR-6-600x558.webp 600w\" sizes=\"auto, (max-width: 770px) 100vw, 770px\" \/><\/figure>\n\n\n\n<figure class=\"wp-block-image size-full\"><img loading=\"lazy\" decoding=\"async\" width=\"770\" height=\"810\" src=\"https:\/\/www.chengjitoy.com\/wp-content\/uploads\/2026\/04\/details-of-RC-CAR-7.webp\" alt=\"\" class=\"wp-image-11368\" srcset=\"https:\/\/www.chengjitoy.com\/wp-content\/uploads\/2026\/04\/details-of-RC-CAR-7.webp 770w, https:\/\/www.chengjitoy.com\/wp-content\/uploads\/2026\/04\/details-of-RC-CAR-7-285x300.webp 285w, https:\/\/www.chengjitoy.com\/wp-content\/uploads\/2026\/04\/details-of-RC-CAR-7-768x808.webp 768w, https:\/\/www.chengjitoy.com\/wp-content\/uploads\/2026\/04\/details-of-RC-CAR-7-11x12.webp 11w, https:\/\/www.chengjitoy.com\/wp-content\/uploads\/2026\/04\/details-of-RC-CAR-7-600x631.webp 600w\" sizes=\"auto, (max-width: 770px) 100vw, 770px\" \/><\/figure>\n\n\n\n<figure class=\"wp-block-image size-full\"><img loading=\"lazy\" decoding=\"async\" width=\"770\" height=\"699\" src=\"https:\/\/www.chengjitoy.com\/wp-content\/uploads\/2026\/04\/details-of-RC-CAR-8.webp\" alt=\"\" class=\"wp-image-11369\" srcset=\"https:\/\/www.chengjitoy.com\/wp-content\/uploads\/2026\/04\/details-of-RC-CAR-8.webp 770w, https:\/\/www.chengjitoy.com\/wp-content\/uploads\/2026\/04\/details-of-RC-CAR-8-300x272.webp 300w, https:\/\/www.chengjitoy.com\/wp-content\/uploads\/2026\/04\/details-of-RC-CAR-8-768x697.webp 768w, https:\/\/www.chengjitoy.com\/wp-content\/uploads\/2026\/04\/details-of-RC-CAR-8-13x12.webp 13w, https:\/\/www.chengjitoy.com\/wp-content\/uploads\/2026\/04\/details-of-RC-CAR-8-600x545.webp 600w\" sizes=\"auto, (max-width: 770px) 100vw, 770px\" \/><\/figure>\n\n\n\n<figure class=\"wp-block-image size-full\"><img loading=\"lazy\" decoding=\"async\" width=\"770\" height=\"1014\" src=\"https:\/\/www.chengjitoy.com\/wp-content\/uploads\/2026\/04\/details-of-RC-CAR-9.webp\" alt=\"\" class=\"wp-image-11370\" srcset=\"https:\/\/www.chengjitoy.com\/wp-content\/uploads\/2026\/04\/details-of-RC-CAR-9.webp 770w, https:\/\/www.chengjitoy.com\/wp-content\/uploads\/2026\/04\/details-of-RC-CAR-9-228x300.webp 228w, https:\/\/www.chengjitoy.com\/wp-content\/uploads\/2026\/04\/details-of-RC-CAR-9-768x1011.webp 768w, https:\/\/www.chengjitoy.com\/wp-content\/uploads\/2026\/04\/details-of-RC-CAR-9-9x12.webp 9w, https:\/\/www.chengjitoy.com\/wp-content\/uploads\/2026\/04\/details-of-RC-CAR-9-600x790.webp 600w\" sizes=\"auto, (max-width: 770px) 100vw, 770px\" \/><\/figure>\n\n\n\n<figure class=\"wp-block-image size-full\"><img loading=\"lazy\" decoding=\"async\" width=\"770\" height=\"679\" src=\"https:\/\/www.chengjitoy.com\/wp-content\/uploads\/2026\/04\/details-of-RC-CAR-10.webp\" alt=\"\" class=\"wp-image-11371\" srcset=\"https:\/\/www.chengjitoy.com\/wp-content\/uploads\/2026\/04\/details-of-RC-CAR-10.webp 770w, https:\/\/www.chengjitoy.com\/wp-content\/uploads\/2026\/04\/details-of-RC-CAR-10-300x265.webp 300w, https:\/\/www.chengjitoy.com\/wp-content\/uploads\/2026\/04\/details-of-RC-CAR-10-768x677.webp 768w, https:\/\/www.chengjitoy.com\/wp-content\/uploads\/2026\/04\/details-of-RC-CAR-10-14x12.webp 14w, https:\/\/www.chengjitoy.com\/wp-content\/uploads\/2026\/04\/details-of-RC-CAR-10-600x529.webp 600w\" sizes=\"auto, (max-width: 770px) 100vw, 770px\" \/><\/figure>\n\n\n\n<figure class=\"wp-block-image size-full\"><img loading=\"lazy\" decoding=\"async\" width=\"770\" height=\"1353\" src=\"https:\/\/www.chengjitoy.com\/wp-content\/uploads\/2026\/04\/details-of-RC-CAR-11.webp\" alt=\"\" class=\"wp-image-11372\" srcset=\"https:\/\/www.chengjitoy.com\/wp-content\/uploads\/2026\/04\/details-of-RC-CAR-11.webp 770w, https:\/\/www.chengjitoy.com\/wp-content\/uploads\/2026\/04\/details-of-RC-CAR-11-171x300.webp 171w, https:\/\/www.chengjitoy.com\/wp-content\/uploads\/2026\/04\/details-of-RC-CAR-11-768x1349.webp 768w, https:\/\/www.chengjitoy.com\/wp-content\/uploads\/2026\/04\/details-of-RC-CAR-11-7x12.webp 7w, https:\/\/www.chengjitoy.com\/wp-content\/uploads\/2026\/04\/details-of-RC-CAR-11-600x1054.webp 600w\" sizes=\"auto, (max-width: 770px) 100vw, 770px\" \/><\/figure>\n<\/div>\n\n\n\n<div class=\"wp-block-column is-layout-flow wp-block-column-is-layout-flow\" style=\"flex-basis:33.33%\"><\/div>\n<\/div>","protected":false},"excerpt":{"rendered":"<p>Venta al por mayor de camiones RC baratos con luces a escala 1:35, carcasa brillante de colores, neum\u00e1ticos de goma antideslizantes, bater\u00edas independientes para el coche y el mando a distancia, varios modelos, conducci\u00f3n nocturna impresionante.<\/p>\n<p>Ser un <a href=\"https:\/\/www.chengjitoy.com\/es\/categoria-producto\/wholesale-rc-toys\/\"><strong>Mayorista de juguetes RC<\/strong><\/a>, Chengji proporciona juguetes baratos de camiones RC para marcas, mayoristas y minoristas de todo el mundo. \u00a1Cont\u00e1ctenos ahora!<\/p>\n<h2>Especificaciones del juguete RC Truck<\/h2>\n<table style=\"border-collapse: collapse; width: 343.52pt;\" border=\"0\" width=\"458\" cellspacing=\"0\" cellpadding=\"0\">\n<tbody>\n<tr style=\"height: 19.50pt;\">\n<td class=\"et2\" style=\"height: 19.50pt; width: 133.75pt;\" width=\"178\" height=\"26\">Art\u00edculo No:<\/td>\n<td class=\"et3\" style=\"width: 210.00pt;\" width=\"280\">CJ-4263465<\/td>\n<\/tr>\n<tr style=\"height: 20.25pt;\">\n<td class=\"et4\" style=\"height: 20.25pt; width: 133.75pt;\" width=\"178\" height=\"27\">Paquete:<\/td>\n<td class=\"et5\" style=\"width: 210.00pt;\" width=\"280\">\u00a0<\/td>\n<\/tr>\n<tr style=\"height: 19.50pt;\">\n<td class=\"et4\" style=\"height: 19.50pt; width: 133.75pt;\" width=\"178\" height=\"26\">Tama\u00f1o del paquete:<\/td>\n<td class=\"et6\" style=\"width: 210.00pt;\" width=\"280\">28,7*12,5*13,5 CM<\/td>\n<\/tr>\n<tr style=\"height: 20.25pt;\">\n<td class=\"et4\" style=\"height: 20.25pt; width: 133.75pt;\" width=\"178\" height=\"27\">Tama\u00f1o de la caja\uff1a<\/td>\n<td class=\"et6\" style=\"width: 210.00pt;\" width=\"280\">89*53*59CM<\/td>\n<\/tr>\n<tr style=\"height: 19.50pt;\">\n<td class=\"et4\" style=\"height: 19.50pt; width: 133.75pt;\" width=\"178\" height=\"26\">Cant:<\/td>\n<td class=\"et6\" style=\"width: 210.00pt;\" width=\"280\">48\/PCS<\/td>\n<\/tr>\n<tr style=\"height: 20.25pt;\">\n<td class=\"et4\" style=\"height: 20.25pt; width: 133.75pt;\" width=\"178\" height=\"27\">G.W.\/N.W.:<\/td>\n<td class=\"et6\" style=\"width: 210.00pt;\" width=\"280\">24,9\/21,9 KG<\/td>\n<\/tr>\n<tr style=\"height: 19.50pt;\">\n<td class=\"et4\" style=\"height: 19.50pt; width: 133.75pt;\" width=\"178\" height=\"26\">Medici\u00f3n:<\/td>\n<td class=\"et6\" style=\"width: 210.00pt;\" width=\"280\">0,28 CBM\u2019\/9,82 CUFT\u2019<\/td>\n<\/tr>\n<\/tbody>\n<\/table>","protected":false},"featured_media":11356,"comment_status":"closed","ping_status":"closed","template":"","meta":{"_acf_changed":true},"product_brand":[],"product_cat":[26,30,18,50],"product_tag":[],"class_list":{"0":"post-11354","1":"product","2":"type-product","3":"status-publish","4":"has-post-thumbnail","6":"product_cat-wholesale-toys-for-all-ages","7":"product_cat-wholesale-toys-for-ages-3-and-up","8":"product_cat-wholesale-rc-toys","9":"product_cat-wholesale-rc-cars","11":"first","12":"instock","13":"shipping-taxable","14":"product-type-simple"},"acf":[],"_links":{"self":[{"href":"https:\/\/www.chengjitoy.com\/es\/wp-json\/wp\/v2\/product\/11354","targetHints":{"allow":["GET"]}}],"collection":[{"href":"https:\/\/www.chengjitoy.com\/es\/wp-json\/wp\/v2\/product"}],"about":[{"href":"https:\/\/www.chengjitoy.com\/es\/wp-json\/wp\/v2\/types\/product"}],"replies":[{"embeddable":true,"href":"https:\/\/www.chengjitoy.com\/es\/wp-json\/wp\/v2\/comments?post=11354"}],"wp:featuredmedia":[{"embeddable":true,"href":"https:\/\/www.chengjitoy.com\/es\/wp-json\/wp\/v2\/media\/11356"}],"wp:attachment":[{"href":"https:\/\/www.chengjitoy.com\/es\/wp-json\/wp\/v2\/media?parent=11354"}],"wp:term":[{"taxonomy":"product_brand","embeddable":true,"href":"https:\/\/www.chengjitoy.com\/es\/wp-json\/wp\/v2\/product_brand?post=11354"},{"taxonomy":"product_cat","embeddable":true,"href":"https:\/\/www.chengjitoy.com\/es\/wp-json\/wp\/v2\/product_cat?post=11354"},{"taxonomy":"product_tag","embeddable":true,"href":"https:\/\/www.chengjitoy.com\/es\/wp-json\/wp\/v2\/product_tag?post=11354"}],"curies":[{"name":"wp","href":"https:\/\/api.w.org\/{rel}","templated":true}]}}