{"id":1176,"date":"2025-06-19T14:38:51","date_gmt":"2025-06-19T14:38:51","guid":{"rendered":"https:\/\/www.chengjitoy.com\/?post_type=product&#038;p=1176"},"modified":"2025-06-30T10:32:45","modified_gmt":"2025-06-30T10:32:45","slug":"wholesale-transforming-construction-vehicle-robot-toy-set-cj4469636","status":"publish","type":"product","link":"https:\/\/www.chengjitoy.com\/es\/product\/wholesale-transforming-construction-vehicle-robot-toy-set-cj4469636\/","title":{"rendered":"Mayorista 5 en 1 Veh\u00edculo de Construcci\u00f3n Transformable Juego de Juguetes Robot para Ni\u00f1os"},"content":{"rendered":"<div class=\"wp-block-columns is-layout-flex wp-container-core-columns-is-layout-9d6595d7 wp-block-columns-is-layout-flex\">\n<div class=\"wp-block-column is-layout-flow wp-block-column-is-layout-flow\" style=\"flex-basis:66.66%\">\n<figure class=\"wp-block-image size-full\"><img loading=\"lazy\" decoding=\"async\" width=\"770\" height=\"1762\" sizes=\"auto, (max-width: 770px) 100vw, 770px\" src=\"https:\/\/www.chengjitoy.com\/wp-content\/uploads\/2025\/06\/details-of-transforming-construction-vehicle-robot-toy-1.webp\" alt=\"detalles del juguete robot veh\u00edculo de construcci\u00f3n transformable (1)\" class=\"wp-image-1177\" srcset=\"https:\/\/www.chengjitoy.com\/wp-content\/uploads\/2025\/06\/details-of-transforming-construction-vehicle-robot-toy-1.webp 770w, https:\/\/www.chengjitoy.com\/wp-content\/uploads\/2025\/06\/details-of-transforming-construction-vehicle-robot-toy-1-131x300.webp 131w, https:\/\/www.chengjitoy.com\/wp-content\/uploads\/2025\/06\/details-of-transforming-construction-vehicle-robot-toy-1-768x1757.webp 768w, https:\/\/www.chengjitoy.com\/wp-content\/uploads\/2025\/06\/details-of-transforming-construction-vehicle-robot-toy-1-600x1373.webp 600w\" \/><\/figure>\n\n\n\n<figure class=\"wp-block-image size-full\"><img loading=\"lazy\" decoding=\"async\" width=\"770\" height=\"1043\" sizes=\"auto, (max-width: 770px) 100vw, 770px\" src=\"https:\/\/www.chengjitoy.com\/wp-content\/uploads\/2025\/06\/details-of-transforming-construction-vehicle-robot-toy-2.webp\" alt=\"detalles del juguete robot veh\u00edculo de construcci\u00f3n transformable (2)\" class=\"wp-image-1178\" srcset=\"https:\/\/www.chengjitoy.com\/wp-content\/uploads\/2025\/06\/details-of-transforming-construction-vehicle-robot-toy-2.webp 770w, https:\/\/www.chengjitoy.com\/wp-content\/uploads\/2025\/06\/details-of-transforming-construction-vehicle-robot-toy-2-221x300.webp 221w, https:\/\/www.chengjitoy.com\/wp-content\/uploads\/2025\/06\/details-of-transforming-construction-vehicle-robot-toy-2-768x1040.webp 768w, https:\/\/www.chengjitoy.com\/wp-content\/uploads\/2025\/06\/details-of-transforming-construction-vehicle-robot-toy-2-600x813.webp 600w\" \/><\/figure>\n\n\n\n<figure class=\"wp-block-image size-full\"><img loading=\"lazy\" decoding=\"async\" width=\"770\" height=\"1096\" sizes=\"auto, (max-width: 770px) 100vw, 770px\" src=\"https:\/\/www.chengjitoy.com\/wp-content\/uploads\/2025\/06\/details-of-transforming-construction-vehicle-robot-toy-3.webp\" alt=\"detalles del juguete robot veh\u00edculo de construcci\u00f3n transformable (3)\" class=\"wp-image-1179\" srcset=\"https:\/\/www.chengjitoy.com\/wp-content\/uploads\/2025\/06\/details-of-transforming-construction-vehicle-robot-toy-3.webp 770w, https:\/\/www.chengjitoy.com\/wp-content\/uploads\/2025\/06\/details-of-transforming-construction-vehicle-robot-toy-3-211x300.webp 211w, https:\/\/www.chengjitoy.com\/wp-content\/uploads\/2025\/06\/details-of-transforming-construction-vehicle-robot-toy-3-768x1093.webp 768w, https:\/\/www.chengjitoy.com\/wp-content\/uploads\/2025\/06\/details-of-transforming-construction-vehicle-robot-toy-3-600x854.webp 600w\" \/><\/figure>\n\n\n\n<figure class=\"wp-block-image size-full\"><img loading=\"lazy\" decoding=\"async\" width=\"770\" height=\"1204\" sizes=\"auto, (max-width: 770px) 100vw, 770px\" src=\"https:\/\/www.chengjitoy.com\/wp-content\/uploads\/2025\/06\/details-of-transforming-construction-vehicle-robot-toy-4.webp\" alt=\"detalles del juguete robot veh\u00edculo de construcci\u00f3n transformable (4)\" class=\"wp-image-1180\" srcset=\"https:\/\/www.chengjitoy.com\/wp-content\/uploads\/2025\/06\/details-of-transforming-construction-vehicle-robot-toy-4.webp 770w, https:\/\/www.chengjitoy.com\/wp-content\/uploads\/2025\/06\/details-of-transforming-construction-vehicle-robot-toy-4-192x300.webp 192w, https:\/\/www.chengjitoy.com\/wp-content\/uploads\/2025\/06\/details-of-transforming-construction-vehicle-robot-toy-4-768x1201.webp 768w, https:\/\/www.chengjitoy.com\/wp-content\/uploads\/2025\/06\/details-of-transforming-construction-vehicle-robot-toy-4-600x938.webp 600w\" \/><\/figure>\n\n\n\n<figure class=\"wp-block-image size-full\"><img loading=\"lazy\" decoding=\"async\" width=\"770\" height=\"1486\" sizes=\"auto, (max-width: 770px) 100vw, 770px\" src=\"https:\/\/www.chengjitoy.com\/wp-content\/uploads\/2025\/06\/details-of-transforming-construction-vehicle-robot-toy-5.webp\" alt=\"detalles del juguete robot veh\u00edculo de construcci\u00f3n transformable (5)\" class=\"wp-image-1181\" srcset=\"https:\/\/www.chengjitoy.com\/wp-content\/uploads\/2025\/06\/details-of-transforming-construction-vehicle-robot-toy-5.webp 770w, https:\/\/www.chengjitoy.com\/wp-content\/uploads\/2025\/06\/details-of-transforming-construction-vehicle-robot-toy-5-155x300.webp 155w, https:\/\/www.chengjitoy.com\/wp-content\/uploads\/2025\/06\/details-of-transforming-construction-vehicle-robot-toy-5-768x1482.webp 768w, https:\/\/www.chengjitoy.com\/wp-content\/uploads\/2025\/06\/details-of-transforming-construction-vehicle-robot-toy-5-600x1158.webp 600w\" \/><\/figure>\n\n\n\n<figure class=\"wp-block-image size-full\"><img loading=\"lazy\" decoding=\"async\" width=\"770\" height=\"1204\" sizes=\"auto, (max-width: 770px) 100vw, 770px\" src=\"https:\/\/www.chengjitoy.com\/wp-content\/uploads\/2025\/06\/details-of-transforming-construction-vehicle-robot-toy-6.webp\" alt=\"detalles del juguete robot veh\u00edculo de construcci\u00f3n transformable (6)\" class=\"wp-image-1182\" srcset=\"https:\/\/www.chengjitoy.com\/wp-content\/uploads\/2025\/06\/details-of-transforming-construction-vehicle-robot-toy-6.webp 770w, https:\/\/www.chengjitoy.com\/wp-content\/uploads\/2025\/06\/details-of-transforming-construction-vehicle-robot-toy-6-192x300.webp 192w, https:\/\/www.chengjitoy.com\/wp-content\/uploads\/2025\/06\/details-of-transforming-construction-vehicle-robot-toy-6-768x1201.webp 768w, https:\/\/www.chengjitoy.com\/wp-content\/uploads\/2025\/06\/details-of-transforming-construction-vehicle-robot-toy-6-600x938.webp 600w\" \/><\/figure>\n\n\n\n<figure class=\"wp-block-image size-full\"><img loading=\"lazy\" decoding=\"async\" width=\"770\" height=\"620\" sizes=\"auto, (max-width: 770px) 100vw, 770px\" src=\"https:\/\/www.chengjitoy.com\/wp-content\/uploads\/2025\/06\/details-of-transforming-construction-vehicle-robot-toy-7.webp\" alt=\"detalles del juguete robot veh\u00edculo de construcci\u00f3n transformable (7)\" class=\"wp-image-1183\" srcset=\"https:\/\/www.chengjitoy.com\/wp-content\/uploads\/2025\/06\/details-of-transforming-construction-vehicle-robot-toy-7.webp 770w, https:\/\/www.chengjitoy.com\/wp-content\/uploads\/2025\/06\/details-of-transforming-construction-vehicle-robot-toy-7-300x242.webp 300w, https:\/\/www.chengjitoy.com\/wp-content\/uploads\/2025\/06\/details-of-transforming-construction-vehicle-robot-toy-7-768x618.webp 768w, https:\/\/www.chengjitoy.com\/wp-content\/uploads\/2025\/06\/details-of-transforming-construction-vehicle-robot-toy-7-600x483.webp 600w\" \/><\/figure>\n\n\n\n<figure class=\"wp-block-image size-full\"><img loading=\"lazy\" decoding=\"async\" width=\"770\" height=\"985\" sizes=\"auto, (max-width: 770px) 100vw, 770px\" src=\"https:\/\/www.chengjitoy.com\/wp-content\/uploads\/2025\/06\/details-of-transforming-construction-vehicle-robot-toy-8.webp\" alt=\"detalles del juguete robot veh\u00edculo de construcci\u00f3n transformable (8)\" class=\"wp-image-1184\" srcset=\"https:\/\/www.chengjitoy.com\/wp-content\/uploads\/2025\/06\/details-of-transforming-construction-vehicle-robot-toy-8.webp 770w, https:\/\/www.chengjitoy.com\/wp-content\/uploads\/2025\/06\/details-of-transforming-construction-vehicle-robot-toy-8-235x300.webp 235w, https:\/\/www.chengjitoy.com\/wp-content\/uploads\/2025\/06\/details-of-transforming-construction-vehicle-robot-toy-8-768x982.webp 768w, https:\/\/www.chengjitoy.com\/wp-content\/uploads\/2025\/06\/details-of-transforming-construction-vehicle-robot-toy-8-600x768.webp 600w\" \/><\/figure>\n<\/div>\n\n\n\n<div class=\"wp-block-column is-layout-flow wp-block-column-is-layout-flow\" style=\"flex-basis:33.33%\"><\/div>\n<\/div>\n\n\n\n<p><\/p>","protected":false},"excerpt":{"rendered":"<p>Dise\u00f1ado para ni\u00f1os de 5 a 10 a\u00f1os, este set de juguetes rob\u00f3ticos de veh\u00edculos de ingenier\u00eda transformables 5 en 1 incorpora la diversi\u00f3n de la ingenier\u00eda al juego. El set incluye cinco veh\u00edculos de ingenier\u00eda realistas que pueden transformarse autom\u00e1ticamente en robots mediante colisiones, combinando a la perfecci\u00f3n el valor din\u00e1mico, educativo y coleccionable. Pregunte ahora por precios al por mayor.<\/p>\n<h2>Especificaciones del Juego de Juguetes Robot Veh\u00edculo de Construcci\u00f3n Transformable<\/h2>\n<table style=\"border-collapse: collapse; width: 343.52pt;\" border=\"0\" width=\"458\" cellspacing=\"0\" cellpadding=\"0\">\n<tbody>\n<tr style=\"height: 19.50pt;\">\n<td class=\"et3\" style=\"height: 19.50pt; width: 133.75pt;\" width=\"178\" height=\"26\">Art\u00edculo No:<\/td>\n<td class=\"et4\" style=\"width: 210.00pt;\" width=\"280\">CJ-4469636<\/td>\n<\/tr>\n<tr style=\"height: 20.25pt;\">\n<td class=\"et5\" style=\"height: 20.25pt; width: 133.75pt;\" width=\"178\" height=\"27\">Paquete:<\/td>\n<td class=\"et6\" style=\"width: 210.00pt;\" width=\"280\">jardinera<\/td>\n<\/tr>\n<tr style=\"height: 19.50pt;\">\n<td class=\"et5\" style=\"height: 19.50pt; width: 133.75pt;\" width=\"178\" height=\"26\">Tama\u00f1o del paquete:<\/td>\n<td class=\"et6\" style=\"width: 210.00pt;\" width=\"280\">32\u00d78\u00d737 cm<\/td>\n<\/tr>\n<tr style=\"height: 20.25pt;\">\n<td class=\"et5\" style=\"height: 20.25pt; width: 133.75pt;\" width=\"178\" height=\"27\">Tama\u00f1o de la caja\uff1a<\/td>\n<td class=\"et6\" style=\"width: 210.00pt;\" width=\"280\">49\u00d733\u00d776 cm<\/td>\n<\/tr>\n<tr style=\"height: 19.50pt;\">\n<td class=\"et5\" style=\"height: 19.50pt; width: 133.75pt;\" width=\"178\" height=\"26\">Cant:<\/td>\n<td class=\"et6\" style=\"width: 210.00pt;\" width=\"280\">12 piezas<\/td>\n<\/tr>\n<tr style=\"height: 20.25pt;\">\n<td class=\"et5\" style=\"height: 20.25pt; width: 133.75pt;\" width=\"178\" height=\"27\">G.W.\/N.W.:<\/td>\n<td class=\"et6\" style=\"width: 210.00pt;\" width=\"280\">16,9 \/ 15,7 kg<\/td>\n<\/tr>\n<tr style=\"height: 19.50pt;\">\n<td class=\"et5\" style=\"height: 19.50pt; width: 133.75pt;\" width=\"178\" height=\"26\">Medici\u00f3n:<\/td>\n<td class=\"et6\" style=\"width: 210.00pt;\" width=\"280\">0,12 m\u00b3 \/ 4,34 pies c\u00fabicos<\/td>\n<\/tr>\n<\/tbody>\n<\/table>","protected":false},"featured_media":1185,"comment_status":"closed","ping_status":"closed","template":"","meta":{"_acf_changed":false},"product_brand":[],"product_cat":[26,31,98,99],"product_tag":[],"class_list":{"0":"post-1176","1":"product","2":"type-product","3":"status-publish","4":"has-post-thumbnail","6":"product_cat-wholesale-toys-for-all-ages","7":"product_cat-wholesale-toys-for-ages-5-and-up","8":"product_cat-wholesale-robot-toys","9":"product_cat-wholesale-transforming-robots","11":"first","12":"instock","13":"shipping-taxable","14":"product-type-simple"},"acf":[],"_links":{"self":[{"href":"https:\/\/www.chengjitoy.com\/es\/wp-json\/wp\/v2\/product\/1176","targetHints":{"allow":["GET"]}}],"collection":[{"href":"https:\/\/www.chengjitoy.com\/es\/wp-json\/wp\/v2\/product"}],"about":[{"href":"https:\/\/www.chengjitoy.com\/es\/wp-json\/wp\/v2\/types\/product"}],"replies":[{"embeddable":true,"href":"https:\/\/www.chengjitoy.com\/es\/wp-json\/wp\/v2\/comments?post=1176"}],"wp:featuredmedia":[{"embeddable":true,"href":"https:\/\/www.chengjitoy.com\/es\/wp-json\/wp\/v2\/media\/1185"}],"wp:attachment":[{"href":"https:\/\/www.chengjitoy.com\/es\/wp-json\/wp\/v2\/media?parent=1176"}],"wp:term":[{"taxonomy":"product_brand","embeddable":true,"href":"https:\/\/www.chengjitoy.com\/es\/wp-json\/wp\/v2\/product_brand?post=1176"},{"taxonomy":"product_cat","embeddable":true,"href":"https:\/\/www.chengjitoy.com\/es\/wp-json\/wp\/v2\/product_cat?post=1176"},{"taxonomy":"product_tag","embeddable":true,"href":"https:\/\/www.chengjitoy.com\/es\/wp-json\/wp\/v2\/product_tag?post=1176"}],"curies":[{"name":"wp","href":"https:\/\/api.w.org\/{rel}","templated":true}]}}