{"id":1290,"date":"2025-06-21T09:14:18","date_gmt":"2025-06-21T09:14:18","guid":{"rendered":"https:\/\/www.chengjitoy.com\/?post_type=product&#038;p=1290"},"modified":"2025-06-30T00:45:56","modified_gmt":"2025-06-30T00:45:56","slug":"wholesale-christmas-building-block-set-cj4481011","status":"publish","type":"product","link":"https:\/\/www.chengjitoy.com\/es\/product\/wholesale-christmas-building-block-set-cj4481011\/","title":{"rendered":"Mayorista Juegos de bloques de construcci\u00f3n magn\u00e9ticos para Navidad - Contiene 70 bloques de construcci\u00f3n para juegos creativos y regalos"},"content":{"rendered":"<div class=\"wp-block-columns is-layout-flex wp-container-core-columns-is-layout-9d6595d7 wp-block-columns-is-layout-flex\">\n<div class=\"wp-block-column is-layout-flow wp-block-column-is-layout-flow\" style=\"flex-basis:66.66%\">\n<figure class=\"wp-block-image size-full\"><img loading=\"lazy\" decoding=\"async\" width=\"770\" height=\"1464\" sizes=\"auto, (max-width: 770px) 100vw, 770px\" src=\"https:\/\/www.chengjitoy.com\/wp-content\/uploads\/2025\/06\/details-of-christmas-magnetic-building-block-set-1.webp\" alt=\"detalles de navidad juego de bloques magn\u00e9ticos (1)\" class=\"wp-image-1291\" srcset=\"https:\/\/www.chengjitoy.com\/wp-content\/uploads\/2025\/06\/details-of-christmas-magnetic-building-block-set-1.webp 770w, https:\/\/www.chengjitoy.com\/wp-content\/uploads\/2025\/06\/details-of-christmas-magnetic-building-block-set-1-158x300.webp 158w, https:\/\/www.chengjitoy.com\/wp-content\/uploads\/2025\/06\/details-of-christmas-magnetic-building-block-set-1-768x1460.webp 768w, https:\/\/www.chengjitoy.com\/wp-content\/uploads\/2025\/06\/details-of-christmas-magnetic-building-block-set-1-600x1141.webp 600w\" \/><\/figure>\n\n\n\n<figure class=\"wp-block-image size-full\"><img loading=\"lazy\" decoding=\"async\" width=\"770\" height=\"1623\" sizes=\"auto, (max-width: 770px) 100vw, 770px\" src=\"https:\/\/www.chengjitoy.com\/wp-content\/uploads\/2025\/06\/details-of-christmas-magnetic-building-block-set-2.webp\" alt=\"detalles de navidad juego de bloques magn\u00e9ticos (2)\" class=\"wp-image-1292\" srcset=\"https:\/\/www.chengjitoy.com\/wp-content\/uploads\/2025\/06\/details-of-christmas-magnetic-building-block-set-2.webp 770w, https:\/\/www.chengjitoy.com\/wp-content\/uploads\/2025\/06\/details-of-christmas-magnetic-building-block-set-2-142x300.webp 142w, https:\/\/www.chengjitoy.com\/wp-content\/uploads\/2025\/06\/details-of-christmas-magnetic-building-block-set-2-768x1619.webp 768w, https:\/\/www.chengjitoy.com\/wp-content\/uploads\/2025\/06\/details-of-christmas-magnetic-building-block-set-2-600x1265.webp 600w\" \/><\/figure>\n\n\n\n<figure class=\"wp-block-image size-full\"><img loading=\"lazy\" decoding=\"async\" width=\"770\" height=\"696\" sizes=\"auto, (max-width: 770px) 100vw, 770px\" src=\"https:\/\/www.chengjitoy.com\/wp-content\/uploads\/2025\/06\/details-of-christmas-magnetic-building-block-set-3.webp\" alt=\"detalles de navidad juego de bloques magn\u00e9ticos (3)\" class=\"wp-image-1293\" srcset=\"https:\/\/www.chengjitoy.com\/wp-content\/uploads\/2025\/06\/details-of-christmas-magnetic-building-block-set-3.webp 770w, https:\/\/www.chengjitoy.com\/wp-content\/uploads\/2025\/06\/details-of-christmas-magnetic-building-block-set-3-300x271.webp 300w, https:\/\/www.chengjitoy.com\/wp-content\/uploads\/2025\/06\/details-of-christmas-magnetic-building-block-set-3-768x694.webp 768w, https:\/\/www.chengjitoy.com\/wp-content\/uploads\/2025\/06\/details-of-christmas-magnetic-building-block-set-3-600x542.webp 600w\" \/><\/figure>\n\n\n\n<figure class=\"wp-block-image size-full\"><img loading=\"lazy\" decoding=\"async\" width=\"770\" height=\"1567\" sizes=\"auto, (max-width: 770px) 100vw, 770px\" src=\"https:\/\/www.chengjitoy.com\/wp-content\/uploads\/2025\/06\/details-of-christmas-magnetic-building-block-set-4.webp\" alt=\"detalles de navidad juego de bloques magn\u00e9ticos (4)\" class=\"wp-image-1294\" srcset=\"https:\/\/www.chengjitoy.com\/wp-content\/uploads\/2025\/06\/details-of-christmas-magnetic-building-block-set-4.webp 770w, https:\/\/www.chengjitoy.com\/wp-content\/uploads\/2025\/06\/details-of-christmas-magnetic-building-block-set-4-147x300.webp 147w, https:\/\/www.chengjitoy.com\/wp-content\/uploads\/2025\/06\/details-of-christmas-magnetic-building-block-set-4-768x1563.webp 768w, https:\/\/www.chengjitoy.com\/wp-content\/uploads\/2025\/06\/details-of-christmas-magnetic-building-block-set-4-600x1221.webp 600w\" \/><\/figure>\n<\/div>\n\n\n\n<div class=\"wp-block-column is-layout-flow wp-block-column-is-layout-flow\" style=\"flex-basis:33.33%\"><\/div>\n<\/div>","protected":false},"excerpt":{"rendered":"<p>Juego de bloques de construcci\u00f3n magn\u00e9ticos con tem\u00e1tica navide\u00f1a al por mayor, \u00a1deje que sus hijos sientan la magia de las fiestas! Contiene 70 bloques de construcci\u00f3n magn\u00e9ticos que incorporan elementos navide\u00f1os cl\u00e1sicos como Pap\u00e1 Noel, copos de nieve, hombres de pan de jengibre y campanas. El juego de bloques de construcci\u00f3n magn\u00e9ticos de Navidad adopta un fuerte dise\u00f1o magn\u00e9tico de encaje a presi\u00f3n y proporciona una rica gama de accesorios, lo que le permite construir libremente caba\u00f1as, castillos y escenas de nieve en 3D, por lo que es un regalo perfecto para las fiestas o un producto de venta al por menor. P\u00f3ngase en contacto con nosotros para obtener el mejor presupuesto de un proveedor de juguetes fiable.<\/p>\n<h2>Especificaciones de los juegos de bloques magn\u00e9ticos de Navidad<\/h2>\n<table style=\"border-collapse: collapse; width: 343.52pt;\" border=\"0\" width=\"458\" cellspacing=\"0\" cellpadding=\"0\">\n<tbody>\n<tr style=\"height: 21.00pt;\">\n<td class=\"et2\" style=\"height: 21.00pt; width: 133.75pt;\" width=\"178\" height=\"28\">Art\u00edculo No:<\/td>\n<td class=\"et3\" style=\"width: 210.00pt;\" width=\"280\">CJ-4481011<\/td>\n<\/tr>\n<tr style=\"height: 21.00pt;\">\n<td class=\"et4\" style=\"height: 21.00pt; width: 133.75pt;\" width=\"178\" height=\"28\">Paquete:<\/td>\n<td class=\"et5\" style=\"width: 210.00pt;\" width=\"280\">caja de color<\/td>\n<\/tr>\n<tr style=\"height: 21.00pt;\">\n<td class=\"et4\" style=\"height: 21.00pt; width: 133.75pt;\" width=\"178\" height=\"28\">Tama\u00f1o del paquete:<\/td>\n<td class=\"et5\" style=\"width: 210.00pt;\" width=\"280\">26,5\u00d77\u00d722 cm<\/td>\n<\/tr>\n<tr style=\"height: 21.00pt;\">\n<td class=\"et4\" style=\"height: 21.00pt; width: 133.75pt;\" width=\"178\" height=\"28\">Tama\u00f1o de la caja\uff1a<\/td>\n<td class=\"et5\" style=\"width: 210.00pt;\" width=\"280\">67\u00d729,5\u00d751 cm<\/td>\n<\/tr>\n<tr style=\"height: 21.00pt;\">\n<td class=\"et4\" style=\"height: 21.00pt; width: 133.75pt;\" width=\"178\" height=\"28\">Cant:<\/td>\n<td class=\"et5\" style=\"width: 210.00pt;\" width=\"280\">18 piezas<\/td>\n<\/tr>\n<tr style=\"height: 21.00pt;\">\n<td class=\"et4\" style=\"height: 21.00pt; width: 133.75pt;\" width=\"178\" height=\"28\">G.W.\/N.W.:<\/td>\n<td class=\"et5\" style=\"width: 210.00pt;\" width=\"280\">25,3 \/ 23,1 kg<\/td>\n<\/tr>\n<tr style=\"height: 21.00pt;\">\n<td class=\"et4\" style=\"height: 21.00pt; width: 133.75pt;\" width=\"178\" height=\"28\">Medici\u00f3n:<\/td>\n<td class=\"et5\" style=\"width: 210.00pt;\" width=\"280\">0,1 m\u00b3 \/ 3,56 pies c\u00fabicos<\/td>\n<\/tr>\n<\/tbody>\n<\/table>","protected":false},"featured_media":1295,"comment_status":"closed","ping_status":"closed","template":"","meta":{"_acf_changed":false},"product_brand":[],"product_cat":[26,30,41,24],"product_tag":[],"class_list":{"0":"post-1290","1":"product","2":"type-product","3":"status-publish","4":"has-post-thumbnail","6":"product_cat-wholesale-toys-for-all-ages","7":"product_cat-wholesale-toys-for-ages-3-and-up","8":"product_cat-wholesale-blocks-and-puzzles","9":"product_cat-wholesale-educational-toys","11":"first","12":"instock","13":"shipping-taxable","14":"product-type-simple"},"acf":[],"_links":{"self":[{"href":"https:\/\/www.chengjitoy.com\/es\/wp-json\/wp\/v2\/product\/1290","targetHints":{"allow":["GET"]}}],"collection":[{"href":"https:\/\/www.chengjitoy.com\/es\/wp-json\/wp\/v2\/product"}],"about":[{"href":"https:\/\/www.chengjitoy.com\/es\/wp-json\/wp\/v2\/types\/product"}],"replies":[{"embeddable":true,"href":"https:\/\/www.chengjitoy.com\/es\/wp-json\/wp\/v2\/comments?post=1290"}],"wp:featuredmedia":[{"embeddable":true,"href":"https:\/\/www.chengjitoy.com\/es\/wp-json\/wp\/v2\/media\/1295"}],"wp:attachment":[{"href":"https:\/\/www.chengjitoy.com\/es\/wp-json\/wp\/v2\/media?parent=1290"}],"wp:term":[{"taxonomy":"product_brand","embeddable":true,"href":"https:\/\/www.chengjitoy.com\/es\/wp-json\/wp\/v2\/product_brand?post=1290"},{"taxonomy":"product_cat","embeddable":true,"href":"https:\/\/www.chengjitoy.com\/es\/wp-json\/wp\/v2\/product_cat?post=1290"},{"taxonomy":"product_tag","embeddable":true,"href":"https:\/\/www.chengjitoy.com\/es\/wp-json\/wp\/v2\/product_tag?post=1290"}],"curies":[{"name":"wp","href":"https:\/\/api.w.org\/{rel}","templated":true}]}}