{"id":1396,"date":"2025-06-22T14:47:00","date_gmt":"2025-06-22T14:47:00","guid":{"rendered":"https:\/\/www.chengjitoy.com\/?post_type=product&#038;p=1396"},"modified":"2025-06-30T00:43:49","modified_gmt":"2025-06-30T00:43:49","slug":"wholesale-baby-play-gym-mat-cj4526477","status":"publish","type":"product","link":"https:\/\/www.chengjitoy.com\/es\/product\/wholesale-baby-play-gym-mat-cj4526477\/","title":{"rendered":"Venta al Mayor Gimnasios para Bebes, Forma de \"Hoja de Bosque\", con Soporte de Madera"},"content":{"rendered":"<div class=\"wp-block-columns is-layout-flex wp-container-core-columns-is-layout-9d6595d7 wp-block-columns-is-layout-flex\">\n<div class=\"wp-block-column is-layout-flow wp-block-column-is-layout-flow\" style=\"flex-basis:66.66%\">\n<figure class=\"wp-block-image size-full\"><img loading=\"lazy\" decoding=\"async\" width=\"770\" height=\"935\" sizes=\"auto, (max-width: 770px) 100vw, 770px\" src=\"https:\/\/www.chengjitoy.com\/wp-content\/uploads\/2025\/06\/details-of-baby-play-mat-gym-1.webp\" alt=\"detalles de la alfombra de juegos para beb\u00e9s (1)\" class=\"wp-image-1397\" srcset=\"https:\/\/www.chengjitoy.com\/wp-content\/uploads\/2025\/06\/details-of-baby-play-mat-gym-1.webp 770w, https:\/\/www.chengjitoy.com\/wp-content\/uploads\/2025\/06\/details-of-baby-play-mat-gym-1-247x300.webp 247w, https:\/\/www.chengjitoy.com\/wp-content\/uploads\/2025\/06\/details-of-baby-play-mat-gym-1-768x933.webp 768w, https:\/\/www.chengjitoy.com\/wp-content\/uploads\/2025\/06\/details-of-baby-play-mat-gym-1-600x729.webp 600w\" \/><\/figure>\n\n\n\n<figure class=\"wp-block-image size-full\"><img loading=\"lazy\" decoding=\"async\" width=\"770\" height=\"1416\" sizes=\"auto, (max-width: 770px) 100vw, 770px\" src=\"https:\/\/www.chengjitoy.com\/wp-content\/uploads\/2025\/06\/details-of-baby-play-mat-gym-2.webp\" alt=\"detalles de la alfombra de juegos para beb\u00e9s (2)\" class=\"wp-image-1398\" srcset=\"https:\/\/www.chengjitoy.com\/wp-content\/uploads\/2025\/06\/details-of-baby-play-mat-gym-2.webp 770w, https:\/\/www.chengjitoy.com\/wp-content\/uploads\/2025\/06\/details-of-baby-play-mat-gym-2-163x300.webp 163w, https:\/\/www.chengjitoy.com\/wp-content\/uploads\/2025\/06\/details-of-baby-play-mat-gym-2-768x1412.webp 768w, https:\/\/www.chengjitoy.com\/wp-content\/uploads\/2025\/06\/details-of-baby-play-mat-gym-2-600x1103.webp 600w\" \/><\/figure>\n\n\n\n<figure class=\"wp-block-image size-full\"><img loading=\"lazy\" decoding=\"async\" width=\"770\" height=\"1179\" sizes=\"auto, (max-width: 770px) 100vw, 770px\" src=\"https:\/\/www.chengjitoy.com\/wp-content\/uploads\/2025\/06\/details-of-baby-play-mat-gym-3.webp\" alt=\"detalles de la alfombra de juegos para beb\u00e9s (3)\" class=\"wp-image-1399\" srcset=\"https:\/\/www.chengjitoy.com\/wp-content\/uploads\/2025\/06\/details-of-baby-play-mat-gym-3.webp 770w, https:\/\/www.chengjitoy.com\/wp-content\/uploads\/2025\/06\/details-of-baby-play-mat-gym-3-196x300.webp 196w, https:\/\/www.chengjitoy.com\/wp-content\/uploads\/2025\/06\/details-of-baby-play-mat-gym-3-768x1176.webp 768w, https:\/\/www.chengjitoy.com\/wp-content\/uploads\/2025\/06\/details-of-baby-play-mat-gym-3-600x919.webp 600w\" \/><\/figure>\n\n\n\n<figure class=\"wp-block-image size-full\"><img loading=\"lazy\" decoding=\"async\" width=\"770\" height=\"1840\" sizes=\"auto, (max-width: 770px) 100vw, 770px\" src=\"https:\/\/www.chengjitoy.com\/wp-content\/uploads\/2025\/06\/details-of-baby-play-mat-gym-4.webp\" alt=\"detalles de la alfombra de juegos para beb\u00e9s (4)\" class=\"wp-image-1400\" srcset=\"https:\/\/www.chengjitoy.com\/wp-content\/uploads\/2025\/06\/details-of-baby-play-mat-gym-4.webp 770w, https:\/\/www.chengjitoy.com\/wp-content\/uploads\/2025\/06\/details-of-baby-play-mat-gym-4-126x300.webp 126w, https:\/\/www.chengjitoy.com\/wp-content\/uploads\/2025\/06\/details-of-baby-play-mat-gym-4-768x1835.webp 768w, https:\/\/www.chengjitoy.com\/wp-content\/uploads\/2025\/06\/details-of-baby-play-mat-gym-4-600x1434.webp 600w\" \/><\/figure>\n\n\n\n<figure class=\"wp-block-image size-full\"><img loading=\"lazy\" decoding=\"async\" width=\"770\" height=\"1244\" sizes=\"auto, (max-width: 770px) 100vw, 770px\" src=\"https:\/\/www.chengjitoy.com\/wp-content\/uploads\/2025\/06\/details-of-baby-play-mat-gym-5.webp\" alt=\"detalles de la alfombra de juegos para beb\u00e9s (5)\" class=\"wp-image-1401\" srcset=\"https:\/\/www.chengjitoy.com\/wp-content\/uploads\/2025\/06\/details-of-baby-play-mat-gym-5.webp 770w, https:\/\/www.chengjitoy.com\/wp-content\/uploads\/2025\/06\/details-of-baby-play-mat-gym-5-186x300.webp 186w, https:\/\/www.chengjitoy.com\/wp-content\/uploads\/2025\/06\/details-of-baby-play-mat-gym-5-768x1241.webp 768w, https:\/\/www.chengjitoy.com\/wp-content\/uploads\/2025\/06\/details-of-baby-play-mat-gym-5-600x969.webp 600w\" \/><\/figure>\n\n\n\n<figure class=\"wp-block-image size-full\"><img loading=\"lazy\" decoding=\"async\" width=\"770\" height=\"1439\" sizes=\"auto, (max-width: 770px) 100vw, 770px\" src=\"https:\/\/www.chengjitoy.com\/wp-content\/uploads\/2025\/06\/details-of-baby-play-mat-gym-6.webp\" alt=\"detalles de la alfombra de juegos para beb\u00e9s (6)\" class=\"wp-image-1402\" srcset=\"https:\/\/www.chengjitoy.com\/wp-content\/uploads\/2025\/06\/details-of-baby-play-mat-gym-6.webp 770w, https:\/\/www.chengjitoy.com\/wp-content\/uploads\/2025\/06\/details-of-baby-play-mat-gym-6-161x300.webp 161w, https:\/\/www.chengjitoy.com\/wp-content\/uploads\/2025\/06\/details-of-baby-play-mat-gym-6-768x1435.webp 768w, https:\/\/www.chengjitoy.com\/wp-content\/uploads\/2025\/06\/details-of-baby-play-mat-gym-6-600x1121.webp 600w\" \/><\/figure>\n\n\n\n<figure class=\"wp-block-image size-full\"><img loading=\"lazy\" decoding=\"async\" width=\"770\" height=\"729\" sizes=\"auto, (max-width: 770px) 100vw, 770px\" src=\"https:\/\/www.chengjitoy.com\/wp-content\/uploads\/2025\/06\/details-of-baby-play-mat-gym-7.webp\" alt=\"detalles de la alfombra de juegos para beb\u00e9s (7)\" class=\"wp-image-1403\" srcset=\"https:\/\/www.chengjitoy.com\/wp-content\/uploads\/2025\/06\/details-of-baby-play-mat-gym-7.webp 770w, https:\/\/www.chengjitoy.com\/wp-content\/uploads\/2025\/06\/details-of-baby-play-mat-gym-7-300x284.webp 300w, https:\/\/www.chengjitoy.com\/wp-content\/uploads\/2025\/06\/details-of-baby-play-mat-gym-7-768x727.webp 768w, https:\/\/www.chengjitoy.com\/wp-content\/uploads\/2025\/06\/details-of-baby-play-mat-gym-7-600x568.webp 600w\" \/><\/figure>\n\n\n\n<figure class=\"wp-block-image size-full\"><img loading=\"lazy\" decoding=\"async\" width=\"770\" height=\"1475\" sizes=\"auto, (max-width: 770px) 100vw, 770px\" src=\"https:\/\/www.chengjitoy.com\/wp-content\/uploads\/2025\/06\/details-of-baby-play-mat-gym-8.webp\" alt=\"detalles de la alfombra de juegos para beb\u00e9s (8)\" class=\"wp-image-1404\" srcset=\"https:\/\/www.chengjitoy.com\/wp-content\/uploads\/2025\/06\/details-of-baby-play-mat-gym-8.webp 770w, https:\/\/www.chengjitoy.com\/wp-content\/uploads\/2025\/06\/details-of-baby-play-mat-gym-8-157x300.webp 157w, https:\/\/www.chengjitoy.com\/wp-content\/uploads\/2025\/06\/details-of-baby-play-mat-gym-8-768x1471.webp 768w, https:\/\/www.chengjitoy.com\/wp-content\/uploads\/2025\/06\/details-of-baby-play-mat-gym-8-600x1149.webp 600w\" \/><\/figure>\n<\/div>\n\n\n\n<div class=\"wp-block-column is-layout-flow wp-block-column-is-layout-flow\" style=\"flex-basis:33.33%\"><\/div>\n<\/div>","protected":false},"excerpt":{"rendered":"<p>Venta al por mayor de alfombras de juego para beb\u00e9s, este gimnasio de alfombras de juego para beb\u00e9s \"Hoja Verde Bosque\" puede enriquecer su serie de venta al por mayor de juguetes para beb\u00e9s. Cuenta con una gran alfombra de juego en forma de hoja de 142\u00d790 cm, un robusto soporte de madera de 50 cm y cinco peluches de animales desmontables, que proporcionan una completa experiencia de aprendizaje y actividad temprana para beb\u00e9s de 0 a 24 meses, adecuada para el tiempo boca abajo, la pr\u00e1ctica del agarre y la interacci\u00f3n entre padres e hijos. Admite personalizaci\u00f3n OEM\/ODM, p\u00f3ngase en contacto con nosotros para solicitar presupuesto.<\/p>\n<h2>Especificaciones de Baby Play Mat Gym<\/h2>\n<table style=\"border-collapse: collapse; width: 343.52pt;\" border=\"0\" width=\"458\" cellspacing=\"0\" cellpadding=\"0\">\n<tbody>\n<tr style=\"height: 20.25pt;\">\n<td class=\"et3\" style=\"height: 20.25pt; width: 133.75pt;\" width=\"178\" height=\"27\">Art\u00edculo No:<\/td>\n<td class=\"et4\" style=\"width: 210.00pt;\" width=\"280\">CJ-4526477<\/td>\n<\/tr>\n<tr style=\"height: 19.50pt;\">\n<td class=\"et5\" style=\"height: 19.50pt; width: 133.75pt;\" width=\"178\" height=\"26\">Paquete:<\/td>\n<td class=\"et6\" style=\"width: 210.00pt;\" width=\"280\">caja de color<\/td>\n<\/tr>\n<tr style=\"height: 20.25pt;\">\n<td class=\"et5\" style=\"height: 20.25pt; width: 133.75pt;\" width=\"178\" height=\"27\">Tama\u00f1o del paquete:<\/td>\n<td class=\"et6\" style=\"width: 210.00pt;\" width=\"280\">38\u00d714\u00d734 cm<\/td>\n<\/tr>\n<tr style=\"height: 19.50pt;\">\n<td class=\"et5\" style=\"height: 19.50pt; width: 133.75pt;\" width=\"178\" height=\"26\">Tama\u00f1o de la caja:<\/td>\n<td class=\"et6\" style=\"width: 210.00pt;\" width=\"280\">87\u00d740\u00d771 cm<\/td>\n<\/tr>\n<tr style=\"height: 19.50pt;\">\n<td class=\"et5\" style=\"height: 19.50pt; width: 133.75pt;\" width=\"178\" height=\"26\">Cant:<\/td>\n<td class=\"et6\" style=\"width: 210.00pt;\" width=\"280\">12 piezas<\/td>\n<\/tr>\n<tr style=\"height: 20.25pt;\">\n<td class=\"et5\" style=\"height: 20.25pt; width: 133.75pt;\" width=\"178\" height=\"27\">G.W.\/N.W.:<\/td>\n<td class=\"et6\" style=\"width: 210.00pt;\" width=\"280\">14 \/ 12 kg<\/td>\n<\/tr>\n<tr style=\"height: 19.50pt;\">\n<td class=\"et5\" style=\"height: 19.50pt; width: 133.75pt;\" width=\"178\" height=\"26\">Medici\u00f3n:<\/td>\n<td class=\"et6\" style=\"width: 210.00pt;\" width=\"280\">0,25 m\u00b3 \/ 8,72 pies c\u00fabicos<\/td>\n<\/tr>\n<\/tbody>\n<\/table>","protected":false},"featured_media":1405,"comment_status":"closed","ping_status":"closed","template":"","meta":{"_acf_changed":false},"product_brand":[],"product_cat":[26,29,25,47],"product_tag":[],"class_list":{"0":"post-1396","1":"product","2":"type-product","3":"status-publish","4":"has-post-thumbnail","6":"product_cat-wholesale-toys-for-all-ages","7":"product_cat-wholesale-toys-for-0-24-months","8":"product_cat-wholesale-baby-toys","9":"product_cat-wholesale-baby-beds-and-playmats","11":"first","12":"instock","13":"shipping-taxable","14":"product-type-simple"},"acf":[],"_links":{"self":[{"href":"https:\/\/www.chengjitoy.com\/es\/wp-json\/wp\/v2\/product\/1396","targetHints":{"allow":["GET"]}}],"collection":[{"href":"https:\/\/www.chengjitoy.com\/es\/wp-json\/wp\/v2\/product"}],"about":[{"href":"https:\/\/www.chengjitoy.com\/es\/wp-json\/wp\/v2\/types\/product"}],"replies":[{"embeddable":true,"href":"https:\/\/www.chengjitoy.com\/es\/wp-json\/wp\/v2\/comments?post=1396"}],"wp:featuredmedia":[{"embeddable":true,"href":"https:\/\/www.chengjitoy.com\/es\/wp-json\/wp\/v2\/media\/1405"}],"wp:attachment":[{"href":"https:\/\/www.chengjitoy.com\/es\/wp-json\/wp\/v2\/media?parent=1396"}],"wp:term":[{"taxonomy":"product_brand","embeddable":true,"href":"https:\/\/www.chengjitoy.com\/es\/wp-json\/wp\/v2\/product_brand?post=1396"},{"taxonomy":"product_cat","embeddable":true,"href":"https:\/\/www.chengjitoy.com\/es\/wp-json\/wp\/v2\/product_cat?post=1396"},{"taxonomy":"product_tag","embeddable":true,"href":"https:\/\/www.chengjitoy.com\/es\/wp-json\/wp\/v2\/product_tag?post=1396"}],"curies":[{"name":"wp","href":"https:\/\/api.w.org\/{rel}","templated":true}]}}