{"id":1444,"date":"2025-06-23T22:13:38","date_gmt":"2025-06-23T22:13:38","guid":{"rendered":"https:\/\/www.chengjitoy.com\/?post_type=product&#038;p=1444"},"modified":"2025-06-30T00:43:05","modified_gmt":"2025-06-30T00:43:05","slug":"wholesale-ball-and-track-toy-set-cj4537292","status":"publish","type":"product","link":"https:\/\/www.chengjitoy.com\/es\/product\/wholesale-ball-and-track-toy-set-cj4537292\/","title":{"rendered":"Mayorista Juguetes de Pelota y Pista, con Musica y Luces - Chengji Track Toy Supplier"},"content":{"rendered":"<div class=\"wp-block-columns is-layout-flex wp-container-core-columns-is-layout-9d6595d7 wp-block-columns-is-layout-flex\">\n<div class=\"wp-block-column is-layout-flow wp-block-column-is-layout-flow\" style=\"flex-basis:66.66%\">\n<figure class=\"wp-block-image size-full\"><img loading=\"lazy\" decoding=\"async\" width=\"790\" height=\"1777\" sizes=\"auto, (max-width: 790px) 100vw, 790px\" src=\"https:\/\/www.chengjitoy.com\/wp-content\/uploads\/2025\/06\/details-of-ball-and-track-toy-1.webp\" alt=\"detalles del juguete de pelota y pista (1)\" class=\"wp-image-1445\" srcset=\"https:\/\/www.chengjitoy.com\/wp-content\/uploads\/2025\/06\/details-of-ball-and-track-toy-1.webp 790w, https:\/\/www.chengjitoy.com\/wp-content\/uploads\/2025\/06\/details-of-ball-and-track-toy-1-133x300.webp 133w, https:\/\/www.chengjitoy.com\/wp-content\/uploads\/2025\/06\/details-of-ball-and-track-toy-1-768x1728.webp 768w, https:\/\/www.chengjitoy.com\/wp-content\/uploads\/2025\/06\/details-of-ball-and-track-toy-1-600x1350.webp 600w\" \/><\/figure>\n\n\n\n<figure class=\"wp-block-image size-full\"><img loading=\"lazy\" decoding=\"async\" width=\"790\" height=\"1368\" sizes=\"auto, (max-width: 790px) 100vw, 790px\" src=\"https:\/\/www.chengjitoy.com\/wp-content\/uploads\/2025\/06\/details-of-ball-and-track-toy-2.webp\" alt=\"detalles del juguete de pelota y pista (2)\" class=\"wp-image-1446\" srcset=\"https:\/\/www.chengjitoy.com\/wp-content\/uploads\/2025\/06\/details-of-ball-and-track-toy-2.webp 790w, https:\/\/www.chengjitoy.com\/wp-content\/uploads\/2025\/06\/details-of-ball-and-track-toy-2-173x300.webp 173w, https:\/\/www.chengjitoy.com\/wp-content\/uploads\/2025\/06\/details-of-ball-and-track-toy-2-768x1330.webp 768w, https:\/\/www.chengjitoy.com\/wp-content\/uploads\/2025\/06\/details-of-ball-and-track-toy-2-600x1039.webp 600w\" \/><\/figure>\n\n\n\n<figure class=\"wp-block-image size-full\"><img loading=\"lazy\" decoding=\"async\" width=\"790\" height=\"1367\" sizes=\"auto, (max-width: 790px) 100vw, 790px\" src=\"https:\/\/www.chengjitoy.com\/wp-content\/uploads\/2025\/06\/details-of-ball-and-track-toy-3.webp\" alt=\"detalles del juguete de pelota y pista (3)\" class=\"wp-image-1447\" srcset=\"https:\/\/www.chengjitoy.com\/wp-content\/uploads\/2025\/06\/details-of-ball-and-track-toy-3.webp 790w, https:\/\/www.chengjitoy.com\/wp-content\/uploads\/2025\/06\/details-of-ball-and-track-toy-3-173x300.webp 173w, https:\/\/www.chengjitoy.com\/wp-content\/uploads\/2025\/06\/details-of-ball-and-track-toy-3-768x1329.webp 768w, https:\/\/www.chengjitoy.com\/wp-content\/uploads\/2025\/06\/details-of-ball-and-track-toy-3-600x1038.webp 600w\" \/><\/figure>\n\n\n\n<figure class=\"wp-block-image size-full\"><img loading=\"lazy\" decoding=\"async\" width=\"790\" height=\"1245\" sizes=\"auto, (max-width: 790px) 100vw, 790px\" src=\"https:\/\/www.chengjitoy.com\/wp-content\/uploads\/2025\/06\/details-of-ball-and-track-toy-4.webp\" alt=\"detalles del juguete de pelota y pista (4)\" class=\"wp-image-1448\" srcset=\"https:\/\/www.chengjitoy.com\/wp-content\/uploads\/2025\/06\/details-of-ball-and-track-toy-4.webp 790w, https:\/\/www.chengjitoy.com\/wp-content\/uploads\/2025\/06\/details-of-ball-and-track-toy-4-190x300.webp 190w, https:\/\/www.chengjitoy.com\/wp-content\/uploads\/2025\/06\/details-of-ball-and-track-toy-4-768x1210.webp 768w, https:\/\/www.chengjitoy.com\/wp-content\/uploads\/2025\/06\/details-of-ball-and-track-toy-4-600x946.webp 600w\" \/><\/figure>\n\n\n\n<figure class=\"wp-block-image size-full\"><img loading=\"lazy\" decoding=\"async\" width=\"790\" height=\"1371\" sizes=\"auto, (max-width: 790px) 100vw, 790px\" src=\"https:\/\/www.chengjitoy.com\/wp-content\/uploads\/2025\/06\/details-of-ball-and-track-toy-5.webp\" alt=\"detalles del juguete de pelota y pista (5)\" class=\"wp-image-1449\" srcset=\"https:\/\/www.chengjitoy.com\/wp-content\/uploads\/2025\/06\/details-of-ball-and-track-toy-5.webp 790w, https:\/\/www.chengjitoy.com\/wp-content\/uploads\/2025\/06\/details-of-ball-and-track-toy-5-173x300.webp 173w, https:\/\/www.chengjitoy.com\/wp-content\/uploads\/2025\/06\/details-of-ball-and-track-toy-5-768x1333.webp 768w, https:\/\/www.chengjitoy.com\/wp-content\/uploads\/2025\/06\/details-of-ball-and-track-toy-5-600x1041.webp 600w\" \/><\/figure>\n\n\n\n<figure class=\"wp-block-image size-full\"><img loading=\"lazy\" decoding=\"async\" width=\"790\" height=\"1224\" sizes=\"auto, (max-width: 790px) 100vw, 790px\" src=\"https:\/\/www.chengjitoy.com\/wp-content\/uploads\/2025\/06\/details-of-ball-and-track-toy-6.webp\" alt=\"detalles del juguete de pelota y pista (6)\" class=\"wp-image-1450\" srcset=\"https:\/\/www.chengjitoy.com\/wp-content\/uploads\/2025\/06\/details-of-ball-and-track-toy-6.webp 790w, https:\/\/www.chengjitoy.com\/wp-content\/uploads\/2025\/06\/details-of-ball-and-track-toy-6-194x300.webp 194w, https:\/\/www.chengjitoy.com\/wp-content\/uploads\/2025\/06\/details-of-ball-and-track-toy-6-768x1190.webp 768w, https:\/\/www.chengjitoy.com\/wp-content\/uploads\/2025\/06\/details-of-ball-and-track-toy-6-600x930.webp 600w\" \/><\/figure>\n\n\n\n<figure class=\"wp-block-image size-full\"><img loading=\"lazy\" decoding=\"async\" width=\"790\" height=\"862\" sizes=\"auto, (max-width: 790px) 100vw, 790px\" src=\"https:\/\/www.chengjitoy.com\/wp-content\/uploads\/2025\/06\/details-of-ball-and-track-toy-7.webp\" alt=\"detalles del juguete de pelota y pista (7)\" class=\"wp-image-1451\" srcset=\"https:\/\/www.chengjitoy.com\/wp-content\/uploads\/2025\/06\/details-of-ball-and-track-toy-7.webp 790w, https:\/\/www.chengjitoy.com\/wp-content\/uploads\/2025\/06\/details-of-ball-and-track-toy-7-275x300.webp 275w, https:\/\/www.chengjitoy.com\/wp-content\/uploads\/2025\/06\/details-of-ball-and-track-toy-7-768x838.webp 768w, https:\/\/www.chengjitoy.com\/wp-content\/uploads\/2025\/06\/details-of-ball-and-track-toy-7-600x655.webp 600w\" \/><\/figure>\n\n\n\n<figure class=\"wp-block-image size-full\"><img loading=\"lazy\" decoding=\"async\" width=\"790\" height=\"927\" sizes=\"auto, (max-width: 790px) 100vw, 790px\" src=\"https:\/\/www.chengjitoy.com\/wp-content\/uploads\/2025\/06\/details-of-ball-and-track-toy-8.webp\" alt=\"detalles del juguete de pelota y pista (8)\" class=\"wp-image-1452\" srcset=\"https:\/\/www.chengjitoy.com\/wp-content\/uploads\/2025\/06\/details-of-ball-and-track-toy-8.webp 790w, https:\/\/www.chengjitoy.com\/wp-content\/uploads\/2025\/06\/details-of-ball-and-track-toy-8-256x300.webp 256w, https:\/\/www.chengjitoy.com\/wp-content\/uploads\/2025\/06\/details-of-ball-and-track-toy-8-768x901.webp 768w, https:\/\/www.chengjitoy.com\/wp-content\/uploads\/2025\/06\/details-of-ball-and-track-toy-8-600x704.webp 600w\" \/><\/figure>\n<\/div>\n\n\n\n<div class=\"wp-block-column is-layout-flow wp-block-column-is-layout-flow\" style=\"flex-basis:33.33%\"><\/div>\n<\/div>","protected":false},"excerpt":{"rendered":"<p>Venta al por mayor de juguetes de bola y pista, un superventas de juguetes de bola de pista con tem\u00e1tica de unicornio que atrae a los ni\u00f1os a trav\u00e9s de la luz, el sonido, el movimiento y la interacci\u00f3n t\u00e1ctil. Este juguete incluye un sistema de tobog\u00e1n de tres capas y un realista volc\u00e1n pulverizador, que es a la vez divertido y educativo. Adecuado para guarder\u00edas, jugueter\u00edas, centros de educaci\u00f3n infantil y tiendas de regalos para comprar al por mayor. Ofrecemos MOQ bajo y servicios de personalizaci\u00f3n OEM\/ODM, p\u00f3ngase en contacto con nosotros.<\/p>\n<h2>Especificaciones del Juguete de Pelota y Pista<\/h2>\n<table style=\"border-collapse: collapse; width: 343.52pt;\" border=\"0\" width=\"458\" cellspacing=\"0\" cellpadding=\"0\">\n<tbody>\n<tr style=\"height: 20.25pt;\">\n<td class=\"et3\" style=\"height: 20.25pt; width: 133.75pt;\" width=\"178\" height=\"27\">Art\u00edculo No:<\/td>\n<td class=\"et4\" style=\"width: 210.00pt;\" width=\"280\">CJ-4537292<\/td>\n<\/tr>\n<tr style=\"height: 19.50pt;\">\n<td class=\"et5\" style=\"height: 19.50pt; width: 133.75pt;\" width=\"178\" height=\"26\">Paquete:<\/td>\n<td class=\"et6\" style=\"width: 210.00pt;\" width=\"280\">caja de color<\/td>\n<\/tr>\n<tr style=\"height: 19.50pt;\">\n<td class=\"et5\" style=\"height: 19.50pt; width: 133.75pt;\" width=\"178\" height=\"26\">Tama\u00f1o del paquete:<\/td>\n<td class=\"et6\" style=\"width: 210.00pt;\" width=\"280\">33,5\u00d723,5\u00d79,5 cm<\/td>\n<\/tr>\n<tr style=\"height: 20.25pt;\">\n<td class=\"et5\" style=\"height: 20.25pt; width: 133.75pt;\" width=\"178\" height=\"27\">Tama\u00f1o de la caja:<\/td>\n<td class=\"et6\" style=\"width: 210.00pt;\" width=\"280\">59,5\u00d734,5\u00d749 cm<\/td>\n<\/tr>\n<tr style=\"height: 19.50pt;\">\n<td class=\"et5\" style=\"height: 19.50pt; width: 133.75pt;\" width=\"178\" height=\"26\">Cant:<\/td>\n<td class=\"et6\" style=\"width: 210.00pt;\" width=\"280\">12 piezas<\/td>\n<\/tr>\n<tr style=\"height: 20.25pt;\">\n<td class=\"et5\" style=\"height: 20.25pt; width: 133.75pt;\" width=\"178\" height=\"27\">G.W.\/N.W.:<\/td>\n<td class=\"et6\" style=\"width: 210.00pt;\" width=\"280\">10,6 \/ 9,6 kg<\/td>\n<\/tr>\n<tr style=\"height: 19.50pt;\">\n<td class=\"et5\" style=\"height: 19.50pt; width: 133.75pt;\" width=\"178\" height=\"26\">Medici\u00f3n:<\/td>\n<td class=\"et6\" style=\"width: 210.00pt;\" width=\"280\">0,1 m\u00b3 \/ 3,55 pies c\u00fabicos<\/td>\n<\/tr>\n<\/tbody>\n<\/table>","protected":false},"featured_media":1453,"comment_status":"closed","ping_status":"closed","template":"","meta":{"_acf_changed":false},"product_brand":[],"product_cat":[26,30,94],"product_tag":[],"class_list":{"0":"post-1444","1":"product","2":"type-product","3":"status-publish","4":"has-post-thumbnail","6":"product_cat-wholesale-toys-for-all-ages","7":"product_cat-wholesale-toys-for-ages-3-and-up","8":"product_cat-wholesale-track-toy-set","10":"first","11":"instock","12":"shipping-taxable","13":"product-type-simple"},"acf":[],"_links":{"self":[{"href":"https:\/\/www.chengjitoy.com\/es\/wp-json\/wp\/v2\/product\/1444","targetHints":{"allow":["GET"]}}],"collection":[{"href":"https:\/\/www.chengjitoy.com\/es\/wp-json\/wp\/v2\/product"}],"about":[{"href":"https:\/\/www.chengjitoy.com\/es\/wp-json\/wp\/v2\/types\/product"}],"replies":[{"embeddable":true,"href":"https:\/\/www.chengjitoy.com\/es\/wp-json\/wp\/v2\/comments?post=1444"}],"wp:featuredmedia":[{"embeddable":true,"href":"https:\/\/www.chengjitoy.com\/es\/wp-json\/wp\/v2\/media\/1453"}],"wp:attachment":[{"href":"https:\/\/www.chengjitoy.com\/es\/wp-json\/wp\/v2\/media?parent=1444"}],"wp:term":[{"taxonomy":"product_brand","embeddable":true,"href":"https:\/\/www.chengjitoy.com\/es\/wp-json\/wp\/v2\/product_brand?post=1444"},{"taxonomy":"product_cat","embeddable":true,"href":"https:\/\/www.chengjitoy.com\/es\/wp-json\/wp\/v2\/product_cat?post=1444"},{"taxonomy":"product_tag","embeddable":true,"href":"https:\/\/www.chengjitoy.com\/es\/wp-json\/wp\/v2\/product_tag?post=1444"}],"curies":[{"name":"wp","href":"https:\/\/api.w.org\/{rel}","templated":true}]}}