{"id":1489,"date":"2025-06-24T01:27:32","date_gmt":"2025-06-24T01:27:32","guid":{"rendered":"https:\/\/www.chengjitoy.com\/?post_type=product&#038;p=1489"},"modified":"2025-06-30T10:24:17","modified_gmt":"2025-06-30T10:24:17","slug":"wholesale-smart-card-reading-robot-toy-cj4540801","status":"publish","type":"product","link":"https:\/\/www.chengjitoy.com\/es\/product\/wholesale-smart-card-reading-robot-toy-cj4540801\/","title":{"rendered":"Mayorista de Juguetes Robot Lector de Tarjetas Inteligentes - Combina Funciones de Lectura de Tarjetas, Control Remoto y Grabaci\u00f3n de Voz"},"content":{"rendered":"<div class=\"wp-block-columns is-layout-flex wp-container-core-columns-is-layout-9d6595d7 wp-block-columns-is-layout-flex\">\n<div class=\"wp-block-column is-layout-flow wp-block-column-is-layout-flow\" style=\"flex-basis:66.66%\">\n<figure class=\"wp-block-image size-full\"><img loading=\"lazy\" decoding=\"async\" width=\"770\" height=\"1143\" src=\"https:\/\/www.chengjitoy.com\/wp-content\/uploads\/2025\/06\/details-of-smart-card-reading-robot-toy-1.webp\" alt=\"detalles del juguete robot lector de tarjetas inteligentes (1)\" class=\"wp-image-1504\" srcset=\"https:\/\/www.chengjitoy.com\/wp-content\/uploads\/2025\/06\/details-of-smart-card-reading-robot-toy-1.webp 770w, https:\/\/www.chengjitoy.com\/wp-content\/uploads\/2025\/06\/details-of-smart-card-reading-robot-toy-1-202x300.webp 202w, https:\/\/www.chengjitoy.com\/wp-content\/uploads\/2025\/06\/details-of-smart-card-reading-robot-toy-1-768x1140.webp 768w, https:\/\/www.chengjitoy.com\/wp-content\/uploads\/2025\/06\/details-of-smart-card-reading-robot-toy-1-600x891.webp 600w\" sizes=\"auto, (max-width: 770px) 100vw, 770px\" \/><\/figure>\n\n\n\n<figure class=\"wp-block-image size-full\"><img loading=\"lazy\" decoding=\"async\" width=\"770\" height=\"513\" src=\"https:\/\/www.chengjitoy.com\/wp-content\/uploads\/2025\/06\/details-of-smart-card-reading-robot-toy-2.webp\" alt=\"detalles del juguete robot lector de tarjetas inteligentes (2)\" class=\"wp-image-1505\" srcset=\"https:\/\/www.chengjitoy.com\/wp-content\/uploads\/2025\/06\/details-of-smart-card-reading-robot-toy-2.webp 770w, https:\/\/www.chengjitoy.com\/wp-content\/uploads\/2025\/06\/details-of-smart-card-reading-robot-toy-2-300x200.webp 300w, https:\/\/www.chengjitoy.com\/wp-content\/uploads\/2025\/06\/details-of-smart-card-reading-robot-toy-2-768x512.webp 768w, https:\/\/www.chengjitoy.com\/wp-content\/uploads\/2025\/06\/details-of-smart-card-reading-robot-toy-2-600x400.webp 600w\" sizes=\"auto, (max-width: 770px) 100vw, 770px\" \/><\/figure>\n\n\n\n<figure class=\"wp-block-image size-full\"><img loading=\"lazy\" decoding=\"async\" width=\"770\" height=\"1176\" src=\"https:\/\/www.chengjitoy.com\/wp-content\/uploads\/2025\/06\/details-of-smart-card-reading-robot-toy-3.webp\" alt=\"detalles del juguete robot lector de tarjetas inteligentes (3)\" class=\"wp-image-1506\" srcset=\"https:\/\/www.chengjitoy.com\/wp-content\/uploads\/2025\/06\/details-of-smart-card-reading-robot-toy-3.webp 770w, https:\/\/www.chengjitoy.com\/wp-content\/uploads\/2025\/06\/details-of-smart-card-reading-robot-toy-3-196x300.webp 196w, https:\/\/www.chengjitoy.com\/wp-content\/uploads\/2025\/06\/details-of-smart-card-reading-robot-toy-3-768x1173.webp 768w, https:\/\/www.chengjitoy.com\/wp-content\/uploads\/2025\/06\/details-of-smart-card-reading-robot-toy-3-600x916.webp 600w\" sizes=\"auto, (max-width: 770px) 100vw, 770px\" \/><\/figure>\n\n\n\n<figure class=\"wp-block-image size-full\"><img loading=\"lazy\" decoding=\"async\" width=\"770\" height=\"1325\" src=\"https:\/\/www.chengjitoy.com\/wp-content\/uploads\/2025\/06\/details-of-smart-card-reading-robot-toy-4.webp\" alt=\"detalles del juguete robot lector de tarjetas inteligentes (4)\" class=\"wp-image-1507\" srcset=\"https:\/\/www.chengjitoy.com\/wp-content\/uploads\/2025\/06\/details-of-smart-card-reading-robot-toy-4.webp 770w, https:\/\/www.chengjitoy.com\/wp-content\/uploads\/2025\/06\/details-of-smart-card-reading-robot-toy-4-174x300.webp 174w, https:\/\/www.chengjitoy.com\/wp-content\/uploads\/2025\/06\/details-of-smart-card-reading-robot-toy-4-768x1322.webp 768w, https:\/\/www.chengjitoy.com\/wp-content\/uploads\/2025\/06\/details-of-smart-card-reading-robot-toy-4-600x1032.webp 600w\" sizes=\"auto, (max-width: 770px) 100vw, 770px\" \/><\/figure>\n\n\n\n<figure class=\"wp-block-image size-full\"><img loading=\"lazy\" decoding=\"async\" width=\"770\" height=\"1242\" src=\"https:\/\/www.chengjitoy.com\/wp-content\/uploads\/2025\/06\/details-of-smart-card-reading-robot-toy-5.webp\" alt=\"detalles del juguete robot lector de tarjetas inteligentes (5)\" class=\"wp-image-1508\" srcset=\"https:\/\/www.chengjitoy.com\/wp-content\/uploads\/2025\/06\/details-of-smart-card-reading-robot-toy-5.webp 770w, https:\/\/www.chengjitoy.com\/wp-content\/uploads\/2025\/06\/details-of-smart-card-reading-robot-toy-5-186x300.webp 186w, https:\/\/www.chengjitoy.com\/wp-content\/uploads\/2025\/06\/details-of-smart-card-reading-robot-toy-5-768x1239.webp 768w, https:\/\/www.chengjitoy.com\/wp-content\/uploads\/2025\/06\/details-of-smart-card-reading-robot-toy-5-600x968.webp 600w\" sizes=\"auto, (max-width: 770px) 100vw, 770px\" \/><\/figure>\n\n\n\n<figure class=\"wp-block-image size-full\"><img loading=\"lazy\" decoding=\"async\" width=\"770\" height=\"1451\" src=\"https:\/\/www.chengjitoy.com\/wp-content\/uploads\/2025\/06\/details-of-smart-card-reading-robot-toy-6.webp\" alt=\"detalles del juguete robot lector de tarjetas inteligentes (6)\" class=\"wp-image-1509\" srcset=\"https:\/\/www.chengjitoy.com\/wp-content\/uploads\/2025\/06\/details-of-smart-card-reading-robot-toy-6.webp 770w, https:\/\/www.chengjitoy.com\/wp-content\/uploads\/2025\/06\/details-of-smart-card-reading-robot-toy-6-159x300.webp 159w, https:\/\/www.chengjitoy.com\/wp-content\/uploads\/2025\/06\/details-of-smart-card-reading-robot-toy-6-768x1447.webp 768w, https:\/\/www.chengjitoy.com\/wp-content\/uploads\/2025\/06\/details-of-smart-card-reading-robot-toy-6-600x1131.webp 600w\" sizes=\"auto, (max-width: 770px) 100vw, 770px\" \/><\/figure>\n\n\n\n<figure class=\"wp-block-image size-full\"><img loading=\"lazy\" decoding=\"async\" width=\"770\" height=\"1239\" src=\"https:\/\/www.chengjitoy.com\/wp-content\/uploads\/2025\/06\/details-of-smart-card-reading-robot-toy-7.webp\" alt=\"detalles del juguete robot lector de tarjetas inteligentes (7)\" class=\"wp-image-1510\" srcset=\"https:\/\/www.chengjitoy.com\/wp-content\/uploads\/2025\/06\/details-of-smart-card-reading-robot-toy-7.webp 770w, https:\/\/www.chengjitoy.com\/wp-content\/uploads\/2025\/06\/details-of-smart-card-reading-robot-toy-7-186x300.webp 186w, https:\/\/www.chengjitoy.com\/wp-content\/uploads\/2025\/06\/details-of-smart-card-reading-robot-toy-7-768x1236.webp 768w, https:\/\/www.chengjitoy.com\/wp-content\/uploads\/2025\/06\/details-of-smart-card-reading-robot-toy-7-600x965.webp 600w\" sizes=\"auto, (max-width: 770px) 100vw, 770px\" \/><\/figure>\n\n\n\n<figure class=\"wp-block-image size-full\"><img loading=\"lazy\" decoding=\"async\" width=\"770\" height=\"775\" src=\"https:\/\/www.chengjitoy.com\/wp-content\/uploads\/2025\/06\/details-of-smart-card-reading-robot-toy-8.webp\" alt=\"detalles del juguete robot lector de tarjetas inteligentes (8)\" class=\"wp-image-1511\" srcset=\"https:\/\/www.chengjitoy.com\/wp-content\/uploads\/2025\/06\/details-of-smart-card-reading-robot-toy-8.webp 770w, https:\/\/www.chengjitoy.com\/wp-content\/uploads\/2025\/06\/details-of-smart-card-reading-robot-toy-8-298x300.webp 298w, https:\/\/www.chengjitoy.com\/wp-content\/uploads\/2025\/06\/details-of-smart-card-reading-robot-toy-8-150x150.webp 150w, https:\/\/www.chengjitoy.com\/wp-content\/uploads\/2025\/06\/details-of-smart-card-reading-robot-toy-8-768x773.webp 768w, https:\/\/www.chengjitoy.com\/wp-content\/uploads\/2025\/06\/details-of-smart-card-reading-robot-toy-8-600x604.webp 600w, https:\/\/www.chengjitoy.com\/wp-content\/uploads\/2025\/06\/details-of-smart-card-reading-robot-toy-8-100x100.webp 100w\" sizes=\"auto, (max-width: 770px) 100vw, 770px\" \/><\/figure>\n\n\n\n<figure class=\"wp-block-image size-full\"><img loading=\"lazy\" decoding=\"async\" width=\"770\" height=\"1421\" src=\"https:\/\/www.chengjitoy.com\/wp-content\/uploads\/2025\/06\/details-of-smart-card-reading-robot-toy-9.webp\" alt=\"detalles del juguete robot lector de tarjetas inteligentes (9)\" class=\"wp-image-1512\" srcset=\"https:\/\/www.chengjitoy.com\/wp-content\/uploads\/2025\/06\/details-of-smart-card-reading-robot-toy-9.webp 770w, https:\/\/www.chengjitoy.com\/wp-content\/uploads\/2025\/06\/details-of-smart-card-reading-robot-toy-9-163x300.webp 163w, https:\/\/www.chengjitoy.com\/wp-content\/uploads\/2025\/06\/details-of-smart-card-reading-robot-toy-9-768x1417.webp 768w, https:\/\/www.chengjitoy.com\/wp-content\/uploads\/2025\/06\/details-of-smart-card-reading-robot-toy-9-600x1107.webp 600w\" sizes=\"auto, (max-width: 770px) 100vw, 770px\" \/><\/figure>\n<\/div>\n\n\n\n<div class=\"wp-block-column is-layout-flow wp-block-column-is-layout-flow\" style=\"flex-basis:33.33%\"><\/div>\n<\/div>","protected":false},"excerpt":{"rendered":"<p>Mayorista de Juguetes Robot, ampl\u00ede su l\u00ednea de productos de juguetes educativos con el Juguete Robot Lector de Tarjetas Inteligente. Este juguete robot combina las funciones de reconocimiento de tarjetas, control remoto y grabaci\u00f3n de voz para proporcionar un excelente valor educativo y de entretenimiento. Suministrado con un embalaje de primera calidad y fiable, es adecuado como regalo de cumplea\u00f1os o de vacaciones. P\u00f3ngase en contacto con nosotros para realizar compras al por mayor y obtener precios directos de f\u00e1brica altamente competitivos.<\/p>\n<h2>Especificaciones del juguete robot lector de tarjetas inteligente<\/h2>\n<table style=\"border-collapse: collapse; width: 343.52pt;\" border=\"0\" width=\"458\" cellspacing=\"0\" cellpadding=\"0\">\n<tbody>\n<tr style=\"height: 20.25pt;\">\n<td class=\"et3\" style=\"height: 20.25pt; width: 133.75pt;\" width=\"178\" height=\"27\">Art\u00edculo No:<\/td>\n<td class=\"et4\" style=\"width: 210.00pt;\" width=\"280\">CJ-4540801<\/td>\n<\/tr>\n<tr style=\"height: 19.50pt;\">\n<td class=\"et5\" style=\"height: 19.50pt; width: 133.75pt;\" width=\"178\" height=\"26\">Paquete:<\/td>\n<td class=\"et6\" style=\"width: 210.00pt;\" width=\"280\">caja de color<\/td>\n<\/tr>\n<tr style=\"height: 20.25pt;\">\n<td class=\"et5\" style=\"height: 20.25pt; width: 133.75pt;\" width=\"178\" height=\"27\">Tama\u00f1o del paquete:<\/td>\n<td class=\"et6\" style=\"width: 210.00pt;\" width=\"280\">30,6\u00d713,2\u00d724,5 cm<\/td>\n<\/tr>\n<tr style=\"height: 19.50pt;\">\n<td class=\"et5\" style=\"height: 19.50pt; width: 133.75pt;\" width=\"178\" height=\"26\">Tama\u00f1o de la caja\uff1a<\/td>\n<td class=\"et6\" style=\"width: 210.00pt;\" width=\"280\">55\u00d732\u00d751,5 cm<\/td>\n<\/tr>\n<tr style=\"height: 20.25pt;\">\n<td class=\"et5\" style=\"height: 20.25pt; width: 133.75pt;\" width=\"178\" height=\"27\">Cant:<\/td>\n<td class=\"et6\" style=\"width: 210.00pt;\" width=\"280\">8 piezas<\/td>\n<\/tr>\n<tr style=\"height: 19.50pt;\">\n<td class=\"et5\" style=\"height: 19.50pt; width: 133.75pt;\" width=\"178\" height=\"26\">G.W.\/N.W.:<\/td>\n<td class=\"et6\" style=\"width: 210.00pt;\" width=\"280\">10,7 \/ 8,696 kg<\/td>\n<\/tr>\n<tr style=\"height: 20.25pt;\">\n<td class=\"et5\" style=\"height: 20.25pt; width: 133.75pt;\" width=\"178\" height=\"27\">Medici\u00f3n:<\/td>\n<td class=\"et6\" style=\"width: 210.00pt;\" width=\"280\">0,09 m\u00b3 \/ 3,2 pies c\u00fabicos<\/td>\n<\/tr>\n<\/tbody>\n<\/table>","protected":false},"featured_media":1490,"comment_status":"closed","ping_status":"closed","template":"","meta":{"_acf_changed":false},"product_brand":[],"product_cat":[26,31,102,98],"product_tag":[],"class_list":{"0":"post-1489","1":"product","2":"type-product","3":"status-publish","4":"has-post-thumbnail","6":"product_cat-wholesale-toys-for-all-ages","7":"product_cat-wholesale-toys-for-ages-5-and-up","8":"product_cat-wholesale-ai-robot-toys","9":"product_cat-wholesale-robot-toys","11":"first","12":"instock","13":"shipping-taxable","14":"product-type-simple"},"acf":[],"_links":{"self":[{"href":"https:\/\/www.chengjitoy.com\/es\/wp-json\/wp\/v2\/product\/1489","targetHints":{"allow":["GET"]}}],"collection":[{"href":"https:\/\/www.chengjitoy.com\/es\/wp-json\/wp\/v2\/product"}],"about":[{"href":"https:\/\/www.chengjitoy.com\/es\/wp-json\/wp\/v2\/types\/product"}],"replies":[{"embeddable":true,"href":"https:\/\/www.chengjitoy.com\/es\/wp-json\/wp\/v2\/comments?post=1489"}],"wp:featuredmedia":[{"embeddable":true,"href":"https:\/\/www.chengjitoy.com\/es\/wp-json\/wp\/v2\/media\/1490"}],"wp:attachment":[{"href":"https:\/\/www.chengjitoy.com\/es\/wp-json\/wp\/v2\/media?parent=1489"}],"wp:term":[{"taxonomy":"product_brand","embeddable":true,"href":"https:\/\/www.chengjitoy.com\/es\/wp-json\/wp\/v2\/product_brand?post=1489"},{"taxonomy":"product_cat","embeddable":true,"href":"https:\/\/www.chengjitoy.com\/es\/wp-json\/wp\/v2\/product_cat?post=1489"},{"taxonomy":"product_tag","embeddable":true,"href":"https:\/\/www.chengjitoy.com\/es\/wp-json\/wp\/v2\/product_tag?post=1489"}],"curies":[{"name":"wp","href":"https:\/\/api.w.org\/{rel}","templated":true}]}}